{"id":37432,"date":"2021-06-28T09:58:27","date_gmt":"2021-06-28T07:58:27","guid":{"rendered":"https:\/\/www.amiblu.com\/?page_id=37432"},"modified":"2023-03-06T09:11:19","modified_gmt":"2023-03-06T08:11:19","slug":"protlacovaci-potrubi","status":"publish","type":"page","link":"https:\/\/www.amiblu.com\/cs\/protlacovaci-potrubi\/","title":{"rendered":"Protla\u010dovac\u00ed potrub\u00ed"},"content":{"rendered":"\n<style type=\"text\/css\" data-created_by=\"avia_inline_auto\" id=\"style-css-av-9w3dprs-ba707f5ec05a2edf42e63ccfc6744f4d\">\n.avia-section.av-9w3dprs-ba707f5ec05a2edf42e63ccfc6744f4d .av-parallax .av-parallax-inner{\nbackground-repeat:no-repeat;\nbackground-image:url(https:\/\/www.amiblu.com\/wp-content\/uploads\/Amiblu-GRP-pipes-jacking-project-Crescenza-Rome.webp);\nbackground-position:50% 50%;\nbackground-attachment:scroll;\n}\n.avia-section.av-9w3dprs-ba707f5ec05a2edf42e63ccfc6744f4d .av-section-color-overlay{\nopacity:0.5;\nbackground-color:#0a0a0a;\n}\n<\/style>\n<div id='av_section_1'  class='avia-section av-9w3dprs-ba707f5ec05a2edf42e63ccfc6744f4d main_color avia-section-default avia-no-border-styling  avia-builder-el-0  el_before_av_section  avia-builder-el-first  amiblu-content amiblu-page-hero av-parallax-section avia-bg-style-parallax av-section-color-overlay-active container_wrap fullsize'  data-section-bg-repeat='no-repeat'><div class='av-parallax' data-avia-parallax-ratio='0.3' ><div class='av-parallax-inner main_color avia-full-stretch'><\/div><\/div><div class=\"av-section-color-overlay-wrap\"><div class=\"av-section-color-overlay\"><\/div><div class='container av-section-cont-open' ><main  role=\"main\" itemprop=\"mainContentOfPage\"  class='template-page content  av-content-full alpha units'><div class='post-entry post-entry-type-page post-entry-37432'><div class='entry-content-wrapper clearfix'>\n\n<style type=\"text\/css\" data-created_by=\"avia_inline_auto\" id=\"style-css-av-9ivsnqw-06eb51f0eea3b5790b686d3ee1453e8c\">\n.flex_column.av-9ivsnqw-06eb51f0eea3b5790b686d3ee1453e8c{\nborder-radius:0px 0px 0px 0px;\npadding:0 0 0 0;\n}\n<\/style>\n<div  class='flex_column av-9ivsnqw-06eb51f0eea3b5790b686d3ee1453e8c av_three_fifth  avia-builder-el-1  avia-builder-el-no-sibling  white-content first flex_column_div av-zero-column-padding  '     ><p>\n<style type=\"text\/css\" data-created_by=\"avia_inline_auto\" id=\"style-css-av-lemhgyc0-ef20263d5c30244866dfd7e09a661e82\">\n#top .av-special-heading.av-lemhgyc0-ef20263d5c30244866dfd7e09a661e82{\npadding-bottom:10px;\n}\nbody .av-special-heading.av-lemhgyc0-ef20263d5c30244866dfd7e09a661e82 .av-special-heading-tag .heading-char{\nfont-size:25px;\n}\n.av-special-heading.av-lemhgyc0-ef20263d5c30244866dfd7e09a661e82 .av-subheading{\nfont-size:15px;\n}\n<\/style>\n<div  class='av-special-heading av-lemhgyc0-ef20263d5c30244866dfd7e09a661e82 av-special-heading-h1  avia-builder-el-2  el_before_av_textblock  avia-builder-el-first '><h1 class='av-special-heading-tag '  itemprop=\"headline\"  >Amiblu protla\u010dovac\u00ed potrub\u00ed<\/h1><div class=\"special-heading-border\"><div class=\"special-heading-inner-border\"><\/div><\/div><\/div><br \/>\n\n<style type=\"text\/css\" data-created_by=\"avia_inline_auto\" id=\"style-css-av-lemhq1rc-519848d7aa0aa6006c6f6beb55d00504\">\n#top .av_textblock_section.av-lemhq1rc-519848d7aa0aa6006c6f6beb55d00504 .avia_textblock{\nfont-size:20px;\n}\n<\/style>\n<section  class='av_textblock_section av-lemhq1rc-519848d7aa0aa6006c6f6beb55d00504 '   itemscope=\"itemscope\" itemtype=\"https:\/\/schema.org\/CreativeWork\" ><div class='avia_textblock sub-heading'  itemprop=\"text\" ><p>GRP trouby s vynikaj\u00edc\u00ed pevnost\u00ed v tlaku, kter\u00e1 odol\u00e1v\u00e1 vysok\u00fdm sil\u00e1m p\u0159i protla\u010dov\u00e1n\u00ed. Obvykle se pou\u017e\u00edv\u00e1 k protla\u010dov\u00e1n\u00ed pod d\u00e1lnicemi, \u00a0\u017eelezni\u010dn\u00edmi trat\u011bmi a v hust\u011b obydlen\u00fdch aglomerac\u00edch.<\/p>\n<\/div><\/section><\/p><\/div><\/div><\/div><\/main><!-- close content main element --><\/div><\/div><\/div>\n<style type=\"text\/css\" data-created_by=\"avia_inline_auto\" id=\"style-css-av-8vejk7s-f5ec751052286d7f1930732be9f70595\">\n.avia-section.av-8vejk7s-f5ec751052286d7f1930732be9f70595{\nbackground-color:#f2f4f8;\nbackground-image:unset;\n}\n<\/style>\n<div id='av_section_2'  class='avia-section av-8vejk7s-f5ec751052286d7f1930732be9f70595 main_color avia-section-default avia-no-border-styling  avia-builder-el-4  el_after_av_section  el_before_av_section  avia-bg-style-scroll container_wrap fullsize'  ><div class='container av-section-cont-open' ><div class='template-page content  av-content-full alpha units'><div class='post-entry post-entry-type-page post-entry-37432'><div class='entry-content-wrapper clearfix'>\n\n<style type=\"text\/css\" data-created_by=\"avia_inline_auto\" id=\"style-css-av-8pbbra0-5441373160196ded92214b9eb0a15a60\">\n.flex_column.av-8pbbra0-5441373160196ded92214b9eb0a15a60{\nborder-radius:0px 0px 0px 0px;\npadding:0px 0px 0px 0px;\n}\n<\/style>\n<div  class='flex_column av-8pbbra0-5441373160196ded92214b9eb0a15a60 av_two_third  avia-builder-el-5  avia-builder-el-no-sibling  first flex_column_div av-zero-column-padding  '     ><style type=\"text\/css\" data-created_by=\"avia_inline_auto\" id=\"style-css-av-lemhmh7o-cd3a4caf9df6cf12b4b74e685ec225aa\">\n#top .av_textblock_section.av-lemhmh7o-cd3a4caf9df6cf12b4b74e685ec225aa .avia_textblock{\nfont-size:20px;\n}\n\n@media only screen and (min-width: 480px) and (max-width: 767px){ \n#top .av_textblock_section.av-lemhmh7o-cd3a4caf9df6cf12b4b74e685ec225aa .avia_textblock{\nfont-size:18px;\n}\n}\n\n@media only screen and (max-width: 479px){ \n#top .av_textblock_section.av-lemhmh7o-cd3a4caf9df6cf12b4b74e685ec225aa .avia_textblock{\nfont-size:16px;\n}\n}\n<\/style>\n<section  class='av_textblock_section av-lemhmh7o-cd3a4caf9df6cf12b4b74e685ec225aa '   itemscope=\"itemscope\" itemtype=\"https:\/\/schema.org\/CreativeWork\" ><div class='avia_textblock'  itemprop=\"text\" ><p>Trouby Amiblu jsou d\u00edky sv\u00e9 vysok\u00e9 pevnosti, n\u00edzk\u00e9 hmotnost\u00ed, hladk\u00e9mu vnit\u0159n\u00edmu a vn\u011bj\u0161\u00edmu povrchu a dlouh\u00e9 \u017eivotnosti ide\u00e1ln\u00ed pro <strong>bezv\u00fdkopov\u00e9 aplikace<\/strong>, jako je <strong>protla\u010dov\u00e1n\u00ed<\/strong> (mikrotunel\u00e1\u017e).<\/p>\n<\/div><\/section><\/div>\n<\/p>\n<\/div><\/div><\/div><!-- close content main div --><\/div><\/div>\n<style type=\"text\/css\" data-created_by=\"avia_inline_auto\" id=\"style-css-av-saer4o-c32f874ea89480e7cc142946ba9aa5b2\">\n.avia-section.av-saer4o-c32f874ea89480e7cc142946ba9aa5b2{\nbackground-color:#f2f4f8;\nbackground-image:unset;\n}\n<\/style>\n<div id='av_section_3'  class='avia-section av-saer4o-c32f874ea89480e7cc142946ba9aa5b2 main_color avia-section-default avia-no-border-styling  avia-builder-el-7  el_after_av_section  el_before_av_section  productpage avia-bg-style-scroll container_wrap fullsize'  ><div class='container av-section-cont-open' ><div class='template-page content  av-content-full alpha units'><div class='post-entry post-entry-type-page post-entry-37432'><div class='entry-content-wrapper clearfix'>\n<div  class='togglecontainer av-lemhqz5o-a6ae68f14a2fe183ea7661852bf50bfd  avia-builder-el-8  avia-builder-el-no-sibling  downloadliste toggle_close_all' >\n<section class='av_toggle_section av-lemhqxww-dcf33846c529d0027f4a0913bf87c786'  itemscope=\"itemscope\" itemtype=\"https:\/\/schema.org\/CreativeWork\" ><div role=\"tablist\" class=\"single_toggle\" data-tags=\"{All} \"  ><p id='toggle-protlacovaci-potrubi' data-fake-id='#protlacovaci-potrubi' class='toggler  activeTitle av-title-above '  itemprop=\"headline\"  role='tab' tabindex='0' aria-controls='protlacovaci-potrubi' data-slide-speed=\"200\" data-title=\"Protla\u010dovac\u00ed potrub\u00ed\" data-title-open=\"\" data-aria_collapsed=\"Click to expand: Protla\u010dovac\u00ed potrub\u00ed\" data-aria_expanded=\"Click to collapse: Protla\u010dovac\u00ed potrub\u00ed\">Protla\u010dovac\u00ed potrub\u00ed<span class=\"toggle_icon\"><span class=\"vert_icon\"><\/span><span class=\"hor_icon\"><\/span><\/span><\/p><div id='protlacovaci-potrubi' aria-labelledby='toggle-protlacovaci-potrubi' role='region' class='toggle_wrap  active_tc av-title-above' style='display:block;' ><div class='toggle_content invers-color '  itemprop=\"text\" ><div class=\"nav1\"><\/div>\n<div class=\"eintrag1\"><\/div>\n<\/div><\/div><\/div><\/section>\n<\/div>\n\n<\/div><\/div><\/div><!-- close content main div --><\/div><\/div><div id='av_section_4' aria-label='HOBAS PROTLA\u010cOVAC\u00cd POTRUB\u00cd' class='avia-section av-lemhrg0k-332cf0655f0cb49c4a823d04e5aa6e30 main_color avia-section-default avia-no-border-styling  avia-builder-el-9  el_after_av_section  avia-builder-el-last  box_element1 avia-bg-style-scroll container_wrap fullsize'  ><div class='container av-section-cont-open' ><div class='template-page content  av-content-full alpha units'><div class='post-entry post-entry-type-page post-entry-37432'><div class='entry-content-wrapper clearfix'>\n\n<style type=\"text\/css\" data-created_by=\"avia_inline_auto\" id=\"style-css-av-7k7tl08-488a57372e874947d186887b874f8855\">\n.flex_column.av-7k7tl08-488a57372e874947d186887b874f8855{\nborder-radius:0px 0px 0px 0px;\npadding:0px 0px 0px 0px;\n}\n<\/style>\n<div  class='flex_column av-7k7tl08-488a57372e874947d186887b874f8855 av_one_fourth  avia-builder-el-10  el_before_av_one_third  avia-builder-el-first  first flex_column_div av-zero-column-padding  '     ><style type=\"text\/css\" data-created_by=\"avia_inline_auto\" id=\"style-css-av-768ul5k-211361f9094adbbd25ffedcfd491102d\">\n.avia-image-container.av-768ul5k-211361f9094adbbd25ffedcfd491102d img.avia_image{\nbox-shadow:none;\n}\n.avia-image-container.av-768ul5k-211361f9094adbbd25ffedcfd491102d .av-image-caption-overlay-center{\ncolor:#ffffff;\n}\n<\/style>\n<div  class='avia-image-container av-768ul5k-211361f9094adbbd25ffedcfd491102d av-styling- avia-align-center  avia-builder-el-11  avia-builder-el-no-sibling '   itemprop=\"image\" itemscope=\"itemscope\" itemtype=\"https:\/\/schema.org\/ImageObject\" ><div class=\"avia-image-container-inner\"><div class=\"avia-image-overlay-wrap\"><img fetchpriority=\"high\" decoding=\"async\" fetchpriority=\"high\" fetchpriority=\"high\" class='wp-image-36192 avia-img-lazy-loading-not-36192 avia_image ' src=\"https:\/\/www.amiblu.com\/wp-content\/uploads\/Hobas-jacking-pipe.png\" alt='Hobas jacking pipe' title='Hobas-jacking-pipe'  height=\"250\" width=\"250\"  itemprop=\"thumbnailUrl\" srcset=\"https:\/\/www.amiblu.com\/wp-content\/uploads\/Hobas-jacking-pipe.png 250w, https:\/\/www.amiblu.com\/wp-content\/uploads\/Hobas-jacking-pipe-80x80.png 80w, https:\/\/www.amiblu.com\/wp-content\/uploads\/Hobas-jacking-pipe-36x36.png 36w, https:\/\/www.amiblu.com\/wp-content\/uploads\/Hobas-jacking-pipe-180x180.png 180w\" sizes=\"(max-width: 250px) 100vw, 250px\" \/><\/div><\/div><\/div><\/div>\n<style type=\"text\/css\" data-created_by=\"avia_inline_auto\" id=\"style-css-av-6pl4ni0-fe554689a92f2bbb53d91613d208c9a6\">\n.flex_column.av-6pl4ni0-fe554689a92f2bbb53d91613d208c9a6{\nborder-radius:0px 0px 0px 0px;\npadding:0px 0px 0px 0px;\n}\n<\/style>\n<div  class='flex_column av-6pl4ni0-fe554689a92f2bbb53d91613d208c9a6 av_one_third  avia-builder-el-12  el_after_av_one_fourth  el_before_av_two_fifth  flex_column_div av-zero-column-padding  '     ><section  class='av_textblock_section av-lemhsfou-b9f546e91d790a8e48a74bde6ef90503 '   itemscope=\"itemscope\" itemtype=\"https:\/\/schema.org\/CreativeWork\" ><div class='avia_textblock'  itemprop=\"text\" ><p>Hobas trouby navr\u017een\u00e9 pro odol\u00e1n\u00ed vysok\u00fdm sil\u00e1m p\u0159i protla\u010dov\u00e1n\u00ed. Obvykle pou\u017e\u00edvan\u00e9 pro protla\u010dov\u00e1n\u00ed (mikrotunel\u00e1\u017e) pod silnicemi a \u017eeleznicemi. Odolnost v\u016f\u010di \u010di\u0161t\u011bn\u00ed tlakovou vodou dle DIN 19523.<\/p>\n<\/div><\/section><\/div>\n<style type=\"text\/css\" data-created_by=\"avia_inline_auto\" id=\"style-css-av-62izyqg-493bc28b446b664f2b30192171609160\">\n.flex_column.av-62izyqg-493bc28b446b664f2b30192171609160{\nborder-radius:0px 0px 0px 0px;\npadding:0px 0px 0px 0px;\n}\n<\/style>\n<div  class='flex_column av-62izyqg-493bc28b446b664f2b30192171609160 av_two_fifth  avia-builder-el-14  el_after_av_one_third  avia-builder-el-last  flex_column_div av-zero-column-padding  '     ><div class='avia-data-table-wrap av-1a1a2f-a3abd71e3ff177d29ed4a1943d675ee9 avia_responsive_table avia-table-1'><table  class='avia-table avia-data-table avia_pricing_default  avia-builder-el-15  avia-builder-el-no-sibling '  itemscope=\"itemscope\" itemtype=\"https:\/\/schema.org\/Table\" ><tbody><tr class=''><td class=''>Dimenze (de)<\/td><td class=''>272-3600 mm<br \/>\n<\/td><\/tr><tr class=''><td class=''>Tlak (PN)<\/td><td class=''>do 16 bar\u016f<\/td><\/tr><tr class=''><td class=''>Nomin\u00e1ln\u00ed d\u00e9lky<\/td><td class=''>1-6 m<br \/>\n<\/td><\/tr><tr class=''><td class=''>Tuhost (SN)<\/td><td class=''>32000 do 1000000 N\/m\u00b2<br \/>\n<\/td><\/tr><\/tbody><\/table><\/div><\/div>\n\n","protected":false},"excerpt":{"rendered":"","protected":false},"author":8,"featured_media":55129,"parent":0,"menu_order":14,"comment_status":"closed","ping_status":"closed","template":"","meta":{"_acf_changed":false,"footnotes":""},"class_list":["post-37432","page","type-page","status-publish","has-post-thumbnail","hentry"],"acf":[],"yoast_head":"<!-- This site is optimized with the Yoast SEO Premium plugin v27.5 (Yoast SEO v27.5) - https:\/\/yoast.com\/product\/yoast-seo-premium-wordpress\/ -->\n<title>Amiblu protla\u010dovac\u00ed potrub\u00ed<\/title>\n<meta name=\"description\" content=\"Trouby Amiblu jsou d\u00edky sv\u00e9 vysok\u00e9 pevnosti, n\u00edzk\u00e9 hmotnost\u00ed, hladk\u00e9mu vnit\u0159n\u00edmu a vn\u011bj\u0161\u00edmu povrchu a dlouh\u00e9 \u017eivotnosti ide\u00e1ln\u00ed pro bezv\u00fdkopov\u00e9 aplikace, jako je protla\u010dov\u00e1n\u00ed.\" \/>\n<meta name=\"robots\" content=\"index, follow, max-snippet:-1, max-image-preview:large, max-video-preview:-1\" \/>\n<link rel=\"canonical\" href=\"https:\/\/www.amiblu.com\/cs\/protlacovaci-potrubi\/\" \/>\n<meta property=\"og:locale\" content=\"cs_CZ\" \/>\n<meta property=\"og:type\" content=\"article\" \/>\n<meta property=\"og:title\" content=\"Protla\u010dovac\u00ed potrub\u00ed\" \/>\n<meta property=\"og:description\" content=\"Trouby Amiblu jsou d\u00edky sv\u00e9 vysok\u00e9 pevnosti, n\u00edzk\u00e9 hmotnost\u00ed, hladk\u00e9mu vnit\u0159n\u00edmu a vn\u011bj\u0161\u00edmu povrchu a dlouh\u00e9 \u017eivotnosti ide\u00e1ln\u00ed pro bezv\u00fdkopov\u00e9 aplikace, jako je protla\u010dov\u00e1n\u00ed.\" \/>\n<meta property=\"og:url\" content=\"https:\/\/www.amiblu.com\/cs\/protlacovaci-potrubi\/\" \/>\n<meta property=\"og:site_name\" content=\"Amiblu\" \/>\n<meta property=\"article:publisher\" content=\"https:\/\/www.facebook.com\/amiblupipes\" \/>\n<meta property=\"article:modified_time\" content=\"2023-03-06T08:11:19+00:00\" \/>\n<meta property=\"og:image\" content=\"https:\/\/www.amiblu.com\/wp-content\/uploads\/Amiblu-GRP-pipes-jacking-project-Crescenza-Rome.webp\" \/>\n\t<meta property=\"og:image:width\" content=\"1920\" \/>\n\t<meta property=\"og:image:height\" content=\"917\" \/>\n\t<meta property=\"og:image:type\" content=\"image\/webp\" \/>\n<meta name=\"twitter:card\" content=\"summary_large_image\" \/>\n<meta name=\"twitter:label1\" content=\"Odhadovan\u00e1 doba \u010dten\u00ed\" \/>\n\t<meta name=\"twitter:data1\" content=\"4 minuty\" \/>\n<script type=\"application\/ld+json\" class=\"yoast-schema-graph\">{\"@context\":\"https:\\\/\\\/schema.org\",\"@graph\":[{\"@type\":\"WebPage\",\"@id\":\"https:\\\/\\\/www.amiblu.com\\\/cs\\\/protlacovaci-potrubi\\\/\",\"url\":\"https:\\\/\\\/www.amiblu.com\\\/cs\\\/protlacovaci-potrubi\\\/\",\"name\":\"Amiblu protla\u010dovac\u00ed potrub\u00ed\",\"isPartOf\":{\"@id\":\"https:\\\/\\\/www.amiblu.com\\\/cs\\\/#website\"},\"primaryImageOfPage\":{\"@id\":\"https:\\\/\\\/www.amiblu.com\\\/cs\\\/protlacovaci-potrubi\\\/#primaryimage\"},\"image\":{\"@id\":\"https:\\\/\\\/www.amiblu.com\\\/cs\\\/protlacovaci-potrubi\\\/#primaryimage\"},\"thumbnailUrl\":\"https:\\\/\\\/www.amiblu.com\\\/wp-content\\\/uploads\\\/Amiblu-GRP-pipes-jacking-project-Crescenza-Rome.webp\",\"datePublished\":\"2021-06-28T07:58:27+00:00\",\"dateModified\":\"2023-03-06T08:11:19+00:00\",\"description\":\"Trouby Amiblu jsou d\u00edky sv\u00e9 vysok\u00e9 pevnosti, n\u00edzk\u00e9 hmotnost\u00ed, hladk\u00e9mu vnit\u0159n\u00edmu a vn\u011bj\u0161\u00edmu povrchu a dlouh\u00e9 \u017eivotnosti ide\u00e1ln\u00ed pro bezv\u00fdkopov\u00e9 aplikace, jako je protla\u010dov\u00e1n\u00ed.\",\"inLanguage\":\"cs\",\"potentialAction\":[{\"@type\":\"ReadAction\",\"target\":[\"https:\\\/\\\/www.amiblu.com\\\/cs\\\/protlacovaci-potrubi\\\/\"]}]},{\"@type\":\"ImageObject\",\"inLanguage\":\"cs\",\"@id\":\"https:\\\/\\\/www.amiblu.com\\\/cs\\\/protlacovaci-potrubi\\\/#primaryimage\",\"url\":\"https:\\\/\\\/www.amiblu.com\\\/wp-content\\\/uploads\\\/Amiblu-GRP-pipes-jacking-project-Crescenza-Rome.webp\",\"contentUrl\":\"https:\\\/\\\/www.amiblu.com\\\/wp-content\\\/uploads\\\/Amiblu-GRP-pipes-jacking-project-Crescenza-Rome.webp\",\"width\":1920,\"height\":917,\"caption\":\"Amiblu GRP pipes for jacking project Crescenza in Rome, Italy\"},{\"@type\":\"WebSite\",\"@id\":\"https:\\\/\\\/www.amiblu.com\\\/cs\\\/#website\",\"url\":\"https:\\\/\\\/www.amiblu.com\\\/cs\\\/\",\"name\":\"Amiblu\",\"description\":\"GFK-Rohrsysteme f\u00fcr Generationen\",\"publisher\":{\"@id\":\"https:\\\/\\\/www.amiblu.com\\\/cs\\\/#organization\"},\"potentialAction\":[{\"@type\":\"SearchAction\",\"target\":{\"@type\":\"EntryPoint\",\"urlTemplate\":\"https:\\\/\\\/www.amiblu.com\\\/cs\\\/?s={search_term_string}\"},\"query-input\":{\"@type\":\"PropertyValueSpecification\",\"valueRequired\":true,\"valueName\":\"search_term_string\"}}],\"inLanguage\":\"cs\"},{\"@type\":\"Organization\",\"@id\":\"https:\\\/\\\/www.amiblu.com\\\/cs\\\/#organization\",\"name\":\"Amiblu Group\",\"url\":\"https:\\\/\\\/www.amiblu.com\\\/cs\\\/\",\"logo\":{\"@type\":\"ImageObject\",\"inLanguage\":\"cs\",\"@id\":\"https:\\\/\\\/www.amiblu.com\\\/cs\\\/#\\\/schema\\\/logo\\\/image\\\/\",\"url\":\"https:\\\/\\\/www.amiblu.com\\\/wp-content\\\/uploads\\\/2021\\\/01\\\/Amiblu-logo-website-1.png\",\"contentUrl\":\"https:\\\/\\\/www.amiblu.com\\\/wp-content\\\/uploads\\\/2021\\\/01\\\/Amiblu-logo-website-1.png\",\"width\":201,\"height\":38,\"caption\":\"Amiblu Group\"},\"image\":{\"@id\":\"https:\\\/\\\/www.amiblu.com\\\/cs\\\/#\\\/schema\\\/logo\\\/image\\\/\"},\"sameAs\":[\"https:\\\/\\\/www.facebook.com\\\/amiblupipes\",\"https:\\\/\\\/www.youtube.com\\\/c\\\/Amiblu\",\"https:\\\/\\\/de.wikipedia.org\\\/wiki\\\/Amiblu\",\"https:\\\/\\\/www.linkedin.com\\\/company\\\/amiblupipes\\\/\"]}]}<\/script>\n<!-- \/ Yoast SEO Premium plugin. -->","yoast_head_json":{"title":"Amiblu protla\u010dovac\u00ed potrub\u00ed","description":"Trouby Amiblu jsou d\u00edky sv\u00e9 vysok\u00e9 pevnosti, n\u00edzk\u00e9 hmotnost\u00ed, hladk\u00e9mu vnit\u0159n\u00edmu a vn\u011bj\u0161\u00edmu povrchu a dlouh\u00e9 \u017eivotnosti ide\u00e1ln\u00ed pro bezv\u00fdkopov\u00e9 aplikace, jako je protla\u010dov\u00e1n\u00ed.","robots":{"index":"index","follow":"follow","max-snippet":"max-snippet:-1","max-image-preview":"max-image-preview:large","max-video-preview":"max-video-preview:-1"},"canonical":"https:\/\/www.amiblu.com\/cs\/protlacovaci-potrubi\/","og_locale":"cs_CZ","og_type":"article","og_title":"Protla\u010dovac\u00ed potrub\u00ed","og_description":"Trouby Amiblu jsou d\u00edky sv\u00e9 vysok\u00e9 pevnosti, n\u00edzk\u00e9 hmotnost\u00ed, hladk\u00e9mu vnit\u0159n\u00edmu a vn\u011bj\u0161\u00edmu povrchu a dlouh\u00e9 \u017eivotnosti ide\u00e1ln\u00ed pro bezv\u00fdkopov\u00e9 aplikace, jako je protla\u010dov\u00e1n\u00ed.","og_url":"https:\/\/www.amiblu.com\/cs\/protlacovaci-potrubi\/","og_site_name":"Amiblu","article_publisher":"https:\/\/www.facebook.com\/amiblupipes","article_modified_time":"2023-03-06T08:11:19+00:00","og_image":[{"width":1920,"height":917,"url":"https:\/\/www.amiblu.com\/wp-content\/uploads\/Amiblu-GRP-pipes-jacking-project-Crescenza-Rome.webp","type":"image\/webp"}],"twitter_card":"summary_large_image","twitter_misc":{"Odhadovan\u00e1 doba \u010dten\u00ed":"4 minuty"},"schema":{"@context":"https:\/\/schema.org","@graph":[{"@type":"WebPage","@id":"https:\/\/www.amiblu.com\/cs\/protlacovaci-potrubi\/","url":"https:\/\/www.amiblu.com\/cs\/protlacovaci-potrubi\/","name":"Amiblu protla\u010dovac\u00ed potrub\u00ed","isPartOf":{"@id":"https:\/\/www.amiblu.com\/cs\/#website"},"primaryImageOfPage":{"@id":"https:\/\/www.amiblu.com\/cs\/protlacovaci-potrubi\/#primaryimage"},"image":{"@id":"https:\/\/www.amiblu.com\/cs\/protlacovaci-potrubi\/#primaryimage"},"thumbnailUrl":"https:\/\/www.amiblu.com\/wp-content\/uploads\/Amiblu-GRP-pipes-jacking-project-Crescenza-Rome.webp","datePublished":"2021-06-28T07:58:27+00:00","dateModified":"2023-03-06T08:11:19+00:00","description":"Trouby Amiblu jsou d\u00edky sv\u00e9 vysok\u00e9 pevnosti, n\u00edzk\u00e9 hmotnost\u00ed, hladk\u00e9mu vnit\u0159n\u00edmu a vn\u011bj\u0161\u00edmu povrchu a dlouh\u00e9 \u017eivotnosti ide\u00e1ln\u00ed pro bezv\u00fdkopov\u00e9 aplikace, jako je protla\u010dov\u00e1n\u00ed.","inLanguage":"cs","potentialAction":[{"@type":"ReadAction","target":["https:\/\/www.amiblu.com\/cs\/protlacovaci-potrubi\/"]}]},{"@type":"ImageObject","inLanguage":"cs","@id":"https:\/\/www.amiblu.com\/cs\/protlacovaci-potrubi\/#primaryimage","url":"https:\/\/www.amiblu.com\/wp-content\/uploads\/Amiblu-GRP-pipes-jacking-project-Crescenza-Rome.webp","contentUrl":"https:\/\/www.amiblu.com\/wp-content\/uploads\/Amiblu-GRP-pipes-jacking-project-Crescenza-Rome.webp","width":1920,"height":917,"caption":"Amiblu GRP pipes for jacking project Crescenza in Rome, Italy"},{"@type":"WebSite","@id":"https:\/\/www.amiblu.com\/cs\/#website","url":"https:\/\/www.amiblu.com\/cs\/","name":"Amiblu","description":"GFK-Rohrsysteme f\u00fcr Generationen","publisher":{"@id":"https:\/\/www.amiblu.com\/cs\/#organization"},"potentialAction":[{"@type":"SearchAction","target":{"@type":"EntryPoint","urlTemplate":"https:\/\/www.amiblu.com\/cs\/?s={search_term_string}"},"query-input":{"@type":"PropertyValueSpecification","valueRequired":true,"valueName":"search_term_string"}}],"inLanguage":"cs"},{"@type":"Organization","@id":"https:\/\/www.amiblu.com\/cs\/#organization","name":"Amiblu Group","url":"https:\/\/www.amiblu.com\/cs\/","logo":{"@type":"ImageObject","inLanguage":"cs","@id":"https:\/\/www.amiblu.com\/cs\/#\/schema\/logo\/image\/","url":"https:\/\/www.amiblu.com\/wp-content\/uploads\/2021\/01\/Amiblu-logo-website-1.png","contentUrl":"https:\/\/www.amiblu.com\/wp-content\/uploads\/2021\/01\/Amiblu-logo-website-1.png","width":201,"height":38,"caption":"Amiblu Group"},"image":{"@id":"https:\/\/www.amiblu.com\/cs\/#\/schema\/logo\/image\/"},"sameAs":["https:\/\/www.facebook.com\/amiblupipes","https:\/\/www.youtube.com\/c\/Amiblu","https:\/\/de.wikipedia.org\/wiki\/Amiblu","https:\/\/www.linkedin.com\/company\/amiblupipes\/"]}]}},"_links":{"self":[{"href":"https:\/\/www.amiblu.com\/cs\/wp-json\/wp\/v2\/pages\/37432","targetHints":{"allow":["GET"]}}],"collection":[{"href":"https:\/\/www.amiblu.com\/cs\/wp-json\/wp\/v2\/pages"}],"about":[{"href":"https:\/\/www.amiblu.com\/cs\/wp-json\/wp\/v2\/types\/page"}],"author":[{"embeddable":true,"href":"https:\/\/www.amiblu.com\/cs\/wp-json\/wp\/v2\/users\/8"}],"replies":[{"embeddable":true,"href":"https:\/\/www.amiblu.com\/cs\/wp-json\/wp\/v2\/comments?post=37432"}],"version-history":[{"count":12,"href":"https:\/\/www.amiblu.com\/cs\/wp-json\/wp\/v2\/pages\/37432\/revisions"}],"predecessor-version":[{"id":55992,"href":"https:\/\/www.amiblu.com\/cs\/wp-json\/wp\/v2\/pages\/37432\/revisions\/55992"}],"wp:featuredmedia":[{"embeddable":true,"href":"https:\/\/www.amiblu.com\/cs\/wp-json\/wp\/v2\/media\/55129"}],"wp:attachment":[{"href":"https:\/\/www.amiblu.com\/cs\/wp-json\/wp\/v2\/media?parent=37432"}],"curies":[{"name":"wp","href":"https:\/\/api.w.org\/{rel}","templated":true}]}}