{"id":49122,"date":"2022-05-24T16:23:54","date_gmt":"2022-05-24T14:23:54","guid":{"rendered":"https:\/\/www.amiblu.com\/?page_id=49122"},"modified":"2022-05-30T07:56:36","modified_gmt":"2022-05-30T05:56:36","slug":"databaze-referenci","status":"publish","type":"page","link":"https:\/\/www.amiblu.com\/cs\/databaze-referenci\/","title":{"rendered":"Datab\u00e1ze referenc\u00ed"},"content":{"rendered":"\n","protected":false},"excerpt":{"rendered":"","protected":false},"author":8,"featured_media":47362,"parent":0,"menu_order":65,"comment_status":"closed","ping_status":"closed","template":"","meta":{"_acf_changed":false,"footnotes":""},"class_list":["post-49122","page","type-page","status-publish","has-post-thumbnail","hentry"],"acf":[],"yoast_head":"<!-- This site is optimized with the Yoast SEO Premium plugin v27.4 (Yoast SEO v27.5) - https:\/\/yoast.com\/product\/yoast-seo-premium-wordpress\/ -->\n<title>Datab\u00e1ze referenc\u00ed - Amiblu<\/title>\n<meta name=\"description\" content=\"\u0160irok\u00fd p\u0159ehled velkolep\u00fdch a technicky n\u00e1ro\u010dn\u00fdch projekt\u016f z cel\u00e9ho sv\u011bta, kter\u00e9 byly realizov\u00e1ny pomoc\u00ed technologi\u00ed Amiblu GRP.\" \/>\n<meta name=\"robots\" content=\"index, follow, max-snippet:-1, max-image-preview:large, max-video-preview:-1\" \/>\n<link rel=\"canonical\" href=\"https:\/\/www.amiblu.com\/cs\/databaze-referenci\/\" \/>\n<meta property=\"og:locale\" content=\"cs_CZ\" \/>\n<meta property=\"og:type\" content=\"article\" \/>\n<meta property=\"og:title\" content=\"Datab\u00e1ze referenc\u00ed\" \/>\n<meta property=\"og:description\" content=\"\u0160irok\u00fd p\u0159ehled velkolep\u00fdch a technicky n\u00e1ro\u010dn\u00fdch projekt\u016f z cel\u00e9ho sv\u011bta, kter\u00e9 byly realizov\u00e1ny pomoc\u00ed technologi\u00ed Amiblu GRP.\" \/>\n<meta property=\"og:url\" content=\"https:\/\/www.amiblu.com\/cs\/databaze-referenci\/\" \/>\n<meta property=\"og:site_name\" content=\"Amiblu\" \/>\n<meta property=\"article:publisher\" content=\"https:\/\/www.facebook.com\/amiblupipes\" \/>\n<meta property=\"article:modified_time\" content=\"2022-05-30T05:56:36+00:00\" \/>\n<meta property=\"og:image\" content=\"https:\/\/www.amiblu.com\/wp-content\/uploads\/Amiblu-Reference-Database-platform.jpg\" \/>\n\t<meta property=\"og:image:width\" content=\"960\" \/>\n\t<meta property=\"og:image:height\" content=\"543\" \/>\n\t<meta property=\"og:image:type\" content=\"image\/jpeg\" \/>\n<meta name=\"twitter:card\" content=\"summary_large_image\" \/>\n<meta name=\"twitter:label1\" content=\"Odhadovan\u00e1 doba \u010dten\u00ed\" \/>\n\t<meta name=\"twitter:data1\" content=\"1 minuta\" \/>\n<script type=\"application\/ld+json\" class=\"yoast-schema-graph\">{\"@context\":\"https:\\\/\\\/schema.org\",\"@graph\":[{\"@type\":\"WebPage\",\"@id\":\"https:\\\/\\\/www.amiblu.com\\\/cs\\\/databaze-referenci\\\/\",\"url\":\"https:\\\/\\\/www.amiblu.com\\\/cs\\\/databaze-referenci\\\/\",\"name\":\"Datab\u00e1ze referenc\u00ed - Amiblu\",\"isPartOf\":{\"@id\":\"https:\\\/\\\/www.amiblu.com\\\/cs\\\/#website\"},\"primaryImageOfPage\":{\"@id\":\"https:\\\/\\\/www.amiblu.com\\\/cs\\\/databaze-referenci\\\/#primaryimage\"},\"image\":{\"@id\":\"https:\\\/\\\/www.amiblu.com\\\/cs\\\/databaze-referenci\\\/#primaryimage\"},\"thumbnailUrl\":\"https:\\\/\\\/www.amiblu.com\\\/wp-content\\\/uploads\\\/Amiblu-Reference-Database-platform.jpg\",\"datePublished\":\"2022-05-24T14:23:54+00:00\",\"dateModified\":\"2022-05-30T05:56:36+00:00\",\"description\":\"\u0160irok\u00fd p\u0159ehled velkolep\u00fdch a technicky n\u00e1ro\u010dn\u00fdch projekt\u016f z cel\u00e9ho sv\u011bta, kter\u00e9 byly realizov\u00e1ny pomoc\u00ed technologi\u00ed Amiblu GRP.\",\"inLanguage\":\"cs\",\"potentialAction\":[{\"@type\":\"ReadAction\",\"target\":[\"https:\\\/\\\/www.amiblu.com\\\/cs\\\/databaze-referenci\\\/\"]}]},{\"@type\":\"ImageObject\",\"inLanguage\":\"cs\",\"@id\":\"https:\\\/\\\/www.amiblu.com\\\/cs\\\/databaze-referenci\\\/#primaryimage\",\"url\":\"https:\\\/\\\/www.amiblu.com\\\/wp-content\\\/uploads\\\/Amiblu-Reference-Database-platform.jpg\",\"contentUrl\":\"https:\\\/\\\/www.amiblu.com\\\/wp-content\\\/uploads\\\/Amiblu-Reference-Database-platform.jpg\",\"width\":960,\"height\":543,\"caption\":\"Amiblu reference database platform\"},{\"@type\":\"WebSite\",\"@id\":\"https:\\\/\\\/www.amiblu.com\\\/cs\\\/#website\",\"url\":\"https:\\\/\\\/www.amiblu.com\\\/cs\\\/\",\"name\":\"Amiblu\",\"description\":\"GFK-Rohrsysteme f\u00fcr Generationen\",\"publisher\":{\"@id\":\"https:\\\/\\\/www.amiblu.com\\\/cs\\\/#organization\"},\"potentialAction\":[{\"@type\":\"SearchAction\",\"target\":{\"@type\":\"EntryPoint\",\"urlTemplate\":\"https:\\\/\\\/www.amiblu.com\\\/cs\\\/?s={search_term_string}\"},\"query-input\":{\"@type\":\"PropertyValueSpecification\",\"valueRequired\":true,\"valueName\":\"search_term_string\"}}],\"inLanguage\":\"cs\"},{\"@type\":\"Organization\",\"@id\":\"https:\\\/\\\/www.amiblu.com\\\/cs\\\/#organization\",\"name\":\"Amiblu Group\",\"url\":\"https:\\\/\\\/www.amiblu.com\\\/cs\\\/\",\"logo\":{\"@type\":\"ImageObject\",\"inLanguage\":\"cs\",\"@id\":\"https:\\\/\\\/www.amiblu.com\\\/cs\\\/#\\\/schema\\\/logo\\\/image\\\/\",\"url\":\"https:\\\/\\\/www.amiblu.com\\\/wp-content\\\/uploads\\\/2021\\\/01\\\/Amiblu-logo-website-1.png\",\"contentUrl\":\"https:\\\/\\\/www.amiblu.com\\\/wp-content\\\/uploads\\\/2021\\\/01\\\/Amiblu-logo-website-1.png\",\"width\":201,\"height\":38,\"caption\":\"Amiblu Group\"},\"image\":{\"@id\":\"https:\\\/\\\/www.amiblu.com\\\/cs\\\/#\\\/schema\\\/logo\\\/image\\\/\"},\"sameAs\":[\"https:\\\/\\\/www.facebook.com\\\/amiblupipes\",\"https:\\\/\\\/www.youtube.com\\\/c\\\/Amiblu\",\"https:\\\/\\\/de.wikipedia.org\\\/wiki\\\/Amiblu\",\"https:\\\/\\\/www.linkedin.com\\\/company\\\/amiblupipes\\\/\"]}]}<\/script>\n<!-- \/ Yoast SEO Premium plugin. -->","yoast_head_json":{"title":"Datab\u00e1ze referenc\u00ed - Amiblu","description":"\u0160irok\u00fd p\u0159ehled velkolep\u00fdch a technicky n\u00e1ro\u010dn\u00fdch projekt\u016f z cel\u00e9ho sv\u011bta, kter\u00e9 byly realizov\u00e1ny pomoc\u00ed technologi\u00ed Amiblu GRP.","robots":{"index":"index","follow":"follow","max-snippet":"max-snippet:-1","max-image-preview":"max-image-preview:large","max-video-preview":"max-video-preview:-1"},"canonical":"https:\/\/www.amiblu.com\/cs\/databaze-referenci\/","og_locale":"cs_CZ","og_type":"article","og_title":"Datab\u00e1ze referenc\u00ed","og_description":"\u0160irok\u00fd p\u0159ehled velkolep\u00fdch a technicky n\u00e1ro\u010dn\u00fdch projekt\u016f z cel\u00e9ho sv\u011bta, kter\u00e9 byly realizov\u00e1ny pomoc\u00ed technologi\u00ed Amiblu GRP.","og_url":"https:\/\/www.amiblu.com\/cs\/databaze-referenci\/","og_site_name":"Amiblu","article_publisher":"https:\/\/www.facebook.com\/amiblupipes","article_modified_time":"2022-05-30T05:56:36+00:00","og_image":[{"width":960,"height":543,"url":"https:\/\/www.amiblu.com\/wp-content\/uploads\/Amiblu-Reference-Database-platform.jpg","type":"image\/jpeg"}],"twitter_card":"summary_large_image","twitter_misc":{"Odhadovan\u00e1 doba \u010dten\u00ed":"1 minuta"},"schema":{"@context":"https:\/\/schema.org","@graph":[{"@type":"WebPage","@id":"https:\/\/www.amiblu.com\/cs\/databaze-referenci\/","url":"https:\/\/www.amiblu.com\/cs\/databaze-referenci\/","name":"Datab\u00e1ze referenc\u00ed - Amiblu","isPartOf":{"@id":"https:\/\/www.amiblu.com\/cs\/#website"},"primaryImageOfPage":{"@id":"https:\/\/www.amiblu.com\/cs\/databaze-referenci\/#primaryimage"},"image":{"@id":"https:\/\/www.amiblu.com\/cs\/databaze-referenci\/#primaryimage"},"thumbnailUrl":"https:\/\/www.amiblu.com\/wp-content\/uploads\/Amiblu-Reference-Database-platform.jpg","datePublished":"2022-05-24T14:23:54+00:00","dateModified":"2022-05-30T05:56:36+00:00","description":"\u0160irok\u00fd p\u0159ehled velkolep\u00fdch a technicky n\u00e1ro\u010dn\u00fdch projekt\u016f z cel\u00e9ho sv\u011bta, kter\u00e9 byly realizov\u00e1ny pomoc\u00ed technologi\u00ed Amiblu GRP.","inLanguage":"cs","potentialAction":[{"@type":"ReadAction","target":["https:\/\/www.amiblu.com\/cs\/databaze-referenci\/"]}]},{"@type":"ImageObject","inLanguage":"cs","@id":"https:\/\/www.amiblu.com\/cs\/databaze-referenci\/#primaryimage","url":"https:\/\/www.amiblu.com\/wp-content\/uploads\/Amiblu-Reference-Database-platform.jpg","contentUrl":"https:\/\/www.amiblu.com\/wp-content\/uploads\/Amiblu-Reference-Database-platform.jpg","width":960,"height":543,"caption":"Amiblu reference database platform"},{"@type":"WebSite","@id":"https:\/\/www.amiblu.com\/cs\/#website","url":"https:\/\/www.amiblu.com\/cs\/","name":"Amiblu","description":"GFK-Rohrsysteme f\u00fcr Generationen","publisher":{"@id":"https:\/\/www.amiblu.com\/cs\/#organization"},"potentialAction":[{"@type":"SearchAction","target":{"@type":"EntryPoint","urlTemplate":"https:\/\/www.amiblu.com\/cs\/?s={search_term_string}"},"query-input":{"@type":"PropertyValueSpecification","valueRequired":true,"valueName":"search_term_string"}}],"inLanguage":"cs"},{"@type":"Organization","@id":"https:\/\/www.amiblu.com\/cs\/#organization","name":"Amiblu Group","url":"https:\/\/www.amiblu.com\/cs\/","logo":{"@type":"ImageObject","inLanguage":"cs","@id":"https:\/\/www.amiblu.com\/cs\/#\/schema\/logo\/image\/","url":"https:\/\/www.amiblu.com\/wp-content\/uploads\/2021\/01\/Amiblu-logo-website-1.png","contentUrl":"https:\/\/www.amiblu.com\/wp-content\/uploads\/2021\/01\/Amiblu-logo-website-1.png","width":201,"height":38,"caption":"Amiblu Group"},"image":{"@id":"https:\/\/www.amiblu.com\/cs\/#\/schema\/logo\/image\/"},"sameAs":["https:\/\/www.facebook.com\/amiblupipes","https:\/\/www.youtube.com\/c\/Amiblu","https:\/\/de.wikipedia.org\/wiki\/Amiblu","https:\/\/www.linkedin.com\/company\/amiblupipes\/"]}]}},"_links":{"self":[{"href":"https:\/\/www.amiblu.com\/cs\/wp-json\/wp\/v2\/pages\/49122","targetHints":{"allow":["GET"]}}],"collection":[{"href":"https:\/\/www.amiblu.com\/cs\/wp-json\/wp\/v2\/pages"}],"about":[{"href":"https:\/\/www.amiblu.com\/cs\/wp-json\/wp\/v2\/types\/page"}],"author":[{"embeddable":true,"href":"https:\/\/www.amiblu.com\/cs\/wp-json\/wp\/v2\/users\/8"}],"replies":[{"embeddable":true,"href":"https:\/\/www.amiblu.com\/cs\/wp-json\/wp\/v2\/comments?post=49122"}],"version-history":[{"count":4,"href":"https:\/\/www.amiblu.com\/cs\/wp-json\/wp\/v2\/pages\/49122\/revisions"}],"predecessor-version":[{"id":49137,"href":"https:\/\/www.amiblu.com\/cs\/wp-json\/wp\/v2\/pages\/49122\/revisions\/49137"}],"wp:featuredmedia":[{"embeddable":true,"href":"https:\/\/www.amiblu.com\/cs\/wp-json\/wp\/v2\/media\/47362"}],"wp:attachment":[{"href":"https:\/\/www.amiblu.com\/cs\/wp-json\/wp\/v2\/media?parent=49122"}],"curies":[{"name":"wp","href":"https:\/\/api.w.org\/{rel}","templated":true}]}}