{"id":37617,"date":"2021-07-01T09:40:43","date_gmt":"2021-07-01T07:40:43","guid":{"rendered":"https:\/\/www.amiblu.com\/?page_id=37617"},"modified":"2023-02-27T11:12:20","modified_gmt":"2023-02-27T10:12:20","slug":"gennempresningsroer","status":"publish","type":"page","link":"https:\/\/www.amiblu.com\/da\/gennempresningsroer\/","title":{"rendered":"Gennempresningsr\u00f8r"},"content":{"rendered":"\n<style type=\"text\/css\" data-created_by=\"avia_inline_auto\" id=\"style-css-av-av_section-ef18253ec296cecbd6df900811a7bcb0\">\n.avia-section.av-av_section-ef18253ec296cecbd6df900811a7bcb0 .av-parallax .av-parallax-inner{\nbackground-repeat:no-repeat;\nbackground-image:url(https:\/\/www.amiblu.com\/wp-content\/uploads\/Amiblu-GRP-pipes-jacking-project-Crescenza-Rome.webp);\nbackground-position:50% 50%;\nbackground-attachment:scroll;\n}\n.avia-section.av-av_section-ef18253ec296cecbd6df900811a7bcb0 .av-section-color-overlay{\nopacity:0.5;\nbackground-color:#0a0a0a;\n}\n<\/style>\n<div id='av_section_1'  class='avia-section av-av_section-ef18253ec296cecbd6df900811a7bcb0 main_color avia-section-default avia-no-border-styling  avia-builder-el-0  el_before_av_section  avia-builder-el-first  amiblu-content amiblu-page-hero av-parallax-section avia-bg-style-parallax av-section-color-overlay-active container_wrap fullsize'  data-section-bg-repeat='no-repeat'><div class='av-parallax' data-avia-parallax-ratio='0.3' ><div class='av-parallax-inner main_color avia-full-stretch'><\/div><\/div><div class=\"av-section-color-overlay-wrap\"><div class=\"av-section-color-overlay\"><\/div><div class='container av-section-cont-open' ><main  role=\"main\" itemprop=\"mainContentOfPage\"  class='template-page content  av-content-full alpha units'><div class='post-entry post-entry-type-page post-entry-37617'><div class='entry-content-wrapper clearfix'>\n\n<style type=\"text\/css\" data-created_by=\"avia_inline_auto\" id=\"style-css-av-av_three_fifth-f03988781a9c3805c203ad72b12e1c74\">\n.flex_column.av-av_three_fifth-f03988781a9c3805c203ad72b12e1c74{\nborder-radius:0px 0px 0px 0px;\npadding:0 0 0 0;\n}\n<\/style>\n<div  class='flex_column av-av_three_fifth-f03988781a9c3805c203ad72b12e1c74 av_three_fifth  avia-builder-el-1  avia-builder-el-no-sibling  white-content first flex_column_div av-zero-column-padding  '     ><p>\n<style type=\"text\/css\" data-created_by=\"avia_inline_auto\" id=\"style-css-av-lemnqcpj-8bccccfe2677bc386c60195049230c93\">\n#top .av-special-heading.av-lemnqcpj-8bccccfe2677bc386c60195049230c93{\npadding-bottom:10px;\n}\nbody .av-special-heading.av-lemnqcpj-8bccccfe2677bc386c60195049230c93 .av-special-heading-tag .heading-char{\nfont-size:25px;\n}\n.av-special-heading.av-lemnqcpj-8bccccfe2677bc386c60195049230c93 .av-subheading{\nfont-size:15px;\n}\n<\/style>\n<div  class='av-special-heading av-lemnqcpj-8bccccfe2677bc386c60195049230c93 av-special-heading-h1  avia-builder-el-2  el_before_av_textblock  avia-builder-el-first '><h1 class='av-special-heading-tag '  itemprop=\"headline\"  >Amiblu Gennempresningsr\u00f8r<\/h1><div class=\"special-heading-border\"><div class=\"special-heading-inner-border\"><\/div><\/div><\/div><br \/>\n\n<style type=\"text\/css\" data-created_by=\"avia_inline_auto\" id=\"style-css-av-lemnsw9o-818b87399e733a465cdb697df66a0cd9\">\n#top .av_textblock_section.av-lemnsw9o-818b87399e733a465cdb697df66a0cd9 .avia_textblock{\nfont-size:20px;\n}\n<\/style>\n<section  class='av_textblock_section av-lemnsw9o-818b87399e733a465cdb697df66a0cd9 '   itemscope=\"itemscope\" itemtype=\"https:\/\/schema.org\/CreativeWork\" ><div class='avia_textblock sub-heading'  itemprop=\"text\" ><p>GRP-r\u00f8r med fremragende trykstyrke til at modst\u00e5 h\u00f8je gennempresnings kr\u00e6fter. Anvendes typisk til gennempresning under motorveje og jernbanespor og i t\u00e6tbefolkede byer.<\/p>\n<\/div><\/section><\/p><\/div><\/div><\/div><\/main><!-- close content main element --><\/div><\/div><\/div>\n<style type=\"text\/css\" data-created_by=\"avia_inline_auto\" id=\"style-css-av-av_section-0bb79bef99424ef29f14ab6896ae0f33\">\n.avia-section.av-av_section-0bb79bef99424ef29f14ab6896ae0f33{\nbackground-color:#f2f4f8;\nbackground-image:unset;\n}\n<\/style>\n<div id='av_section_2'  class='avia-section av-av_section-0bb79bef99424ef29f14ab6896ae0f33 main_color avia-section-default avia-no-border-styling  avia-builder-el-4  el_after_av_section  el_before_av_section  avia-bg-style-scroll container_wrap fullsize'  ><div class='container av-section-cont-open' ><div class='template-page content  av-content-full alpha units'><div class='post-entry post-entry-type-page post-entry-37617'><div class='entry-content-wrapper clearfix'>\n\n<style type=\"text\/css\" data-created_by=\"avia_inline_auto\" id=\"style-css-av-av_two_third-79ff81c021393065cee878051452f6a6\">\n.flex_column.av-av_two_third-79ff81c021393065cee878051452f6a6{\nborder-radius:0px 0px 0px 0px;\npadding:0px 0px 0px 0px;\n}\n<\/style>\n<div  class='flex_column av-av_two_third-79ff81c021393065cee878051452f6a6 av_two_third  avia-builder-el-5  avia-builder-el-no-sibling  first flex_column_div av-zero-column-padding  '     ><style type=\"text\/css\" data-created_by=\"avia_inline_auto\" id=\"style-css-av-lemnqu6o-b3bd53081e2fa01bba25264028cd314c\">\n#top .av_textblock_section.av-lemnqu6o-b3bd53081e2fa01bba25264028cd314c .avia_textblock{\nfont-size:20px;\n}\n\n@media only screen and (min-width: 480px) and (max-width: 767px){ \n#top .av_textblock_section.av-lemnqu6o-b3bd53081e2fa01bba25264028cd314c .avia_textblock{\nfont-size:18px;\n}\n}\n\n@media only screen and (max-width: 479px){ \n#top .av_textblock_section.av-lemnqu6o-b3bd53081e2fa01bba25264028cd314c .avia_textblock{\nfont-size:16px;\n}\n}\n<\/style>\n<section  class='av_textblock_section av-lemnqu6o-b3bd53081e2fa01bba25264028cd314c '   itemscope=\"itemscope\" itemtype=\"https:\/\/schema.org\/CreativeWork\" ><div class='avia_textblock'  itemprop=\"text\" ><p>Med deres h\u00f8je styrke, lette v\u00e6gt, glatte indre og ydre overflade, og lang levetid, amiblu r\u00f8r er perfekt egnet til opgravningsfri l\u00f8sninger som gennempresning.<\/p>\n<\/div><\/section><\/div><\/div><\/div><\/div><!-- close content main div --><\/div><\/div>\n<style type=\"text\/css\" data-created_by=\"avia_inline_auto\" id=\"style-css-av-av_section-0149349cac7906d31ce7c843a5c475ce\">\n.avia-section.av-av_section-0149349cac7906d31ce7c843a5c475ce{\nbackground-color:#f2f4f8;\nbackground-image:unset;\n}\n<\/style>\n<div id='av_section_3'  class='avia-section av-av_section-0149349cac7906d31ce7c843a5c475ce main_color avia-section-default avia-no-border-styling  avia-builder-el-7  el_after_av_section  el_before_av_section  productpage avia-bg-style-scroll container_wrap fullsize'  ><div class='container av-section-cont-open' ><div class='template-page content  av-content-full alpha units'><div class='post-entry post-entry-type-page post-entry-37617'><div class='entry-content-wrapper clearfix'>\n<div  class='togglecontainer av-lemntp3s-c21499a6f84b0808fa603348c2b85113  avia-builder-el-8  avia-builder-el-no-sibling  downloadliste toggle_close_all' >\n<section class='av_toggle_section av-lemntnzh-1819ef0b12788f43f5c525f222884f81'  itemscope=\"itemscope\" itemtype=\"https:\/\/schema.org\/CreativeWork\" ><div role=\"tablist\" class=\"single_toggle\" data-tags=\"{Alle} \"  ><p id='toggle-gennempresningsror' data-fake-id='#gennempresningsror' class='toggler  activeTitle av-title-above '  itemprop=\"headline\"  role='tab' tabindex='0' aria-controls='gennempresningsror' data-slide-speed=\"200\" data-title=\"Gennempresningsr\u00f8r\" data-title-open=\"\" data-aria_collapsed=\"Click to expand: Gennempresningsr\u00f8r\" data-aria_expanded=\"Click to collapse: Gennempresningsr\u00f8r\">Gennempresningsr\u00f8r<span class=\"toggle_icon\"><span class=\"vert_icon\"><\/span><span class=\"hor_icon\"><\/span><\/span><\/p><div id='gennempresningsror' aria-labelledby='toggle-gennempresningsror' role='region' class='toggle_wrap  active_tc av-title-above' style='display:block;' ><div class='toggle_content invers-color '  itemprop=\"text\" ><div class=\"nav1\"><\/div>\n<div class=\"eintrag1\"><\/div>\n<\/div><\/div><\/div><\/section>\n<\/div>\n<\/div><\/div><\/div><!-- close content main div --><\/div><\/div><div id='av_section_4' aria-label='HOBAS GENNEMPRENINGSR\u00d8R' class='avia-section av-lemnuvq1-eff7950d2d0a1b232e370a0d7b19e74b main_color avia-section-default avia-no-border-styling  avia-builder-el-9  el_after_av_section  avia-builder-el-last  box_element1 avia-bg-style-scroll container_wrap fullsize'  ><div class='container av-section-cont-open' ><div class='template-page content  av-content-full alpha units'><div class='post-entry post-entry-type-page post-entry-37617'><div class='entry-content-wrapper clearfix'>\n\n<style type=\"text\/css\" data-created_by=\"avia_inline_auto\" id=\"style-css-av-av_one_fourth-79ff81c021393065cee878051452f6a6\">\n.flex_column.av-av_one_fourth-79ff81c021393065cee878051452f6a6{\nborder-radius:0px 0px 0px 0px;\npadding:0px 0px 0px 0px;\n}\n<\/style>\n<div  class='flex_column av-av_one_fourth-79ff81c021393065cee878051452f6a6 av_one_fourth  avia-builder-el-10  el_before_av_one_third  avia-builder-el-first  first flex_column_div av-zero-column-padding  '     ><style type=\"text\/css\" data-created_by=\"avia_inline_auto\" id=\"style-css-av-av_image-7a9b474301728250a41c90d35db0cbcb\">\n.avia-image-container.av-av_image-7a9b474301728250a41c90d35db0cbcb img.avia_image{\nbox-shadow:none;\n}\n.avia-image-container.av-av_image-7a9b474301728250a41c90d35db0cbcb .av-image-caption-overlay-center{\ncolor:#ffffff;\n}\n<\/style>\n<div  class='avia-image-container av-av_image-7a9b474301728250a41c90d35db0cbcb av-styling- avia-align-center  avia-builder-el-11  avia-builder-el-no-sibling '   itemprop=\"image\" itemscope=\"itemscope\" itemtype=\"https:\/\/schema.org\/ImageObject\" ><div class=\"avia-image-container-inner\"><div class=\"avia-image-overlay-wrap\"><img fetchpriority=\"high\" decoding=\"async\" fetchpriority=\"high\" fetchpriority=\"high\" class='wp-image-36192 avia-img-lazy-loading-not-36192 avia_image ' src=\"https:\/\/www.amiblu.com\/wp-content\/uploads\/Hobas-jacking-pipe.png\" alt='Hobas jacking pipe' title='Hobas-jacking-pipe'  height=\"250\" width=\"250\"  itemprop=\"thumbnailUrl\" srcset=\"https:\/\/www.amiblu.com\/wp-content\/uploads\/Hobas-jacking-pipe.png 250w, https:\/\/www.amiblu.com\/wp-content\/uploads\/Hobas-jacking-pipe-80x80.png 80w, https:\/\/www.amiblu.com\/wp-content\/uploads\/Hobas-jacking-pipe-36x36.png 36w, https:\/\/www.amiblu.com\/wp-content\/uploads\/Hobas-jacking-pipe-180x180.png 180w\" sizes=\"(max-width: 250px) 100vw, 250px\" \/><\/div><\/div><\/div><\/div>\n<style type=\"text\/css\" data-created_by=\"avia_inline_auto\" id=\"style-css-av-av_one_third-49f6e875884219cf77c24341e550af53\">\n.flex_column.av-av_one_third-49f6e875884219cf77c24341e550af53{\nborder-radius:0px 0px 0px 0px;\npadding:0px 0px 0px 0px;\n}\n<\/style>\n<div  class='flex_column av-av_one_third-49f6e875884219cf77c24341e550af53 av_one_third  avia-builder-el-12  el_after_av_one_fourth  el_before_av_two_fifth  flex_column_div av-zero-column-padding  '     ><section  class='av_textblock_section av-lemnre2c-f48f999cd3a346e8a868d50d340f07aa '   itemscope=\"itemscope\" itemtype=\"https:\/\/schema.org\/CreativeWork\" ><div class='avia_textblock'  itemprop=\"text\" ><p>Hobas r\u00f8r designet til at modst\u00e5 h\u00f8je gennempresnings kr\u00e6fter. Bruges typisk til gennempresning under veje og jernbaner. H\u00f8jtryksspuling i henhold til DIN 19523.<\/p>\n<\/div><\/section><\/div>\n<style type=\"text\/css\" data-created_by=\"avia_inline_auto\" id=\"style-css-av-av_two_fifth-49f6e875884219cf77c24341e550af53\">\n.flex_column.av-av_two_fifth-49f6e875884219cf77c24341e550af53{\nborder-radius:0px 0px 0px 0px;\npadding:0px 0px 0px 0px;\n}\n<\/style>\n<div  class='flex_column av-av_two_fifth-49f6e875884219cf77c24341e550af53 av_two_fifth  avia-builder-el-14  el_after_av_one_third  avia-builder-el-last  flex_column_div av-zero-column-padding  '     ><div class='avia-data-table-wrap av-1a1a2f-5237cce4737fc47cb2d79b4e154ed111 avia_responsive_table avia-table-1'><table  class='avia-table avia-data-table avia_pricing_default  avia-builder-el-15  avia-builder-el-no-sibling '  itemscope=\"itemscope\" itemtype=\"https:\/\/schema.org\/Table\" ><tbody><tr class=''><td class=''>Diameter omr\u00e5de (OD)<\/td><td class=''>272-3600 mm<br \/>\n<\/td><\/tr><tr class=''><td class=''>Tryk (PN)<\/td><td class=''>op til 16 bar<\/td><\/tr><tr class=''><td class=''>Nominelle l\u00e6ngder<\/td><td class=''>1-6 m<br \/>\n<\/td><\/tr><tr class=''><td class=''>Ringstivhed (SN)<\/td><td class=''>32000 op til 1000000 N\/m\u00b2<br \/>\n<\/td><\/tr><\/tbody><\/table><\/div><\/div><\/p>\n","protected":false},"excerpt":{"rendered":"","protected":false},"author":8,"featured_media":55129,"parent":0,"menu_order":14,"comment_status":"closed","ping_status":"closed","template":"","meta":{"_acf_changed":false,"footnotes":""},"class_list":["post-37617","page","type-page","status-publish","has-post-thumbnail","hentry"],"acf":[],"yoast_head":"<!-- This site is optimized with the Yoast SEO Premium plugin v27.3 (Yoast SEO v27.4) - https:\/\/yoast.com\/product\/yoast-seo-premium-wordpress\/ -->\n<title>Amiblu gennempresningsr\u00f8r<\/title>\n<meta name=\"description\" content=\"Med deres h\u00f8je styrke, lette v\u00e6gt, glatte indre og ydre overflade, og lang levetid, amiblu r\u00f8r er perfekt egnet til opgravningsfri l\u00f8sninger som gennempresning.\" \/>\n<meta name=\"robots\" content=\"index, follow, max-snippet:-1, max-image-preview:large, max-video-preview:-1\" \/>\n<link rel=\"canonical\" href=\"https:\/\/www.amiblu.com\/da\/gennempresningsroer\/\" \/>\n<meta property=\"og:locale\" content=\"da_DK\" \/>\n<meta property=\"og:type\" content=\"article\" \/>\n<meta property=\"og:title\" content=\"Gennempresningsr\u00f8r\" \/>\n<meta property=\"og:description\" content=\"Med deres h\u00f8je styrke, lette v\u00e6gt, glatte indre og ydre overflade, og lang levetid, amiblu r\u00f8r er perfekt egnet til opgravningsfri l\u00f8sninger som gennempresning.\" \/>\n<meta property=\"og:url\" content=\"https:\/\/www.amiblu.com\/da\/gennempresningsroer\/\" \/>\n<meta property=\"og:site_name\" content=\"Amiblu\" \/>\n<meta property=\"article:publisher\" content=\"https:\/\/www.facebook.com\/amiblupipes\" \/>\n<meta property=\"article:modified_time\" content=\"2023-02-27T10:12:20+00:00\" \/>\n<meta property=\"og:image\" content=\"https:\/\/www.amiblu.com\/wp-content\/uploads\/Amiblu-GRP-pipes-jacking-project-Crescenza-Rome.webp\" \/>\n\t<meta property=\"og:image:width\" content=\"1920\" \/>\n\t<meta property=\"og:image:height\" content=\"917\" \/>\n\t<meta property=\"og:image:type\" content=\"image\/webp\" \/>\n<meta name=\"twitter:card\" content=\"summary_large_image\" \/>\n<meta name=\"twitter:label1\" content=\"Estimeret l\u00e6setid\" \/>\n\t<meta name=\"twitter:data1\" content=\"4 minutter\" \/>\n<script type=\"application\/ld+json\" class=\"yoast-schema-graph\">{\"@context\":\"https:\\\/\\\/schema.org\",\"@graph\":[{\"@type\":\"WebPage\",\"@id\":\"https:\\\/\\\/www.amiblu.com\\\/da\\\/gennempresningsroer\\\/\",\"url\":\"https:\\\/\\\/www.amiblu.com\\\/da\\\/gennempresningsroer\\\/\",\"name\":\"Amiblu gennempresningsr\u00f8r\",\"isPartOf\":{\"@id\":\"https:\\\/\\\/www.amiblu.com\\\/da\\\/#website\"},\"primaryImageOfPage\":{\"@id\":\"https:\\\/\\\/www.amiblu.com\\\/da\\\/gennempresningsroer\\\/#primaryimage\"},\"image\":{\"@id\":\"https:\\\/\\\/www.amiblu.com\\\/da\\\/gennempresningsroer\\\/#primaryimage\"},\"thumbnailUrl\":\"https:\\\/\\\/www.amiblu.com\\\/wp-content\\\/uploads\\\/Amiblu-GRP-pipes-jacking-project-Crescenza-Rome.webp\",\"datePublished\":\"2021-07-01T07:40:43+00:00\",\"dateModified\":\"2023-02-27T10:12:20+00:00\",\"description\":\"Med deres h\u00f8je styrke, lette v\u00e6gt, glatte indre og ydre overflade, og lang levetid, amiblu r\u00f8r er perfekt egnet til opgravningsfri l\u00f8sninger som gennempresning.\",\"inLanguage\":\"da-DK\",\"potentialAction\":[{\"@type\":\"ReadAction\",\"target\":[\"https:\\\/\\\/www.amiblu.com\\\/da\\\/gennempresningsroer\\\/\"]}]},{\"@type\":\"ImageObject\",\"inLanguage\":\"da-DK\",\"@id\":\"https:\\\/\\\/www.amiblu.com\\\/da\\\/gennempresningsroer\\\/#primaryimage\",\"url\":\"https:\\\/\\\/www.amiblu.com\\\/wp-content\\\/uploads\\\/Amiblu-GRP-pipes-jacking-project-Crescenza-Rome.webp\",\"contentUrl\":\"https:\\\/\\\/www.amiblu.com\\\/wp-content\\\/uploads\\\/Amiblu-GRP-pipes-jacking-project-Crescenza-Rome.webp\",\"width\":1920,\"height\":917,\"caption\":\"Amiblu GRP pipes for jacking project Crescenza in Rome, Italy\"},{\"@type\":\"WebSite\",\"@id\":\"https:\\\/\\\/www.amiblu.com\\\/da\\\/#website\",\"url\":\"https:\\\/\\\/www.amiblu.com\\\/da\\\/\",\"name\":\"Amiblu\",\"description\":\"GFK-Rohrsysteme f\u00fcr Generationen\",\"publisher\":{\"@id\":\"https:\\\/\\\/www.amiblu.com\\\/da\\\/#organization\"},\"potentialAction\":[{\"@type\":\"SearchAction\",\"target\":{\"@type\":\"EntryPoint\",\"urlTemplate\":\"https:\\\/\\\/www.amiblu.com\\\/da\\\/?s={search_term_string}\"},\"query-input\":{\"@type\":\"PropertyValueSpecification\",\"valueRequired\":true,\"valueName\":\"search_term_string\"}}],\"inLanguage\":\"da-DK\"},{\"@type\":\"Organization\",\"@id\":\"https:\\\/\\\/www.amiblu.com\\\/da\\\/#organization\",\"name\":\"Amiblu Group\",\"url\":\"https:\\\/\\\/www.amiblu.com\\\/da\\\/\",\"logo\":{\"@type\":\"ImageObject\",\"inLanguage\":\"da-DK\",\"@id\":\"https:\\\/\\\/www.amiblu.com\\\/da\\\/#\\\/schema\\\/logo\\\/image\\\/\",\"url\":\"https:\\\/\\\/www.amiblu.com\\\/wp-content\\\/uploads\\\/2021\\\/01\\\/Amiblu-logo-website-1.png\",\"contentUrl\":\"https:\\\/\\\/www.amiblu.com\\\/wp-content\\\/uploads\\\/2021\\\/01\\\/Amiblu-logo-website-1.png\",\"width\":201,\"height\":38,\"caption\":\"Amiblu Group\"},\"image\":{\"@id\":\"https:\\\/\\\/www.amiblu.com\\\/da\\\/#\\\/schema\\\/logo\\\/image\\\/\"},\"sameAs\":[\"https:\\\/\\\/www.facebook.com\\\/amiblupipes\",\"https:\\\/\\\/www.youtube.com\\\/c\\\/Amiblu\",\"https:\\\/\\\/de.wikipedia.org\\\/wiki\\\/Amiblu\",\"https:\\\/\\\/www.linkedin.com\\\/company\\\/amiblupipes\\\/\"]}]}<\/script>\n<!-- \/ Yoast SEO Premium plugin. -->","yoast_head_json":{"title":"Amiblu gennempresningsr\u00f8r","description":"Med deres h\u00f8je styrke, lette v\u00e6gt, glatte indre og ydre overflade, og lang levetid, amiblu r\u00f8r er perfekt egnet til opgravningsfri l\u00f8sninger som gennempresning.","robots":{"index":"index","follow":"follow","max-snippet":"max-snippet:-1","max-image-preview":"max-image-preview:large","max-video-preview":"max-video-preview:-1"},"canonical":"https:\/\/www.amiblu.com\/da\/gennempresningsroer\/","og_locale":"da_DK","og_type":"article","og_title":"Gennempresningsr\u00f8r","og_description":"Med deres h\u00f8je styrke, lette v\u00e6gt, glatte indre og ydre overflade, og lang levetid, amiblu r\u00f8r er perfekt egnet til opgravningsfri l\u00f8sninger som gennempresning.","og_url":"https:\/\/www.amiblu.com\/da\/gennempresningsroer\/","og_site_name":"Amiblu","article_publisher":"https:\/\/www.facebook.com\/amiblupipes","article_modified_time":"2023-02-27T10:12:20+00:00","og_image":[{"width":1920,"height":917,"url":"https:\/\/www.amiblu.com\/wp-content\/uploads\/Amiblu-GRP-pipes-jacking-project-Crescenza-Rome.webp","type":"image\/webp"}],"twitter_card":"summary_large_image","twitter_misc":{"Estimeret l\u00e6setid":"4 minutter"},"schema":{"@context":"https:\/\/schema.org","@graph":[{"@type":"WebPage","@id":"https:\/\/www.amiblu.com\/da\/gennempresningsroer\/","url":"https:\/\/www.amiblu.com\/da\/gennempresningsroer\/","name":"Amiblu gennempresningsr\u00f8r","isPartOf":{"@id":"https:\/\/www.amiblu.com\/da\/#website"},"primaryImageOfPage":{"@id":"https:\/\/www.amiblu.com\/da\/gennempresningsroer\/#primaryimage"},"image":{"@id":"https:\/\/www.amiblu.com\/da\/gennempresningsroer\/#primaryimage"},"thumbnailUrl":"https:\/\/www.amiblu.com\/wp-content\/uploads\/Amiblu-GRP-pipes-jacking-project-Crescenza-Rome.webp","datePublished":"2021-07-01T07:40:43+00:00","dateModified":"2023-02-27T10:12:20+00:00","description":"Med deres h\u00f8je styrke, lette v\u00e6gt, glatte indre og ydre overflade, og lang levetid, amiblu r\u00f8r er perfekt egnet til opgravningsfri l\u00f8sninger som gennempresning.","inLanguage":"da-DK","potentialAction":[{"@type":"ReadAction","target":["https:\/\/www.amiblu.com\/da\/gennempresningsroer\/"]}]},{"@type":"ImageObject","inLanguage":"da-DK","@id":"https:\/\/www.amiblu.com\/da\/gennempresningsroer\/#primaryimage","url":"https:\/\/www.amiblu.com\/wp-content\/uploads\/Amiblu-GRP-pipes-jacking-project-Crescenza-Rome.webp","contentUrl":"https:\/\/www.amiblu.com\/wp-content\/uploads\/Amiblu-GRP-pipes-jacking-project-Crescenza-Rome.webp","width":1920,"height":917,"caption":"Amiblu GRP pipes for jacking project Crescenza in Rome, Italy"},{"@type":"WebSite","@id":"https:\/\/www.amiblu.com\/da\/#website","url":"https:\/\/www.amiblu.com\/da\/","name":"Amiblu","description":"GFK-Rohrsysteme f\u00fcr Generationen","publisher":{"@id":"https:\/\/www.amiblu.com\/da\/#organization"},"potentialAction":[{"@type":"SearchAction","target":{"@type":"EntryPoint","urlTemplate":"https:\/\/www.amiblu.com\/da\/?s={search_term_string}"},"query-input":{"@type":"PropertyValueSpecification","valueRequired":true,"valueName":"search_term_string"}}],"inLanguage":"da-DK"},{"@type":"Organization","@id":"https:\/\/www.amiblu.com\/da\/#organization","name":"Amiblu Group","url":"https:\/\/www.amiblu.com\/da\/","logo":{"@type":"ImageObject","inLanguage":"da-DK","@id":"https:\/\/www.amiblu.com\/da\/#\/schema\/logo\/image\/","url":"https:\/\/www.amiblu.com\/wp-content\/uploads\/2021\/01\/Amiblu-logo-website-1.png","contentUrl":"https:\/\/www.amiblu.com\/wp-content\/uploads\/2021\/01\/Amiblu-logo-website-1.png","width":201,"height":38,"caption":"Amiblu Group"},"image":{"@id":"https:\/\/www.amiblu.com\/da\/#\/schema\/logo\/image\/"},"sameAs":["https:\/\/www.facebook.com\/amiblupipes","https:\/\/www.youtube.com\/c\/Amiblu","https:\/\/de.wikipedia.org\/wiki\/Amiblu","https:\/\/www.linkedin.com\/company\/amiblupipes\/"]}]}},"_links":{"self":[{"href":"https:\/\/www.amiblu.com\/da\/wp-json\/wp\/v2\/pages\/37617","targetHints":{"allow":["GET"]}}],"collection":[{"href":"https:\/\/www.amiblu.com\/da\/wp-json\/wp\/v2\/pages"}],"about":[{"href":"https:\/\/www.amiblu.com\/da\/wp-json\/wp\/v2\/types\/page"}],"author":[{"embeddable":true,"href":"https:\/\/www.amiblu.com\/da\/wp-json\/wp\/v2\/users\/8"}],"replies":[{"embeddable":true,"href":"https:\/\/www.amiblu.com\/da\/wp-json\/wp\/v2\/comments?post=37617"}],"version-history":[{"count":15,"href":"https:\/\/www.amiblu.com\/da\/wp-json\/wp\/v2\/pages\/37617\/revisions"}],"predecessor-version":[{"id":56567,"href":"https:\/\/www.amiblu.com\/da\/wp-json\/wp\/v2\/pages\/37617\/revisions\/56567"}],"wp:featuredmedia":[{"embeddable":true,"href":"https:\/\/www.amiblu.com\/da\/wp-json\/wp\/v2\/media\/55129"}],"wp:attachment":[{"href":"https:\/\/www.amiblu.com\/da\/wp-json\/wp\/v2\/media?parent=37617"}],"curies":[{"name":"wp","href":"https:\/\/api.w.org\/{rel}","templated":true}]}}