{"id":37725,"date":"2021-07-05T08:29:03","date_gmt":"2021-07-05T06:29:03","guid":{"rendered":"https:\/\/www.amiblu.com\/?page_id=37725"},"modified":"2022-02-10T11:06:39","modified_gmt":"2022-02-10T10:06:39","slug":"kolofon","status":"publish","type":"page","link":"https:\/\/www.amiblu.com\/da\/kolofon\/","title":{"rendered":"Kolofon"},"content":{"rendered":"\n<style type=\"text\/css\" data-created_by=\"avia_inline_auto\" id=\"style-css-av-kqq8q1c0-418be9f36f7ac5ff0dadbc30a1891ea7\">\n#top .av-special-heading.av-kqq8q1c0-418be9f36f7ac5ff0dadbc30a1891ea7{\npadding-bottom:10px;\n}\nbody .av-special-heading.av-kqq8q1c0-418be9f36f7ac5ff0dadbc30a1891ea7 .av-special-heading-tag .heading-char{\nfont-size:25px;\n}\n.av-special-heading.av-kqq8q1c0-418be9f36f7ac5ff0dadbc30a1891ea7 .av-subheading{\nfont-size:15px;\n}\n<\/style>\n<div  class='av-special-heading av-kqq8q1c0-418be9f36f7ac5ff0dadbc30a1891ea7 av-special-heading-h1 blockquote modern-quote  avia-builder-el-0  el_before_av_textblock  avia-builder-el-first '><h1 class='av-special-heading-tag '  itemprop=\"headline\"  >Kolofon<\/h1><div class=\"special-heading-border\"><div class=\"special-heading-inner-border\"><\/div><\/div><\/div>\n<section  class='av_textblock_section av-kkxz0h4p-358fa2509075fbbd14f15a08561f9a3a '   itemscope=\"itemscope\" itemtype=\"https:\/\/schema.org\/CreativeWork\" ><div class='avia_textblock'  itemprop=\"text\" ><p><strong>Amiblu Holding GmbH<\/strong><br \/>\nSterneckstra\u00dfe 19<br \/>\n9020 Klagenfurt<br \/>\nAustria<\/p>\n<p>+43.463.48 24 24<br \/>\n<a href=\"mailto:info@amiblu.com\">info@amiblu.com<\/a><\/p>\n<p>Comp. Reg. No.: FN 105310 v<br \/>\nCourt: Landesgericht Klagenfurt<br \/>\nVAT No.: ATU25771304<\/p>\n<p>Amiblu Holding GmbH er medlem af det \u00f8strigske handelskammer i overensstemmelse med de respektive lovbestemmelser. Medlemskaber i de forskellige organer i handelskammeret er noteret p\u00e5 den officielle hjemmeside findes p\u00e5 <a href=\"https:\/\/firmen.wko.at\/Web\/DetailsKontakt.aspx?FirmaID=e546ad47-e808-4dd4-b150-fb0d6599b9c9&amp;StandortID=0&amp;Suchbegriff=amiblu&amp;Page=1\" target=\"_blank\" rel=\"noopener noreferrer\">https:\/\/firmen.wko.at\/<\/a>.<\/p>\n<p>Dette print g\u00e6lder ogs\u00e5 for f\u00f8lgende sociale medieprofiler:<\/p>\n<ul>\n<li style=\"list-style-type: none;\">\n<ul>\n<li><a href=\"http:\/\/www.facebook.com\/amiblupipes\" target=\"_blank\" rel=\"noopener noreferrer\">www.facebook.com\/amiblupipes<\/a><\/li>\n<li><a href=\"http:\/\/www.twitter.com\/Amiblupipes\" target=\"_blank\" rel=\"noopener noreferrer\">www.twitter.com\/Amiblupipes<\/a><\/li>\n<li><a href=\"https:\/\/www.linkedin.com\/company\/amiblupipes\/\" target=\"_blank\" rel=\"noopener noreferrer\">www.linkedin.com\/company\/amiblupipes<\/a><\/li>\n<li><a href=\"https:\/\/www.youtube.com\/channel\/UCqRDAF0I87MFEAM3nkcOdEw\" target=\"_blank\" rel=\"noopener noreferrer\">www.youtube.com\/channel\/UCqRDAF0I87MFEAM3nkcOdEw<\/a><\/li>\n<\/ul>\n<\/li>\n<\/ul>\n<\/div><\/section>\n<div  class='hr av-483n-f97b05a5d99e9c417089a6b49247222b hr-default  avia-builder-el-2  el_after_av_textblock  el_before_av_heading '><span class='hr-inner '><span class=\"hr-inner-style\"><\/span><\/span><\/div>\n\n<style type=\"text\/css\" data-created_by=\"avia_inline_auto\" id=\"style-css-av-kqq8qybb-11a0f85b706ddf8884179e6e132876d4\">\n#top .av-special-heading.av-kqq8qybb-11a0f85b706ddf8884179e6e132876d4{\npadding-bottom:10px;\n}\nbody .av-special-heading.av-kqq8qybb-11a0f85b706ddf8884179e6e132876d4 .av-special-heading-tag .heading-char{\nfont-size:25px;\n}\n.av-special-heading.av-kqq8qybb-11a0f85b706ddf8884179e6e132876d4 .av-subheading{\nfont-size:15px;\n}\n<\/style>\n<div  class='av-special-heading av-kqq8qybb-11a0f85b706ddf8884179e6e132876d4 av-special-heading-h1 blockquote modern-quote  avia-builder-el-3  el_after_av_hr  el_before_av_textblock '><h1 class='av-special-heading-tag '  itemprop=\"headline\"  >Ansvarsfraskrivelse<\/h1><div class=\"special-heading-border\"><div class=\"special-heading-inner-border\"><\/div><\/div><\/div>\n<section  class='av_textblock_section av-kkxz29by-df0ed34865734db890a5c143f6e694b2 '   itemscope=\"itemscope\" itemtype=\"https:\/\/schema.org\/CreativeWork\" ><div class='avia_textblock'  itemprop=\"text\" ><p><strong>Tilvejebringelse af generelle data og oplysninger<br \/>\n<\/strong>Amiblu g\u00f8r alt for at sikre, at de oplysninger og data, der findes p\u00e5 denne hjemmeside er korrekte. Amiblu forbeholder sig ret til at \u00e6ndre eller supplere de oplysninger eller data, der leveres uden forudg\u00e5ende varsel.<\/p>\n<p><strong>Ansvar<br \/>\n<\/strong>De oplysninger, som vi giver dig p\u00e5 Amiblu hjemmesider er blevet indsamlet med den st\u00f8rst mulige omhu og opdateres l\u00f8bende. P\u00e5 trods af vores bedste indsats kan mangler og fejl dog ikke garanteres. Intet ansvar skal accepteres eller nogen garanti givet med hensyn til valutaen, korrekthed eller fuldst\u00e6ndighed af de leverede oplysninger og data.<\/p>\n<p><strong>Copyright<br \/>\n<\/strong>Indholdet af Amiblu-webstederne er ophavsretligt beskyttet. Kopiering, udbredelse, lagring, reproduktion og fremsendelse af alle oplysninger eller data, navnlig brug af tekster, dele af tekster eller billeder eller andre v\u00e6rker, der offentligg\u00f8res p\u00e5 webstederne, er udtrykkeligt forbudt uden forudg\u00e5ende skriftlig tilladelse fra Amiblu Holding GmbH.<\/p>\n<p><strong>Lovvalg<br \/>\n<\/strong>Alle oplysninger eller data, deres brug, log-in til Amiblu-webstederne samt eventuelle tilknyttede handlinger, passivitet eller undladelse er udelukkende underlagt \u00f8strigsk lovgivning. Jurisdiktions stedet er Klagenfurt.<\/p>\n<\/div><\/section>\n","protected":false},"excerpt":{"rendered":"","protected":false},"author":8,"featured_media":0,"parent":0,"menu_order":200,"comment_status":"closed","ping_status":"closed","template":"","meta":{"_acf_changed":false,"footnotes":""},"class_list":["post-37725","page","type-page","status-publish","hentry"],"acf":[],"yoast_head":"<!-- This site is optimized with the Yoast SEO Premium plugin v27.3 (Yoast SEO v27.4) - https:\/\/yoast.com\/product\/yoast-seo-premium-wordpress\/ -->\n<title>Kolofon<\/title>\n<meta name=\"robots\" content=\"noindex, follow\" \/>\n<meta property=\"og:locale\" content=\"da_DK\" \/>\n<meta property=\"og:type\" content=\"article\" \/>\n<meta property=\"og:title\" content=\"Kolofon\" \/>\n<meta property=\"og:url\" content=\"https:\/\/www.amiblu.com\/da\/kolofon\/\" \/>\n<meta property=\"og:site_name\" content=\"Amiblu\" \/>\n<meta property=\"article:publisher\" content=\"https:\/\/www.facebook.com\/amiblupipes\" \/>\n<meta property=\"article:modified_time\" content=\"2022-02-10T10:06:39+00:00\" \/>\n<meta name=\"twitter:card\" content=\"summary_large_image\" \/>\n<meta name=\"twitter:label1\" content=\"Estimeret l\u00e6setid\" \/>\n\t<meta name=\"twitter:data1\" content=\"2 minutter\" \/>\n<script type=\"application\/ld+json\" class=\"yoast-schema-graph\">{\"@context\":\"https:\\\/\\\/schema.org\",\"@graph\":[{\"@type\":\"WebPage\",\"@id\":\"https:\\\/\\\/www.amiblu.com\\\/da\\\/kolofon\\\/\",\"url\":\"https:\\\/\\\/www.amiblu.com\\\/da\\\/kolofon\\\/\",\"name\":\"Kolofon\",\"isPartOf\":{\"@id\":\"https:\\\/\\\/www.amiblu.com\\\/da\\\/#website\"},\"datePublished\":\"2021-07-05T06:29:03+00:00\",\"dateModified\":\"2022-02-10T10:06:39+00:00\",\"inLanguage\":\"da-DK\",\"potentialAction\":[{\"@type\":\"ReadAction\",\"target\":[\"https:\\\/\\\/www.amiblu.com\\\/da\\\/kolofon\\\/\"]}]},{\"@type\":\"WebSite\",\"@id\":\"https:\\\/\\\/www.amiblu.com\\\/da\\\/#website\",\"url\":\"https:\\\/\\\/www.amiblu.com\\\/da\\\/\",\"name\":\"Amiblu\",\"description\":\"GFK-Rohrsysteme f\u00fcr Generationen\",\"publisher\":{\"@id\":\"https:\\\/\\\/www.amiblu.com\\\/da\\\/#organization\"},\"potentialAction\":[{\"@type\":\"SearchAction\",\"target\":{\"@type\":\"EntryPoint\",\"urlTemplate\":\"https:\\\/\\\/www.amiblu.com\\\/da\\\/?s={search_term_string}\"},\"query-input\":{\"@type\":\"PropertyValueSpecification\",\"valueRequired\":true,\"valueName\":\"search_term_string\"}}],\"inLanguage\":\"da-DK\"},{\"@type\":\"Organization\",\"@id\":\"https:\\\/\\\/www.amiblu.com\\\/da\\\/#organization\",\"name\":\"Amiblu Group\",\"url\":\"https:\\\/\\\/www.amiblu.com\\\/da\\\/\",\"logo\":{\"@type\":\"ImageObject\",\"inLanguage\":\"da-DK\",\"@id\":\"https:\\\/\\\/www.amiblu.com\\\/da\\\/#\\\/schema\\\/logo\\\/image\\\/\",\"url\":\"https:\\\/\\\/www.amiblu.com\\\/wp-content\\\/uploads\\\/2021\\\/01\\\/Amiblu-logo-website-1.png\",\"contentUrl\":\"https:\\\/\\\/www.amiblu.com\\\/wp-content\\\/uploads\\\/2021\\\/01\\\/Amiblu-logo-website-1.png\",\"width\":201,\"height\":38,\"caption\":\"Amiblu Group\"},\"image\":{\"@id\":\"https:\\\/\\\/www.amiblu.com\\\/da\\\/#\\\/schema\\\/logo\\\/image\\\/\"},\"sameAs\":[\"https:\\\/\\\/www.facebook.com\\\/amiblupipes\",\"https:\\\/\\\/www.youtube.com\\\/c\\\/Amiblu\",\"https:\\\/\\\/de.wikipedia.org\\\/wiki\\\/Amiblu\",\"https:\\\/\\\/www.linkedin.com\\\/company\\\/amiblupipes\\\/\"]}]}<\/script>\n<!-- \/ Yoast SEO Premium plugin. -->","yoast_head_json":{"title":"Kolofon","robots":{"index":"noindex","follow":"follow"},"og_locale":"da_DK","og_type":"article","og_title":"Kolofon","og_url":"https:\/\/www.amiblu.com\/da\/kolofon\/","og_site_name":"Amiblu","article_publisher":"https:\/\/www.facebook.com\/amiblupipes","article_modified_time":"2022-02-10T10:06:39+00:00","twitter_card":"summary_large_image","twitter_misc":{"Estimeret l\u00e6setid":"2 minutter"},"schema":{"@context":"https:\/\/schema.org","@graph":[{"@type":"WebPage","@id":"https:\/\/www.amiblu.com\/da\/kolofon\/","url":"https:\/\/www.amiblu.com\/da\/kolofon\/","name":"Kolofon","isPartOf":{"@id":"https:\/\/www.amiblu.com\/da\/#website"},"datePublished":"2021-07-05T06:29:03+00:00","dateModified":"2022-02-10T10:06:39+00:00","inLanguage":"da-DK","potentialAction":[{"@type":"ReadAction","target":["https:\/\/www.amiblu.com\/da\/kolofon\/"]}]},{"@type":"WebSite","@id":"https:\/\/www.amiblu.com\/da\/#website","url":"https:\/\/www.amiblu.com\/da\/","name":"Amiblu","description":"GFK-Rohrsysteme f\u00fcr Generationen","publisher":{"@id":"https:\/\/www.amiblu.com\/da\/#organization"},"potentialAction":[{"@type":"SearchAction","target":{"@type":"EntryPoint","urlTemplate":"https:\/\/www.amiblu.com\/da\/?s={search_term_string}"},"query-input":{"@type":"PropertyValueSpecification","valueRequired":true,"valueName":"search_term_string"}}],"inLanguage":"da-DK"},{"@type":"Organization","@id":"https:\/\/www.amiblu.com\/da\/#organization","name":"Amiblu Group","url":"https:\/\/www.amiblu.com\/da\/","logo":{"@type":"ImageObject","inLanguage":"da-DK","@id":"https:\/\/www.amiblu.com\/da\/#\/schema\/logo\/image\/","url":"https:\/\/www.amiblu.com\/wp-content\/uploads\/2021\/01\/Amiblu-logo-website-1.png","contentUrl":"https:\/\/www.amiblu.com\/wp-content\/uploads\/2021\/01\/Amiblu-logo-website-1.png","width":201,"height":38,"caption":"Amiblu Group"},"image":{"@id":"https:\/\/www.amiblu.com\/da\/#\/schema\/logo\/image\/"},"sameAs":["https:\/\/www.facebook.com\/amiblupipes","https:\/\/www.youtube.com\/c\/Amiblu","https:\/\/de.wikipedia.org\/wiki\/Amiblu","https:\/\/www.linkedin.com\/company\/amiblupipes\/"]}]}},"_links":{"self":[{"href":"https:\/\/www.amiblu.com\/da\/wp-json\/wp\/v2\/pages\/37725","targetHints":{"allow":["GET"]}}],"collection":[{"href":"https:\/\/www.amiblu.com\/da\/wp-json\/wp\/v2\/pages"}],"about":[{"href":"https:\/\/www.amiblu.com\/da\/wp-json\/wp\/v2\/types\/page"}],"author":[{"embeddable":true,"href":"https:\/\/www.amiblu.com\/da\/wp-json\/wp\/v2\/users\/8"}],"replies":[{"embeddable":true,"href":"https:\/\/www.amiblu.com\/da\/wp-json\/wp\/v2\/comments?post=37725"}],"version-history":[{"count":4,"href":"https:\/\/www.amiblu.com\/da\/wp-json\/wp\/v2\/pages\/37725\/revisions"}],"predecessor-version":[{"id":37729,"href":"https:\/\/www.amiblu.com\/da\/wp-json\/wp\/v2\/pages\/37725\/revisions\/37729"}],"wp:attachment":[{"href":"https:\/\/www.amiblu.com\/da\/wp-json\/wp\/v2\/media?parent=37725"}],"curies":[{"name":"wp","href":"https:\/\/api.w.org\/{rel}","templated":true}]}}