{"id":37731,"date":"2021-07-05T08:32:49","date_gmt":"2021-07-05T06:32:49","guid":{"rendered":"https:\/\/www.amiblu.com\/?page_id=37731"},"modified":"2022-03-07T11:27:48","modified_gmt":"2022-03-07T10:27:48","slug":"fortrolighedspolitik","status":"publish","type":"page","link":"https:\/\/www.amiblu.com\/da\/fortrolighedspolitik\/","title":{"rendered":"Fortrolighedspolitik"},"content":{"rendered":"\n<style type=\"text\/css\" data-created_by=\"avia_inline_auto\" id=\"style-css-av-kqq8v9rc-e318a42edcfeb8020004eb6e23297718\">\n#top .av-special-heading.av-kqq8v9rc-e318a42edcfeb8020004eb6e23297718{\npadding-bottom:10px;\n}\nbody .av-special-heading.av-kqq8v9rc-e318a42edcfeb8020004eb6e23297718 .av-special-heading-tag .heading-char{\nfont-size:25px;\n}\n.av-special-heading.av-kqq8v9rc-e318a42edcfeb8020004eb6e23297718 .av-subheading{\nfont-size:15px;\n}\n<\/style>\n<div  class='av-special-heading av-kqq8v9rc-e318a42edcfeb8020004eb6e23297718 av-special-heading-h1 blockquote modern-quote  avia-builder-el-0  el_before_av_textblock  avia-builder-el-first '><h1 class='av-special-heading-tag '  itemprop=\"headline\"  >Politik om beskyttelse af personlige oplysninger i Amiblu koncernen   <\/h1><div class=\"special-heading-border\"><div class=\"special-heading-inner-border\"><\/div><\/div><\/div>\n<section  class='av_textblock_section av-kkxzxc1l-7f33b4d4b87faa09f279d9f27cda48f1 '   itemscope=\"itemscope\" itemtype=\"https:\/\/schema.org\/CreativeWork\" ><div class='avia_textblock'  itemprop=\"text\" ><div class=\"vc_row wpb_row section vc_row-fluid vc_inner \">\n<div class=\" full_section_inner clearfix\">\n<div class=\"wpb_column vc_column_container vc_col-sm-8\">\n<div class=\"vc_column-inner\">\n<div class=\"wpb_wrapper\">\n<div class=\"wpb_text_column wpb_content_element \">\n<div class=\"wpb_wrapper\">\n<p><strong>1. generelle oplysninger<\/strong><\/p>\n<p>Beskyttelse af dine personlige data er et centralt anliggende for os og har derfor h\u00f8j prioritet. Af denne grund behandler vi udelukkende dine data baseret p\u00e5 de g\u00e6ldende databeskyttelsesregler, is\u00e6r med hensyn til EU\u2019S generelle forordning om databeskyttelse (GDPR) og den \u00f8strigske lov om databeskyttelse og telekommunikation. I denne Databeskyttelseserkl\u00e6ring informerer vi dig om de vigtigste aspekter af databehandling i forbindelse med vores hjemmeside.<\/p>\n<p><strong>2. dine data<\/strong><\/p>\n<p><strong>2.1 indsamling og behandling af dine data<\/strong><\/p>\n<p>Behandlingen af personoplysninger, som du frivilligt giver os for brugen af s\u00e6rlige tjenester og portaler er n\u00f8dvendig for at behandle dine henvendelser, ordrer, ans\u00f8gninger osv., for at forberede og indg\u00e5 kontrakter og til at sende dig nyhedsbreve.<\/p>\n<p><strong>2.2 overf\u00f8rsel af dine data<\/strong><\/p>\n<p>Vi vil kun overf\u00f8re dine data inden for Amiblu-koncernen, hvis dette tjener til at opfylde kontrakter eller dine interesser. Vi opbevarer dine personoplysninger fortroligt og vil ikke s\u00e6lge, udleje eller stille disse til r\u00e5dighed for tredjeparter.<\/p>\n<p>En overf\u00f8rsel til statslige institutioner og myndigheder finder kun sted i forbindelse med obligatoriske nationale lovbestemmelser.<\/p>\n<p><strong>3. Cookies<\/strong><\/p>\n<p>Alle Amiblu websites bruger cookies. En cookie er en lille tekstfil, der gemmes p\u00e5 din computer. En cookie g\u00f8r det muligt for din browser at genkende dig og dine seneste indstillinger (f. eks. sprogindstillinger) p\u00e5 websitet. Dine indstillinger vil blive gjort tilg\u00e6ngelige med det samme og beh\u00f8ver ikke at ske igen.<\/p>\n<p>Hvis du ikke \u00f8nsker, at vi genkender din terminal enhed, skal du konfigurere din Internet browser til at slette alle cookies fra din enhed, til at blokere alle cookies eller til at modtage en advarsel, f\u00f8r en cookie gemmes.<\/p>\n<p>Bem\u00e6rk venligst, at visse funktioner p\u00e5 vores hjemmeside m\u00e5ske ikke l\u00e6ngere fungerer, eller ikke korrekt, uden cookies.<\/p>\n<p><strong>4. Google Analytics<\/strong><\/p>\n<p>Denne hjemmeside bruger Google Analytics, en webanalysetjeneste leveret af Google, Inc. (\u201cGoogle\u201d). Google Analytics bruger cookies, som er tekstfiler, der placeres p\u00e5 din computer, for at hj\u00e6lpe hjemmesiden med at analysere, hvordan brugerne bruger websitet. De oplysninger, der genereres af cookien om din brug af websitet (herunder din IP-adresse), vil blive overf\u00f8rt til og opbevaret af Google p\u00e5 servere i USA. Google vil bruge disse oplysninger til at evaluere din brug af webstedet, udarbejde rapporter om websteds aktiviteter for webstedsoperat\u00f8rer og levere andre tjenester i forbindelse med webstedsaktivitet og internetbrug. Google kan ogs\u00e5 overf\u00f8re disse oplysninger til tredjeparter, hvor det kr\u00e6ves af loven, eller hvor s\u00e5danne tredjeparter behandler oplysningerne p\u00e5 Googles vegne. Google vil ikke knytte din IP-adresse til andre data, som Google har.<\/p>\n<p>Du kan n\u00e6gte brugen af cookies ved at v\u00e6lge de relevante indstillinger i din browser. Bem\u00e6rk venligst, at hvis du g\u00f8r dette, kan du ikke v\u00e6re i stand til at bruge den fulde funktionalitet af denne hjemmeside. Derudover kan du forhindre Googles indsamling og behandling af data vedr\u00f8rende brugen af webstedet (herunder din IP-adresse) ved at downloade og installere Google Analytics opt-out browser add-on.<\/p>\n<p>Ved at bruge denne hjemmeside, du udtrykke dit samtykke til behandling af data indsamlet af Google om dig p\u00e5 den m\u00e5de, der er beskrevet ovenfor, og til de form\u00e5l, der tidligere er n\u00e6vnt. Brugen af Google Analytics har det eneste form\u00e5l med optimering og behovsbaseret design af vores hjemmesider. Yderligere oplysninger om de teknologier, der anvendes af Google, kan f\u00e5s via f\u00f8lgende link: <a href=\"https:\/\/marketingplatform.google.com\/about\/analytics\/\" target=\"_blank\" rel=\"noopener noreferrer\">www.google.com\/analytics<\/a>.<\/p>\n<p><strong>5. nyhedsbrev<\/strong><\/p>\n<p>Du har mulighed for at abonnere p\u00e5 vores nyhedsbrev via vores hjemmeside. Til dette har vi brug for dit navn, din e-mail-adresse, den virksomhed, du arbejder for, det land, du bor i, og dit samtykke til, at du accepterer at modtage nyhedsbrevet og behandlingen af dine personoplysninger.<\/p>\n<p>Du kan \u00e6ndre dine indstillinger for nyhedsbrev eller framelde dig vores nyhedsbrev uden varsel i dit konto omr\u00e5de eller ved at sende en e-mail til info@amiblu.com. Vi vil straks slette dine data i forbindelse med nyhedsbrevet abonnement.<\/p>\n<p><strong>6. dine rettigheder<\/strong><\/p>\n<p>Du har ret til at anmode om oplysninger fra Amiblu om de personlige data, som vi har lagret om dig. Derudover har du ret til at kr\u00e6ve, at dataene rettes, slettes, begr\u00e6nses, afvises, og at du eller en tredjepart, der er udpeget af dig, overf\u00f8res de lagrede data i en passende form.<\/p>\n<p>Hvis din anmodning ikke kan eller ikke vil blive behandlet inden for en m\u00e5ned efter modtagelsen af anmodningen, har du ret til at indgive en klage til en tilsynsmyndighed. Den ansvarlige tilsynsmyndighed er den \u00f8strigske data beskyttelses myndighed i Wien.<\/p>\n<p><strong>7. dine anmodninger<\/strong><\/p>\n<p>Hvis du har sp\u00f8rgsm\u00e5l vedr\u00f8rende beskyttelse af personlige oplysninger og rettigheder anf\u00f8rt ovenfor, bedes du kontakte Amiblu Data Protection Coordinator p\u00e5 f\u00f8lgende m\u00e5de:<\/p>\n<p>Amiblu Holding GmbH<strong><br \/>\n<\/strong>Data Protection Coordinator<\/p>\n<p>Sterneckstra\u00dfe 19<br \/>\n9020 Klagenfurt am W\u00f6rthersee<br \/>\nAustria<\/p>\n<p><img decoding=\"async\" class=\"alignnone size-full wp-image-44826\" src=\"https:\/\/www.amiblu.com\/wp-content\/uploads\/privacy@amiblu.com-address.png\" alt=\"privacy@amiblu.com\" width=\"124\" height=\"16\" \/><\/p>\n<p>Giv os dine kontaktoplysninger, navnet p\u00e5 webstedet eller tjenesten og en detaljeret beskrivelse af din foresp\u00f8rgsel eller anmodning eller af din bekymring vedr\u00f8rende databeskyttelse.<\/p>\n<p>Men vi beder om din forst\u00e5else af, at for din beskyttelse mod foresp\u00f8rgsler eller henvendelser fra uautoriserede tredjeparter, vi kun give oplysninger skriftligt til den postadresse deponeret af dig i de respektive portaler.<\/p>\n<p><strong>8. \u00e6ndringer i fortrolighedspolitikken<\/strong><\/p>\n<p>Denne databeskyttelsespolitik vil blive revideret fra tid til anden. Vi anbefaler derfor, at du regelm\u00e6ssigt tjekker privatlivspolitikken tilbage.<\/p>\n<\/div>\n<\/div>\n<\/div>\n<\/div>\n<\/div>\n<\/div>\n<\/div>\n<\/div><\/section>\n","protected":false},"excerpt":{"rendered":"","protected":false},"author":8,"featured_media":0,"parent":0,"menu_order":210,"comment_status":"closed","ping_status":"closed","template":"","meta":{"_acf_changed":false,"footnotes":""},"class_list":["post-37731","page","type-page","status-publish","hentry"],"acf":[],"yoast_head":"<!-- This site is optimized with the Yoast SEO Premium plugin v27.3 (Yoast SEO v27.4) - https:\/\/yoast.com\/product\/yoast-seo-premium-wordpress\/ -->\n<title>Politik om beskyttelse af personlige oplysninger i Amiblu koncernen<\/title>\n<meta name=\"description\" content=\"I denne Databeskyttelseserkl\u00e6ring informerer vi dig om de vigtigste aspekter af databehandling i forbindelse med vores hjemmeside.\" \/>\n<meta name=\"robots\" content=\"index, follow, max-snippet:-1, max-image-preview:large, max-video-preview:-1\" \/>\n<link rel=\"canonical\" href=\"https:\/\/www.amiblu.com\/da\/fortrolighedspolitik\/\" \/>\n<meta property=\"og:locale\" content=\"da_DK\" \/>\n<meta property=\"og:type\" content=\"article\" \/>\n<meta property=\"og:title\" content=\"Fortrolighedspolitik\" \/>\n<meta property=\"og:description\" content=\"I denne Databeskyttelseserkl\u00e6ring informerer vi dig om de vigtigste aspekter af databehandling i forbindelse med vores hjemmeside.\" \/>\n<meta property=\"og:url\" content=\"https:\/\/www.amiblu.com\/da\/fortrolighedspolitik\/\" \/>\n<meta property=\"og:site_name\" content=\"Amiblu\" \/>\n<meta property=\"article:publisher\" content=\"https:\/\/www.facebook.com\/amiblupipes\" \/>\n<meta property=\"article:modified_time\" content=\"2022-03-07T10:27:48+00:00\" \/>\n<meta property=\"og:image\" content=\"https:\/\/www.amiblu.com\/wp-content\/uploads\/privacy@amiblu.com-address.png\" \/>\n<meta name=\"twitter:card\" content=\"summary_large_image\" \/>\n<meta name=\"twitter:label1\" content=\"Estimeret l\u00e6setid\" \/>\n\t<meta name=\"twitter:data1\" content=\"5 minutter\" \/>\n<script type=\"application\/ld+json\" class=\"yoast-schema-graph\">{\"@context\":\"https:\\\/\\\/schema.org\",\"@graph\":[{\"@type\":\"WebPage\",\"@id\":\"https:\\\/\\\/www.amiblu.com\\\/da\\\/fortrolighedspolitik\\\/\",\"url\":\"https:\\\/\\\/www.amiblu.com\\\/da\\\/fortrolighedspolitik\\\/\",\"name\":\"Politik om beskyttelse af personlige oplysninger i Amiblu koncernen\",\"isPartOf\":{\"@id\":\"https:\\\/\\\/www.amiblu.com\\\/da\\\/#website\"},\"primaryImageOfPage\":{\"@id\":\"https:\\\/\\\/www.amiblu.com\\\/da\\\/fortrolighedspolitik\\\/#primaryimage\"},\"image\":{\"@id\":\"https:\\\/\\\/www.amiblu.com\\\/da\\\/fortrolighedspolitik\\\/#primaryimage\"},\"thumbnailUrl\":\"https:\\\/\\\/www.amiblu.com\\\/wp-content\\\/uploads\\\/privacy@amiblu.com-address.png\",\"datePublished\":\"2021-07-05T06:32:49+00:00\",\"dateModified\":\"2022-03-07T10:27:48+00:00\",\"description\":\"I denne Databeskyttelseserkl\u00e6ring informerer vi dig om de vigtigste aspekter af databehandling i forbindelse med vores hjemmeside.\",\"inLanguage\":\"da-DK\",\"potentialAction\":[{\"@type\":\"ReadAction\",\"target\":[\"https:\\\/\\\/www.amiblu.com\\\/da\\\/fortrolighedspolitik\\\/\"]}]},{\"@type\":\"ImageObject\",\"inLanguage\":\"da-DK\",\"@id\":\"https:\\\/\\\/www.amiblu.com\\\/da\\\/fortrolighedspolitik\\\/#primaryimage\",\"url\":\"https:\\\/\\\/www.amiblu.com\\\/wp-content\\\/uploads\\\/privacy@amiblu.com-address.png\",\"contentUrl\":\"https:\\\/\\\/www.amiblu.com\\\/wp-content\\\/uploads\\\/privacy@amiblu.com-address.png\"},{\"@type\":\"WebSite\",\"@id\":\"https:\\\/\\\/www.amiblu.com\\\/da\\\/#website\",\"url\":\"https:\\\/\\\/www.amiblu.com\\\/da\\\/\",\"name\":\"Amiblu\",\"description\":\"GFK-Rohrsysteme f\u00fcr Generationen\",\"publisher\":{\"@id\":\"https:\\\/\\\/www.amiblu.com\\\/da\\\/#organization\"},\"potentialAction\":[{\"@type\":\"SearchAction\",\"target\":{\"@type\":\"EntryPoint\",\"urlTemplate\":\"https:\\\/\\\/www.amiblu.com\\\/da\\\/?s={search_term_string}\"},\"query-input\":{\"@type\":\"PropertyValueSpecification\",\"valueRequired\":true,\"valueName\":\"search_term_string\"}}],\"inLanguage\":\"da-DK\"},{\"@type\":\"Organization\",\"@id\":\"https:\\\/\\\/www.amiblu.com\\\/da\\\/#organization\",\"name\":\"Amiblu Group\",\"url\":\"https:\\\/\\\/www.amiblu.com\\\/da\\\/\",\"logo\":{\"@type\":\"ImageObject\",\"inLanguage\":\"da-DK\",\"@id\":\"https:\\\/\\\/www.amiblu.com\\\/da\\\/#\\\/schema\\\/logo\\\/image\\\/\",\"url\":\"https:\\\/\\\/www.amiblu.com\\\/wp-content\\\/uploads\\\/2021\\\/01\\\/Amiblu-logo-website-1.png\",\"contentUrl\":\"https:\\\/\\\/www.amiblu.com\\\/wp-content\\\/uploads\\\/2021\\\/01\\\/Amiblu-logo-website-1.png\",\"width\":201,\"height\":38,\"caption\":\"Amiblu Group\"},\"image\":{\"@id\":\"https:\\\/\\\/www.amiblu.com\\\/da\\\/#\\\/schema\\\/logo\\\/image\\\/\"},\"sameAs\":[\"https:\\\/\\\/www.facebook.com\\\/amiblupipes\",\"https:\\\/\\\/www.youtube.com\\\/c\\\/Amiblu\",\"https:\\\/\\\/de.wikipedia.org\\\/wiki\\\/Amiblu\",\"https:\\\/\\\/www.linkedin.com\\\/company\\\/amiblupipes\\\/\"]}]}<\/script>\n<!-- \/ Yoast SEO Premium plugin. -->","yoast_head_json":{"title":"Politik om beskyttelse af personlige oplysninger i Amiblu koncernen","description":"I denne Databeskyttelseserkl\u00e6ring informerer vi dig om de vigtigste aspekter af databehandling i forbindelse med vores hjemmeside.","robots":{"index":"index","follow":"follow","max-snippet":"max-snippet:-1","max-image-preview":"max-image-preview:large","max-video-preview":"max-video-preview:-1"},"canonical":"https:\/\/www.amiblu.com\/da\/fortrolighedspolitik\/","og_locale":"da_DK","og_type":"article","og_title":"Fortrolighedspolitik","og_description":"I denne Databeskyttelseserkl\u00e6ring informerer vi dig om de vigtigste aspekter af databehandling i forbindelse med vores hjemmeside.","og_url":"https:\/\/www.amiblu.com\/da\/fortrolighedspolitik\/","og_site_name":"Amiblu","article_publisher":"https:\/\/www.facebook.com\/amiblupipes","article_modified_time":"2022-03-07T10:27:48+00:00","og_image":[{"url":"https:\/\/www.amiblu.com\/wp-content\/uploads\/privacy@amiblu.com-address.png","type":"","width":"","height":""}],"twitter_card":"summary_large_image","twitter_misc":{"Estimeret l\u00e6setid":"5 minutter"},"schema":{"@context":"https:\/\/schema.org","@graph":[{"@type":"WebPage","@id":"https:\/\/www.amiblu.com\/da\/fortrolighedspolitik\/","url":"https:\/\/www.amiblu.com\/da\/fortrolighedspolitik\/","name":"Politik om beskyttelse af personlige oplysninger i Amiblu koncernen","isPartOf":{"@id":"https:\/\/www.amiblu.com\/da\/#website"},"primaryImageOfPage":{"@id":"https:\/\/www.amiblu.com\/da\/fortrolighedspolitik\/#primaryimage"},"image":{"@id":"https:\/\/www.amiblu.com\/da\/fortrolighedspolitik\/#primaryimage"},"thumbnailUrl":"https:\/\/www.amiblu.com\/wp-content\/uploads\/privacy@amiblu.com-address.png","datePublished":"2021-07-05T06:32:49+00:00","dateModified":"2022-03-07T10:27:48+00:00","description":"I denne Databeskyttelseserkl\u00e6ring informerer vi dig om de vigtigste aspekter af databehandling i forbindelse med vores hjemmeside.","inLanguage":"da-DK","potentialAction":[{"@type":"ReadAction","target":["https:\/\/www.amiblu.com\/da\/fortrolighedspolitik\/"]}]},{"@type":"ImageObject","inLanguage":"da-DK","@id":"https:\/\/www.amiblu.com\/da\/fortrolighedspolitik\/#primaryimage","url":"https:\/\/www.amiblu.com\/wp-content\/uploads\/privacy@amiblu.com-address.png","contentUrl":"https:\/\/www.amiblu.com\/wp-content\/uploads\/privacy@amiblu.com-address.png"},{"@type":"WebSite","@id":"https:\/\/www.amiblu.com\/da\/#website","url":"https:\/\/www.amiblu.com\/da\/","name":"Amiblu","description":"GFK-Rohrsysteme f\u00fcr Generationen","publisher":{"@id":"https:\/\/www.amiblu.com\/da\/#organization"},"potentialAction":[{"@type":"SearchAction","target":{"@type":"EntryPoint","urlTemplate":"https:\/\/www.amiblu.com\/da\/?s={search_term_string}"},"query-input":{"@type":"PropertyValueSpecification","valueRequired":true,"valueName":"search_term_string"}}],"inLanguage":"da-DK"},{"@type":"Organization","@id":"https:\/\/www.amiblu.com\/da\/#organization","name":"Amiblu Group","url":"https:\/\/www.amiblu.com\/da\/","logo":{"@type":"ImageObject","inLanguage":"da-DK","@id":"https:\/\/www.amiblu.com\/da\/#\/schema\/logo\/image\/","url":"https:\/\/www.amiblu.com\/wp-content\/uploads\/2021\/01\/Amiblu-logo-website-1.png","contentUrl":"https:\/\/www.amiblu.com\/wp-content\/uploads\/2021\/01\/Amiblu-logo-website-1.png","width":201,"height":38,"caption":"Amiblu Group"},"image":{"@id":"https:\/\/www.amiblu.com\/da\/#\/schema\/logo\/image\/"},"sameAs":["https:\/\/www.facebook.com\/amiblupipes","https:\/\/www.youtube.com\/c\/Amiblu","https:\/\/de.wikipedia.org\/wiki\/Amiblu","https:\/\/www.linkedin.com\/company\/amiblupipes\/"]}]}},"_links":{"self":[{"href":"https:\/\/www.amiblu.com\/da\/wp-json\/wp\/v2\/pages\/37731","targetHints":{"allow":["GET"]}}],"collection":[{"href":"https:\/\/www.amiblu.com\/da\/wp-json\/wp\/v2\/pages"}],"about":[{"href":"https:\/\/www.amiblu.com\/da\/wp-json\/wp\/v2\/types\/page"}],"author":[{"embeddable":true,"href":"https:\/\/www.amiblu.com\/da\/wp-json\/wp\/v2\/users\/8"}],"replies":[{"embeddable":true,"href":"https:\/\/www.amiblu.com\/da\/wp-json\/wp\/v2\/comments?post=37731"}],"version-history":[{"count":8,"href":"https:\/\/www.amiblu.com\/da\/wp-json\/wp\/v2\/pages\/37731\/revisions"}],"predecessor-version":[{"id":44876,"href":"https:\/\/www.amiblu.com\/da\/wp-json\/wp\/v2\/pages\/37731\/revisions\/44876"}],"wp:attachment":[{"href":"https:\/\/www.amiblu.com\/da\/wp-json\/wp\/v2\/media?parent=37731"}],"curies":[{"name":"wp","href":"https:\/\/api.w.org\/{rel}","templated":true}]}}