{"id":40317,"date":"2021-08-11T10:32:37","date_gmt":"2021-08-11T08:32:37","guid":{"rendered":"https:\/\/www.amiblu.com\/?page_id=40317"},"modified":"2023-01-30T12:24:59","modified_gmt":"2023-01-30T11:24:59","slug":"copyright","status":"publish","type":"page","link":"https:\/\/www.amiblu.com\/de\/copyright\/","title":{"rendered":"Copyright DE"},"content":{"rendered":"<\/p>\n<section  class='av_textblock_section av-ko8k9xz1-f783c81f6a613007f5b48c54d539bc2e '   itemscope=\"itemscope\" itemtype=\"https:\/\/schema.org\/CreativeWork\" ><div class='avia_textblock'  itemprop=\"text\" ><div class=\"vc_row wpb_row section vc_row-fluid grid_section\">\n<div class=\" section_inner clearfix\">\n<div class=\"section_inner_margin clearfix\">\n<div class=\"wpb_column vc_column_container vc_col-sm-12\">\n<div class=\"vc_column-inner\">\n<div class=\"wpb_wrapper\">\n<div class=\"vc_empty_space\"><\/div>\n<div class=\"vc_row wpb_row section vc_row-fluid vc_inner \">\n<div class=\" full_section_inner clearfix\">\n<div class=\"wpb_column vc_column_container vc_col-sm-8\">\n<div class=\"vc_column-inner\">\n<div class=\"wpb_wrapper\">\n<div class=\"wpb_text_column wpb_content_element \">\n<div class=\"wpb_wrapper\">\n<h1>Schutz Urheberrecht\/Copyright, Haftungsbeschr\u00e4nkung <br class=\"avia-permanent-lb\" \/><br class=\"avia-permanent-lb\" \/><\/h1>\n<p><span style=\"font-size: 28px; font-weight: 600;\">I. Copyright\/Urheberrecht:<\/span><\/p>\n<p><span dir=\"ltr\">Alle Inhalte \u2013 insbesonde<\/span><span dir=\"ltr\">re technische Zeichnungen, Skizzen, Grafiken <\/span><span dir=\"ltr\">und Fotos \u2013 sind urheberrechtlich <\/span><span dir=\"ltr\">gesch\u00fctzt. <\/span><span dir=\"ltr\">Das<\/span><span dir=\"ltr\"> Recht<\/span><span dir=\"ltr\"> zur<\/span><span dir=\"ltr\"> Ver\u00f6ffentlichung,<\/span><span dir=\"ltr\"> Verbreitung,<\/span><span dir=\"ltr\"> Bearbeitung<\/span><span dir=\"ltr\"> und<\/span><span dir=\"ltr\"> \u00dcbersetzung<\/span><span dir=\"ltr\"> verbleibt<\/span><span dir=\"ltr\"> der <\/span><span dir=\"ltr\">Nutzungsgeberin<\/span><span dir=\"ltr\"> vorbehalten<\/span><span dir=\"ltr\">. Ausgenommen<\/span><span dir=\"ltr\"> davon<\/span><span dir=\"ltr\"> sind<\/span><span dir=\"ltr\"> ausdr\u00fccklich<\/span><span dir=\"ltr\"> besonders <\/span><span dir=\"ltr\">gekennzeichnete<\/span><span dir=\"ltr\">, lizensierte oder f\u00fcr konkrete Projekte oder \u00f6ffentliche Ausschreibungen <\/span><span dir=\"ltr\">erstellte<\/span><span dir=\"ltr\"> Werke,<\/span><span dir=\"ltr\"> diese<\/span><span dir=\"ltr\"> d\u00fcrfen<\/span><span dir=\"ltr\"> entsprechend<\/span><span dir=\"ltr\"> den<\/span><span dir=\"ltr\"> unter<\/span><span dir=\"ltr\"> Punkt<\/span><span dir=\"ltr\"> II.<\/span><span dir=\"ltr\"> angef\u00fchrten <\/span><span dir=\"ltr\">Nutzungsbedingungen verwendet werden. <\/span><span dir=\"ltr\">Das <\/span><span dir=\"ltr\">Anfertigen <\/span><span dir=\"ltr\">von <\/span><span dir=\"ltr\">Kopien <\/span><span dir=\"ltr\">ist ohne <\/span><span dir=\"ltr\">weitere Zustimmung erlaubt <\/span><span dir=\"ltr\">(Vervielf\u00e4ltigungsrecht). <\/span><span dir=\"ltr\">Falls Sie die Inhalte dieses Werkes verwenden m\u00f6chten ersuchen w<\/span><span dir=\"ltr\">ir um Kontaktaufnahme <\/span><span dir=\"ltr\">beim Verfasser de<\/span><span dir=\"ltr\">r technischen <\/span><span dir=\"ltr\">Unterlage.<\/span><\/p>\n<p><strong>Hinweis: Wer gegen das Urheberrecht verst\u00f6\u00dft, macht sich gem\u00e4\u00df den einschl\u00e4gigen gesetzlichen Bestimmungen strafbar, wird zudem kostenpflichtig abgemahnt und muss Schadenersatz leisten.\u00a0<\/strong><\/p>\n<h2>II. Nutzungsbedingungen:<\/h2>\n<p><span dir=\"ltr\"><strong>Nutzungsgeberin<\/strong> ist eine Gesellschaft der Amiblu Gruppe. <\/span><\/p>\n<p><span dir=\"ltr\"><strong>Nutzer<\/strong> ist der Empf\u00e4nger des Werkes, welches von Amiblu erstellt wurde.\u00a0<\/span><\/p>\n<p><strong>Pr\u00e4ambel<\/strong><\/p>\n<p><span dir=\"ltr\">Die Amiblu Gruppe ist der weltweit gr\u00f6\u00dfte Hersteller und Technologiepartner von glasfaserverst\u00e4rkten Kunststoffen (GFK) Rohr-Systemen und GFK-L\u00f6sungen. Die Nutzungsgeberin erbringt Werke in Form von technischen Ausarbeitungen f\u00fcr Projekte und \u00f6ffentliche Ausschreibungen f\u00fcr die Verwendung der Amiblu GFK-Produkte.<\/span><\/p>\n<p><strong>1. Rechtsbeziehung Nutzungsgeberin\/Nutzer<\/strong><\/p>\n<p><span dir=\"ltr\">Mit der Verwendung de<\/span><span dir=\"ltr\">s Werkes <\/span><span dir=\"ltr\">(z.B. der <\/span><span dir=\"ltr\">technischen Ausarbeitung<\/span><span dir=\"ltr\">) <\/span><span dir=\"ltr\">kommt kein <\/span><span dir=\"ltr\">Beratungs<\/span><span dir=\"ltr\">\u2013<\/span><span dir=\"ltr\">oder Informationsvertrag zwischen <\/span><span dir=\"ltr\">Nutzungsgeberin und <\/span><span dir=\"ltr\">dem Nutzer <\/span><span dir=\"ltr\">zustande. <\/span><span dir=\"ltr\">Insoweit bestehen keine vertraglichen oder <\/span><span dir=\"ltr\">quasivertraglichen Anspr\u00fcche<\/span><span dir=\"ltr\">des Nutzers<\/span><span dir=\"ltr\">gegen <\/span><span dir=\"ltr\">die Nutzungsgeberin<\/span>.<\/p>\n<p><strong>2. <span dir=\"ltr\">G<\/span><span dir=\"ltr\">e<\/span><span dir=\"ltr\">ge<\/span><span dir=\"ltr\">nstand<\/span><\/strong><\/p>\n<p><span dir=\"ltr\">Die Nutzungsgeberin ist Inhaberin der Verwertungsrechte f\u00fcr die von ihren Mitarbeitern bzw. von Dritten in ihrem Auftrag erbrachten <strong>Ausarbeitungen, erstellten technischen Zeichnungen, Skizzen, Grafiken und Fotos<\/strong> (im Folgenden \u201e<strong>Werke<\/strong>\u201c). Die Nutzungsgeberin stellt die Werke gem\u00e4\u00df den nachfolgenden Nutzungsbedingungen an den Nutzer zur Verf\u00fcgungund der Nutzer nimmt diese zur Kenntnis und erkl\u00e4rt sich ausdr\u00fccklichmit deren Einhaltung einverstanden.<\/span><\/p>\n<p><strong>3. Rechtseinr\u00e4umung<\/strong><\/p>\n<p>3.1 Die Nutzungsgeberinr\u00e4umt dem Nutzerdas nicht ausschlie\u00dfliche Recht ein die Werke f\u00fcr die Planung des jeweils bestimmen Projektes bzw. die jeweilige Ausschreibung zuverwenden, zu vervielf\u00e4ltigen, zu verbreitenund den Projektbeteiligten zur Verf\u00fcgung zu stellen. Jede dar\u00fcber hinaus gehende Verwendung der Werke bedarf der vorherigen schriftlichen Zustimmung durch Amiblu.<\/p>\n<p>3.2 Bearbeitungen oder Ab\u00e4nderung eines Werkes, wie z.B. K\u00fcrzung, Teilung, Verbindung mit anderen Werken k\u00f6nnen dazu f\u00fchren, dass die vom Nutzer erwartete Funktion nicht mehr gegeben ist. Die Nutzungsgeberin empfiehlt dem Nutzer daher dringend, eventuelle \u00c4nderungen mit ihr ab zu stimmen.<\/p>\n<p>3.3 Der Nutzer ist nicht berechtigt, die Werke f\u00fcr die Planung von anderen als das jeweils f\u00fcr den Einzelfall bestimmte Projekt oder die jeweilige Ausschreibung zu verwenden und ist insbesondere nicht berechtigt, die Werke in der Art zu verwenden, dass Mitbewerber von Amiblu dadurch bevorteilt werden (z.B. Verwendung f\u00fcr Fremd-Produkte, d.h. nicht von Amiblu gelieferte GFK Produkte oder Produkte aus anderen Materialien (nicht GFK)).<\/p>\n<p><strong>4. <span dir=\"ltr\">Rechte und Pflichten de<\/span><span dir=\"ltr\">r <\/span><span dir=\"ltr\">Nutzungsgeberin<\/span><\/strong><\/p>\n<p>4.1 Die Nutzungsgeberin \u00fcbergibt die Werke in digitaler und\/oder k\u00f6rperlicher Form (Ausdruck) an den Nutzer.<\/p>\n<p>4.2 Die Nutzungsgeberin ist weiterhin berechtigt, die Werke, in welcher Form auch immer, an Dritte zu \u00fcbergeben.<\/p>\n<p><strong>5. <span dir=\"ltr\">Rechte und Pflichten des <\/span><span dir=\"ltr\">Nutzer<\/span><span dir=\"ltr\">s<\/span><\/strong><\/p>\n<p><span dir=\"ltr\">5<\/span><span dir=\"ltr\">.1 <\/span><span dir=\"ltr\">Der Nutzer ist nicht berechtigt die Werke f\u00fcr andere als den mit der <\/span><span dir=\"ltr\">Nutzungsgeberin vereinbarten Zweck (z.B. Ausschreibung, definiertes Projekt, <\/span><span dir=\"ltr\">Verwendung von technischen <\/span><span dir=\"ltr\">Unterlagen (Datenbl\u00e4tter, Systemzeichnungen) in <\/span><span dir=\"ltr\">Projektunterlagen) zu verwenden.<\/span><\/p>\n<p><span dir=\"ltr\">5<\/span><span dir=\"ltr\">.2 <\/span><span dir=\"ltr\">Der <\/span><span dir=\"ltr\">Nutzer <\/span><span dir=\"ltr\">ist zur Aus\u00fcbung der ihm i<\/span><span dir=\"ltr\">m Punkt <\/span><span dir=\"ltr\">2. \u201eGegenstand\u201c <\/span><span dir=\"ltr\">\u00fcbertragenen Rechte <\/span><span dir=\"ltr\">nicht <\/span><span dir=\"ltr\">verpflichtet. <\/span><\/p>\n<p><span dir=\"ltr\">5<\/span><span dir=\"ltr\">.3 <\/span><span dir=\"ltr\">Der <\/span><span dir=\"ltr\">Nutzer <\/span><span dir=\"ltr\">ist verpflichtet, <\/span><span dir=\"ltr\">auf jeder <\/span><span dir=\"ltr\">Vervielf\u00e4ltigung <\/span><span dir=\"ltr\">des <\/span><span dir=\"ltr\">Werk<\/span><span dir=\"ltr\">es an <\/span><span dir=\"ltr\">sichtbarer <\/span><span dir=\"ltr\">Stelle <\/span><span dir=\"ltr\">den folgenden <\/span><span dir=\"ltr\">Copyright<\/span><span dir=\"ltr\">\u2013<\/span><span dir=\"ltr\">bzw. Urheberrechts<\/span><span dir=\"ltr\">\u2013<\/span><span dir=\"ltr\">Vermerk <\/span><span dir=\"ltr\">zu belassen bzw. <\/span><span dir=\"ltr\">anzubringen<\/span>:<\/p>\n<p>\u201e\u00a9 Copyright August 2020 \u2013 <span dir=\"ltr\">Urheberrechtshinweis. Vgl. Nutzungsbedingungen unter<\/span>\u00a0<a href=\"http:\/\/www.amiblu.com\">www.amiblu.com<\/a>.\u201c<\/p>\n<p><strong>6. <span dir=\"ltr\">\u00dcbertragbarkeit\/Unterlizenzen<\/span><\/strong><\/p>\n<p><span dir=\"ltr\">6<\/span><span dir=\"ltr\">.1 <\/span><span dir=\"ltr\">Der <\/span><span dir=\"ltr\">Nutzer <\/span><span dir=\"ltr\">ist nicht berechtigt, die ihm in Bezug auf die Werke erteilten <\/span><span dir=\"ltr\">Rechte an <\/span><span dir=\"ltr\">Dritte <\/span><span dir=\"ltr\">zu \u00fcbertragen oder f\u00fcr diese Unterlizenzen zu erteilen, <\/span><span dir=\"ltr\">au\u00dfer d<\/span><span dir=\"ltr\">ie <\/span><span dir=\"ltr\">Nutzungsgeberin <\/span><span dir=\"ltr\">hat vorher dazu <\/span><span dir=\"ltr\">ihre <\/span><span dir=\"ltr\">ausdr\u00fcckliche schriftliche Zustimmung <\/span><span dir=\"ltr\">erteilt. <\/span><\/p>\n<p><span dir=\"ltr\">6<\/span><span dir=\"ltr\">.<\/span><span dir=\"ltr\">2 <\/span><span dir=\"ltr\">Soweit der <\/span><span dir=\"ltr\">Nutzer <\/span><span dir=\"ltr\">im Einzelfall Verf\u00fcgungen gem<\/span><span dir=\"ltr\">\u00e4\u00df Punk. 5.1 <\/span><span dir=\"ltr\">trifft, bleibt der <\/span><span dir=\"ltr\">Nutzer<\/span><span dir=\"ltr\">, <\/span><span dir=\"ltr\">neben dem Erwerber\/Sub<\/span><span dir=\"ltr\">n<\/span><span dir=\"ltr\">utzer<\/span><span dir=\"ltr\">, de<\/span><span dir=\"ltr\">r <\/span><span dir=\"ltr\">Nutzungsgeberin <\/span><span dir=\"ltr\">im vollen Umfang f\u00fcr die <\/span><span dir=\"ltr\">Einhaltung aller Verpflichtungen <\/span><span dir=\"ltr\">im Zusammenhang mit den Werken <\/span><span dir=\"ltr\">und aller <\/span><span dir=\"ltr\">Sch\u00e4den aus der<\/span><span dir=\"ltr\">en <\/span><span dir=\"ltr\">Nicht<\/span><span dir=\"ltr\">einhaltung <\/span><span dir=\"ltr\">durch den Erwerber\/Sub<\/span><span dir=\"ltr\">n<\/span><span dir=\"ltr\">utzer <\/span><span dir=\"ltr\">solidarisch <\/span><span dir=\"ltr\">haftb<\/span><span dir=\"ltr\">ar (Schuldbeitritt).<\/span><\/p>\n<p><strong>7. <span dir=\"ltr\">Gew\u00e4hrleistungen de<\/span><span dir=\"ltr\">r <\/span><span dir=\"ltr\">Nutzungsgeberin<\/span><\/strong><\/p>\n<p><span dir=\"ltr\">Die Nutzungsgeberin erkl\u00e4rt, dass sie \u00fcber die Nutzungsrechte der Werke verf\u00fcgt und insbesondere berechtigt ist, Dritten Nutzungsberechtigungen bzw. Lizenzen zur Verwertung der Werke zu erteilen.<\/span><\/p>\n<p><strong>8. <span dir=\"ltr\">Haftungsbeschr\u00e4nkung<\/span><span dir=\"ltr\">der Nutzungsgeberin<\/span><\/strong><\/p>\n<p><span dir=\"ltr\">8.1 F\u00fcr die erbrachten Leistungen gelten, soweit anwendbar, die allgemeinen Verkaufsbedingungen von Amiblu, abrufbar unter <a href=\"https:\/\/www.amiblu.com\/wp-content\/uploads\/AGB-Amiblu-DE.pdf\">https:\/\/www.amiblu.com\/wp-content\/uploads\/AGB-Amiblu-DE.pdf<\/a>.<\/span><\/p>\n<p>8.2 <span dir=\"ltr\">Amiblu weist ausdr\u00fccklich dara<\/span><span dir=\"ltr\">uf hin, dass die technischen Ausarbeitungen <\/span><span dir=\"ltr\">theoretischer Natur sind. Die Ergebnisse k\u00f6nnen in der Praxis nur erzielt werden, <\/span><span dir=\"ltr\">wenn die Annahmen den realen Baustellenbedingungen Vor<\/span><span dir=\"ltr\">\u2013<\/span><span dir=\"ltr\">Ort entsprechen<\/span>.<\/p>\n<p>8.3 <span dir=\"ltr\">Die <\/span><span dir=\"ltr\">Unterlagen<\/span><span dir=\"ltr\">wurden gem\u00e4\u00df der fachkundigen Meinung von Amiblu zuverl\u00e4ssig und <\/span><span dir=\"ltr\">sorgf\u00e4ltig <\/span><span dir=\"ltr\">erstellt<\/span><span dir=\"ltr\">. Amiblu \u00fcbernimmt keine Gew\u00e4hr f\u00fcr die Vollst\u00e4ndigkeit und <\/span><span dir=\"ltr\">Richtigk<\/span><span dir=\"ltr\">e<\/span><span dir=\"ltr\">it der <\/span><span dir=\"ltr\">technischen Inhalte<\/span><span dir=\"ltr\">.<\/span><span dir=\"ltr\">Dies betrifft insbesondere die Anwendung von <\/span><span dir=\"ltr\">Nicht<\/span><span dir=\"ltr\">\u2013<\/span><span dir=\"ltr\">Amiblu<\/span><span dir=\"ltr\">\u2013<\/span><span dir=\"ltr\">Produkten oder d<\/span><span dir=\"ltr\">ie Verwendung der <\/span><span dir=\"ltr\">Ausarbeitung<\/span><span dir=\"ltr\">\/Werke f\u00fcr andere <\/span><span dir=\"ltr\">(nicht vereinbarte) Projekte und Ausschreibungen<\/span>.<\/p>\n<p>8.4 <span dir=\"ltr\">Die von Amiblu erstellten <\/span><span dir=\"ltr\">Unterlagen <\/span><span dir=\"ltr\">sind eine Serviceleistung in der Projektierungs<\/span><span dir=\"ltr\">\u2013<\/span><span dir=\"ltr\">oder <\/span><span dir=\"ltr\">Ausf\u00fchrungsphase <\/span><span dir=\"ltr\">und <\/span><span dir=\"ltr\">werden <\/span><span dir=\"ltr\">\u00fcblicherweise <\/span><span dir=\"ltr\">Bestandteil <\/span><span dir=\"ltr\">der <\/span><span dir=\"ltr\">Proje<\/span><span dir=\"ltr\">ktdokumentation. Amiblu \u00fcbernimmt keine Haftung f\u00fcr die Anwendbarkeit der <\/span><span dir=\"ltr\">Berechnungsergebnisse im Fall von Abweichungen von den zugrunde liegenden <\/span><span dir=\"ltr\">Annahmen. <\/span><span dir=\"ltr\">Amiblu \u00fcbernimmt insbesondere keine Haftung, wenn die Werke auf <\/span><span dir=\"ltr\">Fremdprodukte, d.h. nicht von Amib<\/span><span dir=\"ltr\">lu gelieferte GFK Produkte, oder Produkte aus <\/span><span dir=\"ltr\">anderen Materialen (nicht GFK), angewandt werden.<\/span><\/p>\n<p>8.5 <span dir=\"ltr\">Die <\/span><span dir=\"ltr\">Nutzungsgeberin erstellt die <\/span><span dir=\"ltr\">Werke <\/span><span dir=\"ltr\">jeweils f\u00fcr ein konkretes Projekt, eine <\/span><span dir=\"ltr\">konkrete Ausschreibung und geht dabei ausschlie\u00dflich vom Einsatz von <\/span><span dir=\"ltr\">Amiblu\/Flowtite\/Hobas Produkten aus. F\u00fcr den Fall der nicht bestimmungsgem\u00e4\u00dfen <\/span><span dir=\"ltr\">Nutzung der Werke \u00fcbernimmt die Nutzungsgeberin keinerlei Haftung<\/span>.<\/p>\n<p><strong>9. <span dir=\"ltr\">Nutzungsgeb\u00fchr<\/span><\/strong><\/p>\n<p><span dir=\"ltr\">Die <\/span><span dir=\"ltr\">Nutzungsgeberin <\/span><span dir=\"ltr\">verzichtet <\/span><span dir=\"ltr\">bis auf Weiteres <\/span><span dir=\"ltr\">auf die Einhebung einer <\/span><span dir=\"ltr\">Nutzungsgeb\u00fchr <\/span><span dir=\"ltr\">f\u00fcr die Werke. Sie beh\u00e4lt sich jedoch das Recht vor, Kostenersatz <\/span><span dir=\"ltr\">f\u00fcr die von ihr im <\/span><span dir=\"ltr\">Zusammenhang mit de<\/span><span dir=\"ltr\">r Erstellung der <\/span><span dir=\"ltr\">Werk<\/span><span dir=\"ltr\">e <\/span><span dir=\"ltr\">get\u00e4tigten Aufwendungen <\/span><span dir=\"ltr\">vom <\/span><span dir=\"ltr\">Nutzer <\/span><span dir=\"ltr\">zu <\/span><span dir=\"ltr\">verlangen, insbesondere, <\/span><span dir=\"ltr\">falls <\/span><span dir=\"ltr\">der Auftrag auf Grund der nicht vereinbarungsgem\u00e4\u00dfen <\/span><span dir=\"ltr\">Verwend<\/span><span dir=\"ltr\">ung der Werke durch den Nutzer (z.B. f\u00fcr Nicht<\/span><span dir=\"ltr\">\u2013<\/span><span dir=\"ltr\">Amiblu<\/span><span dir=\"ltr\">\u2013<\/span><span dir=\"ltr\">Produkte) an einen <\/span><span dir=\"ltr\">Dritten <\/span><span dir=\"ltr\">erteilt wird<\/span>.<\/p>\n<p><strong>10. Dauer<\/strong><\/p>\n<p><span dir=\"ltr\">Diese <\/span><span dir=\"ltr\">Nutzungsbedin<\/span><span dir=\"ltr\">g<\/span><span dir=\"ltr\">ungen gelten<\/span><span dir=\"ltr\">bis auf Weiteres <\/span><span dir=\"ltr\">unbefristet<\/span><span dir=\"ltr\">.<\/span><\/p>\n<p><strong>11. <span dir=\"ltr\">Sonstige B<\/span><span dir=\"ltr\">estimmungen<\/span><\/strong><\/p>\n<p>11.1 <span dir=\"ltr\">Erf\u00fcllungsort <\/span><span dir=\"ltr\">f\u00fcr die Nutzungsgeberin und den Nutzer <\/span><span dir=\"ltr\">ist <\/span><span dir=\"ltr\">am Sitz der <\/span><span dir=\"ltr\">Nutzungsgeberin<\/span><span dir=\"ltr\">. F\u00fcr s\u00e4mtliche Streitigkeiten aus oder i<\/span><span dir=\"ltr\">m Zusammenhang mit <\/span><span dir=\"ltr\">diese<\/span><span dir=\"ltr\">n Nutzungsbedingungen <\/span><span dir=\"ltr\">gilt die <\/span><span dir=\"ltr\">ausschlie\u00dfliche Zust\u00e4ndigkeit des sachlich <\/span><span dir=\"ltr\">zust\u00e4ndigen Gerichtes <\/span><span dir=\"ltr\">am Sitz der <\/span><span dir=\"ltr\">Nutzungsgeber<\/span><span dir=\"ltr\">in<\/span>.<\/p>\n<p>11.2 <span dir=\"ltr\">Auf diese<\/span><span dir=\"ltr\">Nutzungsbedingungen <\/span><span dir=\"ltr\">findet ausschlie\u00dflich <\/span><span dir=\"ltr\">das <\/span><span dir=\"ltr\">im Land der <\/span><span dir=\"ltr\">N<\/span><span dir=\"ltr\">utzungsgeberin<\/span><span dir=\"ltr\">lokale Recht <\/span><span dir=\"ltr\">unter Ausschluss der darin enthaltenen <\/span><span dir=\"ltr\">Weiterverweisungsnormen Anwendung<\/span>.<\/p>\n<\/div>\n<\/div>\n<\/div>\n<\/div>\n<\/div>\n<div class=\"wpb_column vc_column_container vc_col-sm-2\">\n<div class=\"vc_column-inner\">\n<div class=\"wpb_wrapper\"><\/div>\n<\/div>\n<\/div>\n<div class=\"wpb_column vc_column_container vc_col-sm-2\">\n<div class=\"vc_column-inner\">\n<div class=\"wpb_wrapper\"><\/div>\n<\/div>\n<\/div>\n<\/div>\n<\/div>\n<div class=\"vc_empty_space\"><\/div>\n<\/div>\n<\/div>\n<\/div>\n<\/div>\n<\/div>\n<\/div>\n<\/div><\/section>\n","protected":false},"excerpt":{"rendered":"","protected":false},"author":8,"featured_media":0,"parent":0,"menu_order":190,"comment_status":"closed","ping_status":"closed","template":"","meta":{"_acf_changed":false,"footnotes":""},"class_list":["post-40317","page","type-page","status-publish","hentry"],"acf":[],"yoast_head":"<!-- This site is optimized with the Yoast SEO Premium plugin v27.4 (Yoast SEO v27.5) - https:\/\/yoast.com\/product\/yoast-seo-premium-wordpress\/ -->\n<title>Copyright DE - Amiblu<\/title>\n<meta name=\"robots\" content=\"noindex, follow\" \/>\n<meta property=\"og:locale\" content=\"de_DE\" \/>\n<meta property=\"og:type\" content=\"article\" \/>\n<meta property=\"og:title\" content=\"Copyright DE\" \/>\n<meta property=\"og:url\" content=\"https:\/\/www.amiblu.com\/de\/copyright\/\" \/>\n<meta property=\"og:site_name\" content=\"Amiblu\" \/>\n<meta property=\"article:publisher\" content=\"https:\/\/www.facebook.com\/amiblupipes\" \/>\n<meta property=\"article:modified_time\" content=\"2023-01-30T11:24:59+00:00\" \/>\n<meta name=\"twitter:card\" content=\"summary_large_image\" \/>\n<meta name=\"twitter:label1\" content=\"Gesch\u00e4tzte Lesezeit\" \/>\n\t<meta name=\"twitter:data1\" content=\"5\u00a0Minuten\" \/>\n<script type=\"application\/ld+json\" class=\"yoast-schema-graph\">{\"@context\":\"https:\\\/\\\/schema.org\",\"@graph\":[{\"@type\":\"WebPage\",\"@id\":\"https:\\\/\\\/www.amiblu.com\\\/de\\\/copyright\\\/\",\"url\":\"https:\\\/\\\/www.amiblu.com\\\/de\\\/copyright\\\/\",\"name\":\"Copyright DE - Amiblu\",\"isPartOf\":{\"@id\":\"https:\\\/\\\/www.amiblu.com\\\/de\\\/#website\"},\"datePublished\":\"2021-08-11T08:32:37+00:00\",\"dateModified\":\"2023-01-30T11:24:59+00:00\",\"inLanguage\":\"de\",\"potentialAction\":[{\"@type\":\"ReadAction\",\"target\":[\"https:\\\/\\\/www.amiblu.com\\\/de\\\/copyright\\\/\"]}]},{\"@type\":\"WebSite\",\"@id\":\"https:\\\/\\\/www.amiblu.com\\\/de\\\/#website\",\"url\":\"https:\\\/\\\/www.amiblu.com\\\/de\\\/\",\"name\":\"Amiblu\",\"description\":\"GFK-Rohrsysteme f\u00fcr Generationen\",\"publisher\":{\"@id\":\"https:\\\/\\\/www.amiblu.com\\\/de\\\/#organization\"},\"potentialAction\":[{\"@type\":\"SearchAction\",\"target\":{\"@type\":\"EntryPoint\",\"urlTemplate\":\"https:\\\/\\\/www.amiblu.com\\\/de\\\/?s={search_term_string}\"},\"query-input\":{\"@type\":\"PropertyValueSpecification\",\"valueRequired\":true,\"valueName\":\"search_term_string\"}}],\"inLanguage\":\"de\"},{\"@type\":\"Organization\",\"@id\":\"https:\\\/\\\/www.amiblu.com\\\/de\\\/#organization\",\"name\":\"Amiblu Group\",\"url\":\"https:\\\/\\\/www.amiblu.com\\\/de\\\/\",\"logo\":{\"@type\":\"ImageObject\",\"inLanguage\":\"de\",\"@id\":\"https:\\\/\\\/www.amiblu.com\\\/de\\\/#\\\/schema\\\/logo\\\/image\\\/\",\"url\":\"https:\\\/\\\/www.amiblu.com\\\/wp-content\\\/uploads\\\/2021\\\/01\\\/Amiblu-logo-website-1.png\",\"contentUrl\":\"https:\\\/\\\/www.amiblu.com\\\/wp-content\\\/uploads\\\/2021\\\/01\\\/Amiblu-logo-website-1.png\",\"width\":201,\"height\":38,\"caption\":\"Amiblu Group\"},\"image\":{\"@id\":\"https:\\\/\\\/www.amiblu.com\\\/de\\\/#\\\/schema\\\/logo\\\/image\\\/\"},\"sameAs\":[\"https:\\\/\\\/www.facebook.com\\\/amiblupipes\",\"https:\\\/\\\/www.youtube.com\\\/c\\\/Amiblu\",\"https:\\\/\\\/de.wikipedia.org\\\/wiki\\\/Amiblu\",\"https:\\\/\\\/www.linkedin.com\\\/company\\\/amiblupipes\\\/\"]}]}<\/script>\n<!-- \/ Yoast SEO Premium plugin. -->","yoast_head_json":{"title":"Copyright DE - Amiblu","robots":{"index":"noindex","follow":"follow"},"og_locale":"de_DE","og_type":"article","og_title":"Copyright DE","og_url":"https:\/\/www.amiblu.com\/de\/copyright\/","og_site_name":"Amiblu","article_publisher":"https:\/\/www.facebook.com\/amiblupipes","article_modified_time":"2023-01-30T11:24:59+00:00","twitter_card":"summary_large_image","twitter_misc":{"Gesch\u00e4tzte Lesezeit":"5\u00a0Minuten"},"schema":{"@context":"https:\/\/schema.org","@graph":[{"@type":"WebPage","@id":"https:\/\/www.amiblu.com\/de\/copyright\/","url":"https:\/\/www.amiblu.com\/de\/copyright\/","name":"Copyright DE - Amiblu","isPartOf":{"@id":"https:\/\/www.amiblu.com\/de\/#website"},"datePublished":"2021-08-11T08:32:37+00:00","dateModified":"2023-01-30T11:24:59+00:00","inLanguage":"de","potentialAction":[{"@type":"ReadAction","target":["https:\/\/www.amiblu.com\/de\/copyright\/"]}]},{"@type":"WebSite","@id":"https:\/\/www.amiblu.com\/de\/#website","url":"https:\/\/www.amiblu.com\/de\/","name":"Amiblu","description":"GFK-Rohrsysteme f\u00fcr Generationen","publisher":{"@id":"https:\/\/www.amiblu.com\/de\/#organization"},"potentialAction":[{"@type":"SearchAction","target":{"@type":"EntryPoint","urlTemplate":"https:\/\/www.amiblu.com\/de\/?s={search_term_string}"},"query-input":{"@type":"PropertyValueSpecification","valueRequired":true,"valueName":"search_term_string"}}],"inLanguage":"de"},{"@type":"Organization","@id":"https:\/\/www.amiblu.com\/de\/#organization","name":"Amiblu Group","url":"https:\/\/www.amiblu.com\/de\/","logo":{"@type":"ImageObject","inLanguage":"de","@id":"https:\/\/www.amiblu.com\/de\/#\/schema\/logo\/image\/","url":"https:\/\/www.amiblu.com\/wp-content\/uploads\/2021\/01\/Amiblu-logo-website-1.png","contentUrl":"https:\/\/www.amiblu.com\/wp-content\/uploads\/2021\/01\/Amiblu-logo-website-1.png","width":201,"height":38,"caption":"Amiblu Group"},"image":{"@id":"https:\/\/www.amiblu.com\/de\/#\/schema\/logo\/image\/"},"sameAs":["https:\/\/www.facebook.com\/amiblupipes","https:\/\/www.youtube.com\/c\/Amiblu","https:\/\/de.wikipedia.org\/wiki\/Amiblu","https:\/\/www.linkedin.com\/company\/amiblupipes\/"]}]}},"_links":{"self":[{"href":"https:\/\/www.amiblu.com\/de\/wp-json\/wp\/v2\/pages\/40317","targetHints":{"allow":["GET"]}}],"collection":[{"href":"https:\/\/www.amiblu.com\/de\/wp-json\/wp\/v2\/pages"}],"about":[{"href":"https:\/\/www.amiblu.com\/de\/wp-json\/wp\/v2\/types\/page"}],"author":[{"embeddable":true,"href":"https:\/\/www.amiblu.com\/de\/wp-json\/wp\/v2\/users\/8"}],"replies":[{"embeddable":true,"href":"https:\/\/www.amiblu.com\/de\/wp-json\/wp\/v2\/comments?post=40317"}],"version-history":[{"count":16,"href":"https:\/\/www.amiblu.com\/de\/wp-json\/wp\/v2\/pages\/40317\/revisions"}],"predecessor-version":[{"id":50854,"href":"https:\/\/www.amiblu.com\/de\/wp-json\/wp\/v2\/pages\/40317\/revisions\/50854"}],"wp:attachment":[{"href":"https:\/\/www.amiblu.com\/de\/wp-json\/wp\/v2\/media?parent=40317"}],"curies":[{"name":"wp","href":"https:\/\/api.w.org\/{rel}","templated":true}]}}