{"id":41041,"date":"2021-08-24T15:46:31","date_gmt":"2021-08-24T13:46:31","guid":{"rendered":"https:\/\/www.amiblu.com\/?page_id=41041"},"modified":"2023-06-22T12:34:06","modified_gmt":"2023-06-22T10:34:06","slug":"impressum","status":"publish","type":"page","link":"https:\/\/www.amiblu.com\/de\/impressum\/","title":{"rendered":"Impressum"},"content":{"rendered":"<div id='full_slider_1'  class='avia-fullwidth-slider main_color avia-shadow av-desktop-hide av-medium-hide av-small-hide av-mini-hide  avia-builder-el-0  el_before_av_heading  avia-builder-el-first   container_wrap fullsize'  >\n<style type=\"text\/css\" data-created_by=\"avia_inline_auto\" id=\"style-css-av-lispvwa1-92b28696fc31d956710c52ed8f9d8fea\">\n#top #wrap_all .avia-slideshow .av-slideshow-caption.av-lispvwa1-92b28696fc31d956710c52ed8f9d8fea__0 .avia-caption-title{\nfont-size:70px;\n}\n#top .avia-slideshow .av-slideshow-caption.av-lispvwa1-92b28696fc31d956710c52ed8f9d8fea__0 .avia-caption-content{\nfont-size:20px;\n}\n#top .avia-slideshow .av-slideshow-caption.av-lispvwa1-92b28696fc31d956710c52ed8f9d8fea__0 .avia-caption-content p{\nfont-size:20px;\n}\n#top #wrap_all .avia-slideshow .av-slideshow-caption.av-lispvwa1-92b28696fc31d956710c52ed8f9d8fea__1 .avia-caption-title{\nfont-size:70px;\n}\n#top .avia-slideshow .av-slideshow-caption.av-lispvwa1-92b28696fc31d956710c52ed8f9d8fea__1 .avia-caption-content{\nfont-size:20px;\n}\n#top .avia-slideshow .av-slideshow-caption.av-lispvwa1-92b28696fc31d956710c52ed8f9d8fea__1 .avia-caption-content p{\nfont-size:20px;\n}\n<\/style>\n<div  class='avia-slideshow av-lispvwa1-92b28696fc31d956710c52ed8f9d8fea avia-slideshow-no scaling av_slideshow_full avia-slide-slider av-desktop-hide av-medium-hide av-small-hide av-mini-hide av-slideshow-ui av-control-minimal av-slideshow-autoplay av-loop-once av-loop-manual-endless av-default-height-applied   avia-slideshow-1' data-slideshow-options=\"{&quot;animation&quot;:&quot;slide&quot;,&quot;autoplay&quot;:true,&quot;loop_autoplay&quot;:&quot;once&quot;,&quot;interval&quot;:6,&quot;loop_manual&quot;:&quot;manual-endless&quot;,&quot;autoplay_stopper&quot;:true,&quot;noNavigation&quot;:false,&quot;bg_slider&quot;:false,&quot;transitionSpeed&quot;:1000,&quot;keep_padding&quot;:false,&quot;hoverpause&quot;:false,&quot;show_slide_delay&quot;:0}\"  itemprop=\"image\" itemscope=\"itemscope\" itemtype=\"https:\/\/schema.org\/ImageObject\" ><ul class='avia-slideshow-inner ' style='padding-bottom: 28.645833333333%;'><li  class='avia-slideshow-slide av-lispvwa1-92b28696fc31d956710c52ed8f9d8fea__0  slide-1 slide-odd'><div data-rel='slideshow-1' class='avia-slide-wrap '   ><div class='av-slideshow-caption av-lispvwa1-92b28696fc31d956710c52ed8f9d8fea__0 caption_fullwidth caption_left'><div class=\"container caption_container\"><div class=\"slideshow_caption\"><div class=\"slideshow_inner_caption\"><div class=\"slideshow_align_caption\"><h2 class='avia-caption-title '  itemprop=\"name\" >Wir sind Hersteller von Rohren aus GFK<\/h2><div class='avia-caption-content '  itemprop=\"description\" ><p>Mit unseren langlebigen Rohrsystemen aus glasfaserverst\u00e4rktem Kunststoff (GFK) l\u00f6sen wir aktuelle Herausforderungen von Infrastruktursystemen \u2013 mit \u00f6kologischer Verantwortung.<\/p>\n<\/div><a href='https:\/\/www.amiblu.com\/de\/warum-gfk\/'  class='avia-slideshow-button avia-button avia-color-theme-color ' data-duration='800' data-easing='easeInOutQuad'>Mehr dazu<\/a><\/div><\/div><\/div><\/div><\/div><img fetchpriority=\"high\" fetchpriority=\"high\" decoding=\"async\" fetchpriority=\"high\" class=\"wp-image-58700 avia-img-lazy-loading-not-58700\"  src=\"https:\/\/www.amiblu.com\/wp-content\/uploads\/Flowtite-GRP-pressure-pipes-Breivikelva-hydropower-plant-Norway-1.webp\" width=\"1920\" height=\"550\" title='Flowtite-GRP-pressure-pipes-Breivikelva-hydropower-plant-Norway' alt='Flowtite GRP pressure pipes for Breivikelva hydropower plant in Norway'  itemprop=\"thumbnailUrl\" srcset=\"https:\/\/www.amiblu.com\/wp-content\/uploads\/Flowtite-GRP-pressure-pipes-Breivikelva-hydropower-plant-Norway-1.webp 1920w, https:\/\/www.amiblu.com\/wp-content\/uploads\/Flowtite-GRP-pressure-pipes-Breivikelva-hydropower-plant-Norway-1-300x86.webp 300w, https:\/\/www.amiblu.com\/wp-content\/uploads\/Flowtite-GRP-pressure-pipes-Breivikelva-hydropower-plant-Norway-1-1030x295.webp 1030w, https:\/\/www.amiblu.com\/wp-content\/uploads\/Flowtite-GRP-pressure-pipes-Breivikelva-hydropower-plant-Norway-1-768x220.webp 768w, https:\/\/www.amiblu.com\/wp-content\/uploads\/Flowtite-GRP-pressure-pipes-Breivikelva-hydropower-plant-Norway-1-1536x440.webp 1536w, https:\/\/www.amiblu.com\/wp-content\/uploads\/Flowtite-GRP-pressure-pipes-Breivikelva-hydropower-plant-Norway-1-1500x430.webp 1500w, https:\/\/www.amiblu.com\/wp-content\/uploads\/Flowtite-GRP-pressure-pipes-Breivikelva-hydropower-plant-Norway-1-705x202.webp 705w\" sizes=\"(max-width: 1920px) 100vw, 1920px\" \/><div class='av-section-color-overlay' style='opacity: 0.5; background-color: #000000; '><\/div><\/div><\/li><li  class='avia-slideshow-slide av-lispvwa1-92b28696fc31d956710c52ed8f9d8fea__1  slide-2 slide-even'><div data-rel='slideshow-1' class='avia-slide-wrap '   ><div class='av-slideshow-caption av-lispvwa1-92b28696fc31d956710c52ed8f9d8fea__1 caption_fullwidth caption_left'><div class=\"container caption_container\"><div class=\"slideshow_caption\"><div class=\"slideshow_inner_caption\"><div class=\"slideshow_align_caption\"><h2 class='avia-caption-title '  itemprop=\"name\" >Umsetzung von Projekten unter Eisenbahn-Gleisen. Wir sind f\u00fcr Sie da.<\/h2><div class='avia-caption-content '  itemprop=\"description\" ><p>Amiblu GFK-Rohre in Bahn-Qualit\u00e4t eignen sich hervorragend f\u00fcr die Querung von Gleisanlagen und bieten ein umfassendes und zertifiziertes Produktprogramm gem\u00e4\u00df den Vorgaben der Deutschen Bahn.<\/p>\n<\/div><a href='https:\/\/amiblu.via-em.com\/ext\/form\/entry.php?m=371194aeb724c40411af48784577e6e9ad42418&Origin=Direct'  target=\"_blank\"  rel=\"noopener noreferrer\" class='avia-slideshow-button avia-button avia-color-theme-color ' data-duration='800' data-easing='easeInOutQuad'>Mehr dazu<\/a><\/div><\/div><\/div><\/div><\/div><img fetchpriority=\"high\" fetchpriority=\"high\" decoding=\"async\" fetchpriority=\"high\" class=\"wp-image-58703 avia-img-lazy-loading-not-58703\"  src=\"https:\/\/www.amiblu.com\/wp-content\/uploads\/Flowtite-GFK-Rohre-unter-Bahngleisen-Deutsche-Bahn.webp\" width=\"1920\" height=\"550\" title='Flowtite-GFK-Rohre-unter-Bahngleisen-Deutsche-Bahn' alt='Flowtite GFK-Rohre f\u00fcr Projekte unter Bahngleisen der Deutschen Bahn'  itemprop=\"thumbnailUrl\" srcset=\"https:\/\/www.amiblu.com\/wp-content\/uploads\/Flowtite-GFK-Rohre-unter-Bahngleisen-Deutsche-Bahn.webp 1920w, https:\/\/www.amiblu.com\/wp-content\/uploads\/Flowtite-GFK-Rohre-unter-Bahngleisen-Deutsche-Bahn-300x86.webp 300w, https:\/\/www.amiblu.com\/wp-content\/uploads\/Flowtite-GFK-Rohre-unter-Bahngleisen-Deutsche-Bahn-1030x295.webp 1030w, https:\/\/www.amiblu.com\/wp-content\/uploads\/Flowtite-GFK-Rohre-unter-Bahngleisen-Deutsche-Bahn-768x220.webp 768w, https:\/\/www.amiblu.com\/wp-content\/uploads\/Flowtite-GFK-Rohre-unter-Bahngleisen-Deutsche-Bahn-1536x440.webp 1536w, https:\/\/www.amiblu.com\/wp-content\/uploads\/Flowtite-GFK-Rohre-unter-Bahngleisen-Deutsche-Bahn-1500x430.webp 1500w, https:\/\/www.amiblu.com\/wp-content\/uploads\/Flowtite-GFK-Rohre-unter-Bahngleisen-Deutsche-Bahn-705x202.webp 705w\" sizes=\"(max-width: 1920px) 100vw, 1920px\" \/><div class='av-section-color-overlay' style='opacity: 0.5; background-color: #000000; '><\/div><\/div><\/li><\/ul><div class='avia-slideshow-arrows avia-slideshow-controls' ><a href='#prev' class='prev-slide  avia-svg-icon avia-font-svg_entypo-fontello' data-av_svg_icon='left-open-big' data-av_iconset='svg_entypo-fontello' tabindex='-1' title=\"Zur\u00fcck\"><svg version=\"1.1\" xmlns=\"http:\/\/www.w3.org\/2000\/svg\" width=\"15\" height=\"32\" viewBox=\"0 0 15 32\" preserveAspectRatio=\"xMidYMid meet\" aria-labelledby='av-svg-title-1' aria-describedby='av-svg-desc-1' role=\"graphics-symbol\" aria-hidden=\"true\">\n<title id='av-svg-title-1'>Zur\u00fcck<\/title>\n<desc id='av-svg-desc-1'>Zur\u00fcck<\/desc>\n<path d=\"M14.464 27.84q0.832 0.832 0 1.536-0.832 0.832-1.536 0l-12.544-12.608q-0.768-0.768 0-1.6l12.544-12.608q0.704-0.832 1.536 0 0.832 0.704 0 1.536l-11.456 11.904z\"><\/path>\n<\/svg><span class='avia_hidden_link_text'>Zur\u00fcck<\/span><\/a><a href='#next' class='next-slide  avia-svg-icon avia-font-svg_entypo-fontello' data-av_svg_icon='right-open-big' data-av_iconset='svg_entypo-fontello' tabindex='-1' title=\"Weiter\"><svg version=\"1.1\" xmlns=\"http:\/\/www.w3.org\/2000\/svg\" width=\"15\" height=\"32\" viewBox=\"0 0 15 32\" preserveAspectRatio=\"xMidYMid meet\" aria-labelledby='av-svg-title-2' aria-describedby='av-svg-desc-2' role=\"graphics-symbol\" aria-hidden=\"true\">\n<title id='av-svg-title-2'>Weiter<\/title>\n<desc id='av-svg-desc-2'>Weiter<\/desc>\n<path d=\"M0.416 27.84l11.456-11.84-11.456-11.904q-0.832-0.832 0-1.536 0.832-0.832 1.536 0l12.544 12.608q0.768 0.832 0 1.6l-12.544 12.608q-0.704 0.832-1.536 0-0.832-0.704 0-1.536z\"><\/path>\n<\/svg><span class='avia_hidden_link_text'>Weiter<\/span><\/a><\/div><div class='avia-slideshow-dots avia-slideshow-controls'><a href='#1' class='goto-slide active' >1<\/a><a href='#2' class='goto-slide ' >2<\/a><\/div><\/div><\/div><div id='after_full_slider_1'  class='main_color av_default_container_wrap container_wrap fullsize'  ><div class='container av-section-cont-open' ><div class='template-page content  av-content-full alpha units'><div class='post-entry post-entry-type-page post-entry-41041'><div class='entry-content-wrapper clearfix'>\n\n<style type=\"text\/css\" data-created_by=\"avia_inline_auto\" id=\"style-css-av-18jud1t-c3cb327b8d37aaa7b53ee957a22473dc\">\n#top .av-special-heading.av-18jud1t-c3cb327b8d37aaa7b53ee957a22473dc{\npadding-bottom:10px;\n}\nbody .av-special-heading.av-18jud1t-c3cb327b8d37aaa7b53ee957a22473dc .av-special-heading-tag .heading-char{\nfont-size:25px;\n}\n.av-special-heading.av-18jud1t-c3cb327b8d37aaa7b53ee957a22473dc .av-subheading{\nfont-size:15px;\n}\n<\/style>\n<div  class='av-special-heading av-18jud1t-c3cb327b8d37aaa7b53ee957a22473dc av-special-heading-h1 blockquote modern-quote  avia-builder-el-1  el_after_av_slideshow_full  el_before_av_textblock  avia-builder-el-first '><h1 class='av-special-heading-tag '  itemprop=\"headline\"  >Impressum<\/h1><div class=\"special-heading-border\"><div class=\"special-heading-inner-border\"><\/div><\/div><\/div>\n<section  class='av_textblock_section av-kkxz0h4p-358fa2509075fbbd14f15a08561f9a3a '   itemscope=\"itemscope\" itemtype=\"https:\/\/schema.org\/CreativeWork\" ><div class='avia_textblock'  itemprop=\"text\" ><p><strong>Amiblu Holding GmbH<\/strong><br \/>\nSterneckstra\u00dfe 19<br \/>\n9020 Klagenfurt<br \/>\nAustria<\/p>\n<p>+43.463.48 24 24<br \/>\n<a href=\"mailto:info@amiblu.com\">info@amiblu.com<\/a><\/p>\n<p>Firmenbuchnummer: FN 105310 v<br \/>\nGericht: Landesgericht Klagenfurt<br \/>\nUID Nummer: ATU25771304<\/p>\n<p>Die Amiblu Holding GmbH ist Mitglied der Wirtschaftskammer \u00d6sterreich im Sinne der gesetzlichen Bestimmungen. Die Mitgliedschaften in den verschiedenen Gremien der Wirtschaftskammer sind auf der offiziellen Website einsehbar <a href=\"https:\/\/firmen.wko.at\/Web\/DetailsKontakt.aspx?FirmaID=e546ad47-e808-4dd4-b150-fb0d6599b9c9&#038;StandortID=0&#038;Suchbegriff=amiblu&#038;Page=1\" target=\"_blank\" rel=\"noopener noreferrer\">https:\/\/firmen.wko.at\/<\/a>.<\/p>\n<p><span class=\"st\">Das Impressum gilt auch f\u00fcr folgende Onlinepr\u00e4senzen:<\/span><\/p>\n<ul>\n<li><a href=\"http:\/\/www.facebook.com\/amiblupipes\" target=\"_blank\" rel=\"noopener noreferrer\">www.facebook.com\/amiblupipes<\/a><\/li>\n<li><a href=\"http:\/\/www.twitter.com\/Amiblupipes\" target=\"_blank\" rel=\"noopener noreferrer\">www.twitter.com\/Amiblupipes<\/a><\/li>\n<li><a href=\"https:\/\/www.linkedin.com\/company\/amiblupipes\/\" target=\"_blank\" rel=\"noopener noreferrer\">www.linkedin.com\/company\/amiblupipes<\/a> und <a href=\"https:\/\/www.linkedin.com\/company\/amiblu-d-a-ch\" target=\"_blank\" rel=\"noopener\">www.linkedin.com\/company\/amiblu-d-a-ch<\/a><\/li>\n<li><a href=\"https:\/\/www.youtube.com\/c\/amiblu\/\" target=\"_blank\" rel=\"noopener noreferrer\">www.youtube.com\/c\/amiblu<\/a><\/li>\n<\/ul>\n<\/div><\/section>\n<div  class='hr av-483n-f97b05a5d99e9c417089a6b49247222b hr-default  avia-builder-el-3  el_after_av_textblock  el_before_av_heading '><span class='hr-inner '><span class=\"hr-inner-style\"><\/span><\/span><\/div>\n\n<style type=\"text\/css\" data-created_by=\"avia_inline_auto\" id=\"style-css-av-nmr5yp-f6a23bd1a953af2a59bd7f95f70c34ec\">\n#top .av-special-heading.av-nmr5yp-f6a23bd1a953af2a59bd7f95f70c34ec{\npadding-bottom:10px;\n}\nbody .av-special-heading.av-nmr5yp-f6a23bd1a953af2a59bd7f95f70c34ec .av-special-heading-tag .heading-char{\nfont-size:25px;\n}\n.av-special-heading.av-nmr5yp-f6a23bd1a953af2a59bd7f95f70c34ec .av-subheading{\nfont-size:15px;\n}\n<\/style>\n<div  class='av-special-heading av-nmr5yp-f6a23bd1a953af2a59bd7f95f70c34ec av-special-heading-h1 blockquote modern-quote  avia-builder-el-4  el_after_av_hr  el_before_av_textblock '><h1 class='av-special-heading-tag '  itemprop=\"headline\"  >Haftungsausschluss<\/h1><div class=\"special-heading-border\"><div class=\"special-heading-inner-border\"><\/div><\/div><\/div>\n<section  class='av_textblock_section av-kkxz29by-df0ed34865734db890a5c143f6e694b2 '   itemscope=\"itemscope\" itemtype=\"https:\/\/schema.org\/CreativeWork\" ><div class='avia_textblock'  itemprop=\"text\" ><p><strong>Bereitstellung von allgemeinen Daten und Informationen<br \/>\n<\/strong>Amiblu ist bestrebt, daf\u00fcr Sorge zu tragen, dass die auf dieser Website enthaltenen Informationen und Daten zutreffend sind. Amiblu beh\u00e4lt sich das Recht vor, ohne vorherige Ank\u00fcndigung \u00c4nderungen oder Erg\u00e4nzungen der bereitgestellten Informationen oder Daten vorzunehmen.<\/p>\n<p><strong>Haftung<br \/>\n<\/strong>Die Informationen, die wir Ihnen auf den Amiblu Webseiten zur Verf\u00fcgung stellen, wurden mit gr\u00f6\u00dftm\u00f6glicher Sorgfalt zusammengestellt und werden laufend aktualisiert. Trotz aller Sorgfalt kann die Fehlerfreiheit nicht garantiert werden. Eine Haftung oder Garantie f\u00fcr die Aktualit\u00e4t, Richtigkeit und Vollst\u00e4ndigkeit der zur Verf\u00fcgung gestellten Informationen und Daten ist ausgeschlossen.<\/p>\n<p><strong>Urheberrecht\/Copyright<br \/>\n<\/strong>Der Inhalt der Amiblu Webseiten ist urheberrechtlich gesch\u00fctzt. Die Vervielf\u00e4ltigung, Verbreitung, Speicherung, Vervielf\u00e4ltigung und \u00dcbermittlung s\u00e4mtlicher Informationen oder Daten, insbesondere die Verwendung von Texten, Textteilen oder Bildmaterial, sowie sonstiger auf den Webseiten ver\u00f6ffentlichter Werke, ist ohne vorherige schriftliche Zustimmung der Amiblu Holding GmbH ausdr\u00fccklich untersagt.<\/p>\n<p><strong>Anwendbares Recht<br \/>\n<\/strong>S\u00e4mtliche Informationen oder Daten, ihre Nutzung und die Anmeldung zu den Amiblu Webseiten sowie s\u00e4mtliches mit den Webseiten zusammenh\u00e4ngendes Tun, Dulden oder Unterlassen unterliegen ausschlie\u00dflich \u00f6sterreichischem Recht. Der Gerichtsstand ist Klagenfurt.<\/p>\n<\/div><\/section>\n","protected":false},"excerpt":{"rendered":"","protected":false},"author":8,"featured_media":0,"parent":0,"menu_order":200,"comment_status":"closed","ping_status":"closed","template":"","meta":{"_acf_changed":false,"footnotes":""},"class_list":["post-41041","page","type-page","status-publish","hentry"],"acf":[],"yoast_head":"<!-- This site is optimized with the Yoast SEO Premium plugin v27.3 (Yoast SEO v27.4) - https:\/\/yoast.com\/product\/yoast-seo-premium-wordpress\/ -->\n<title>Impressum - Amiblu<\/title>\n<meta name=\"description\" content=\"Impressum und Haftungsausschluss\" \/>\n<meta name=\"robots\" content=\"noindex, follow\" \/>\n<meta property=\"og:locale\" content=\"de_DE\" \/>\n<meta property=\"og:type\" content=\"article\" \/>\n<meta property=\"og:title\" content=\"Impressum\" \/>\n<meta property=\"og:description\" content=\"Impressum und Haftungsausschluss\" \/>\n<meta property=\"og:url\" content=\"https:\/\/www.amiblu.com\/de\/impressum\/\" \/>\n<meta property=\"og:site_name\" content=\"Amiblu\" \/>\n<meta property=\"article:publisher\" content=\"https:\/\/www.facebook.com\/amiblupipes\" \/>\n<meta property=\"article:modified_time\" content=\"2023-06-22T10:34:06+00:00\" \/>\n<meta name=\"twitter:card\" content=\"summary_large_image\" \/>\n<meta name=\"twitter:label1\" content=\"Gesch\u00e4tzte Lesezeit\" \/>\n\t<meta name=\"twitter:data1\" content=\"3\u00a0Minuten\" \/>\n<script type=\"application\/ld+json\" class=\"yoast-schema-graph\">{\"@context\":\"https:\\\/\\\/schema.org\",\"@graph\":[{\"@type\":\"WebPage\",\"@id\":\"https:\\\/\\\/www.amiblu.com\\\/de\\\/impressum\\\/\",\"url\":\"https:\\\/\\\/www.amiblu.com\\\/de\\\/impressum\\\/\",\"name\":\"Impressum - Amiblu\",\"isPartOf\":{\"@id\":\"https:\\\/\\\/www.amiblu.com\\\/de\\\/#website\"},\"datePublished\":\"2021-08-24T13:46:31+00:00\",\"dateModified\":\"2023-06-22T10:34:06+00:00\",\"description\":\"Impressum und Haftungsausschluss\",\"inLanguage\":\"de\",\"potentialAction\":[{\"@type\":\"ReadAction\",\"target\":[\"https:\\\/\\\/www.amiblu.com\\\/de\\\/impressum\\\/\"]}]},{\"@type\":\"WebSite\",\"@id\":\"https:\\\/\\\/www.amiblu.com\\\/de\\\/#website\",\"url\":\"https:\\\/\\\/www.amiblu.com\\\/de\\\/\",\"name\":\"Amiblu\",\"description\":\"GFK-Rohrsysteme f\u00fcr Generationen\",\"publisher\":{\"@id\":\"https:\\\/\\\/www.amiblu.com\\\/de\\\/#organization\"},\"potentialAction\":[{\"@type\":\"SearchAction\",\"target\":{\"@type\":\"EntryPoint\",\"urlTemplate\":\"https:\\\/\\\/www.amiblu.com\\\/de\\\/?s={search_term_string}\"},\"query-input\":{\"@type\":\"PropertyValueSpecification\",\"valueRequired\":true,\"valueName\":\"search_term_string\"}}],\"inLanguage\":\"de\"},{\"@type\":\"Organization\",\"@id\":\"https:\\\/\\\/www.amiblu.com\\\/de\\\/#organization\",\"name\":\"Amiblu Group\",\"url\":\"https:\\\/\\\/www.amiblu.com\\\/de\\\/\",\"logo\":{\"@type\":\"ImageObject\",\"inLanguage\":\"de\",\"@id\":\"https:\\\/\\\/www.amiblu.com\\\/de\\\/#\\\/schema\\\/logo\\\/image\\\/\",\"url\":\"https:\\\/\\\/www.amiblu.com\\\/wp-content\\\/uploads\\\/2021\\\/01\\\/Amiblu-logo-website-1.png\",\"contentUrl\":\"https:\\\/\\\/www.amiblu.com\\\/wp-content\\\/uploads\\\/2021\\\/01\\\/Amiblu-logo-website-1.png\",\"width\":201,\"height\":38,\"caption\":\"Amiblu Group\"},\"image\":{\"@id\":\"https:\\\/\\\/www.amiblu.com\\\/de\\\/#\\\/schema\\\/logo\\\/image\\\/\"},\"sameAs\":[\"https:\\\/\\\/www.facebook.com\\\/amiblupipes\",\"https:\\\/\\\/www.youtube.com\\\/c\\\/Amiblu\",\"https:\\\/\\\/de.wikipedia.org\\\/wiki\\\/Amiblu\",\"https:\\\/\\\/www.linkedin.com\\\/company\\\/amiblupipes\\\/\"]}]}<\/script>\n<!-- \/ Yoast SEO Premium plugin. -->","yoast_head_json":{"title":"Impressum - Amiblu","description":"Impressum und Haftungsausschluss","robots":{"index":"noindex","follow":"follow"},"og_locale":"de_DE","og_type":"article","og_title":"Impressum","og_description":"Impressum und Haftungsausschluss","og_url":"https:\/\/www.amiblu.com\/de\/impressum\/","og_site_name":"Amiblu","article_publisher":"https:\/\/www.facebook.com\/amiblupipes","article_modified_time":"2023-06-22T10:34:06+00:00","twitter_card":"summary_large_image","twitter_misc":{"Gesch\u00e4tzte Lesezeit":"3\u00a0Minuten"},"schema":{"@context":"https:\/\/schema.org","@graph":[{"@type":"WebPage","@id":"https:\/\/www.amiblu.com\/de\/impressum\/","url":"https:\/\/www.amiblu.com\/de\/impressum\/","name":"Impressum - Amiblu","isPartOf":{"@id":"https:\/\/www.amiblu.com\/de\/#website"},"datePublished":"2021-08-24T13:46:31+00:00","dateModified":"2023-06-22T10:34:06+00:00","description":"Impressum und Haftungsausschluss","inLanguage":"de","potentialAction":[{"@type":"ReadAction","target":["https:\/\/www.amiblu.com\/de\/impressum\/"]}]},{"@type":"WebSite","@id":"https:\/\/www.amiblu.com\/de\/#website","url":"https:\/\/www.amiblu.com\/de\/","name":"Amiblu","description":"GFK-Rohrsysteme f\u00fcr Generationen","publisher":{"@id":"https:\/\/www.amiblu.com\/de\/#organization"},"potentialAction":[{"@type":"SearchAction","target":{"@type":"EntryPoint","urlTemplate":"https:\/\/www.amiblu.com\/de\/?s={search_term_string}"},"query-input":{"@type":"PropertyValueSpecification","valueRequired":true,"valueName":"search_term_string"}}],"inLanguage":"de"},{"@type":"Organization","@id":"https:\/\/www.amiblu.com\/de\/#organization","name":"Amiblu Group","url":"https:\/\/www.amiblu.com\/de\/","logo":{"@type":"ImageObject","inLanguage":"de","@id":"https:\/\/www.amiblu.com\/de\/#\/schema\/logo\/image\/","url":"https:\/\/www.amiblu.com\/wp-content\/uploads\/2021\/01\/Amiblu-logo-website-1.png","contentUrl":"https:\/\/www.amiblu.com\/wp-content\/uploads\/2021\/01\/Amiblu-logo-website-1.png","width":201,"height":38,"caption":"Amiblu Group"},"image":{"@id":"https:\/\/www.amiblu.com\/de\/#\/schema\/logo\/image\/"},"sameAs":["https:\/\/www.facebook.com\/amiblupipes","https:\/\/www.youtube.com\/c\/Amiblu","https:\/\/de.wikipedia.org\/wiki\/Amiblu","https:\/\/www.linkedin.com\/company\/amiblupipes\/"]}]}},"_links":{"self":[{"href":"https:\/\/www.amiblu.com\/de\/wp-json\/wp\/v2\/pages\/41041","targetHints":{"allow":["GET"]}}],"collection":[{"href":"https:\/\/www.amiblu.com\/de\/wp-json\/wp\/v2\/pages"}],"about":[{"href":"https:\/\/www.amiblu.com\/de\/wp-json\/wp\/v2\/types\/page"}],"author":[{"embeddable":true,"href":"https:\/\/www.amiblu.com\/de\/wp-json\/wp\/v2\/users\/8"}],"replies":[{"embeddable":true,"href":"https:\/\/www.amiblu.com\/de\/wp-json\/wp\/v2\/comments?post=41041"}],"version-history":[{"count":46,"href":"https:\/\/www.amiblu.com\/de\/wp-json\/wp\/v2\/pages\/41041\/revisions"}],"predecessor-version":[{"id":58709,"href":"https:\/\/www.amiblu.com\/de\/wp-json\/wp\/v2\/pages\/41041\/revisions\/58709"}],"wp:attachment":[{"href":"https:\/\/www.amiblu.com\/de\/wp-json\/wp\/v2\/media?parent=41041"}],"curies":[{"name":"wp","href":"https:\/\/api.w.org\/{rel}","templated":true}]}}