{"id":41044,"date":"2021-08-24T15:50:59","date_gmt":"2021-08-24T13:50:59","guid":{"rendered":"https:\/\/www.amiblu.com\/?page_id=41044"},"modified":"2025-04-14T11:07:40","modified_gmt":"2025-04-14T09:07:40","slug":"datenschutz","status":"publish","type":"page","link":"https:\/\/www.amiblu.com\/de\/datenschutz\/","title":{"rendered":"Datenschutz"},"content":{"rendered":"\n<style type=\"text\/css\" data-created_by=\"avia_inline_auto\" id=\"style-css-av-l4m4z8-028bfb51857265b4d64c5a728e219b2a\">\n#top .av-special-heading.av-l4m4z8-028bfb51857265b4d64c5a728e219b2a{\npadding-bottom:10px;\n}\nbody .av-special-heading.av-l4m4z8-028bfb51857265b4d64c5a728e219b2a .av-special-heading-tag .heading-char{\nfont-size:25px;\n}\n.av-special-heading.av-l4m4z8-028bfb51857265b4d64c5a728e219b2a .av-subheading{\nfont-size:15px;\n}\n<\/style>\n<div  class='av-special-heading av-l4m4z8-028bfb51857265b4d64c5a728e219b2a av-special-heading-h1 blockquote modern-quote  avia-builder-el-0  el_before_av_textblock  avia-builder-el-first '><h1 class='av-special-heading-tag '  itemprop=\"headline\"  >Datenschutzrichtlinie der Amiblu Gruppe<\/h1><div class=\"special-heading-border\"><div class=\"special-heading-inner-border\"><\/div><\/div><\/div>\n<section  class='av_textblock_section av-kkxzxc1l-7f33b4d4b87faa09f279d9f27cda48f1 '   itemscope=\"itemscope\" itemtype=\"https:\/\/schema.org\/CreativeWork\" ><div class='avia_textblock'  itemprop=\"text\" ><div class=\"vc_row wpb_row section vc_row-fluid vc_inner \">\n<div class=\" full_section_inner clearfix\">\n<div class=\"wpb_column vc_column_container vc_col-sm-8\">\n<div class=\"vc_column-inner\">\n<div class=\"wpb_wrapper\">\n<div class=\"wpb_text_column wpb_content_element \">\n<div class=\"wpb_wrapper\">\n<p><strong>1. Allgemeine Informationen<\/strong><\/p>\n<p>Der Schutz Ihrer personenbezogenen Daten ist uns ein wichtiges Anliegen und hat daher hohe Priorit\u00e4t. Aus diesem Grund verarbeiten wir Ihre Daten ausschlie\u00dflich auf Basis der geltenden Datenschutzbestimmungen, insbesondere der EU-Datenschutzgrundverordnung (DSGVO). In dieser Datenschutzerkl\u00e4rung informieren wir Sie \u00fcber die wesentlichen Aspekte der Datenverarbeitung in Bezug auf unsere Website.<\/p>\n<p><strong>2. Ihre Daten<\/strong><\/p>\n<p><strong>2.1 Erhebung und Verarbeitung Ihrer Daten<\/strong><\/p>\n<p>Die Verarbeitung personenbezogener Daten, die Sie uns freiwillig zur Nutzung von speziellen Diensten und Portalen zur Verf\u00fcgung stellen, ist notwendig, um Ihre Anfragen, Bestellungen, Bewerbungen etc. zu bearbeiten, Vertr\u00e4ge zu erstellen und abzuschlie\u00dfen sowie Ihnen Newsletter zuzusenden.<\/p>\n<p><strong>2.2 \u00dcbertragung Ihrer Daten<\/strong><\/p>\n<p>Wir werden Ihre Daten nur innerhalb der Amiblu Gruppe \u00fcbermitteln, wenn dies der Erf\u00fcllung von Vertr\u00e4gen oder Ihren Interessen dient. Wir speichern Ihre pers\u00f6nlichen Daten vertraulich und werden diese weder verkaufen noch vermieten oder Dritten zur Verf\u00fcgung stellen.<\/p>\n<p>Eine \u00dcbermittlung an staatliche Einrichtungen und Beh\u00f6rden erfolgt nur im Rahmen zwingender nationaler Rechtsvorschriften.<\/p>\n<p><strong>3. Cookies<\/strong><\/p>\n<p>Wenn Sie Webseiten von Amiblu besuchen, werden Informationen auf Ihrem Endger\u00e4t in Form eines \u201eCookies\u201c gespeichert. Cookies sind kleine Dateien, die auf Ihrem Endger\u00e4t gespeichert werden und bestimmte Einstellungen und Daten zum Austausch mit unseren Webseiten \u00fcber Ihren Browser speichern. Mit Cookies k\u00f6nnen beispielsweise Webseiten so angepasst werden, dass sie Ihren Interessen besser entsprechen, oder Ihr Passwort speichern, sodass Sie es nicht jedes Mal neu eingeben m\u00fcssen. In der Regel sammeln wir keine pers\u00f6nliche Daten \u00fcber Cookies, es sei denn, Sie haben uns Ihre ausdr\u00fcckliche Erlaubnis dazu gegeben.<\/p>\n<p>Wenn Sie nicht m\u00f6chten, dass wir Ihr Endger\u00e4t wiedererkennen, konfigurieren Sie bitte Ihren Internetbrowser, um alle Cookies von Ihrem Ger\u00e4t zu l\u00f6schen, um alle Cookies zu blockieren oder um eine Warnung zu erhalten, bevor ein Cookie gespeichert wird.<\/p>\n<p>Bitte beachten Sie, dass bestimmte Funktionen unserer Website ohne Cookies m\u00f6glicherweise nicht oder nicht mehr funktionieren.<\/p>\n<p>Diese Website verwendet verschiedene Arten von Cookies. Weitere Informationen zu diesen Cookies finden Sie in der untenstehenden Tabelle.<\/p>\n<\/div>\n<\/div>\n<\/div>\n<\/div>\n<\/div>\n<\/div>\n<\/div>\n<\/div><\/section>\n<div class='avia-data-table-wrap av-9rqbn6c-59137cbdf71a2129381ab3acd27f0c93 avia_responsive_table avia-table-1'><table  class='avia-table avia-data-table avia_pricing_default  avia-builder-el-2  el_after_av_textblock  el_before_av_textblock '  itemscope=\"itemscope\" itemtype=\"https:\/\/schema.org\/Table\" ><tbody><tr class='avia-heading-row'><th class=''>Name<\/th><th class=''>Zweck<\/th><th class=''>G\u00fcltigkeit<\/th><th class=''>Typ<\/th><\/tr><tr class=''><td class=''>aviaCookieConsent<\/td><td class=''>Speichert den Zustimmungsstatus des Benutzers f\u00fcr Cookies auf der aktuellen Dom\u00e4ne.<\/td><td class=''>1 Jahr<\/td><td class=''>http Cookie \/ wesentlicher Cookie<\/td><\/tr><tr class=''><td class=''>_ga <\/td><td class=''>Registriert eine eindeutige ID, die verwendet wird, um statistische Daten dazu, wie der Besucher die Website nutzt, zu generieren.<\/td><td class=''>2 Jahre<\/td><td class=''>http Cookie \/ Analytics Cookie<\/td><\/tr><tr class=''><td class=''>_ga_#<\/td><td class=''>Wird von Google Analytics verwendet und sammelt Daten dazu, wie oft ein Benutzer eine Website besucht hat, sowie Daten f\u00fcr den ersten und letzten Besuch.<\/td><td class=''>2 Jahre<\/td><td class=''>http Cookie \/ Analytics Cookie<\/td><\/tr><\/tbody><\/table><\/div><style type='text\/css'>.avia-table-1 td:nth-of-type(1):before { content: 'Name'; } .avia-table-1 td:nth-of-type(2):before { content: 'Zweck'; } .avia-table-1 td:nth-of-type(3):before { content: 'G\u00fcltigkeit'; } .avia-table-1 td:nth-of-type(4):before { content: 'Typ'; } <\/style>\n<section  class='av_textblock_section av-lkau9jmv-c21f5144f613c917977e8a0408485982 '   itemscope=\"itemscope\" itemtype=\"https:\/\/schema.org\/CreativeWork\" ><div class='avia_textblock'  itemprop=\"text\" ><p><strong>4. Google Analytics<\/strong><\/p>\n<p>Diese Website benutzt Google Analytics, einen Webanalysedienst der Google Inc. (\u201eGoogle\u201c). Google Analytics verwendet sog. \u201eCookies\u201c, Textdateien, die auf Ihrem Computer gespeichert werden und die eine Analyse der Benutzung der Website durch Sie erm\u00f6glichen. Die durch den Cookie erzeugten Informationen \u00fcber Ihre Benutzung dieser Website (einschlie\u00dflich Ihrer IP-Adresse) wird an einen Server von Google in den USA \u00fcbertragen und dort gespeichert. Da Amiblu den Service der Anonymisierung aller IP-Adressen aktiviert hat, wird auch Ihre IP-Adresse innerhalb der Europ\u00e4ischen Union und aller anderen Vertragspartner des Abkommens \u00fcber den Europ\u00e4ischen Wirtschaftsraum gek\u00fcrzt. Nur als Ausnahme wird Ihre vollst\u00e4ndige IP-Adresse an einen Server von Google in den USA \u00fcbertragen und dort anonymisiert. Google wird diese Informationen benutzen, um Ihre Nutzung der Website auszuwerten, um Reports \u00fcber die Websiteaktivit\u00e4ten f\u00fcr die Websitebetreiber zusammenzustellen und um weitere mit der Websitenutzung und der Internetnutzung verbundene Dienstleistungen zu erbringen. Auch wird Google diese Informationen gegebenenfalls an Dritte \u00fcbertragen, sofern dies gesetzlich vorgeschrieben oder soweit Dritte diese Daten im Auftrag von Google verarbeiten. Google wird Ihre IP-Adresse nicht mit anderen Daten von Google in Verbindung bringen.<\/p>\n<p>Sie k\u00f6nnen die Verwendung von Cookies ablehnen, indem Sie die entsprechenden Einstellungen in Ihrem Browser ausw\u00e4hlen. Bitte beachten Sie, dass Sie unter Umst\u00e4nden nicht die gesamte Funktionalit\u00e4t dieser Website nutzen k\u00f6nnen. Dar\u00fcber hinaus k\u00f6nnen Sie verhindern, dass Google Daten \u00fcber die Nutzung der Website (einschlie\u00dflich Ihrer IP-Adresse) sammelt und verarbeitet, indem Sie das Browser-Add-on zur Deaktivierung von Google Analytics herunterladen und installieren.<\/p>\n<p><strong>5.\u00a0<\/strong><strong>Einsatz des Facebook Pixels<\/strong><\/p>\n<p>Diese Website benutzt Facebook Pixel. Der Facebook Pixel ist ein Java-Script Code, der bei Erteilung der Einwilligung bestimmte Cookies im Browser von Benutzer:innen unserer Website erstellt, sofern\u00a0Benutzer:innen ihre Einwilligung zum Setzen von Cookies erteilt hat. Die Verarbeitung erfolgt auf Grundlage Ihrer Einwilligung im Sinne des Art. 6 Abs. 1 lit a DSGVO.<\/p>\n<p>Der Facebook Pixel erfasst zu Website-Benutzer:innen folgende Daten: IP-Adresse, Informationen zum Browser, Seitenabschnitt, aufgerufene Dokumente, Referrer-URL, http-Header Information, angeklickte Buttons (einschlie\u00dflich Bezeichnung angeklickter Buttons und mittels Button-Klick besuchter Websites), Verbleib auf unserer Website und besuchte Sub-Seiten.<\/p>\n<p>Die erhobenen Daten werden von Meta weiterverarbeitet, um uns anonymisierte Berichte \u00fcber die Website-Zielgruppe und die Anzeigenleistung zur Verf\u00fcgung zu stellen. Durch die Einbindung des Facebook Pixels erh\u00e4lt jedoch Meta die Information, dass Sie eine Karriereanzeige von uns angeklickt oder die entsprechende Website unseres Internetauftritts aufgerufen haben. Sofern Sie bei einem Dienst von Meta registriert sind, kann Meta den Besuch Ihrem Account zuordnen. Selbst wenn Sie nicht bei Facebook registriert sind bzw. sich nicht eingeloggt haben, besteht die M\u00f6glichkeit, dass der Anbieter Ihre IP-Adresse und weitere Identifizierungsmerkmale in Erfahrung bringt und speichert. Hinsichtlich etwaig diesbez\u00fcglicher Verarbeitung ist Meta Inc. eigenst\u00e4ndiger Verantwortlicher im Sinne der DSGVO. Diese Datenverarbeitung erfolgt, um die Reaktionen unsere Karrierekampagnen bewerten sowie Informationen \u00fcber Website-Benutzer:innen zu sammeln, die aufgrund einer unserer Werbekampagnen auf Facebook unsere Website besucht haben und um unsere Website intuitiver zu gestalten sowie die Inhalte zielgruppengerechter gestalten zu k\u00f6nnen.<\/p>\n<p>Die durch den Pixel nachgeladenen Cookies haben eine G\u00fcltigkeit von drei bis 12 Monaten. Sie k\u00f6nnen die Cookies jederzeit in den Einstellungen Ihres Browsers l\u00f6schen. Wenn Sie unsere Website besuchen \u2013 und die Einwilligung erteilt haben \u2013 verwendet Facebook Ihre Daten dazu, uns Informationen zu von uns auf Facebook geschalteten und von Ihnen geklickten Karrierekampagnen zur Verf\u00fcgung zu stellen. Zu generellen Umgang mit Cookies beachten Sie bitte Punkt 4.2 dieser Datenschutzerkl\u00e4rung.<\/p>\n<p>Weitere Informationen \u00fcber Zweck und Umfang der Datenerhebung sowie der weiteren Verarbeitung und der Nutzung der Daten durch Meta sowie Einstellungsm\u00f6glichkeiten zum Schutz Ihrer Privatsph\u00e4re und Ihrer Daten k\u00f6nnen Sie den Richtlinien von Meta Inc., 601 S California Ave, Palo Alto, California 94304, USA entnehmen: <a href=\"https:\/\/www.facebook.com\/policy.php\" target=\"_blank\" rel=\"noopener\">https:\/\/www.facebook.com\/policy.php<\/a>;\u00a0<a href=\"https:\/\/www.facebook.com\/help\/186325668085084\" target=\"_blank\" rel=\"noopener\">https:\/\/www.facebook.com\/help\/186325668085084<\/a>,\u00a0<a href=\"https:\/\/www.facebook.com\/about\/privacy\/your-info-on-other#applications\" target=\"_blank\" rel=\"noopener\">https:\/\/www.facebook.com\/about\/privacy\/your-info-on-other#applications<\/a>\u00a0sowie\u00a0<a href=\"https:\/\/www.facebook.com\/about\/privacy\/your-info#everyoneinfo\" target=\"_blank\" rel=\"noopener\">https:\/\/www.facebook.com\/about\/privacy\/your-info#everyoneinfo<\/a>.<\/p>\n<p>Wenn Sie bei Facebook angemeldet sind, k\u00f6nnen Sie Ihre Datenschutzeinstellungen bzw. die Einstellungen zu Werbeanzeigen unter <a href=\"https:\/\/www.facebook.com\/ads\/preferences\/?entry_product=ad_settings_screen\" target=\"_blank\" rel=\"noopener\">https:\/\/www.facebook.com\/ads\/preferences\/?entry_product=ad_settings_screen<\/a>\u00a0verwalten. Webseitenbesuchern, die keinen Facebook-Account haben, steht die M\u00f6glichkeit offen, ihre Pr\u00e4ferenzen unter\u00a0<a href=\"https:\/\/www.youronlinechoices.com\/de\/praferenzmanagement\/\" target=\"_blank\" rel=\"noopener\">https:\/\/www.youronlinechoices.com\/de\/praferenzmanagement\/<\/a>\u00a0zu verwalten.<\/p>\n<p><strong>6. Einsatz des LinkedIn Insight Tag<\/strong><\/p>\n<p>Diese Webseite benutzt den LinkedIn Insight Tag. Der LinkedIn Insight Tag erstellt LinkedIn Browser-Cookies im Browser von Benutzer:innen unserer Website. Die Verarbeitung erfolgt auf Grundlage Ihrer Einwilligung im Sinne des Art. 6 Abs. 1 lit a DSGVO.<\/p>\n<p>Der LinkedIn Insight-Tag erfasst die aktuelle URL, die Referrer-URL, die IP-Adresse, Ger\u00e4te- und Browser-Eigenschaften, Zeitstempel sowie demografische Daten von LinkedIn, falls Nutzer:innen ein aktives LinkedIn-Mitglied sind. Die IP-Adressen werden gek\u00fcrzt oder gehasht. Weitere Informationen zum LinkedIn Insight Tag finden sie <a href=\"https:\/\/www.linkedin.com\/help\/linkedin\/answer\/a427660?lang=de-DE\" target=\"_blank\" rel=\"noopener\">hier<\/a>.<\/p>\n<p>Die erhobenen Daten werden von LinkedIn dazu verarbeitet, um uns anonymisierte Berichte \u00fcber die Website-Zielgruppe und die Anzeigenleistung zur Verf\u00fcgung zu stellen. Diese Datenverarbeitung erfolgt, um die Reaktionen unserer Werbekampagnen zu bewerten sowie Informationen \u00fcber Website-Benutzer:innen zu sammeln, die aufgrund einer unserer Werbekampagnen auf LinkedIn unsere Website besucht haben. Die Erhebung dieser Daten dient allein systembezogenen und statistischen Zwecken. Eine Zusammenf\u00fchrung dieser Daten mit anderen Datenquellen, durch die eine Zuordnung der Daten zu einer bestimmten Person erm\u00f6glicht w\u00fcrde, nehmen wir nicht vor. Wir erhalten von LinkedIn keine personenbezogenen Daten.<\/p>\n<p>Die Cookies haben eine G\u00fcltigkeit von 30 Tagen . Sie k\u00f6nnen die Cookies jederzeit in den Einstellungen Ihres Browsers l\u00f6schen. Die direkten Kennungen der Mitglieder werden von LinkedIn innerhalb von sieben Tagen entfernt, um die Daten zu pseudonymisieren. Diese verbleibenden pseudonymisierten Daten werden von LinkedIn dann innerhalb von 180 Tagen gel\u00f6scht.<\/p>\n<p>Weitere Informationen \u00fcber Zweck und Umfang der Datenerhebung und der weiteren Verarbeitung und der Nutzung der Daten durch LinkedIn sowie Einstellungsm\u00f6glichkeiten zum Schutz Ihrer Privatsph\u00e4re und Ihrer Daten k\u00f6nnen Sie den <a href=\"https:\/\/www.linkedin.com\/legal\/privacy-policy?_l=de_DE\" target=\"_blank\" rel=\"noopener\">Datenschutzrichtlinien<\/a> von LinkedIn entnehmen, die auch Informationen zu Einstellungen enthalten, mit denen Sie Ihre Privatsph\u00e4re sch\u00fctzen k\u00f6nnen.<\/p>\n<p><strong>7. Newsletter<\/strong><\/p>\n<p>Sie haben die M\u00f6glichkeit, unseren Newsletter \u00fcber unsere Website zu abonnieren. Dazu ben\u00f6tigen wir Ihren Namen, Ihre E-Mail-Adresse, das Unternehmen, f\u00fcr das Sie arbeiten, und Ihre Einwilligung, dass Sie dem Erhalt des Newsletters und der Verarbeitung Ihrer pers\u00f6nlichen Daten zustimmen.<\/p>\n<p>Sie k\u00f6nnen Ihre Newsletter-Einstellungen \u00e4ndern oder unseren Newsletter ohne Ank\u00fcndigung in Ihrem Kontobereich oder per E-Mail an germany@amiblu.com abbestellen. Wir werden Ihre Daten im Zusammenhang mit dem Newsletter-Abonnement umgehend l\u00f6schen.<\/p>\n<p><strong>8. Ihre Rechte<\/strong><\/p>\n<p>Sie haben das Recht, von Amiblu Informationen \u00fcber die pers\u00f6nlichen Daten anzufordern, die wir \u00fcber Sie gespeichert haben. Dar\u00fcber hinaus haben Sie das Recht zu verlangen, dass die Daten berichtigt, gel\u00f6scht, gesperrt, die Verarbeitung verweigert wird und Sie oder ein von Ihnen benannter Dritter die gespeicherten Daten in geeigneter Form \u00fcbermittelt.<\/p>\n<p>Wenn Ihre Anfrage nicht innerhalb eines Monats nach Eingang des Antrags bearbeitet werden kann oder wird, haben Sie das Recht, eine Beschwerde bei einer Aufsichtsbeh\u00f6rde einzureichen. Die zust\u00e4ndige Aufsichtsbeh\u00f6rde ist die \u00f6sterreichische Datenschutzbeh\u00f6rde in Wien.<\/p>\n<p><strong>9. Ihre Anfragen<\/strong><\/p>\n<p>Bei Fragen zum Datenschutz und zur Durchsetzung der oben genannten Rechte wenden Sie sich bitte wie folgt an den Datenschutzbeauftragten von Amiblu:<\/p>\n<p>Amiblu Holding GmbH<strong><br \/>\n<\/strong>Datenschutzkoordinator<\/p>\n<p>Sterneckstra\u00dfe 19<br \/>\n9020 Klagenfurt am W\u00f6rthersee<br \/>\nAustria<\/p>\n<p><img decoding=\"async\" class=\"alignnone size-full wp-image-44826\" src=\"https:\/\/www.amiblu.com\/wp-content\/uploads\/privacy@amiblu.com-address.png\" alt=\"privacy@amiblu.com\" width=\"124\" height=\"16\" \/><\/p>\n<p>Bitte geben Sie uns Ihre Kontaktdaten, den Namen der Webseite oder Dienstleistung und eine detaillierte Beschreibung Ihrer Anfrage oder Ihres Anliegens zum Datenschutz bekannt.<\/p>\n<p>Wir bitten jedoch um Ihr Verst\u00e4ndnis, dass wir zu Ihrem Schutz vor Anfragen oder Anfragen unberechtigter Dritter nur schriftlich an die von Ihnen in den jeweiligen Portalen hinterlegte Postanschrift informieren.<\/p>\n<p><strong>10. \u00c4nderungen der Datenschutzrichtlinie<\/strong><\/p>\n<p>Diese Datenschutzerkl\u00e4rung wird von Zeit zu Zeit \u00fcberarbeitet. Wir empfehlen daher, die Datenschutzerkl\u00e4rung regelm\u00e4\u00dfig zu \u00fcberpr\u00fcfen.<\/p>\n<\/div><\/section>\n","protected":false},"excerpt":{"rendered":"","protected":false},"author":8,"featured_media":0,"parent":0,"menu_order":210,"comment_status":"closed","ping_status":"closed","template":"","meta":{"_acf_changed":false,"footnotes":""},"class_list":["post-41044","page","type-page","status-publish","hentry"],"acf":[],"yoast_head":"<!-- This site is optimized with the Yoast SEO Premium plugin v27.3 (Yoast SEO v27.4) - https:\/\/yoast.com\/product\/yoast-seo-premium-wordpress\/ -->\n<title>Datenschutzrichtlinie der Amiblu Gruppe<\/title>\n<meta name=\"description\" content=\"In dieser Datenschutzerkl\u00e4rung informieren wir Sie \u00fcber die wesentlichen Aspekte der Datenverarbeitung in Bezug auf unsere Website.\" \/>\n<meta name=\"robots\" content=\"index, follow, max-snippet:-1, max-image-preview:large, max-video-preview:-1\" \/>\n<link rel=\"canonical\" href=\"https:\/\/www.amiblu.com\/de\/datenschutz\/\" \/>\n<meta property=\"og:locale\" content=\"de_DE\" \/>\n<meta property=\"og:type\" content=\"article\" \/>\n<meta property=\"og:title\" content=\"Datenschutz\" \/>\n<meta property=\"og:description\" content=\"In dieser Datenschutzerkl\u00e4rung informieren wir Sie \u00fcber die wesentlichen Aspekte der Datenverarbeitung in Bezug auf unsere Website.\" \/>\n<meta property=\"og:url\" content=\"https:\/\/www.amiblu.com\/de\/datenschutz\/\" \/>\n<meta property=\"og:site_name\" content=\"Amiblu\" \/>\n<meta property=\"article:publisher\" content=\"https:\/\/www.facebook.com\/amiblupipes\" \/>\n<meta property=\"article:modified_time\" content=\"2025-04-14T09:07:40+00:00\" \/>\n<meta property=\"og:image\" content=\"https:\/\/www.amiblu.com\/wp-content\/uploads\/privacy@amiblu.com-address.png\" \/>\n\t<meta property=\"og:image:width\" content=\"124\" \/>\n\t<meta property=\"og:image:height\" content=\"16\" \/>\n\t<meta property=\"og:image:type\" content=\"image\/png\" \/>\n<meta name=\"twitter:card\" content=\"summary_large_image\" \/>\n<meta name=\"twitter:label1\" content=\"Gesch\u00e4tzte Lesezeit\" \/>\n\t<meta name=\"twitter:data1\" content=\"8\u00a0Minuten\" \/>\n<script type=\"application\/ld+json\" class=\"yoast-schema-graph\">{\"@context\":\"https:\\\/\\\/schema.org\",\"@graph\":[{\"@type\":\"WebPage\",\"@id\":\"https:\\\/\\\/www.amiblu.com\\\/de\\\/datenschutz\\\/\",\"url\":\"https:\\\/\\\/www.amiblu.com\\\/de\\\/datenschutz\\\/\",\"name\":\"Datenschutzrichtlinie der Amiblu Gruppe\",\"isPartOf\":{\"@id\":\"https:\\\/\\\/www.amiblu.com\\\/de\\\/#website\"},\"primaryImageOfPage\":{\"@id\":\"https:\\\/\\\/www.amiblu.com\\\/de\\\/datenschutz\\\/#primaryimage\"},\"image\":{\"@id\":\"https:\\\/\\\/www.amiblu.com\\\/de\\\/datenschutz\\\/#primaryimage\"},\"thumbnailUrl\":\"https:\\\/\\\/www.amiblu.com\\\/wp-content\\\/uploads\\\/privacy@amiblu.com-address.png\",\"datePublished\":\"2021-08-24T13:50:59+00:00\",\"dateModified\":\"2025-04-14T09:07:40+00:00\",\"description\":\"In dieser Datenschutzerkl\u00e4rung informieren wir Sie \u00fcber die wesentlichen Aspekte der Datenverarbeitung in Bezug auf unsere Website.\",\"inLanguage\":\"de\",\"potentialAction\":[{\"@type\":\"ReadAction\",\"target\":[\"https:\\\/\\\/www.amiblu.com\\\/de\\\/datenschutz\\\/\"]}]},{\"@type\":\"ImageObject\",\"inLanguage\":\"de\",\"@id\":\"https:\\\/\\\/www.amiblu.com\\\/de\\\/datenschutz\\\/#primaryimage\",\"url\":\"https:\\\/\\\/www.amiblu.com\\\/wp-content\\\/uploads\\\/privacy@amiblu.com-address.png\",\"contentUrl\":\"https:\\\/\\\/www.amiblu.com\\\/wp-content\\\/uploads\\\/privacy@amiblu.com-address.png\"},{\"@type\":\"WebSite\",\"@id\":\"https:\\\/\\\/www.amiblu.com\\\/de\\\/#website\",\"url\":\"https:\\\/\\\/www.amiblu.com\\\/de\\\/\",\"name\":\"Amiblu\",\"description\":\"GFK-Rohrsysteme f\u00fcr Generationen\",\"publisher\":{\"@id\":\"https:\\\/\\\/www.amiblu.com\\\/de\\\/#organization\"},\"potentialAction\":[{\"@type\":\"SearchAction\",\"target\":{\"@type\":\"EntryPoint\",\"urlTemplate\":\"https:\\\/\\\/www.amiblu.com\\\/de\\\/?s={search_term_string}\"},\"query-input\":{\"@type\":\"PropertyValueSpecification\",\"valueRequired\":true,\"valueName\":\"search_term_string\"}}],\"inLanguage\":\"de\"},{\"@type\":\"Organization\",\"@id\":\"https:\\\/\\\/www.amiblu.com\\\/de\\\/#organization\",\"name\":\"Amiblu Group\",\"url\":\"https:\\\/\\\/www.amiblu.com\\\/de\\\/\",\"logo\":{\"@type\":\"ImageObject\",\"inLanguage\":\"de\",\"@id\":\"https:\\\/\\\/www.amiblu.com\\\/de\\\/#\\\/schema\\\/logo\\\/image\\\/\",\"url\":\"https:\\\/\\\/www.amiblu.com\\\/wp-content\\\/uploads\\\/2021\\\/01\\\/Amiblu-logo-website-1.png\",\"contentUrl\":\"https:\\\/\\\/www.amiblu.com\\\/wp-content\\\/uploads\\\/2021\\\/01\\\/Amiblu-logo-website-1.png\",\"width\":201,\"height\":38,\"caption\":\"Amiblu Group\"},\"image\":{\"@id\":\"https:\\\/\\\/www.amiblu.com\\\/de\\\/#\\\/schema\\\/logo\\\/image\\\/\"},\"sameAs\":[\"https:\\\/\\\/www.facebook.com\\\/amiblupipes\",\"https:\\\/\\\/www.youtube.com\\\/c\\\/Amiblu\",\"https:\\\/\\\/de.wikipedia.org\\\/wiki\\\/Amiblu\",\"https:\\\/\\\/www.linkedin.com\\\/company\\\/amiblupipes\\\/\"]}]}<\/script>\n<!-- \/ Yoast SEO Premium plugin. -->","yoast_head_json":{"title":"Datenschutzrichtlinie der Amiblu Gruppe","description":"In dieser Datenschutzerkl\u00e4rung informieren wir Sie \u00fcber die wesentlichen Aspekte der Datenverarbeitung in Bezug auf unsere Website.","robots":{"index":"index","follow":"follow","max-snippet":"max-snippet:-1","max-image-preview":"max-image-preview:large","max-video-preview":"max-video-preview:-1"},"canonical":"https:\/\/www.amiblu.com\/de\/datenschutz\/","og_locale":"de_DE","og_type":"article","og_title":"Datenschutz","og_description":"In dieser Datenschutzerkl\u00e4rung informieren wir Sie \u00fcber die wesentlichen Aspekte der Datenverarbeitung in Bezug auf unsere Website.","og_url":"https:\/\/www.amiblu.com\/de\/datenschutz\/","og_site_name":"Amiblu","article_publisher":"https:\/\/www.facebook.com\/amiblupipes","article_modified_time":"2025-04-14T09:07:40+00:00","og_image":[{"width":124,"height":16,"url":"https:\/\/www.amiblu.com\/wp-content\/uploads\/privacy@amiblu.com-address.png","type":"image\/png"}],"twitter_card":"summary_large_image","twitter_misc":{"Gesch\u00e4tzte Lesezeit":"8\u00a0Minuten"},"schema":{"@context":"https:\/\/schema.org","@graph":[{"@type":"WebPage","@id":"https:\/\/www.amiblu.com\/de\/datenschutz\/","url":"https:\/\/www.amiblu.com\/de\/datenschutz\/","name":"Datenschutzrichtlinie der Amiblu Gruppe","isPartOf":{"@id":"https:\/\/www.amiblu.com\/de\/#website"},"primaryImageOfPage":{"@id":"https:\/\/www.amiblu.com\/de\/datenschutz\/#primaryimage"},"image":{"@id":"https:\/\/www.amiblu.com\/de\/datenschutz\/#primaryimage"},"thumbnailUrl":"https:\/\/www.amiblu.com\/wp-content\/uploads\/privacy@amiblu.com-address.png","datePublished":"2021-08-24T13:50:59+00:00","dateModified":"2025-04-14T09:07:40+00:00","description":"In dieser Datenschutzerkl\u00e4rung informieren wir Sie \u00fcber die wesentlichen Aspekte der Datenverarbeitung in Bezug auf unsere Website.","inLanguage":"de","potentialAction":[{"@type":"ReadAction","target":["https:\/\/www.amiblu.com\/de\/datenschutz\/"]}]},{"@type":"ImageObject","inLanguage":"de","@id":"https:\/\/www.amiblu.com\/de\/datenschutz\/#primaryimage","url":"https:\/\/www.amiblu.com\/wp-content\/uploads\/privacy@amiblu.com-address.png","contentUrl":"https:\/\/www.amiblu.com\/wp-content\/uploads\/privacy@amiblu.com-address.png"},{"@type":"WebSite","@id":"https:\/\/www.amiblu.com\/de\/#website","url":"https:\/\/www.amiblu.com\/de\/","name":"Amiblu","description":"GFK-Rohrsysteme f\u00fcr Generationen","publisher":{"@id":"https:\/\/www.amiblu.com\/de\/#organization"},"potentialAction":[{"@type":"SearchAction","target":{"@type":"EntryPoint","urlTemplate":"https:\/\/www.amiblu.com\/de\/?s={search_term_string}"},"query-input":{"@type":"PropertyValueSpecification","valueRequired":true,"valueName":"search_term_string"}}],"inLanguage":"de"},{"@type":"Organization","@id":"https:\/\/www.amiblu.com\/de\/#organization","name":"Amiblu Group","url":"https:\/\/www.amiblu.com\/de\/","logo":{"@type":"ImageObject","inLanguage":"de","@id":"https:\/\/www.amiblu.com\/de\/#\/schema\/logo\/image\/","url":"https:\/\/www.amiblu.com\/wp-content\/uploads\/2021\/01\/Amiblu-logo-website-1.png","contentUrl":"https:\/\/www.amiblu.com\/wp-content\/uploads\/2021\/01\/Amiblu-logo-website-1.png","width":201,"height":38,"caption":"Amiblu Group"},"image":{"@id":"https:\/\/www.amiblu.com\/de\/#\/schema\/logo\/image\/"},"sameAs":["https:\/\/www.facebook.com\/amiblupipes","https:\/\/www.youtube.com\/c\/Amiblu","https:\/\/de.wikipedia.org\/wiki\/Amiblu","https:\/\/www.linkedin.com\/company\/amiblupipes\/"]}]}},"_links":{"self":[{"href":"https:\/\/www.amiblu.com\/de\/wp-json\/wp\/v2\/pages\/41044","targetHints":{"allow":["GET"]}}],"collection":[{"href":"https:\/\/www.amiblu.com\/de\/wp-json\/wp\/v2\/pages"}],"about":[{"href":"https:\/\/www.amiblu.com\/de\/wp-json\/wp\/v2\/types\/page"}],"author":[{"embeddable":true,"href":"https:\/\/www.amiblu.com\/de\/wp-json\/wp\/v2\/users\/8"}],"replies":[{"embeddable":true,"href":"https:\/\/www.amiblu.com\/de\/wp-json\/wp\/v2\/comments?post=41044"}],"version-history":[{"count":25,"href":"https:\/\/www.amiblu.com\/de\/wp-json\/wp\/v2\/pages\/41044\/revisions"}],"predecessor-version":[{"id":71149,"href":"https:\/\/www.amiblu.com\/de\/wp-json\/wp\/v2\/pages\/41044\/revisions\/71149"}],"wp:attachment":[{"href":"https:\/\/www.amiblu.com\/de\/wp-json\/wp\/v2\/media?parent=41044"}],"curies":[{"name":"wp","href":"https:\/\/api.w.org\/{rel}","templated":true}]}}