{"id":39537,"date":"2021-07-27T10:46:03","date_gmt":"2021-07-27T08:46:03","guid":{"rendered":"https:\/\/www.amiblu.com\/?page_id=39537"},"modified":"2023-02-23T12:15:26","modified_gmt":"2023-02-23T11:15:26","slug":"tuberias-de-hinca","status":"publish","type":"page","link":"https:\/\/www.amiblu.com\/es\/tuberias-de-hinca\/","title":{"rendered":"Tuber\u00edas de hinca"},"content":{"rendered":"\n<style type=\"text\/css\" data-created_by=\"avia_inline_auto\" id=\"style-css-av-4j7ewoh-a7f20a5220aa9d64d9a58081ac82e479\">\n.avia-section.av-4j7ewoh-a7f20a5220aa9d64d9a58081ac82e479 .av-parallax .av-parallax-inner{\nbackground-repeat:no-repeat;\nbackground-image:url(https:\/\/www.amiblu.com\/wp-content\/uploads\/Amiblu-GRP-pipes-jacking-project-Crescenza-Rome.webp);\nbackground-position:50% 50%;\nbackground-attachment:scroll;\n}\n.avia-section.av-4j7ewoh-a7f20a5220aa9d64d9a58081ac82e479 .av-section-color-overlay{\nopacity:0.5;\nbackground-color:#0a0a0a;\n}\n<\/style>\n<div id='av_section_1'  class='avia-section av-4j7ewoh-a7f20a5220aa9d64d9a58081ac82e479 main_color avia-section-default avia-no-border-styling  avia-builder-el-0  el_before_av_section  avia-builder-el-first  amiblu-content amiblu-page-hero av-parallax-section avia-bg-style-parallax av-section-color-overlay-active container_wrap fullsize'  data-section-bg-repeat='no-repeat'><div class='av-parallax' data-avia-parallax-ratio='0.3' ><div class='av-parallax-inner main_color avia-full-stretch'><\/div><\/div><div class=\"av-section-color-overlay-wrap\"><div class=\"av-section-color-overlay\"><\/div><div class='container av-section-cont-open' ><main  role=\"main\" itemprop=\"mainContentOfPage\"  class='template-page content  av-content-full alpha units'><div class='post-entry post-entry-type-page post-entry-39537'><div class='entry-content-wrapper clearfix'>\n\n<style type=\"text\/css\" data-created_by=\"avia_inline_auto\" id=\"style-css-av-3qsbmr5-f4c2adfd0b066286ec5499f1102702b2\">\n.flex_column.av-3qsbmr5-f4c2adfd0b066286ec5499f1102702b2{\nborder-radius:0px 0px 0px 0px;\npadding:0 0 0 0;\n}\n<\/style>\n<div  class='flex_column av-3qsbmr5-f4c2adfd0b066286ec5499f1102702b2 av_two_third  avia-builder-el-1  avia-builder-el-no-sibling  white-content first flex_column_div av-zero-column-padding  '     ><p>\n<style type=\"text\/css\" data-created_by=\"avia_inline_auto\" id=\"style-css-av-le71lhhf-551320b4738e9e9fe27fb3e13ba48706\">\n#top .av-special-heading.av-le71lhhf-551320b4738e9e9fe27fb3e13ba48706{\npadding-bottom:10px;\n}\nbody .av-special-heading.av-le71lhhf-551320b4738e9e9fe27fb3e13ba48706 .av-special-heading-tag .heading-char{\nfont-size:25px;\n}\n.av-special-heading.av-le71lhhf-551320b4738e9e9fe27fb3e13ba48706 .av-subheading{\nfont-size:15px;\n}\n<\/style>\n<div  class='av-special-heading av-le71lhhf-551320b4738e9e9fe27fb3e13ba48706 av-special-heading-h1  avia-builder-el-2  el_before_av_textblock  avia-builder-el-first '><h1 class='av-special-heading-tag '  itemprop=\"headline\"  >Tuber\u00edas de hinca Amiblu<\/h1><div class=\"special-heading-border\"><div class=\"special-heading-inner-border\"><\/div><\/div><\/div><br \/>\n\n<style type=\"text\/css\" data-created_by=\"avia_inline_auto\" id=\"style-css-av-le71qk5f-5aa0bc48630c935484d6f08342352f15\">\n#top .av_textblock_section.av-le71qk5f-5aa0bc48630c935484d6f08342352f15 .avia_textblock{\nfont-size:20px;\n}\n<\/style>\n<section  class='av_textblock_section av-le71qk5f-5aa0bc48630c935484d6f08342352f15 '   itemscope=\"itemscope\" itemtype=\"https:\/\/schema.org\/CreativeWork\" ><div class='avia_textblock sub-heading'  itemprop=\"text\" ><p>Tuber\u00edas de PRFV con una gran resistencia a la compresi\u00f3n para soportar grandes fuerzas de empuje. Se emplean normalmente para el hincado bajo carreteras y v\u00edas f\u00e9rreas, y en ciudades densamente pobladas.<\/p>\n<\/div><\/section><\/p><\/div><\/div><\/div><\/main><!-- close content main element --><\/div><\/div><\/div>\n<style type=\"text\/css\" data-created_by=\"avia_inline_auto\" id=\"style-css-av-3ktr0c1-ae077bfcc82a79db288429573384e247\">\n.avia-section.av-3ktr0c1-ae077bfcc82a79db288429573384e247{\nbackground-color:#f2f4f8;\nbackground-image:unset;\n}\n<\/style>\n<div id='av_section_2'  class='avia-section av-3ktr0c1-ae077bfcc82a79db288429573384e247 main_color avia-section-default avia-no-border-styling  avia-builder-el-4  el_after_av_section  el_before_av_section  avia-bg-style-scroll container_wrap fullsize'  ><div class='container av-section-cont-open' ><div class='template-page content  av-content-full alpha units'><div class='post-entry post-entry-type-page post-entry-39537'><div class='entry-content-wrapper clearfix'>\n\n<style type=\"text\/css\" data-created_by=\"avia_inline_auto\" id=\"style-css-av-2ujzxw1-7c827637d5429d88f6691f3e97bb2d5c\">\n.flex_column.av-2ujzxw1-7c827637d5429d88f6691f3e97bb2d5c{\nborder-radius:0px 0px 0px 0px;\npadding:0px 0px 0px 0px;\n}\n<\/style>\n<div  class='flex_column av-2ujzxw1-7c827637d5429d88f6691f3e97bb2d5c av_two_third  avia-builder-el-5  avia-builder-el-no-sibling  first flex_column_div av-zero-column-padding  '     ><style type=\"text\/css\" data-created_by=\"avia_inline_auto\" id=\"style-css-av-le71l9ch-9da1099a0677f81e1bba25de3a8ace1d\">\n#top .av_textblock_section.av-le71l9ch-9da1099a0677f81e1bba25de3a8ace1d .avia_textblock{\nfont-size:20px;\n}\n\n@media only screen and (min-width: 480px) and (max-width: 767px){ \n#top .av_textblock_section.av-le71l9ch-9da1099a0677f81e1bba25de3a8ace1d .avia_textblock{\nfont-size:18px;\n}\n}\n\n@media only screen and (max-width: 479px){ \n#top .av_textblock_section.av-le71l9ch-9da1099a0677f81e1bba25de3a8ace1d .avia_textblock{\nfont-size:16px;\n}\n}\n<\/style>\n<section  class='av_textblock_section av-le71l9ch-9da1099a0677f81e1bba25de3a8ace1d '   itemscope=\"itemscope\" itemtype=\"https:\/\/schema.org\/CreativeWork\" ><div class='avia_textblock'  itemprop=\"text\" ><p>Con su gran resistencia, los sistemas de\u00a0<strong>tuber\u00edas de hinca de Amiblu<\/strong>\u00a0son adecuados para las\u00a0<a href=\"https:\/\/www.amiblu.com\/es\/aplicaciones-sin-zanja\/\">instalaciones de hinca<\/a>. El dise\u00f1o de las tuber\u00edas Amiblu para las hincas y microt\u00faneles emplea materiales no corrosivos. La superficie externa lisa y la repelencia al agua le permite tener una fricci\u00f3n baja durante la hinca.<\/p>\n<\/div><\/section><\/div>\n<\/p>\n<\/div><\/div><\/div><!-- close content main div --><\/div><\/div>\n<style type=\"text\/css\" data-created_by=\"avia_inline_auto\" id=\"style-css-av-957evl-1a556e93fa593e7b873cb74495df0056\">\n.avia-section.av-957evl-1a556e93fa593e7b873cb74495df0056{\nbackground-color:#f2f4f8;\nbackground-image:unset;\n}\n<\/style>\n<div id='av_section_3'  class='avia-section av-957evl-1a556e93fa593e7b873cb74495df0056 main_color avia-section-default avia-no-border-styling  avia-builder-el-7  el_after_av_section  el_before_av_section  productpage avia-bg-style-scroll container_wrap fullsize'  ><div class='container av-section-cont-open' ><div class='template-page content  av-content-full alpha units'><div class='post-entry post-entry-type-page post-entry-39537'><div class='entry-content-wrapper clearfix'>\n<div  class='togglecontainer av-le71r6lh-c64d0be6bd690b060b6fd09e834cd7f2  avia-builder-el-8  avia-builder-el-no-sibling  downloadliste toggle_close_all' >\n<section class='av_toggle_section av-le71r4w3-3049c0a2c413ccb9a1331357521fecf5'  itemscope=\"itemscope\" itemtype=\"https:\/\/schema.org\/CreativeWork\" ><div role=\"tablist\" class=\"single_toggle\" data-tags=\"{Todo} \"  ><p id='toggle-tuberias-de-hinca' data-fake-id='#tuberias-de-hinca' class='toggler  activeTitle av-title-above '  itemprop=\"headline\"  role='tab' tabindex='0' aria-controls='tuberias-de-hinca' data-slide-speed=\"200\" data-title=\"Tuber\u00edas de hinca\" data-title-open=\"\" data-aria_collapsed=\"Click to expand: Tuber\u00edas de hinca\" data-aria_expanded=\"Click to collapse: Tuber\u00edas de hinca\">Tuber\u00edas de hinca<span class=\"toggle_icon\"><span class=\"vert_icon\"><\/span><span class=\"hor_icon\"><\/span><\/span><\/p><div id='tuberias-de-hinca' aria-labelledby='toggle-tuberias-de-hinca' role='region' class='toggle_wrap  active_tc av-title-above' style='display:block;' ><div class='toggle_content invers-color '  itemprop=\"text\" ><div class=\"nav1\"><\/div>\n<div class=\"eintrag1\"><\/div>\n<\/div><\/div><\/div><\/section>\n<\/div>\n\n<\/div><\/div><\/div><!-- close content main div --><\/div><\/div><div id='av_section_4' aria-label='TUBER\u00cdAS DE HINCA HOBAS' class='avia-section av-le71ukkb-812161e1f9e2a37761b7d0cb1595971c main_color avia-section-default avia-no-border-styling  avia-builder-el-9  el_after_av_section  avia-builder-el-last  box_element1 avia-bg-style-scroll container_wrap fullsize'  ><div class='container av-section-cont-open' ><div class='template-page content  av-content-full alpha units'><div class='post-entry post-entry-type-page post-entry-39537'><div class='entry-content-wrapper clearfix'>\n\n<style type=\"text\/css\" data-created_by=\"avia_inline_auto\" id=\"style-css-av-248a55d-e609c482bc3cd2bc0d42345a86e73cba\">\n.flex_column.av-248a55d-e609c482bc3cd2bc0d42345a86e73cba{\nborder-radius:0px 0px 0px 0px;\npadding:0px 0px 0px 0px;\n}\n<\/style>\n<div  class='flex_column av-248a55d-e609c482bc3cd2bc0d42345a86e73cba av_one_fourth  avia-builder-el-10  el_before_av_one_third  avia-builder-el-first  first flex_column_div av-zero-column-padding  '     ><style type=\"text\/css\" data-created_by=\"avia_inline_auto\" id=\"style-css-av-65qo6p-9793c0b7df83488c84f65b44d9e9e1a7\">\n.avia-image-container.av-65qo6p-9793c0b7df83488c84f65b44d9e9e1a7 img.avia_image{\nbox-shadow:none;\n}\n.avia-image-container.av-65qo6p-9793c0b7df83488c84f65b44d9e9e1a7 .av-image-caption-overlay-center{\ncolor:#ffffff;\n}\n<\/style>\n<div  class='avia-image-container av-65qo6p-9793c0b7df83488c84f65b44d9e9e1a7 av-styling- avia-align-center  avia-builder-el-11  avia-builder-el-no-sibling '   itemprop=\"image\" itemscope=\"itemscope\" itemtype=\"https:\/\/schema.org\/ImageObject\" ><div class=\"avia-image-container-inner\"><div class=\"avia-image-overlay-wrap\"><img fetchpriority=\"high\" decoding=\"async\" fetchpriority=\"high\" fetchpriority=\"high\" class='wp-image-36192 avia-img-lazy-loading-not-36192 avia_image ' src=\"https:\/\/www.amiblu.com\/wp-content\/uploads\/Hobas-jacking-pipe.png\" alt='Hobas jacking pipe' title='Hobas-jacking-pipe'  height=\"250\" width=\"250\"  itemprop=\"thumbnailUrl\" srcset=\"https:\/\/www.amiblu.com\/wp-content\/uploads\/Hobas-jacking-pipe.png 250w, https:\/\/www.amiblu.com\/wp-content\/uploads\/Hobas-jacking-pipe-80x80.png 80w, https:\/\/www.amiblu.com\/wp-content\/uploads\/Hobas-jacking-pipe-36x36.png 36w, https:\/\/www.amiblu.com\/wp-content\/uploads\/Hobas-jacking-pipe-180x180.png 180w\" sizes=\"(max-width: 250px) 100vw, 250px\" \/><\/div><\/div><\/div><\/div>\n<style type=\"text\/css\" data-created_by=\"avia_inline_auto\" id=\"style-css-av-134k5gx-d5fc69607fa3980fa19924a97d4a786f\">\n.flex_column.av-134k5gx-d5fc69607fa3980fa19924a97d4a786f{\nborder-radius:0px 0px 0px 0px;\npadding:0px 0px 0px 0px;\n}\n<\/style>\n<div  class='flex_column av-134k5gx-d5fc69607fa3980fa19924a97d4a786f av_one_third  avia-builder-el-12  el_after_av_one_fourth  el_before_av_two_fifth  flex_column_div av-zero-column-padding  '     ><section  class='av_textblock_section av-le71rsoz-3ceafda48f42d731077aa31b0538b7a1 '   itemscope=\"itemscope\" itemtype=\"https:\/\/schema.org\/CreativeWork\" ><div class='avia_textblock'  itemprop=\"text\" ><p>Las tuber\u00edas de hinca Hobas est\u00e1n dise\u00f1adas para soportar elevados esfuerzos de empuje. Se emplean normalmente para la hinca bajo estructuras como carreteras y v\u00edas de tren. Son resistentes a la limpieza interior mediante proyecci\u00f3n de agua a presi\u00f3n de acuerdo con la DIN 19523.<\/p>\n<\/div><\/section><\/div>\n<style type=\"text\/css\" data-created_by=\"avia_inline_auto\" id=\"style-css-av-ixjqoh-65291ed2801a17bf4026815967a4a7a5\">\n.flex_column.av-ixjqoh-65291ed2801a17bf4026815967a4a7a5{\nborder-radius:0px 0px 0px 0px;\npadding:0px 0px 0px 0px;\n}\n<\/style>\n<div  class='flex_column av-ixjqoh-65291ed2801a17bf4026815967a4a7a5 av_two_fifth  avia-builder-el-14  el_after_av_one_third  avia-builder-el-last  flex_column_div av-zero-column-padding  '     ><div class='avia-data-table-wrap av-1a1a2f-5237cce4737fc47cb2d79b4e154ed111 avia_responsive_table avia-table-1'><table  class='avia-table avia-data-table avia_pricing_default  avia-builder-el-15  avia-builder-el-no-sibling '  itemscope=\"itemscope\" itemtype=\"https:\/\/schema.org\/Table\" ><tbody><tr class=''><td class=''>Rango de di\u00e1metros (OD)<\/td><td class=''>272-3600 mm<br \/>\n<\/td><\/tr><tr class=''><td class=''>Presi\u00f3n (PN)<\/td><td class=''>hasta los 16 bar<br \/>\n<\/td><\/tr><tr class=''><td class=''>Longitudes nominales<\/td><td class=''>1-6 m<br \/>\n<\/td><\/tr><tr class=''><td class=''>Rigidez (SN)<\/td><td class=''>32000 hasta los 1000000 N\/m\u00b2<br \/>\n<\/td><\/tr><\/tbody><\/table><\/div><\/div>\n\n","protected":false},"excerpt":{"rendered":"","protected":false},"author":8,"featured_media":55129,"parent":0,"menu_order":14,"comment_status":"closed","ping_status":"closed","template":"","meta":{"_acf_changed":false,"footnotes":""},"class_list":["post-39537","page","type-page","status-publish","has-post-thumbnail","hentry"],"acf":[],"yoast_head":"<!-- This site is optimized with the Yoast SEO Premium plugin v27.3 (Yoast SEO v27.4) - https:\/\/yoast.com\/product\/yoast-seo-premium-wordpress\/ -->\n<title>Tuber\u00edas de hinca Amiblu<\/title>\n<meta name=\"description\" content=\"La tuber\u00edas de hinca se emplean normalmente para la hinca bajo estructuras como carreteras y v\u00edas de tren y en ciudades densamente pobladas.\" \/>\n<meta name=\"robots\" content=\"index, follow, max-snippet:-1, max-image-preview:large, max-video-preview:-1\" \/>\n<link rel=\"canonical\" href=\"https:\/\/www.amiblu.com\/es\/tuberias-de-hinca\/\" \/>\n<meta property=\"og:locale\" content=\"es_ES\" \/>\n<meta property=\"og:type\" content=\"article\" \/>\n<meta property=\"og:title\" content=\"Tuber\u00edas de hinca\" \/>\n<meta property=\"og:description\" content=\"La tuber\u00edas de hinca se emplean normalmente para la hinca bajo estructuras como carreteras y v\u00edas de tren y en ciudades densamente pobladas.\" \/>\n<meta property=\"og:url\" content=\"https:\/\/www.amiblu.com\/es\/tuberias-de-hinca\/\" \/>\n<meta property=\"og:site_name\" content=\"Amiblu\" \/>\n<meta property=\"article:publisher\" content=\"https:\/\/www.facebook.com\/amiblupipes\" \/>\n<meta property=\"article:modified_time\" content=\"2023-02-23T11:15:26+00:00\" \/>\n<meta property=\"og:image\" content=\"https:\/\/www.amiblu.com\/wp-content\/uploads\/Amiblu-GRP-pipes-jacking-project-Crescenza-Rome.webp\" \/>\n\t<meta property=\"og:image:width\" content=\"1920\" \/>\n\t<meta property=\"og:image:height\" content=\"917\" \/>\n\t<meta property=\"og:image:type\" content=\"image\/webp\" \/>\n<meta name=\"twitter:card\" content=\"summary_large_image\" \/>\n<meta name=\"twitter:label1\" content=\"Tiempo de lectura\" \/>\n\t<meta name=\"twitter:data1\" content=\"4 minutos\" \/>\n<script type=\"application\/ld+json\" class=\"yoast-schema-graph\">{\"@context\":\"https:\\\/\\\/schema.org\",\"@graph\":[{\"@type\":\"WebPage\",\"@id\":\"https:\\\/\\\/www.amiblu.com\\\/es\\\/tuberias-de-hinca\\\/\",\"url\":\"https:\\\/\\\/www.amiblu.com\\\/es\\\/tuberias-de-hinca\\\/\",\"name\":\"Tuber\u00edas de hinca Amiblu\",\"isPartOf\":{\"@id\":\"https:\\\/\\\/www.amiblu.com\\\/es\\\/#website\"},\"primaryImageOfPage\":{\"@id\":\"https:\\\/\\\/www.amiblu.com\\\/es\\\/tuberias-de-hinca\\\/#primaryimage\"},\"image\":{\"@id\":\"https:\\\/\\\/www.amiblu.com\\\/es\\\/tuberias-de-hinca\\\/#primaryimage\"},\"thumbnailUrl\":\"https:\\\/\\\/www.amiblu.com\\\/wp-content\\\/uploads\\\/Amiblu-GRP-pipes-jacking-project-Crescenza-Rome.webp\",\"datePublished\":\"2021-07-27T08:46:03+00:00\",\"dateModified\":\"2023-02-23T11:15:26+00:00\",\"description\":\"La tuber\u00edas de hinca se emplean normalmente para la hinca bajo estructuras como carreteras y v\u00edas de tren y en ciudades densamente pobladas.\",\"inLanguage\":\"es\",\"potentialAction\":[{\"@type\":\"ReadAction\",\"target\":[\"https:\\\/\\\/www.amiblu.com\\\/es\\\/tuberias-de-hinca\\\/\"]}]},{\"@type\":\"ImageObject\",\"inLanguage\":\"es\",\"@id\":\"https:\\\/\\\/www.amiblu.com\\\/es\\\/tuberias-de-hinca\\\/#primaryimage\",\"url\":\"https:\\\/\\\/www.amiblu.com\\\/wp-content\\\/uploads\\\/Amiblu-GRP-pipes-jacking-project-Crescenza-Rome.webp\",\"contentUrl\":\"https:\\\/\\\/www.amiblu.com\\\/wp-content\\\/uploads\\\/Amiblu-GRP-pipes-jacking-project-Crescenza-Rome.webp\",\"width\":1920,\"height\":917,\"caption\":\"Amiblu GRP pipes for jacking project Crescenza in Rome, Italy\"},{\"@type\":\"WebSite\",\"@id\":\"https:\\\/\\\/www.amiblu.com\\\/es\\\/#website\",\"url\":\"https:\\\/\\\/www.amiblu.com\\\/es\\\/\",\"name\":\"Amiblu\",\"description\":\"GFK-Rohrsysteme f\u00fcr Generationen\",\"publisher\":{\"@id\":\"https:\\\/\\\/www.amiblu.com\\\/es\\\/#organization\"},\"potentialAction\":[{\"@type\":\"SearchAction\",\"target\":{\"@type\":\"EntryPoint\",\"urlTemplate\":\"https:\\\/\\\/www.amiblu.com\\\/es\\\/?s={search_term_string}\"},\"query-input\":{\"@type\":\"PropertyValueSpecification\",\"valueRequired\":true,\"valueName\":\"search_term_string\"}}],\"inLanguage\":\"es\"},{\"@type\":\"Organization\",\"@id\":\"https:\\\/\\\/www.amiblu.com\\\/es\\\/#organization\",\"name\":\"Amiblu Group\",\"url\":\"https:\\\/\\\/www.amiblu.com\\\/es\\\/\",\"logo\":{\"@type\":\"ImageObject\",\"inLanguage\":\"es\",\"@id\":\"https:\\\/\\\/www.amiblu.com\\\/es\\\/#\\\/schema\\\/logo\\\/image\\\/\",\"url\":\"https:\\\/\\\/www.amiblu.com\\\/wp-content\\\/uploads\\\/2021\\\/01\\\/Amiblu-logo-website-1.png\",\"contentUrl\":\"https:\\\/\\\/www.amiblu.com\\\/wp-content\\\/uploads\\\/2021\\\/01\\\/Amiblu-logo-website-1.png\",\"width\":201,\"height\":38,\"caption\":\"Amiblu Group\"},\"image\":{\"@id\":\"https:\\\/\\\/www.amiblu.com\\\/es\\\/#\\\/schema\\\/logo\\\/image\\\/\"},\"sameAs\":[\"https:\\\/\\\/www.facebook.com\\\/amiblupipes\",\"https:\\\/\\\/www.youtube.com\\\/c\\\/Amiblu\",\"https:\\\/\\\/de.wikipedia.org\\\/wiki\\\/Amiblu\",\"https:\\\/\\\/www.linkedin.com\\\/company\\\/amiblupipes\\\/\"]}]}<\/script>\n<!-- \/ Yoast SEO Premium plugin. -->","yoast_head_json":{"title":"Tuber\u00edas de hinca Amiblu","description":"La tuber\u00edas de hinca se emplean normalmente para la hinca bajo estructuras como carreteras y v\u00edas de tren y en ciudades densamente pobladas.","robots":{"index":"index","follow":"follow","max-snippet":"max-snippet:-1","max-image-preview":"max-image-preview:large","max-video-preview":"max-video-preview:-1"},"canonical":"https:\/\/www.amiblu.com\/es\/tuberias-de-hinca\/","og_locale":"es_ES","og_type":"article","og_title":"Tuber\u00edas de hinca","og_description":"La tuber\u00edas de hinca se emplean normalmente para la hinca bajo estructuras como carreteras y v\u00edas de tren y en ciudades densamente pobladas.","og_url":"https:\/\/www.amiblu.com\/es\/tuberias-de-hinca\/","og_site_name":"Amiblu","article_publisher":"https:\/\/www.facebook.com\/amiblupipes","article_modified_time":"2023-02-23T11:15:26+00:00","og_image":[{"width":1920,"height":917,"url":"https:\/\/www.amiblu.com\/wp-content\/uploads\/Amiblu-GRP-pipes-jacking-project-Crescenza-Rome.webp","type":"image\/webp"}],"twitter_card":"summary_large_image","twitter_misc":{"Tiempo de lectura":"4 minutos"},"schema":{"@context":"https:\/\/schema.org","@graph":[{"@type":"WebPage","@id":"https:\/\/www.amiblu.com\/es\/tuberias-de-hinca\/","url":"https:\/\/www.amiblu.com\/es\/tuberias-de-hinca\/","name":"Tuber\u00edas de hinca Amiblu","isPartOf":{"@id":"https:\/\/www.amiblu.com\/es\/#website"},"primaryImageOfPage":{"@id":"https:\/\/www.amiblu.com\/es\/tuberias-de-hinca\/#primaryimage"},"image":{"@id":"https:\/\/www.amiblu.com\/es\/tuberias-de-hinca\/#primaryimage"},"thumbnailUrl":"https:\/\/www.amiblu.com\/wp-content\/uploads\/Amiblu-GRP-pipes-jacking-project-Crescenza-Rome.webp","datePublished":"2021-07-27T08:46:03+00:00","dateModified":"2023-02-23T11:15:26+00:00","description":"La tuber\u00edas de hinca se emplean normalmente para la hinca bajo estructuras como carreteras y v\u00edas de tren y en ciudades densamente pobladas.","inLanguage":"es","potentialAction":[{"@type":"ReadAction","target":["https:\/\/www.amiblu.com\/es\/tuberias-de-hinca\/"]}]},{"@type":"ImageObject","inLanguage":"es","@id":"https:\/\/www.amiblu.com\/es\/tuberias-de-hinca\/#primaryimage","url":"https:\/\/www.amiblu.com\/wp-content\/uploads\/Amiblu-GRP-pipes-jacking-project-Crescenza-Rome.webp","contentUrl":"https:\/\/www.amiblu.com\/wp-content\/uploads\/Amiblu-GRP-pipes-jacking-project-Crescenza-Rome.webp","width":1920,"height":917,"caption":"Amiblu GRP pipes for jacking project Crescenza in Rome, Italy"},{"@type":"WebSite","@id":"https:\/\/www.amiblu.com\/es\/#website","url":"https:\/\/www.amiblu.com\/es\/","name":"Amiblu","description":"GFK-Rohrsysteme f\u00fcr Generationen","publisher":{"@id":"https:\/\/www.amiblu.com\/es\/#organization"},"potentialAction":[{"@type":"SearchAction","target":{"@type":"EntryPoint","urlTemplate":"https:\/\/www.amiblu.com\/es\/?s={search_term_string}"},"query-input":{"@type":"PropertyValueSpecification","valueRequired":true,"valueName":"search_term_string"}}],"inLanguage":"es"},{"@type":"Organization","@id":"https:\/\/www.amiblu.com\/es\/#organization","name":"Amiblu Group","url":"https:\/\/www.amiblu.com\/es\/","logo":{"@type":"ImageObject","inLanguage":"es","@id":"https:\/\/www.amiblu.com\/es\/#\/schema\/logo\/image\/","url":"https:\/\/www.amiblu.com\/wp-content\/uploads\/2021\/01\/Amiblu-logo-website-1.png","contentUrl":"https:\/\/www.amiblu.com\/wp-content\/uploads\/2021\/01\/Amiblu-logo-website-1.png","width":201,"height":38,"caption":"Amiblu Group"},"image":{"@id":"https:\/\/www.amiblu.com\/es\/#\/schema\/logo\/image\/"},"sameAs":["https:\/\/www.facebook.com\/amiblupipes","https:\/\/www.youtube.com\/c\/Amiblu","https:\/\/de.wikipedia.org\/wiki\/Amiblu","https:\/\/www.linkedin.com\/company\/amiblupipes\/"]}]}},"_links":{"self":[{"href":"https:\/\/www.amiblu.com\/es\/wp-json\/wp\/v2\/pages\/39537","targetHints":{"allow":["GET"]}}],"collection":[{"href":"https:\/\/www.amiblu.com\/es\/wp-json\/wp\/v2\/pages"}],"about":[{"href":"https:\/\/www.amiblu.com\/es\/wp-json\/wp\/v2\/types\/page"}],"author":[{"embeddable":true,"href":"https:\/\/www.amiblu.com\/es\/wp-json\/wp\/v2\/users\/8"}],"replies":[{"embeddable":true,"href":"https:\/\/www.amiblu.com\/es\/wp-json\/wp\/v2\/comments?post=39537"}],"version-history":[{"count":20,"href":"https:\/\/www.amiblu.com\/es\/wp-json\/wp\/v2\/pages\/39537\/revisions"}],"predecessor-version":[{"id":55845,"href":"https:\/\/www.amiblu.com\/es\/wp-json\/wp\/v2\/pages\/39537\/revisions\/55845"}],"wp:featuredmedia":[{"embeddable":true,"href":"https:\/\/www.amiblu.com\/es\/wp-json\/wp\/v2\/media\/55129"}],"wp:attachment":[{"href":"https:\/\/www.amiblu.com\/es\/wp-json\/wp\/v2\/media?parent=39537"}],"curies":[{"name":"wp","href":"https:\/\/api.w.org\/{rel}","templated":true}]}}