{"id":39703,"date":"2021-07-30T09:45:52","date_gmt":"2021-07-30T07:45:52","guid":{"rendered":"https:\/\/www.amiblu.com\/?page_id=39703"},"modified":"2024-07-24T09:42:05","modified_gmt":"2024-07-24T07:42:05","slug":"saneamiento","status":"publish","type":"page","link":"https:\/\/www.amiblu.com\/es\/saneamiento\/","title":{"rendered":"Saneamiento"},"content":{"rendered":"\n<style type=\"text\/css\" data-created_by=\"avia_inline_auto\" id=\"style-css-av-44dnszb-a58280c043f08372f2ec76fb4f1974b3\">\n.avia-section.av-44dnszb-a58280c043f08372f2ec76fb4f1974b3 .av-parallax .av-parallax-inner{\nbackground-repeat:no-repeat;\nbackground-image:url(https:\/\/www.amiblu.com\/wp-content\/uploads\/Hobas-sewer-pipes-Czajka-Poland-at-night.jpg);\nbackground-position:50% 50%;\nbackground-attachment:scroll;\n}\n.avia-section.av-44dnszb-a58280c043f08372f2ec76fb4f1974b3 .av-section-color-overlay{\nopacity:0.5;\nbackground-color:#0a0a0a;\n}\n<\/style>\n<div id='av_section_1'  class='avia-section av-44dnszb-a58280c043f08372f2ec76fb4f1974b3 main_color avia-section-default avia-no-border-styling  avia-builder-el-0  el_before_av_section  avia-builder-el-first  amiblu-content amiblu-page-hero av-parallax-section avia-bg-style-parallax av-section-color-overlay-active container_wrap fullsize'  data-section-bg-repeat='no-repeat'><div class='av-parallax' data-avia-parallax-ratio='0.3' ><div class='av-parallax-inner main_color avia-full-stretch'><\/div><\/div><div class=\"av-section-color-overlay-wrap\"><div class=\"av-section-color-overlay\"><\/div><div class='container av-section-cont-open' ><main  role=\"main\" itemprop=\"mainContentOfPage\"  class='template-page content  av-content-full alpha units'><div class='post-entry post-entry-type-page post-entry-39703'><div class='entry-content-wrapper clearfix'>\n\n<style type=\"text\/css\" data-created_by=\"avia_inline_auto\" id=\"style-css-av-3nihy9j-0e63bed70ab4580782e841b1415db028\">\n.flex_column.av-3nihy9j-0e63bed70ab4580782e841b1415db028{\nborder-radius:0px 0px 0px 0px;\npadding:0 0 0 0;\n}\n<\/style>\n<div  class='flex_column av-3nihy9j-0e63bed70ab4580782e841b1415db028 av_three_fourth  avia-builder-el-1  avia-builder-el-no-sibling  white-content first flex_column_div av-zero-column-padding  '     ><section  class='av_textblock_section av-l2yf7cp3-32d0ffb408cada594dc49e98c73a2987 '   itemscope=\"itemscope\" itemtype=\"https:\/\/schema.org\/CreativeWork\" ><div class='avia_textblock'  itemprop=\"text\" ><h1 class=\"av-special-heading-tag\">Redes de saneamiento y drenaje en PRFV de Amiblu<\/h1>\n<\/div><\/section><br \/>\n\n<style type=\"text\/css\" data-created_by=\"avia_inline_auto\" id=\"style-css-av-l2yf7t7k-c8facdaf5444347e0aafd395bcf254bf\">\n#top .av_textblock_section.av-l2yf7t7k-c8facdaf5444347e0aafd395bcf254bf .avia_textblock{\nfont-size:20px;\n}\n<\/style>\n<section  class='av_textblock_section av-l2yf7t7k-c8facdaf5444347e0aafd395bcf254bf '   itemscope=\"itemscope\" itemtype=\"https:\/\/schema.org\/CreativeWork\" ><div class='avia_textblock sub-heading'  itemprop=\"text\" ><p>Nuestra promesa: Sistemas de drenaje y saneamiento que nunca sufren corrosi\u00f3n!<\/p>\n<\/div><\/section><\/p><\/div>\n\n<\/div><\/div><\/main><!-- close content main element --><\/div><\/div><\/div><div id='av_section_2'  class='avia-section av-ay1is7-56a246c5a195abc3d14a281e51382c7e main_color avia-section-default avia-no-border-styling  avia-builder-el-4  el_after_av_section  el_before_av_section  amiblu-bw-pr amiblu-jk-pp avia-bg-style-scroll container_wrap fullsize'  ><div class='container av-section-cont-open' ><div class='template-page content  av-content-full alpha units'><div class='post-entry post-entry-type-page post-entry-39703'><div class='entry-content-wrapper clearfix'>\n\n<style type=\"text\/css\" data-created_by=\"avia_inline_auto\" id=\"style-css-av-2p79xhz-aaa71fb9764204a58b29d8be8feca8fe\">\n.flex_column.av-2p79xhz-aaa71fb9764204a58b29d8be8feca8fe{\nborder-radius:0px 0px 0px 0px;\npadding:0px 0px 0px 0px;\n}\n<\/style>\n<div  class='flex_column av-2p79xhz-aaa71fb9764204a58b29d8be8feca8fe av_two_third  avia-builder-el-5  avia-builder-el-no-sibling  first flex_column_div av-zero-column-padding  '     ><p>\n<style type=\"text\/css\" data-created_by=\"avia_inline_auto\" id=\"style-css-av-l5qq0syx-f982a4719134a6a6ee88cf0aa8fab13c\">\n#top .av-special-heading.av-l5qq0syx-f982a4719134a6a6ee88cf0aa8fab13c{\npadding-bottom:10px;\n}\nbody .av-special-heading.av-l5qq0syx-f982a4719134a6a6ee88cf0aa8fab13c .av-special-heading-tag .heading-char{\nfont-size:25px;\n}\n.av-special-heading.av-l5qq0syx-f982a4719134a6a6ee88cf0aa8fab13c .av-subheading{\nfont-size:15px;\n}\n<\/style>\n<div  class='av-special-heading av-l5qq0syx-f982a4719134a6a6ee88cf0aa8fab13c av-special-heading-h5 blockquote modern-quote  avia-builder-el-6  el_before_av_textblock  avia-builder-el-first  h1'><h5 class='av-special-heading-tag '  itemprop=\"headline\"  >Tuber\u00edas de saneamiento y drenaje<\/h5><div class=\"special-heading-border\"><div class=\"special-heading-inner-border\"><\/div><\/div><\/div><br \/>\n\n<style type=\"text\/css\" data-created_by=\"avia_inline_auto\" id=\"style-css-av-l2yfhmix-0a8fa06da612487b4523a1edeaf8e673\">\n#top .av_textblock_section.av-l2yfhmix-0a8fa06da612487b4523a1edeaf8e673 .avia_textblock{\nfont-size:20px;\n}\n\n@media only screen and (min-width: 480px) and (max-width: 767px){ \n#top .av_textblock_section.av-l2yfhmix-0a8fa06da612487b4523a1edeaf8e673 .avia_textblock{\nfont-size:18px;\n}\n}\n\n@media only screen and (max-width: 479px){ \n#top .av_textblock_section.av-l2yfhmix-0a8fa06da612487b4523a1edeaf8e673 .avia_textblock{\nfont-size:16px;\n}\n}\n<\/style>\n<section  class='av_textblock_section av-l2yfhmix-0a8fa06da612487b4523a1edeaf8e673 '   itemscope=\"itemscope\" itemtype=\"https:\/\/schema.org\/CreativeWork\" ><div class='avia_textblock'  itemprop=\"text\" ><p>Los sistemas en PRFV de Amiblu sustituyen a los materiales tradicionales de tuber\u00edas sensibles a la corrosi\u00f3n, como el hormig\u00f3n, el acero y la fundici\u00f3n, que suelen fallar en los entornos \u00e1cidos de las redes de saneamiento. Las tuber\u00edas en PRFV de Amiblu est\u00e1n dise\u00f1adas para ofrecer robustez en entornos urbanos. Su refuerzo de vidrio evita deflexiones y, combinado con una capa interior lisa y antiadherente, permite un funcionamiento seguro con poca pendiente sin requerir un mantenimiento regular. Una amplia gama de equipamientos y accesorios se suman a la moderna red de saneamiento y drenaje con <a href=\"https:\/\/www.amiblu.com\/es\/sistemas-de-retencion\/\">almacenamiento y separaci\u00f3n de aguas pluviales<\/a>, adem\u00e1s de una tecnolog\u00eda de pozos y dep\u00f3sitos de registro inteligentes.<\/p>\n<\/div><\/section><br \/>\n<div  class='avia-button-wrap av-l2yfl6m0-04cc0cd8974e2755cd6400c7acd2561c-wrap avia-button-left  avia-builder-el-8  el_after_av_textblock  avia-builder-el-last  amiblu-outline-button'><a href='https:\/\/www.amiblu.com\/wp-content\/uploads\/Amiblu-Sistemas-de-tuberias-para-saneamiento.pdf'  class='avia-button av-l2yfl6m0-04cc0cd8974e2755cd6400c7acd2561c av-link-btn avia-icon_select-yes-right-icon avia-size-small avia-position-left avia-color-theme-color'  target=\"_blank\"  rel=\"noopener noreferrer\"  aria-label=\"Descarga nuestro cat\u00e1logo\"><span class='avia_iconbox_title' >Descarga nuestro cat\u00e1logo<\/span><span class='avia_button_icon avia_button_icon_right avia-iconfont avia-font-amiblu-icons' data-av_icon='\ue800' data-av_iconfont='amiblu-icons' ><\/span><\/a><\/div><\/p><\/div><\/div><\/div><\/div><!-- close content main div --><\/div><\/div>\n<style type=\"text\/css\" data-created_by=\"avia_inline_auto\" id=\"style-css-av-23ozp9z-bdb5c2c5042037865d8c43afa16ea4e5\">\n.avia-section.av-23ozp9z-bdb5c2c5042037865d8c43afa16ea4e5{\nbackground-color:#f2f4f8;\nbackground-image:unset;\n}\n<\/style>\n<div id='av_section_3'  class='avia-section av-23ozp9z-bdb5c2c5042037865d8c43afa16ea4e5 main_color avia-section-default avia-no-border-styling  avia-builder-el-9  el_after_av_section  avia-builder-el-last  home-info amiblu-jk-inf avia-bg-style-scroll container_wrap fullsize'  ><div class='container av-section-cont-open' ><div class='template-page content  av-content-full alpha units'><div class='post-entry post-entry-type-page post-entry-39703'><div class='entry-content-wrapper clearfix'>\n\n<style type=\"text\/css\" data-created_by=\"avia_inline_auto\" id=\"style-css-av-1mxtgbb-10e9d4685e25940add1baa4bb631bc7c\">\n.flex_column.av-1mxtgbb-10e9d4685e25940add1baa4bb631bc7c{\nborder-radius:0px 0px 0px 0px;\npadding:0px 0px 0px 0px;\n}\n<\/style>\n<div  class='flex_column av-1mxtgbb-10e9d4685e25940add1baa4bb631bc7c av_one_half  avia-builder-el-10  el_before_av_one_half  avia-builder-el-first  home-info-img first flex_column_div av-zero-column-padding  '     ><style type=\"text\/css\" data-created_by=\"avia_inline_auto\" id=\"style-css-av-z1z8gn-fc2dadd5eb65c124aa2e7afaf95cbee4\">\n.avia-image-container.av-z1z8gn-fc2dadd5eb65c124aa2e7afaf95cbee4 img.avia_image{\nbox-shadow:none;\n}\n.avia-image-container.av-z1z8gn-fc2dadd5eb65c124aa2e7afaf95cbee4 .av-image-caption-overlay-center{\ncolor:#ffffff;\n}\n<\/style>\n<div  class='avia-image-container av-z1z8gn-fc2dadd5eb65c124aa2e7afaf95cbee4 av-styling- avia-align-right  avia-builder-el-11  avia-builder-el-no-sibling '   itemprop=\"image\" itemscope=\"itemscope\" itemtype=\"https:\/\/schema.org\/ImageObject\" ><div class=\"avia-image-container-inner\"><div class=\"avia-image-overlay-wrap\"><img fetchpriority=\"high\" decoding=\"async\" fetchpriority=\"high\" fetchpriority=\"high\" class='wp-image-48013 avia-img-lazy-loading-not-48013 avia_image ' src=\"https:\/\/www.amiblu.com\/wp-content\/uploads\/Hobas-sewer-pipe-for-Treatment-Plant-in-Chorzow-Poland.jpg\" alt='Hobas sewer pipes direct polluted Rawa water to treatment plant in Chorz\u00f3w, Poland' title='Hobas-sewer-pipe-for-Treatment-Plant-in-Chorzow-Poland'  height=\"543\" width=\"960\"  itemprop=\"thumbnailUrl\" srcset=\"https:\/\/www.amiblu.com\/wp-content\/uploads\/Hobas-sewer-pipe-for-Treatment-Plant-in-Chorzow-Poland.jpg 960w, https:\/\/www.amiblu.com\/wp-content\/uploads\/Hobas-sewer-pipe-for-Treatment-Plant-in-Chorzow-Poland-300x170.jpg 300w, https:\/\/www.amiblu.com\/wp-content\/uploads\/Hobas-sewer-pipe-for-Treatment-Plant-in-Chorzow-Poland-768x434.jpg 768w, https:\/\/www.amiblu.com\/wp-content\/uploads\/Hobas-sewer-pipe-for-Treatment-Plant-in-Chorzow-Poland-705x399.jpg 705w\" sizes=\"(max-width: 960px) 100vw, 960px\" \/><\/div><\/div><\/div><\/div>\n<style type=\"text\/css\" data-created_by=\"avia_inline_auto\" id=\"style-css-av-2rkizb-a0a7ae0d65ad8c869cbbf8c506e2f4ab\">\n.flex_column.av-2rkizb-a0a7ae0d65ad8c869cbbf8c506e2f4ab{\nborder-radius:11px 11px 11px 11px;\npadding:0px 0px 0px 0px;\n}\n<\/style>\n<div  class='flex_column av-2rkizb-a0a7ae0d65ad8c869cbbf8c506e2f4ab av_one_half  avia-builder-el-12  el_after_av_one_half  avia-builder-el-last  home-info-text white-content flex_column_div av-zero-column-padding  '     ><section  class='av_textblock_section av-l2yflx0n-c8ba3caaec885ef2ca0cee133c864b61 '   itemscope=\"itemscope\" itemtype=\"https:\/\/schema.org\/CreativeWork\" ><div class='avia_textblock'  itemprop=\"text\" ><p><strong>Ventajas de los sistemas de saneamiento y drenaje en PRFV de Amiblu:<\/strong><\/p>\n<ul>\n<li><strong>Excelente rigidez a largo plazo:<\/strong>\u00a0conservan su forma, a\u00f1o tras a\u00f1o, a diferencia de otras tuber\u00edas con pl\u00e1sticos no reforzados.<\/li>\n<li><strong>Superficie interior lisa:<\/strong>\u00a0el coeficiente de rugosidad de las tuber\u00edas Amiblu no tiene rival en la industria.<\/li>\n<li><strong>Excelente resistencia a la limpieza por proyecci\u00f3n de agua a presi\u00f3n:<\/strong>\u00a0las tuber\u00edas se pueden limpiar con presiones de agua m\u00e1s altas sin riesgo de da\u00f1os en el revestimiento<\/li>\n<li><strong>Excelente resistencia a la abrasi\u00f3n:<\/strong>\u00a0la resistencia a la abrasi\u00f3n protege la superficie interna de la tuber\u00eda y aumenta su vida \u00fatil.<\/li>\n<li>Enfocados en sistemas integrados que dan soluci\u00f3n mediante los\u00a0<strong>pozos de registro y otros\u00a0<a href=\"https:\/\/www.amiblu.com\/es\/sistemas-de-retencion\/\">elementos anti-desbordamiento<\/a><\/strong>.<\/li>\n<\/ul>\n<\/div><\/section><\/div>\n<\/p>\n","protected":false},"excerpt":{"rendered":"","protected":false},"author":8,"featured_media":47365,"parent":0,"menu_order":26,"comment_status":"closed","ping_status":"closed","template":"","meta":{"_acf_changed":false,"footnotes":""},"class_list":["post-39703","page","type-page","status-publish","has-post-thumbnail","hentry"],"acf":[],"yoast_head":"<!-- This site is optimized with the Yoast SEO Premium plugin v27.3 (Yoast SEO v27.4) - https:\/\/yoast.com\/product\/yoast-seo-premium-wordpress\/ -->\n<title>Sistemas de drenaje y saneamiento<\/title>\n<meta name=\"description\" content=\"Los sistemas en PRFV de Amiblu sustituyen a los materiales tradicionales de tuber\u00edas sensibles a la corrosi\u00f3n que suelen fallar en los entornos \u00e1cidos de las redes de saneamiento.\" \/>\n<meta name=\"robots\" content=\"index, follow, max-snippet:-1, max-image-preview:large, max-video-preview:-1\" \/>\n<link rel=\"canonical\" href=\"https:\/\/www.amiblu.com\/es\/saneamiento\/\" \/>\n<meta property=\"og:locale\" content=\"es_ES\" \/>\n<meta property=\"og:type\" content=\"article\" \/>\n<meta property=\"og:title\" content=\"Saneamiento\" \/>\n<meta property=\"og:description\" content=\"Los sistemas en PRFV de Amiblu sustituyen a los materiales tradicionales de tuber\u00edas sensibles a la corrosi\u00f3n que suelen fallar en los entornos \u00e1cidos de las redes de saneamiento.\" \/>\n<meta property=\"og:url\" content=\"https:\/\/www.amiblu.com\/es\/saneamiento\/\" \/>\n<meta property=\"og:site_name\" content=\"Amiblu\" \/>\n<meta property=\"article:publisher\" content=\"https:\/\/www.facebook.com\/amiblupipes\" \/>\n<meta property=\"article:modified_time\" content=\"2024-07-24T07:42:05+00:00\" \/>\n<meta property=\"og:image\" content=\"https:\/\/www.amiblu.com\/wp-content\/uploads\/Hobas-sewer-pipes-Czajka-Poland-wastewater.jpg\" \/>\n\t<meta property=\"og:image:width\" content=\"552\" \/>\n\t<meta property=\"og:image:height\" content=\"312\" \/>\n\t<meta property=\"og:image:type\" content=\"image\/jpeg\" \/>\n<meta name=\"twitter:card\" content=\"summary_large_image\" \/>\n<meta name=\"twitter:label1\" content=\"Tiempo de lectura\" \/>\n\t<meta name=\"twitter:data1\" content=\"2 minutos\" \/>\n<script type=\"application\/ld+json\" class=\"yoast-schema-graph\">{\"@context\":\"https:\\\/\\\/schema.org\",\"@graph\":[{\"@type\":\"WebPage\",\"@id\":\"https:\\\/\\\/www.amiblu.com\\\/es\\\/saneamiento\\\/\",\"url\":\"https:\\\/\\\/www.amiblu.com\\\/es\\\/saneamiento\\\/\",\"name\":\"Sistemas de drenaje y saneamiento\",\"isPartOf\":{\"@id\":\"https:\\\/\\\/www.amiblu.com\\\/es\\\/#website\"},\"primaryImageOfPage\":{\"@id\":\"https:\\\/\\\/www.amiblu.com\\\/es\\\/saneamiento\\\/#primaryimage\"},\"image\":{\"@id\":\"https:\\\/\\\/www.amiblu.com\\\/es\\\/saneamiento\\\/#primaryimage\"},\"thumbnailUrl\":\"https:\\\/\\\/www.amiblu.com\\\/wp-content\\\/uploads\\\/Hobas-sewer-pipes-Czajka-Poland-wastewater.jpg\",\"datePublished\":\"2021-07-30T07:45:52+00:00\",\"dateModified\":\"2024-07-24T07:42:05+00:00\",\"description\":\"Los sistemas en PRFV de Amiblu sustituyen a los materiales tradicionales de tuber\u00edas sensibles a la corrosi\u00f3n que suelen fallar en los entornos \u00e1cidos de las redes de saneamiento.\",\"inLanguage\":\"es\",\"potentialAction\":[{\"@type\":\"ReadAction\",\"target\":[\"https:\\\/\\\/www.amiblu.com\\\/es\\\/saneamiento\\\/\"]}]},{\"@type\":\"ImageObject\",\"inLanguage\":\"es\",\"@id\":\"https:\\\/\\\/www.amiblu.com\\\/es\\\/saneamiento\\\/#primaryimage\",\"url\":\"https:\\\/\\\/www.amiblu.com\\\/wp-content\\\/uploads\\\/Hobas-sewer-pipes-Czajka-Poland-wastewater.jpg\",\"contentUrl\":\"https:\\\/\\\/www.amiblu.com\\\/wp-content\\\/uploads\\\/Hobas-sewer-pipes-Czajka-Poland-wastewater.jpg\",\"width\":552,\"height\":312,\"caption\":\"Hobas sewer pipes installed at night for WWTP Czajka, Poland\"},{\"@type\":\"WebSite\",\"@id\":\"https:\\\/\\\/www.amiblu.com\\\/es\\\/#website\",\"url\":\"https:\\\/\\\/www.amiblu.com\\\/es\\\/\",\"name\":\"Amiblu\",\"description\":\"GFK-Rohrsysteme f\u00fcr Generationen\",\"publisher\":{\"@id\":\"https:\\\/\\\/www.amiblu.com\\\/es\\\/#organization\"},\"potentialAction\":[{\"@type\":\"SearchAction\",\"target\":{\"@type\":\"EntryPoint\",\"urlTemplate\":\"https:\\\/\\\/www.amiblu.com\\\/es\\\/?s={search_term_string}\"},\"query-input\":{\"@type\":\"PropertyValueSpecification\",\"valueRequired\":true,\"valueName\":\"search_term_string\"}}],\"inLanguage\":\"es\"},{\"@type\":\"Organization\",\"@id\":\"https:\\\/\\\/www.amiblu.com\\\/es\\\/#organization\",\"name\":\"Amiblu Group\",\"url\":\"https:\\\/\\\/www.amiblu.com\\\/es\\\/\",\"logo\":{\"@type\":\"ImageObject\",\"inLanguage\":\"es\",\"@id\":\"https:\\\/\\\/www.amiblu.com\\\/es\\\/#\\\/schema\\\/logo\\\/image\\\/\",\"url\":\"https:\\\/\\\/www.amiblu.com\\\/wp-content\\\/uploads\\\/2021\\\/01\\\/Amiblu-logo-website-1.png\",\"contentUrl\":\"https:\\\/\\\/www.amiblu.com\\\/wp-content\\\/uploads\\\/2021\\\/01\\\/Amiblu-logo-website-1.png\",\"width\":201,\"height\":38,\"caption\":\"Amiblu Group\"},\"image\":{\"@id\":\"https:\\\/\\\/www.amiblu.com\\\/es\\\/#\\\/schema\\\/logo\\\/image\\\/\"},\"sameAs\":[\"https:\\\/\\\/www.facebook.com\\\/amiblupipes\",\"https:\\\/\\\/www.youtube.com\\\/c\\\/Amiblu\",\"https:\\\/\\\/de.wikipedia.org\\\/wiki\\\/Amiblu\",\"https:\\\/\\\/www.linkedin.com\\\/company\\\/amiblupipes\\\/\"]}]}<\/script>\n<!-- \/ Yoast SEO Premium plugin. -->","yoast_head_json":{"title":"Sistemas de drenaje y saneamiento","description":"Los sistemas en PRFV de Amiblu sustituyen a los materiales tradicionales de tuber\u00edas sensibles a la corrosi\u00f3n que suelen fallar en los entornos \u00e1cidos de las redes de saneamiento.","robots":{"index":"index","follow":"follow","max-snippet":"max-snippet:-1","max-image-preview":"max-image-preview:large","max-video-preview":"max-video-preview:-1"},"canonical":"https:\/\/www.amiblu.com\/es\/saneamiento\/","og_locale":"es_ES","og_type":"article","og_title":"Saneamiento","og_description":"Los sistemas en PRFV de Amiblu sustituyen a los materiales tradicionales de tuber\u00edas sensibles a la corrosi\u00f3n que suelen fallar en los entornos \u00e1cidos de las redes de saneamiento.","og_url":"https:\/\/www.amiblu.com\/es\/saneamiento\/","og_site_name":"Amiblu","article_publisher":"https:\/\/www.facebook.com\/amiblupipes","article_modified_time":"2024-07-24T07:42:05+00:00","og_image":[{"width":552,"height":312,"url":"https:\/\/www.amiblu.com\/wp-content\/uploads\/Hobas-sewer-pipes-Czajka-Poland-wastewater.jpg","type":"image\/jpeg"}],"twitter_card":"summary_large_image","twitter_misc":{"Tiempo de lectura":"2 minutos"},"schema":{"@context":"https:\/\/schema.org","@graph":[{"@type":"WebPage","@id":"https:\/\/www.amiblu.com\/es\/saneamiento\/","url":"https:\/\/www.amiblu.com\/es\/saneamiento\/","name":"Sistemas de drenaje y saneamiento","isPartOf":{"@id":"https:\/\/www.amiblu.com\/es\/#website"},"primaryImageOfPage":{"@id":"https:\/\/www.amiblu.com\/es\/saneamiento\/#primaryimage"},"image":{"@id":"https:\/\/www.amiblu.com\/es\/saneamiento\/#primaryimage"},"thumbnailUrl":"https:\/\/www.amiblu.com\/wp-content\/uploads\/Hobas-sewer-pipes-Czajka-Poland-wastewater.jpg","datePublished":"2021-07-30T07:45:52+00:00","dateModified":"2024-07-24T07:42:05+00:00","description":"Los sistemas en PRFV de Amiblu sustituyen a los materiales tradicionales de tuber\u00edas sensibles a la corrosi\u00f3n que suelen fallar en los entornos \u00e1cidos de las redes de saneamiento.","inLanguage":"es","potentialAction":[{"@type":"ReadAction","target":["https:\/\/www.amiblu.com\/es\/saneamiento\/"]}]},{"@type":"ImageObject","inLanguage":"es","@id":"https:\/\/www.amiblu.com\/es\/saneamiento\/#primaryimage","url":"https:\/\/www.amiblu.com\/wp-content\/uploads\/Hobas-sewer-pipes-Czajka-Poland-wastewater.jpg","contentUrl":"https:\/\/www.amiblu.com\/wp-content\/uploads\/Hobas-sewer-pipes-Czajka-Poland-wastewater.jpg","width":552,"height":312,"caption":"Hobas sewer pipes installed at night for WWTP Czajka, Poland"},{"@type":"WebSite","@id":"https:\/\/www.amiblu.com\/es\/#website","url":"https:\/\/www.amiblu.com\/es\/","name":"Amiblu","description":"GFK-Rohrsysteme f\u00fcr Generationen","publisher":{"@id":"https:\/\/www.amiblu.com\/es\/#organization"},"potentialAction":[{"@type":"SearchAction","target":{"@type":"EntryPoint","urlTemplate":"https:\/\/www.amiblu.com\/es\/?s={search_term_string}"},"query-input":{"@type":"PropertyValueSpecification","valueRequired":true,"valueName":"search_term_string"}}],"inLanguage":"es"},{"@type":"Organization","@id":"https:\/\/www.amiblu.com\/es\/#organization","name":"Amiblu Group","url":"https:\/\/www.amiblu.com\/es\/","logo":{"@type":"ImageObject","inLanguage":"es","@id":"https:\/\/www.amiblu.com\/es\/#\/schema\/logo\/image\/","url":"https:\/\/www.amiblu.com\/wp-content\/uploads\/2021\/01\/Amiblu-logo-website-1.png","contentUrl":"https:\/\/www.amiblu.com\/wp-content\/uploads\/2021\/01\/Amiblu-logo-website-1.png","width":201,"height":38,"caption":"Amiblu Group"},"image":{"@id":"https:\/\/www.amiblu.com\/es\/#\/schema\/logo\/image\/"},"sameAs":["https:\/\/www.facebook.com\/amiblupipes","https:\/\/www.youtube.com\/c\/Amiblu","https:\/\/de.wikipedia.org\/wiki\/Amiblu","https:\/\/www.linkedin.com\/company\/amiblupipes\/"]}]}},"_links":{"self":[{"href":"https:\/\/www.amiblu.com\/es\/wp-json\/wp\/v2\/pages\/39703","targetHints":{"allow":["GET"]}}],"collection":[{"href":"https:\/\/www.amiblu.com\/es\/wp-json\/wp\/v2\/pages"}],"about":[{"href":"https:\/\/www.amiblu.com\/es\/wp-json\/wp\/v2\/types\/page"}],"author":[{"embeddable":true,"href":"https:\/\/www.amiblu.com\/es\/wp-json\/wp\/v2\/users\/8"}],"replies":[{"embeddable":true,"href":"https:\/\/www.amiblu.com\/es\/wp-json\/wp\/v2\/comments?post=39703"}],"version-history":[{"count":27,"href":"https:\/\/www.amiblu.com\/es\/wp-json\/wp\/v2\/pages\/39703\/revisions"}],"predecessor-version":[{"id":64716,"href":"https:\/\/www.amiblu.com\/es\/wp-json\/wp\/v2\/pages\/39703\/revisions\/64716"}],"wp:featuredmedia":[{"embeddable":true,"href":"https:\/\/www.amiblu.com\/es\/wp-json\/wp\/v2\/media\/47365"}],"wp:attachment":[{"href":"https:\/\/www.amiblu.com\/es\/wp-json\/wp\/v2\/media?parent=39703"}],"curies":[{"name":"wp","href":"https:\/\/api.w.org\/{rel}","templated":true}]}}