{"id":39711,"date":"2021-07-30T09:53:37","date_gmt":"2021-07-30T07:53:37","guid":{"rendered":"https:\/\/www.amiblu.com\/?page_id=39711"},"modified":"2024-07-24T09:43:32","modified_gmt":"2024-07-24T07:43:32","slug":"sistemas-de-retencion","status":"publish","type":"page","link":"https:\/\/www.amiblu.com\/es\/sistemas-de-retencion\/","title":{"rendered":"Sistemas de retenci\u00f3n"},"content":{"rendered":"\n<style type=\"text\/css\" data-created_by=\"avia_inline_auto\" id=\"style-css-av-3u7onfj-3fbd15db4de46abdfff381f8005b231c\">\n.avia-section.av-3u7onfj-3fbd15db4de46abdfff381f8005b231c .av-parallax .av-parallax-inner{\nbackground-repeat:no-repeat;\nbackground-image:url(https:\/\/www.amiblu.com\/wp-content\/uploads\/Four-line-Amiscreen-Geisa-Germany.jpg);\nbackground-position:50% 50%;\nbackground-attachment:scroll;\n}\n.avia-section.av-3u7onfj-3fbd15db4de46abdfff381f8005b231c .av-section-color-overlay{\nopacity:0.5;\nbackground-color:#0a0a0a;\n}\n<\/style>\n<div id='av_section_1'  class='avia-section av-3u7onfj-3fbd15db4de46abdfff381f8005b231c main_color avia-section-default avia-no-border-styling  avia-builder-el-0  el_before_av_section  avia-builder-el-first  amiblu-content amiblu-page-hero av-parallax-section avia-bg-style-parallax av-section-color-overlay-active container_wrap fullsize'  data-section-bg-repeat='no-repeat'><div class='av-parallax' data-avia-parallax-ratio='0.3' ><div class='av-parallax-inner main_color avia-full-stretch'><\/div><\/div><div class=\"av-section-color-overlay-wrap\"><div class=\"av-section-color-overlay\"><\/div><div class='container av-section-cont-open' ><main  role=\"main\" itemprop=\"mainContentOfPage\"  class='template-page content  av-content-full alpha units'><div class='post-entry post-entry-type-page post-entry-39711'><div class='entry-content-wrapper clearfix'>\n\n<style type=\"text\/css\" data-created_by=\"avia_inline_auto\" id=\"style-css-av-3jp9jbz-3d521d7e71e87f40644dc8303df60092\">\n.flex_column.av-3jp9jbz-3d521d7e71e87f40644dc8303df60092{\nborder-radius:0px 0px 0px 0px;\npadding:0 0 0 0;\n}\n<\/style>\n<div  class='flex_column av-3jp9jbz-3d521d7e71e87f40644dc8303df60092 av_three_fourth  avia-builder-el-1  avia-builder-el-no-sibling  white-content first flex_column_div av-zero-column-padding  '     ><section  class='av_textblock_section av-l2ygjpfa-78f554f37909f123caf21f4f888a62ab '   itemscope=\"itemscope\" itemtype=\"https:\/\/schema.org\/CreativeWork\" ><div class='avia_textblock'  itemprop=\"text\" ><h1>Sistemas combinados de desbordamiento de alcantarillado con retenci\u00f3n de contaminantes<\/h1>\n<\/div><\/section><br \/>\n\n<style type=\"text\/css\" data-created_by=\"avia_inline_auto\" id=\"style-css-av-l2ygkd0c-91b97b150f98a0769fcb1c103995dc57\">\n#top .av_textblock_section.av-l2ygkd0c-91b97b150f98a0769fcb1c103995dc57 .avia_textblock{\nfont-size:20px;\n}\n<\/style>\n<section  class='av_textblock_section av-l2ygkd0c-91b97b150f98a0769fcb1c103995dc57 '   itemscope=\"itemscope\" itemtype=\"https:\/\/schema.org\/CreativeWork\" ><div class='avia_textblock sub-heading'  itemprop=\"text\" ><p>Nuestro compromiso: una s\u00f3lida mejora de los sistemas de saneamiento de aguas residuals sin s\u00f3lidos.<\/p>\n<\/div><\/section><\/p><\/div>\n\n<\/div><\/div><\/main><!-- close content main element --><\/div><\/div><\/div><div id='av_section_2'  class='avia-section av-37a2uv3-e5acde4c253aa2bcadc4eb01956a3574 main_color avia-section-default avia-no-border-styling  avia-builder-el-4  el_after_av_section  el_before_av_section  amiblu-bw-pr amiblu-jk-pp avia-bg-style-scroll container_wrap fullsize'  ><div class='container av-section-cont-open' ><div class='template-page content  av-content-full alpha units'><div class='post-entry post-entry-type-page post-entry-39711'><div class='entry-content-wrapper clearfix'>\n\n<style type=\"text\/css\" data-created_by=\"avia_inline_auto\" id=\"style-css-av-2mylp1b-02dac551ef7784d4f00a4a3d68f545be\">\n.flex_column.av-2mylp1b-02dac551ef7784d4f00a4a3d68f545be{\nborder-radius:0px 0px 0px 0px;\npadding:0px 0px 0px 0px;\n}\n<\/style>\n<div  class='flex_column av-2mylp1b-02dac551ef7784d4f00a4a3d68f545be av_two_third  avia-builder-el-5  avia-builder-el-no-sibling  first flex_column_div av-zero-column-padding  '     ><p>\n<style type=\"text\/css\" data-created_by=\"avia_inline_auto\" id=\"style-css-av-l5t8akx9-d631fe9452fb246668f2303579ce2eab\">\n#top .av-special-heading.av-l5t8akx9-d631fe9452fb246668f2303579ce2eab{\npadding-bottom:10px;\n}\nbody .av-special-heading.av-l5t8akx9-d631fe9452fb246668f2303579ce2eab .av-special-heading-tag .heading-char{\nfont-size:25px;\n}\n.av-special-heading.av-l5t8akx9-d631fe9452fb246668f2303579ce2eab .av-subheading{\nfont-size:15px;\n}\n<\/style>\n<div  class='av-special-heading av-l5t8akx9-d631fe9452fb246668f2303579ce2eab av-special-heading-h5 blockquote modern-quote  avia-builder-el-6  el_before_av_textblock  avia-builder-el-first  h1'><h5 class='av-special-heading-tag '  itemprop=\"headline\"  >Amiblu CSO y Amiscreen<\/h5><div class=\"special-heading-border\"><div class=\"special-heading-inner-border\"><\/div><\/div><\/div><br \/>\n\n<style type=\"text\/css\" data-created_by=\"avia_inline_auto\" id=\"style-css-av-l2yglpg5-52d4067132c094073a611a6a68aca4cf\">\n#top .av_textblock_section.av-l2yglpg5-52d4067132c094073a611a6a68aca4cf .avia_textblock{\nfont-size:20px;\n}\n\n@media only screen and (min-width: 480px) and (max-width: 767px){ \n#top .av_textblock_section.av-l2yglpg5-52d4067132c094073a611a6a68aca4cf .avia_textblock{\nfont-size:18px;\n}\n}\n\n@media only screen and (max-width: 479px){ \n#top .av_textblock_section.av-l2yglpg5-52d4067132c094073a611a6a68aca4cf .avia_textblock{\nfont-size:16px;\n}\n}\n<\/style>\n<section  class='av_textblock_section av-l2yglpg5-52d4067132c094073a611a6a68aca4cf '   itemscope=\"itemscope\" itemtype=\"https:\/\/schema.org\/CreativeWork\" ><div class='avia_textblock'  itemprop=\"text\" ><p>Cuando la lluvia, las aguas pluviales y las aguas residuales municipales fluyen juntas en un canal de alcantarillado combinado, las fuertes precipitaciones pueden llevar a situaciones cr\u00edticas: las plantas de tratamiento de aguas residuales est\u00e1n sobrecargadas y grandes cantidades de agua contaminada llegan hasta lagos y r\u00edos ecol\u00f3gicamente sensibles. Las estructuras de desbordamiento ofrecen una soluci\u00f3n para este problema. Con sus <strong>aliviaderos y la Amiscreen<\/strong>, Amiblu brinda dos opciones particularmente fiables y eficientes.<\/p>\n<p>Los sistemas de desbordamiento de alcantarillado combinado de Amiblu separan los s\u00f3lidos en suspensi\u00f3n de las aguas residuales con gran eficiencia y los dirigen hacia la planta de tratamiento de aguas residuales, mientras que la parte limpia del agua se dirige hacia la parte receptora del agua en curso.<\/p>\n<\/div><\/section><br \/>\n<div  class='avia-button-wrap av-l2ygm1d5-9038591f61e9d8d1f1c7650bc1906998-wrap avia-button-left  avia-builder-el-8  el_after_av_textblock  avia-builder-el-last  amiblu-outline-button'><a href='https:\/\/www.amiblu.com\/wp-content\/uploads\/Amiblu-Sistema-de-retencion-de-solidos-Amiscreen.pdf'  class='avia-button av-l2ygm1d5-9038591f61e9d8d1f1c7650bc1906998 av-link-btn avia-icon_select-yes-right-icon avia-size-small avia-position-left avia-color-theme-color'  target=\"_blank\"  rel=\"noopener noreferrer\"  aria-label=\"Descarga nuestro cat\u00e1logo\"><span class='avia_iconbox_title' >Descarga nuestro cat\u00e1logo<\/span><span class='avia_button_icon avia_button_icon_right avia-iconfont avia-font-amiblu-icons' data-av_icon='\ue800' data-av_iconfont='amiblu-icons' ><\/span><\/a><\/div><\/p><\/div><\/div><\/div><\/div><!-- close content main div --><\/div><\/div>\n<style type=\"text\/css\" data-created_by=\"avia_inline_auto\" id=\"style-css-av-1wxhev3-0b03f7bd6f9a170ef50c6674001893b1\">\n.avia-section.av-1wxhev3-0b03f7bd6f9a170ef50c6674001893b1{\nbackground-color:#f2f4f8;\nbackground-image:unset;\n}\n<\/style>\n<div id='av_section_3'  class='avia-section av-1wxhev3-0b03f7bd6f9a170ef50c6674001893b1 main_color avia-section-default avia-no-border-styling  avia-builder-el-9  el_after_av_section  avia-builder-el-last  home-info amiblu-jk-inf avia-bg-style-scroll container_wrap fullsize'  ><div class='container av-section-cont-open' ><div class='template-page content  av-content-full alpha units'><div class='post-entry post-entry-type-page post-entry-39711'><div class='entry-content-wrapper clearfix'>\n\n<style type=\"text\/css\" data-created_by=\"avia_inline_auto\" id=\"style-css-av-1g10em7-74a4e6018262a3d9fb103fbe53e01939\">\n.flex_column.av-1g10em7-74a4e6018262a3d9fb103fbe53e01939{\nborder-radius:0px 0px 0px 0px;\npadding:0px 0px 0px 0px;\n}\n<\/style>\n<div  class='flex_column av-1g10em7-74a4e6018262a3d9fb103fbe53e01939 av_one_half  avia-builder-el-10  el_before_av_one_half  avia-builder-el-first  home-info-img first flex_column_div av-zero-column-padding  '     ><style type=\"text\/css\" data-created_by=\"avia_inline_auto\" id=\"style-css-av-15i8fjz-9c5e306caf743de36bc77290b89d764a\">\n.avia-image-container.av-15i8fjz-9c5e306caf743de36bc77290b89d764a img.avia_image{\nbox-shadow:none;\n}\n.avia-image-container.av-15i8fjz-9c5e306caf743de36bc77290b89d764a .av-image-caption-overlay-center{\ncolor:#ffffff;\n}\n<\/style>\n<div  class='avia-image-container av-15i8fjz-9c5e306caf743de36bc77290b89d764a av-styling- avia-align-right  avia-builder-el-11  avia-builder-el-no-sibling '   itemprop=\"image\" itemscope=\"itemscope\" itemtype=\"https:\/\/schema.org\/ImageObject\" ><div class=\"avia-image-container-inner\"><div class=\"avia-image-overlay-wrap\"><img fetchpriority=\"high\" decoding=\"async\" fetchpriority=\"high\" fetchpriority=\"high\" class='wp-image-48036 avia-img-lazy-loading-not-48036 avia_image ' src=\"https:\/\/www.amiblu.com\/wp-content\/uploads\/Hobas-CSO-Chamber-Ticino-Switzerland.jpg\" alt='Hobas CSO Chamber in Ticino, Switzerland' title='Hobas-CSO-Chamber-Ticino-Switzerland'  height=\"543\" width=\"960\"  itemprop=\"thumbnailUrl\" srcset=\"https:\/\/www.amiblu.com\/wp-content\/uploads\/Hobas-CSO-Chamber-Ticino-Switzerland.jpg 960w, https:\/\/www.amiblu.com\/wp-content\/uploads\/Hobas-CSO-Chamber-Ticino-Switzerland-300x170.jpg 300w, https:\/\/www.amiblu.com\/wp-content\/uploads\/Hobas-CSO-Chamber-Ticino-Switzerland-768x434.jpg 768w, https:\/\/www.amiblu.com\/wp-content\/uploads\/Hobas-CSO-Chamber-Ticino-Switzerland-705x399.jpg 705w\" sizes=\"(max-width: 960px) 100vw, 960px\" \/><\/div><\/div><\/div><\/div>\n<style type=\"text\/css\" data-created_by=\"avia_inline_auto\" id=\"style-css-av-lr4am7-e27e20d05cceae11a9319169731fdb6d\">\n.flex_column.av-lr4am7-e27e20d05cceae11a9319169731fdb6d{\nborder-radius:11px 11px 11px 11px;\npadding:0px 0px 0px 0px;\n}\n<\/style>\n<div  class='flex_column av-lr4am7-e27e20d05cceae11a9319169731fdb6d av_one_half  avia-builder-el-12  el_after_av_one_half  avia-builder-el-last  home-info-text white-content flex_column_div av-zero-column-padding  '     ><section  class='av_textblock_section av-l2ygmn1v-09bfa6c96b1700a23165ce9e5973635d '   itemscope=\"itemscope\" itemtype=\"https:\/\/schema.org\/CreativeWork\" ><div class='avia_textblock'  itemprop=\"text\" ><p><strong>Ventajas:<\/strong><\/p>\n<ul>\n<li>Desbordamiento seguro de aguas pluviales<\/li>\n<li>Bajo mantenimiento<\/li>\n<li>Sistema de autolimpieza<\/li>\n<li>Separaci\u00f3n \u00f3ptima de s\u00f3lidos en suspensi\u00f3n (este dise\u00f1o mejora los efectos de flujos secundarios)<\/li>\n<li>Funci\u00f3n adicional de almacenamiento<\/li>\n<li>Sistema modular<\/li>\n<li>Total resistencia a la corrosi\u00f3n<\/li>\n<li>R\u00e1pida instalaci\u00f3n<\/li>\n<li>Poco espacio y excavaci\u00f3n requeridos durante la instalaci\u00f3n<\/li>\n<\/ul>\n<\/div><\/section><\/div>\n<\/p>\n","protected":false},"excerpt":{"rendered":"","protected":false},"author":8,"featured_media":47360,"parent":0,"menu_order":30,"comment_status":"closed","ping_status":"closed","template":"","meta":{"_acf_changed":false,"footnotes":""},"class_list":["post-39711","page","type-page","status-publish","has-post-thumbnail","hentry"],"acf":[],"yoast_head":"<!-- This site is optimized with the Yoast SEO Premium plugin v27.3 (Yoast SEO v27.4) - https:\/\/yoast.com\/product\/yoast-seo-premium-wordpress\/ -->\n<title>Amiblu CSO y Amiscreen<\/title>\n<meta name=\"description\" content=\"Los sistemas de desbordamiento de alcantarillado combinado de Amiblu separan los s\u00f3lidos en suspensi\u00f3n de las aguas residuales con gran eficiencia.\" \/>\n<meta name=\"robots\" content=\"index, follow, max-snippet:-1, max-image-preview:large, max-video-preview:-1\" \/>\n<link rel=\"canonical\" href=\"https:\/\/www.amiblu.com\/es\/sistemas-de-retencion\/\" \/>\n<meta property=\"og:locale\" content=\"es_ES\" \/>\n<meta property=\"og:type\" content=\"article\" \/>\n<meta property=\"og:title\" content=\"Sistemas de retenci\u00f3n\" \/>\n<meta property=\"og:description\" content=\"Los sistemas de desbordamiento de alcantarillado combinado de Amiblu separan los s\u00f3lidos en suspensi\u00f3n de las aguas residuales con gran eficiencia.\" \/>\n<meta property=\"og:url\" content=\"https:\/\/www.amiblu.com\/es\/sistemas-de-retencion\/\" \/>\n<meta property=\"og:site_name\" content=\"Amiblu\" \/>\n<meta property=\"article:publisher\" content=\"https:\/\/www.facebook.com\/amiblupipes\" \/>\n<meta property=\"article:modified_time\" content=\"2024-07-24T07:43:32+00:00\" \/>\n<meta property=\"og:image\" content=\"https:\/\/www.amiblu.com\/wp-content\/uploads\/Amiblu-CSO-system-Moehra.jpg\" \/>\n\t<meta property=\"og:image:width\" content=\"552\" \/>\n\t<meta property=\"og:image:height\" content=\"312\" \/>\n\t<meta property=\"og:image:type\" content=\"image\/jpeg\" \/>\n<meta name=\"twitter:card\" content=\"summary_large_image\" \/>\n<meta name=\"twitter:label1\" content=\"Tiempo de lectura\" \/>\n\t<meta name=\"twitter:data1\" content=\"2 minutos\" \/>\n<script type=\"application\/ld+json\" class=\"yoast-schema-graph\">{\"@context\":\"https:\\\/\\\/schema.org\",\"@graph\":[{\"@type\":\"WebPage\",\"@id\":\"https:\\\/\\\/www.amiblu.com\\\/es\\\/sistemas-de-retencion\\\/\",\"url\":\"https:\\\/\\\/www.amiblu.com\\\/es\\\/sistemas-de-retencion\\\/\",\"name\":\"Amiblu CSO y Amiscreen\",\"isPartOf\":{\"@id\":\"https:\\\/\\\/www.amiblu.com\\\/es\\\/#website\"},\"primaryImageOfPage\":{\"@id\":\"https:\\\/\\\/www.amiblu.com\\\/es\\\/sistemas-de-retencion\\\/#primaryimage\"},\"image\":{\"@id\":\"https:\\\/\\\/www.amiblu.com\\\/es\\\/sistemas-de-retencion\\\/#primaryimage\"},\"thumbnailUrl\":\"https:\\\/\\\/www.amiblu.com\\\/wp-content\\\/uploads\\\/Amiblu-CSO-system-Moehra.jpg\",\"datePublished\":\"2021-07-30T07:53:37+00:00\",\"dateModified\":\"2024-07-24T07:43:32+00:00\",\"description\":\"Los sistemas de desbordamiento de alcantarillado combinado de Amiblu separan los s\u00f3lidos en suspensi\u00f3n de las aguas residuales con gran eficiencia.\",\"inLanguage\":\"es\",\"potentialAction\":[{\"@type\":\"ReadAction\",\"target\":[\"https:\\\/\\\/www.amiblu.com\\\/es\\\/sistemas-de-retencion\\\/\"]}]},{\"@type\":\"ImageObject\",\"inLanguage\":\"es\",\"@id\":\"https:\\\/\\\/www.amiblu.com\\\/es\\\/sistemas-de-retencion\\\/#primaryimage\",\"url\":\"https:\\\/\\\/www.amiblu.com\\\/wp-content\\\/uploads\\\/Amiblu-CSO-system-Moehra.jpg\",\"contentUrl\":\"https:\\\/\\\/www.amiblu.com\\\/wp-content\\\/uploads\\\/Amiblu-CSO-system-Moehra.jpg\",\"width\":552,\"height\":312,\"caption\":\"Amiblu CSO system in M\u00f6hra, Germany\"},{\"@type\":\"WebSite\",\"@id\":\"https:\\\/\\\/www.amiblu.com\\\/es\\\/#website\",\"url\":\"https:\\\/\\\/www.amiblu.com\\\/es\\\/\",\"name\":\"Amiblu\",\"description\":\"GFK-Rohrsysteme f\u00fcr Generationen\",\"publisher\":{\"@id\":\"https:\\\/\\\/www.amiblu.com\\\/es\\\/#organization\"},\"potentialAction\":[{\"@type\":\"SearchAction\",\"target\":{\"@type\":\"EntryPoint\",\"urlTemplate\":\"https:\\\/\\\/www.amiblu.com\\\/es\\\/?s={search_term_string}\"},\"query-input\":{\"@type\":\"PropertyValueSpecification\",\"valueRequired\":true,\"valueName\":\"search_term_string\"}}],\"inLanguage\":\"es\"},{\"@type\":\"Organization\",\"@id\":\"https:\\\/\\\/www.amiblu.com\\\/es\\\/#organization\",\"name\":\"Amiblu Group\",\"url\":\"https:\\\/\\\/www.amiblu.com\\\/es\\\/\",\"logo\":{\"@type\":\"ImageObject\",\"inLanguage\":\"es\",\"@id\":\"https:\\\/\\\/www.amiblu.com\\\/es\\\/#\\\/schema\\\/logo\\\/image\\\/\",\"url\":\"https:\\\/\\\/www.amiblu.com\\\/wp-content\\\/uploads\\\/2021\\\/01\\\/Amiblu-logo-website-1.png\",\"contentUrl\":\"https:\\\/\\\/www.amiblu.com\\\/wp-content\\\/uploads\\\/2021\\\/01\\\/Amiblu-logo-website-1.png\",\"width\":201,\"height\":38,\"caption\":\"Amiblu Group\"},\"image\":{\"@id\":\"https:\\\/\\\/www.amiblu.com\\\/es\\\/#\\\/schema\\\/logo\\\/image\\\/\"},\"sameAs\":[\"https:\\\/\\\/www.facebook.com\\\/amiblupipes\",\"https:\\\/\\\/www.youtube.com\\\/c\\\/Amiblu\",\"https:\\\/\\\/de.wikipedia.org\\\/wiki\\\/Amiblu\",\"https:\\\/\\\/www.linkedin.com\\\/company\\\/amiblupipes\\\/\"]}]}<\/script>\n<!-- \/ Yoast SEO Premium plugin. -->","yoast_head_json":{"title":"Amiblu CSO y Amiscreen","description":"Los sistemas de desbordamiento de alcantarillado combinado de Amiblu separan los s\u00f3lidos en suspensi\u00f3n de las aguas residuales con gran eficiencia.","robots":{"index":"index","follow":"follow","max-snippet":"max-snippet:-1","max-image-preview":"max-image-preview:large","max-video-preview":"max-video-preview:-1"},"canonical":"https:\/\/www.amiblu.com\/es\/sistemas-de-retencion\/","og_locale":"es_ES","og_type":"article","og_title":"Sistemas de retenci\u00f3n","og_description":"Los sistemas de desbordamiento de alcantarillado combinado de Amiblu separan los s\u00f3lidos en suspensi\u00f3n de las aguas residuales con gran eficiencia.","og_url":"https:\/\/www.amiblu.com\/es\/sistemas-de-retencion\/","og_site_name":"Amiblu","article_publisher":"https:\/\/www.facebook.com\/amiblupipes","article_modified_time":"2024-07-24T07:43:32+00:00","og_image":[{"width":552,"height":312,"url":"https:\/\/www.amiblu.com\/wp-content\/uploads\/Amiblu-CSO-system-Moehra.jpg","type":"image\/jpeg"}],"twitter_card":"summary_large_image","twitter_misc":{"Tiempo de lectura":"2 minutos"},"schema":{"@context":"https:\/\/schema.org","@graph":[{"@type":"WebPage","@id":"https:\/\/www.amiblu.com\/es\/sistemas-de-retencion\/","url":"https:\/\/www.amiblu.com\/es\/sistemas-de-retencion\/","name":"Amiblu CSO y Amiscreen","isPartOf":{"@id":"https:\/\/www.amiblu.com\/es\/#website"},"primaryImageOfPage":{"@id":"https:\/\/www.amiblu.com\/es\/sistemas-de-retencion\/#primaryimage"},"image":{"@id":"https:\/\/www.amiblu.com\/es\/sistemas-de-retencion\/#primaryimage"},"thumbnailUrl":"https:\/\/www.amiblu.com\/wp-content\/uploads\/Amiblu-CSO-system-Moehra.jpg","datePublished":"2021-07-30T07:53:37+00:00","dateModified":"2024-07-24T07:43:32+00:00","description":"Los sistemas de desbordamiento de alcantarillado combinado de Amiblu separan los s\u00f3lidos en suspensi\u00f3n de las aguas residuales con gran eficiencia.","inLanguage":"es","potentialAction":[{"@type":"ReadAction","target":["https:\/\/www.amiblu.com\/es\/sistemas-de-retencion\/"]}]},{"@type":"ImageObject","inLanguage":"es","@id":"https:\/\/www.amiblu.com\/es\/sistemas-de-retencion\/#primaryimage","url":"https:\/\/www.amiblu.com\/wp-content\/uploads\/Amiblu-CSO-system-Moehra.jpg","contentUrl":"https:\/\/www.amiblu.com\/wp-content\/uploads\/Amiblu-CSO-system-Moehra.jpg","width":552,"height":312,"caption":"Amiblu CSO system in M\u00f6hra, Germany"},{"@type":"WebSite","@id":"https:\/\/www.amiblu.com\/es\/#website","url":"https:\/\/www.amiblu.com\/es\/","name":"Amiblu","description":"GFK-Rohrsysteme f\u00fcr Generationen","publisher":{"@id":"https:\/\/www.amiblu.com\/es\/#organization"},"potentialAction":[{"@type":"SearchAction","target":{"@type":"EntryPoint","urlTemplate":"https:\/\/www.amiblu.com\/es\/?s={search_term_string}"},"query-input":{"@type":"PropertyValueSpecification","valueRequired":true,"valueName":"search_term_string"}}],"inLanguage":"es"},{"@type":"Organization","@id":"https:\/\/www.amiblu.com\/es\/#organization","name":"Amiblu Group","url":"https:\/\/www.amiblu.com\/es\/","logo":{"@type":"ImageObject","inLanguage":"es","@id":"https:\/\/www.amiblu.com\/es\/#\/schema\/logo\/image\/","url":"https:\/\/www.amiblu.com\/wp-content\/uploads\/2021\/01\/Amiblu-logo-website-1.png","contentUrl":"https:\/\/www.amiblu.com\/wp-content\/uploads\/2021\/01\/Amiblu-logo-website-1.png","width":201,"height":38,"caption":"Amiblu Group"},"image":{"@id":"https:\/\/www.amiblu.com\/es\/#\/schema\/logo\/image\/"},"sameAs":["https:\/\/www.facebook.com\/amiblupipes","https:\/\/www.youtube.com\/c\/Amiblu","https:\/\/de.wikipedia.org\/wiki\/Amiblu","https:\/\/www.linkedin.com\/company\/amiblupipes\/"]}]}},"_links":{"self":[{"href":"https:\/\/www.amiblu.com\/es\/wp-json\/wp\/v2\/pages\/39711","targetHints":{"allow":["GET"]}}],"collection":[{"href":"https:\/\/www.amiblu.com\/es\/wp-json\/wp\/v2\/pages"}],"about":[{"href":"https:\/\/www.amiblu.com\/es\/wp-json\/wp\/v2\/types\/page"}],"author":[{"embeddable":true,"href":"https:\/\/www.amiblu.com\/es\/wp-json\/wp\/v2\/users\/8"}],"replies":[{"embeddable":true,"href":"https:\/\/www.amiblu.com\/es\/wp-json\/wp\/v2\/comments?post=39711"}],"version-history":[{"count":20,"href":"https:\/\/www.amiblu.com\/es\/wp-json\/wp\/v2\/pages\/39711\/revisions"}],"predecessor-version":[{"id":64718,"href":"https:\/\/www.amiblu.com\/es\/wp-json\/wp\/v2\/pages\/39711\/revisions\/64718"}],"wp:featuredmedia":[{"embeddable":true,"href":"https:\/\/www.amiblu.com\/es\/wp-json\/wp\/v2\/media\/47360"}],"wp:attachment":[{"href":"https:\/\/www.amiblu.com\/es\/wp-json\/wp\/v2\/media?parent=39711"}],"curies":[{"name":"wp","href":"https:\/\/api.w.org\/{rel}","templated":true}]}}