{"id":39718,"date":"2021-07-30T10:18:09","date_gmt":"2021-07-30T08:18:09","guid":{"rendered":"https:\/\/www.amiblu.com\/?page_id=39718"},"modified":"2024-07-24T09:48:00","modified_gmt":"2024-07-24T07:48:00","slug":"agua-potable","status":"publish","type":"page","link":"https:\/\/www.amiblu.com\/es\/agua-potable\/","title":{"rendered":"Agua potable"},"content":{"rendered":"\n<style type=\"text\/css\" data-created_by=\"avia_inline_auto\" id=\"style-css-av-3rud8g6-203547d6e616a3b81c44ed8ef06e67a0\">\n.avia-section.av-3rud8g6-203547d6e616a3b81c44ed8ef06e67a0 .av-parallax .av-parallax-inner{\nbackground-repeat:no-repeat;\nbackground-image:url(https:\/\/www.amiblu.com\/wp-content\/uploads\/Hobas-Potable-Water-Pipeline-Targu-Jiu-Romania.jpg);\nbackground-position:50% 50%;\nbackground-attachment:scroll;\n}\n.avia-section.av-3rud8g6-203547d6e616a3b81c44ed8ef06e67a0 .av-section-color-overlay{\nopacity:0.5;\nbackground-color:#0a0a0a;\n}\n<\/style>\n<div id='av_section_1'  class='avia-section av-3rud8g6-203547d6e616a3b81c44ed8ef06e67a0 main_color avia-section-default avia-no-border-styling  avia-builder-el-0  el_before_av_section  avia-builder-el-first  amiblu-content amiblu-page-hero av-parallax-section avia-bg-style-parallax av-section-color-overlay-active container_wrap fullsize'  data-section-bg-repeat='no-repeat'><div class='av-parallax' data-avia-parallax-ratio='0.3' ><div class='av-parallax-inner main_color avia-full-stretch'><\/div><\/div><div class=\"av-section-color-overlay-wrap\"><div class=\"av-section-color-overlay\"><\/div><div class='container av-section-cont-open' ><main  role=\"main\" itemprop=\"mainContentOfPage\"  class='template-page content  av-content-full alpha units'><div class='post-entry post-entry-type-page post-entry-39718'><div class='entry-content-wrapper clearfix'>\n\n<style type=\"text\/css\" data-created_by=\"avia_inline_auto\" id=\"style-css-av-3bekd52-e62eb5b017084a428dacdc29c6bd2bfa\">\n.flex_column.av-3bekd52-e62eb5b017084a428dacdc29c6bd2bfa{\nborder-radius:0px 0px 0px 0px;\npadding:0 0 0 0;\n}\n<\/style>\n<div  class='flex_column av-3bekd52-e62eb5b017084a428dacdc29c6bd2bfa av_three_fourth  avia-builder-el-1  avia-builder-el-no-sibling  white-content first flex_column_div av-zero-column-padding  '     ><section  class='av_textblock_section av-l2ygc2ag-cbda53a7cba3d89b1d67233505b55c43 '   itemscope=\"itemscope\" itemtype=\"https:\/\/schema.org\/CreativeWork\" ><div class='avia_textblock'  itemprop=\"text\" ><h1>Sistemas de tuber\u00edas de agua potable Amiblu<\/h1>\n<\/div><\/section><br \/>\n\n<style type=\"text\/css\" data-created_by=\"avia_inline_auto\" id=\"style-css-av-l2ygcgai-25e8b26282bb9542e95fefeed420771a\">\n#top .av_textblock_section.av-l2ygcgai-25e8b26282bb9542e95fefeed420771a .avia_textblock{\nfont-size:20px;\n}\n<\/style>\n<section  class='av_textblock_section av-l2ygcgai-25e8b26282bb9542e95fefeed420771a '   itemscope=\"itemscope\" itemtype=\"https:\/\/schema.org\/CreativeWork\" ><div class='avia_textblock sub-heading'  itemprop=\"text\" ><p>Sabemos c\u00f3mo transportar el agua potable de manera sostenible e inteligente.<\/p>\n<\/div><\/section><\/p><\/div>\n\n<\/div><\/div><\/main><!-- close content main element --><\/div><\/div><\/div><div id='av_section_2'  class='avia-section av-2tfowdi-3925fe9ac976566de65d9d6e879e8e88 main_color avia-section-default avia-no-border-styling  avia-builder-el-4  el_after_av_section  el_before_av_section  amiblu-bw-pr amiblu-jk-pp avia-bg-style-scroll container_wrap fullsize'  ><div class='container av-section-cont-open' ><div class='template-page content  av-content-full alpha units'><div class='post-entry post-entry-type-page post-entry-39718'><div class='entry-content-wrapper clearfix'>\n\n<style type=\"text\/css\" data-created_by=\"avia_inline_auto\" id=\"style-css-av-2kz9yrq-0e78b028ebe74e6018c84be117ae91df\">\n.flex_column.av-2kz9yrq-0e78b028ebe74e6018c84be117ae91df{\nborder-radius:0px 0px 0px 0px;\npadding:0px 0px 0px 0px;\n}\n<\/style>\n<div  class='flex_column av-2kz9yrq-0e78b028ebe74e6018c84be117ae91df av_two_third  avia-builder-el-5  avia-builder-el-no-sibling  first flex_column_div av-zero-column-padding  '     ><p>\n<style type=\"text\/css\" data-created_by=\"avia_inline_auto\" id=\"style-css-av-l5qpo67q-ab5a93b066791c552253f50cbede5e7b\">\n#top .av-special-heading.av-l5qpo67q-ab5a93b066791c552253f50cbede5e7b{\npadding-bottom:10px;\n}\nbody .av-special-heading.av-l5qpo67q-ab5a93b066791c552253f50cbede5e7b .av-special-heading-tag .heading-char{\nfont-size:25px;\n}\n.av-special-heading.av-l5qpo67q-ab5a93b066791c552253f50cbede5e7b .av-subheading{\nfont-size:15px;\n}\n<\/style>\n<div  class='av-special-heading av-l5qpo67q-ab5a93b066791c552253f50cbede5e7b av-special-heading-h5 blockquote modern-quote  avia-builder-el-6  el_before_av_textblock  avia-builder-el-first  h1'><h5 class='av-special-heading-tag '  itemprop=\"headline\"  >Sistemas de tuber\u00edas de agua potable<\/h5><div class=\"special-heading-border\"><div class=\"special-heading-inner-border\"><\/div><\/div><\/div><br \/>\n\n<style type=\"text\/css\" data-created_by=\"avia_inline_auto\" id=\"style-css-av-l2ygct5o-217ced5fbb0c93008a1f95f27f8165cb\">\n#top .av_textblock_section.av-l2ygct5o-217ced5fbb0c93008a1f95f27f8165cb .avia_textblock{\nfont-size:20px;\n}\n\n@media only screen and (min-width: 480px) and (max-width: 767px){ \n#top .av_textblock_section.av-l2ygct5o-217ced5fbb0c93008a1f95f27f8165cb .avia_textblock{\nfont-size:18px;\n}\n}\n\n@media only screen and (max-width: 479px){ \n#top .av_textblock_section.av-l2ygct5o-217ced5fbb0c93008a1f95f27f8165cb .avia_textblock{\nfont-size:16px;\n}\n}\n<\/style>\n<section  class='av_textblock_section av-l2ygct5o-217ced5fbb0c93008a1f95f27f8165cb '   itemscope=\"itemscope\" itemtype=\"https:\/\/schema.org\/CreativeWork\" ><div class='avia_textblock'  itemprop=\"text\" ><p>La disponibilidad y el suministro seguro de agua potable de alta calidad es esencial en nuestro d\u00eda a d\u00eda. Unas redes de tuber\u00edas fiables juegan un papel importante en este sentido. <strong>Las soluciones en PRFV de Amiblu<\/strong> destacan por tener una superf\u00edcie interior lisa, as\u00ed como excelentes propiedades hidr\u00e1ulicas con p\u00e9rdidas de fricci\u00f3n significativamente menores que otros productos de dimensiones similares. El coeficiente de flujo \u00f3ptimo de las tuber\u00edas minimiza la cantidad de energ\u00eda que se necesita para distribuir agua potable a las ciudades y las periferias. Los sistemas de tuber\u00edas en PRFV Amiblu est\u00e1n ensayados y certificados para agua potable en numerosos pa\u00edses del mundo.<\/p>\n<\/div><\/section><br \/>\n<div  class='avia-button-wrap av-l2yge0ad-a6a6c5dbfdb359ffebce9f309d79cb60-wrap avia-button-left  avia-builder-el-8  el_after_av_textblock  el_before_av_button  amiblu-outline-button'><a href='https:\/\/www.amiblu.com\/wp-content\/uploads\/Amiblu-Sistemas-de-tuberias-para-abastecimientos-de-agua.pdf'  class='avia-button av-l2yge0ad-a6a6c5dbfdb359ffebce9f309d79cb60 av-link-btn avia-icon_select-yes-right-icon avia-size-small avia-position-left avia-color-theme-color'  target=\"_blank\"  rel=\"noopener noreferrer\"  aria-label=\"Descarga nuestro cat\u00e1logo\"><span class='avia_iconbox_title' >Descarga nuestro cat\u00e1logo<\/span><span class='avia_button_icon avia_button_icon_right avia-iconfont avia-font-amiblu-icons' data-av_icon='\ue800' data-av_iconfont='amiblu-icons' ><\/span><\/a><\/div><br \/>\n<div  class='avia-button-wrap av-l2yge7w2-07e54e4c1dcd8c7686ddbbe76a076b03-wrap avia-button-left  avia-builder-el-9  el_after_av_button  avia-builder-el-last  amiblu-outline-button'><a href='https:\/\/www.amiblu.com\/wp-content\/uploads\/Amiblu-Potable-Water-Tanks.pdf'  class='avia-button av-l2yge7w2-07e54e4c1dcd8c7686ddbbe76a076b03 av-link-btn avia-icon_select-yes-right-icon avia-size-small avia-position-left av-desktop-hide av-medium-hide av-small-hide av-mini-hide avia-color-theme-color'  target=\"_blank\"  rel=\"noopener noreferrer\"  aria-label=\"Download our Potable Water Tanks brochure\"><span class='avia_iconbox_title' >Download our Potable Water Tanks brochure<\/span><span class='avia_button_icon avia_button_icon_right avia-iconfont avia-font-amiblu-icons' data-av_icon='\ue800' data-av_iconfont='amiblu-icons' ><\/span><\/a><\/div><\/p><\/div><\/div><\/div><\/div><!-- close content main div --><\/div><\/div>\n<style type=\"text\/css\" data-created_by=\"avia_inline_auto\" id=\"style-css-av-22qkuiu-bd101b99c4b4503f36d0d636761e6983\">\n.avia-section.av-22qkuiu-bd101b99c4b4503f36d0d636761e6983{\nbackground-color:#f2f4f8;\nbackground-image:unset;\n}\n<\/style>\n<div id='av_section_3'  class='avia-section av-22qkuiu-bd101b99c4b4503f36d0d636761e6983 main_color avia-section-default avia-no-border-styling  avia-builder-el-10  el_after_av_section  avia-builder-el-last  home-info amiblu-jk-inf avia-bg-style-scroll container_wrap fullsize'  ><div class='container av-section-cont-open' ><div class='template-page content  av-content-full alpha units'><div class='post-entry post-entry-type-page post-entry-39718'><div class='entry-content-wrapper clearfix'>\n\n<style type=\"text\/css\" data-created_by=\"avia_inline_auto\" id=\"style-css-av-1tnu5qe-6421fbd71313d653f5e5927f80a79f48\">\n.flex_column.av-1tnu5qe-6421fbd71313d653f5e5927f80a79f48{\nborder-radius:0px 0px 0px 0px;\npadding:0px 0px 0px 0px;\n}\n<\/style>\n<div  class='flex_column av-1tnu5qe-6421fbd71313d653f5e5927f80a79f48 av_one_half  avia-builder-el-11  el_before_av_one_half  avia-builder-el-first  home-info-img first flex_column_div av-zero-column-padding  '     ><style type=\"text\/css\" data-created_by=\"avia_inline_auto\" id=\"style-css-av-3x8vc6-27d0a22821a967eca80a4802a2ad5513\">\n.avia-image-container.av-3x8vc6-27d0a22821a967eca80a4802a2ad5513 img.avia_image{\nbox-shadow:none;\n}\n.avia-image-container.av-3x8vc6-27d0a22821a967eca80a4802a2ad5513 .av-image-caption-overlay-center{\ncolor:#ffffff;\n}\n<\/style>\n<div  class='avia-image-container av-3x8vc6-27d0a22821a967eca80a4802a2ad5513 av-styling- avia-align-right  avia-builder-el-12  avia-builder-el-no-sibling '   itemprop=\"image\" itemscope=\"itemscope\" itemtype=\"https:\/\/schema.org\/ImageObject\" ><div class=\"avia-image-container-inner\"><div class=\"avia-image-overlay-wrap\"><img fetchpriority=\"high\" decoding=\"async\" fetchpriority=\"high\" fetchpriority=\"high\" class='wp-image-48043 avia-img-lazy-loading-not-48043 avia_image ' src=\"https:\/\/www.amiblu.com\/wp-content\/uploads\/Hobas-Potable-Water-Storage-Tank.jpg\" alt='Hobas Potable Water Storage Tank' title='Hobas-Potable-Water-Storage-Tank'  height=\"543\" width=\"960\"  itemprop=\"thumbnailUrl\" srcset=\"https:\/\/www.amiblu.com\/wp-content\/uploads\/Hobas-Potable-Water-Storage-Tank.jpg 960w, https:\/\/www.amiblu.com\/wp-content\/uploads\/Hobas-Potable-Water-Storage-Tank-300x170.jpg 300w, https:\/\/www.amiblu.com\/wp-content\/uploads\/Hobas-Potable-Water-Storage-Tank-768x434.jpg 768w, https:\/\/www.amiblu.com\/wp-content\/uploads\/Hobas-Potable-Water-Storage-Tank-705x399.jpg 705w\" sizes=\"(max-width: 960px) 100vw, 960px\" \/><\/div><\/div><\/div><\/div>\n<style type=\"text\/css\" data-created_by=\"avia_inline_auto\" id=\"style-css-av-j24s6e-702360e536923d99e634b66c75d0ea1b\">\n.flex_column.av-j24s6e-702360e536923d99e634b66c75d0ea1b{\nborder-radius:11px 11px 11px 11px;\npadding:0px 0px 0px 0px;\n}\n<\/style>\n<div  class='flex_column av-j24s6e-702360e536923d99e634b66c75d0ea1b av_one_half  avia-builder-el-13  el_after_av_one_half  avia-builder-el-last  home-info-text white-content flex_column_div av-zero-column-padding  '     ><section  class='av_textblock_section av-l2ygepyd-93f55dd9bf245b34630eece704b25c3c '   itemscope=\"itemscope\" itemtype=\"https:\/\/schema.org\/CreativeWork\" ><div class='avia_textblock'  itemprop=\"text\" ><p><strong>Ventajas de los sistemas de tuber\u00edas de agua potable Amiblu:<\/strong><\/p>\n<ul>\n<li><strong>Paredes estancas<\/strong>\u00a0para la prevenci\u00f3n de fugas, infiltraciones y exfiltraciones.<\/li>\n<li><strong>Excelentes propiedades de hidr\u00e1ulicas\u00a0<\/strong>con menores costes de bombeo.<\/li>\n<li><strong>Resistencia a cargas s\u00f3lidas<\/strong>, cargas superficiales y actividades s\u00edsmicas.<\/li>\n<li><strong>Calidad ensayada y certificada<\/strong>\u00a0para agua potable en varios pa\u00edses de todo el mundo.<\/li>\n<li><strong>Mayor tama\u00f1o de part\u00edcula admisible en en el material de relleno<\/strong>\u00a0pudi\u00e9ndose utilizar el propio suelo natural, reduciendo as\u00ed los costes de instalaci\u00f3n.<\/li>\n<\/ul>\n<\/div><\/section><\/div>\n<\/p>\n","protected":false},"excerpt":{"rendered":"","protected":false},"author":8,"featured_media":47358,"parent":0,"menu_order":35,"comment_status":"closed","ping_status":"closed","template":"","meta":{"_acf_changed":false,"footnotes":""},"class_list":["post-39718","page","type-page","status-publish","has-post-thumbnail","hentry"],"acf":[],"yoast_head":"<!-- This site is optimized with the Yoast SEO Premium plugin v27.3 (Yoast SEO v27.4) - https:\/\/yoast.com\/product\/yoast-seo-premium-wordpress\/ -->\n<title>Sistemas de tuber\u00edas de agua potable Amiblu<\/title>\n<meta name=\"description\" content=\"La disponibilidad y el suministro seguro de agua potable de alta calidad es esencial en nuestro d\u00eda a d\u00eda. Unas redes de tuber\u00edas fiables juegan un papel importante en este sentido.\" \/>\n<meta name=\"robots\" content=\"index, follow, max-snippet:-1, max-image-preview:large, max-video-preview:-1\" \/>\n<link rel=\"canonical\" href=\"https:\/\/www.amiblu.com\/es\/agua-potable\/\" \/>\n<meta property=\"og:locale\" content=\"es_ES\" \/>\n<meta property=\"og:type\" content=\"article\" \/>\n<meta property=\"og:title\" content=\"Agua potable\" \/>\n<meta property=\"og:description\" content=\"La disponibilidad y el suministro seguro de agua potable de alta calidad es esencial en nuestro d\u00eda a d\u00eda. Unas redes de tuber\u00edas fiables juegan un papel importante en este sentido.\" \/>\n<meta property=\"og:url\" content=\"https:\/\/www.amiblu.com\/es\/agua-potable\/\" \/>\n<meta property=\"og:site_name\" content=\"Amiblu\" \/>\n<meta property=\"article:publisher\" content=\"https:\/\/www.facebook.com\/amiblupipes\" \/>\n<meta property=\"article:modified_time\" content=\"2024-07-24T07:48:00+00:00\" \/>\n<meta property=\"og:image\" content=\"https:\/\/www.amiblu.com\/wp-content\/uploads\/Potable-water-tank-Pitomaca.jpg\" \/>\n\t<meta property=\"og:image:width\" content=\"552\" \/>\n\t<meta property=\"og:image:height\" content=\"312\" \/>\n\t<meta property=\"og:image:type\" content=\"image\/jpeg\" \/>\n<meta name=\"twitter:card\" content=\"summary_large_image\" \/>\n<meta name=\"twitter:label1\" content=\"Tiempo de lectura\" \/>\n\t<meta name=\"twitter:data1\" content=\"2 minutos\" \/>\n<script type=\"application\/ld+json\" class=\"yoast-schema-graph\">{\"@context\":\"https:\\\/\\\/schema.org\",\"@graph\":[{\"@type\":\"WebPage\",\"@id\":\"https:\\\/\\\/www.amiblu.com\\\/es\\\/agua-potable\\\/\",\"url\":\"https:\\\/\\\/www.amiblu.com\\\/es\\\/agua-potable\\\/\",\"name\":\"Sistemas de tuber\u00edas de agua potable Amiblu\",\"isPartOf\":{\"@id\":\"https:\\\/\\\/www.amiblu.com\\\/es\\\/#website\"},\"primaryImageOfPage\":{\"@id\":\"https:\\\/\\\/www.amiblu.com\\\/es\\\/agua-potable\\\/#primaryimage\"},\"image\":{\"@id\":\"https:\\\/\\\/www.amiblu.com\\\/es\\\/agua-potable\\\/#primaryimage\"},\"thumbnailUrl\":\"https:\\\/\\\/www.amiblu.com\\\/wp-content\\\/uploads\\\/Potable-water-tank-Pitomaca.jpg\",\"datePublished\":\"2021-07-30T08:18:09+00:00\",\"dateModified\":\"2024-07-24T07:48:00+00:00\",\"description\":\"La disponibilidad y el suministro seguro de agua potable de alta calidad es esencial en nuestro d\u00eda a d\u00eda. Unas redes de tuber\u00edas fiables juegan un papel importante en este sentido.\",\"inLanguage\":\"es\",\"potentialAction\":[{\"@type\":\"ReadAction\",\"target\":[\"https:\\\/\\\/www.amiblu.com\\\/es\\\/agua-potable\\\/\"]}]},{\"@type\":\"ImageObject\",\"inLanguage\":\"es\",\"@id\":\"https:\\\/\\\/www.amiblu.com\\\/es\\\/agua-potable\\\/#primaryimage\",\"url\":\"https:\\\/\\\/www.amiblu.com\\\/wp-content\\\/uploads\\\/Potable-water-tank-Pitomaca.jpg\",\"contentUrl\":\"https:\\\/\\\/www.amiblu.com\\\/wp-content\\\/uploads\\\/Potable-water-tank-Pitomaca.jpg\",\"width\":552,\"height\":312,\"caption\":\"Potable water tank for Pitomaca, Croatia\"},{\"@type\":\"WebSite\",\"@id\":\"https:\\\/\\\/www.amiblu.com\\\/es\\\/#website\",\"url\":\"https:\\\/\\\/www.amiblu.com\\\/es\\\/\",\"name\":\"Amiblu\",\"description\":\"GFK-Rohrsysteme f\u00fcr Generationen\",\"publisher\":{\"@id\":\"https:\\\/\\\/www.amiblu.com\\\/es\\\/#organization\"},\"potentialAction\":[{\"@type\":\"SearchAction\",\"target\":{\"@type\":\"EntryPoint\",\"urlTemplate\":\"https:\\\/\\\/www.amiblu.com\\\/es\\\/?s={search_term_string}\"},\"query-input\":{\"@type\":\"PropertyValueSpecification\",\"valueRequired\":true,\"valueName\":\"search_term_string\"}}],\"inLanguage\":\"es\"},{\"@type\":\"Organization\",\"@id\":\"https:\\\/\\\/www.amiblu.com\\\/es\\\/#organization\",\"name\":\"Amiblu Group\",\"url\":\"https:\\\/\\\/www.amiblu.com\\\/es\\\/\",\"logo\":{\"@type\":\"ImageObject\",\"inLanguage\":\"es\",\"@id\":\"https:\\\/\\\/www.amiblu.com\\\/es\\\/#\\\/schema\\\/logo\\\/image\\\/\",\"url\":\"https:\\\/\\\/www.amiblu.com\\\/wp-content\\\/uploads\\\/2021\\\/01\\\/Amiblu-logo-website-1.png\",\"contentUrl\":\"https:\\\/\\\/www.amiblu.com\\\/wp-content\\\/uploads\\\/2021\\\/01\\\/Amiblu-logo-website-1.png\",\"width\":201,\"height\":38,\"caption\":\"Amiblu Group\"},\"image\":{\"@id\":\"https:\\\/\\\/www.amiblu.com\\\/es\\\/#\\\/schema\\\/logo\\\/image\\\/\"},\"sameAs\":[\"https:\\\/\\\/www.facebook.com\\\/amiblupipes\",\"https:\\\/\\\/www.youtube.com\\\/c\\\/Amiblu\",\"https:\\\/\\\/de.wikipedia.org\\\/wiki\\\/Amiblu\",\"https:\\\/\\\/www.linkedin.com\\\/company\\\/amiblupipes\\\/\"]}]}<\/script>\n<!-- \/ Yoast SEO Premium plugin. -->","yoast_head_json":{"title":"Sistemas de tuber\u00edas de agua potable Amiblu","description":"La disponibilidad y el suministro seguro de agua potable de alta calidad es esencial en nuestro d\u00eda a d\u00eda. Unas redes de tuber\u00edas fiables juegan un papel importante en este sentido.","robots":{"index":"index","follow":"follow","max-snippet":"max-snippet:-1","max-image-preview":"max-image-preview:large","max-video-preview":"max-video-preview:-1"},"canonical":"https:\/\/www.amiblu.com\/es\/agua-potable\/","og_locale":"es_ES","og_type":"article","og_title":"Agua potable","og_description":"La disponibilidad y el suministro seguro de agua potable de alta calidad es esencial en nuestro d\u00eda a d\u00eda. Unas redes de tuber\u00edas fiables juegan un papel importante en este sentido.","og_url":"https:\/\/www.amiblu.com\/es\/agua-potable\/","og_site_name":"Amiblu","article_publisher":"https:\/\/www.facebook.com\/amiblupipes","article_modified_time":"2024-07-24T07:48:00+00:00","og_image":[{"width":552,"height":312,"url":"https:\/\/www.amiblu.com\/wp-content\/uploads\/Potable-water-tank-Pitomaca.jpg","type":"image\/jpeg"}],"twitter_card":"summary_large_image","twitter_misc":{"Tiempo de lectura":"2 minutos"},"schema":{"@context":"https:\/\/schema.org","@graph":[{"@type":"WebPage","@id":"https:\/\/www.amiblu.com\/es\/agua-potable\/","url":"https:\/\/www.amiblu.com\/es\/agua-potable\/","name":"Sistemas de tuber\u00edas de agua potable Amiblu","isPartOf":{"@id":"https:\/\/www.amiblu.com\/es\/#website"},"primaryImageOfPage":{"@id":"https:\/\/www.amiblu.com\/es\/agua-potable\/#primaryimage"},"image":{"@id":"https:\/\/www.amiblu.com\/es\/agua-potable\/#primaryimage"},"thumbnailUrl":"https:\/\/www.amiblu.com\/wp-content\/uploads\/Potable-water-tank-Pitomaca.jpg","datePublished":"2021-07-30T08:18:09+00:00","dateModified":"2024-07-24T07:48:00+00:00","description":"La disponibilidad y el suministro seguro de agua potable de alta calidad es esencial en nuestro d\u00eda a d\u00eda. Unas redes de tuber\u00edas fiables juegan un papel importante en este sentido.","inLanguage":"es","potentialAction":[{"@type":"ReadAction","target":["https:\/\/www.amiblu.com\/es\/agua-potable\/"]}]},{"@type":"ImageObject","inLanguage":"es","@id":"https:\/\/www.amiblu.com\/es\/agua-potable\/#primaryimage","url":"https:\/\/www.amiblu.com\/wp-content\/uploads\/Potable-water-tank-Pitomaca.jpg","contentUrl":"https:\/\/www.amiblu.com\/wp-content\/uploads\/Potable-water-tank-Pitomaca.jpg","width":552,"height":312,"caption":"Potable water tank for Pitomaca, Croatia"},{"@type":"WebSite","@id":"https:\/\/www.amiblu.com\/es\/#website","url":"https:\/\/www.amiblu.com\/es\/","name":"Amiblu","description":"GFK-Rohrsysteme f\u00fcr Generationen","publisher":{"@id":"https:\/\/www.amiblu.com\/es\/#organization"},"potentialAction":[{"@type":"SearchAction","target":{"@type":"EntryPoint","urlTemplate":"https:\/\/www.amiblu.com\/es\/?s={search_term_string}"},"query-input":{"@type":"PropertyValueSpecification","valueRequired":true,"valueName":"search_term_string"}}],"inLanguage":"es"},{"@type":"Organization","@id":"https:\/\/www.amiblu.com\/es\/#organization","name":"Amiblu Group","url":"https:\/\/www.amiblu.com\/es\/","logo":{"@type":"ImageObject","inLanguage":"es","@id":"https:\/\/www.amiblu.com\/es\/#\/schema\/logo\/image\/","url":"https:\/\/www.amiblu.com\/wp-content\/uploads\/2021\/01\/Amiblu-logo-website-1.png","contentUrl":"https:\/\/www.amiblu.com\/wp-content\/uploads\/2021\/01\/Amiblu-logo-website-1.png","width":201,"height":38,"caption":"Amiblu Group"},"image":{"@id":"https:\/\/www.amiblu.com\/es\/#\/schema\/logo\/image\/"},"sameAs":["https:\/\/www.facebook.com\/amiblupipes","https:\/\/www.youtube.com\/c\/Amiblu","https:\/\/de.wikipedia.org\/wiki\/Amiblu","https:\/\/www.linkedin.com\/company\/amiblupipes\/"]}]}},"_links":{"self":[{"href":"https:\/\/www.amiblu.com\/es\/wp-json\/wp\/v2\/pages\/39718","targetHints":{"allow":["GET"]}}],"collection":[{"href":"https:\/\/www.amiblu.com\/es\/wp-json\/wp\/v2\/pages"}],"about":[{"href":"https:\/\/www.amiblu.com\/es\/wp-json\/wp\/v2\/types\/page"}],"author":[{"embeddable":true,"href":"https:\/\/www.amiblu.com\/es\/wp-json\/wp\/v2\/users\/8"}],"replies":[{"embeddable":true,"href":"https:\/\/www.amiblu.com\/es\/wp-json\/wp\/v2\/comments?post=39718"}],"version-history":[{"count":17,"href":"https:\/\/www.amiblu.com\/es\/wp-json\/wp\/v2\/pages\/39718\/revisions"}],"predecessor-version":[{"id":64721,"href":"https:\/\/www.amiblu.com\/es\/wp-json\/wp\/v2\/pages\/39718\/revisions\/64721"}],"wp:featuredmedia":[{"embeddable":true,"href":"https:\/\/www.amiblu.com\/es\/wp-json\/wp\/v2\/media\/47358"}],"wp:attachment":[{"href":"https:\/\/www.amiblu.com\/es\/wp-json\/wp\/v2\/media?parent=39718"}],"curies":[{"name":"wp","href":"https:\/\/api.w.org\/{rel}","templated":true}]}}