{"id":39727,"date":"2021-07-30T10:20:53","date_gmt":"2021-07-30T08:20:53","guid":{"rendered":"https:\/\/www.amiblu.com\/?page_id=39727"},"modified":"2026-01-14T11:47:52","modified_gmt":"2026-01-14T10:47:52","slug":"hidroelectricas","status":"publish","type":"page","link":"https:\/\/www.amiblu.com\/es\/hidroelectricas\/","title":{"rendered":"Hidroel\u00e9ctricas"},"content":{"rendered":"<\/p>\n\n<style type=\"text\/css\" data-created_by=\"avia_inline_auto\" id=\"style-css-av-41rlbf3-51f025f97054e528c0776753fc943609\">\n.avia-section.av-41rlbf3-51f025f97054e528c0776753fc943609 .av-parallax .av-parallax-inner{\nbackground-repeat:no-repeat;\nbackground-image:url(https:\/\/www.amiblu.com\/wp-content\/uploads\/Hobas-Hydropower-Pipeline-Iceland.jpg);\nbackground-position:50% 50%;\nbackground-attachment:scroll;\n}\n.avia-section.av-41rlbf3-51f025f97054e528c0776753fc943609 .av-section-color-overlay{\nopacity:0.5;\nbackground-color:#0a0a0a;\n}\n<\/style>\n<div id='av_section_1'  class='avia-section av-41rlbf3-51f025f97054e528c0776753fc943609 main_color avia-section-default avia-no-border-styling  avia-builder-el-0  el_before_av_section  avia-builder-el-first  amiblu-content amiblu-page-hero av-parallax-section avia-bg-style-parallax av-section-color-overlay-active container_wrap fullsize'  data-section-bg-repeat='no-repeat'><div class='av-parallax' data-avia-parallax-ratio='0.3' ><div class='av-parallax-inner main_color avia-full-stretch'><\/div><\/div><div class=\"av-section-color-overlay-wrap\"><div class=\"av-section-color-overlay\"><\/div><div class='container av-section-cont-open' ><main  role=\"main\" itemprop=\"mainContentOfPage\"  class='template-page content  av-content-full alpha units'><div class='post-entry post-entry-type-page post-entry-39727'><div class='entry-content-wrapper clearfix'>\n\n<style type=\"text\/css\" data-created_by=\"avia_inline_auto\" id=\"style-css-av-3goscxb-8767135b46bca2074216e0e0a957c0f5\">\n.flex_column.av-3goscxb-8767135b46bca2074216e0e0a957c0f5{\nborder-radius:0px 0px 0px 0px;\npadding:0 0 0 0;\n}\n<\/style>\n<div  class='flex_column av-3goscxb-8767135b46bca2074216e0e0a957c0f5 av_three_fourth  avia-builder-el-1  avia-builder-el-no-sibling  white-content first flex_column_div av-zero-column-padding  '     ><section  class='av_textblock_section av-l2ygzk9e-eb5ad6a5b845d9f3dbb1a1f6c38bfd96 '   itemscope=\"itemscope\" itemtype=\"https:\/\/schema.org\/CreativeWork\" ><div class='avia_textblock'  itemprop=\"text\" ><h1><span dir=\"ltr\" role=\"presentation\">Sistemas de tuber\u00edas en PRFV sostenibles para energ\u00eda hidroel\u00e9ctrica<\/span><\/h1>\n<\/div><\/section><br \/>\n\n<style type=\"text\/css\" data-created_by=\"avia_inline_auto\" id=\"style-css-av-l2yh3x0r-dc6e7465dce6f005dfa4cc882c03a4d1\">\n#top .av_textblock_section.av-l2yh3x0r-dc6e7465dce6f005dfa4cc882c03a4d1 .avia_textblock{\nfont-size:20px;\n}\n<\/style>\n<section  class='av_textblock_section av-l2yh3x0r-dc6e7465dce6f005dfa4cc882c03a4d1 '   itemscope=\"itemscope\" itemtype=\"https:\/\/schema.org\/CreativeWork\" ><div class='avia_textblock sub-heading'  itemprop=\"text\" ><p>Ayudamos a convertir el agua dulce en energ\u00eda renovable durante generaciones.<\/p>\n<\/div><\/section><\/p><\/div>\n\n<\/div><\/div><\/main><!-- close content main element --><\/div><\/div><\/div><div id='av_section_2'  class='avia-section av-32veu5r-231a7d4cc717af02a52fab01dde61c0e main_color avia-section-default avia-no-border-styling  avia-builder-el-4  el_after_av_section  el_before_av_section  amiblu-bw-pr amiblu-jk-pp avia-bg-style-scroll container_wrap fullsize'  ><div class='container av-section-cont-open' ><div class='template-page content  av-content-full alpha units'><div class='post-entry post-entry-type-page post-entry-39727'><div class='entry-content-wrapper clearfix'>\n\n<style type=\"text\/css\" data-created_by=\"avia_inline_auto\" id=\"style-css-av-9ejx7z-f27a727c4c21d2604149e1e5059f79f1\">\n.flex_column.av-9ejx7z-f27a727c4c21d2604149e1e5059f79f1{\nborder-radius:0px 0px 0px 0px;\npadding:0px 0px 0px 0px;\n}\n<\/style>\n<div  class='flex_column av-9ejx7z-f27a727c4c21d2604149e1e5059f79f1 av_two_third  avia-builder-el-5  avia-builder-el-no-sibling  first flex_column_div av-zero-column-padding  '     ><p>\n<style type=\"text\/css\" data-created_by=\"avia_inline_auto\" id=\"style-css-av-l5rsorrp-a875d56f5e887237a82b0f597c1cc995\">\n#top .av-special-heading.av-l5rsorrp-a875d56f5e887237a82b0f597c1cc995{\npadding-bottom:10px;\n}\nbody .av-special-heading.av-l5rsorrp-a875d56f5e887237a82b0f597c1cc995 .av-special-heading-tag .heading-char{\nfont-size:25px;\n}\n.av-special-heading.av-l5rsorrp-a875d56f5e887237a82b0f597c1cc995 .av-subheading{\nfont-size:15px;\n}\n<\/style>\n<div  class='av-special-heading av-l5rsorrp-a875d56f5e887237a82b0f597c1cc995 av-special-heading-h5 blockquote modern-quote  avia-builder-el-6  el_before_av_textblock  avia-builder-el-first  h1'><h5 class='av-special-heading-tag '  itemprop=\"headline\"  >Compuertas en PRFV de Amiblu<\/h5><div class=\"special-heading-border\"><div class=\"special-heading-inner-border\"><\/div><\/div><\/div><br \/>\n\n<style type=\"text\/css\" data-created_by=\"avia_inline_auto\" id=\"style-css-av-l2yh5cme-a8a73c1c9646b2bccca867501b901612\">\n#top .av_textblock_section.av-l2yh5cme-a8a73c1c9646b2bccca867501b901612 .avia_textblock{\nfont-size:20px;\n}\n\n@media only screen and (min-width: 480px) and (max-width: 767px){ \n#top .av_textblock_section.av-l2yh5cme-a8a73c1c9646b2bccca867501b901612 .avia_textblock{\nfont-size:18px;\n}\n}\n\n@media only screen and (max-width: 479px){ \n#top .av_textblock_section.av-l2yh5cme-a8a73c1c9646b2bccca867501b901612 .avia_textblock{\nfont-size:16px;\n}\n}\n<\/style>\n<section  class='av_textblock_section av-l2yh5cme-a8a73c1c9646b2bccca867501b901612 '   itemscope=\"itemscope\" itemtype=\"https:\/\/schema.org\/CreativeWork\" ><div class='avia_textblock'  itemprop=\"text\" ><p>La energ\u00eda hidroel\u00e9ctrica suministra m\u00e1s del 70% de toda la electricidad renovable en todo el mundo. A medida que se agotan las ubicaciones de f\u00e1cil acceso, los ingenieros hidroel\u00e9ctricos recurren a sitios remotos y geol\u00f3gicamente complejos para generar la energ\u00eda que necesitamos para las ciudades y las industrias. Las <strong>soluciones hidroel\u00e9ctricas en PRFV de Amiblu<\/strong> son f\u00e1ciles de instalar y se adaptan a todo tipo de terrenos. Ayudan a lograr m\u00e1s kWh con mejores rendimientos y menor golpe de ariete que cualquier otro tipo tuber\u00eda. Con materias primas respetuosas con el medio ambiente en la producci\u00f3n de tuber\u00edas (por ejemplo, resinas de PET) y ahorros de CO2 en el transporte y la instalaci\u00f3n gracias al bajo peso de las tuber\u00edas, las <strong>compuertas en PRFV de Amiblu<\/strong> apoyan y aceleran la transici\u00f3n hacia la producci\u00f3n de energ\u00eda libre de combustibles f\u00f3siles.<\/p>\n<\/div><\/section><br \/>\n<div  class='avia-button-wrap av-l2yh5lgt-429ba4be95c3da6a1554631ba422a154-wrap avia-button-left  avia-builder-el-8  el_after_av_textblock  avia-builder-el-last  amiblu-outline-button'><a href='https:\/\/www.amiblu.com\/wp-content\/uploads\/Amiblu-Sistemas-de-tuberias-para-hidroelectricas.pdf'  class='avia-button av-l2yh5lgt-429ba4be95c3da6a1554631ba422a154 av-link-btn avia-icon_select-yes-right-icon avia-size-small avia-position-left avia-color-theme-color'  target=\"_blank\"  rel=\"noopener noreferrer\"  aria-label=\"Descarga nuestro cat\u00e1logo\"><span class='avia_iconbox_title' >Descarga nuestro cat\u00e1logo<\/span><span class='avia_button_icon avia_button_icon_right avia-iconfont avia-font-amiblu-icons' data-av_icon='\ue800' data-av_iconfont='amiblu-icons' ><\/span><\/a><\/div><\/p><\/div><\/div><\/div><\/div><!-- close content main div --><\/div><\/div>\n<style type=\"text\/css\" data-created_by=\"avia_inline_auto\" id=\"style-css-av-22l1ilr-998e60ad5f6e076e8db2818c3526082a\">\n.avia-section.av-22l1ilr-998e60ad5f6e076e8db2818c3526082a{\nbackground-color:#f2f4f8;\nbackground-image:unset;\n}\n<\/style>\n<div id='av_section_3'  class='avia-section av-22l1ilr-998e60ad5f6e076e8db2818c3526082a main_color avia-section-default avia-no-border-styling  avia-builder-el-9  el_after_av_section  avia-builder-el-last  home-info amiblu-jk-inf avia-bg-style-scroll container_wrap fullsize'  ><div class='container av-section-cont-open' ><div class='template-page content  av-content-full alpha units'><div class='post-entry post-entry-type-page post-entry-39727'><div class='entry-content-wrapper clearfix'>\n\n<style type=\"text\/css\" data-created_by=\"avia_inline_auto\" id=\"style-css-av-1s2i46n-41172244137cbd03ac5ee6dc0e16da2f\">\n.flex_column.av-1s2i46n-41172244137cbd03ac5ee6dc0e16da2f{\nborder-radius:0px 0px 0px 0px;\npadding:0px 0px 0px 0px;\n}\n<\/style>\n<div  class='flex_column av-1s2i46n-41172244137cbd03ac5ee6dc0e16da2f av_one_half  avia-builder-el-10  el_before_av_one_half  avia-builder-el-first  home-info-img first flex_column_div av-zero-column-padding  '     ><style type=\"text\/css\" data-created_by=\"avia_inline_auto\" id=\"style-css-av-155fm27-17a54f6f4b16638fb058ab68b73e2b69\">\n.avia-image-container.av-155fm27-17a54f6f4b16638fb058ab68b73e2b69 img.avia_image{\nbox-shadow:none;\n}\n.avia-image-container.av-155fm27-17a54f6f4b16638fb058ab68b73e2b69 .av-image-caption-overlay-center{\ncolor:#ffffff;\n}\n<\/style>\n<div  class='avia-image-container av-155fm27-17a54f6f4b16638fb058ab68b73e2b69 av-styling- avia-align-right  avia-builder-el-11  avia-builder-el-no-sibling '   itemprop=\"image\" itemscope=\"itemscope\" itemtype=\"https:\/\/schema.org\/ImageObject\" ><div class=\"avia-image-container-inner\"><div class=\"avia-image-overlay-wrap\"><img fetchpriority=\"high\" decoding=\"async\" fetchpriority=\"high\" fetchpriority=\"high\" class='wp-image-48047 avia-img-lazy-loading-not-48047 avia_image ' src=\"https:\/\/www.amiblu.com\/wp-content\/uploads\/Flowtite-Hydropower-pipeline-Norway.jpg\" alt='Flowtite Hydropower pipeline in Norway' title='Flowtite-Hydropower-pipeline-Norway'  height=\"543\" width=\"960\"  itemprop=\"thumbnailUrl\" srcset=\"https:\/\/www.amiblu.com\/wp-content\/uploads\/Flowtite-Hydropower-pipeline-Norway.jpg 960w, https:\/\/www.amiblu.com\/wp-content\/uploads\/Flowtite-Hydropower-pipeline-Norway-300x170.jpg 300w, https:\/\/www.amiblu.com\/wp-content\/uploads\/Flowtite-Hydropower-pipeline-Norway-768x434.jpg 768w, https:\/\/www.amiblu.com\/wp-content\/uploads\/Flowtite-Hydropower-pipeline-Norway-705x399.jpg 705w\" sizes=\"(max-width: 960px) 100vw, 960px\" \/><\/div><\/div><\/div><\/div>\n<style type=\"text\/css\" data-created_by=\"avia_inline_auto\" id=\"style-css-av-jkl7xr-a7454bf59aca05f55285796b801a3929\">\n.flex_column.av-jkl7xr-a7454bf59aca05f55285796b801a3929{\nborder-radius:11px 11px 11px 11px;\npadding:0px 0px 0px 0px;\n}\n<\/style>\n<div  class='flex_column av-jkl7xr-a7454bf59aca05f55285796b801a3929 av_one_half  avia-builder-el-12  el_after_av_one_half  avia-builder-el-last  home-info-text white-content flex_column_div av-zero-column-padding  '     ><section  class='av_textblock_section av-l2yh67m1-56de78fa8010181bf126864d57ae5a0f '   itemscope=\"itemscope\" itemtype=\"https:\/\/schema.org\/CreativeWork\" ><div class='avia_textblock'  itemprop=\"text\" ><p><strong>Ventajas del sistema de tuber\u00edas Amiblu para energ\u00eda hidroel\u00e9ctrica:<\/strong><\/p>\n<ul>\n<li><strong>Resistencia a la corrosi\u00f3n:<\/strong>\u00a0Sin necesidad de recubrimientos especiales o protecci\u00f3n cat\u00f3dica.<\/li>\n<li><strong>Baja fricci\u00f3n y p\u00e9rdida de carga<\/strong>\u00a0para un m\u00e1ximo rendimiento energ\u00e9tico<\/li>\n<li><strong>Bajo golpe de arriete:<\/strong>\u00a050% inferior al acero y fundici\u00f3n d\u00factil<\/li>\n<li><strong>Calidad probada y certificada:<\/strong>\u00a0Aprobada para aplicaciones hidroel\u00e9ctricas a nivel mundial<\/li>\n<li><strong>Resistencia a la abrasi\u00f3n:<\/strong>\u00a0<a href=\"https:\/\/www.amiblu.com\/es\/tuberias-especiales\/\">Soluciones especiales para condiciones especiales<\/a>\u00a0(Flowtite Orange)<\/li>\n<li><strong>Resistente a los rayos UV:<\/strong>\u00a0Ideal para instalaciones a\u00e9reas<\/li>\n<\/ul>\n<\/div><\/section><\/div>\n<\/p>\n","protected":false},"excerpt":{"rendered":"","protected":false},"author":8,"featured_media":47357,"parent":0,"menu_order":40,"comment_status":"closed","ping_status":"closed","template":"","meta":{"_acf_changed":false,"footnotes":""},"class_list":["post-39727","page","type-page","status-publish","has-post-thumbnail","hentry"],"acf":[],"yoast_head":"<!-- This site is optimized with the Yoast SEO Premium plugin v27.5 (Yoast SEO v27.5) - https:\/\/yoast.com\/product\/yoast-seo-premium-wordpress\/ -->\n<title>Sistemas de tuber\u00edas en PRFV sostenibles para energ\u00eda hidroel\u00e9ctrica<\/title>\n<meta name=\"description\" content=\"Las soluciones hidroel\u00e9ctricas en PRFV de Amiblu son f\u00e1ciles de instalar y se adaptan a todo tipo de terrenos.\" \/>\n<meta name=\"robots\" content=\"index, follow, max-snippet:-1, max-image-preview:large, max-video-preview:-1\" \/>\n<link rel=\"canonical\" href=\"https:\/\/www.amiblu.com\/es\/hidroelectricas\/\" \/>\n<meta property=\"og:locale\" content=\"es_ES\" \/>\n<meta property=\"og:type\" content=\"article\" \/>\n<meta property=\"og:title\" content=\"Hidroel\u00e9ctricas\" \/>\n<meta property=\"og:description\" content=\"Las soluciones hidroel\u00e9ctricas en PRFV de Amiblu son f\u00e1ciles de instalar y se adaptan a todo tipo de terrenos.\" \/>\n<meta property=\"og:url\" content=\"https:\/\/www.amiblu.com\/es\/hidroelectricas\/\" \/>\n<meta property=\"og:site_name\" content=\"Amiblu\" \/>\n<meta property=\"article:publisher\" content=\"https:\/\/www.facebook.com\/amiblupipes\" \/>\n<meta property=\"article:modified_time\" content=\"2026-01-14T10:47:52+00:00\" \/>\n<meta property=\"og:image\" content=\"https:\/\/www.amiblu.com\/wp-content\/uploads\/Hydropower-pipeline-Vangpollen-penstock.jpg\" \/>\n\t<meta property=\"og:image:width\" content=\"552\" \/>\n\t<meta property=\"og:image:height\" content=\"312\" \/>\n\t<meta property=\"og:image:type\" content=\"image\/jpeg\" \/>\n<meta name=\"twitter:card\" content=\"summary_large_image\" \/>\n<meta name=\"twitter:label1\" content=\"Tiempo de lectura\" \/>\n\t<meta name=\"twitter:data1\" content=\"2 minutos\" \/>\n<script type=\"application\/ld+json\" class=\"yoast-schema-graph\">{\"@context\":\"https:\\\/\\\/schema.org\",\"@graph\":[{\"@type\":\"WebPage\",\"@id\":\"https:\\\/\\\/www.amiblu.com\\\/es\\\/hidroelectricas\\\/\",\"url\":\"https:\\\/\\\/www.amiblu.com\\\/es\\\/hidroelectricas\\\/\",\"name\":\"Sistemas de tuber\u00edas en PRFV sostenibles para energ\u00eda hidroel\u00e9ctrica\",\"isPartOf\":{\"@id\":\"https:\\\/\\\/www.amiblu.com\\\/es\\\/#website\"},\"primaryImageOfPage\":{\"@id\":\"https:\\\/\\\/www.amiblu.com\\\/es\\\/hidroelectricas\\\/#primaryimage\"},\"image\":{\"@id\":\"https:\\\/\\\/www.amiblu.com\\\/es\\\/hidroelectricas\\\/#primaryimage\"},\"thumbnailUrl\":\"https:\\\/\\\/www.amiblu.com\\\/wp-content\\\/uploads\\\/Hydropower-pipeline-Vangpollen-penstock.jpg\",\"datePublished\":\"2021-07-30T08:20:53+00:00\",\"dateModified\":\"2026-01-14T10:47:52+00:00\",\"description\":\"Las soluciones hidroel\u00e9ctricas en PRFV de Amiblu son f\u00e1ciles de instalar y se adaptan a todo tipo de terrenos.\",\"inLanguage\":\"es\",\"potentialAction\":[{\"@type\":\"ReadAction\",\"target\":[\"https:\\\/\\\/www.amiblu.com\\\/es\\\/hidroelectricas\\\/\"]}]},{\"@type\":\"ImageObject\",\"inLanguage\":\"es\",\"@id\":\"https:\\\/\\\/www.amiblu.com\\\/es\\\/hidroelectricas\\\/#primaryimage\",\"url\":\"https:\\\/\\\/www.amiblu.com\\\/wp-content\\\/uploads\\\/Hydropower-pipeline-Vangpollen-penstock.jpg\",\"contentUrl\":\"https:\\\/\\\/www.amiblu.com\\\/wp-content\\\/uploads\\\/Hydropower-pipeline-Vangpollen-penstock.jpg\",\"width\":552,\"height\":312,\"caption\":\"GRP penstock for hydropower pipe project Vangpollen\"},{\"@type\":\"WebSite\",\"@id\":\"https:\\\/\\\/www.amiblu.com\\\/es\\\/#website\",\"url\":\"https:\\\/\\\/www.amiblu.com\\\/es\\\/\",\"name\":\"Amiblu\",\"description\":\"GFK-Rohrsysteme f\u00fcr Generationen\",\"publisher\":{\"@id\":\"https:\\\/\\\/www.amiblu.com\\\/es\\\/#organization\"},\"potentialAction\":[{\"@type\":\"SearchAction\",\"target\":{\"@type\":\"EntryPoint\",\"urlTemplate\":\"https:\\\/\\\/www.amiblu.com\\\/es\\\/?s={search_term_string}\"},\"query-input\":{\"@type\":\"PropertyValueSpecification\",\"valueRequired\":true,\"valueName\":\"search_term_string\"}}],\"inLanguage\":\"es\"},{\"@type\":\"Organization\",\"@id\":\"https:\\\/\\\/www.amiblu.com\\\/es\\\/#organization\",\"name\":\"Amiblu Group\",\"url\":\"https:\\\/\\\/www.amiblu.com\\\/es\\\/\",\"logo\":{\"@type\":\"ImageObject\",\"inLanguage\":\"es\",\"@id\":\"https:\\\/\\\/www.amiblu.com\\\/es\\\/#\\\/schema\\\/logo\\\/image\\\/\",\"url\":\"https:\\\/\\\/www.amiblu.com\\\/wp-content\\\/uploads\\\/2021\\\/01\\\/Amiblu-logo-website-1.png\",\"contentUrl\":\"https:\\\/\\\/www.amiblu.com\\\/wp-content\\\/uploads\\\/2021\\\/01\\\/Amiblu-logo-website-1.png\",\"width\":201,\"height\":38,\"caption\":\"Amiblu Group\"},\"image\":{\"@id\":\"https:\\\/\\\/www.amiblu.com\\\/es\\\/#\\\/schema\\\/logo\\\/image\\\/\"},\"sameAs\":[\"https:\\\/\\\/www.facebook.com\\\/amiblupipes\",\"https:\\\/\\\/www.youtube.com\\\/c\\\/Amiblu\",\"https:\\\/\\\/de.wikipedia.org\\\/wiki\\\/Amiblu\",\"https:\\\/\\\/www.linkedin.com\\\/company\\\/amiblupipes\\\/\"]}]}<\/script>\n<!-- \/ Yoast SEO Premium plugin. -->","yoast_head_json":{"title":"Sistemas de tuber\u00edas en PRFV sostenibles para energ\u00eda hidroel\u00e9ctrica","description":"Las soluciones hidroel\u00e9ctricas en PRFV de Amiblu son f\u00e1ciles de instalar y se adaptan a todo tipo de terrenos.","robots":{"index":"index","follow":"follow","max-snippet":"max-snippet:-1","max-image-preview":"max-image-preview:large","max-video-preview":"max-video-preview:-1"},"canonical":"https:\/\/www.amiblu.com\/es\/hidroelectricas\/","og_locale":"es_ES","og_type":"article","og_title":"Hidroel\u00e9ctricas","og_description":"Las soluciones hidroel\u00e9ctricas en PRFV de Amiblu son f\u00e1ciles de instalar y se adaptan a todo tipo de terrenos.","og_url":"https:\/\/www.amiblu.com\/es\/hidroelectricas\/","og_site_name":"Amiblu","article_publisher":"https:\/\/www.facebook.com\/amiblupipes","article_modified_time":"2026-01-14T10:47:52+00:00","og_image":[{"width":552,"height":312,"url":"https:\/\/www.amiblu.com\/wp-content\/uploads\/Hydropower-pipeline-Vangpollen-penstock.jpg","type":"image\/jpeg"}],"twitter_card":"summary_large_image","twitter_misc":{"Tiempo de lectura":"2 minutos"},"schema":{"@context":"https:\/\/schema.org","@graph":[{"@type":"WebPage","@id":"https:\/\/www.amiblu.com\/es\/hidroelectricas\/","url":"https:\/\/www.amiblu.com\/es\/hidroelectricas\/","name":"Sistemas de tuber\u00edas en PRFV sostenibles para energ\u00eda hidroel\u00e9ctrica","isPartOf":{"@id":"https:\/\/www.amiblu.com\/es\/#website"},"primaryImageOfPage":{"@id":"https:\/\/www.amiblu.com\/es\/hidroelectricas\/#primaryimage"},"image":{"@id":"https:\/\/www.amiblu.com\/es\/hidroelectricas\/#primaryimage"},"thumbnailUrl":"https:\/\/www.amiblu.com\/wp-content\/uploads\/Hydropower-pipeline-Vangpollen-penstock.jpg","datePublished":"2021-07-30T08:20:53+00:00","dateModified":"2026-01-14T10:47:52+00:00","description":"Las soluciones hidroel\u00e9ctricas en PRFV de Amiblu son f\u00e1ciles de instalar y se adaptan a todo tipo de terrenos.","inLanguage":"es","potentialAction":[{"@type":"ReadAction","target":["https:\/\/www.amiblu.com\/es\/hidroelectricas\/"]}]},{"@type":"ImageObject","inLanguage":"es","@id":"https:\/\/www.amiblu.com\/es\/hidroelectricas\/#primaryimage","url":"https:\/\/www.amiblu.com\/wp-content\/uploads\/Hydropower-pipeline-Vangpollen-penstock.jpg","contentUrl":"https:\/\/www.amiblu.com\/wp-content\/uploads\/Hydropower-pipeline-Vangpollen-penstock.jpg","width":552,"height":312,"caption":"GRP penstock for hydropower pipe project Vangpollen"},{"@type":"WebSite","@id":"https:\/\/www.amiblu.com\/es\/#website","url":"https:\/\/www.amiblu.com\/es\/","name":"Amiblu","description":"GFK-Rohrsysteme f\u00fcr Generationen","publisher":{"@id":"https:\/\/www.amiblu.com\/es\/#organization"},"potentialAction":[{"@type":"SearchAction","target":{"@type":"EntryPoint","urlTemplate":"https:\/\/www.amiblu.com\/es\/?s={search_term_string}"},"query-input":{"@type":"PropertyValueSpecification","valueRequired":true,"valueName":"search_term_string"}}],"inLanguage":"es"},{"@type":"Organization","@id":"https:\/\/www.amiblu.com\/es\/#organization","name":"Amiblu Group","url":"https:\/\/www.amiblu.com\/es\/","logo":{"@type":"ImageObject","inLanguage":"es","@id":"https:\/\/www.amiblu.com\/es\/#\/schema\/logo\/image\/","url":"https:\/\/www.amiblu.com\/wp-content\/uploads\/2021\/01\/Amiblu-logo-website-1.png","contentUrl":"https:\/\/www.amiblu.com\/wp-content\/uploads\/2021\/01\/Amiblu-logo-website-1.png","width":201,"height":38,"caption":"Amiblu Group"},"image":{"@id":"https:\/\/www.amiblu.com\/es\/#\/schema\/logo\/image\/"},"sameAs":["https:\/\/www.facebook.com\/amiblupipes","https:\/\/www.youtube.com\/c\/Amiblu","https:\/\/de.wikipedia.org\/wiki\/Amiblu","https:\/\/www.linkedin.com\/company\/amiblupipes\/"]}]}},"_links":{"self":[{"href":"https:\/\/www.amiblu.com\/es\/wp-json\/wp\/v2\/pages\/39727","targetHints":{"allow":["GET"]}}],"collection":[{"href":"https:\/\/www.amiblu.com\/es\/wp-json\/wp\/v2\/pages"}],"about":[{"href":"https:\/\/www.amiblu.com\/es\/wp-json\/wp\/v2\/types\/page"}],"author":[{"embeddable":true,"href":"https:\/\/www.amiblu.com\/es\/wp-json\/wp\/v2\/users\/8"}],"replies":[{"embeddable":true,"href":"https:\/\/www.amiblu.com\/es\/wp-json\/wp\/v2\/comments?post=39727"}],"version-history":[{"count":21,"href":"https:\/\/www.amiblu.com\/es\/wp-json\/wp\/v2\/pages\/39727\/revisions"}],"predecessor-version":[{"id":76509,"href":"https:\/\/www.amiblu.com\/es\/wp-json\/wp\/v2\/pages\/39727\/revisions\/76509"}],"wp:featuredmedia":[{"embeddable":true,"href":"https:\/\/www.amiblu.com\/es\/wp-json\/wp\/v2\/media\/47357"}],"wp:attachment":[{"href":"https:\/\/www.amiblu.com\/es\/wp-json\/wp\/v2\/media?parent=39727"}],"curies":[{"name":"wp","href":"https:\/\/api.w.org\/{rel}","templated":true}]}}