{"id":39746,"date":"2021-07-30T11:24:49","date_gmt":"2021-07-30T09:24:49","guid":{"rendered":"https:\/\/www.amiblu.com\/?page_id=39746"},"modified":"2022-07-19T12:53:33","modified_gmt":"2022-07-19T10:53:33","slug":"tuberias-especiales","status":"publish","type":"page","link":"https:\/\/www.amiblu.com\/es\/tuberias-especiales\/","title":{"rendered":"Tuber\u00edas especiales"},"content":{"rendered":"\n<style type=\"text\/css\" data-created_by=\"avia_inline_auto\" id=\"style-css-av-5xi2ds2-2163de48f1f435ac48ca7a2f71c1229f\">\n.avia-section.av-5xi2ds2-2163de48f1f435ac48ca7a2f71c1229f .av-parallax .av-parallax-inner{\nbackground-repeat:no-repeat;\nbackground-image:url(https:\/\/www.amiblu.com\/wp-content\/uploads\/Hobas-PU-Line-pipes-on-site-for-Roztoki-Bystrzyckie-Reservoir.jpg);\nbackground-position:50% 50%;\nbackground-attachment:scroll;\n}\n.avia-section.av-5xi2ds2-2163de48f1f435ac48ca7a2f71c1229f .av-section-color-overlay{\nopacity:0.5;\nbackground-color:#0a0a0a;\n}\n<\/style>\n<div id='av_section_1'  class='avia-section av-5xi2ds2-2163de48f1f435ac48ca7a2f71c1229f main_color avia-section-default avia-no-border-styling  avia-builder-el-0  el_before_av_section  avia-builder-el-first  amiblu-content amiblu-page-hero av-parallax-section avia-bg-style-parallax av-section-color-overlay-active container_wrap fullsize'  data-section-bg-repeat='no-repeat'><div class='av-parallax' data-avia-parallax-ratio='0.3' ><div class='av-parallax-inner main_color avia-full-stretch'><\/div><\/div><div class=\"av-section-color-overlay-wrap\"><div class=\"av-section-color-overlay\"><\/div><div class='container av-section-cont-open' ><main  role=\"main\" itemprop=\"mainContentOfPage\"  class='template-page content  av-content-full alpha units'><div class='post-entry post-entry-type-page post-entry-39746'><div class='entry-content-wrapper clearfix'>\n\n<style type=\"text\/css\" data-created_by=\"avia_inline_auto\" id=\"style-css-av-5h0rxgi-ba5395929e47e6d4ed02e56c36cf9578\">\n.flex_column.av-5h0rxgi-ba5395929e47e6d4ed02e56c36cf9578{\nborder-radius:0px 0px 0px 0px;\npadding:0 0 0 0;\n}\n<\/style>\n<div  class='flex_column av-5h0rxgi-ba5395929e47e6d4ed02e56c36cf9578 av_three_fourth  avia-builder-el-1  avia-builder-el-no-sibling  white-content first flex_column_div av-zero-column-padding  '     ><section  class='av_textblock_section av-l2yho8f1-717c4071852ddd35647a75303fa7ef35 '   itemscope=\"itemscope\" itemtype=\"https:\/\/schema.org\/CreativeWork\" ><div class='avia_textblock'  itemprop=\"text\" ><h1>Corrosi\u00f3n, deterioro, abrasi\u00f3n, impactos: Las tuber\u00edas de PRFV de Amiblu, \u00fatiles incluso en las aplicaciones m\u00e1s complejas<\/h1>\n<\/div><\/section><br \/>\n\n<style type=\"text\/css\" data-created_by=\"avia_inline_auto\" id=\"style-css-av-l2yib6qp-3483925b40b094a648ee0df1aa84e1fc\">\n#top .av_textblock_section.av-l2yib6qp-3483925b40b094a648ee0df1aa84e1fc .avia_textblock{\nfont-size:20px;\n}\n<\/style>\n<section  class='av_textblock_section av-l2yib6qp-3483925b40b094a648ee0df1aa84e1fc '   itemscope=\"itemscope\" itemtype=\"https:\/\/schema.org\/CreativeWork\" ><div class='avia_textblock sub-heading'  itemprop=\"text\" ><p>Nuestro compromiso: una soluci\u00f3n de alta durabilidad para proyectos fuera de lo com\u00fan.<\/p>\n<\/div><\/section><\/p><\/div>\n\n<\/div><\/div><\/main><!-- close content main element --><\/div><\/div><\/div><div id='av_section_2'  class='avia-section av-4xuftj6-2493132a1721a999f4f69167c23f5955 main_color avia-section-default avia-no-border-styling  avia-builder-el-4  el_after_av_section  el_before_av_section  amiblu-bw-pr amiblu-jk-pp avia-bg-style-scroll container_wrap fullsize'  ><div class='container av-section-cont-open' ><div class='template-page content  av-content-full alpha units'><div class='post-entry post-entry-type-page post-entry-39746'><div class='entry-content-wrapper clearfix'>\n\n<style type=\"text\/css\" data-created_by=\"avia_inline_auto\" id=\"style-css-av-4ebnr2a-2b19c4abac20f76df3b44fa69a8b2b67\">\n.flex_column.av-4ebnr2a-2b19c4abac20f76df3b44fa69a8b2b67{\nborder-radius:0px 0px 0px 0px;\npadding:0px 0px 0px 0px;\n}\n<\/style>\n<div  class='flex_column av-4ebnr2a-2b19c4abac20f76df3b44fa69a8b2b67 av_two_third  avia-builder-el-5  avia-builder-el-no-sibling  first flex_column_div av-zero-column-padding  '     ><p>\n<style type=\"text\/css\" data-created_by=\"avia_inline_auto\" id=\"style-css-av-l5s250nc-22795111a28cf91e124d9d3f266dd49c\">\n#top .av-special-heading.av-l5s250nc-22795111a28cf91e124d9d3f266dd49c{\npadding-bottom:10px;\n}\nbody .av-special-heading.av-l5s250nc-22795111a28cf91e124d9d3f266dd49c .av-special-heading-tag .heading-char{\nfont-size:25px;\n}\n.av-special-heading.av-l5s250nc-22795111a28cf91e124d9d3f266dd49c .av-subheading{\nfont-size:15px;\n}\n<\/style>\n<div  class='av-special-heading av-l5s250nc-22795111a28cf91e124d9d3f266dd49c av-special-heading-h5 blockquote modern-quote  avia-builder-el-6  el_before_av_textblock  avia-builder-el-first  h1'><h5 class='av-special-heading-tag '  itemprop=\"headline\"  >Tuber\u00edas especiales<\/h5><div class=\"special-heading-border\"><div class=\"special-heading-inner-border\"><\/div><\/div><\/div><br \/>\n\n<style type=\"text\/css\" data-created_by=\"avia_inline_auto\" id=\"style-css-av-l2yie6ox-0c7a2b02b5644ea1adbb09c3cfaf63a9\">\n#top .av_textblock_section.av-l2yie6ox-0c7a2b02b5644ea1adbb09c3cfaf63a9 .avia_textblock{\nfont-size:20px;\n}\n\n@media only screen and (min-width: 480px) and (max-width: 767px){ \n#top .av_textblock_section.av-l2yie6ox-0c7a2b02b5644ea1adbb09c3cfaf63a9 .avia_textblock{\nfont-size:18px;\n}\n}\n\n@media only screen and (max-width: 479px){ \n#top .av_textblock_section.av-l2yie6ox-0c7a2b02b5644ea1adbb09c3cfaf63a9 .avia_textblock{\nfont-size:16px;\n}\n}\n<\/style>\n<section  class='av_textblock_section av-l2yie6ox-0c7a2b02b5644ea1adbb09c3cfaf63a9 '   itemscope=\"itemscope\" itemtype=\"https:\/\/schema.org\/CreativeWork\" ><div class='avia_textblock'  itemprop=\"text\" ><p>Cuando los materiales agresivos fluyen a trav\u00e9s de las tuber\u00edas, su efecto en la superficie interior puede ser muy da\u00f1ina. Dependiendo del medio, las tuber\u00edas necesitar\u00e1n ser reparadas o reemplazadas con bastante frecuencia, lo que conlleva grandes gastos tanto en tiempo como en coste. Pero no debe ser as\u00ed: En Amiblu hemos desarrollado <strong>tuber\u00edas de PRFV para las situaciones m\u00e1s duras<\/strong>.<\/p>\n<p>Nuestras <strong>tuber\u00edas de PRFV altamente resistentes al deterioro y a grandes impactos<\/strong> est\u00e1n dotadas de una <strong>capa interna protectora extremadamente duradera<\/strong> y se pueden <strong>personalizar<\/strong> en cada proyecto, de forma individual. Su <strong>durabilidad<\/strong> es impresionante en cuanto a impactos y abrasi\u00f3n y muestra un <strong>rendimiento \u00fanico en los tests de corrosi\u00f3n y desv\u00edo de tensiones<\/strong>.<\/p>\n<\/div><\/section><br \/>\n<div  class='avia-button-wrap av-l2yiedu8-f68650f2d760f1c390289cd9964592ae-wrap avia-button-left  avia-builder-el-8  el_after_av_textblock  avia-builder-el-last  amiblu-outline-button'><a href='https:\/\/www.amiblu.com\/references\/'  class='avia-button av-l2yiedu8-f68650f2d760f1c390289cd9964592ae av-link-btn avia-icon_select-yes-right-icon avia-size-small avia-position-left av-desktop-hide av-medium-hide av-small-hide av-mini-hide avia-color-theme-color'   aria-label=\"Discover products by application\"><span class='avia_iconbox_title' >Discover products by application<\/span><span class='avia_button_icon avia_button_icon_right avia-iconfont avia-font-amiblu-icons' data-av_icon='\ue800' data-av_iconfont='amiblu-icons' ><\/span><\/a><\/div><\/p><\/div><\/div><\/div><\/div><!-- close content main div --><\/div><\/div>\n<style type=\"text\/css\" data-created_by=\"avia_inline_auto\" id=\"style-css-av-449shky-0a3250e63a4ec48a5008790d5b267ded\">\n.avia-section.av-449shky-0a3250e63a4ec48a5008790d5b267ded{\nbackground-color:#f2f4f8;\nbackground-image:unset;\n}\n<\/style>\n<div id='av_section_3'  class='avia-section av-449shky-0a3250e63a4ec48a5008790d5b267ded main_color avia-section-default avia-no-border-styling  avia-builder-el-9  el_after_av_section  el_before_av_section  home-info amiblu-jk-inf avia-bg-style-scroll container_wrap fullsize'  ><div class='container av-section-cont-open' ><div class='template-page content  av-content-full alpha units'><div class='post-entry post-entry-type-page post-entry-39746'><div class='entry-content-wrapper clearfix'>\n\n<style type=\"text\/css\" data-created_by=\"avia_inline_auto\" id=\"style-css-av-3f6b736-9aea93136402ddef5668bfd31a57c0a1\">\n.flex_column.av-3f6b736-9aea93136402ddef5668bfd31a57c0a1{\nborder-radius:0px 0px 0px 0px;\npadding:0px 0px 0px 0px;\n}\n<\/style>\n<div  class='flex_column av-3f6b736-9aea93136402ddef5668bfd31a57c0a1 av_one_half  avia-builder-el-10  el_before_av_one_half  avia-builder-el-first  home-info-img first flex_column_div av-zero-column-padding  '     ><style type=\"text\/css\" data-created_by=\"avia_inline_auto\" id=\"style-css-av-2z0mp2a-260fabea949d07ef69f50b0b874d5393\">\n.avia-image-container.av-2z0mp2a-260fabea949d07ef69f50b0b874d5393 img.avia_image{\nbox-shadow:none;\n}\n.avia-image-container.av-2z0mp2a-260fabea949d07ef69f50b0b874d5393 .av-image-caption-overlay-center{\ncolor:#ffffff;\n}\n<\/style>\n<div  class='avia-image-container av-2z0mp2a-260fabea949d07ef69f50b0b874d5393 av-styling- avia-align-right  avia-builder-el-11  avia-builder-el-no-sibling '   itemprop=\"image\" itemscope=\"itemscope\" itemtype=\"https:\/\/schema.org\/ImageObject\" ><div class=\"avia-image-container-inner\"><div class=\"avia-image-overlay-wrap\"><img fetchpriority=\"high\" decoding=\"async\" fetchpriority=\"high\" fetchpriority=\"high\" class='wp-image-48070 avia-img-lazy-loading-not-48070 avia_image ' src=\"https:\/\/www.amiblu.com\/wp-content\/uploads\/Flowtite-Orange-pipes-on-forklift.jpg\" alt='Flowtite Orange pipes on forklift for stream culvert project in Eschenbach, Switzerland' title='Flowtite-Orange-pipes-on-forklift'  height=\"543\" width=\"960\"  itemprop=\"thumbnailUrl\" srcset=\"https:\/\/www.amiblu.com\/wp-content\/uploads\/Flowtite-Orange-pipes-on-forklift.jpg 960w, https:\/\/www.amiblu.com\/wp-content\/uploads\/Flowtite-Orange-pipes-on-forklift-300x170.jpg 300w, https:\/\/www.amiblu.com\/wp-content\/uploads\/Flowtite-Orange-pipes-on-forklift-768x434.jpg 768w, https:\/\/www.amiblu.com\/wp-content\/uploads\/Flowtite-Orange-pipes-on-forklift-705x399.jpg 705w\" sizes=\"(max-width: 960px) 100vw, 960px\" \/><\/div><\/div><\/div><\/div>\n<style type=\"text\/css\" data-created_by=\"avia_inline_auto\" id=\"style-css-av-2ky0yf6-bdc757c47dcc69a2c10630860fc35ff8\">\n.flex_column.av-2ky0yf6-bdc757c47dcc69a2c10630860fc35ff8{\nborder-radius:11px 11px 11px 11px;\npadding:0px 0px 0px 0px;\n}\n<\/style>\n<div  class='flex_column av-2ky0yf6-bdc757c47dcc69a2c10630860fc35ff8 av_one_half  avia-builder-el-12  el_after_av_one_half  avia-builder-el-last  home-info-text white-content flex_column_div av-zero-column-padding  '     ><section  class='av_textblock_section av-l2yif1bo-f0244bc306f2524c3df69a23d28bbfe7 '   itemscope=\"itemscope\" itemtype=\"https:\/\/schema.org\/CreativeWork\" ><div class='avia_textblock'  itemprop=\"text\" ><p><strong>Otros beneficios incluyen:<\/strong><\/p>\n<ul>\n<li><strong>superficie interna extremadamente lisa<\/strong>, lo cual evita que haya sedimentos y logra unas propiedades de flujo \u00f3ptimas<\/li>\n<li><strong>resistencia extraordinaria a la corrosi\u00f3n<\/strong>, incluso al deterioro dom\u00e9stico y agresivo<\/li>\n<li>gran<strong>\u00a0resistencia a la abrasi\u00f3n<\/strong>\u00a0para transportar con seguridad incluso en medios muy agresivos<\/li>\n<li><strong>resistencia a grandes impactos<\/strong>\u00a0incluso en las condiciones de operabilidad m\u00e1s duras<\/li>\n<li><strong>capa interna protectora muy flexible<\/strong>\u00a0que supera de forma impresionante los ensayos de resistencia a flexi\u00f3n y de corrosi\u00f3n<\/li>\n<li><strong>vida \u00fatil<\/strong>\u00a0incomparable<\/li>\n<\/ul>\n<\/div><\/section><\/div>\n<\/p>\n<\/div><\/div><\/div><!-- close content main div --><\/div><\/div>\n<style type=\"text\/css\" data-created_by=\"avia_inline_auto\" id=\"style-css-av-23tr65e-96cd7513c1264ef40825012af0448375\">\n.avia-section.av-23tr65e-96cd7513c1264ef40825012af0448375{\nbackground-color:#f2f4f8;\nbackground-image:unset;\n}\n<\/style>\n<div id='av_section_4'  class='avia-section av-23tr65e-96cd7513c1264ef40825012af0448375 main_color avia-section-default avia-no-border-styling  avia-builder-el-14  el_after_av_section  avia-builder-el-last  home-info info-reversed amiblu-jk-inf-2 avia-bg-style-scroll container_wrap fullsize'  ><div class='container av-section-cont-open' ><div class='template-page content  av-content-full alpha units'><div class='post-entry post-entry-type-page post-entry-39746'><div class='entry-content-wrapper clearfix'>\n\n<style type=\"text\/css\" data-created_by=\"avia_inline_auto\" id=\"style-css-av-1iokh8i-8ac9a2637598b9163373df5b13438277\">\n.flex_column.av-1iokh8i-8ac9a2637598b9163373df5b13438277{\nborder-radius:11px 11px 11px 11px;\npadding:0px 0px 0px 0px;\n}\n<\/style>\n<div  class='flex_column av-1iokh8i-8ac9a2637598b9163373df5b13438277 av_one_half  avia-builder-el-15  el_before_av_one_half  avia-builder-el-first  home-info-text white-content first flex_column_div av-zero-column-padding  '     ><section  class='av_textblock_section av-l2yifti3-239e34a46a19c2c6c682fb23ea598ad2 '   itemscope=\"itemscope\" itemtype=\"https:\/\/schema.org\/CreativeWork\" ><div class='avia_textblock'  itemprop=\"text\" ><p><strong>Nuestras tuber\u00edas son, por lo tanto, adecuadas para una gran gama de aplicaciones complejas:<\/strong><\/p>\n<ul>\n<li><strong>colectores de sanemiento principales<\/strong>\u00a0(excelente resistencia a la abrasi\u00f3n y corrosi\u00f3n)<\/li>\n<li><strong>conducciones de sanemiento de retenci\u00f3n<\/strong>\u00a0(efecto de autolimpieza)<\/li>\n<li><strong>canales de drenaje<\/strong>\u00a0con grandes pendientes y materiales abrasivos que retienen el flujo<\/li>\n<li><strong>alcantarillas<\/strong>\u00a0(resistencia al impacto de piedras, material abrasivo durante fuertes corrientes)<\/li>\n<li><strong>tuber\u00edas de presi\u00f3n eficientes<\/strong>\u00a0(superficie interior extremadamente lisa con una larga vida \u00fatil)<\/li>\n<li><strong>aplicaciones industriales<\/strong>\u00a0(transporte de materiales agresivos como aguas con lodo en la industria minera)<\/li>\n<li><strong>compuertas<\/strong>\u00a0(resistente a materiales especialmente abrasivos y erosivos)<\/li>\n<\/ul>\n<\/div><\/section><\/div>\n<style type=\"text\/css\" data-created_by=\"avia_inline_auto\" id=\"style-css-av-yqufhe-90aad87096c0fa01a9bbdf6883d3c4de\">\n.flex_column.av-yqufhe-90aad87096c0fa01a9bbdf6883d3c4de{\nborder-radius:0px 0px 0px 0px;\npadding:0px 0px 0px 0px;\n}\n<\/style>\n<div  class='flex_column av-yqufhe-90aad87096c0fa01a9bbdf6883d3c4de av_one_half  avia-builder-el-17  el_after_av_one_half  avia-builder-el-last  home-info-img flex_column_div av-zero-column-padding  '     ><style type=\"text\/css\" data-created_by=\"avia_inline_auto\" id=\"style-css-av-tm5rmq-10c96062e170838609fb166d5d3d56dc\">\n.avia-image-container.av-tm5rmq-10c96062e170838609fb166d5d3d56dc img.avia_image{\nbox-shadow:none;\n}\n.avia-image-container.av-tm5rmq-10c96062e170838609fb166d5d3d56dc .av-image-caption-overlay-center{\ncolor:#ffffff;\n}\n<\/style>\n<div  class='avia-image-container av-tm5rmq-10c96062e170838609fb166d5d3d56dc av-styling- avia-align-left  avia-builder-el-18  avia-builder-el-no-sibling '   itemprop=\"image\" itemscope=\"itemscope\" itemtype=\"https:\/\/schema.org\/ImageObject\" ><div class=\"avia-image-container-inner\"><div class=\"avia-image-overlay-wrap\"><img fetchpriority=\"high\" decoding=\"async\" fetchpriority=\"high\" fetchpriority=\"high\" class='wp-image-48071 avia-img-lazy-loading-not-48071 avia_image ' src=\"https:\/\/www.amiblu.com\/wp-content\/uploads\/Hobas-PU-Line-pipes-Roztoki-Bystrzyckie-Reservoir.jpg\" alt='Hobas PU Line pipes for Roztoki Bystrzyckie Reservoir, Poland' title='Hobas-PU-Line-pipes-Roztoki-Bystrzyckie-Reservoir'  height=\"543\" width=\"960\"  itemprop=\"thumbnailUrl\" srcset=\"https:\/\/www.amiblu.com\/wp-content\/uploads\/Hobas-PU-Line-pipes-Roztoki-Bystrzyckie-Reservoir.jpg 960w, https:\/\/www.amiblu.com\/wp-content\/uploads\/Hobas-PU-Line-pipes-Roztoki-Bystrzyckie-Reservoir-300x170.jpg 300w, https:\/\/www.amiblu.com\/wp-content\/uploads\/Hobas-PU-Line-pipes-Roztoki-Bystrzyckie-Reservoir-768x434.jpg 768w, https:\/\/www.amiblu.com\/wp-content\/uploads\/Hobas-PU-Line-pipes-Roztoki-Bystrzyckie-Reservoir-705x399.jpg 705w\" sizes=\"(max-width: 960px) 100vw, 960px\" \/><\/div><\/div><\/div><\/div>\n\n","protected":false},"excerpt":{"rendered":"","protected":false},"author":8,"featured_media":47364,"parent":0,"menu_order":50,"comment_status":"closed","ping_status":"closed","template":"","meta":{"_acf_changed":false,"footnotes":""},"class_list":["post-39746","page","type-page","status-publish","has-post-thumbnail","hentry"],"acf":[],"yoast_head":"<!-- This site is optimized with the Yoast SEO Premium plugin v27.5 (Yoast SEO v27.5) - https:\/\/yoast.com\/product\/yoast-seo-premium-wordpress\/ -->\n<title>Tuber\u00edas especiales de PRFV de Amiblu<\/title>\n<meta name=\"description\" content=\"Corrosi\u00f3n, deterioro, abrasi\u00f3n, impactos: Las tuber\u00edas de PRFV de Amiblu, \u00fatiles incluso en las aplicaciones m\u00e1s complejas.\" \/>\n<meta name=\"robots\" content=\"index, follow, max-snippet:-1, max-image-preview:large, max-video-preview:-1\" \/>\n<link rel=\"canonical\" href=\"https:\/\/www.amiblu.com\/es\/tuberias-especiales\/\" \/>\n<meta property=\"og:locale\" content=\"es_ES\" \/>\n<meta property=\"og:type\" content=\"article\" \/>\n<meta property=\"og:title\" content=\"Tuber\u00edas especiales\" \/>\n<meta property=\"og:description\" content=\"Corrosi\u00f3n, deterioro, abrasi\u00f3n, impactos: Las tuber\u00edas de PRFV de Amiblu, \u00fatiles incluso en las aplicaciones m\u00e1s complejas.\" \/>\n<meta property=\"og:url\" content=\"https:\/\/www.amiblu.com\/es\/tuberias-especiales\/\" \/>\n<meta property=\"og:site_name\" content=\"Amiblu\" \/>\n<meta property=\"article:publisher\" content=\"https:\/\/www.facebook.com\/amiblupipes\" \/>\n<meta property=\"article:modified_time\" content=\"2022-07-19T10:53:33+00:00\" \/>\n<meta property=\"og:image\" content=\"https:\/\/www.amiblu.com\/wp-content\/uploads\/Hobas-PU-line-special-pipes-Schoenbuehel.jpg\" \/>\n\t<meta property=\"og:image:width\" content=\"552\" \/>\n\t<meta property=\"og:image:height\" content=\"312\" \/>\n\t<meta property=\"og:image:type\" content=\"image\/jpeg\" \/>\n<meta name=\"twitter:card\" content=\"summary_large_image\" \/>\n<meta name=\"twitter:label1\" content=\"Tiempo de lectura\" \/>\n\t<meta name=\"twitter:data1\" content=\"5 minutos\" \/>\n<script type=\"application\/ld+json\" class=\"yoast-schema-graph\">{\"@context\":\"https:\\\/\\\/schema.org\",\"@graph\":[{\"@type\":\"WebPage\",\"@id\":\"https:\\\/\\\/www.amiblu.com\\\/es\\\/tuberias-especiales\\\/\",\"url\":\"https:\\\/\\\/www.amiblu.com\\\/es\\\/tuberias-especiales\\\/\",\"name\":\"Tuber\u00edas especiales de PRFV de Amiblu\",\"isPartOf\":{\"@id\":\"https:\\\/\\\/www.amiblu.com\\\/es\\\/#website\"},\"primaryImageOfPage\":{\"@id\":\"https:\\\/\\\/www.amiblu.com\\\/es\\\/tuberias-especiales\\\/#primaryimage\"},\"image\":{\"@id\":\"https:\\\/\\\/www.amiblu.com\\\/es\\\/tuberias-especiales\\\/#primaryimage\"},\"thumbnailUrl\":\"https:\\\/\\\/www.amiblu.com\\\/wp-content\\\/uploads\\\/Hobas-PU-line-special-pipes-Schoenbuehel.jpg\",\"datePublished\":\"2021-07-30T09:24:49+00:00\",\"dateModified\":\"2022-07-19T10:53:33+00:00\",\"description\":\"Corrosi\u00f3n, deterioro, abrasi\u00f3n, impactos: Las tuber\u00edas de PRFV de Amiblu, \u00fatiles incluso en las aplicaciones m\u00e1s complejas.\",\"inLanguage\":\"es\",\"potentialAction\":[{\"@type\":\"ReadAction\",\"target\":[\"https:\\\/\\\/www.amiblu.com\\\/es\\\/tuberias-especiales\\\/\"]}]},{\"@type\":\"ImageObject\",\"inLanguage\":\"es\",\"@id\":\"https:\\\/\\\/www.amiblu.com\\\/es\\\/tuberias-especiales\\\/#primaryimage\",\"url\":\"https:\\\/\\\/www.amiblu.com\\\/wp-content\\\/uploads\\\/Hobas-PU-line-special-pipes-Schoenbuehel.jpg\",\"contentUrl\":\"https:\\\/\\\/www.amiblu.com\\\/wp-content\\\/uploads\\\/Hobas-PU-line-special-pipes-Schoenbuehel.jpg\",\"width\":552,\"height\":312,\"caption\":\"PU Line\"},{\"@type\":\"WebSite\",\"@id\":\"https:\\\/\\\/www.amiblu.com\\\/es\\\/#website\",\"url\":\"https:\\\/\\\/www.amiblu.com\\\/es\\\/\",\"name\":\"Amiblu\",\"description\":\"GFK-Rohrsysteme f\u00fcr Generationen\",\"publisher\":{\"@id\":\"https:\\\/\\\/www.amiblu.com\\\/es\\\/#organization\"},\"potentialAction\":[{\"@type\":\"SearchAction\",\"target\":{\"@type\":\"EntryPoint\",\"urlTemplate\":\"https:\\\/\\\/www.amiblu.com\\\/es\\\/?s={search_term_string}\"},\"query-input\":{\"@type\":\"PropertyValueSpecification\",\"valueRequired\":true,\"valueName\":\"search_term_string\"}}],\"inLanguage\":\"es\"},{\"@type\":\"Organization\",\"@id\":\"https:\\\/\\\/www.amiblu.com\\\/es\\\/#organization\",\"name\":\"Amiblu Group\",\"url\":\"https:\\\/\\\/www.amiblu.com\\\/es\\\/\",\"logo\":{\"@type\":\"ImageObject\",\"inLanguage\":\"es\",\"@id\":\"https:\\\/\\\/www.amiblu.com\\\/es\\\/#\\\/schema\\\/logo\\\/image\\\/\",\"url\":\"https:\\\/\\\/www.amiblu.com\\\/wp-content\\\/uploads\\\/2021\\\/01\\\/Amiblu-logo-website-1.png\",\"contentUrl\":\"https:\\\/\\\/www.amiblu.com\\\/wp-content\\\/uploads\\\/2021\\\/01\\\/Amiblu-logo-website-1.png\",\"width\":201,\"height\":38,\"caption\":\"Amiblu Group\"},\"image\":{\"@id\":\"https:\\\/\\\/www.amiblu.com\\\/es\\\/#\\\/schema\\\/logo\\\/image\\\/\"},\"sameAs\":[\"https:\\\/\\\/www.facebook.com\\\/amiblupipes\",\"https:\\\/\\\/www.youtube.com\\\/c\\\/Amiblu\",\"https:\\\/\\\/de.wikipedia.org\\\/wiki\\\/Amiblu\",\"https:\\\/\\\/www.linkedin.com\\\/company\\\/amiblupipes\\\/\"]}]}<\/script>\n<!-- \/ Yoast SEO Premium plugin. -->","yoast_head_json":{"title":"Tuber\u00edas especiales de PRFV de Amiblu","description":"Corrosi\u00f3n, deterioro, abrasi\u00f3n, impactos: Las tuber\u00edas de PRFV de Amiblu, \u00fatiles incluso en las aplicaciones m\u00e1s complejas.","robots":{"index":"index","follow":"follow","max-snippet":"max-snippet:-1","max-image-preview":"max-image-preview:large","max-video-preview":"max-video-preview:-1"},"canonical":"https:\/\/www.amiblu.com\/es\/tuberias-especiales\/","og_locale":"es_ES","og_type":"article","og_title":"Tuber\u00edas especiales","og_description":"Corrosi\u00f3n, deterioro, abrasi\u00f3n, impactos: Las tuber\u00edas de PRFV de Amiblu, \u00fatiles incluso en las aplicaciones m\u00e1s complejas.","og_url":"https:\/\/www.amiblu.com\/es\/tuberias-especiales\/","og_site_name":"Amiblu","article_publisher":"https:\/\/www.facebook.com\/amiblupipes","article_modified_time":"2022-07-19T10:53:33+00:00","og_image":[{"width":552,"height":312,"url":"https:\/\/www.amiblu.com\/wp-content\/uploads\/Hobas-PU-line-special-pipes-Schoenbuehel.jpg","type":"image\/jpeg"}],"twitter_card":"summary_large_image","twitter_misc":{"Tiempo de lectura":"5 minutos"},"schema":{"@context":"https:\/\/schema.org","@graph":[{"@type":"WebPage","@id":"https:\/\/www.amiblu.com\/es\/tuberias-especiales\/","url":"https:\/\/www.amiblu.com\/es\/tuberias-especiales\/","name":"Tuber\u00edas especiales de PRFV de Amiblu","isPartOf":{"@id":"https:\/\/www.amiblu.com\/es\/#website"},"primaryImageOfPage":{"@id":"https:\/\/www.amiblu.com\/es\/tuberias-especiales\/#primaryimage"},"image":{"@id":"https:\/\/www.amiblu.com\/es\/tuberias-especiales\/#primaryimage"},"thumbnailUrl":"https:\/\/www.amiblu.com\/wp-content\/uploads\/Hobas-PU-line-special-pipes-Schoenbuehel.jpg","datePublished":"2021-07-30T09:24:49+00:00","dateModified":"2022-07-19T10:53:33+00:00","description":"Corrosi\u00f3n, deterioro, abrasi\u00f3n, impactos: Las tuber\u00edas de PRFV de Amiblu, \u00fatiles incluso en las aplicaciones m\u00e1s complejas.","inLanguage":"es","potentialAction":[{"@type":"ReadAction","target":["https:\/\/www.amiblu.com\/es\/tuberias-especiales\/"]}]},{"@type":"ImageObject","inLanguage":"es","@id":"https:\/\/www.amiblu.com\/es\/tuberias-especiales\/#primaryimage","url":"https:\/\/www.amiblu.com\/wp-content\/uploads\/Hobas-PU-line-special-pipes-Schoenbuehel.jpg","contentUrl":"https:\/\/www.amiblu.com\/wp-content\/uploads\/Hobas-PU-line-special-pipes-Schoenbuehel.jpg","width":552,"height":312,"caption":"PU Line"},{"@type":"WebSite","@id":"https:\/\/www.amiblu.com\/es\/#website","url":"https:\/\/www.amiblu.com\/es\/","name":"Amiblu","description":"GFK-Rohrsysteme f\u00fcr Generationen","publisher":{"@id":"https:\/\/www.amiblu.com\/es\/#organization"},"potentialAction":[{"@type":"SearchAction","target":{"@type":"EntryPoint","urlTemplate":"https:\/\/www.amiblu.com\/es\/?s={search_term_string}"},"query-input":{"@type":"PropertyValueSpecification","valueRequired":true,"valueName":"search_term_string"}}],"inLanguage":"es"},{"@type":"Organization","@id":"https:\/\/www.amiblu.com\/es\/#organization","name":"Amiblu Group","url":"https:\/\/www.amiblu.com\/es\/","logo":{"@type":"ImageObject","inLanguage":"es","@id":"https:\/\/www.amiblu.com\/es\/#\/schema\/logo\/image\/","url":"https:\/\/www.amiblu.com\/wp-content\/uploads\/2021\/01\/Amiblu-logo-website-1.png","contentUrl":"https:\/\/www.amiblu.com\/wp-content\/uploads\/2021\/01\/Amiblu-logo-website-1.png","width":201,"height":38,"caption":"Amiblu Group"},"image":{"@id":"https:\/\/www.amiblu.com\/es\/#\/schema\/logo\/image\/"},"sameAs":["https:\/\/www.facebook.com\/amiblupipes","https:\/\/www.youtube.com\/c\/Amiblu","https:\/\/de.wikipedia.org\/wiki\/Amiblu","https:\/\/www.linkedin.com\/company\/amiblupipes\/"]}]}},"_links":{"self":[{"href":"https:\/\/www.amiblu.com\/es\/wp-json\/wp\/v2\/pages\/39746","targetHints":{"allow":["GET"]}}],"collection":[{"href":"https:\/\/www.amiblu.com\/es\/wp-json\/wp\/v2\/pages"}],"about":[{"href":"https:\/\/www.amiblu.com\/es\/wp-json\/wp\/v2\/types\/page"}],"author":[{"embeddable":true,"href":"https:\/\/www.amiblu.com\/es\/wp-json\/wp\/v2\/users\/8"}],"replies":[{"embeddable":true,"href":"https:\/\/www.amiblu.com\/es\/wp-json\/wp\/v2\/comments?post=39746"}],"version-history":[{"count":12,"href":"https:\/\/www.amiblu.com\/es\/wp-json\/wp\/v2\/pages\/39746\/revisions"}],"predecessor-version":[{"id":51409,"href":"https:\/\/www.amiblu.com\/es\/wp-json\/wp\/v2\/pages\/39746\/revisions\/51409"}],"wp:featuredmedia":[{"embeddable":true,"href":"https:\/\/www.amiblu.com\/es\/wp-json\/wp\/v2\/media\/47364"}],"wp:attachment":[{"href":"https:\/\/www.amiblu.com\/es\/wp-json\/wp\/v2\/media?parent=39746"}],"curies":[{"name":"wp","href":"https:\/\/api.w.org\/{rel}","templated":true}]}}