{"id":39751,"date":"2021-07-30T11:26:47","date_gmt":"2021-07-30T09:26:47","guid":{"rendered":"https:\/\/www.amiblu.com\/?page_id=39751"},"modified":"2026-01-14T12:03:49","modified_gmt":"2026-01-14T11:03:49","slug":"riego","status":"publish","type":"page","link":"https:\/\/www.amiblu.com\/es\/riego\/","title":{"rendered":"Riego"},"content":{"rendered":"<\/p>\n\n<style type=\"text\/css\" data-created_by=\"avia_inline_auto\" id=\"style-css-av-42cb7af-22aee123e2c29eb9f27c296ae41311fc\">\n.avia-section.av-42cb7af-22aee123e2c29eb9f27c296ae41311fc .av-parallax .av-parallax-inner{\nbackground-repeat:no-repeat;\nbackground-image:url(https:\/\/www.amiblu.com\/wp-content\/uploads\/Flowtite-GRP-irrigation-pipe-Salamanca.jpg);\nbackground-position:50% 50%;\nbackground-attachment:scroll;\n}\n.avia-section.av-42cb7af-22aee123e2c29eb9f27c296ae41311fc .av-section-color-overlay{\nopacity:0.5;\nbackground-color:#0a0a0a;\n}\n<\/style>\n<div id='av_section_1'  class='avia-section av-42cb7af-22aee123e2c29eb9f27c296ae41311fc main_color avia-section-default avia-no-border-styling  avia-builder-el-0  el_before_av_section  avia-builder-el-first  amiblu-content amiblu-page-hero av-parallax-section avia-bg-style-parallax av-section-color-overlay-active container_wrap fullsize'  data-section-bg-repeat='no-repeat'><div class='av-parallax' data-avia-parallax-ratio='0.3' ><div class='av-parallax-inner main_color avia-full-stretch'><\/div><\/div><div class=\"av-section-color-overlay-wrap\"><div class=\"av-section-color-overlay\"><\/div><div class='container av-section-cont-open' ><main  role=\"main\" itemprop=\"mainContentOfPage\"  class='template-page content  av-content-full alpha units'><div class='post-entry post-entry-type-page post-entry-39751'><div class='entry-content-wrapper clearfix'>\n\n<style type=\"text\/css\" data-created_by=\"avia_inline_auto\" id=\"style-css-av-3hy3g2v-872b7c41160597cdda7914eb44a9a9a4\">\n.flex_column.av-3hy3g2v-872b7c41160597cdda7914eb44a9a9a4{\nborder-radius:0px 0px 0px 0px;\npadding:0 0 0 0;\n}\n<\/style>\n<div  class='flex_column av-3hy3g2v-872b7c41160597cdda7914eb44a9a9a4 av_three_fourth  avia-builder-el-1  avia-builder-el-no-sibling  white-content first flex_column_div av-zero-column-padding  '     ><section  class='av_textblock_section av-l2yij5tm-40b8bf076e9ca76ed026772ae60c6558 '   itemscope=\"itemscope\" itemtype=\"https:\/\/schema.org\/CreativeWork\" ><div class='avia_textblock'  itemprop=\"text\" ><h1>Sistemas de riego en PRFV para la agricultura<\/h1>\n<\/div><\/section><br \/>\n\n<style type=\"text\/css\" data-created_by=\"avia_inline_auto\" id=\"style-css-av-l2yikbyf-76454da3ace4a0183f21c1252f3c5b8c\">\n#top .av_textblock_section.av-l2yikbyf-76454da3ace4a0183f21c1252f3c5b8c .avia_textblock{\nfont-size:20px;\n}\n<\/style>\n<section  class='av_textblock_section av-l2yikbyf-76454da3ace4a0183f21c1252f3c5b8c '   itemscope=\"itemscope\" itemtype=\"https:\/\/schema.org\/CreativeWork\" ><div class='avia_textblock sub-heading'  itemprop=\"text\" ><p>Un mayor cultivo con menos agua, sea cual sea el clima.<\/p>\n<\/div><\/section><\/p><\/div>\n\n<\/div><\/div><\/main><!-- close content main element --><\/div><\/div><\/div><div id='av_section_2'  class='avia-section av-34vr06f-6683a80ca44549b19c0ad60bdb4692f7 main_color avia-section-default avia-no-border-styling  avia-builder-el-4  el_after_av_section  el_before_av_section  amiblu-bw-pr amiblu-jk-pp avia-bg-style-scroll container_wrap fullsize'  ><div class='container av-section-cont-open' ><div class='template-page content  av-content-full alpha units'><div class='post-entry post-entry-type-page post-entry-39751'><div class='entry-content-wrapper clearfix'>\n\n<style type=\"text\/css\" data-created_by=\"avia_inline_auto\" id=\"style-css-av-94hp47-209f0f84ac693e4b059d9157e1fc8135\">\n.flex_column.av-94hp47-209f0f84ac693e4b059d9157e1fc8135{\nborder-radius:0px 0px 0px 0px;\npadding:0px 0px 0px 0px;\n}\n<\/style>\n<div  class='flex_column av-94hp47-209f0f84ac693e4b059d9157e1fc8135 av_two_third  avia-builder-el-5  avia-builder-el-no-sibling  first flex_column_div av-zero-column-padding  '     ><p>\n<style type=\"text\/css\" data-created_by=\"avia_inline_auto\" id=\"style-css-av-l5s2t4ba-54733f91854cf01f7c4efc1e4cb0d6d4\">\n#top .av-special-heading.av-l5s2t4ba-54733f91854cf01f7c4efc1e4cb0d6d4{\npadding-bottom:10px;\n}\nbody .av-special-heading.av-l5s2t4ba-54733f91854cf01f7c4efc1e4cb0d6d4 .av-special-heading-tag .heading-char{\nfont-size:25px;\n}\n.av-special-heading.av-l5s2t4ba-54733f91854cf01f7c4efc1e4cb0d6d4 .av-subheading{\nfont-size:15px;\n}\n<\/style>\n<div  class='av-special-heading av-l5s2t4ba-54733f91854cf01f7c4efc1e4cb0d6d4 av-special-heading-h5 blockquote modern-quote  avia-builder-el-6  el_before_av_textblock  avia-builder-el-first  h1'><h5 class='av-special-heading-tag '  itemprop=\"headline\"  >Tuber\u00edas de riego<\/h5><div class=\"special-heading-border\"><div class=\"special-heading-inner-border\"><\/div><\/div><\/div><br \/>\n\n<style type=\"text\/css\" data-created_by=\"avia_inline_auto\" id=\"style-css-av-l2yilkqq-d1e40d387956cb5f292587b390f2ca33\">\n#top .av_textblock_section.av-l2yilkqq-d1e40d387956cb5f292587b390f2ca33 .avia_textblock{\nfont-size:20px;\n}\n\n@media only screen and (min-width: 480px) and (max-width: 767px){ \n#top .av_textblock_section.av-l2yilkqq-d1e40d387956cb5f292587b390f2ca33 .avia_textblock{\nfont-size:18px;\n}\n}\n\n@media only screen and (max-width: 479px){ \n#top .av_textblock_section.av-l2yilkqq-d1e40d387956cb5f292587b390f2ca33 .avia_textblock{\nfont-size:16px;\n}\n}\n<\/style>\n<section  class='av_textblock_section av-l2yilkqq-d1e40d387956cb5f292587b390f2ca33 '   itemscope=\"itemscope\" itemtype=\"https:\/\/schema.org\/CreativeWork\" ><div class='avia_textblock'  itemprop=\"text\" ><p>La agricultura es el mayor consumidor de recursos de agua dulce del mundo. Los <strong>sistemas de riego<\/strong> eficientes y fiables pueden ayudar a ahorrar agua y energ\u00eda en toda la cadena agroalimentaria y proporcionar una v\u00eda frente a la variabilidad de las precipitaciones causada por el cambio clim\u00e1tico.<\/p>\n<p>Para los sistemas de tuber\u00edas utilizados en proyectos de riego, es crucial evitar la p\u00e9rdida de agua. La vida \u00fatil de las tuber\u00edas en servicio, as\u00ed como los costes operativos y de instalaci\u00f3n tambi\u00e9n juegan un papel esencial para el inversor. Amiblu ofrece un paquete completo que cubre todos los requisitos: <strong>tuber\u00edas a presi\u00f3n ligeras, estancas y altamente resistentes a la corrosi\u00f3n con una vida \u00fatil de d\u00e9cadas.\u00a0<\/strong><\/p>\n<\/div><\/section><br \/>\n<div  class='avia-button-wrap av-l2yimf32-1abcd51616da5ae27daa7a259fce4929-wrap avia-button-left  avia-builder-el-8  el_after_av_textblock  avia-builder-el-last  amiblu-outline-button'><a href='https:\/\/www.amiblu.com\/wp-content\/uploads\/Amiblu-Sistemas-de-tuberias-para-regadio.pdf'  class='avia-button av-l2yimf32-1abcd51616da5ae27daa7a259fce4929 av-link-btn avia-icon_select-yes-right-icon avia-size-small avia-position-left avia-color-theme-color'  target=\"_blank\"  rel=\"noopener noreferrer\"  aria-label=\"Descarga nuestro cat\u00e1logo\"><span class='avia_iconbox_title' >Descarga nuestro cat\u00e1logo<\/span><span class='avia_button_icon avia_button_icon_right avia-iconfont avia-font-amiblu-icons' data-av_icon='\ue800' data-av_iconfont='amiblu-icons' ><\/span><\/a><\/div><\/p><\/div><\/div><\/div><\/div><!-- close content main div --><\/div><\/div>\n<style type=\"text\/css\" data-created_by=\"avia_inline_auto\" id=\"style-css-av-208z407-acbfae064f118eb85ea037fe7a09992a\">\n.avia-section.av-208z407-acbfae064f118eb85ea037fe7a09992a{\nbackground-color:#f2f4f8;\nbackground-image:unset;\n}\n<\/style>\n<div id='av_section_3'  class='avia-section av-208z407-acbfae064f118eb85ea037fe7a09992a main_color avia-section-default avia-no-border-styling  avia-builder-el-9  el_after_av_section  avia-builder-el-last  home-info amiblu-jk-inf avia-bg-style-scroll container_wrap fullsize'  ><div class='container av-section-cont-open' ><div class='template-page content  av-content-full alpha units'><div class='post-entry post-entry-type-page post-entry-39751'><div class='entry-content-wrapper clearfix'>\n\n<style type=\"text\/css\" data-created_by=\"avia_inline_auto\" id=\"style-css-av-1pl73gn-d2d903d1e461245220a0dacd95436d4b\">\n.flex_column.av-1pl73gn-d2d903d1e461245220a0dacd95436d4b{\nborder-radius:0px 0px 0px 0px;\npadding:0px 0px 0px 0px;\n}\n<\/style>\n<div  class='flex_column av-1pl73gn-d2d903d1e461245220a0dacd95436d4b av_one_half  avia-builder-el-10  el_before_av_one_half  avia-builder-el-first  home-info-img first flex_column_div av-zero-column-padding  '     ><style type=\"text\/css\" data-created_by=\"avia_inline_auto\" id=\"style-css-av-14s9xlz-9d7f2d8e6aec0362889babe00f02270d\">\n.avia-image-container.av-14s9xlz-9d7f2d8e6aec0362889babe00f02270d img.avia_image{\nbox-shadow:none;\n}\n.avia-image-container.av-14s9xlz-9d7f2d8e6aec0362889babe00f02270d .av-image-caption-overlay-center{\ncolor:#ffffff;\n}\n<\/style>\n<div  class='avia-image-container av-14s9xlz-9d7f2d8e6aec0362889babe00f02270d av-styling- avia-align-right  avia-builder-el-11  avia-builder-el-no-sibling '   itemprop=\"image\" itemscope=\"itemscope\" itemtype=\"https:\/\/schema.org\/ImageObject\" ><div class=\"avia-image-container-inner\"><div class=\"avia-image-overlay-wrap\"><img fetchpriority=\"high\" decoding=\"async\" fetchpriority=\"high\" fetchpriority=\"high\" class='wp-image-48076 avia-img-lazy-loading-not-48076 avia_image ' src=\"https:\/\/www.amiblu.com\/wp-content\/uploads\/Irrigation-farmland-fields-aerial-view-advantages.jpg\" alt='Irrigation farmland fields aerial view' title='Irrigation-farmland-fields-aerial-view-advantages'  height=\"543\" width=\"960\"  itemprop=\"thumbnailUrl\" srcset=\"https:\/\/www.amiblu.com\/wp-content\/uploads\/Irrigation-farmland-fields-aerial-view-advantages.jpg 960w, https:\/\/www.amiblu.com\/wp-content\/uploads\/Irrigation-farmland-fields-aerial-view-advantages-300x170.jpg 300w, https:\/\/www.amiblu.com\/wp-content\/uploads\/Irrigation-farmland-fields-aerial-view-advantages-768x434.jpg 768w, https:\/\/www.amiblu.com\/wp-content\/uploads\/Irrigation-farmland-fields-aerial-view-advantages-705x399.jpg 705w\" sizes=\"(max-width: 960px) 100vw, 960px\" \/><\/div><\/div><\/div><\/div>\n<style type=\"text\/css\" data-created_by=\"avia_inline_auto\" id=\"style-css-av-pcqd1j-1cbc840efc36d1bd685141a00093dcb2\">\n.flex_column.av-pcqd1j-1cbc840efc36d1bd685141a00093dcb2{\nborder-radius:11px 11px 11px 11px;\npadding:0px 0px 0px 0px;\n}\n<\/style>\n<div  class='flex_column av-pcqd1j-1cbc840efc36d1bd685141a00093dcb2 av_one_half  avia-builder-el-12  el_after_av_one_half  avia-builder-el-last  home-info-text white-content flex_column_div av-zero-column-padding  '     ><section  class='av_textblock_section av-l2yin2lm-2edd403b0db2b1f84d7cf26e74486d5d '   itemscope=\"itemscope\" itemtype=\"https:\/\/schema.org\/CreativeWork\" ><div class='avia_textblock'  itemprop=\"text\" ><p><strong>Ventajas de los sistemas de riego en PRFV de Amiblu:<\/strong><\/p>\n<ul>\n<li><strong>Tuber\u00eda con pared estanca\u00a0<\/strong>para evitar fugas y un ensamblado que previene la infiltraci\u00f3n y la p\u00e9rdida de agua.<\/li>\n<li><strong>Excelentes propiedades de flujo<\/strong>\u00a0para unos costes inferiores de bombeo.<\/li>\n<li><strong>Mayor utilizaci\u00f3n de los suelos naturales como material de relleno<\/strong>, reduciendo as\u00ed los costes de instalaci\u00f3n.<\/li>\n<li><strong>Los bajos costes de mantenimiento<\/strong>\u00a0se deben a la m\u00ednima acumulaci\u00f3n de lodos y una gran resistencia a la abrasi\u00f3n.<\/li>\n<li><strong>Resistencia a las cargas del terreno<\/strong>, cargas estructurales y actividades s\u00edsmicas.<\/li>\n<li><strong>Libre de corrosi\u00f3n<\/strong>\u00a0y resistente a los rayos UV.<\/li>\n<\/ul>\n<\/div><\/section><\/div>\n<\/p>\n","protected":false},"excerpt":{"rendered":"","protected":false},"author":8,"featured_media":47363,"parent":0,"menu_order":55,"comment_status":"closed","ping_status":"closed","template":"","meta":{"_acf_changed":false,"footnotes":""},"class_list":["post-39751","page","type-page","status-publish","has-post-thumbnail","hentry"],"acf":[],"yoast_head":"<!-- This site is optimized with the Yoast SEO Premium plugin v27.3 (Yoast SEO v27.4) - https:\/\/yoast.com\/product\/yoast-seo-premium-wordpress\/ -->\n<title>Los sistemas de riego eficientes y fiables<\/title>\n<meta name=\"description\" content=\"Los sistemas de riego eficientes y fiables pueden ayudar a ahorrar agua y energ\u00eda en toda la cadena agroalimentaria y proporcionar una v\u00eda frente a la variabilidad de las precipitaciones causada por el cambio clim\u00e1tico.\" \/>\n<meta name=\"robots\" content=\"index, follow, max-snippet:-1, max-image-preview:large, max-video-preview:-1\" \/>\n<link rel=\"canonical\" href=\"https:\/\/www.amiblu.com\/es\/riego\/\" \/>\n<meta property=\"og:locale\" content=\"es_ES\" \/>\n<meta property=\"og:type\" content=\"article\" \/>\n<meta property=\"og:title\" content=\"Riego\" \/>\n<meta property=\"og:description\" content=\"Los sistemas de riego eficientes y fiables pueden ayudar a ahorrar agua y energ\u00eda en toda la cadena agroalimentaria y proporcionar una v\u00eda frente a la variabilidad de las precipitaciones causada por el cambio clim\u00e1tico.\" \/>\n<meta property=\"og:url\" content=\"https:\/\/www.amiblu.com\/es\/riego\/\" \/>\n<meta property=\"og:site_name\" content=\"Amiblu\" \/>\n<meta property=\"article:publisher\" content=\"https:\/\/www.facebook.com\/amiblupipes\" \/>\n<meta property=\"article:modified_time\" content=\"2026-01-14T11:03:49+00:00\" \/>\n<meta property=\"og:image\" content=\"https:\/\/www.amiblu.com\/wp-content\/uploads\/Flowtite-irrigation-pipe-Salamanca.jpg\" \/>\n\t<meta property=\"og:image:width\" content=\"552\" \/>\n\t<meta property=\"og:image:height\" content=\"312\" \/>\n\t<meta property=\"og:image:type\" content=\"image\/jpeg\" \/>\n<meta name=\"twitter:card\" content=\"summary_large_image\" \/>\n<meta name=\"twitter:label1\" content=\"Tiempo de lectura\" \/>\n\t<meta name=\"twitter:data1\" content=\"2 minutos\" \/>\n<script type=\"application\/ld+json\" class=\"yoast-schema-graph\">{\"@context\":\"https:\\\/\\\/schema.org\",\"@graph\":[{\"@type\":\"WebPage\",\"@id\":\"https:\\\/\\\/www.amiblu.com\\\/es\\\/riego\\\/\",\"url\":\"https:\\\/\\\/www.amiblu.com\\\/es\\\/riego\\\/\",\"name\":\"Los sistemas de riego eficientes y fiables\",\"isPartOf\":{\"@id\":\"https:\\\/\\\/www.amiblu.com\\\/es\\\/#website\"},\"primaryImageOfPage\":{\"@id\":\"https:\\\/\\\/www.amiblu.com\\\/es\\\/riego\\\/#primaryimage\"},\"image\":{\"@id\":\"https:\\\/\\\/www.amiblu.com\\\/es\\\/riego\\\/#primaryimage\"},\"thumbnailUrl\":\"https:\\\/\\\/www.amiblu.com\\\/wp-content\\\/uploads\\\/Flowtite-irrigation-pipe-Salamanca.jpg\",\"datePublished\":\"2021-07-30T09:26:47+00:00\",\"dateModified\":\"2026-01-14T11:03:49+00:00\",\"description\":\"Los sistemas de riego eficientes y fiables pueden ayudar a ahorrar agua y energ\u00eda en toda la cadena agroalimentaria y proporcionar una v\u00eda frente a la variabilidad de las precipitaciones causada por el cambio clim\u00e1tico.\",\"inLanguage\":\"es\",\"potentialAction\":[{\"@type\":\"ReadAction\",\"target\":[\"https:\\\/\\\/www.amiblu.com\\\/es\\\/riego\\\/\"]}]},{\"@type\":\"ImageObject\",\"inLanguage\":\"es\",\"@id\":\"https:\\\/\\\/www.amiblu.com\\\/es\\\/riego\\\/#primaryimage\",\"url\":\"https:\\\/\\\/www.amiblu.com\\\/wp-content\\\/uploads\\\/Flowtite-irrigation-pipe-Salamanca.jpg\",\"contentUrl\":\"https:\\\/\\\/www.amiblu.com\\\/wp-content\\\/uploads\\\/Flowtite-irrigation-pipe-Salamanca.jpg\",\"width\":552,\"height\":312,\"caption\":\"Flowtite irrigation pipes for Salamanca, Spain\"},{\"@type\":\"WebSite\",\"@id\":\"https:\\\/\\\/www.amiblu.com\\\/es\\\/#website\",\"url\":\"https:\\\/\\\/www.amiblu.com\\\/es\\\/\",\"name\":\"Amiblu\",\"description\":\"GFK-Rohrsysteme f\u00fcr Generationen\",\"publisher\":{\"@id\":\"https:\\\/\\\/www.amiblu.com\\\/es\\\/#organization\"},\"potentialAction\":[{\"@type\":\"SearchAction\",\"target\":{\"@type\":\"EntryPoint\",\"urlTemplate\":\"https:\\\/\\\/www.amiblu.com\\\/es\\\/?s={search_term_string}\"},\"query-input\":{\"@type\":\"PropertyValueSpecification\",\"valueRequired\":true,\"valueName\":\"search_term_string\"}}],\"inLanguage\":\"es\"},{\"@type\":\"Organization\",\"@id\":\"https:\\\/\\\/www.amiblu.com\\\/es\\\/#organization\",\"name\":\"Amiblu Group\",\"url\":\"https:\\\/\\\/www.amiblu.com\\\/es\\\/\",\"logo\":{\"@type\":\"ImageObject\",\"inLanguage\":\"es\",\"@id\":\"https:\\\/\\\/www.amiblu.com\\\/es\\\/#\\\/schema\\\/logo\\\/image\\\/\",\"url\":\"https:\\\/\\\/www.amiblu.com\\\/wp-content\\\/uploads\\\/2021\\\/01\\\/Amiblu-logo-website-1.png\",\"contentUrl\":\"https:\\\/\\\/www.amiblu.com\\\/wp-content\\\/uploads\\\/2021\\\/01\\\/Amiblu-logo-website-1.png\",\"width\":201,\"height\":38,\"caption\":\"Amiblu Group\"},\"image\":{\"@id\":\"https:\\\/\\\/www.amiblu.com\\\/es\\\/#\\\/schema\\\/logo\\\/image\\\/\"},\"sameAs\":[\"https:\\\/\\\/www.facebook.com\\\/amiblupipes\",\"https:\\\/\\\/www.youtube.com\\\/c\\\/Amiblu\",\"https:\\\/\\\/de.wikipedia.org\\\/wiki\\\/Amiblu\",\"https:\\\/\\\/www.linkedin.com\\\/company\\\/amiblupipes\\\/\"]}]}<\/script>\n<!-- \/ Yoast SEO Premium plugin. -->","yoast_head_json":{"title":"Los sistemas de riego eficientes y fiables","description":"Los sistemas de riego eficientes y fiables pueden ayudar a ahorrar agua y energ\u00eda en toda la cadena agroalimentaria y proporcionar una v\u00eda frente a la variabilidad de las precipitaciones causada por el cambio clim\u00e1tico.","robots":{"index":"index","follow":"follow","max-snippet":"max-snippet:-1","max-image-preview":"max-image-preview:large","max-video-preview":"max-video-preview:-1"},"canonical":"https:\/\/www.amiblu.com\/es\/riego\/","og_locale":"es_ES","og_type":"article","og_title":"Riego","og_description":"Los sistemas de riego eficientes y fiables pueden ayudar a ahorrar agua y energ\u00eda en toda la cadena agroalimentaria y proporcionar una v\u00eda frente a la variabilidad de las precipitaciones causada por el cambio clim\u00e1tico.","og_url":"https:\/\/www.amiblu.com\/es\/riego\/","og_site_name":"Amiblu","article_publisher":"https:\/\/www.facebook.com\/amiblupipes","article_modified_time":"2026-01-14T11:03:49+00:00","og_image":[{"width":552,"height":312,"url":"https:\/\/www.amiblu.com\/wp-content\/uploads\/Flowtite-irrigation-pipe-Salamanca.jpg","type":"image\/jpeg"}],"twitter_card":"summary_large_image","twitter_misc":{"Tiempo de lectura":"2 minutos"},"schema":{"@context":"https:\/\/schema.org","@graph":[{"@type":"WebPage","@id":"https:\/\/www.amiblu.com\/es\/riego\/","url":"https:\/\/www.amiblu.com\/es\/riego\/","name":"Los sistemas de riego eficientes y fiables","isPartOf":{"@id":"https:\/\/www.amiblu.com\/es\/#website"},"primaryImageOfPage":{"@id":"https:\/\/www.amiblu.com\/es\/riego\/#primaryimage"},"image":{"@id":"https:\/\/www.amiblu.com\/es\/riego\/#primaryimage"},"thumbnailUrl":"https:\/\/www.amiblu.com\/wp-content\/uploads\/Flowtite-irrigation-pipe-Salamanca.jpg","datePublished":"2021-07-30T09:26:47+00:00","dateModified":"2026-01-14T11:03:49+00:00","description":"Los sistemas de riego eficientes y fiables pueden ayudar a ahorrar agua y energ\u00eda en toda la cadena agroalimentaria y proporcionar una v\u00eda frente a la variabilidad de las precipitaciones causada por el cambio clim\u00e1tico.","inLanguage":"es","potentialAction":[{"@type":"ReadAction","target":["https:\/\/www.amiblu.com\/es\/riego\/"]}]},{"@type":"ImageObject","inLanguage":"es","@id":"https:\/\/www.amiblu.com\/es\/riego\/#primaryimage","url":"https:\/\/www.amiblu.com\/wp-content\/uploads\/Flowtite-irrigation-pipe-Salamanca.jpg","contentUrl":"https:\/\/www.amiblu.com\/wp-content\/uploads\/Flowtite-irrigation-pipe-Salamanca.jpg","width":552,"height":312,"caption":"Flowtite irrigation pipes for Salamanca, Spain"},{"@type":"WebSite","@id":"https:\/\/www.amiblu.com\/es\/#website","url":"https:\/\/www.amiblu.com\/es\/","name":"Amiblu","description":"GFK-Rohrsysteme f\u00fcr Generationen","publisher":{"@id":"https:\/\/www.amiblu.com\/es\/#organization"},"potentialAction":[{"@type":"SearchAction","target":{"@type":"EntryPoint","urlTemplate":"https:\/\/www.amiblu.com\/es\/?s={search_term_string}"},"query-input":{"@type":"PropertyValueSpecification","valueRequired":true,"valueName":"search_term_string"}}],"inLanguage":"es"},{"@type":"Organization","@id":"https:\/\/www.amiblu.com\/es\/#organization","name":"Amiblu Group","url":"https:\/\/www.amiblu.com\/es\/","logo":{"@type":"ImageObject","inLanguage":"es","@id":"https:\/\/www.amiblu.com\/es\/#\/schema\/logo\/image\/","url":"https:\/\/www.amiblu.com\/wp-content\/uploads\/2021\/01\/Amiblu-logo-website-1.png","contentUrl":"https:\/\/www.amiblu.com\/wp-content\/uploads\/2021\/01\/Amiblu-logo-website-1.png","width":201,"height":38,"caption":"Amiblu Group"},"image":{"@id":"https:\/\/www.amiblu.com\/es\/#\/schema\/logo\/image\/"},"sameAs":["https:\/\/www.facebook.com\/amiblupipes","https:\/\/www.youtube.com\/c\/Amiblu","https:\/\/de.wikipedia.org\/wiki\/Amiblu","https:\/\/www.linkedin.com\/company\/amiblupipes\/"]}]}},"_links":{"self":[{"href":"https:\/\/www.amiblu.com\/es\/wp-json\/wp\/v2\/pages\/39751","targetHints":{"allow":["GET"]}}],"collection":[{"href":"https:\/\/www.amiblu.com\/es\/wp-json\/wp\/v2\/pages"}],"about":[{"href":"https:\/\/www.amiblu.com\/es\/wp-json\/wp\/v2\/types\/page"}],"author":[{"embeddable":true,"href":"https:\/\/www.amiblu.com\/es\/wp-json\/wp\/v2\/users\/8"}],"replies":[{"embeddable":true,"href":"https:\/\/www.amiblu.com\/es\/wp-json\/wp\/v2\/comments?post=39751"}],"version-history":[{"count":26,"href":"https:\/\/www.amiblu.com\/es\/wp-json\/wp\/v2\/pages\/39751\/revisions"}],"predecessor-version":[{"id":76597,"href":"https:\/\/www.amiblu.com\/es\/wp-json\/wp\/v2\/pages\/39751\/revisions\/76597"}],"wp:featuredmedia":[{"embeddable":true,"href":"https:\/\/www.amiblu.com\/es\/wp-json\/wp\/v2\/media\/47363"}],"wp:attachment":[{"href":"https:\/\/www.amiblu.com\/es\/wp-json\/wp\/v2\/media?parent=39751"}],"curies":[{"name":"wp","href":"https:\/\/api.w.org\/{rel}","templated":true}]}}