{"id":39866,"date":"2021-08-02T10:06:03","date_gmt":"2021-08-02T08:06:03","guid":{"rendered":"https:\/\/www.amiblu.com\/?page_id=39866"},"modified":"2023-08-01T09:21:42","modified_gmt":"2023-08-01T07:21:42","slug":"empleo-y-carrera","status":"publish","type":"page","link":"https:\/\/www.amiblu.com\/es\/empleo-y-carrera\/","title":{"rendered":"Empleo y carrera"},"content":{"rendered":"\n<style type=\"text\/css\" data-created_by=\"avia_inline_auto\" id=\"style-css-av-av_section-423844a16ef03d1e5ba5ac812272feef\">\n.avia-section.av-av_section-423844a16ef03d1e5ba5ac812272feef .av-parallax .av-parallax-inner{\nbackground-repeat:no-repeat;\nbackground-image:url(https:\/\/www.amiblu.com\/wp-content\/uploads\/Amiblu-Production-Employees-Poland.webp);\nbackground-position:50% 50%;\nbackground-attachment:scroll;\n}\n.avia-section.av-av_section-423844a16ef03d1e5ba5ac812272feef .av-section-color-overlay{\nopacity:0.5;\nbackground-color:#0a0a0a;\n}\n<\/style>\n<div id='av_section_1'  class='avia-section av-av_section-423844a16ef03d1e5ba5ac812272feef main_color avia-section-default avia-no-border-styling  avia-builder-el-0  el_before_av_section  avia-builder-el-first  amiblu-content amiblu-page-hero av-parallax-section avia-bg-style-parallax av-section-color-overlay-active container_wrap fullsize'  data-section-bg-repeat='no-repeat'><div class='av-parallax' data-avia-parallax-ratio='0.3' ><div class='av-parallax-inner main_color avia-full-stretch'><\/div><\/div><div class=\"av-section-color-overlay-wrap\"><div class=\"av-section-color-overlay\"><\/div><div class='container av-section-cont-open' ><main  role=\"main\" itemprop=\"mainContentOfPage\"  class='template-page content  av-content-full alpha units'><div class='post-entry post-entry-type-page post-entry-39866'><div class='entry-content-wrapper clearfix'>\n\n<style type=\"text\/css\" data-created_by=\"avia_inline_auto\" id=\"style-css-av-av_three_fifth-f03988781a9c3805c203ad72b12e1c74\">\n.flex_column.av-av_three_fifth-f03988781a9c3805c203ad72b12e1c74{\nborder-radius:0px 0px 0px 0px;\npadding:0 0 0 0;\n}\n<\/style>\n<div  class='flex_column av-av_three_fifth-f03988781a9c3805c203ad72b12e1c74 av_three_fifth  avia-builder-el-1  avia-builder-el-no-sibling  white-content first flex_column_div av-zero-column-padding  '     ><section  class='av_textblock_section av-lkrxwssa-b79a370acb9efbd7696fec0bf2c63376 '   itemscope=\"itemscope\" itemtype=\"https:\/\/schema.org\/CreativeWork\" ><div class='avia_textblock'  itemprop=\"text\" ><h1>Trabajando en Amiblu<\/h1>\n<\/div><\/section><br \/>\n\n<style type=\"text\/css\" data-created_by=\"avia_inline_auto\" id=\"style-css-av-lkrxxoug-d76bcaf7b344849e132e5d0efbfb4e81\">\n#top .av_textblock_section.av-lkrxxoug-d76bcaf7b344849e132e5d0efbfb4e81 .avia_textblock{\nfont-size:20px;\n}\n<\/style>\n<section  class='av_textblock_section av-lkrxxoug-d76bcaf7b344849e132e5d0efbfb4e81 '   itemscope=\"itemscope\" itemtype=\"https:\/\/schema.org\/CreativeWork\" ><div class='avia_textblock sub-heading'  itemprop=\"text\" ><p>Nos encantan las personas con habilidades \u00fanicas. Si realmente te apasionan los retos y quieres disfrutar d\u00eda a d\u00eda, podr\u00edamos ser el equipo perfecto.<\/p>\n<\/div><\/section><\/p><\/div><\/div><\/div><\/main><!-- close content main element --><\/div><\/div><\/div><div id='av_section_2'  class='avia-section av-av_section-4f0590e3af737bf51261e1e7eb4e77fe main_color avia-section-default avia-no-border-styling  avia-builder-el-4  el_after_av_section  el_before_av_section  amiblu-bw-pr amiblu-jk-pp avia-bg-style-scroll container_wrap fullsize'  ><div class='container av-section-cont-open' ><div class='template-page content  av-content-full alpha units'><div class='post-entry post-entry-type-page post-entry-39866'><div class='entry-content-wrapper clearfix'>\n\n<style type=\"text\/css\" data-created_by=\"avia_inline_auto\" id=\"style-css-av-av_two_third-79ff81c021393065cee878051452f6a6\">\n.flex_column.av-av_two_third-79ff81c021393065cee878051452f6a6{\nborder-radius:0px 0px 0px 0px;\npadding:0px 0px 0px 0px;\n}\n<\/style>\n<div  class='flex_column av-av_two_third-79ff81c021393065cee878051452f6a6 av_two_third  avia-builder-el-5  avia-builder-el-no-sibling  first flex_column_div av-zero-column-padding  '     ><style type=\"text\/css\" data-created_by=\"avia_inline_auto\" id=\"style-css-av-lkry1kjo-706115404a99d099455b175cd9a7fc30\">\n#top .av_textblock_section.av-lkry1kjo-706115404a99d099455b175cd9a7fc30 .avia_textblock{\nfont-size:20px;\n}\n\n@media only screen and (min-width: 480px) and (max-width: 767px){ \n#top .av_textblock_section.av-lkry1kjo-706115404a99d099455b175cd9a7fc30 .avia_textblock{\nfont-size:18px;\n}\n}\n\n@media only screen and (max-width: 479px){ \n#top .av_textblock_section.av-lkry1kjo-706115404a99d099455b175cd9a7fc30 .avia_textblock{\nfont-size:16px;\n}\n}\n<\/style>\n<section  class='av_textblock_section av-lkry1kjo-706115404a99d099455b175cd9a7fc30 '   itemscope=\"itemscope\" itemtype=\"https:\/\/schema.org\/CreativeWork\" ><div class='avia_textblock'  itemprop=\"text\" ><p>Somos, y estamos buscando, personas que se preocupan profundamente por su equipo, queremos marcar la diferencia, y estamos orgullosos de fabricar productos de vanguardia que duran generaciones.<\/p>\n<p>El agua es importante para todos nosotros, \u00bfest\u00e1s de acuerdo? A nosotros nos encanta el agua, y estamos comprometidos a difundir su valor en cada rinc\u00f3n de la Tierra. Todos sabemos de su necesidad en nuestra vida cotidiana, para el riego y el saneamiento, en definitiva: para sobrevivir. Si te unes a Amiblu, tambi\u00e9n te unes a nuestro esp\u00edritu de valorar el agua como es debido.<\/p>\n<\/div><\/section><\/div><\/div><\/div><\/div><!-- close content main div --><\/div><\/div>\n<style type=\"text\/css\" data-created_by=\"avia_inline_auto\" id=\"style-css-av-av_section-8d32596ea62cec60140f38ab4eea64ec\">\n.avia-section.av-av_section-8d32596ea62cec60140f38ab4eea64ec{\nbackground-color:#f2f4f8;\nbackground-image:unset;\n}\n<\/style>\n<div id='av_section_3'  class='avia-section av-av_section-8d32596ea62cec60140f38ab4eea64ec main_color avia-section-default avia-no-border-styling  avia-builder-el-7  el_after_av_section  el_before_av_section  backgroundbox avia-bg-style-scroll container_wrap fullsize'  ><div class='container av-section-cont-open' ><div class='template-page content  av-content-full alpha units'><div class='post-entry post-entry-type-page post-entry-39866'><div class='entry-content-wrapper clearfix'>\n\n<style type=\"text\/css\" data-created_by=\"avia_inline_auto\" id=\"style-css-av-av_hr-82f5be0ae0af6a64fe3091010b237709\">\n#top .hr.hr-invisible.av-av_hr-82f5be0ae0af6a64fe3091010b237709{\nheight:20px;\n}\n<\/style>\n<div  class='hr av-av_hr-82f5be0ae0af6a64fe3091010b237709 hr-invisible  avia-builder-el-8  el_before_av_textblock  avia-builder-el-first '><span class='hr-inner '><span class=\"hr-inner-style\"><\/span><\/span><\/div>\n\n<style type=\"text\/css\" data-created_by=\"avia_inline_auto\" id=\"style-css-av-lkry281l-42376c1566799806d667a9c845db093b\">\n#top .av_textblock_section.av-lkry281l-42376c1566799806d667a9c845db093b .avia_textblock{\nfont-size:20px;\n}\n\n@media only screen and (min-width: 480px) and (max-width: 767px){ \n#top .av_textblock_section.av-lkry281l-42376c1566799806d667a9c845db093b .avia_textblock{\nfont-size:18px;\n}\n}\n\n@media only screen and (max-width: 479px){ \n#top .av_textblock_section.av-lkry281l-42376c1566799806d667a9c845db093b .avia_textblock{\nfont-size:16px;\n}\n}\n<\/style>\n<section  class='av_textblock_section av-lkry281l-42376c1566799806d667a9c845db093b '   itemscope=\"itemscope\" itemtype=\"https:\/\/schema.org\/CreativeWork\" ><div class='avia_textblock'  itemprop=\"text\" ><h2 style=\"text-align: left;\"><strong>Amiblu Job-Finder<\/strong><\/h2>\n<p style=\"text-align: left;\">Elije el horario que mejor se adapte a ti, as\u00ed como el lugar de trabajo y\/ o el departamento que te interesa<br \/>\n&#8211; y contribuir\u00e1s junto con nosotros a proporcionar agua para la poblaci\u00f3n para las generaciones venideras.<\/p>\n<\/div><\/section>\n\n<style type=\"text\/css\" data-created_by=\"avia_inline_auto\" id=\"style-css-av-av_hr-82f5be0ae0af6a64fe3091010b237709\">\n#top .hr.hr-invisible.av-av_hr-82f5be0ae0af6a64fe3091010b237709{\nheight:20px;\n}\n<\/style>\n<div  class='hr av-av_hr-82f5be0ae0af6a64fe3091010b237709 hr-invisible  avia-builder-el-10  el_after_av_textblock  el_before_av_codeblock '><span class='hr-inner '><span class=\"hr-inner-style\"><\/span><\/span><\/div>\n\n<\/div><\/div><\/div><!-- close content main div --><\/div><\/div><div id='av_section_4'  class='avia-section av-av_section-182816bb175fa7e2dee900a4b63ab3d5 main_color avia-section-default avia-no-border-styling  avia-builder-el-12  el_after_av_section  avia-builder-el-last  home-info amiblu-hw-wk avia-bg-style-scroll container_wrap fullsize'  ><div class='container av-section-cont-open' ><div class='template-page content  av-content-full alpha units'><div class='post-entry post-entry-type-page post-entry-39866'><div class='entry-content-wrapper clearfix'>\n\n<style type=\"text\/css\" data-created_by=\"avia_inline_auto\" id=\"style-css-av-av_two_third-79ff81c021393065cee878051452f6a6\">\n.flex_column.av-av_two_third-79ff81c021393065cee878051452f6a6{\nborder-radius:0px 0px 0px 0px;\npadding:0px 0px 0px 0px;\n}\n<\/style>\n<div  class='flex_column av-av_two_third-79ff81c021393065cee878051452f6a6 av_two_third  avia-builder-el-13  avia-builder-el-no-sibling  first flex_column_div av-zero-column-padding  '     ><p>\n<style type=\"text\/css\" data-created_by=\"avia_inline_auto\" id=\"style-css-av-av_hr-3a876428eececa9d35452247ddb053af\">\n#top .hr.hr-invisible.av-av_hr-3a876428eececa9d35452247ddb053af{\nheight:50px;\n}\n<\/style>\n<div  class='hr av-av_hr-3a876428eececa9d35452247ddb053af hr-invisible  avia-builder-el-14  el_before_av_textblock  avia-builder-el-first '><span class='hr-inner '><span class=\"hr-inner-style\"><\/span><\/span><\/div><br \/>\n\n<style type=\"text\/css\" data-created_by=\"avia_inline_auto\" id=\"style-css-av-lkry2q6b-b00518c82f827d4811d2c15624dd4cd5\">\n#top .av_textblock_section.av-lkry2q6b-b00518c82f827d4811d2c15624dd4cd5 .avia_textblock{\nfont-size:20px;\n}\n\n@media only screen and (min-width: 480px) and (max-width: 767px){ \n#top .av_textblock_section.av-lkry2q6b-b00518c82f827d4811d2c15624dd4cd5 .avia_textblock{\nfont-size:18px;\n}\n}\n\n@media only screen and (max-width: 479px){ \n#top .av_textblock_section.av-lkry2q6b-b00518c82f827d4811d2c15624dd4cd5 .avia_textblock{\nfont-size:16px;\n}\n}\n<\/style>\n<section  class='av_textblock_section av-lkry2q6b-b00518c82f827d4811d2c15624dd4cd5 '   itemscope=\"itemscope\" itemtype=\"https:\/\/schema.org\/CreativeWork\" ><div class='avia_textblock'  itemprop=\"text\" ><p>\u00bfDispones de un CV actualizado? \u00a1Fant\u00e1stico!, nos gustar\u00eda leerlo. Pero primero, vamos a presentarnos.<\/p>\n<p>Trabajamos diariamente con personas de diferentes pa\u00edses y culturas que nos dan una alta fuente de inspiraci\u00f3n. Somos flexibles en muchos aspectos: ya sea facilitando el teletrabajo o permitiendo la adaptaci\u00f3n horaria seg\u00fan el puesto de trabajo. Somos abiertos en nuestra forma de pensar y buscamos soluciones r\u00e1pidas y pragm\u00e1ticas. Esa es una de las razones por las que trabajar en Amiblu siempre es enriquecedor. Estamos al lado de nuestros empleados y sus familias, cuando nos puedan necesitar.<\/p>\n<p>Nos encantan las personas con habilidades y caracter\u00edsticas \u00fanicas. Si realmente te apasionan los retos y quieres disfrutar d\u00eda a d\u00eda, podr\u00edamos ser el equipo perfecto.<\/p>\n<\/div><\/section><\/p><\/div><\/p>\n","protected":false},"excerpt":{"rendered":"","protected":false},"author":8,"featured_media":57036,"parent":0,"menu_order":155,"comment_status":"closed","ping_status":"closed","template":"","meta":{"_acf_changed":false,"footnotes":""},"class_list":["post-39866","page","type-page","status-publish","has-post-thumbnail","hentry"],"acf":[],"yoast_head":"<!-- This site is optimized with the Yoast SEO Premium plugin v27.3 (Yoast SEO v27.4) - https:\/\/yoast.com\/product\/yoast-seo-premium-wordpress\/ -->\n<title>Trabajando en Amiblu<\/title>\n<meta name=\"description\" content=\"Si realmente te apasionan los retos y quieres disfrutar d\u00eda a d\u00eda, podr\u00edamos ser el equipo perfecto.\" \/>\n<meta name=\"robots\" content=\"index, follow, max-snippet:-1, max-image-preview:large, max-video-preview:-1\" \/>\n<link rel=\"canonical\" href=\"https:\/\/www.amiblu.com\/es\/empleo-y-carrera\/\" \/>\n<meta property=\"og:locale\" content=\"es_ES\" \/>\n<meta property=\"og:type\" content=\"article\" \/>\n<meta property=\"og:title\" content=\"Empleo y carrera\" \/>\n<meta property=\"og:description\" content=\"Si realmente te apasionan los retos y quieres disfrutar d\u00eda a d\u00eda, podr\u00edamos ser el equipo perfecto.\" \/>\n<meta property=\"og:url\" content=\"https:\/\/www.amiblu.com\/es\/empleo-y-carrera\/\" \/>\n<meta property=\"og:site_name\" content=\"Amiblu\" \/>\n<meta property=\"article:publisher\" content=\"https:\/\/www.facebook.com\/amiblupipes\" \/>\n<meta property=\"article:modified_time\" content=\"2023-08-01T07:21:42+00:00\" \/>\n<meta property=\"og:image\" content=\"https:\/\/www.amiblu.com\/wp-content\/uploads\/Amiblu-Production-Employees-Poland.webp\" \/>\n\t<meta property=\"og:image:width\" content=\"1920\" \/>\n\t<meta property=\"og:image:height\" content=\"917\" \/>\n\t<meta property=\"og:image:type\" content=\"image\/webp\" \/>\n<meta name=\"twitter:card\" content=\"summary_large_image\" \/>\n<meta name=\"twitter:label1\" content=\"Tiempo de lectura\" \/>\n\t<meta name=\"twitter:data1\" content=\"4 minutos\" \/>\n<script type=\"application\/ld+json\" class=\"yoast-schema-graph\">{\"@context\":\"https:\\\/\\\/schema.org\",\"@graph\":[{\"@type\":\"WebPage\",\"@id\":\"https:\\\/\\\/www.amiblu.com\\\/es\\\/empleo-y-carrera\\\/\",\"url\":\"https:\\\/\\\/www.amiblu.com\\\/es\\\/empleo-y-carrera\\\/\",\"name\":\"Trabajando en Amiblu\",\"isPartOf\":{\"@id\":\"https:\\\/\\\/www.amiblu.com\\\/es\\\/#website\"},\"primaryImageOfPage\":{\"@id\":\"https:\\\/\\\/www.amiblu.com\\\/es\\\/empleo-y-carrera\\\/#primaryimage\"},\"image\":{\"@id\":\"https:\\\/\\\/www.amiblu.com\\\/es\\\/empleo-y-carrera\\\/#primaryimage\"},\"thumbnailUrl\":\"https:\\\/\\\/www.amiblu.com\\\/wp-content\\\/uploads\\\/Amiblu-Production-Employees-Poland.webp\",\"datePublished\":\"2021-08-02T08:06:03+00:00\",\"dateModified\":\"2023-08-01T07:21:42+00:00\",\"description\":\"Si realmente te apasionan los retos y quieres disfrutar d\u00eda a d\u00eda, podr\u00edamos ser el equipo perfecto.\",\"inLanguage\":\"es\",\"potentialAction\":[{\"@type\":\"ReadAction\",\"target\":[\"https:\\\/\\\/www.amiblu.com\\\/es\\\/empleo-y-carrera\\\/\"]}]},{\"@type\":\"ImageObject\",\"inLanguage\":\"es\",\"@id\":\"https:\\\/\\\/www.amiblu.com\\\/es\\\/empleo-y-carrera\\\/#primaryimage\",\"url\":\"https:\\\/\\\/www.amiblu.com\\\/wp-content\\\/uploads\\\/Amiblu-Production-Employees-Poland.webp\",\"contentUrl\":\"https:\\\/\\\/www.amiblu.com\\\/wp-content\\\/uploads\\\/Amiblu-Production-Employees-Poland.webp\",\"width\":1920,\"height\":917,\"caption\":\"blue-collar workers sitting inside GRP pipes at Amiblu Poland\"},{\"@type\":\"WebSite\",\"@id\":\"https:\\\/\\\/www.amiblu.com\\\/es\\\/#website\",\"url\":\"https:\\\/\\\/www.amiblu.com\\\/es\\\/\",\"name\":\"Amiblu\",\"description\":\"GFK-Rohrsysteme f\u00fcr Generationen\",\"publisher\":{\"@id\":\"https:\\\/\\\/www.amiblu.com\\\/es\\\/#organization\"},\"potentialAction\":[{\"@type\":\"SearchAction\",\"target\":{\"@type\":\"EntryPoint\",\"urlTemplate\":\"https:\\\/\\\/www.amiblu.com\\\/es\\\/?s={search_term_string}\"},\"query-input\":{\"@type\":\"PropertyValueSpecification\",\"valueRequired\":true,\"valueName\":\"search_term_string\"}}],\"inLanguage\":\"es\"},{\"@type\":\"Organization\",\"@id\":\"https:\\\/\\\/www.amiblu.com\\\/es\\\/#organization\",\"name\":\"Amiblu Group\",\"url\":\"https:\\\/\\\/www.amiblu.com\\\/es\\\/\",\"logo\":{\"@type\":\"ImageObject\",\"inLanguage\":\"es\",\"@id\":\"https:\\\/\\\/www.amiblu.com\\\/es\\\/#\\\/schema\\\/logo\\\/image\\\/\",\"url\":\"https:\\\/\\\/www.amiblu.com\\\/wp-content\\\/uploads\\\/2021\\\/01\\\/Amiblu-logo-website-1.png\",\"contentUrl\":\"https:\\\/\\\/www.amiblu.com\\\/wp-content\\\/uploads\\\/2021\\\/01\\\/Amiblu-logo-website-1.png\",\"width\":201,\"height\":38,\"caption\":\"Amiblu Group\"},\"image\":{\"@id\":\"https:\\\/\\\/www.amiblu.com\\\/es\\\/#\\\/schema\\\/logo\\\/image\\\/\"},\"sameAs\":[\"https:\\\/\\\/www.facebook.com\\\/amiblupipes\",\"https:\\\/\\\/www.youtube.com\\\/c\\\/Amiblu\",\"https:\\\/\\\/de.wikipedia.org\\\/wiki\\\/Amiblu\",\"https:\\\/\\\/www.linkedin.com\\\/company\\\/amiblupipes\\\/\"]}]}<\/script>\n<!-- \/ Yoast SEO Premium plugin. -->","yoast_head_json":{"title":"Trabajando en Amiblu","description":"Si realmente te apasionan los retos y quieres disfrutar d\u00eda a d\u00eda, podr\u00edamos ser el equipo perfecto.","robots":{"index":"index","follow":"follow","max-snippet":"max-snippet:-1","max-image-preview":"max-image-preview:large","max-video-preview":"max-video-preview:-1"},"canonical":"https:\/\/www.amiblu.com\/es\/empleo-y-carrera\/","og_locale":"es_ES","og_type":"article","og_title":"Empleo y carrera","og_description":"Si realmente te apasionan los retos y quieres disfrutar d\u00eda a d\u00eda, podr\u00edamos ser el equipo perfecto.","og_url":"https:\/\/www.amiblu.com\/es\/empleo-y-carrera\/","og_site_name":"Amiblu","article_publisher":"https:\/\/www.facebook.com\/amiblupipes","article_modified_time":"2023-08-01T07:21:42+00:00","og_image":[{"width":1920,"height":917,"url":"https:\/\/www.amiblu.com\/wp-content\/uploads\/Amiblu-Production-Employees-Poland.webp","type":"image\/webp"}],"twitter_card":"summary_large_image","twitter_misc":{"Tiempo de lectura":"4 minutos"},"schema":{"@context":"https:\/\/schema.org","@graph":[{"@type":"WebPage","@id":"https:\/\/www.amiblu.com\/es\/empleo-y-carrera\/","url":"https:\/\/www.amiblu.com\/es\/empleo-y-carrera\/","name":"Trabajando en Amiblu","isPartOf":{"@id":"https:\/\/www.amiblu.com\/es\/#website"},"primaryImageOfPage":{"@id":"https:\/\/www.amiblu.com\/es\/empleo-y-carrera\/#primaryimage"},"image":{"@id":"https:\/\/www.amiblu.com\/es\/empleo-y-carrera\/#primaryimage"},"thumbnailUrl":"https:\/\/www.amiblu.com\/wp-content\/uploads\/Amiblu-Production-Employees-Poland.webp","datePublished":"2021-08-02T08:06:03+00:00","dateModified":"2023-08-01T07:21:42+00:00","description":"Si realmente te apasionan los retos y quieres disfrutar d\u00eda a d\u00eda, podr\u00edamos ser el equipo perfecto.","inLanguage":"es","potentialAction":[{"@type":"ReadAction","target":["https:\/\/www.amiblu.com\/es\/empleo-y-carrera\/"]}]},{"@type":"ImageObject","inLanguage":"es","@id":"https:\/\/www.amiblu.com\/es\/empleo-y-carrera\/#primaryimage","url":"https:\/\/www.amiblu.com\/wp-content\/uploads\/Amiblu-Production-Employees-Poland.webp","contentUrl":"https:\/\/www.amiblu.com\/wp-content\/uploads\/Amiblu-Production-Employees-Poland.webp","width":1920,"height":917,"caption":"blue-collar workers sitting inside GRP pipes at Amiblu Poland"},{"@type":"WebSite","@id":"https:\/\/www.amiblu.com\/es\/#website","url":"https:\/\/www.amiblu.com\/es\/","name":"Amiblu","description":"GFK-Rohrsysteme f\u00fcr Generationen","publisher":{"@id":"https:\/\/www.amiblu.com\/es\/#organization"},"potentialAction":[{"@type":"SearchAction","target":{"@type":"EntryPoint","urlTemplate":"https:\/\/www.amiblu.com\/es\/?s={search_term_string}"},"query-input":{"@type":"PropertyValueSpecification","valueRequired":true,"valueName":"search_term_string"}}],"inLanguage":"es"},{"@type":"Organization","@id":"https:\/\/www.amiblu.com\/es\/#organization","name":"Amiblu Group","url":"https:\/\/www.amiblu.com\/es\/","logo":{"@type":"ImageObject","inLanguage":"es","@id":"https:\/\/www.amiblu.com\/es\/#\/schema\/logo\/image\/","url":"https:\/\/www.amiblu.com\/wp-content\/uploads\/2021\/01\/Amiblu-logo-website-1.png","contentUrl":"https:\/\/www.amiblu.com\/wp-content\/uploads\/2021\/01\/Amiblu-logo-website-1.png","width":201,"height":38,"caption":"Amiblu Group"},"image":{"@id":"https:\/\/www.amiblu.com\/es\/#\/schema\/logo\/image\/"},"sameAs":["https:\/\/www.facebook.com\/amiblupipes","https:\/\/www.youtube.com\/c\/Amiblu","https:\/\/de.wikipedia.org\/wiki\/Amiblu","https:\/\/www.linkedin.com\/company\/amiblupipes\/"]}]}},"_links":{"self":[{"href":"https:\/\/www.amiblu.com\/es\/wp-json\/wp\/v2\/pages\/39866","targetHints":{"allow":["GET"]}}],"collection":[{"href":"https:\/\/www.amiblu.com\/es\/wp-json\/wp\/v2\/pages"}],"about":[{"href":"https:\/\/www.amiblu.com\/es\/wp-json\/wp\/v2\/types\/page"}],"author":[{"embeddable":true,"href":"https:\/\/www.amiblu.com\/es\/wp-json\/wp\/v2\/users\/8"}],"replies":[{"embeddable":true,"href":"https:\/\/www.amiblu.com\/es\/wp-json\/wp\/v2\/comments?post=39866"}],"version-history":[{"count":12,"href":"https:\/\/www.amiblu.com\/es\/wp-json\/wp\/v2\/pages\/39866\/revisions"}],"predecessor-version":[{"id":59443,"href":"https:\/\/www.amiblu.com\/es\/wp-json\/wp\/v2\/pages\/39866\/revisions\/59443"}],"wp:featuredmedia":[{"embeddable":true,"href":"https:\/\/www.amiblu.com\/es\/wp-json\/wp\/v2\/media\/57036"}],"wp:attachment":[{"href":"https:\/\/www.amiblu.com\/es\/wp-json\/wp\/v2\/media?parent=39866"}],"curies":[{"name":"wp","href":"https:\/\/api.w.org\/{rel}","templated":true}]}}