{"id":39872,"date":"2021-08-02T10:14:30","date_gmt":"2021-08-02T08:14:30","guid":{"rendered":"https:\/\/www.amiblu.com\/?page_id=39872"},"modified":"2022-02-10T11:06:36","modified_gmt":"2022-02-10T10:06:36","slug":"aviso-legal","status":"publish","type":"page","link":"https:\/\/www.amiblu.com\/es\/aviso-legal\/","title":{"rendered":"Aviso legal"},"content":{"rendered":"<\/p>\n\n<style type=\"text\/css\" data-created_by=\"avia_inline_auto\" id=\"style-css-av-kructz5f-fac98c5b17c4e16f26b849317c6ab1b7\">\n#top .av-special-heading.av-kructz5f-fac98c5b17c4e16f26b849317c6ab1b7{\npadding-bottom:10px;\n}\nbody .av-special-heading.av-kructz5f-fac98c5b17c4e16f26b849317c6ab1b7 .av-special-heading-tag .heading-char{\nfont-size:25px;\n}\n.av-special-heading.av-kructz5f-fac98c5b17c4e16f26b849317c6ab1b7 .av-subheading{\nfont-size:15px;\n}\n<\/style>\n<div  class='av-special-heading av-kructz5f-fac98c5b17c4e16f26b849317c6ab1b7 av-special-heading-h1 blockquote modern-quote  avia-builder-el-0  el_before_av_textblock  avia-builder-el-first '><h1 class='av-special-heading-tag '  itemprop=\"headline\"  >Impresi\u00f3n<\/h1><div class=\"special-heading-border\"><div class=\"special-heading-inner-border\"><\/div><\/div><\/div>\n<section  class='av_textblock_section av-kkxz0h4p-358fa2509075fbbd14f15a08561f9a3a '   itemscope=\"itemscope\" itemtype=\"https:\/\/schema.org\/CreativeWork\" ><div class='avia_textblock'  itemprop=\"text\" ><p><strong>Amiblu Holding GmbH<\/strong><br \/>\nSterneckstra\u00dfe 19<br \/>\n9020 Klagenfurt<br \/>\nAustria<\/p>\n<p>+43.463.48 24 24<br \/>\n<a href=\"mailto:info@amiblu.com\">info@amiblu.com<\/a><\/p>\n<p>N\u00fam. Reg. Cia.: FN 105310 v<br \/>\nCorte: Landesgericht Klagenfurt<br \/>\nNIF: ATU25771304<\/p>\n<p>Amiblu Holding GmbH es miembro de la C\u00e1mara de Comercio de Austria de acuerdo con las respectivas provisiones legales. En la web oficial\u00a0<a href=\"https:\/\/firmen.wko.at\/\">https:\/\/firmen.wko.at\/<\/a>\u00a0encontraran algunos miembros de varios cuerpos de la C\u00e1mara de Comercio.<\/p>\n<p>Este impreso tambi\u00e9n se aplica para las siguientes redes sociales:<\/p>\n<ul>\n<li><a href=\"http:\/\/www.facebook.com\/amiblupipes\" target=\"_blank\" rel=\"noopener noreferrer\">www.facebook.com\/amiblupipes<\/a><\/li>\n<li><a href=\"http:\/\/www.twitter.com\/Amiblupipes\" target=\"_blank\" rel=\"noopener noreferrer\">www.twitter.com\/Amiblupipes<\/a><\/li>\n<li><a href=\"https:\/\/www.linkedin.com\/company\/amiblupipes\/\" target=\"_blank\" rel=\"noopener noreferrer\">www.linkedin.com\/company\/amiblupipes<\/a><\/li>\n<li><a href=\"https:\/\/www.youtube.com\/c\/amiblu\/\" target=\"_blank\" rel=\"noopener noreferrer\">www.youtube.com\/c\/amiblu<\/a><\/li>\n<\/ul>\n<\/div><\/section>\n<div  class='hr av-483n-f97b05a5d99e9c417089a6b49247222b hr-default  avia-builder-el-2  el_after_av_textblock  el_before_av_heading '><span class='hr-inner '><span class=\"hr-inner-style\"><\/span><\/span><\/div>\n\n<style type=\"text\/css\" data-created_by=\"avia_inline_auto\" id=\"style-css-av-krucw2z3-2d65b2fd81294b1f9cf987b8f3fb7506\">\n#top .av-special-heading.av-krucw2z3-2d65b2fd81294b1f9cf987b8f3fb7506{\npadding-bottom:10px;\n}\nbody .av-special-heading.av-krucw2z3-2d65b2fd81294b1f9cf987b8f3fb7506 .av-special-heading-tag .heading-char{\nfont-size:25px;\n}\n.av-special-heading.av-krucw2z3-2d65b2fd81294b1f9cf987b8f3fb7506 .av-subheading{\nfont-size:15px;\n}\n<\/style>\n<div  class='av-special-heading av-krucw2z3-2d65b2fd81294b1f9cf987b8f3fb7506 av-special-heading-h1 blockquote modern-quote  avia-builder-el-3  el_after_av_hr  el_before_av_textblock '><h1 class='av-special-heading-tag '  itemprop=\"headline\"  >Aviso legal<\/h1><div class=\"special-heading-border\"><div class=\"special-heading-inner-border\"><\/div><\/div><\/div>\n<section  class='av_textblock_section av-kkxz29by-df0ed34865734db890a5c143f6e694b2 '   itemscope=\"itemscope\" itemtype=\"https:\/\/schema.org\/CreativeWork\" ><div class='avia_textblock'  itemprop=\"text\" ><p><strong>Publicaci\u00f3n de datos e informaci\u00f3n general<br \/>\n<\/strong>Publicaci\u00f3n de datos e informaci\u00f3n general: Amiblu hace todo lo posible para garantizar que la informaci\u00f3n y los datos que la p\u00e1gina web contiene sean correctos. Amiblu se reserva el derecho de modificar o complementar la informaci\u00f3n o datos suministrados sin previo aviso.<\/p>\n<p><strong>Responsabilidad<br \/>\n<\/strong>La informaci\u00f3n que le proporcionamos en las p\u00e1ginas web de Amiblu se ha recopilado con la mayor atenci\u00f3n posible y se actualiza constantemente. A pesar de nuestros esfuerzos, no se garantiza la ausencia de errores. Se excluye toda responsabilidad y toda garant\u00eda respecto a la vigencia, correcci\u00f3nd o integridad de la informaci\u00f3n y los datos proporcionados.<\/p>\n<p><strong>Copyright<br \/>\n<\/strong>El contenido de las p\u00e1ginas web de Amiblu est\u00e1 protegido por derechos de autor. La copia, difusi\u00f3n, almacenamiento, reproducci\u00f3n y transmisi\u00f3n de toda la informaci\u00f3n o datos, particularmente el uso de textos, partes de textos o im\u00e1genes u otros trabajos publicados en las p\u00e1ginas web, queda expresamente prohibida sin el consentimiento previo de Amiblu GmbH. Los textos e im\u00e1genes del \u00e1rea de \u00abNoticias\u00bb cuya funci\u00f3n es la de distribuci\u00f3n quedan exentos de lo anterior.<\/p>\n<p><strong>Legislaci\u00f3n aplicable<br \/>\n<\/strong>Toda la informaci\u00f3n o datos, su uso, el ingreso en p\u00e1ginas web de Amiblu, adem\u00e1s de cualquier acci\u00f3n, inacci\u00f3n u omisi\u00f3n asociada, quedan sujetos exclusivamente a la ley austr\u00edaca. El lugar de jurisdicci\u00f3n es Klagenfurt.<\/p>\n<\/div><\/section>\n","protected":false},"excerpt":{"rendered":"","protected":false},"author":5,"featured_media":0,"parent":0,"menu_order":200,"comment_status":"closed","ping_status":"closed","template":"","meta":{"_acf_changed":false,"footnotes":""},"class_list":["post-39872","page","type-page","status-publish","hentry"],"acf":[],"yoast_head":"<!-- This site is optimized with the Yoast SEO Premium plugin v27.3 (Yoast SEO v27.4) - https:\/\/yoast.com\/product\/yoast-seo-premium-wordpress\/ -->\n<title>Aviso legal<\/title>\n<meta name=\"description\" content=\"La informaci\u00f3n que le proporcionamos en las p\u00e1ginas web de Amiblu se ha recopilado con la mayor atenci\u00f3n posible y se actualiza constantemente.\" \/>\n<meta name=\"robots\" content=\"noindex, follow\" \/>\n<meta property=\"og:locale\" content=\"es_ES\" \/>\n<meta property=\"og:type\" content=\"article\" \/>\n<meta property=\"og:title\" content=\"Aviso legal\" \/>\n<meta property=\"og:description\" content=\"La informaci\u00f3n que le proporcionamos en las p\u00e1ginas web de Amiblu se ha recopilado con la mayor atenci\u00f3n posible y se actualiza constantemente.\" \/>\n<meta property=\"og:url\" content=\"https:\/\/www.amiblu.com\/es\/aviso-legal\/\" \/>\n<meta property=\"og:site_name\" content=\"Amiblu\" \/>\n<meta property=\"article:publisher\" content=\"https:\/\/www.facebook.com\/amiblupipes\" \/>\n<meta property=\"article:modified_time\" content=\"2022-02-10T10:06:36+00:00\" \/>\n<meta name=\"twitter:card\" content=\"summary_large_image\" \/>\n<meta name=\"twitter:label1\" content=\"Tiempo de lectura\" \/>\n\t<meta name=\"twitter:data1\" content=\"2 minutos\" \/>\n<script type=\"application\/ld+json\" class=\"yoast-schema-graph\">{\"@context\":\"https:\\\/\\\/schema.org\",\"@graph\":[{\"@type\":\"WebPage\",\"@id\":\"https:\\\/\\\/www.amiblu.com\\\/es\\\/aviso-legal\\\/\",\"url\":\"https:\\\/\\\/www.amiblu.com\\\/es\\\/aviso-legal\\\/\",\"name\":\"Aviso legal\",\"isPartOf\":{\"@id\":\"https:\\\/\\\/www.amiblu.com\\\/es\\\/#website\"},\"datePublished\":\"2021-08-02T08:14:30+00:00\",\"dateModified\":\"2022-02-10T10:06:36+00:00\",\"description\":\"La informaci\u00f3n que le proporcionamos en las p\u00e1ginas web de Amiblu se ha recopilado con la mayor atenci\u00f3n posible y se actualiza constantemente.\",\"inLanguage\":\"es\",\"potentialAction\":[{\"@type\":\"ReadAction\",\"target\":[\"https:\\\/\\\/www.amiblu.com\\\/es\\\/aviso-legal\\\/\"]}]},{\"@type\":\"WebSite\",\"@id\":\"https:\\\/\\\/www.amiblu.com\\\/es\\\/#website\",\"url\":\"https:\\\/\\\/www.amiblu.com\\\/es\\\/\",\"name\":\"Amiblu\",\"description\":\"GFK-Rohrsysteme f\u00fcr Generationen\",\"publisher\":{\"@id\":\"https:\\\/\\\/www.amiblu.com\\\/es\\\/#organization\"},\"potentialAction\":[{\"@type\":\"SearchAction\",\"target\":{\"@type\":\"EntryPoint\",\"urlTemplate\":\"https:\\\/\\\/www.amiblu.com\\\/es\\\/?s={search_term_string}\"},\"query-input\":{\"@type\":\"PropertyValueSpecification\",\"valueRequired\":true,\"valueName\":\"search_term_string\"}}],\"inLanguage\":\"es\"},{\"@type\":\"Organization\",\"@id\":\"https:\\\/\\\/www.amiblu.com\\\/es\\\/#organization\",\"name\":\"Amiblu Group\",\"url\":\"https:\\\/\\\/www.amiblu.com\\\/es\\\/\",\"logo\":{\"@type\":\"ImageObject\",\"inLanguage\":\"es\",\"@id\":\"https:\\\/\\\/www.amiblu.com\\\/es\\\/#\\\/schema\\\/logo\\\/image\\\/\",\"url\":\"https:\\\/\\\/www.amiblu.com\\\/wp-content\\\/uploads\\\/2021\\\/01\\\/Amiblu-logo-website-1.png\",\"contentUrl\":\"https:\\\/\\\/www.amiblu.com\\\/wp-content\\\/uploads\\\/2021\\\/01\\\/Amiblu-logo-website-1.png\",\"width\":201,\"height\":38,\"caption\":\"Amiblu Group\"},\"image\":{\"@id\":\"https:\\\/\\\/www.amiblu.com\\\/es\\\/#\\\/schema\\\/logo\\\/image\\\/\"},\"sameAs\":[\"https:\\\/\\\/www.facebook.com\\\/amiblupipes\",\"https:\\\/\\\/www.youtube.com\\\/c\\\/Amiblu\",\"https:\\\/\\\/de.wikipedia.org\\\/wiki\\\/Amiblu\",\"https:\\\/\\\/www.linkedin.com\\\/company\\\/amiblupipes\\\/\"]}]}<\/script>\n<!-- \/ Yoast SEO Premium plugin. -->","yoast_head_json":{"title":"Aviso legal","description":"La informaci\u00f3n que le proporcionamos en las p\u00e1ginas web de Amiblu se ha recopilado con la mayor atenci\u00f3n posible y se actualiza constantemente.","robots":{"index":"noindex","follow":"follow"},"og_locale":"es_ES","og_type":"article","og_title":"Aviso legal","og_description":"La informaci\u00f3n que le proporcionamos en las p\u00e1ginas web de Amiblu se ha recopilado con la mayor atenci\u00f3n posible y se actualiza constantemente.","og_url":"https:\/\/www.amiblu.com\/es\/aviso-legal\/","og_site_name":"Amiblu","article_publisher":"https:\/\/www.facebook.com\/amiblupipes","article_modified_time":"2022-02-10T10:06:36+00:00","twitter_card":"summary_large_image","twitter_misc":{"Tiempo de lectura":"2 minutos"},"schema":{"@context":"https:\/\/schema.org","@graph":[{"@type":"WebPage","@id":"https:\/\/www.amiblu.com\/es\/aviso-legal\/","url":"https:\/\/www.amiblu.com\/es\/aviso-legal\/","name":"Aviso legal","isPartOf":{"@id":"https:\/\/www.amiblu.com\/es\/#website"},"datePublished":"2021-08-02T08:14:30+00:00","dateModified":"2022-02-10T10:06:36+00:00","description":"La informaci\u00f3n que le proporcionamos en las p\u00e1ginas web de Amiblu se ha recopilado con la mayor atenci\u00f3n posible y se actualiza constantemente.","inLanguage":"es","potentialAction":[{"@type":"ReadAction","target":["https:\/\/www.amiblu.com\/es\/aviso-legal\/"]}]},{"@type":"WebSite","@id":"https:\/\/www.amiblu.com\/es\/#website","url":"https:\/\/www.amiblu.com\/es\/","name":"Amiblu","description":"GFK-Rohrsysteme f\u00fcr Generationen","publisher":{"@id":"https:\/\/www.amiblu.com\/es\/#organization"},"potentialAction":[{"@type":"SearchAction","target":{"@type":"EntryPoint","urlTemplate":"https:\/\/www.amiblu.com\/es\/?s={search_term_string}"},"query-input":{"@type":"PropertyValueSpecification","valueRequired":true,"valueName":"search_term_string"}}],"inLanguage":"es"},{"@type":"Organization","@id":"https:\/\/www.amiblu.com\/es\/#organization","name":"Amiblu Group","url":"https:\/\/www.amiblu.com\/es\/","logo":{"@type":"ImageObject","inLanguage":"es","@id":"https:\/\/www.amiblu.com\/es\/#\/schema\/logo\/image\/","url":"https:\/\/www.amiblu.com\/wp-content\/uploads\/2021\/01\/Amiblu-logo-website-1.png","contentUrl":"https:\/\/www.amiblu.com\/wp-content\/uploads\/2021\/01\/Amiblu-logo-website-1.png","width":201,"height":38,"caption":"Amiblu Group"},"image":{"@id":"https:\/\/www.amiblu.com\/es\/#\/schema\/logo\/image\/"},"sameAs":["https:\/\/www.facebook.com\/amiblupipes","https:\/\/www.youtube.com\/c\/Amiblu","https:\/\/de.wikipedia.org\/wiki\/Amiblu","https:\/\/www.linkedin.com\/company\/amiblupipes\/"]}]}},"_links":{"self":[{"href":"https:\/\/www.amiblu.com\/es\/wp-json\/wp\/v2\/pages\/39872","targetHints":{"allow":["GET"]}}],"collection":[{"href":"https:\/\/www.amiblu.com\/es\/wp-json\/wp\/v2\/pages"}],"about":[{"href":"https:\/\/www.amiblu.com\/es\/wp-json\/wp\/v2\/types\/page"}],"author":[{"embeddable":true,"href":"https:\/\/www.amiblu.com\/es\/wp-json\/wp\/v2\/users\/5"}],"replies":[{"embeddable":true,"href":"https:\/\/www.amiblu.com\/es\/wp-json\/wp\/v2\/comments?post=39872"}],"version-history":[{"count":4,"href":"https:\/\/www.amiblu.com\/es\/wp-json\/wp\/v2\/pages\/39872\/revisions"}],"predecessor-version":[{"id":40199,"href":"https:\/\/www.amiblu.com\/es\/wp-json\/wp\/v2\/pages\/39872\/revisions\/40199"}],"wp:attachment":[{"href":"https:\/\/www.amiblu.com\/es\/wp-json\/wp\/v2\/media?parent=39872"}],"curies":[{"name":"wp","href":"https:\/\/api.w.org\/{rel}","templated":true}]}}