{"id":39875,"date":"2021-08-02T10:18:02","date_gmt":"2021-08-02T08:18:02","guid":{"rendered":"https:\/\/www.amiblu.com\/?page_id=39875"},"modified":"2022-03-07T11:03:20","modified_gmt":"2022-03-07T10:03:20","slug":"politica-de-privacidad","status":"publish","type":"page","link":"https:\/\/www.amiblu.com\/es\/politica-de-privacidad\/","title":{"rendered":"Pol\u00edtica de Privacidad"},"content":{"rendered":"\n<style type=\"text\/css\" data-created_by=\"avia_inline_auto\" id=\"style-css-av-krucyk7t-28278672b92c1d6149c05c1bdc437102\">\n#top .av-special-heading.av-krucyk7t-28278672b92c1d6149c05c1bdc437102{\npadding-bottom:10px;\n}\nbody .av-special-heading.av-krucyk7t-28278672b92c1d6149c05c1bdc437102 .av-special-heading-tag .heading-char{\nfont-size:25px;\n}\n.av-special-heading.av-krucyk7t-28278672b92c1d6149c05c1bdc437102 .av-subheading{\nfont-size:15px;\n}\n<\/style>\n<div  class='av-special-heading av-krucyk7t-28278672b92c1d6149c05c1bdc437102 av-special-heading-h1 blockquote modern-quote  avia-builder-el-0  el_before_av_textblock  avia-builder-el-first '><h1 class='av-special-heading-tag '  itemprop=\"headline\"  >Pol\u00edtica de Privacidad de Amiblu Group<\/h1><div class=\"special-heading-border\"><div class=\"special-heading-inner-border\"><\/div><\/div><\/div>\n<section  class='av_textblock_section av-kkxzxc1l-7f33b4d4b87faa09f279d9f27cda48f1 '   itemscope=\"itemscope\" itemtype=\"https:\/\/schema.org\/CreativeWork\" ><div class='avia_textblock'  itemprop=\"text\" ><p><strong>1. Informaci\u00f3n General<\/strong><\/p>\n<p>La protecci\u00f3n de tus datos personales es un asunto clave para nosotros y por ello tiene una gran prioridad. Por esta raz\u00f3n, procesamos tus datos \u00fanicamente bas\u00e1ndonos en las regulaciones de protecci\u00f3n de datos aplicables, en especial la GDPR (General Data Protection Regulation) de la UE y la \u00abAustrian Data Protection Act and Telecommunications Act\u00bb. En esta declaraci\u00f3n de protecci\u00f3n de datos, te informamos de los aspectos clave del procesamiento de datos en relaci\u00f3n a nuestra p\u00e1gina web.<\/p>\n<p><strong>2. Tus datos<\/strong><\/p>\n<p><strong>2.1 Recopilaci\u00f3n y protecci\u00f3n de tus datos<\/strong><\/p>\n<p>El procesamiento de los datos personales que nos proporciona voluntariamente para su uso en servicios especiales y portales es necesario para poder atender tus dudas, pedidos, aplicaciones, etc. y preparar y concluir contratos y enviar noticias.<\/p>\n<p><strong>2.2 Transferencia de datos<\/strong><\/p>\n<p>\u00danicamente transferiremos tus datos dentro de Amiblu Group si su funci\u00f3n es el establecimiento de contratos o la atenci\u00f3n de tus intereses. Mantendremos la confidencialidad de tus datos personales y no los venderemos, alquilaremos ni pondremos a disposici\u00f3n de terceros.<\/p>\n<p>Su transferencia a instituciones estatales y autoridades ocurrir\u00e1 \u00fanicamente en el contexto de una regulaci\u00f3n legal nacional obligatoria.<\/p>\n<p><strong>3. Cookies<\/strong><\/p>\n<p>Todas las p\u00e1ginas web de Amiblu usan cookies. Una cookie es un peque\u00f1o fichero de texto que est\u00e1 almacenado en tu ordenador. Una cookie permite que tu navegador te reconozca a ti y a tus ajustes m\u00e1s recientes (por ejemplo, ajustes de idioma) en la p\u00e1gina web. Los ajustes estar\u00e1n disponibles inmediatamente y no deber\u00e1n rehacerse.<\/p>\n<p>Si no deseas que reconozcamos tu dispositivo, configura tu navegador para que elimine todas las cookies de tu dispositivo, bloquee todas las cookies o recibas una alerta antes de que estas se almacenen.<\/p>\n<p>Recuerda que ciertas funciones de nuestra web pueden dejar de funcionar, o no funcionar correctamente, sin las cookies.<\/p>\n<p><strong>4. Google Analytics<\/strong><\/p>\n<p>Esta p\u00e1gina web usa Google Analytics, un servicio de an\u00e1lisis web de Google, Inc. (\u201cGoogle\u201d). Google Analytics usa cookies, que son ficheros de texto almacenados en tu ordenador que le ayudan a analizar c\u00f3mo usan los usuarios la p\u00e1gina web. La informaci\u00f3n generada por la cookie sobre tu uso de nuestra p\u00e1gina web (incluyendo tu direcci\u00f3n IP) ser\u00e1n transmitidos y almacenados en Google en sus servidores de EE. UU. Google usa esta informaci\u00f3n para evaluar tu uso de la p\u00e1gina, completar informes sobre la actividad de los operadores de la p\u00e1gina y ofrecer otros servicios relacionados con la actividad de la p\u00e1gina web y el uso de internet. Google puede tambi\u00e9n transferir esta informaci\u00f3n a terceros en el caso de que la ley lo exija, o en el caso de que estos terceros procesen la informaci\u00f3n para Google. Google no asociar\u00e1 tu direcci\u00f3n IP con ning\u00fan otro dato que Google tenga.<\/p>\n<p>Puedes renunciar a usar nuestras cookies reajustando la configuraci\u00f3n de tu navegador. Recuerda que si haces esto no podr\u00e1s tener la funcionalidad completa de esta p\u00e1gina web. Adem\u00e1s, puedes evitar que Google recopile y procese los datos relacionados con el uso de la p\u00e1gina web (incluyendo la direcci\u00f3n IP) descargando e instalando Google Analytics Opt-out Browser Add-on.<\/p>\n<p>Usando esta p\u00e1gina web, expresas tu consentimiento al procesamiento de datos recopilados por Google sobre ti de la forma previamente descrita y por las razones previamente mencionadas. El uso de Google Analytics tiene como \u00fanica funci\u00f3n la optimizaci\u00f3n y el dise\u00f1o basado en las necesidades de nuestra p\u00e1gina web. M\u00e1s informaci\u00f3n disponible sobre las tecnolog\u00edas que Google usa en el siguiente link:\u00a0<a href=\"http:\/\/www.google.com\/analytics\">www.google.com\/analytics<\/a>.<\/p>\n<p><strong>5. Newsletter<\/strong><\/p>\n<p>Tienes la opci\u00f3n de suscribirte a nuestra newsletter desde nuestra web. Para ello, necesitamos tu nombre, tu direcci\u00f3n de correo electr\u00f3nico, la empresa para la que trabajas, el pa\u00eds en el que vives y tu consentimiento para recibir esta newsletter y para el procesamiento de tus datos personales.<\/p>\n<p>Puedes cambiar tus preferencias de la newsletter o anular la suscripci\u00f3n en el \u00e1rea de tu cuenta o mediante un email a info@amiblu.com. Eliminaremos inmediatamente tus datos relacionados con la suscripci\u00f3n a la newsletter.<\/p>\n<p><strong>6. Tus derechos<\/strong><\/p>\n<p>Tienes derecho a pedir informaci\u00f3n a Amiblu sobre tus datos personales almacenados. Adem\u00e1s, tienes derecho a pedir que estos datos sean corregidos, eliminados, restringidos, rechazar su procesamiento y que a ti, o un tercero nombrado por ti, se os transfieran los datos almacenados de manera adecuada.<\/p>\n<p>Si tu solicitud no puede ser o no es gestionada en un mes a partir de la recepci\u00f3n de la misma, tienes derecho a emitir una queja a una autoridad supervisora. El responsable de la autoridad supervisora es el Austrian Data Protection Authority en Viena.<\/p>\n<p><strong>7. Tus solicitudes<\/strong><\/p>\n<p>Para cualquier asunto relacionado con la privacidad de datos y la lista de derechos mencionados previamente, contacta con el coordinador de protecci\u00f3n de datos de Amiblu siguiendo los siguientes pasos:<\/p>\n<p>Amiblu Holding GmbH<strong><br \/>\n<\/strong>Data Protection Coordinator<\/p>\n<p>Sterneckstra\u00dfe 19<br \/>\n9020 Klagenfurt am W\u00f6rthersee<br \/>\nAustria<\/p>\n<p><img decoding=\"async\" class=\"alignnone size-full wp-image-44826\" src=\"https:\/\/www.amiblu.com\/wp-content\/uploads\/privacy@amiblu.com-address.png\" alt=\"privacy@amiblu.com\" width=\"124\" height=\"16\" \/><\/p>\n<p>Facil\u00edtanos tus datos de contacto, nombre de la p\u00e1gina web o servicio y una descripci\u00f3n detallada de la consulta o duda sobre la protecci\u00f3n de datos.<\/p>\n<p>Sin embargo, te pedimos que entiendas que para tu protecci\u00f3n frente a dudas o consultas por terceros no autorizados, solamente facilitaremos informaci\u00f3n escribiendo a la direcci\u00f3n postal que nos hayas proporcionado en los respectivos portales.<\/p>\n<p><strong>8. Cambios en la pol\u00edtica de privacidad<\/strong><\/p>\n<p>La pol\u00edtica de protecci\u00f3n de datos ser\u00e1 revisada peri\u00f3dicamente. Por ello te recomendamos que revises tambi\u00e9n la pol\u00edtica de privacidad de forma peri\u00f3dica.<\/p>\n<\/div><\/section>\n","protected":false},"excerpt":{"rendered":"","protected":false},"author":5,"featured_media":0,"parent":0,"menu_order":210,"comment_status":"closed","ping_status":"closed","template":"","meta":{"_acf_changed":false,"footnotes":""},"class_list":["post-39875","page","type-page","status-publish","hentry"],"acf":[],"yoast_head":"<!-- This site is optimized with the Yoast SEO Premium plugin v27.5 (Yoast SEO v27.5) - https:\/\/yoast.com\/product\/yoast-seo-premium-wordpress\/ -->\n<title>Pol\u00edtica de Privacidad de Amiblu Group<\/title>\n<meta name=\"description\" content=\"En esta declaraci\u00f3n de protecci\u00f3n de datos, te informamos de los aspectos clave del procesamiento de datos en relaci\u00f3n a nuestra p\u00e1gina web.\" \/>\n<meta name=\"robots\" content=\"index, follow, max-snippet:-1, max-image-preview:large, max-video-preview:-1\" \/>\n<link rel=\"canonical\" href=\"https:\/\/www.amiblu.com\/es\/politica-de-privacidad\/\" \/>\n<meta property=\"og:locale\" content=\"es_ES\" \/>\n<meta property=\"og:type\" content=\"article\" \/>\n<meta property=\"og:title\" content=\"Pol\u00edtica de Privacidad\" \/>\n<meta property=\"og:description\" content=\"En esta declaraci\u00f3n de protecci\u00f3n de datos, te informamos de los aspectos clave del procesamiento de datos en relaci\u00f3n a nuestra p\u00e1gina web.\" \/>\n<meta property=\"og:url\" content=\"https:\/\/www.amiblu.com\/es\/politica-de-privacidad\/\" \/>\n<meta property=\"og:site_name\" content=\"Amiblu\" \/>\n<meta property=\"article:publisher\" content=\"https:\/\/www.facebook.com\/amiblupipes\" \/>\n<meta property=\"article:modified_time\" content=\"2022-03-07T10:03:20+00:00\" \/>\n<meta property=\"og:image\" content=\"https:\/\/www.amiblu.com\/wp-content\/uploads\/privacy@amiblu.com-address.png\" \/>\n<meta name=\"twitter:card\" content=\"summary_large_image\" \/>\n<meta name=\"twitter:label1\" content=\"Tiempo de lectura\" \/>\n\t<meta name=\"twitter:data1\" content=\"5 minutos\" \/>\n<script type=\"application\/ld+json\" class=\"yoast-schema-graph\">{\"@context\":\"https:\\\/\\\/schema.org\",\"@graph\":[{\"@type\":\"WebPage\",\"@id\":\"https:\\\/\\\/www.amiblu.com\\\/es\\\/politica-de-privacidad\\\/\",\"url\":\"https:\\\/\\\/www.amiblu.com\\\/es\\\/politica-de-privacidad\\\/\",\"name\":\"Pol\u00edtica de Privacidad de Amiblu Group\",\"isPartOf\":{\"@id\":\"https:\\\/\\\/www.amiblu.com\\\/es\\\/#website\"},\"primaryImageOfPage\":{\"@id\":\"https:\\\/\\\/www.amiblu.com\\\/es\\\/politica-de-privacidad\\\/#primaryimage\"},\"image\":{\"@id\":\"https:\\\/\\\/www.amiblu.com\\\/es\\\/politica-de-privacidad\\\/#primaryimage\"},\"thumbnailUrl\":\"https:\\\/\\\/www.amiblu.com\\\/wp-content\\\/uploads\\\/privacy@amiblu.com-address.png\",\"datePublished\":\"2021-08-02T08:18:02+00:00\",\"dateModified\":\"2022-03-07T10:03:20+00:00\",\"description\":\"En esta declaraci\u00f3n de protecci\u00f3n de datos, te informamos de los aspectos clave del procesamiento de datos en relaci\u00f3n a nuestra p\u00e1gina web.\",\"inLanguage\":\"es\",\"potentialAction\":[{\"@type\":\"ReadAction\",\"target\":[\"https:\\\/\\\/www.amiblu.com\\\/es\\\/politica-de-privacidad\\\/\"]}]},{\"@type\":\"ImageObject\",\"inLanguage\":\"es\",\"@id\":\"https:\\\/\\\/www.amiblu.com\\\/es\\\/politica-de-privacidad\\\/#primaryimage\",\"url\":\"https:\\\/\\\/www.amiblu.com\\\/wp-content\\\/uploads\\\/privacy@amiblu.com-address.png\",\"contentUrl\":\"https:\\\/\\\/www.amiblu.com\\\/wp-content\\\/uploads\\\/privacy@amiblu.com-address.png\"},{\"@type\":\"WebSite\",\"@id\":\"https:\\\/\\\/www.amiblu.com\\\/es\\\/#website\",\"url\":\"https:\\\/\\\/www.amiblu.com\\\/es\\\/\",\"name\":\"Amiblu\",\"description\":\"GFK-Rohrsysteme f\u00fcr Generationen\",\"publisher\":{\"@id\":\"https:\\\/\\\/www.amiblu.com\\\/es\\\/#organization\"},\"potentialAction\":[{\"@type\":\"SearchAction\",\"target\":{\"@type\":\"EntryPoint\",\"urlTemplate\":\"https:\\\/\\\/www.amiblu.com\\\/es\\\/?s={search_term_string}\"},\"query-input\":{\"@type\":\"PropertyValueSpecification\",\"valueRequired\":true,\"valueName\":\"search_term_string\"}}],\"inLanguage\":\"es\"},{\"@type\":\"Organization\",\"@id\":\"https:\\\/\\\/www.amiblu.com\\\/es\\\/#organization\",\"name\":\"Amiblu Group\",\"url\":\"https:\\\/\\\/www.amiblu.com\\\/es\\\/\",\"logo\":{\"@type\":\"ImageObject\",\"inLanguage\":\"es\",\"@id\":\"https:\\\/\\\/www.amiblu.com\\\/es\\\/#\\\/schema\\\/logo\\\/image\\\/\",\"url\":\"https:\\\/\\\/www.amiblu.com\\\/wp-content\\\/uploads\\\/2021\\\/01\\\/Amiblu-logo-website-1.png\",\"contentUrl\":\"https:\\\/\\\/www.amiblu.com\\\/wp-content\\\/uploads\\\/2021\\\/01\\\/Amiblu-logo-website-1.png\",\"width\":201,\"height\":38,\"caption\":\"Amiblu Group\"},\"image\":{\"@id\":\"https:\\\/\\\/www.amiblu.com\\\/es\\\/#\\\/schema\\\/logo\\\/image\\\/\"},\"sameAs\":[\"https:\\\/\\\/www.facebook.com\\\/amiblupipes\",\"https:\\\/\\\/www.youtube.com\\\/c\\\/Amiblu\",\"https:\\\/\\\/de.wikipedia.org\\\/wiki\\\/Amiblu\",\"https:\\\/\\\/www.linkedin.com\\\/company\\\/amiblupipes\\\/\"]}]}<\/script>\n<!-- \/ Yoast SEO Premium plugin. -->","yoast_head_json":{"title":"Pol\u00edtica de Privacidad de Amiblu Group","description":"En esta declaraci\u00f3n de protecci\u00f3n de datos, te informamos de los aspectos clave del procesamiento de datos en relaci\u00f3n a nuestra p\u00e1gina web.","robots":{"index":"index","follow":"follow","max-snippet":"max-snippet:-1","max-image-preview":"max-image-preview:large","max-video-preview":"max-video-preview:-1"},"canonical":"https:\/\/www.amiblu.com\/es\/politica-de-privacidad\/","og_locale":"es_ES","og_type":"article","og_title":"Pol\u00edtica de Privacidad","og_description":"En esta declaraci\u00f3n de protecci\u00f3n de datos, te informamos de los aspectos clave del procesamiento de datos en relaci\u00f3n a nuestra p\u00e1gina web.","og_url":"https:\/\/www.amiblu.com\/es\/politica-de-privacidad\/","og_site_name":"Amiblu","article_publisher":"https:\/\/www.facebook.com\/amiblupipes","article_modified_time":"2022-03-07T10:03:20+00:00","og_image":[{"url":"https:\/\/www.amiblu.com\/wp-content\/uploads\/privacy@amiblu.com-address.png","type":"","width":"","height":""}],"twitter_card":"summary_large_image","twitter_misc":{"Tiempo de lectura":"5 minutos"},"schema":{"@context":"https:\/\/schema.org","@graph":[{"@type":"WebPage","@id":"https:\/\/www.amiblu.com\/es\/politica-de-privacidad\/","url":"https:\/\/www.amiblu.com\/es\/politica-de-privacidad\/","name":"Pol\u00edtica de Privacidad de Amiblu Group","isPartOf":{"@id":"https:\/\/www.amiblu.com\/es\/#website"},"primaryImageOfPage":{"@id":"https:\/\/www.amiblu.com\/es\/politica-de-privacidad\/#primaryimage"},"image":{"@id":"https:\/\/www.amiblu.com\/es\/politica-de-privacidad\/#primaryimage"},"thumbnailUrl":"https:\/\/www.amiblu.com\/wp-content\/uploads\/privacy@amiblu.com-address.png","datePublished":"2021-08-02T08:18:02+00:00","dateModified":"2022-03-07T10:03:20+00:00","description":"En esta declaraci\u00f3n de protecci\u00f3n de datos, te informamos de los aspectos clave del procesamiento de datos en relaci\u00f3n a nuestra p\u00e1gina web.","inLanguage":"es","potentialAction":[{"@type":"ReadAction","target":["https:\/\/www.amiblu.com\/es\/politica-de-privacidad\/"]}]},{"@type":"ImageObject","inLanguage":"es","@id":"https:\/\/www.amiblu.com\/es\/politica-de-privacidad\/#primaryimage","url":"https:\/\/www.amiblu.com\/wp-content\/uploads\/privacy@amiblu.com-address.png","contentUrl":"https:\/\/www.amiblu.com\/wp-content\/uploads\/privacy@amiblu.com-address.png"},{"@type":"WebSite","@id":"https:\/\/www.amiblu.com\/es\/#website","url":"https:\/\/www.amiblu.com\/es\/","name":"Amiblu","description":"GFK-Rohrsysteme f\u00fcr Generationen","publisher":{"@id":"https:\/\/www.amiblu.com\/es\/#organization"},"potentialAction":[{"@type":"SearchAction","target":{"@type":"EntryPoint","urlTemplate":"https:\/\/www.amiblu.com\/es\/?s={search_term_string}"},"query-input":{"@type":"PropertyValueSpecification","valueRequired":true,"valueName":"search_term_string"}}],"inLanguage":"es"},{"@type":"Organization","@id":"https:\/\/www.amiblu.com\/es\/#organization","name":"Amiblu Group","url":"https:\/\/www.amiblu.com\/es\/","logo":{"@type":"ImageObject","inLanguage":"es","@id":"https:\/\/www.amiblu.com\/es\/#\/schema\/logo\/image\/","url":"https:\/\/www.amiblu.com\/wp-content\/uploads\/2021\/01\/Amiblu-logo-website-1.png","contentUrl":"https:\/\/www.amiblu.com\/wp-content\/uploads\/2021\/01\/Amiblu-logo-website-1.png","width":201,"height":38,"caption":"Amiblu Group"},"image":{"@id":"https:\/\/www.amiblu.com\/es\/#\/schema\/logo\/image\/"},"sameAs":["https:\/\/www.facebook.com\/amiblupipes","https:\/\/www.youtube.com\/c\/Amiblu","https:\/\/de.wikipedia.org\/wiki\/Amiblu","https:\/\/www.linkedin.com\/company\/amiblupipes\/"]}]}},"_links":{"self":[{"href":"https:\/\/www.amiblu.com\/es\/wp-json\/wp\/v2\/pages\/39875","targetHints":{"allow":["GET"]}}],"collection":[{"href":"https:\/\/www.amiblu.com\/es\/wp-json\/wp\/v2\/pages"}],"about":[{"href":"https:\/\/www.amiblu.com\/es\/wp-json\/wp\/v2\/types\/page"}],"author":[{"embeddable":true,"href":"https:\/\/www.amiblu.com\/es\/wp-json\/wp\/v2\/users\/5"}],"replies":[{"embeddable":true,"href":"https:\/\/www.amiblu.com\/es\/wp-json\/wp\/v2\/comments?post=39875"}],"version-history":[{"count":8,"href":"https:\/\/www.amiblu.com\/es\/wp-json\/wp\/v2\/pages\/39875\/revisions"}],"predecessor-version":[{"id":44873,"href":"https:\/\/www.amiblu.com\/es\/wp-json\/wp\/v2\/pages\/39875\/revisions\/44873"}],"wp:attachment":[{"href":"https:\/\/www.amiblu.com\/es\/wp-json\/wp\/v2\/media?parent=39875"}],"curies":[{"name":"wp","href":"https:\/\/api.w.org\/{rel}","templated":true}]}}