{"id":40326,"date":"2021-08-11T10:36:48","date_gmt":"2021-08-11T08:36:48","guid":{"rendered":"https:\/\/www.amiblu.com\/?page_id=40326"},"modified":"2022-02-10T11:06:34","modified_gmt":"2022-02-10T10:06:34","slug":"copyright","status":"publish","type":"page","link":"https:\/\/www.amiblu.com\/es\/copyright\/","title":{"rendered":"Copyright ES"},"content":{"rendered":"<section  class='av_textblock_section av-ko8k9xz1-f783c81f6a613007f5b48c54d539bc2e '   itemscope=\"itemscope\" itemtype=\"https:\/\/schema.org\/CreativeWork\" ><div class='avia_textblock'  itemprop=\"text\" ><div class=\"wpb_column vc_column_container vc_col-sm-8\">\n<div class=\"vc_column-inner\">\n<div class=\"wpb_wrapper\">\n<div class=\"wpb_text_column wpb_content_element \">\n<div class=\"wpb_wrapper\">\n<h2>Elaboraciones t\u00e9cnicas<br \/>\nProtecci\u00f3n de los derechos de autor \/ copyright, limitaci\u00f3n de responsabilidad<\/h2>\n<\/div>\n<\/div>\n<\/div>\n<\/div>\n<div class=\"vc_column-inner\">\n<div class=\"wpb_wrapper\">\n<div class=\"wpb_text_column wpb_content_element \">\n<div class=\"wpb_wrapper\">\n<h2>I. Copyright \/ Derecho de autor:<\/h2>\n<p>Todos los contenidos de este trabajo, especialmente los dibujos t\u00e9cnicos, bocetos, gr\u00e1ficos y fotograf\u00edas, est\u00e1n protegidos por derechos de autor. El derecho de publicaci\u00f3n, distribuci\u00f3n, edici\u00f3n y traducci\u00f3n queda reservado al licenciante. Se except\u00faan las obras expresamente marcadas, autorizadas o creadas para proyectos espec\u00edficos o licitaciones p\u00fablicas; \u00e9stas pueden utilizarse de acuerdo con las condiciones de uso enumeradas en el punto II. Se permite la realizaci\u00f3n de copias sin m\u00e1s consentimiento (derecho de reproducci\u00f3n). Si desea utilizar el contenido de este material, p\u00f3ngase en contacto con el autor del archivo t\u00e9cnico.<\/p>\n<p><strong>Nota: Todo aquel que viole la ley de derechos de autor es susceptible de ser procesado de acuerdo con las disposiciones legales pertinentes, tambi\u00e9n ser\u00e1 advertido de los cargos que se le imputan y deber\u00e1 pagar los da\u00f1os y perjuicios.<\/strong><\/p>\n<h2>II. Condiciones de uso:<\/h2>\n<p><span dir=\"ltr\"><strong>El licenciante<\/strong> es una empresa del Grupo Amiblu.<br \/>\n<strong>El usuario<\/strong> es el destinatario del material creado por Amiblu.<\/span><\/p>\n<p><strong>Pre\u00e1mbulo<\/strong><\/p>\n<p><span dir=\"ltr\">El Grupo Amiblu es el mayor fabricante y socio tecnol\u00f3gico del mundo de sistemas de tuber\u00edas y soluciones de pl\u00e1stico reforzado con fibra de vidrio (PRFV). El licenciante proporciona materiales en forma de elaboraciones t\u00e9cnicas para proyectos y licitaciones p\u00fablicas para el uso de productos Amiblu de PRFV.<\/span><\/p>\n<p><strong>1. Relaci\u00f3n legal entre el licenciante y el usuario:<\/strong><\/p>\n<p>La utilizaci\u00f3n del material (por ejemplo, la elaboraci\u00f3n t\u00e9cnica) no constituye un contrato de consulta o de informaci\u00f3n entre el licenciante del material y el usuario. A este respecto, no existen reclamaciones contractuales o cuasi-contractuales del usuario contra el licenciante.<\/p>\n<p><strong>2. Objeto<\/strong><\/p>\n<p><span dir=\"ltr\">El licenciante es titular de los derechos de explotaci\u00f3n de las <strong>elaboraciones, dibujos t\u00e9cnicos, bocetos, gr\u00e1ficos y fotograf\u00edas<\/strong> (en adelante denominadas \u00ab<strong>materiales<\/strong>\u00ab) realizadas por sus empleados o por terceros en su nombre.<br \/>\nEl licenciante pone las obras a disposici\u00f3n del usuario de conformidad con las siguientes condiciones de uso y el usuario las reconoce y se compromete expresamente a cumplirlas.<\/span><\/p>\n<p><strong>3. Otorgamiento de derechos<\/strong><\/p>\n<p>3.1 El licenciante concede al usuario el derecho no exclusivo de utilizar, reproducir, distribuir y poner a disposici\u00f3n de los participantes en el proyecto las obras para la planificaci\u00f3n del respectivo proyecto o la respectiva licitaci\u00f3n. Cualquier otro uso de los materiales requiere el consentimiento previo por escrito de Amiblu.<\/p>\n<p>3.2 La edici\u00f3n o alteraci\u00f3n de un material, como el acortamiento, la divisi\u00f3n o la combinaci\u00f3n con otros materiales, puede dar lugar a que la funci\u00f3n esperada por el usuario deje de estar disponible. Por lo tanto, el licenciante recomienda encarecidamente al usuario que consulte con \u00e9l sobre cualquier cambio.<\/p>\n<p>3.3 No se permite al usuario utilizar los materiales para la planificaci\u00f3n de otros trabajos que no sean el proyecto o la licitaci\u00f3n en cuesti\u00f3n y, en especial, no se le permite utilizar los materiales de forma que se favorezca a los competidores de Amiblu (por ejemplo, el uso de productos de terceros, es decir, que no procedan de productos de PRFV suministrados por Amiblu o se trate de productos hechos de otros materiales (no PRFV)).<\/p>\n<p><strong>4. Derechos y obligaciones del licenciante<\/strong><\/p>\n<p><span dir=\"ltr\">4.1 El licenciante transfiere los materiales al usuario en formato digital y\/o f\u00edsico (impresi\u00f3n).<\/span><\/p>\n<p><span dir=\"ltr\">4.2 Igualmente, el licenciante tiene derecho a ceder las obras a terceros en cualquier forma.<\/span><\/p>\n<p><strong>5. Derechos y obligaciones del usuario<\/strong><\/p>\n<p>5.1 El usuario no tiene derecho a utilizar las obras para ning\u00fan otro fin que el acordado con el licenciante (por ejemplo, licitaci\u00f3n, proyecto definido, utilizaci\u00f3n de documentos t\u00e9cnicos (hojas de datos, dibujos del sistema) en los documentos del proyecto).<\/p>\n<p>5.2 El usuario no est\u00e1 obligado a ejercer los derechos que se le asignan en el punto 2 \u00abObjeto\u00bb.<\/p>\n<p>5.3 El usuario est\u00e1 obligado a dejar o adjuntar el siguiente aviso de copyright en un lugar visible en cada reproducci\u00f3n de los materiales:<\/p>\n<p>\u00ab\u00a9 Copyright Agosto 2020 \u2013 Aviso de Copyright. Cf. Condiciones de uso en <a href=\"http:\/\/www.amiblu.com\">www.amiblu.com<\/a>.\u00bb<\/p>\n<p><strong>6. Transferibilidad\/Sublicencias<\/strong><\/p>\n<p>6.1 El usuario no est\u00e1 autorizado a transferir a terceros los derechos que se le han concedido en relaci\u00f3n con los materiales ni a concederles sublicencias, a menos que el licenciante haya dado previamente su consentimiento expreso por escrito.<\/p>\n<p>6.2 En la medida en que el usuario adopte disposiciones de acuerdo con el punto 5.1 en casos individuales, el usuario, adem\u00e1s del comprador\/subusuario, sigue siendo responsable solidario ante el licenciante en toda su extensi\u00f3n del cumplimiento de todas las obligaciones relacionadas con las obras y de todos los da\u00f1os derivados de su incumplimiento por parte del comprador\/subusuario (responsabilidad conjunta y solidaria).<\/p>\n<p><strong>7. Garant\u00edas del licenciante<\/strong><\/p>\n<p><span dir=\"ltr\">El licenciante declara que es titular de los derechos de utilizaci\u00f3n de los materiales y, en particular, que est\u00e1 autorizado a conceder derechos de utilizaci\u00f3n o licencias a terceros para la explotaci\u00f3n de los mismos.<\/span><\/p>\n<p><strong>8. Limitaci\u00f3n de la responsabilidad del licenciante<\/strong><\/p>\n<p><span dir=\"ltr\">8.1 Para los servicios prestados aplican, cuando proceda, las condiciones generales de venta de Amiblu, disponibles en<\/span><a href=\"https:\/\/www.amiblu.com\/wp-content\/uploads\/GTC-Amiblu-EN.pdf\"><span dir=\"ltr\"> https:\/\/www.amiblu.com\/wp<\/span><span dir=\"ltr\">\u2013<\/span><span dir=\"ltr\">content\/uploads\/GTC<\/span><span dir=\"ltr\">\u2013<\/span><span dir=\"ltr\">Amiblu<\/span><span dir=\"ltr\">\u2013<\/span><span dir=\"ltr\">EN.pdf <\/span><\/a><span dir=\"ltr\">.<\/span><\/p>\n<p>8.2 Amiblu se\u00f1ala expresamente que las elaboraciones t\u00e9cnicas son de car\u00e1cter te\u00f3rico. Los resultados s\u00f3lo pueden lograrse en la pr\u00e1ctica si los supuestos corresponden a las condiciones reales del lugar de construcci\u00f3n en el sitio.<\/p>\n<p>8.3 Los documentos han sido preparados de forma fiable y cuidadosa de acuerdo con la opini\u00f3n experta de Amiblu. Amiblu no asume ninguna responsabilidad por la integridad y exactitud del contenido t\u00e9cnico. Esto se refiere en particular a la utilizaci\u00f3n de productos no Amiblu o a la utilizaci\u00f3n de la elaboraci\u00f3n\/materiales para otros proyectos y licitaciones (no acordados).<\/p>\n<p>8.4 La documentaci\u00f3n producida por Amiblu es un servicio en la fase de elaboraci\u00f3n o ejecuci\u00f3n y suele formar parte de la documentaci\u00f3n del proyecto. Amiblu no asume ninguna responsabilidad por la aplicabilidad de los resultados del c\u00e1lculo en caso de desviaciones de los supuestos subyacentes. En particular, Amiblu no asume ninguna responsabilidad si las obras se aplican a productos de terceros, es decir, productos de PRFV no suministrados por Amiblu, o productos hechos de otros materiales (no PRFV).<\/p>\n<p>8.5 El licenciante crea los materiales para un proyecto concreto, una licitaci\u00f3n concreta y acepta exclusivamente el uso de productos Amiblu\/Flowtite\/Hobas. En caso de que los materiales no se utilicen seg\u00fan lo establecido, el licenciante no asume ninguna responsabilidad.<\/p>\n<p><strong>9. Tasa de usuario<\/strong><\/p>\n<p>El licenciante renuncia al cobro de una tasa de usuario por los materiales hasta nuevo aviso. Sin embargo, se reserva el derecho de reclamar al usuario una indemnizaci\u00f3n por los gastos en que haya incurrido en relaci\u00f3n con la creaci\u00f3n de los materiales, en particular en el caso de que el pedido fuera otorgado a un tercero, debido a la utilizaci\u00f3n por parte del usuario de los materiales de una manera no acordada (por ejemplo, para productos que no sean de Amiblu).<\/p>\n<p><strong>10. Duraci\u00f3n<\/strong><\/p>\n<p>Estas condiciones de uso son v\u00e1lidas por un per\u00edodo de tiempo ilimitado hasta nuevo aviso.<\/p>\n<p><strong>11. Otras disposiciones<\/strong><\/p>\n<p>11.1 El lugar de cumplimiento para el licenciante y el usuario es el domicilio social del licenciante. Para todas las disputas que surjan de o en relaci\u00f3n con estas condiciones de uso, se aplicar\u00e1 la jurisdicci\u00f3n exclusiva del tribunal con jurisdicci\u00f3n sobre el tema en el domicilio social del licenciante.<\/p>\n<p>11.2 Las presentes condiciones de uso se regir\u00e1n exclusivamente por la legislaci\u00f3n local del pa\u00eds del usuario, con exclusi\u00f3n de las normas de remisi\u00f3n contenidas en ellas.<\/p>\n<\/div>\n<\/div>\n<\/div>\n<\/div>\n<\/div>\n<\/div><\/section>\n","protected":false},"excerpt":{"rendered":"","protected":false},"author":8,"featured_media":0,"parent":0,"menu_order":190,"comment_status":"closed","ping_status":"closed","template":"","meta":{"_acf_changed":false,"footnotes":""},"class_list":["post-40326","page","type-page","status-publish","hentry"],"acf":[],"yoast_head":"<!-- This site is optimized with the Yoast SEO Premium plugin v27.4 (Yoast SEO v27.4) - https:\/\/yoast.com\/product\/yoast-seo-premium-wordpress\/ -->\n<title>Copyright ES - Amiblu<\/title>\n<meta name=\"robots\" content=\"noindex, follow\" \/>\n<meta property=\"og:locale\" content=\"es_ES\" \/>\n<meta property=\"og:type\" content=\"article\" \/>\n<meta property=\"og:title\" content=\"Copyright ES\" \/>\n<meta property=\"og:url\" content=\"https:\/\/www.amiblu.com\/es\/copyright\/\" \/>\n<meta property=\"og:site_name\" content=\"Amiblu\" \/>\n<meta property=\"article:publisher\" content=\"https:\/\/www.facebook.com\/amiblupipes\" \/>\n<meta property=\"article:modified_time\" content=\"2022-02-10T10:06:34+00:00\" \/>\n<meta name=\"twitter:card\" content=\"summary_large_image\" \/>\n<meta name=\"twitter:label1\" content=\"Tiempo de lectura\" \/>\n\t<meta name=\"twitter:data1\" content=\"6 minutos\" \/>\n<script type=\"application\/ld+json\" class=\"yoast-schema-graph\">{\"@context\":\"https:\\\/\\\/schema.org\",\"@graph\":[{\"@type\":\"WebPage\",\"@id\":\"https:\\\/\\\/www.amiblu.com\\\/es\\\/copyright\\\/\",\"url\":\"https:\\\/\\\/www.amiblu.com\\\/es\\\/copyright\\\/\",\"name\":\"Copyright ES - Amiblu\",\"isPartOf\":{\"@id\":\"https:\\\/\\\/www.amiblu.com\\\/es\\\/#website\"},\"datePublished\":\"2021-08-11T08:36:48+00:00\",\"dateModified\":\"2022-02-10T10:06:34+00:00\",\"inLanguage\":\"es\",\"potentialAction\":[{\"@type\":\"ReadAction\",\"target\":[\"https:\\\/\\\/www.amiblu.com\\\/es\\\/copyright\\\/\"]}]},{\"@type\":\"WebSite\",\"@id\":\"https:\\\/\\\/www.amiblu.com\\\/es\\\/#website\",\"url\":\"https:\\\/\\\/www.amiblu.com\\\/es\\\/\",\"name\":\"Amiblu\",\"description\":\"GFK-Rohrsysteme f\u00fcr Generationen\",\"publisher\":{\"@id\":\"https:\\\/\\\/www.amiblu.com\\\/es\\\/#organization\"},\"potentialAction\":[{\"@type\":\"SearchAction\",\"target\":{\"@type\":\"EntryPoint\",\"urlTemplate\":\"https:\\\/\\\/www.amiblu.com\\\/es\\\/?s={search_term_string}\"},\"query-input\":{\"@type\":\"PropertyValueSpecification\",\"valueRequired\":true,\"valueName\":\"search_term_string\"}}],\"inLanguage\":\"es\"},{\"@type\":\"Organization\",\"@id\":\"https:\\\/\\\/www.amiblu.com\\\/es\\\/#organization\",\"name\":\"Amiblu Group\",\"url\":\"https:\\\/\\\/www.amiblu.com\\\/es\\\/\",\"logo\":{\"@type\":\"ImageObject\",\"inLanguage\":\"es\",\"@id\":\"https:\\\/\\\/www.amiblu.com\\\/es\\\/#\\\/schema\\\/logo\\\/image\\\/\",\"url\":\"https:\\\/\\\/www.amiblu.com\\\/wp-content\\\/uploads\\\/2021\\\/01\\\/Amiblu-logo-website-1.png\",\"contentUrl\":\"https:\\\/\\\/www.amiblu.com\\\/wp-content\\\/uploads\\\/2021\\\/01\\\/Amiblu-logo-website-1.png\",\"width\":201,\"height\":38,\"caption\":\"Amiblu Group\"},\"image\":{\"@id\":\"https:\\\/\\\/www.amiblu.com\\\/es\\\/#\\\/schema\\\/logo\\\/image\\\/\"},\"sameAs\":[\"https:\\\/\\\/www.facebook.com\\\/amiblupipes\",\"https:\\\/\\\/www.youtube.com\\\/c\\\/Amiblu\",\"https:\\\/\\\/de.wikipedia.org\\\/wiki\\\/Amiblu\",\"https:\\\/\\\/www.linkedin.com\\\/company\\\/amiblupipes\\\/\"]}]}<\/script>\n<!-- \/ Yoast SEO Premium plugin. -->","yoast_head_json":{"title":"Copyright ES - Amiblu","robots":{"index":"noindex","follow":"follow"},"og_locale":"es_ES","og_type":"article","og_title":"Copyright ES","og_url":"https:\/\/www.amiblu.com\/es\/copyright\/","og_site_name":"Amiblu","article_publisher":"https:\/\/www.facebook.com\/amiblupipes","article_modified_time":"2022-02-10T10:06:34+00:00","twitter_card":"summary_large_image","twitter_misc":{"Tiempo de lectura":"6 minutos"},"schema":{"@context":"https:\/\/schema.org","@graph":[{"@type":"WebPage","@id":"https:\/\/www.amiblu.com\/es\/copyright\/","url":"https:\/\/www.amiblu.com\/es\/copyright\/","name":"Copyright ES - Amiblu","isPartOf":{"@id":"https:\/\/www.amiblu.com\/es\/#website"},"datePublished":"2021-08-11T08:36:48+00:00","dateModified":"2022-02-10T10:06:34+00:00","inLanguage":"es","potentialAction":[{"@type":"ReadAction","target":["https:\/\/www.amiblu.com\/es\/copyright\/"]}]},{"@type":"WebSite","@id":"https:\/\/www.amiblu.com\/es\/#website","url":"https:\/\/www.amiblu.com\/es\/","name":"Amiblu","description":"GFK-Rohrsysteme f\u00fcr Generationen","publisher":{"@id":"https:\/\/www.amiblu.com\/es\/#organization"},"potentialAction":[{"@type":"SearchAction","target":{"@type":"EntryPoint","urlTemplate":"https:\/\/www.amiblu.com\/es\/?s={search_term_string}"},"query-input":{"@type":"PropertyValueSpecification","valueRequired":true,"valueName":"search_term_string"}}],"inLanguage":"es"},{"@type":"Organization","@id":"https:\/\/www.amiblu.com\/es\/#organization","name":"Amiblu Group","url":"https:\/\/www.amiblu.com\/es\/","logo":{"@type":"ImageObject","inLanguage":"es","@id":"https:\/\/www.amiblu.com\/es\/#\/schema\/logo\/image\/","url":"https:\/\/www.amiblu.com\/wp-content\/uploads\/2021\/01\/Amiblu-logo-website-1.png","contentUrl":"https:\/\/www.amiblu.com\/wp-content\/uploads\/2021\/01\/Amiblu-logo-website-1.png","width":201,"height":38,"caption":"Amiblu Group"},"image":{"@id":"https:\/\/www.amiblu.com\/es\/#\/schema\/logo\/image\/"},"sameAs":["https:\/\/www.facebook.com\/amiblupipes","https:\/\/www.youtube.com\/c\/Amiblu","https:\/\/de.wikipedia.org\/wiki\/Amiblu","https:\/\/www.linkedin.com\/company\/amiblupipes\/"]}]}},"_links":{"self":[{"href":"https:\/\/www.amiblu.com\/es\/wp-json\/wp\/v2\/pages\/40326","targetHints":{"allow":["GET"]}}],"collection":[{"href":"https:\/\/www.amiblu.com\/es\/wp-json\/wp\/v2\/pages"}],"about":[{"href":"https:\/\/www.amiblu.com\/es\/wp-json\/wp\/v2\/types\/page"}],"author":[{"embeddable":true,"href":"https:\/\/www.amiblu.com\/es\/wp-json\/wp\/v2\/users\/8"}],"replies":[{"embeddable":true,"href":"https:\/\/www.amiblu.com\/es\/wp-json\/wp\/v2\/comments?post=40326"}],"version-history":[{"count":4,"href":"https:\/\/www.amiblu.com\/es\/wp-json\/wp\/v2\/pages\/40326\/revisions"}],"predecessor-version":[{"id":40330,"href":"https:\/\/www.amiblu.com\/es\/wp-json\/wp\/v2\/pages\/40326\/revisions\/40330"}],"wp:attachment":[{"href":"https:\/\/www.amiblu.com\/es\/wp-json\/wp\/v2\/media?parent=40326"}],"curies":[{"name":"wp","href":"https:\/\/api.w.org\/{rel}","templated":true}]}}