{"id":60179,"date":"2023-10-10T14:51:13","date_gmt":"2023-10-10T12:51:13","guid":{"rendered":"https:\/\/www.amiblu.com\/?page_id=60179"},"modified":"2023-10-10T14:56:26","modified_gmt":"2023-10-10T12:56:26","slug":"empresa","status":"publish","type":"page","link":"https:\/\/www.amiblu.com\/es\/empresa\/","title":{"rendered":"Empresa"},"content":{"rendered":"\n<style type=\"text\/css\" data-created_by=\"avia_inline_auto\" id=\"style-css-av-l32scn4g-05e7af87d46918a4e98d33edbc1f48d1\">\n.avia-section.av-l32scn4g-05e7af87d46918a4e98d33edbc1f48d1{\nbackground-repeat:no-repeat;\nbackground-image:url(https:\/\/www.amiblu.com\/wp-content\/uploads\/hand-catches-water-stream-outside.webp);\nbackground-position:50% 50%;\nbackground-attachment:scroll;\n}\n.avia-section.av-l32scn4g-05e7af87d46918a4e98d33edbc1f48d1 .av-section-color-overlay{\nopacity:0.3;\nbackground-color:#0a0a0a;\n}\n<\/style>\n<div id='av_section_1'  class='avia-section av-l32scn4g-05e7af87d46918a4e98d33edbc1f48d1 main_color avia-section-default avia-no-border-styling  avia-builder-el-0  el_before_av_section  avia-builder-el-first  amiblu-content amiblu-page-hero avia-bg-style-scroll av-section-color-overlay-active container_wrap fullsize'  data-section-bg-repeat='no-repeat'><div class=\"av-section-color-overlay-wrap\"><div class=\"av-section-color-overlay\"><\/div><div class='container av-section-cont-open' ><main  role=\"main\" itemprop=\"mainContentOfPage\"  class='template-page content  av-content-full alpha units'><div class='post-entry post-entry-type-page post-entry-60179'><div class='entry-content-wrapper clearfix'>\n\n<style type=\"text\/css\" data-created_by=\"avia_inline_auto\" id=\"style-css-av-1221th-bb4c82b18dbef1cafd7f18a868d70d34\">\n.flex_column.av-1221th-bb4c82b18dbef1cafd7f18a868d70d34{\nborder-radius:0px 0px 0px 0px;\npadding:0 0 0 0;\n}\n<\/style>\n<div  class='flex_column av-1221th-bb4c82b18dbef1cafd7f18a868d70d34 av_three_fourth  avia-builder-el-1  avia-builder-el-no-sibling  white-content first flex_column_div av-zero-column-padding  '     ><section  class='av_textblock_section av-l32sm4kh-cbfd8e4334a1853909d596ac30d17daa '   itemscope=\"itemscope\" itemtype=\"https:\/\/schema.org\/CreativeWork\" ><div class='avia_textblock'  itemprop=\"text\" ><h1>Valoramos el agua como es debido<\/h1>\n<\/div><\/section><br \/>\n\n<style type=\"text\/css\" data-created_by=\"avia_inline_auto\" id=\"style-css-av-l4y47c58-135ae47eebb7d2a292a048d4cd5d3614\">\n#top .av_textblock_section.av-l4y47c58-135ae47eebb7d2a292a048d4cd5d3614 .avia_textblock{\nfont-size:20px;\n}\n<\/style>\n<section  class='av_textblock_section av-l4y47c58-135ae47eebb7d2a292a048d4cd5d3614 '   itemscope=\"itemscope\" itemtype=\"https:\/\/schema.org\/CreativeWork\" ><div class='avia_textblock sub-heading'  itemprop=\"text\" ><p>Con tuber\u00edas y accesorios de PRFV de calidad \u00f3ptima dise\u00f1ados para futuras generaciones.<\/p>\n<\/div><\/section><\/p><\/div>\n\n<\/div><\/div><\/main><!-- close content main element --><\/div><\/div><\/div><div id='av_section_2'  class='avia-section av-zy6n9-be88793894d952c880a67f0a6a863a7f main_color avia-section-default avia-no-border-styling  avia-builder-el-4  el_after_av_section  el_before_av_section  amiblu-bw-pr amiblu-jk-pp avia-bg-style-scroll container_wrap fullsize'  ><div class='container av-section-cont-open' ><div class='template-page content  av-content-full alpha units'><div class='post-entry post-entry-type-page post-entry-60179'><div class='entry-content-wrapper clearfix'>\n\n<style type=\"text\/css\" data-created_by=\"avia_inline_auto\" id=\"style-css-av-zc9ix-9b4d158fdc3a0a26504d7f78fb797a65\">\n.flex_column.av-zc9ix-9b4d158fdc3a0a26504d7f78fb797a65{\nborder-radius:0px 0px 0px 0px;\npadding:0px 0px 0px 0px;\n}\n<\/style>\n<div  class='flex_column av-zc9ix-9b4d158fdc3a0a26504d7f78fb797a65 av_two_third  avia-builder-el-5  avia-builder-el-no-sibling  first flex_column_div av-zero-column-padding  '     ><style type=\"text\/css\" data-created_by=\"avia_inline_auto\" id=\"style-css-av-ybukh-6fe593ffbbc6dd028abe71c1ba585f91\">\n#top .av_textblock_section.av-ybukh-6fe593ffbbc6dd028abe71c1ba585f91 .avia_textblock{\nfont-size:20px;\n}\n\n@media only screen and (min-width: 480px) and (max-width: 767px){ \n#top .av_textblock_section.av-ybukh-6fe593ffbbc6dd028abe71c1ba585f91 .avia_textblock{\nfont-size:18px;\n}\n}\n\n@media only screen and (max-width: 479px){ \n#top .av_textblock_section.av-ybukh-6fe593ffbbc6dd028abe71c1ba585f91 .avia_textblock{\nfont-size:16px;\n}\n}\n<\/style>\n<section  class='av_textblock_section av-ybukh-6fe593ffbbc6dd028abe71c1ba585f91 '   itemscope=\"itemscope\" itemtype=\"https:\/\/schema.org\/CreativeWork\" ><div class='avia_textblock'  itemprop=\"text\" ><p>En Amiblu, queremos <strong>afrontar los retos mundiales del agua y la energ\u00eda<\/strong> orientados hacia el futuro y con gran responsabilidad medioambiental. <strong>Dise\u00f1amos tuber\u00edas y accesorios de PRFV de calidad \u00f3ptima con una vida \u00fatil<\/strong> excepcionalmente larga para aplicaciones de <a href=\"https:\/\/www.amiblu.com\/es\/saneamiento\/\">aguas residuales<\/a>, <a href=\"https:\/\/www.amiblu.com\/es\/sistemas-de-retencion\/\">aguas pluviales<\/a>,<a href=\"https:\/\/www.amiblu.com\/es\/agua-potable\/\"> agua potable<\/a>, <a href=\"https:\/\/www.amiblu.com\/es\/riego\/\">regad\u00edo<\/a>, <a href=\"https:\/\/www.amiblu.com\/es\/hidroelectricas\/\">energ\u00eda hidroel\u00e9ctrica<\/a> e <a href=\"https:\/\/www.amiblu.com\/es\/industria\/\">industria<\/a>.<\/p>\n<p>Nuestra misi\u00f3n es valorar el agua al m\u00e1ximo. Crear valor requiere trabajar con mentes abiertas, un gran esp\u00edritu de equipo y la pasi\u00f3n por mejorar las cosas.<\/p>\n<p>\u00bfD\u00f3nde puedes encontrarnos? \u00bfC\u00f3mo puedes formar parte de Amiblu? M\u00e1s informaci\u00f3n en las secciones siguientes.<\/p>\n<\/div><\/section><\/div>\n\n<\/div><\/div><\/div><!-- close content main div --><\/div><\/div>\n<style type=\"text\/css\" data-created_by=\"avia_inline_auto\" id=\"style-css-av-h9xbgae-9cdb41d95a545615ca775f8b46edfc21\">\n.avia-section.av-h9xbgae-9cdb41d95a545615ca775f8b46edfc21{\nbackground-color:#f2f4f8;\nbackground-image:unset;\n}\n<\/style>\n<div id='av_section_3'  class='avia-section av-h9xbgae-9cdb41d95a545615ca775f8b46edfc21 main_color avia-section-default avia-no-border-styling  avia-builder-el-7  el_after_av_section  avia-builder-el-last  amiblu-bn-rl minheight100 avia-bg-style-scroll container_wrap fullsize'  ><div class='container av-section-cont-open' ><div class='template-page content  av-content-full alpha units'><div class='post-entry post-entry-type-page post-entry-60179'><div class='entry-content-wrapper clearfix'>\n<div class='flex_column_table av-gl2j386-dfb1fa3286eb13be171966924dc4733e sc-av_one_third av-equal-height-column-flextable'>\n<style type=\"text\/css\" data-created_by=\"avia_inline_auto\" id=\"style-css-av-gl2j386-dfb1fa3286eb13be171966924dc4733e\">\n.flex_column.av-gl2j386-dfb1fa3286eb13be171966924dc4733e{\nwidth:32%;\nmargin-left:0;\n}\n#top .flex_column_table.av-equal-height-column-flextable.av-gl2j386-dfb1fa3286eb13be171966924dc4733e .av-flex-placeholder{\nwidth:2%;\n}\n<\/style>\n<div  class='flex_column av-gl2j386-dfb1fa3286eb13be171966924dc4733e av_one_third  avia-builder-el-8  el_before_av_one_third  avia-builder-el-first  first flex_column_table_cell av-equal-height-column av-align-top  '     ><p>\n<style type=\"text\/css\" data-created_by=\"avia_inline_auto\" id=\"style-css-av-ebvu6l2-1006ba10decaef1597964318246a7d1c\">\n.avia-image-container.av-ebvu6l2-1006ba10decaef1597964318246a7d1c img.avia_image{\nbox-shadow:none;\n}\n.avia-image-container.av-ebvu6l2-1006ba10decaef1597964318246a7d1c .av-image-caption-overlay-center{\ncolor:#ffffff;\n}\n<\/style>\n<div  class='avia-image-container av-ebvu6l2-1006ba10decaef1597964318246a7d1c av-styling- av-img-linked avia-align-center  avia-builder-el-9  el_before_av_textblock  avia-builder-el-first '   itemprop=\"image\" itemscope=\"itemscope\" itemtype=\"https:\/\/schema.org\/ImageObject\" ><div class=\"avia-image-container-inner\"><div class=\"avia-image-overlay-wrap\"><a href=\"https:\/\/www.amiblu.com\/es\/quienes-somos\/\" class='avia_image '  aria-label='People-laughing-kidding-Amiblu-NC-Line-profiles-thumbnail'><img fetchpriority=\"high\" decoding=\"async\" fetchpriority=\"high\" fetchpriority=\"high\" class='wp-image-58389 avia-img-lazy-loading-not-58389 avia_image ' src=\"https:\/\/www.amiblu.com\/wp-content\/uploads\/People-laughing-kidding-Amiblu-NC-Line-profiles-thumbnail.jpg\" alt='people laughing and kidding inside Amiblu NC Line pipes' title='People-laughing-kidding-Amiblu-NC-Line-profiles-thumbnail'  height=\"500\" width=\"500\"  itemprop=\"thumbnailUrl\" srcset=\"https:\/\/www.amiblu.com\/wp-content\/uploads\/People-laughing-kidding-Amiblu-NC-Line-profiles-thumbnail.jpg 500w, https:\/\/www.amiblu.com\/wp-content\/uploads\/People-laughing-kidding-Amiblu-NC-Line-profiles-thumbnail-300x300.jpg 300w, https:\/\/www.amiblu.com\/wp-content\/uploads\/People-laughing-kidding-Amiblu-NC-Line-profiles-thumbnail-80x80.jpg 80w, https:\/\/www.amiblu.com\/wp-content\/uploads\/People-laughing-kidding-Amiblu-NC-Line-profiles-thumbnail-36x36.jpg 36w, https:\/\/www.amiblu.com\/wp-content\/uploads\/People-laughing-kidding-Amiblu-NC-Line-profiles-thumbnail-180x180.jpg 180w\" sizes=\"(max-width: 500px) 100vw, 500px\" \/><\/a><\/div><\/div><\/div><br \/>\n<section  class='av_textblock_section av-1l3sumu-d9a714bf323e2f9ac8b5d01b07bda0ea '   itemscope=\"itemscope\" itemtype=\"https:\/\/schema.org\/CreativeWork\" ><div class='avia_textblock'  itemprop=\"text\" ><p style=\"margin-top: 15px;\">\n<h2><strong>Sobre Amiblu<\/strong><\/h2>\n<\/div><\/section><\/p><\/div><div class='av-flex-placeholder'><\/div>\n<style type=\"text\/css\" data-created_by=\"avia_inline_auto\" id=\"style-css-av-et9r6uu-6fb22e1283a39f1594bb76416580a03e\">\n.flex_column.av-et9r6uu-6fb22e1283a39f1594bb76416580a03e{\nwidth:32%;\nmargin-left:0;\n}\n#top .flex_column_table.av-equal-height-column-flextable.av-et9r6uu-6fb22e1283a39f1594bb76416580a03e .av-flex-placeholder{\nwidth:2%;\n}\n<\/style>\n<div  class='flex_column av-et9r6uu-6fb22e1283a39f1594bb76416580a03e av_one_third  avia-builder-el-11  el_after_av_one_third  el_before_av_one_third  flex_column_table_cell av-equal-height-column av-align-top  '     ><p>\n<style type=\"text\/css\" data-created_by=\"avia_inline_auto\" id=\"style-css-av-l7u7x2-d6387f1aa59909b27e4eeca12d02061d\">\n.avia-image-container.av-l7u7x2-d6387f1aa59909b27e4eeca12d02061d img.avia_image{\nbox-shadow:none;\n}\n.avia-image-container.av-l7u7x2-d6387f1aa59909b27e4eeca12d02061d .av-image-caption-overlay-center{\ncolor:#ffffff;\n}\n<\/style>\n<div  class='avia-image-container av-l7u7x2-d6387f1aa59909b27e4eeca12d02061d av-styling- av-img-linked avia-align-center  avia-builder-el-12  el_before_av_textblock  avia-builder-el-first '   itemprop=\"image\" itemscope=\"itemscope\" itemtype=\"https:\/\/schema.org\/ImageObject\" ><div class=\"avia-image-container-inner\"><div class=\"avia-image-overlay-wrap\"><a href=\"https:\/\/www.amiblu.com\/es\/empleo-y-carrera\/\" class='avia_image '  aria-label='Amiblu-Poland-blue-collar-workers'><img fetchpriority=\"high\" decoding=\"async\" fetchpriority=\"high\" fetchpriority=\"high\" class='wp-image-58009 avia-img-lazy-loading-not-58009 avia_image ' src=\"https:\/\/www.amiblu.com\/wp-content\/uploads\/Amiblu-Poland-blue-collar-workers.jpg\" alt='blue-collar workers sitting inside GRP pipes at Amiblu factory in Poland' title='Amiblu-Poland-blue-collar-workers'  height=\"500\" width=\"500\"  itemprop=\"thumbnailUrl\" srcset=\"https:\/\/www.amiblu.com\/wp-content\/uploads\/Amiblu-Poland-blue-collar-workers.jpg 500w, https:\/\/www.amiblu.com\/wp-content\/uploads\/Amiblu-Poland-blue-collar-workers-300x300.jpg 300w, https:\/\/www.amiblu.com\/wp-content\/uploads\/Amiblu-Poland-blue-collar-workers-80x80.jpg 80w, https:\/\/www.amiblu.com\/wp-content\/uploads\/Amiblu-Poland-blue-collar-workers-36x36.jpg 36w, https:\/\/www.amiblu.com\/wp-content\/uploads\/Amiblu-Poland-blue-collar-workers-180x180.jpg 180w\" sizes=\"(max-width: 500px) 100vw, 500px\" \/><\/a><\/div><\/div><\/div><br \/>\n<section  class='av_textblock_section av-dv09bqu-1bd22076aa60d38f2340bec07b96108f '   itemscope=\"itemscope\" itemtype=\"https:\/\/schema.org\/CreativeWork\" ><div class='avia_textblock'  itemprop=\"text\" ><p style=\"margin-top: 15px;\">\n<h2><strong>Empleo y Carrera profesional<\/strong><\/h2>\n<\/div><\/section><\/p><\/div><div class='av-flex-placeholder'><\/div>\n<style type=\"text\/css\" data-created_by=\"avia_inline_auto\" id=\"style-css-av-d6i17jq-e5889a9d2d8473eba579f6cc0e0b1cec\">\n.flex_column.av-d6i17jq-e5889a9d2d8473eba579f6cc0e0b1cec{\nwidth:32%;\nmargin-left:0;\n}\n#top .flex_column_table.av-equal-height-column-flextable.av-d6i17jq-e5889a9d2d8473eba579f6cc0e0b1cec .av-flex-placeholder{\nwidth:2%;\n}\n<\/style>\n<div  class='flex_column av-d6i17jq-e5889a9d2d8473eba579f6cc0e0b1cec av_one_third  avia-builder-el-14  el_after_av_one_third  avia-builder-el-last  flex_column_table_cell av-equal-height-column av-align-top  '     ><p>\n<style type=\"text\/css\" data-created_by=\"avia_inline_auto\" id=\"style-css-av-cqxuggm-918bd268a4fdc76acc46d48f33c68663\">\n.avia-image-container.av-cqxuggm-918bd268a4fdc76acc46d48f33c68663 img.avia_image{\nbox-shadow:none;\n}\n.avia-image-container.av-cqxuggm-918bd268a4fdc76acc46d48f33c68663 .av-image-caption-overlay-center{\ncolor:#ffffff;\n}\n<\/style>\n<div  class='avia-image-container av-cqxuggm-918bd268a4fdc76acc46d48f33c68663 av-styling- av-img-linked avia-align-center  avia-builder-el-15  el_before_av_textblock  avia-builder-el-first '   itemprop=\"image\" itemscope=\"itemscope\" itemtype=\"https:\/\/schema.org\/ImageObject\" ><div class=\"avia-image-container-inner\"><div class=\"avia-image-overlay-wrap\"><a href=\"https:\/\/www.amiblu.com\/es\/contactenos\/\" class='avia_image '  aria-label='Amiblu-Production-facility-Germany'><img fetchpriority=\"high\" decoding=\"async\" fetchpriority=\"high\" fetchpriority=\"high\" class='wp-image-60046 avia-img-lazy-loading-not-60046 avia_image ' src=\"https:\/\/www.amiblu.com\/wp-content\/uploads\/Amiblu-Production-facility-Germany.jpg\" alt='Amiblu production facility Trollenhagen, Germany' title='Amiblu-Production-facility-Germany'  height=\"500\" width=\"500\"  itemprop=\"thumbnailUrl\" srcset=\"https:\/\/www.amiblu.com\/wp-content\/uploads\/Amiblu-Production-facility-Germany.jpg 500w, https:\/\/www.amiblu.com\/wp-content\/uploads\/Amiblu-Production-facility-Germany-300x300.jpg 300w, https:\/\/www.amiblu.com\/wp-content\/uploads\/Amiblu-Production-facility-Germany-80x80.jpg 80w, https:\/\/www.amiblu.com\/wp-content\/uploads\/Amiblu-Production-facility-Germany-36x36.jpg 36w, https:\/\/www.amiblu.com\/wp-content\/uploads\/Amiblu-Production-facility-Germany-180x180.jpg 180w\" sizes=\"(max-width: 500px) 100vw, 500px\" \/><\/a><\/div><\/div><\/div><br \/>\n<section  class='av_textblock_section av-c5ysj2u-bd74e214e865c851d37a68b654007c93 '   itemscope=\"itemscope\" itemtype=\"https:\/\/schema.org\/CreativeWork\" ><div class='avia_textblock'  itemprop=\"text\" ><p style=\"margin-top: 15px;\">\n<h2><strong>Localizaciones<\/strong><\/h2>\n<\/div><\/section><\/p><\/div><\/div><!--close column table wrapper. Autoclose: 1 -->\n","protected":false},"excerpt":{"rendered":"","protected":false},"author":8,"featured_media":59422,"parent":0,"menu_order":135,"comment_status":"closed","ping_status":"closed","template":"","meta":{"_acf_changed":false,"footnotes":""},"class_list":["post-60179","page","type-page","status-publish","has-post-thumbnail","hentry"],"acf":[],"yoast_head":"<!-- This site is optimized with the Yoast SEO Premium plugin v27.3 (Yoast SEO v27.4) - https:\/\/yoast.com\/product\/yoast-seo-premium-wordpress\/ -->\n<title>Empresa - Tuber\u00edas y Accesorios de PRFV en Amiblu<\/title>\n<meta name=\"description\" content=\"En Amiblu, valoramos el agua como es debido. Con tuber\u00edas y accesorios de PRFV de calidad \u00f3ptima dise\u00f1ados para futuras generaciones.\" \/>\n<meta name=\"robots\" content=\"index, follow, max-snippet:-1, max-image-preview:large, max-video-preview:-1\" \/>\n<link rel=\"canonical\" href=\"https:\/\/www.amiblu.com\/es\/empresa\/\" \/>\n<meta property=\"og:locale\" content=\"es_ES\" \/>\n<meta property=\"og:type\" content=\"article\" \/>\n<meta property=\"og:title\" content=\"Empresa\" \/>\n<meta property=\"og:description\" content=\"En Amiblu, valoramos el agua como es debido. Con tuber\u00edas y accesorios de PRFV de calidad \u00f3ptima dise\u00f1ados para futuras generaciones.\" \/>\n<meta property=\"og:url\" content=\"https:\/\/www.amiblu.com\/es\/empresa\/\" \/>\n<meta property=\"og:site_name\" content=\"Amiblu\" \/>\n<meta property=\"article:publisher\" content=\"https:\/\/www.facebook.com\/amiblupipes\" \/>\n<meta property=\"article:modified_time\" content=\"2023-10-10T12:56:26+00:00\" \/>\n<meta property=\"og:image\" content=\"https:\/\/www.amiblu.com\/wp-content\/uploads\/Amiblu-Avatar-cyan.png\" \/>\n\t<meta property=\"og:image:width\" content=\"949\" \/>\n\t<meta property=\"og:image:height\" content=\"844\" \/>\n\t<meta property=\"og:image:type\" content=\"image\/png\" \/>\n<meta name=\"twitter:card\" content=\"summary_large_image\" \/>\n<meta name=\"twitter:label1\" content=\"Tiempo de lectura\" \/>\n\t<meta name=\"twitter:data1\" content=\"4 minutos\" \/>\n<script type=\"application\/ld+json\" class=\"yoast-schema-graph\">{\"@context\":\"https:\\\/\\\/schema.org\",\"@graph\":[{\"@type\":\"WebPage\",\"@id\":\"https:\\\/\\\/www.amiblu.com\\\/es\\\/empresa\\\/\",\"url\":\"https:\\\/\\\/www.amiblu.com\\\/es\\\/empresa\\\/\",\"name\":\"Empresa - Tuber\u00edas y Accesorios de PRFV en Amiblu\",\"isPartOf\":{\"@id\":\"https:\\\/\\\/www.amiblu.com\\\/es\\\/#website\"},\"primaryImageOfPage\":{\"@id\":\"https:\\\/\\\/www.amiblu.com\\\/es\\\/empresa\\\/#primaryimage\"},\"image\":{\"@id\":\"https:\\\/\\\/www.amiblu.com\\\/es\\\/empresa\\\/#primaryimage\"},\"thumbnailUrl\":\"https:\\\/\\\/www.amiblu.com\\\/wp-content\\\/uploads\\\/Amiblu-Avatar-cyan.png\",\"datePublished\":\"2023-10-10T12:51:13+00:00\",\"dateModified\":\"2023-10-10T12:56:26+00:00\",\"description\":\"En Amiblu, valoramos el agua como es debido. Con tuber\u00edas y accesorios de PRFV de calidad \u00f3ptima dise\u00f1ados para futuras generaciones.\",\"inLanguage\":\"es\",\"potentialAction\":[{\"@type\":\"ReadAction\",\"target\":[\"https:\\\/\\\/www.amiblu.com\\\/es\\\/empresa\\\/\"]}]},{\"@type\":\"ImageObject\",\"inLanguage\":\"es\",\"@id\":\"https:\\\/\\\/www.amiblu.com\\\/es\\\/empresa\\\/#primaryimage\",\"url\":\"https:\\\/\\\/www.amiblu.com\\\/wp-content\\\/uploads\\\/Amiblu-Avatar-cyan.png\",\"contentUrl\":\"https:\\\/\\\/www.amiblu.com\\\/wp-content\\\/uploads\\\/Amiblu-Avatar-cyan.png\",\"width\":949,\"height\":844,\"caption\":\"Amiblu Avatar cyan\"},{\"@type\":\"WebSite\",\"@id\":\"https:\\\/\\\/www.amiblu.com\\\/es\\\/#website\",\"url\":\"https:\\\/\\\/www.amiblu.com\\\/es\\\/\",\"name\":\"Amiblu\",\"description\":\"GFK-Rohrsysteme f\u00fcr Generationen\",\"publisher\":{\"@id\":\"https:\\\/\\\/www.amiblu.com\\\/es\\\/#organization\"},\"potentialAction\":[{\"@type\":\"SearchAction\",\"target\":{\"@type\":\"EntryPoint\",\"urlTemplate\":\"https:\\\/\\\/www.amiblu.com\\\/es\\\/?s={search_term_string}\"},\"query-input\":{\"@type\":\"PropertyValueSpecification\",\"valueRequired\":true,\"valueName\":\"search_term_string\"}}],\"inLanguage\":\"es\"},{\"@type\":\"Organization\",\"@id\":\"https:\\\/\\\/www.amiblu.com\\\/es\\\/#organization\",\"name\":\"Amiblu Group\",\"url\":\"https:\\\/\\\/www.amiblu.com\\\/es\\\/\",\"logo\":{\"@type\":\"ImageObject\",\"inLanguage\":\"es\",\"@id\":\"https:\\\/\\\/www.amiblu.com\\\/es\\\/#\\\/schema\\\/logo\\\/image\\\/\",\"url\":\"https:\\\/\\\/www.amiblu.com\\\/wp-content\\\/uploads\\\/2021\\\/01\\\/Amiblu-logo-website-1.png\",\"contentUrl\":\"https:\\\/\\\/www.amiblu.com\\\/wp-content\\\/uploads\\\/2021\\\/01\\\/Amiblu-logo-website-1.png\",\"width\":201,\"height\":38,\"caption\":\"Amiblu Group\"},\"image\":{\"@id\":\"https:\\\/\\\/www.amiblu.com\\\/es\\\/#\\\/schema\\\/logo\\\/image\\\/\"},\"sameAs\":[\"https:\\\/\\\/www.facebook.com\\\/amiblupipes\",\"https:\\\/\\\/www.youtube.com\\\/c\\\/Amiblu\",\"https:\\\/\\\/de.wikipedia.org\\\/wiki\\\/Amiblu\",\"https:\\\/\\\/www.linkedin.com\\\/company\\\/amiblupipes\\\/\"]}]}<\/script>\n<!-- \/ Yoast SEO Premium plugin. -->","yoast_head_json":{"title":"Empresa - Tuber\u00edas y Accesorios de PRFV en Amiblu","description":"En Amiblu, valoramos el agua como es debido. Con tuber\u00edas y accesorios de PRFV de calidad \u00f3ptima dise\u00f1ados para futuras generaciones.","robots":{"index":"index","follow":"follow","max-snippet":"max-snippet:-1","max-image-preview":"max-image-preview:large","max-video-preview":"max-video-preview:-1"},"canonical":"https:\/\/www.amiblu.com\/es\/empresa\/","og_locale":"es_ES","og_type":"article","og_title":"Empresa","og_description":"En Amiblu, valoramos el agua como es debido. Con tuber\u00edas y accesorios de PRFV de calidad \u00f3ptima dise\u00f1ados para futuras generaciones.","og_url":"https:\/\/www.amiblu.com\/es\/empresa\/","og_site_name":"Amiblu","article_publisher":"https:\/\/www.facebook.com\/amiblupipes","article_modified_time":"2023-10-10T12:56:26+00:00","og_image":[{"width":949,"height":844,"url":"https:\/\/www.amiblu.com\/wp-content\/uploads\/Amiblu-Avatar-cyan.png","type":"image\/png"}],"twitter_card":"summary_large_image","twitter_misc":{"Tiempo de lectura":"4 minutos"},"schema":{"@context":"https:\/\/schema.org","@graph":[{"@type":"WebPage","@id":"https:\/\/www.amiblu.com\/es\/empresa\/","url":"https:\/\/www.amiblu.com\/es\/empresa\/","name":"Empresa - Tuber\u00edas y Accesorios de PRFV en Amiblu","isPartOf":{"@id":"https:\/\/www.amiblu.com\/es\/#website"},"primaryImageOfPage":{"@id":"https:\/\/www.amiblu.com\/es\/empresa\/#primaryimage"},"image":{"@id":"https:\/\/www.amiblu.com\/es\/empresa\/#primaryimage"},"thumbnailUrl":"https:\/\/www.amiblu.com\/wp-content\/uploads\/Amiblu-Avatar-cyan.png","datePublished":"2023-10-10T12:51:13+00:00","dateModified":"2023-10-10T12:56:26+00:00","description":"En Amiblu, valoramos el agua como es debido. Con tuber\u00edas y accesorios de PRFV de calidad \u00f3ptima dise\u00f1ados para futuras generaciones.","inLanguage":"es","potentialAction":[{"@type":"ReadAction","target":["https:\/\/www.amiblu.com\/es\/empresa\/"]}]},{"@type":"ImageObject","inLanguage":"es","@id":"https:\/\/www.amiblu.com\/es\/empresa\/#primaryimage","url":"https:\/\/www.amiblu.com\/wp-content\/uploads\/Amiblu-Avatar-cyan.png","contentUrl":"https:\/\/www.amiblu.com\/wp-content\/uploads\/Amiblu-Avatar-cyan.png","width":949,"height":844,"caption":"Amiblu Avatar cyan"},{"@type":"WebSite","@id":"https:\/\/www.amiblu.com\/es\/#website","url":"https:\/\/www.amiblu.com\/es\/","name":"Amiblu","description":"GFK-Rohrsysteme f\u00fcr Generationen","publisher":{"@id":"https:\/\/www.amiblu.com\/es\/#organization"},"potentialAction":[{"@type":"SearchAction","target":{"@type":"EntryPoint","urlTemplate":"https:\/\/www.amiblu.com\/es\/?s={search_term_string}"},"query-input":{"@type":"PropertyValueSpecification","valueRequired":true,"valueName":"search_term_string"}}],"inLanguage":"es"},{"@type":"Organization","@id":"https:\/\/www.amiblu.com\/es\/#organization","name":"Amiblu Group","url":"https:\/\/www.amiblu.com\/es\/","logo":{"@type":"ImageObject","inLanguage":"es","@id":"https:\/\/www.amiblu.com\/es\/#\/schema\/logo\/image\/","url":"https:\/\/www.amiblu.com\/wp-content\/uploads\/2021\/01\/Amiblu-logo-website-1.png","contentUrl":"https:\/\/www.amiblu.com\/wp-content\/uploads\/2021\/01\/Amiblu-logo-website-1.png","width":201,"height":38,"caption":"Amiblu Group"},"image":{"@id":"https:\/\/www.amiblu.com\/es\/#\/schema\/logo\/image\/"},"sameAs":["https:\/\/www.facebook.com\/amiblupipes","https:\/\/www.youtube.com\/c\/Amiblu","https:\/\/de.wikipedia.org\/wiki\/Amiblu","https:\/\/www.linkedin.com\/company\/amiblupipes\/"]}]}},"_links":{"self":[{"href":"https:\/\/www.amiblu.com\/es\/wp-json\/wp\/v2\/pages\/60179","targetHints":{"allow":["GET"]}}],"collection":[{"href":"https:\/\/www.amiblu.com\/es\/wp-json\/wp\/v2\/pages"}],"about":[{"href":"https:\/\/www.amiblu.com\/es\/wp-json\/wp\/v2\/types\/page"}],"author":[{"embeddable":true,"href":"https:\/\/www.amiblu.com\/es\/wp-json\/wp\/v2\/users\/8"}],"replies":[{"embeddable":true,"href":"https:\/\/www.amiblu.com\/es\/wp-json\/wp\/v2\/comments?post=60179"}],"version-history":[{"count":12,"href":"https:\/\/www.amiblu.com\/es\/wp-json\/wp\/v2\/pages\/60179\/revisions"}],"predecessor-version":[{"id":60197,"href":"https:\/\/www.amiblu.com\/es\/wp-json\/wp\/v2\/pages\/60179\/revisions\/60197"}],"wp:featuredmedia":[{"embeddable":true,"href":"https:\/\/www.amiblu.com\/es\/wp-json\/wp\/v2\/media\/59422"}],"wp:attachment":[{"href":"https:\/\/www.amiblu.com\/es\/wp-json\/wp\/v2\/media?parent=60179"}],"curies":[{"name":"wp","href":"https:\/\/api.w.org\/{rel}","templated":true}]}}