{"id":39270,"date":"2021-09-06T15:19:57","date_gmt":"2021-09-06T13:19:57","guid":{"rendered":"https:\/\/www.amiblu.com\/?page_id=39270"},"modified":"2022-11-14T11:28:00","modified_gmt":"2022-11-14T10:28:00","slug":"assainissement-eu","status":"publish","type":"page","link":"https:\/\/www.amiblu.com\/fr\/assainissement-eu\/","title":{"rendered":"Assainissement EU"},"content":{"rendered":"\n<style type=\"text\/css\" data-created_by=\"avia_inline_auto\" id=\"style-css-av-42rjw06-651a877c12aba042afc762f6a0a55890\">\n.avia-section.av-42rjw06-651a877c12aba042afc762f6a0a55890 .av-parallax .av-parallax-inner{\nbackground-repeat:no-repeat;\nbackground-image:url(https:\/\/www.amiblu.com\/wp-content\/uploads\/Hobas-sewer-pipes-Czajka-Poland-at-night.jpg);\nbackground-position:50% 50%;\nbackground-attachment:scroll;\n}\n.avia-section.av-42rjw06-651a877c12aba042afc762f6a0a55890 .av-section-color-overlay{\nopacity:0.5;\nbackground-color:#0a0a0a;\n}\n<\/style>\n<div id='av_section_1'  class='avia-section av-42rjw06-651a877c12aba042afc762f6a0a55890 main_color avia-section-default avia-no-border-styling  avia-builder-el-0  el_before_av_section  avia-builder-el-first  amiblu-content amiblu-page-hero av-parallax-section avia-bg-style-parallax av-section-color-overlay-active container_wrap fullsize'  data-section-bg-repeat='no-repeat'><div class='av-parallax' data-avia-parallax-ratio='0.3' ><div class='av-parallax-inner main_color avia-full-stretch'><\/div><\/div><div class=\"av-section-color-overlay-wrap\"><div class=\"av-section-color-overlay\"><\/div><div class='container av-section-cont-open' ><main  role=\"main\" itemprop=\"mainContentOfPage\"  class='template-page content  av-content-full alpha units'><div class='post-entry post-entry-type-page post-entry-39270'><div class='entry-content-wrapper clearfix'>\n\n<style type=\"text\/css\" data-created_by=\"avia_inline_auto\" id=\"style-css-av-d7sbt2-89162122884ca625b285143b6f51b946\">\n.flex_column.av-d7sbt2-89162122884ca625b285143b6f51b946{\nborder-radius:0px 0px 0px 0px;\npadding:0 0 0 0;\n}\n<\/style>\n<div  class='flex_column av-d7sbt2-89162122884ca625b285143b6f51b946 av_three_fourth  avia-builder-el-1  avia-builder-el-no-sibling  white-content first flex_column_div av-zero-column-padding  '     ><section  class='av_textblock_section av-l2sq0eh8-af61ab553e321b4d8584ebbab9998e3f '   itemscope=\"itemscope\" itemtype=\"https:\/\/schema.org\/CreativeWork\" ><div class='avia_textblock'  itemprop=\"text\" ><h1 class=\"av-special-heading-tag\">R\u00e9seaux d\u2019assainissement et de drainage Amiblu en PRVs<\/h1>\n<\/div><\/section><br \/>\n\n<style type=\"text\/css\" data-created_by=\"avia_inline_auto\" id=\"style-css-av-l2sq26nr-aa1eeccf3657d9fdcfd77c4c45de8bea\">\n#top .av_textblock_section.av-l2sq26nr-aa1eeccf3657d9fdcfd77c4c45de8bea .avia_textblock{\nfont-size:20px;\n}\n<\/style>\n<section  class='av_textblock_section av-l2sq26nr-aa1eeccf3657d9fdcfd77c4c45de8bea '   itemscope=\"itemscope\" itemtype=\"https:\/\/schema.org\/CreativeWork\" ><div class='avia_textblock sub-heading'  itemprop=\"text\" ><p>Notre promesse: des syst\u00e8mes de canalisations insensibles \u00e0 la corrosion pour l\u2019assainissement et le drainage!<\/p>\n<\/div><\/section><\/p><\/div>\n\n<\/div><\/div><\/main><!-- close content main element --><\/div><\/div><\/div><div id='av_section_2'  class='avia-section av-35veuxy-745deb7442e5d37d30ab26b619e29e58 main_color avia-section-default avia-no-border-styling  avia-builder-el-4  el_after_av_section  el_before_av_section  amiblu-bw-pr amiblu-jk-pp avia-bg-style-scroll container_wrap fullsize'  ><div class='container av-section-cont-open' ><div class='template-page content  av-content-full alpha units'><div class='post-entry post-entry-type-page post-entry-39270'><div class='entry-content-wrapper clearfix'>\n\n<style type=\"text\/css\" data-created_by=\"avia_inline_auto\" id=\"style-css-av-2iy82hy-220d6bc77acc67a01ab5e1a1fc575c3e\">\n.flex_column.av-2iy82hy-220d6bc77acc67a01ab5e1a1fc575c3e{\nborder-radius:0px 0px 0px 0px;\npadding:0px 0px 0px 0px;\n}\n<\/style>\n<div  class='flex_column av-2iy82hy-220d6bc77acc67a01ab5e1a1fc575c3e av_two_third  avia-builder-el-5  avia-builder-el-no-sibling  first flex_column_div av-zero-column-padding  '     ><p>\n<style type=\"text\/css\" data-created_by=\"avia_inline_auto\" id=\"style-css-av-l5qpwuyu-4334e7a876663e9fc8968dd5b0d2794a\">\n#top .av-special-heading.av-l5qpwuyu-4334e7a876663e9fc8968dd5b0d2794a{\npadding-bottom:10px;\n}\nbody .av-special-heading.av-l5qpwuyu-4334e7a876663e9fc8968dd5b0d2794a .av-special-heading-tag .heading-char{\nfont-size:25px;\n}\n.av-special-heading.av-l5qpwuyu-4334e7a876663e9fc8968dd5b0d2794a .av-subheading{\nfont-size:15px;\n}\n<\/style>\n<div  class='av-special-heading av-l5qpwuyu-4334e7a876663e9fc8968dd5b0d2794a av-special-heading-h5 blockquote modern-quote  avia-builder-el-6  el_before_av_textblock  avia-builder-el-first  h1'><h5 class='av-special-heading-tag '  itemprop=\"headline\"  >Syst\u00e8mes d\u2019assainissement et de drainage<\/h5><div class=\"special-heading-border\"><div class=\"special-heading-inner-border\"><\/div><\/div><\/div><br \/>\n\n<style type=\"text\/css\" data-created_by=\"avia_inline_auto\" id=\"style-css-av-l2spx977-8ffc63dc09883d8aade6fc88d261d646\">\n#top .av_textblock_section.av-l2spx977-8ffc63dc09883d8aade6fc88d261d646 .avia_textblock{\nfont-size:20px;\n}\n\n@media only screen and (min-width: 480px) and (max-width: 767px){ \n#top .av_textblock_section.av-l2spx977-8ffc63dc09883d8aade6fc88d261d646 .avia_textblock{\nfont-size:18px;\n}\n}\n\n@media only screen and (max-width: 479px){ \n#top .av_textblock_section.av-l2spx977-8ffc63dc09883d8aade6fc88d261d646 .avia_textblock{\nfont-size:16px;\n}\n}\n<\/style>\n<section  class='av_textblock_section av-l2spx977-8ffc63dc09883d8aade6fc88d261d646 '   itemscope=\"itemscope\" itemtype=\"https:\/\/schema.org\/CreativeWork\" ><div class='avia_textblock'  itemprop=\"text\" ><p>Les syst\u00e8mes de canalisations Amiblu en PRV remplacent les conduites traditionnelles sensibles \u00e0 la corrosion comme le b\u00e9ton, l\u2019acier et le fer, inadapt\u00e9s pour les environnements acides comme l\u2019assainissement. Les tuyaux Amiblu en PRV sont con\u00e7us pour \u00eatre utilis\u00e9s en environnements urbains. Le renforcement en fibres de verre r\u00e9duit les effets du fluage. De plus, la glissance du liner permet le fonctionnement du r\u00e9seau m\u00eame \u00e0 faible pente sans n\u00e9cessit\u00e9 d\u2019exploitation r\u00e9guli\u00e8re. Une gamme de pi\u00e8ces de raccord et accessoires viennent compl\u00e9ter notre offre afin de vous apporter la solution pour vos r\u00e9seaux d\u2019assainissement et drainage compos\u00e9s d\u2019\u00e9l\u00e9ments <a href=\"https:\/\/www.amiblu.com\/fr\/eaux-pluviales\/\">de stockage et de s\u00e9paration des solides<\/a>, ou de regards de visite \u00ab intelligents \u00bb.<\/p>\n<\/div><\/section><br \/>\n<div  class='avia-button-wrap av-l2spypmd-90d80e8c99e5d1243f5b077f7b0126a9-wrap avia-button-left  avia-builder-el-8  el_after_av_textblock  avia-builder-el-last  amiblu-outline-button'><a href='https:\/\/www.amiblu.com\/wp-content\/uploads\/Amiblu-Syste%CC%80mes-de-canalisations-en-PRV-pour-assainissement.pdf'  class='avia-button av-l2spypmd-90d80e8c99e5d1243f5b077f7b0126a9 av-link-btn avia-icon_select-yes-right-icon avia-size-small avia-position-left avia-color-theme-color'  target=\"_blank\"  rel=\"noopener noreferrer\"  aria-label=\"T\u00e9l\u00e9charger notre brochure &quot;Syst\u00e8mes pour conduites assainissement&quot;\"><span class='avia_iconbox_title' >T\u00e9l\u00e9charger notre brochure \"Syst\u00e8mes pour conduites assainissement\"<\/span><span class='avia_button_icon avia_button_icon_right avia-iconfont avia-font-amiblu-icons' data-av_icon='\ue800' data-av_iconfont='amiblu-icons' ><\/span><\/a><\/div><\/p><\/div>\n\n<\/div><\/div><\/div><!-- close content main div --><\/div><\/div>\n<style type=\"text\/css\" data-created_by=\"avia_inline_auto\" id=\"style-css-av-7gh6yu-3bb19bf121656c975d03a6ea0172aa3e\">\n.avia-section.av-7gh6yu-3bb19bf121656c975d03a6ea0172aa3e{\nbackground-color:#f2f4f8;\nbackground-image:unset;\n}\n<\/style>\n<div id='av_section_3'  class='avia-section av-7gh6yu-3bb19bf121656c975d03a6ea0172aa3e main_color avia-section-default avia-no-border-styling  avia-builder-el-9  el_after_av_section  avia-builder-el-last  home-info amiblu-jk-inf avia-bg-style-scroll container_wrap fullsize'  ><div class='container av-section-cont-open' ><div class='template-page content  av-content-full alpha units'><div class='post-entry post-entry-type-page post-entry-39270'><div class='entry-content-wrapper clearfix'>\n\n<style type=\"text\/css\" data-created_by=\"avia_inline_auto\" id=\"style-css-av-1jsa2x2-48b498c452bd1325f6be67eb0b6eac9d\">\n.flex_column.av-1jsa2x2-48b498c452bd1325f6be67eb0b6eac9d{\nborder-radius:0px 0px 0px 0px;\npadding:0px 0px 0px 0px;\n}\n<\/style>\n<div  class='flex_column av-1jsa2x2-48b498c452bd1325f6be67eb0b6eac9d av_one_half  avia-builder-el-10  el_before_av_one_half  avia-builder-el-first  home-info-img first flex_column_div av-zero-column-padding  '     ><style type=\"text\/css\" data-created_by=\"avia_inline_auto\" id=\"style-css-av-za95fq-12e6f9c8bdc9f1a21907e2a40c14e12b\">\n.avia-image-container.av-za95fq-12e6f9c8bdc9f1a21907e2a40c14e12b img.avia_image{\nbox-shadow:none;\n}\n.avia-image-container.av-za95fq-12e6f9c8bdc9f1a21907e2a40c14e12b .av-image-caption-overlay-center{\ncolor:#ffffff;\n}\n<\/style>\n<div  class='avia-image-container av-za95fq-12e6f9c8bdc9f1a21907e2a40c14e12b av-styling- avia-align-right  avia-builder-el-11  avia-builder-el-no-sibling '   itemprop=\"image\" itemscope=\"itemscope\" itemtype=\"https:\/\/schema.org\/ImageObject\" ><div class=\"avia-image-container-inner\"><div class=\"avia-image-overlay-wrap\"><img fetchpriority=\"high\" decoding=\"async\" fetchpriority=\"high\" fetchpriority=\"high\" class='wp-image-48013 avia-img-lazy-loading-not-48013 avia_image ' src=\"https:\/\/www.amiblu.com\/wp-content\/uploads\/Hobas-sewer-pipe-for-Treatment-Plant-in-Chorzow-Poland.jpg\" alt='Hobas sewer pipes direct polluted Rawa water to treatment plant in Chorz\u00f3w, Poland' title='Hobas-sewer-pipe-for-Treatment-Plant-in-Chorzow-Poland'  height=\"543\" width=\"960\"  itemprop=\"thumbnailUrl\" srcset=\"https:\/\/www.amiblu.com\/wp-content\/uploads\/Hobas-sewer-pipe-for-Treatment-Plant-in-Chorzow-Poland.jpg 960w, https:\/\/www.amiblu.com\/wp-content\/uploads\/Hobas-sewer-pipe-for-Treatment-Plant-in-Chorzow-Poland-300x170.jpg 300w, https:\/\/www.amiblu.com\/wp-content\/uploads\/Hobas-sewer-pipe-for-Treatment-Plant-in-Chorzow-Poland-768x434.jpg 768w, https:\/\/www.amiblu.com\/wp-content\/uploads\/Hobas-sewer-pipe-for-Treatment-Plant-in-Chorzow-Poland-705x399.jpg 705w\" sizes=\"(max-width: 960px) 100vw, 960px\" \/><\/div><\/div><\/div><\/div>\n<style type=\"text\/css\" data-created_by=\"avia_inline_auto\" id=\"style-css-av-rhleva-d384207c82a1d2f95ffa6869d1ba68d3\">\n.flex_column.av-rhleva-d384207c82a1d2f95ffa6869d1ba68d3{\nborder-radius:11px 11px 11px 11px;\npadding:0px 0px 0px 0px;\n}\n<\/style>\n<div  class='flex_column av-rhleva-d384207c82a1d2f95ffa6869d1ba68d3 av_one_half  avia-builder-el-12  el_after_av_one_half  avia-builder-el-last  home-info-text white-content flex_column_div av-zero-column-padding  '     ><section  class='av_textblock_section av-l2sptjz3-39f0239f400c388244688bc53d2852b5 '   itemscope=\"itemscope\" itemtype=\"https:\/\/schema.org\/CreativeWork\" ><div class='avia_textblock'  itemprop=\"text\" ><p><strong>Les syst\u00e8mes d\u2019assainissement et de drainage Amiblu en PRV totalisent de nombreux avantages, parmi lesquels:<\/strong><\/p>\n<ul>\n<li><strong>L\u2019excellente rigidit\u00e9 \u00e0 long-terme<\/strong>: conserve sa forme malgr\u00e9 les ann\u00e9es, contrairement \u00e0 d\u2019autres syst\u00e8mes de canalisations plastique non-renforc\u00e9s<\/li>\n<li><strong>Surface int\u00e9rieure lisse<\/strong>: le coefficient de rugosit\u00e9 des tuyaux Amiblu est sans \u00e9gal sur le march\u00e9<\/li>\n<li><strong>Tr\u00e8s bonne r\u00e9sistance aux flux sous pression<\/strong>: les tuyaux peuvent \u00eatre soumis \u00e0 des op\u00e9rations d\u2019hydrocurage sous haute pression sans risquer d\u2019endommager le liner<\/li>\n<li><strong>Excellente r\u00e9sistance \u00e0 l\u2019abrasion<\/strong>: la surface interne du tuyau est prot\u00e9g\u00e9e et la dur\u00e9e de vie du tuyau augment\u00e9e<\/li>\n<li>El\u00e9ments int\u00e9gr\u00e9s aux syst\u00e8mes de canalisations tels que les <strong>regards de visite ou les <a href=\"https:\/\/www.amiblu.com\/fr\/eaux-pluviales\/\">d\u00e9versoirs d\u2019orage<\/a><\/strong><\/li>\n<\/ul>\n<\/div><\/section><\/div>\n","protected":false},"excerpt":{"rendered":"","protected":false},"author":8,"featured_media":47365,"parent":0,"menu_order":26,"comment_status":"closed","ping_status":"closed","template":"","meta":{"_acf_changed":false,"footnotes":""},"class_list":["post-39270","page","type-page","status-publish","has-post-thumbnail","hentry"],"acf":[],"yoast_head":"<!-- This site is optimized with the Yoast SEO Premium plugin v27.3 (Yoast SEO v27.4) - https:\/\/yoast.com\/product\/yoast-seo-premium-wordpress\/ -->\n<title>R\u00e9seaux d&#039;assainissement Amiblu en PRV<\/title>\n<meta name=\"description\" content=\"Notre promesse: des syst\u00e8mes de canalisations insensibles \u00e0 la corrosion pour l\u2019assainissement et l\u2019irrigation!\" \/>\n<meta name=\"robots\" content=\"index, follow, max-snippet:-1, max-image-preview:large, max-video-preview:-1\" \/>\n<link rel=\"canonical\" href=\"https:\/\/www.amiblu.com\/fr\/assainissement-eu\/\" \/>\n<meta property=\"og:locale\" content=\"fr_FR\" \/>\n<meta property=\"og:type\" content=\"article\" \/>\n<meta property=\"og:title\" content=\"Assainissement EU\" \/>\n<meta property=\"og:description\" content=\"Notre promesse: des syst\u00e8mes de canalisations insensibles \u00e0 la corrosion pour l\u2019assainissement et l\u2019irrigation!\" \/>\n<meta property=\"og:url\" content=\"https:\/\/www.amiblu.com\/fr\/assainissement-eu\/\" \/>\n<meta property=\"og:site_name\" content=\"Amiblu\" \/>\n<meta property=\"article:publisher\" content=\"https:\/\/www.facebook.com\/amiblupipes\" \/>\n<meta property=\"article:modified_time\" content=\"2022-11-14T10:28:00+00:00\" \/>\n<meta property=\"og:image\" content=\"https:\/\/www.amiblu.com\/wp-content\/uploads\/Hobas-sewer-pipes-Czajka-Poland-wastewater.jpg\" \/>\n\t<meta property=\"og:image:width\" content=\"552\" \/>\n\t<meta property=\"og:image:height\" content=\"312\" \/>\n\t<meta property=\"og:image:type\" content=\"image\/jpeg\" \/>\n<meta name=\"twitter:card\" content=\"summary_large_image\" \/>\n<meta name=\"twitter:label1\" content=\"Dur\u00e9e de lecture estim\u00e9e\" \/>\n\t<meta name=\"twitter:data1\" content=\"4 minutes\" \/>\n<script type=\"application\/ld+json\" class=\"yoast-schema-graph\">{\"@context\":\"https:\\\/\\\/schema.org\",\"@graph\":[{\"@type\":\"WebPage\",\"@id\":\"https:\\\/\\\/www.amiblu.com\\\/fr\\\/assainissement-eu\\\/\",\"url\":\"https:\\\/\\\/www.amiblu.com\\\/fr\\\/assainissement-eu\\\/\",\"name\":\"R\u00e9seaux d'assainissement Amiblu en PRV\",\"isPartOf\":{\"@id\":\"https:\\\/\\\/www.amiblu.com\\\/fr\\\/#website\"},\"primaryImageOfPage\":{\"@id\":\"https:\\\/\\\/www.amiblu.com\\\/fr\\\/assainissement-eu\\\/#primaryimage\"},\"image\":{\"@id\":\"https:\\\/\\\/www.amiblu.com\\\/fr\\\/assainissement-eu\\\/#primaryimage\"},\"thumbnailUrl\":\"https:\\\/\\\/www.amiblu.com\\\/wp-content\\\/uploads\\\/Hobas-sewer-pipes-Czajka-Poland-wastewater.jpg\",\"datePublished\":\"2021-09-06T13:19:57+00:00\",\"dateModified\":\"2022-11-14T10:28:00+00:00\",\"description\":\"Notre promesse: des syst\u00e8mes de canalisations insensibles \u00e0 la corrosion pour l\u2019assainissement et l\u2019irrigation!\",\"inLanguage\":\"fr-FR\",\"potentialAction\":[{\"@type\":\"ReadAction\",\"target\":[\"https:\\\/\\\/www.amiblu.com\\\/fr\\\/assainissement-eu\\\/\"]}]},{\"@type\":\"ImageObject\",\"inLanguage\":\"fr-FR\",\"@id\":\"https:\\\/\\\/www.amiblu.com\\\/fr\\\/assainissement-eu\\\/#primaryimage\",\"url\":\"https:\\\/\\\/www.amiblu.com\\\/wp-content\\\/uploads\\\/Hobas-sewer-pipes-Czajka-Poland-wastewater.jpg\",\"contentUrl\":\"https:\\\/\\\/www.amiblu.com\\\/wp-content\\\/uploads\\\/Hobas-sewer-pipes-Czajka-Poland-wastewater.jpg\",\"width\":552,\"height\":312,\"caption\":\"Hobas sewer pipes installed at night for WWTP Czajka, Poland\"},{\"@type\":\"WebSite\",\"@id\":\"https:\\\/\\\/www.amiblu.com\\\/fr\\\/#website\",\"url\":\"https:\\\/\\\/www.amiblu.com\\\/fr\\\/\",\"name\":\"Amiblu\",\"description\":\"GFK-Rohrsysteme f\u00fcr Generationen\",\"publisher\":{\"@id\":\"https:\\\/\\\/www.amiblu.com\\\/fr\\\/#organization\"},\"potentialAction\":[{\"@type\":\"SearchAction\",\"target\":{\"@type\":\"EntryPoint\",\"urlTemplate\":\"https:\\\/\\\/www.amiblu.com\\\/fr\\\/?s={search_term_string}\"},\"query-input\":{\"@type\":\"PropertyValueSpecification\",\"valueRequired\":true,\"valueName\":\"search_term_string\"}}],\"inLanguage\":\"fr-FR\"},{\"@type\":\"Organization\",\"@id\":\"https:\\\/\\\/www.amiblu.com\\\/fr\\\/#organization\",\"name\":\"Amiblu Group\",\"url\":\"https:\\\/\\\/www.amiblu.com\\\/fr\\\/\",\"logo\":{\"@type\":\"ImageObject\",\"inLanguage\":\"fr-FR\",\"@id\":\"https:\\\/\\\/www.amiblu.com\\\/fr\\\/#\\\/schema\\\/logo\\\/image\\\/\",\"url\":\"https:\\\/\\\/www.amiblu.com\\\/wp-content\\\/uploads\\\/2021\\\/01\\\/Amiblu-logo-website-1.png\",\"contentUrl\":\"https:\\\/\\\/www.amiblu.com\\\/wp-content\\\/uploads\\\/2021\\\/01\\\/Amiblu-logo-website-1.png\",\"width\":201,\"height\":38,\"caption\":\"Amiblu Group\"},\"image\":{\"@id\":\"https:\\\/\\\/www.amiblu.com\\\/fr\\\/#\\\/schema\\\/logo\\\/image\\\/\"},\"sameAs\":[\"https:\\\/\\\/www.facebook.com\\\/amiblupipes\",\"https:\\\/\\\/www.youtube.com\\\/c\\\/Amiblu\",\"https:\\\/\\\/de.wikipedia.org\\\/wiki\\\/Amiblu\",\"https:\\\/\\\/www.linkedin.com\\\/company\\\/amiblupipes\\\/\"]}]}<\/script>\n<!-- \/ Yoast SEO Premium plugin. -->","yoast_head_json":{"title":"R\u00e9seaux d'assainissement Amiblu en PRV","description":"Notre promesse: des syst\u00e8mes de canalisations insensibles \u00e0 la corrosion pour l\u2019assainissement et l\u2019irrigation!","robots":{"index":"index","follow":"follow","max-snippet":"max-snippet:-1","max-image-preview":"max-image-preview:large","max-video-preview":"max-video-preview:-1"},"canonical":"https:\/\/www.amiblu.com\/fr\/assainissement-eu\/","og_locale":"fr_FR","og_type":"article","og_title":"Assainissement EU","og_description":"Notre promesse: des syst\u00e8mes de canalisations insensibles \u00e0 la corrosion pour l\u2019assainissement et l\u2019irrigation!","og_url":"https:\/\/www.amiblu.com\/fr\/assainissement-eu\/","og_site_name":"Amiblu","article_publisher":"https:\/\/www.facebook.com\/amiblupipes","article_modified_time":"2022-11-14T10:28:00+00:00","og_image":[{"width":552,"height":312,"url":"https:\/\/www.amiblu.com\/wp-content\/uploads\/Hobas-sewer-pipes-Czajka-Poland-wastewater.jpg","type":"image\/jpeg"}],"twitter_card":"summary_large_image","twitter_misc":{"Dur\u00e9e de lecture estim\u00e9e":"4 minutes"},"schema":{"@context":"https:\/\/schema.org","@graph":[{"@type":"WebPage","@id":"https:\/\/www.amiblu.com\/fr\/assainissement-eu\/","url":"https:\/\/www.amiblu.com\/fr\/assainissement-eu\/","name":"R\u00e9seaux d'assainissement Amiblu en PRV","isPartOf":{"@id":"https:\/\/www.amiblu.com\/fr\/#website"},"primaryImageOfPage":{"@id":"https:\/\/www.amiblu.com\/fr\/assainissement-eu\/#primaryimage"},"image":{"@id":"https:\/\/www.amiblu.com\/fr\/assainissement-eu\/#primaryimage"},"thumbnailUrl":"https:\/\/www.amiblu.com\/wp-content\/uploads\/Hobas-sewer-pipes-Czajka-Poland-wastewater.jpg","datePublished":"2021-09-06T13:19:57+00:00","dateModified":"2022-11-14T10:28:00+00:00","description":"Notre promesse: des syst\u00e8mes de canalisations insensibles \u00e0 la corrosion pour l\u2019assainissement et l\u2019irrigation!","inLanguage":"fr-FR","potentialAction":[{"@type":"ReadAction","target":["https:\/\/www.amiblu.com\/fr\/assainissement-eu\/"]}]},{"@type":"ImageObject","inLanguage":"fr-FR","@id":"https:\/\/www.amiblu.com\/fr\/assainissement-eu\/#primaryimage","url":"https:\/\/www.amiblu.com\/wp-content\/uploads\/Hobas-sewer-pipes-Czajka-Poland-wastewater.jpg","contentUrl":"https:\/\/www.amiblu.com\/wp-content\/uploads\/Hobas-sewer-pipes-Czajka-Poland-wastewater.jpg","width":552,"height":312,"caption":"Hobas sewer pipes installed at night for WWTP Czajka, Poland"},{"@type":"WebSite","@id":"https:\/\/www.amiblu.com\/fr\/#website","url":"https:\/\/www.amiblu.com\/fr\/","name":"Amiblu","description":"GFK-Rohrsysteme f\u00fcr Generationen","publisher":{"@id":"https:\/\/www.amiblu.com\/fr\/#organization"},"potentialAction":[{"@type":"SearchAction","target":{"@type":"EntryPoint","urlTemplate":"https:\/\/www.amiblu.com\/fr\/?s={search_term_string}"},"query-input":{"@type":"PropertyValueSpecification","valueRequired":true,"valueName":"search_term_string"}}],"inLanguage":"fr-FR"},{"@type":"Organization","@id":"https:\/\/www.amiblu.com\/fr\/#organization","name":"Amiblu Group","url":"https:\/\/www.amiblu.com\/fr\/","logo":{"@type":"ImageObject","inLanguage":"fr-FR","@id":"https:\/\/www.amiblu.com\/fr\/#\/schema\/logo\/image\/","url":"https:\/\/www.amiblu.com\/wp-content\/uploads\/2021\/01\/Amiblu-logo-website-1.png","contentUrl":"https:\/\/www.amiblu.com\/wp-content\/uploads\/2021\/01\/Amiblu-logo-website-1.png","width":201,"height":38,"caption":"Amiblu Group"},"image":{"@id":"https:\/\/www.amiblu.com\/fr\/#\/schema\/logo\/image\/"},"sameAs":["https:\/\/www.facebook.com\/amiblupipes","https:\/\/www.youtube.com\/c\/Amiblu","https:\/\/de.wikipedia.org\/wiki\/Amiblu","https:\/\/www.linkedin.com\/company\/amiblupipes\/"]}]}},"_links":{"self":[{"href":"https:\/\/www.amiblu.com\/fr\/wp-json\/wp\/v2\/pages\/39270","targetHints":{"allow":["GET"]}}],"collection":[{"href":"https:\/\/www.amiblu.com\/fr\/wp-json\/wp\/v2\/pages"}],"about":[{"href":"https:\/\/www.amiblu.com\/fr\/wp-json\/wp\/v2\/types\/page"}],"author":[{"embeddable":true,"href":"https:\/\/www.amiblu.com\/fr\/wp-json\/wp\/v2\/users\/8"}],"replies":[{"embeddable":true,"href":"https:\/\/www.amiblu.com\/fr\/wp-json\/wp\/v2\/comments?post=39270"}],"version-history":[{"count":22,"href":"https:\/\/www.amiblu.com\/fr\/wp-json\/wp\/v2\/pages\/39270\/revisions"}],"predecessor-version":[{"id":79457,"href":"https:\/\/www.amiblu.com\/fr\/wp-json\/wp\/v2\/pages\/39270\/revisions\/79457"}],"wp:featuredmedia":[{"embeddable":true,"href":"https:\/\/www.amiblu.com\/fr\/wp-json\/wp\/v2\/media\/47365"}],"wp:attachment":[{"href":"https:\/\/www.amiblu.com\/fr\/wp-json\/wp\/v2\/media?parent=39270"}],"curies":[{"name":"wp","href":"https:\/\/api.w.org\/{rel}","templated":true}]}}