{"id":39296,"date":"2021-09-06T15:20:53","date_gmt":"2021-09-06T13:20:53","guid":{"rendered":"https:\/\/www.amiblu.com\/?page_id=39296"},"modified":"2022-07-20T08:31:07","modified_gmt":"2022-07-20T06:31:07","slug":"eaux-pluviales","status":"publish","type":"page","link":"https:\/\/www.amiblu.com\/fr\/eaux-pluviales\/","title":{"rendered":"Eaux Pluviales"},"content":{"rendered":"\n<style type=\"text\/css\" data-created_by=\"avia_inline_auto\" id=\"style-css-av-3ruq334-8293904db81d88016d51c46df9f172be\">\n.avia-section.av-3ruq334-8293904db81d88016d51c46df9f172be .av-parallax .av-parallax-inner{\nbackground-repeat:no-repeat;\nbackground-image:url(https:\/\/www.amiblu.com\/wp-content\/uploads\/Four-line-Amiscreen-Geisa-Germany.jpg);\nbackground-position:50% 50%;\nbackground-attachment:scroll;\n}\n.avia-section.av-3ruq334-8293904db81d88016d51c46df9f172be .av-section-color-overlay{\nopacity:0.5;\nbackground-color:#0a0a0a;\n}\n<\/style>\n<div id='av_section_1'  class='avia-section av-3ruq334-8293904db81d88016d51c46df9f172be main_color avia-section-default avia-no-border-styling  avia-builder-el-0  el_before_av_section  avia-builder-el-first  amiblu-content amiblu-page-hero av-parallax-section avia-bg-style-parallax av-section-color-overlay-active container_wrap fullsize'  data-section-bg-repeat='no-repeat'><div class='av-parallax' data-avia-parallax-ratio='0.3' ><div class='av-parallax-inner main_color avia-full-stretch'><\/div><\/div><div class=\"av-section-color-overlay-wrap\"><div class=\"av-section-color-overlay\"><\/div><div class='container av-section-cont-open' ><main  role=\"main\" itemprop=\"mainContentOfPage\"  class='template-page content  av-content-full alpha units'><div class='post-entry post-entry-type-page post-entry-39296'><div class='entry-content-wrapper clearfix'>\n\n<style type=\"text\/css\" data-created_by=\"avia_inline_auto\" id=\"style-css-av-3a4weps-0b82c163e7fbaccaa557f26b63536907\">\n.flex_column.av-3a4weps-0b82c163e7fbaccaa557f26b63536907{\nborder-radius:0px 0px 0px 0px;\npadding:0 0 0 0;\n}\n<\/style>\n<div  class='flex_column av-3a4weps-0b82c163e7fbaccaa557f26b63536907 av_three_fourth  avia-builder-el-1  avia-builder-el-no-sibling  white-content first flex_column_div av-zero-column-padding  '     ><section  class='av_textblock_section av-l2sshzdh-48fc5229b6eaa72f73b29706549e3a61 '   itemscope=\"itemscope\" itemtype=\"https:\/\/schema.org\/CreativeWork\" ><div class='avia_textblock'  itemprop=\"text\" ><h1>D\u00e9versoir d\u2019orage modulaire pour r\u00e9seaux unitaires avec r\u00e9tention des solides<\/h1>\n<\/div><\/section><br \/>\n\n<style type=\"text\/css\" data-created_by=\"avia_inline_auto\" id=\"style-css-av-l2ssw5nf-3782c14276a21514fdda0f6d60c8d8d4\">\n#top .av_textblock_section.av-l2ssw5nf-3782c14276a21514fdda0f6d60c8d8d4 .avia_textblock{\nfont-size:20px;\n}\n<\/style>\n<section  class='av_textblock_section av-l2ssw5nf-3782c14276a21514fdda0f6d60c8d8d4 '   itemscope=\"itemscope\" itemtype=\"https:\/\/schema.org\/CreativeWork\" ><div class='avia_textblock sub-heading'  itemprop=\"text\" ><p>Notre <span dir=\"ltr\" role=\"presentation\">engagement<\/span>: une mise \u00e0 niveau solide pour des eaux us\u00e9es sans mati\u00e8res solides.<\/p>\n<\/div><\/section><\/p><\/div>\n\n<\/div><\/div><\/main><!-- close content main element --><\/div><\/div><\/div><div id='av_section_2'  class='avia-section av-3620rs0-495a129292fd8fdea52bfcc8b92aad6c main_color avia-section-default avia-no-border-styling  avia-builder-el-4  el_after_av_section  el_before_av_section  amiblu-bw-pr amiblu-jk-pp avia-bg-style-scroll container_wrap fullsize'  ><div class='container av-section-cont-open' ><div class='template-page content  av-content-full alpha units'><div class='post-entry post-entry-type-page post-entry-39296'><div class='entry-content-wrapper clearfix'>\n\n<style type=\"text\/css\" data-created_by=\"avia_inline_auto\" id=\"style-css-av-2ltehnk-9faa8dba57da61eb38b5ba9159bcb4fd\">\n.flex_column.av-2ltehnk-9faa8dba57da61eb38b5ba9159bcb4fd{\nborder-radius:0px 0px 0px 0px;\npadding:0px 0px 0px 0px;\n}\n<\/style>\n<div  class='flex_column av-2ltehnk-9faa8dba57da61eb38b5ba9159bcb4fd av_two_third  avia-builder-el-5  avia-builder-el-no-sibling  first flex_column_div av-zero-column-padding  '     ><p>\n<style type=\"text\/css\" data-created_by=\"avia_inline_auto\" id=\"style-css-av-l5t87exd-75a5948fdd473d8b9ebe284a8160034c\">\n#top .av-special-heading.av-l5t87exd-75a5948fdd473d8b9ebe284a8160034c{\npadding-bottom:10px;\n}\nbody .av-special-heading.av-l5t87exd-75a5948fdd473d8b9ebe284a8160034c .av-special-heading-tag .heading-char{\nfont-size:25px;\n}\n.av-special-heading.av-l5t87exd-75a5948fdd473d8b9ebe284a8160034c .av-subheading{\nfont-size:15px;\n}\n<\/style>\n<div  class='av-special-heading av-l5t87exd-75a5948fdd473d8b9ebe284a8160034c av-special-heading-h5 blockquote modern-quote  avia-builder-el-6  el_before_av_textblock  avia-builder-el-first  h1'><h5 class='av-special-heading-tag '  itemprop=\"headline\"  >Le d\u00e9versoir d\u2019orage CSO et le d\u00e9versoir d\u2019orage Amiscreen<\/h5><div class=\"special-heading-border\"><div class=\"special-heading-inner-border\"><\/div><\/div><\/div><br \/>\n\n<style type=\"text\/css\" data-created_by=\"avia_inline_auto\" id=\"style-css-av-l2ssylb0-a272cd6aa9f6fcc178954a6b6746f26c\">\n#top .av_textblock_section.av-l2ssylb0-a272cd6aa9f6fcc178954a6b6746f26c .avia_textblock{\nfont-size:20px;\n}\n\n@media only screen and (min-width: 480px) and (max-width: 767px){ \n#top .av_textblock_section.av-l2ssylb0-a272cd6aa9f6fcc178954a6b6746f26c .avia_textblock{\nfont-size:18px;\n}\n}\n\n@media only screen and (max-width: 479px){ \n#top .av_textblock_section.av-l2ssylb0-a272cd6aa9f6fcc178954a6b6746f26c .avia_textblock{\nfont-size:16px;\n}\n}\n<\/style>\n<section  class='av_textblock_section av-l2ssylb0-a272cd6aa9f6fcc178954a6b6746f26c '   itemscope=\"itemscope\" itemtype=\"https:\/\/schema.org\/CreativeWork\" ><div class='avia_textblock'  itemprop=\"text\" ><p>Lors d\u2019\u00e9pisodes pluvieux, les eaux pluviales et les eaux us\u00e9es peuvent \u00eatre \u00e9vacu\u00e9es via des r\u00e9seaux unitaires. De fortes pr\u00e9cipitations peuvent donc aboutir \u00e0 des situations critiques: saturation des stations d\u2019\u00e9puration et d\u00e9versement des eaux us\u00e9es dans la nature (lacs, rivi\u00e8res). Les syst\u00e8mes de trop-plein sont la solution. Amiblu propose 2 syst\u00e8mes fiables et efficaces: le <strong>d\u00e9versoir d\u2019orage CSO<\/strong> et le<strong> d\u00e9versoir d\u2019orage Amiscreen<\/strong>.<\/p>\n<p>Ces syst\u00e8mes de trop-plein pour r\u00e9seaux unitaires s\u00e9parent tr\u00e8s efficacement les mati\u00e8res solides en suspension contenues dans les eaux us\u00e9es et les dirigent vers une station d\u2019\u00e9puration, pendant que les eaux faiblement charg\u00e9es sont achemin\u00e9es vers un dispositif de stockage ou un cours d\u2019eau r\u00e9cepteur.<\/p>\n<\/div><\/section><br \/>\n<div  class='avia-button-wrap av-l2ssytx9-b220d7f8adf3238d9cbc935613090e25-wrap avia-button-left  avia-builder-el-8  el_after_av_textblock  avia-builder-el-last  amiblu-outline-button'><a href='https:\/\/www.amiblu.com\/wp-content\/uploads\/Amiblu-Amiscreen.pdf'  class='avia-button av-l2ssytx9-b220d7f8adf3238d9cbc935613090e25 av-link-btn avia-icon_select-yes-right-icon avia-size-small avia-position-left av-desktop-hide av-medium-hide av-small-hide av-mini-hide avia-color-theme-color'  target=\"_blank\"  rel=\"noopener noreferrer\"  aria-label=\"Download our Amiscreen brochure\"><span class='avia_iconbox_title' >Download our Amiscreen brochure<\/span><span class='avia_button_icon avia_button_icon_right avia-iconfont avia-font-amiblu-icons' data-av_icon='\ue800' data-av_iconfont='amiblu-icons' ><\/span><\/a><\/div><\/p><\/div><\/div><\/div><\/div><!-- close content main div --><\/div><\/div>\n<style type=\"text\/css\" data-created_by=\"avia_inline_auto\" id=\"style-css-av-26xdxq8-98c1329e3b914639f4413e061ef6285f\">\n.avia-section.av-26xdxq8-98c1329e3b914639f4413e061ef6285f{\nbackground-color:#f2f4f8;\nbackground-image:unset;\n}\n<\/style>\n<div id='av_section_3'  class='avia-section av-26xdxq8-98c1329e3b914639f4413e061ef6285f main_color avia-section-default avia-no-border-styling  avia-builder-el-9  el_after_av_section  avia-builder-el-last  home-info amiblu-jk-inf avia-bg-style-scroll container_wrap fullsize'  ><div class='container av-section-cont-open' ><div class='template-page content  av-content-full alpha units'><div class='post-entry post-entry-type-page post-entry-39296'><div class='entry-content-wrapper clearfix'>\n\n<style type=\"text\/css\" data-created_by=\"avia_inline_auto\" id=\"style-css-av-1sbo6kg-41dea53e591c28fa79fa61b2930fb50f\">\n.flex_column.av-1sbo6kg-41dea53e591c28fa79fa61b2930fb50f{\nborder-radius:0px 0px 0px 0px;\npadding:0px 0px 0px 0px;\n}\n<\/style>\n<div  class='flex_column av-1sbo6kg-41dea53e591c28fa79fa61b2930fb50f av_one_half  avia-builder-el-10  el_before_av_one_half  avia-builder-el-first  home-info-img first flex_column_div av-zero-column-padding  '     ><style type=\"text\/css\" data-created_by=\"avia_inline_auto\" id=\"style-css-av-14mi0ow-1a788e0abf3b7f64e2b7561ffb8ec8c4\">\n.avia-image-container.av-14mi0ow-1a788e0abf3b7f64e2b7561ffb8ec8c4 img.avia_image{\nbox-shadow:none;\n}\n.avia-image-container.av-14mi0ow-1a788e0abf3b7f64e2b7561ffb8ec8c4 .av-image-caption-overlay-center{\ncolor:#ffffff;\n}\n<\/style>\n<div  class='avia-image-container av-14mi0ow-1a788e0abf3b7f64e2b7561ffb8ec8c4 av-styling- avia-align-right  avia-builder-el-11  avia-builder-el-no-sibling '   itemprop=\"image\" itemscope=\"itemscope\" itemtype=\"https:\/\/schema.org\/ImageObject\" ><div class=\"avia-image-container-inner\"><div class=\"avia-image-overlay-wrap\"><img fetchpriority=\"high\" decoding=\"async\" fetchpriority=\"high\" fetchpriority=\"high\" class='wp-image-48036 avia-img-lazy-loading-not-48036 avia_image ' src=\"https:\/\/www.amiblu.com\/wp-content\/uploads\/Hobas-CSO-Chamber-Ticino-Switzerland.jpg\" alt='Hobas CSO Chamber in Ticino, Switzerland' title='Hobas-CSO-Chamber-Ticino-Switzerland'  height=\"543\" width=\"960\"  itemprop=\"thumbnailUrl\" srcset=\"https:\/\/www.amiblu.com\/wp-content\/uploads\/Hobas-CSO-Chamber-Ticino-Switzerland.jpg 960w, https:\/\/www.amiblu.com\/wp-content\/uploads\/Hobas-CSO-Chamber-Ticino-Switzerland-300x170.jpg 300w, https:\/\/www.amiblu.com\/wp-content\/uploads\/Hobas-CSO-Chamber-Ticino-Switzerland-768x434.jpg 768w, https:\/\/www.amiblu.com\/wp-content\/uploads\/Hobas-CSO-Chamber-Ticino-Switzerland-705x399.jpg 705w\" sizes=\"(max-width: 960px) 100vw, 960px\" \/><\/div><\/div><\/div><\/div>\n<style type=\"text\/css\" data-created_by=\"avia_inline_auto\" id=\"style-css-av-s72rkw-2f456a830f85c538e4d81647e617009e\">\n.flex_column.av-s72rkw-2f456a830f85c538e4d81647e617009e{\nborder-radius:11px 11px 11px 11px;\npadding:0px 0px 0px 0px;\n}\n<\/style>\n<div  class='flex_column av-s72rkw-2f456a830f85c538e4d81647e617009e av_one_half  avia-builder-el-12  el_after_av_one_half  avia-builder-el-last  home-info-text white-content flex_column_div av-zero-column-padding  '     ><section  class='av_textblock_section av-l2sszkzp-5de3da6a4b502847f6b80a54120898af '   itemscope=\"itemscope\" itemtype=\"https:\/\/schema.org\/CreativeWork\" ><div class='avia_textblock'  itemprop=\"text\" ><p><strong>Avantages :<\/strong><\/p>\n<ul>\n<li>d\u00e9versoirs d\u2019orage fiables<\/li>\n<li>peu de maintenance, syst\u00e8me auto-nettoyant<\/li>\n<li>s\u00e9paration optimale des mati\u00e8res solides en suspension (la conception r\u00e9duit l\u2019effet de turbulence)<\/li>\n<li>ajout possible d\u2019une fonction de stockage<\/li>\n<li>syst\u00e8me modulaire<\/li>\n<li>enti\u00e8rement r\u00e9sistant \u00e0 la corrosion<\/li>\n<li>installation rapide<\/li>\n<li>peu d\u2019espace et d\u2019excavation requis durant l\u2019installation<\/li>\n<\/ul>\n<\/div><\/section><\/div>\n<\/p>\n","protected":false},"excerpt":{"rendered":"","protected":false},"author":8,"featured_media":47360,"parent":0,"menu_order":30,"comment_status":"closed","ping_status":"closed","template":"","meta":{"_acf_changed":false,"footnotes":""},"class_list":["post-39296","page","type-page","status-publish","has-post-thumbnail","hentry"],"acf":[],"yoast_head":"<!-- This site is optimized with the Yoast SEO Premium plugin v27.3 (Yoast SEO v27.4) - https:\/\/yoast.com\/product\/yoast-seo-premium-wordpress\/ -->\n<title>D\u00e9versoir d\u2019orage modulaire pour r\u00e9seaux unitaires<\/title>\n<meta name=\"description\" content=\"Le d\u00e9versoir d\u2019orage CSO et le d\u00e9versoir d\u2019orage Amiscreen s\u00e9parent tr\u00e8s efficacement les mati\u00e8res solides.\" \/>\n<meta name=\"robots\" content=\"index, follow, max-snippet:-1, max-image-preview:large, max-video-preview:-1\" \/>\n<link rel=\"canonical\" href=\"https:\/\/www.amiblu.com\/fr\/eaux-pluviales\/\" \/>\n<meta property=\"og:locale\" content=\"fr_FR\" \/>\n<meta property=\"og:type\" content=\"article\" \/>\n<meta property=\"og:title\" content=\"Eaux Pluviales\" \/>\n<meta property=\"og:description\" content=\"Le d\u00e9versoir d\u2019orage CSO et le d\u00e9versoir d\u2019orage Amiscreen s\u00e9parent tr\u00e8s efficacement les mati\u00e8res solides.\" \/>\n<meta property=\"og:url\" content=\"https:\/\/www.amiblu.com\/fr\/eaux-pluviales\/\" \/>\n<meta property=\"og:site_name\" content=\"Amiblu\" \/>\n<meta property=\"article:publisher\" content=\"https:\/\/www.facebook.com\/amiblupipes\" \/>\n<meta property=\"article:modified_time\" content=\"2022-07-20T06:31:07+00:00\" \/>\n<meta property=\"og:image\" content=\"https:\/\/www.amiblu.com\/wp-content\/uploads\/Amiblu-CSO-system-Moehra.jpg\" \/>\n\t<meta property=\"og:image:width\" content=\"552\" \/>\n\t<meta property=\"og:image:height\" content=\"312\" \/>\n\t<meta property=\"og:image:type\" content=\"image\/jpeg\" \/>\n<meta name=\"twitter:card\" content=\"summary_large_image\" \/>\n<meta name=\"twitter:label1\" content=\"Dur\u00e9e de lecture estim\u00e9e\" \/>\n\t<meta name=\"twitter:data1\" content=\"4 minutes\" \/>\n<script type=\"application\/ld+json\" class=\"yoast-schema-graph\">{\"@context\":\"https:\\\/\\\/schema.org\",\"@graph\":[{\"@type\":\"WebPage\",\"@id\":\"https:\\\/\\\/www.amiblu.com\\\/fr\\\/eaux-pluviales\\\/\",\"url\":\"https:\\\/\\\/www.amiblu.com\\\/fr\\\/eaux-pluviales\\\/\",\"name\":\"D\u00e9versoir d\u2019orage modulaire pour r\u00e9seaux unitaires\",\"isPartOf\":{\"@id\":\"https:\\\/\\\/www.amiblu.com\\\/fr\\\/#website\"},\"primaryImageOfPage\":{\"@id\":\"https:\\\/\\\/www.amiblu.com\\\/fr\\\/eaux-pluviales\\\/#primaryimage\"},\"image\":{\"@id\":\"https:\\\/\\\/www.amiblu.com\\\/fr\\\/eaux-pluviales\\\/#primaryimage\"},\"thumbnailUrl\":\"https:\\\/\\\/www.amiblu.com\\\/wp-content\\\/uploads\\\/Amiblu-CSO-system-Moehra.jpg\",\"datePublished\":\"2021-09-06T13:20:53+00:00\",\"dateModified\":\"2022-07-20T06:31:07+00:00\",\"description\":\"Le d\u00e9versoir d\u2019orage CSO et le d\u00e9versoir d\u2019orage Amiscreen s\u00e9parent tr\u00e8s efficacement les mati\u00e8res solides.\",\"inLanguage\":\"fr-FR\",\"potentialAction\":[{\"@type\":\"ReadAction\",\"target\":[\"https:\\\/\\\/www.amiblu.com\\\/fr\\\/eaux-pluviales\\\/\"]}]},{\"@type\":\"ImageObject\",\"inLanguage\":\"fr-FR\",\"@id\":\"https:\\\/\\\/www.amiblu.com\\\/fr\\\/eaux-pluviales\\\/#primaryimage\",\"url\":\"https:\\\/\\\/www.amiblu.com\\\/wp-content\\\/uploads\\\/Amiblu-CSO-system-Moehra.jpg\",\"contentUrl\":\"https:\\\/\\\/www.amiblu.com\\\/wp-content\\\/uploads\\\/Amiblu-CSO-system-Moehra.jpg\",\"width\":552,\"height\":312,\"caption\":\"Amiblu CSO system in M\u00f6hra, Germany\"},{\"@type\":\"WebSite\",\"@id\":\"https:\\\/\\\/www.amiblu.com\\\/fr\\\/#website\",\"url\":\"https:\\\/\\\/www.amiblu.com\\\/fr\\\/\",\"name\":\"Amiblu\",\"description\":\"GFK-Rohrsysteme f\u00fcr Generationen\",\"publisher\":{\"@id\":\"https:\\\/\\\/www.amiblu.com\\\/fr\\\/#organization\"},\"potentialAction\":[{\"@type\":\"SearchAction\",\"target\":{\"@type\":\"EntryPoint\",\"urlTemplate\":\"https:\\\/\\\/www.amiblu.com\\\/fr\\\/?s={search_term_string}\"},\"query-input\":{\"@type\":\"PropertyValueSpecification\",\"valueRequired\":true,\"valueName\":\"search_term_string\"}}],\"inLanguage\":\"fr-FR\"},{\"@type\":\"Organization\",\"@id\":\"https:\\\/\\\/www.amiblu.com\\\/fr\\\/#organization\",\"name\":\"Amiblu Group\",\"url\":\"https:\\\/\\\/www.amiblu.com\\\/fr\\\/\",\"logo\":{\"@type\":\"ImageObject\",\"inLanguage\":\"fr-FR\",\"@id\":\"https:\\\/\\\/www.amiblu.com\\\/fr\\\/#\\\/schema\\\/logo\\\/image\\\/\",\"url\":\"https:\\\/\\\/www.amiblu.com\\\/wp-content\\\/uploads\\\/2021\\\/01\\\/Amiblu-logo-website-1.png\",\"contentUrl\":\"https:\\\/\\\/www.amiblu.com\\\/wp-content\\\/uploads\\\/2021\\\/01\\\/Amiblu-logo-website-1.png\",\"width\":201,\"height\":38,\"caption\":\"Amiblu Group\"},\"image\":{\"@id\":\"https:\\\/\\\/www.amiblu.com\\\/fr\\\/#\\\/schema\\\/logo\\\/image\\\/\"},\"sameAs\":[\"https:\\\/\\\/www.facebook.com\\\/amiblupipes\",\"https:\\\/\\\/www.youtube.com\\\/c\\\/Amiblu\",\"https:\\\/\\\/de.wikipedia.org\\\/wiki\\\/Amiblu\",\"https:\\\/\\\/www.linkedin.com\\\/company\\\/amiblupipes\\\/\"]}]}<\/script>\n<!-- \/ Yoast SEO Premium plugin. -->","yoast_head_json":{"title":"D\u00e9versoir d\u2019orage modulaire pour r\u00e9seaux unitaires","description":"Le d\u00e9versoir d\u2019orage CSO et le d\u00e9versoir d\u2019orage Amiscreen s\u00e9parent tr\u00e8s efficacement les mati\u00e8res solides.","robots":{"index":"index","follow":"follow","max-snippet":"max-snippet:-1","max-image-preview":"max-image-preview:large","max-video-preview":"max-video-preview:-1"},"canonical":"https:\/\/www.amiblu.com\/fr\/eaux-pluviales\/","og_locale":"fr_FR","og_type":"article","og_title":"Eaux Pluviales","og_description":"Le d\u00e9versoir d\u2019orage CSO et le d\u00e9versoir d\u2019orage Amiscreen s\u00e9parent tr\u00e8s efficacement les mati\u00e8res solides.","og_url":"https:\/\/www.amiblu.com\/fr\/eaux-pluviales\/","og_site_name":"Amiblu","article_publisher":"https:\/\/www.facebook.com\/amiblupipes","article_modified_time":"2022-07-20T06:31:07+00:00","og_image":[{"width":552,"height":312,"url":"https:\/\/www.amiblu.com\/wp-content\/uploads\/Amiblu-CSO-system-Moehra.jpg","type":"image\/jpeg"}],"twitter_card":"summary_large_image","twitter_misc":{"Dur\u00e9e de lecture estim\u00e9e":"4 minutes"},"schema":{"@context":"https:\/\/schema.org","@graph":[{"@type":"WebPage","@id":"https:\/\/www.amiblu.com\/fr\/eaux-pluviales\/","url":"https:\/\/www.amiblu.com\/fr\/eaux-pluviales\/","name":"D\u00e9versoir d\u2019orage modulaire pour r\u00e9seaux unitaires","isPartOf":{"@id":"https:\/\/www.amiblu.com\/fr\/#website"},"primaryImageOfPage":{"@id":"https:\/\/www.amiblu.com\/fr\/eaux-pluviales\/#primaryimage"},"image":{"@id":"https:\/\/www.amiblu.com\/fr\/eaux-pluviales\/#primaryimage"},"thumbnailUrl":"https:\/\/www.amiblu.com\/wp-content\/uploads\/Amiblu-CSO-system-Moehra.jpg","datePublished":"2021-09-06T13:20:53+00:00","dateModified":"2022-07-20T06:31:07+00:00","description":"Le d\u00e9versoir d\u2019orage CSO et le d\u00e9versoir d\u2019orage Amiscreen s\u00e9parent tr\u00e8s efficacement les mati\u00e8res solides.","inLanguage":"fr-FR","potentialAction":[{"@type":"ReadAction","target":["https:\/\/www.amiblu.com\/fr\/eaux-pluviales\/"]}]},{"@type":"ImageObject","inLanguage":"fr-FR","@id":"https:\/\/www.amiblu.com\/fr\/eaux-pluviales\/#primaryimage","url":"https:\/\/www.amiblu.com\/wp-content\/uploads\/Amiblu-CSO-system-Moehra.jpg","contentUrl":"https:\/\/www.amiblu.com\/wp-content\/uploads\/Amiblu-CSO-system-Moehra.jpg","width":552,"height":312,"caption":"Amiblu CSO system in M\u00f6hra, Germany"},{"@type":"WebSite","@id":"https:\/\/www.amiblu.com\/fr\/#website","url":"https:\/\/www.amiblu.com\/fr\/","name":"Amiblu","description":"GFK-Rohrsysteme f\u00fcr Generationen","publisher":{"@id":"https:\/\/www.amiblu.com\/fr\/#organization"},"potentialAction":[{"@type":"SearchAction","target":{"@type":"EntryPoint","urlTemplate":"https:\/\/www.amiblu.com\/fr\/?s={search_term_string}"},"query-input":{"@type":"PropertyValueSpecification","valueRequired":true,"valueName":"search_term_string"}}],"inLanguage":"fr-FR"},{"@type":"Organization","@id":"https:\/\/www.amiblu.com\/fr\/#organization","name":"Amiblu Group","url":"https:\/\/www.amiblu.com\/fr\/","logo":{"@type":"ImageObject","inLanguage":"fr-FR","@id":"https:\/\/www.amiblu.com\/fr\/#\/schema\/logo\/image\/","url":"https:\/\/www.amiblu.com\/wp-content\/uploads\/2021\/01\/Amiblu-logo-website-1.png","contentUrl":"https:\/\/www.amiblu.com\/wp-content\/uploads\/2021\/01\/Amiblu-logo-website-1.png","width":201,"height":38,"caption":"Amiblu Group"},"image":{"@id":"https:\/\/www.amiblu.com\/fr\/#\/schema\/logo\/image\/"},"sameAs":["https:\/\/www.facebook.com\/amiblupipes","https:\/\/www.youtube.com\/c\/Amiblu","https:\/\/de.wikipedia.org\/wiki\/Amiblu","https:\/\/www.linkedin.com\/company\/amiblupipes\/"]}]}},"_links":{"self":[{"href":"https:\/\/www.amiblu.com\/fr\/wp-json\/wp\/v2\/pages\/39296","targetHints":{"allow":["GET"]}}],"collection":[{"href":"https:\/\/www.amiblu.com\/fr\/wp-json\/wp\/v2\/pages"}],"about":[{"href":"https:\/\/www.amiblu.com\/fr\/wp-json\/wp\/v2\/types\/page"}],"author":[{"embeddable":true,"href":"https:\/\/www.amiblu.com\/fr\/wp-json\/wp\/v2\/users\/8"}],"replies":[{"embeddable":true,"href":"https:\/\/www.amiblu.com\/fr\/wp-json\/wp\/v2\/comments?post=39296"}],"version-history":[{"count":16,"href":"https:\/\/www.amiblu.com\/fr\/wp-json\/wp\/v2\/pages\/39296\/revisions"}],"predecessor-version":[{"id":51618,"href":"https:\/\/www.amiblu.com\/fr\/wp-json\/wp\/v2\/pages\/39296\/revisions\/51618"}],"wp:featuredmedia":[{"embeddable":true,"href":"https:\/\/www.amiblu.com\/fr\/wp-json\/wp\/v2\/media\/47360"}],"wp:attachment":[{"href":"https:\/\/www.amiblu.com\/fr\/wp-json\/wp\/v2\/media?parent=39296"}],"curies":[{"name":"wp","href":"https:\/\/api.w.org\/{rel}","templated":true}]}}