{"id":39311,"date":"2021-09-06T15:21:18","date_gmt":"2021-09-06T13:21:18","guid":{"rendered":"https:\/\/www.amiblu.com\/?page_id=39311"},"modified":"2022-07-20T08:37:22","modified_gmt":"2022-07-20T06:37:22","slug":"eau-potable","status":"publish","type":"page","link":"https:\/\/www.amiblu.com\/fr\/eau-potable\/","title":{"rendered":"Eau potable"},"content":{"rendered":"\n<style type=\"text\/css\" data-created_by=\"avia_inline_auto\" id=\"style-css-av-3usgo4v-32fdf367011e2c330f1f21ee1ab8be91\">\n.avia-section.av-3usgo4v-32fdf367011e2c330f1f21ee1ab8be91 .av-parallax .av-parallax-inner{\nbackground-repeat:no-repeat;\nbackground-image:url(https:\/\/www.amiblu.com\/wp-content\/uploads\/Hobas-Potable-Water-Pipeline-Targu-Jiu-Romania.jpg);\nbackground-position:50% 50%;\nbackground-attachment:scroll;\n}\n.avia-section.av-3usgo4v-32fdf367011e2c330f1f21ee1ab8be91 .av-section-color-overlay{\nopacity:0.5;\nbackground-color:#0a0a0a;\n}\n<\/style>\n<div id='av_section_1'  class='avia-section av-3usgo4v-32fdf367011e2c330f1f21ee1ab8be91 main_color avia-section-default avia-no-border-styling  avia-builder-el-0  el_before_av_section  avia-builder-el-first  amiblu-content amiblu-page-hero av-parallax-section avia-bg-style-parallax av-section-color-overlay-active container_wrap fullsize'  data-section-bg-repeat='no-repeat'><div class='av-parallax' data-avia-parallax-ratio='0.3' ><div class='av-parallax-inner main_color avia-full-stretch'><\/div><\/div><div class=\"av-section-color-overlay-wrap\"><div class=\"av-section-color-overlay\"><\/div><div class='container av-section-cont-open' ><main  role=\"main\" itemprop=\"mainContentOfPage\"  class='template-page content  av-content-full alpha units'><div class='post-entry post-entry-type-page post-entry-39311'><div class='entry-content-wrapper clearfix'>\n\n<style type=\"text\/css\" data-created_by=\"avia_inline_auto\" id=\"style-css-av-3cdr2of-1ddd9143c9d436131024b5d6da08678f\">\n.flex_column.av-3cdr2of-1ddd9143c9d436131024b5d6da08678f{\nborder-radius:0px 0px 0px 0px;\npadding:0 0 0 0;\n}\n<\/style>\n<div  class='flex_column av-3cdr2of-1ddd9143c9d436131024b5d6da08678f av_three_fourth  avia-builder-el-1  avia-builder-el-no-sibling  white-content first flex_column_div av-zero-column-padding  '     ><section  class='av_textblock_section av-l2st2bx3-85a626c99230163d8a1781052d727a0a '   itemscope=\"itemscope\" itemtype=\"https:\/\/schema.org\/CreativeWork\" ><div class='avia_textblock'  itemprop=\"text\" ><h1>Syst\u00e8mes de canalisations Amiblu pour eau potable<\/h1>\n<\/div><\/section><br \/>\n\n<style type=\"text\/css\" data-created_by=\"avia_inline_auto\" id=\"style-css-av-l2st2om7-8a944d8017ef52400e897f8ba798ac17\">\n#top .av_textblock_section.av-l2st2om7-8a944d8017ef52400e897f8ba798ac17 .avia_textblock{\nfont-size:20px;\n}\n<\/style>\n<section  class='av_textblock_section av-l2st2om7-8a944d8017ef52400e897f8ba798ac17 '   itemscope=\"itemscope\" itemtype=\"https:\/\/schema.org\/CreativeWork\" ><div class='avia_textblock sub-heading'  itemprop=\"text\" ><p>Transporter l\u2019eau potable de fa\u00e7on intelligente et durable selon Amiblu.<\/p>\n<\/div><\/section><\/p><\/div>\n\n<\/div><\/div><\/main><!-- close content main element --><\/div><\/div><\/div><div id='av_section_2'  class='avia-section av-35h8qrz-16b7889fc78f72efceaea7417c81b0e4 main_color avia-section-default avia-no-border-styling  avia-builder-el-4  el_after_av_section  el_before_av_section  amiblu-bw-pr amiblu-jk-pp avia-bg-style-scroll container_wrap fullsize'  ><div class='container av-section-cont-open' ><div class='template-page content  av-content-full alpha units'><div class='post-entry post-entry-type-page post-entry-39311'><div class='entry-content-wrapper clearfix'>\n\n<style type=\"text\/css\" data-created_by=\"avia_inline_auto\" id=\"style-css-av-2qkgbrj-f6b3d90a3ec6b80ce3f9a271d7e6b7a4\">\n.flex_column.av-2qkgbrj-f6b3d90a3ec6b80ce3f9a271d7e6b7a4{\nborder-radius:0px 0px 0px 0px;\npadding:0px 0px 0px 0px;\n}\n<\/style>\n<div  class='flex_column av-2qkgbrj-f6b3d90a3ec6b80ce3f9a271d7e6b7a4 av_two_third  avia-builder-el-5  avia-builder-el-no-sibling  first flex_column_div av-zero-column-padding  '     ><p>\n<style type=\"text\/css\" data-created_by=\"avia_inline_auto\" id=\"style-css-av-l5qp85al-013ed5d8237565f431d97e8d50c9400b\">\n#top .av-special-heading.av-l5qp85al-013ed5d8237565f431d97e8d50c9400b{\npadding-bottom:10px;\n}\nbody .av-special-heading.av-l5qp85al-013ed5d8237565f431d97e8d50c9400b .av-special-heading-tag .heading-char{\nfont-size:25px;\n}\n.av-special-heading.av-l5qp85al-013ed5d8237565f431d97e8d50c9400b .av-subheading{\nfont-size:15px;\n}\n<\/style>\n<div  class='av-special-heading av-l5qp85al-013ed5d8237565f431d97e8d50c9400b av-special-heading-h5 blockquote modern-quote  avia-builder-el-6  el_before_av_textblock  avia-builder-el-first  h1'><h5 class='av-special-heading-tag '  itemprop=\"headline\"  >Syst\u00e8mes de canalisations Amiblu pour eau potable<\/h5><div class=\"special-heading-border\"><div class=\"special-heading-inner-border\"><\/div><\/div><\/div><br \/>\n\n<style type=\"text\/css\" data-created_by=\"avia_inline_auto\" id=\"style-css-av-l2st3p6r-443621406500202245dab39495b6f778\">\n#top .av_textblock_section.av-l2st3p6r-443621406500202245dab39495b6f778 .avia_textblock{\nfont-size:20px;\n}\n\n@media only screen and (min-width: 480px) and (max-width: 767px){ \n#top .av_textblock_section.av-l2st3p6r-443621406500202245dab39495b6f778 .avia_textblock{\nfont-size:18px;\n}\n}\n\n@media only screen and (max-width: 479px){ \n#top .av_textblock_section.av-l2st3p6r-443621406500202245dab39495b6f778 .avia_textblock{\nfont-size:16px;\n}\n}\n<\/style>\n<section  class='av_textblock_section av-l2st3p6r-443621406500202245dab39495b6f778 '   itemscope=\"itemscope\" itemtype=\"https:\/\/schema.org\/CreativeWork\" ><div class='avia_textblock'  itemprop=\"text\" ><p>La disponibilit\u00e9 et l\u2019approvisionnement s\u00e9curis\u00e9 d\u2019une eau potable de qualit\u00e9 sont essentiels dans notre quotidien. Les r\u00e9seaux se doivent donc d\u2019\u00eatre fiables. Les <strong>solutions Amiblu en PRV<\/strong> ont, \u00e0 dimensions identiques en comparaison \u00e0 d\u2019autres mat\u00e9riaux, la particularit\u00e9 d\u2019associer une paroi lisse, un excellent d\u00e9bit hydraulique et de faibles pertes de charge. Le coefficient de rugosit\u00e9 optimal de nos tuyaux minimise donc la quantit\u00e9 d\u2019\u00e9nergie n\u00e9cessaire \u00e0 la distribution d\u2019eau potable dans les villes et leurs banlieues. Les syst\u00e8mes de canalisations Amiblu en PRV sont test\u00e9s et certifi\u00e9s conformes \u00e0 la r\u00e9glementation sanitaire de distribution d\u2019eau potable de nombreux pays.<\/p>\n<\/div><\/section><br \/>\n<div  class='avia-button-wrap av-l2st548k-4b748f3c27c4610bc5221d9628397382-wrap avia-button-left  avia-builder-el-8  el_after_av_textblock  el_before_av_button  amiblu-outline-button'><a href='https:\/\/www.amiblu.com\/wp-content\/uploads\/Amiblu-Systemes-pour-conduites-eau-potable.pdf'  class='avia-button av-l2st548k-4b748f3c27c4610bc5221d9628397382 av-link-btn avia-icon_select-yes-right-icon avia-size-small avia-position-left avia-color-theme-color'  target=\"_blank\"  rel=\"noopener noreferrer\"  aria-label=\"T\u00e9l\u00e9charger notre brochure &quot;Syst\u00e8mes pour conduites eau potable&quot;\"><span class='avia_iconbox_title' >T\u00e9l\u00e9charger notre brochure \"Syst\u00e8mes pour conduites eau potable\"<\/span><span class='avia_button_icon avia_button_icon_right avia-iconfont avia-font-amiblu-icons' data-av_icon='\ue800' data-av_iconfont='amiblu-icons' ><\/span><\/a><\/div><br \/>\n<div  class='avia-button-wrap av-l2st6bdr-279206c4bcdb1828bd46c6c90c2fb6ba-wrap avia-button-left  avia-builder-el-9  el_after_av_button  avia-builder-el-last  amiblu-outline-button'><a href='https:\/\/www.amiblu.com\/wp-content\/uploads\/Amiblu-Potable-Water-Tanks.pdf'  class='avia-button av-l2st6bdr-279206c4bcdb1828bd46c6c90c2fb6ba av-link-btn avia-icon_select-yes-right-icon avia-size-small avia-position-left av-desktop-hide av-medium-hide av-small-hide av-mini-hide avia-color-theme-color'  target=\"_blank\"  rel=\"noopener noreferrer\"  aria-label=\"Download our Potable Water Tanks brochure\"><span class='avia_iconbox_title' >Download our Potable Water Tanks brochure<\/span><span class='avia_button_icon avia_button_icon_right avia-iconfont avia-font-amiblu-icons' data-av_icon='\ue800' data-av_iconfont='amiblu-icons' ><\/span><\/a><\/div><\/p><\/div><\/div><\/div><\/div><!-- close content main div --><\/div><\/div>\n<style type=\"text\/css\" data-created_by=\"avia_inline_auto\" id=\"style-css-av-20918tr-b77f11b9ba254123f520be100924b545\">\n.avia-section.av-20918tr-b77f11b9ba254123f520be100924b545{\nbackground-color:#f2f4f8;\nbackground-image:unset;\n}\n<\/style>\n<div id='av_section_3'  class='avia-section av-20918tr-b77f11b9ba254123f520be100924b545 main_color avia-section-default avia-no-border-styling  avia-builder-el-10  el_after_av_section  avia-builder-el-last  home-info amiblu-jk-inf avia-bg-style-scroll container_wrap fullsize'  ><div class='container av-section-cont-open' ><div class='template-page content  av-content-full alpha units'><div class='post-entry post-entry-type-page post-entry-39311'><div class='entry-content-wrapper clearfix'>\n\n<style type=\"text\/css\" data-created_by=\"avia_inline_auto\" id=\"style-css-av-1ignejz-63159c73b300531731c2f674cbd753b2\">\n.flex_column.av-1ignejz-63159c73b300531731c2f674cbd753b2{\nborder-radius:0px 0px 0px 0px;\npadding:0px 0px 0px 0px;\n}\n<\/style>\n<div  class='flex_column av-1ignejz-63159c73b300531731c2f674cbd753b2 av_one_half  avia-builder-el-11  el_before_av_one_half  avia-builder-el-first  home-info-img first flex_column_div av-zero-column-padding  '     ><style type=\"text\/css\" data-created_by=\"avia_inline_auto\" id=\"style-css-av-1cpxpbj-9b68f1efc487069f976169acdf831247\">\n.avia-image-container.av-1cpxpbj-9b68f1efc487069f976169acdf831247 img.avia_image{\nbox-shadow:none;\n}\n.avia-image-container.av-1cpxpbj-9b68f1efc487069f976169acdf831247 .av-image-caption-overlay-center{\ncolor:#ffffff;\n}\n<\/style>\n<div  class='avia-image-container av-1cpxpbj-9b68f1efc487069f976169acdf831247 av-styling- avia-align-right  avia-builder-el-12  avia-builder-el-no-sibling '   itemprop=\"image\" itemscope=\"itemscope\" itemtype=\"https:\/\/schema.org\/ImageObject\" ><div class=\"avia-image-container-inner\"><div class=\"avia-image-overlay-wrap\"><img fetchpriority=\"high\" decoding=\"async\" fetchpriority=\"high\" fetchpriority=\"high\" class='wp-image-48043 avia-img-lazy-loading-not-48043 avia_image ' src=\"https:\/\/www.amiblu.com\/wp-content\/uploads\/Hobas-Potable-Water-Storage-Tank.jpg\" alt='Hobas Potable Water Storage Tank' title='Hobas-Potable-Water-Storage-Tank'  height=\"543\" width=\"960\"  itemprop=\"thumbnailUrl\" srcset=\"https:\/\/www.amiblu.com\/wp-content\/uploads\/Hobas-Potable-Water-Storage-Tank.jpg 960w, https:\/\/www.amiblu.com\/wp-content\/uploads\/Hobas-Potable-Water-Storage-Tank-300x170.jpg 300w, https:\/\/www.amiblu.com\/wp-content\/uploads\/Hobas-Potable-Water-Storage-Tank-768x434.jpg 768w, https:\/\/www.amiblu.com\/wp-content\/uploads\/Hobas-Potable-Water-Storage-Tank-705x399.jpg 705w\" sizes=\"(max-width: 960px) 100vw, 960px\" \/><\/div><\/div><\/div><\/div>\n<style type=\"text\/css\" data-created_by=\"avia_inline_auto\" id=\"style-css-av-u1p66n-f36e12b1e070b160a010efe0456983e8\">\n.flex_column.av-u1p66n-f36e12b1e070b160a010efe0456983e8{\nborder-radius:11px 11px 11px 11px;\npadding:0px 0px 0px 0px;\n}\n<\/style>\n<div  class='flex_column av-u1p66n-f36e12b1e070b160a010efe0456983e8 av_one_half  avia-builder-el-13  el_after_av_one_half  avia-builder-el-last  home-info-text white-content flex_column_div av-zero-column-padding  '     ><section  class='av_textblock_section av-l2st8433-01af8820c21048a4fcebc0f7904edf13 '   itemscope=\"itemscope\" itemtype=\"https:\/\/schema.org\/CreativeWork\" ><div class='avia_textblock'  itemprop=\"text\" ><p><strong>Avantages des syst\u00e8mes de canalisations Amiblu pour eau potable:<\/strong><\/p>\n<div class=\"wpb_wrapper\">\n<ul>\n<li><strong>Etanch\u00e9it\u00e9<\/strong> pour pr\u00e9venir toute infiltration et exfiltration.<\/li>\n<li>Peu de co\u00fbts li\u00e9s au pompage gr\u00e2ce aux <strong>excellentes propri\u00e9t\u00e9s hydrauliques<\/strong>.<\/li>\n<li><strong>R\u00e9sistance aux charges statiques<\/strong>, charges roulantes et de surface et activit\u00e9s sismiques.<\/li>\n<li><strong>Qualit\u00e9 test\u00e9e et certifi\u00e9e<\/strong> pour l\u2019adduction d\u2019eau potable dans de nombreux pays dans le monde.<\/li>\n<li>Une <strong>plus large granulom\u00e9trie du mat\u00e9riau d\u2019enrobage<\/strong> et une r\u00e9utilisation plus large du mat\u00e9riau du site r\u00e9duisent les co\u00fbts de remblaiement.<\/li>\n<\/ul>\n<\/div>\n<\/div><\/section><\/div>\n<\/p>\n","protected":false},"excerpt":{"rendered":"","protected":false},"author":8,"featured_media":47358,"parent":0,"menu_order":35,"comment_status":"closed","ping_status":"closed","template":"","meta":{"_acf_changed":false,"footnotes":""},"class_list":["post-39311","page","type-page","status-publish","has-post-thumbnail","hentry"],"acf":[],"yoast_head":"<!-- This site is optimized with the Yoast SEO Premium plugin v27.3 (Yoast SEO v27.4) - https:\/\/yoast.com\/product\/yoast-seo-premium-wordpress\/ -->\n<title>Syst\u00e8mes de canalisations Amiblu pour eau potable<\/title>\n<meta name=\"description\" content=\"La disponibilit\u00e9 et l&#039;approvisionnement s\u00e9curis\u00e9 d&#039;une eau potable de qualit\u00e9 sont essentiels dans notre quotidien. Les r\u00e9seaux se doivent donc d&#039;\u00eatre fiables.\" \/>\n<meta name=\"robots\" content=\"index, follow, max-snippet:-1, max-image-preview:large, max-video-preview:-1\" \/>\n<link rel=\"canonical\" href=\"https:\/\/www.amiblu.com\/fr\/eau-potable\/\" \/>\n<meta property=\"og:locale\" content=\"fr_FR\" \/>\n<meta property=\"og:type\" content=\"article\" \/>\n<meta property=\"og:title\" content=\"Eau potable\" \/>\n<meta property=\"og:description\" content=\"La disponibilit\u00e9 et l&#039;approvisionnement s\u00e9curis\u00e9 d&#039;une eau potable de qualit\u00e9 sont essentiels dans notre quotidien. Les r\u00e9seaux se doivent donc d&#039;\u00eatre fiables.\" \/>\n<meta property=\"og:url\" content=\"https:\/\/www.amiblu.com\/fr\/eau-potable\/\" \/>\n<meta property=\"og:site_name\" content=\"Amiblu\" \/>\n<meta property=\"article:publisher\" content=\"https:\/\/www.facebook.com\/amiblupipes\" \/>\n<meta property=\"article:modified_time\" content=\"2022-07-20T06:37:22+00:00\" \/>\n<meta property=\"og:image\" content=\"https:\/\/www.amiblu.com\/wp-content\/uploads\/Potable-water-tank-Pitomaca.jpg\" \/>\n\t<meta property=\"og:image:width\" content=\"552\" \/>\n\t<meta property=\"og:image:height\" content=\"312\" \/>\n\t<meta property=\"og:image:type\" content=\"image\/jpeg\" \/>\n<meta name=\"twitter:card\" content=\"summary_large_image\" \/>\n<meta name=\"twitter:label1\" content=\"Dur\u00e9e de lecture estim\u00e9e\" \/>\n\t<meta name=\"twitter:data1\" content=\"4 minutes\" \/>\n<script type=\"application\/ld+json\" class=\"yoast-schema-graph\">{\"@context\":\"https:\\\/\\\/schema.org\",\"@graph\":[{\"@type\":\"WebPage\",\"@id\":\"https:\\\/\\\/www.amiblu.com\\\/fr\\\/eau-potable\\\/\",\"url\":\"https:\\\/\\\/www.amiblu.com\\\/fr\\\/eau-potable\\\/\",\"name\":\"Syst\u00e8mes de canalisations Amiblu pour eau potable\",\"isPartOf\":{\"@id\":\"https:\\\/\\\/www.amiblu.com\\\/fr\\\/#website\"},\"primaryImageOfPage\":{\"@id\":\"https:\\\/\\\/www.amiblu.com\\\/fr\\\/eau-potable\\\/#primaryimage\"},\"image\":{\"@id\":\"https:\\\/\\\/www.amiblu.com\\\/fr\\\/eau-potable\\\/#primaryimage\"},\"thumbnailUrl\":\"https:\\\/\\\/www.amiblu.com\\\/wp-content\\\/uploads\\\/Potable-water-tank-Pitomaca.jpg\",\"datePublished\":\"2021-09-06T13:21:18+00:00\",\"dateModified\":\"2022-07-20T06:37:22+00:00\",\"description\":\"La disponibilit\u00e9 et l'approvisionnement s\u00e9curis\u00e9 d'une eau potable de qualit\u00e9 sont essentiels dans notre quotidien. Les r\u00e9seaux se doivent donc d'\u00eatre fiables.\",\"inLanguage\":\"fr-FR\",\"potentialAction\":[{\"@type\":\"ReadAction\",\"target\":[\"https:\\\/\\\/www.amiblu.com\\\/fr\\\/eau-potable\\\/\"]}]},{\"@type\":\"ImageObject\",\"inLanguage\":\"fr-FR\",\"@id\":\"https:\\\/\\\/www.amiblu.com\\\/fr\\\/eau-potable\\\/#primaryimage\",\"url\":\"https:\\\/\\\/www.amiblu.com\\\/wp-content\\\/uploads\\\/Potable-water-tank-Pitomaca.jpg\",\"contentUrl\":\"https:\\\/\\\/www.amiblu.com\\\/wp-content\\\/uploads\\\/Potable-water-tank-Pitomaca.jpg\",\"width\":552,\"height\":312,\"caption\":\"Potable water tank for Pitomaca, Croatia\"},{\"@type\":\"WebSite\",\"@id\":\"https:\\\/\\\/www.amiblu.com\\\/fr\\\/#website\",\"url\":\"https:\\\/\\\/www.amiblu.com\\\/fr\\\/\",\"name\":\"Amiblu\",\"description\":\"GFK-Rohrsysteme f\u00fcr Generationen\",\"publisher\":{\"@id\":\"https:\\\/\\\/www.amiblu.com\\\/fr\\\/#organization\"},\"potentialAction\":[{\"@type\":\"SearchAction\",\"target\":{\"@type\":\"EntryPoint\",\"urlTemplate\":\"https:\\\/\\\/www.amiblu.com\\\/fr\\\/?s={search_term_string}\"},\"query-input\":{\"@type\":\"PropertyValueSpecification\",\"valueRequired\":true,\"valueName\":\"search_term_string\"}}],\"inLanguage\":\"fr-FR\"},{\"@type\":\"Organization\",\"@id\":\"https:\\\/\\\/www.amiblu.com\\\/fr\\\/#organization\",\"name\":\"Amiblu Group\",\"url\":\"https:\\\/\\\/www.amiblu.com\\\/fr\\\/\",\"logo\":{\"@type\":\"ImageObject\",\"inLanguage\":\"fr-FR\",\"@id\":\"https:\\\/\\\/www.amiblu.com\\\/fr\\\/#\\\/schema\\\/logo\\\/image\\\/\",\"url\":\"https:\\\/\\\/www.amiblu.com\\\/wp-content\\\/uploads\\\/2021\\\/01\\\/Amiblu-logo-website-1.png\",\"contentUrl\":\"https:\\\/\\\/www.amiblu.com\\\/wp-content\\\/uploads\\\/2021\\\/01\\\/Amiblu-logo-website-1.png\",\"width\":201,\"height\":38,\"caption\":\"Amiblu Group\"},\"image\":{\"@id\":\"https:\\\/\\\/www.amiblu.com\\\/fr\\\/#\\\/schema\\\/logo\\\/image\\\/\"},\"sameAs\":[\"https:\\\/\\\/www.facebook.com\\\/amiblupipes\",\"https:\\\/\\\/www.youtube.com\\\/c\\\/Amiblu\",\"https:\\\/\\\/de.wikipedia.org\\\/wiki\\\/Amiblu\",\"https:\\\/\\\/www.linkedin.com\\\/company\\\/amiblupipes\\\/\"]}]}<\/script>\n<!-- \/ Yoast SEO Premium plugin. -->","yoast_head_json":{"title":"Syst\u00e8mes de canalisations Amiblu pour eau potable","description":"La disponibilit\u00e9 et l'approvisionnement s\u00e9curis\u00e9 d'une eau potable de qualit\u00e9 sont essentiels dans notre quotidien. Les r\u00e9seaux se doivent donc d'\u00eatre fiables.","robots":{"index":"index","follow":"follow","max-snippet":"max-snippet:-1","max-image-preview":"max-image-preview:large","max-video-preview":"max-video-preview:-1"},"canonical":"https:\/\/www.amiblu.com\/fr\/eau-potable\/","og_locale":"fr_FR","og_type":"article","og_title":"Eau potable","og_description":"La disponibilit\u00e9 et l'approvisionnement s\u00e9curis\u00e9 d'une eau potable de qualit\u00e9 sont essentiels dans notre quotidien. Les r\u00e9seaux se doivent donc d'\u00eatre fiables.","og_url":"https:\/\/www.amiblu.com\/fr\/eau-potable\/","og_site_name":"Amiblu","article_publisher":"https:\/\/www.facebook.com\/amiblupipes","article_modified_time":"2022-07-20T06:37:22+00:00","og_image":[{"width":552,"height":312,"url":"https:\/\/www.amiblu.com\/wp-content\/uploads\/Potable-water-tank-Pitomaca.jpg","type":"image\/jpeg"}],"twitter_card":"summary_large_image","twitter_misc":{"Dur\u00e9e de lecture estim\u00e9e":"4 minutes"},"schema":{"@context":"https:\/\/schema.org","@graph":[{"@type":"WebPage","@id":"https:\/\/www.amiblu.com\/fr\/eau-potable\/","url":"https:\/\/www.amiblu.com\/fr\/eau-potable\/","name":"Syst\u00e8mes de canalisations Amiblu pour eau potable","isPartOf":{"@id":"https:\/\/www.amiblu.com\/fr\/#website"},"primaryImageOfPage":{"@id":"https:\/\/www.amiblu.com\/fr\/eau-potable\/#primaryimage"},"image":{"@id":"https:\/\/www.amiblu.com\/fr\/eau-potable\/#primaryimage"},"thumbnailUrl":"https:\/\/www.amiblu.com\/wp-content\/uploads\/Potable-water-tank-Pitomaca.jpg","datePublished":"2021-09-06T13:21:18+00:00","dateModified":"2022-07-20T06:37:22+00:00","description":"La disponibilit\u00e9 et l'approvisionnement s\u00e9curis\u00e9 d'une eau potable de qualit\u00e9 sont essentiels dans notre quotidien. Les r\u00e9seaux se doivent donc d'\u00eatre fiables.","inLanguage":"fr-FR","potentialAction":[{"@type":"ReadAction","target":["https:\/\/www.amiblu.com\/fr\/eau-potable\/"]}]},{"@type":"ImageObject","inLanguage":"fr-FR","@id":"https:\/\/www.amiblu.com\/fr\/eau-potable\/#primaryimage","url":"https:\/\/www.amiblu.com\/wp-content\/uploads\/Potable-water-tank-Pitomaca.jpg","contentUrl":"https:\/\/www.amiblu.com\/wp-content\/uploads\/Potable-water-tank-Pitomaca.jpg","width":552,"height":312,"caption":"Potable water tank for Pitomaca, Croatia"},{"@type":"WebSite","@id":"https:\/\/www.amiblu.com\/fr\/#website","url":"https:\/\/www.amiblu.com\/fr\/","name":"Amiblu","description":"GFK-Rohrsysteme f\u00fcr Generationen","publisher":{"@id":"https:\/\/www.amiblu.com\/fr\/#organization"},"potentialAction":[{"@type":"SearchAction","target":{"@type":"EntryPoint","urlTemplate":"https:\/\/www.amiblu.com\/fr\/?s={search_term_string}"},"query-input":{"@type":"PropertyValueSpecification","valueRequired":true,"valueName":"search_term_string"}}],"inLanguage":"fr-FR"},{"@type":"Organization","@id":"https:\/\/www.amiblu.com\/fr\/#organization","name":"Amiblu Group","url":"https:\/\/www.amiblu.com\/fr\/","logo":{"@type":"ImageObject","inLanguage":"fr-FR","@id":"https:\/\/www.amiblu.com\/fr\/#\/schema\/logo\/image\/","url":"https:\/\/www.amiblu.com\/wp-content\/uploads\/2021\/01\/Amiblu-logo-website-1.png","contentUrl":"https:\/\/www.amiblu.com\/wp-content\/uploads\/2021\/01\/Amiblu-logo-website-1.png","width":201,"height":38,"caption":"Amiblu Group"},"image":{"@id":"https:\/\/www.amiblu.com\/fr\/#\/schema\/logo\/image\/"},"sameAs":["https:\/\/www.facebook.com\/amiblupipes","https:\/\/www.youtube.com\/c\/Amiblu","https:\/\/de.wikipedia.org\/wiki\/Amiblu","https:\/\/www.linkedin.com\/company\/amiblupipes\/"]}]}},"_links":{"self":[{"href":"https:\/\/www.amiblu.com\/fr\/wp-json\/wp\/v2\/pages\/39311","targetHints":{"allow":["GET"]}}],"collection":[{"href":"https:\/\/www.amiblu.com\/fr\/wp-json\/wp\/v2\/pages"}],"about":[{"href":"https:\/\/www.amiblu.com\/fr\/wp-json\/wp\/v2\/types\/page"}],"author":[{"embeddable":true,"href":"https:\/\/www.amiblu.com\/fr\/wp-json\/wp\/v2\/users\/8"}],"replies":[{"embeddable":true,"href":"https:\/\/www.amiblu.com\/fr\/wp-json\/wp\/v2\/comments?post=39311"}],"version-history":[{"count":16,"href":"https:\/\/www.amiblu.com\/fr\/wp-json\/wp\/v2\/pages\/39311\/revisions"}],"predecessor-version":[{"id":51628,"href":"https:\/\/www.amiblu.com\/fr\/wp-json\/wp\/v2\/pages\/39311\/revisions\/51628"}],"wp:featuredmedia":[{"embeddable":true,"href":"https:\/\/www.amiblu.com\/fr\/wp-json\/wp\/v2\/media\/47358"}],"wp:attachment":[{"href":"https:\/\/www.amiblu.com\/fr\/wp-json\/wp\/v2\/media?parent=39311"}],"curies":[{"name":"wp","href":"https:\/\/api.w.org\/{rel}","templated":true}]}}