{"id":39316,"date":"2021-09-06T15:21:45","date_gmt":"2021-09-06T13:21:45","guid":{"rendered":"https:\/\/www.amiblu.com\/?page_id=39316"},"modified":"2026-01-14T11:46:54","modified_gmt":"2026-01-14T10:46:54","slug":"hydroelectricite","status":"publish","type":"page","link":"https:\/\/www.amiblu.com\/fr\/hydroelectricite\/","title":{"rendered":"Hydro\u00e9lectricit\u00e9"},"content":{"rendered":"<\/p>\n\n<style type=\"text\/css\" data-created_by=\"avia_inline_auto\" id=\"style-css-av-3wcb4ok-f69aaf90c79dac10a50f10ee15a62d0d\">\n.avia-section.av-3wcb4ok-f69aaf90c79dac10a50f10ee15a62d0d .av-parallax .av-parallax-inner{\nbackground-repeat:no-repeat;\nbackground-image:url(https:\/\/www.amiblu.com\/wp-content\/uploads\/Hobas-Hydropower-Pipeline-Iceland.jpg);\nbackground-position:50% 50%;\nbackground-attachment:scroll;\n}\n.avia-section.av-3wcb4ok-f69aaf90c79dac10a50f10ee15a62d0d .av-section-color-overlay{\nopacity:0.5;\nbackground-color:#0a0a0a;\n}\n<\/style>\n<div id='av_section_1'  class='avia-section av-3wcb4ok-f69aaf90c79dac10a50f10ee15a62d0d main_color avia-section-default avia-no-border-styling  avia-builder-el-0  el_before_av_section  avia-builder-el-first  amiblu-content amiblu-page-hero av-parallax-section avia-bg-style-parallax av-section-color-overlay-active container_wrap fullsize'  data-section-bg-repeat='no-repeat'><div class='av-parallax' data-avia-parallax-ratio='0.3' ><div class='av-parallax-inner main_color avia-full-stretch'><\/div><\/div><div class=\"av-section-color-overlay-wrap\"><div class=\"av-section-color-overlay\"><\/div><div class='container av-section-cont-open' ><main  role=\"main\" itemprop=\"mainContentOfPage\"  class='template-page content  av-content-full alpha units'><div class='post-entry post-entry-type-page post-entry-39316'><div class='entry-content-wrapper clearfix'>\n\n<style type=\"text\/css\" data-created_by=\"avia_inline_auto\" id=\"style-css-av-3nkxtjo-d92e916d8a0612630e8024f767f709dc\">\n.flex_column.av-3nkxtjo-d92e916d8a0612630e8024f767f709dc{\nborder-radius:0px 0px 0px 0px;\npadding:0 0 0 0;\n}\n<\/style>\n<div  class='flex_column av-3nkxtjo-d92e916d8a0612630e8024f767f709dc av_three_fourth  avia-builder-el-1  avia-builder-el-no-sibling  white-content first flex_column_div av-zero-column-padding  '     ><section  class='av_textblock_section av-l2sufzw4-3db7b6d9de5f43cfe61328a32404ace7 '   itemscope=\"itemscope\" itemtype=\"https:\/\/schema.org\/CreativeWork\" ><div class='avia_textblock'  itemprop=\"text\" ><h1>Syst\u00e8mes de canalisation Amiblu pour l\u2019hydro\u00e9lectricit\u00e9<\/h1>\n<\/div><\/section><br \/>\n\n<style type=\"text\/css\" data-created_by=\"avia_inline_auto\" id=\"style-css-av-l2sugmf5-7cda37ce39601e9123461302cc88db00\">\n#top .av_textblock_section.av-l2sugmf5-7cda37ce39601e9123461302cc88db00 .avia_textblock{\nfont-size:20px;\n}\n<\/style>\n<section  class='av_textblock_section av-l2sugmf5-7cda37ce39601e9123461302cc88db00 '   itemscope=\"itemscope\" itemtype=\"https:\/\/schema.org\/CreativeWork\" ><div class='avia_textblock sub-heading'  itemprop=\"text\" ><p>Nous aidons \u00e0 transformer l\u2019eau douce en \u00e9nergie renouvelable depuis des g\u00e9n\u00e9rations.<\/p>\n<\/div><\/section><\/p><\/div>\n\n<\/div><\/div><\/main><!-- close content main element --><\/div><\/div><\/div><div id='av_section_2'  class='avia-section av-bckhn8-e8aa4e818b2769dd1b20d42f3bb762d1 main_color avia-section-default avia-no-border-styling  avia-builder-el-4  el_after_av_section  el_before_av_section  amiblu-bw-pr amiblu-jk-pp avia-bg-style-scroll container_wrap fullsize'  ><div class='container av-section-cont-open' ><div class='template-page content  av-content-full alpha units'><div class='post-entry post-entry-type-page post-entry-39316'><div class='entry-content-wrapper clearfix'>\n\n<style type=\"text\/css\" data-created_by=\"avia_inline_auto\" id=\"style-css-av-2kb5wgk-97bb27829a8ab60766d530d689d1ca77\">\n.flex_column.av-2kb5wgk-97bb27829a8ab60766d530d689d1ca77{\nborder-radius:0px 0px 0px 0px;\npadding:0px 0px 0px 0px;\n}\n<\/style>\n<div  class='flex_column av-2kb5wgk-97bb27829a8ab60766d530d689d1ca77 av_two_third  avia-builder-el-5  avia-builder-el-no-sibling  first flex_column_div av-zero-column-padding  '     ><p>\n<style type=\"text\/css\" data-created_by=\"avia_inline_auto\" id=\"style-css-av-l5rsgwz2-2b98d0a824b85f8cbfbfae9e308a4c5a\">\n#top .av-special-heading.av-l5rsgwz2-2b98d0a824b85f8cbfbfae9e308a4c5a{\npadding-bottom:10px;\n}\nbody .av-special-heading.av-l5rsgwz2-2b98d0a824b85f8cbfbfae9e308a4c5a .av-special-heading-tag .heading-char{\nfont-size:25px;\n}\n.av-special-heading.av-l5rsgwz2-2b98d0a824b85f8cbfbfae9e308a4c5a .av-subheading{\nfont-size:15px;\n}\n<\/style>\n<div  class='av-special-heading av-l5rsgwz2-2b98d0a824b85f8cbfbfae9e308a4c5a av-special-heading-h5 blockquote modern-quote  avia-builder-el-6  el_before_av_textblock  avia-builder-el-first  h1'><h5 class='av-special-heading-tag '  itemprop=\"headline\"  >Conduites forc\u00e9es en PRV<\/h5><div class=\"special-heading-border\"><div class=\"special-heading-inner-border\"><\/div><\/div><\/div><br \/>\n\n<style type=\"text\/css\" data-created_by=\"avia_inline_auto\" id=\"style-css-av-l2suk70y-61c97099af2b36c457f0fe110b5eac97\">\n#top .av_textblock_section.av-l2suk70y-61c97099af2b36c457f0fe110b5eac97 .avia_textblock{\nfont-size:20px;\n}\n\n@media only screen and (min-width: 480px) and (max-width: 767px){ \n#top .av_textblock_section.av-l2suk70y-61c97099af2b36c457f0fe110b5eac97 .avia_textblock{\nfont-size:18px;\n}\n}\n\n@media only screen and (max-width: 479px){ \n#top .av_textblock_section.av-l2suk70y-61c97099af2b36c457f0fe110b5eac97 .avia_textblock{\nfont-size:16px;\n}\n}\n<\/style>\n<section  class='av_textblock_section av-l2suk70y-61c97099af2b36c457f0fe110b5eac97 '   itemscope=\"itemscope\" itemtype=\"https:\/\/schema.org\/CreativeWork\" ><div class='avia_textblock'  itemprop=\"text\" ><p>L\u2019hydro\u00e9lectricit\u00e9 fournit plus de 70% de toute l\u2019\u00e9lectricit\u00e9 renouvelable produite dans le monde. Les sites faciles d\u2019acc\u00e8s \u00e9tant d\u00e9j\u00e0 exploit\u00e9s, les ing\u00e9nieurs en hydraulique se tournent vers lieux plus recul\u00e9s et repr\u00e9sentant un r\u00e9el d\u00e9fi pour produire l\u2019\u00e9nergie dont nous avons besoin dans les agglom\u00e9rations et pour l\u2019industrie. Les <strong>solutions Amiblu en PRV<\/strong> sont faciles \u00e0 installer et adaptables \u00e0 chaque terrain. Elles aident \u00e0 la production de plus de kWh avec un meilleur rendement et moins de coup de b\u00e9lier qu\u2019avec un autre mat\u00e9riau. Les <strong>conduites forc\u00e9es Amiblu en PRV<\/strong> aident et acc\u00e9l\u00e8rent la transition vers une production \u00e9nerg\u00e9tique sans combustible fossile gr\u00e2ce aux mati\u00e8res premi\u00e8res respectueuses de l\u2019environnement utilis\u00e9es lors du processus de production (r\u00e9sines PET par ex.) ainsi que la r\u00e9duction d\u2019\u00e9mission de CO2 lors du transport et de l\u2019installation gr\u00e2ce au faible poids des tuyaux.<\/p>\n<\/div><\/section><br \/>\n<div  class='avia-button-wrap av-l2suls3n-448577507ca441f7773221de841a720b-wrap avia-button-left  avia-builder-el-8  el_after_av_textblock  avia-builder-el-last  amiblu-outline-button'><a href='https:\/\/www.amiblu.com\/wp-content\/uploads\/Amiblu-Systemes-PRV-pour-conduites-forcees.pdf'  class='avia-button av-l2suls3n-448577507ca441f7773221de841a720b av-link-btn avia-icon_select-yes-right-icon avia-size-small avia-position-left avia-color-theme-color'  target=\"_blank\"  rel=\"noopener noreferrer\"  aria-label=\"T\u00e9l\u00e9charger notre brochure &quot;Solutions PRV pour conduites forc\u00e9es&quot;\"><span class='avia_iconbox_title' >T\u00e9l\u00e9charger notre brochure \"Solutions PRV pour conduites forc\u00e9es\"<\/span><span class='avia_button_icon avia_button_icon_right avia-iconfont avia-font-amiblu-icons' data-av_icon='\ue800' data-av_iconfont='amiblu-icons' ><\/span><\/a><\/div><\/p><\/div>\n\n<\/div><\/div><\/div><!-- close content main div --><\/div><\/div>\n<style type=\"text\/css\" data-created_by=\"avia_inline_auto\" id=\"style-css-av-26r711w-5dc33bf6fd637d8ac7962f3a328a5e6e\">\n.avia-section.av-26r711w-5dc33bf6fd637d8ac7962f3a328a5e6e{\nbackground-color:#f2f4f8;\nbackground-image:unset;\n}\n<\/style>\n<div id='av_section_3'  class='avia-section av-26r711w-5dc33bf6fd637d8ac7962f3a328a5e6e main_color avia-section-default avia-no-border-styling  avia-builder-el-9  el_after_av_section  avia-builder-el-last  home-info amiblu-jk-inf avia-bg-style-scroll container_wrap fullsize'  ><div class='container av-section-cont-open' ><div class='template-page content  av-content-full alpha units'><div class='post-entry post-entry-type-page post-entry-39316'><div class='entry-content-wrapper clearfix'>\n\n<style type=\"text\/css\" data-created_by=\"avia_inline_auto\" id=\"style-css-av-lvg8k-ad14da757ae7d1373f03bd1de5ce7798\">\n.flex_column.av-lvg8k-ad14da757ae7d1373f03bd1de5ce7798{\nborder-radius:0px 0px 0px 0px;\npadding:0px 0px 0px 0px;\n}\n<\/style>\n<div  class='flex_column av-lvg8k-ad14da757ae7d1373f03bd1de5ce7798 av_one_half  avia-builder-el-10  el_before_av_one_half  avia-builder-el-first  home-info-img first flex_column_div av-zero-column-padding  '     ><style type=\"text\/css\" data-created_by=\"avia_inline_auto\" id=\"style-css-av-4ee590-3eb764189c879eb67f24740e22e9e34d\">\n.avia-image-container.av-4ee590-3eb764189c879eb67f24740e22e9e34d img.avia_image{\nbox-shadow:none;\n}\n.avia-image-container.av-4ee590-3eb764189c879eb67f24740e22e9e34d .av-image-caption-overlay-center{\ncolor:#ffffff;\n}\n<\/style>\n<div  class='avia-image-container av-4ee590-3eb764189c879eb67f24740e22e9e34d av-styling- avia-align-right  avia-builder-el-11  avia-builder-el-no-sibling '   itemprop=\"image\" itemscope=\"itemscope\" itemtype=\"https:\/\/schema.org\/ImageObject\" ><div class=\"avia-image-container-inner\"><div class=\"avia-image-overlay-wrap\"><img fetchpriority=\"high\" decoding=\"async\" fetchpriority=\"high\" fetchpriority=\"high\" class='wp-image-48047 avia-img-lazy-loading-not-48047 avia_image ' src=\"https:\/\/www.amiblu.com\/wp-content\/uploads\/Flowtite-Hydropower-pipeline-Norway.jpg\" alt='Flowtite Hydropower pipeline in Norway' title='Flowtite-Hydropower-pipeline-Norway'  height=\"543\" width=\"960\"  itemprop=\"thumbnailUrl\" srcset=\"https:\/\/www.amiblu.com\/wp-content\/uploads\/Flowtite-Hydropower-pipeline-Norway.jpg 960w, https:\/\/www.amiblu.com\/wp-content\/uploads\/Flowtite-Hydropower-pipeline-Norway-300x170.jpg 300w, https:\/\/www.amiblu.com\/wp-content\/uploads\/Flowtite-Hydropower-pipeline-Norway-768x434.jpg 768w, https:\/\/www.amiblu.com\/wp-content\/uploads\/Flowtite-Hydropower-pipeline-Norway-705x399.jpg 705w\" sizes=\"(max-width: 960px) 100vw, 960px\" \/><\/div><\/div><\/div><\/div>\n<style type=\"text\/css\" data-created_by=\"avia_inline_auto\" id=\"style-css-av-tou7is-a009a0c4f4c97c7da92ea2118e0de277\">\n.flex_column.av-tou7is-a009a0c4f4c97c7da92ea2118e0de277{\nborder-radius:11px 11px 11px 11px;\npadding:0px 0px 0px 0px;\n}\n<\/style>\n<div  class='flex_column av-tou7is-a009a0c4f4c97c7da92ea2118e0de277 av_one_half  avia-builder-el-12  el_after_av_one_half  avia-builder-el-last  home-info-text white-content flex_column_div av-zero-column-padding  '     ><section  class='av_textblock_section av-l2supgf9-0762fcff1b643ba075318e846e864348 '   itemscope=\"itemscope\" itemtype=\"https:\/\/schema.org\/CreativeWork\" ><div class='avia_textblock'  itemprop=\"text\" ><p><strong>Avantages apport\u00e9s par les syst\u00e8mes de canalisation Amiblu pour l\u2019hydro\u00e9lectricit\u00e9:<\/strong><\/p>\n<ul>\n<li><strong>Insensibles \u00e0 la corrosion<\/strong>: Aucun besoin de rev\u00eatement sp\u00e9cial ou de protection cathodique<\/li>\n<li><strong>Peu de pertes de charge<\/strong> pour un maximum de rendement \u00e9nerg\u00e9tique<\/li>\n<li><strong>R\u00e9duction de moiti\u00e9 de l\u2019effet du coup de b\u00e9lier <\/strong>par rapport \u00e0 l\u2019acier et \u00e0 la fonte ductile<\/li>\n<li><strong>Qualit\u00e9 test\u00e9e et certifi\u00e9e<\/strong>: Approuv\u00e9e pour l\u2019hydro\u00e9lectricit\u00e9 partout dans le monde<\/li>\n<li><strong>R\u00e9sistants \u00e0 l\u2019abrasion<\/strong>: <a href=\"https:\/\/www.amiblu.com\/fr\/tuyaux-speciaux\/\">Solution r\u00e9sistante \u00e0 l\u2019abrasion extr\u00eame<\/a> (Flowtite Orange)<\/li>\n<li><strong>R\u00e9sistants aux UV<\/strong>: Id\u00e9al pour les conduites hors-sol<\/li>\n<\/ul>\n<\/div><\/section><\/div>\n\n","protected":false},"excerpt":{"rendered":"","protected":false},"author":8,"featured_media":47357,"parent":0,"menu_order":40,"comment_status":"closed","ping_status":"closed","template":"","meta":{"_acf_changed":false,"footnotes":""},"class_list":["post-39316","page","type-page","status-publish","has-post-thumbnail","hentry"],"acf":[],"yoast_head":"<!-- This site is optimized with the Yoast SEO Premium plugin v27.3 (Yoast SEO v27.4) - https:\/\/yoast.com\/product\/yoast-seo-premium-wordpress\/ -->\n<title>Syst\u00e8mes de canalisations durables en PRV pour l&#039;hydro\u00e9lectricit\u00e9<\/title>\n<meta name=\"description\" content=\"Les solutions Amiblu en PRV sont faciles \u00e0 installer et adaptables \u00e0 chaque terrain. Elles aident \u00e0 la production de plus de kWh avec un meilleur rendement et moins de coup de b\u00e9lier qu&#039;avec un autre mat\u00e9riau.\" \/>\n<meta name=\"robots\" content=\"index, follow, max-snippet:-1, max-image-preview:large, max-video-preview:-1\" \/>\n<link rel=\"canonical\" href=\"https:\/\/www.amiblu.com\/fr\/hydroelectricite\/\" \/>\n<meta property=\"og:locale\" content=\"fr_FR\" \/>\n<meta property=\"og:type\" content=\"article\" \/>\n<meta property=\"og:title\" content=\"Hydro\u00e9lectricit\u00e9\" \/>\n<meta property=\"og:description\" content=\"Les solutions Amiblu en PRV sont faciles \u00e0 installer et adaptables \u00e0 chaque terrain. Elles aident \u00e0 la production de plus de kWh avec un meilleur rendement et moins de coup de b\u00e9lier qu&#039;avec un autre mat\u00e9riau.\" \/>\n<meta property=\"og:url\" content=\"https:\/\/www.amiblu.com\/fr\/hydroelectricite\/\" \/>\n<meta property=\"og:site_name\" content=\"Amiblu\" \/>\n<meta property=\"article:publisher\" content=\"https:\/\/www.facebook.com\/amiblupipes\" \/>\n<meta property=\"article:modified_time\" content=\"2026-01-14T10:46:54+00:00\" \/>\n<meta property=\"og:image\" content=\"https:\/\/www.amiblu.com\/wp-content\/uploads\/Hydropower-pipeline-Vangpollen-penstock.jpg\" \/>\n\t<meta property=\"og:image:width\" content=\"552\" \/>\n\t<meta property=\"og:image:height\" content=\"312\" \/>\n\t<meta property=\"og:image:type\" content=\"image\/jpeg\" \/>\n<meta name=\"twitter:card\" content=\"summary_large_image\" \/>\n<meta name=\"twitter:label1\" content=\"Dur\u00e9e de lecture estim\u00e9e\" \/>\n\t<meta name=\"twitter:data1\" content=\"2 minutes\" \/>\n<script type=\"application\/ld+json\" class=\"yoast-schema-graph\">{\"@context\":\"https:\\\/\\\/schema.org\",\"@graph\":[{\"@type\":\"WebPage\",\"@id\":\"https:\\\/\\\/www.amiblu.com\\\/fr\\\/hydroelectricite\\\/\",\"url\":\"https:\\\/\\\/www.amiblu.com\\\/fr\\\/hydroelectricite\\\/\",\"name\":\"Syst\u00e8mes de canalisations durables en PRV pour l'hydro\u00e9lectricit\u00e9\",\"isPartOf\":{\"@id\":\"https:\\\/\\\/www.amiblu.com\\\/fr\\\/#website\"},\"primaryImageOfPage\":{\"@id\":\"https:\\\/\\\/www.amiblu.com\\\/fr\\\/hydroelectricite\\\/#primaryimage\"},\"image\":{\"@id\":\"https:\\\/\\\/www.amiblu.com\\\/fr\\\/hydroelectricite\\\/#primaryimage\"},\"thumbnailUrl\":\"https:\\\/\\\/www.amiblu.com\\\/wp-content\\\/uploads\\\/Hydropower-pipeline-Vangpollen-penstock.jpg\",\"datePublished\":\"2021-09-06T13:21:45+00:00\",\"dateModified\":\"2026-01-14T10:46:54+00:00\",\"description\":\"Les solutions Amiblu en PRV sont faciles \u00e0 installer et adaptables \u00e0 chaque terrain. Elles aident \u00e0 la production de plus de kWh avec un meilleur rendement et moins de coup de b\u00e9lier qu'avec un autre mat\u00e9riau.\",\"inLanguage\":\"fr-FR\",\"potentialAction\":[{\"@type\":\"ReadAction\",\"target\":[\"https:\\\/\\\/www.amiblu.com\\\/fr\\\/hydroelectricite\\\/\"]}]},{\"@type\":\"ImageObject\",\"inLanguage\":\"fr-FR\",\"@id\":\"https:\\\/\\\/www.amiblu.com\\\/fr\\\/hydroelectricite\\\/#primaryimage\",\"url\":\"https:\\\/\\\/www.amiblu.com\\\/wp-content\\\/uploads\\\/Hydropower-pipeline-Vangpollen-penstock.jpg\",\"contentUrl\":\"https:\\\/\\\/www.amiblu.com\\\/wp-content\\\/uploads\\\/Hydropower-pipeline-Vangpollen-penstock.jpg\",\"width\":552,\"height\":312,\"caption\":\"GRP penstock for hydropower pipe project Vangpollen\"},{\"@type\":\"WebSite\",\"@id\":\"https:\\\/\\\/www.amiblu.com\\\/fr\\\/#website\",\"url\":\"https:\\\/\\\/www.amiblu.com\\\/fr\\\/\",\"name\":\"Amiblu\",\"description\":\"GFK-Rohrsysteme f\u00fcr Generationen\",\"publisher\":{\"@id\":\"https:\\\/\\\/www.amiblu.com\\\/fr\\\/#organization\"},\"potentialAction\":[{\"@type\":\"SearchAction\",\"target\":{\"@type\":\"EntryPoint\",\"urlTemplate\":\"https:\\\/\\\/www.amiblu.com\\\/fr\\\/?s={search_term_string}\"},\"query-input\":{\"@type\":\"PropertyValueSpecification\",\"valueRequired\":true,\"valueName\":\"search_term_string\"}}],\"inLanguage\":\"fr-FR\"},{\"@type\":\"Organization\",\"@id\":\"https:\\\/\\\/www.amiblu.com\\\/fr\\\/#organization\",\"name\":\"Amiblu Group\",\"url\":\"https:\\\/\\\/www.amiblu.com\\\/fr\\\/\",\"logo\":{\"@type\":\"ImageObject\",\"inLanguage\":\"fr-FR\",\"@id\":\"https:\\\/\\\/www.amiblu.com\\\/fr\\\/#\\\/schema\\\/logo\\\/image\\\/\",\"url\":\"https:\\\/\\\/www.amiblu.com\\\/wp-content\\\/uploads\\\/2021\\\/01\\\/Amiblu-logo-website-1.png\",\"contentUrl\":\"https:\\\/\\\/www.amiblu.com\\\/wp-content\\\/uploads\\\/2021\\\/01\\\/Amiblu-logo-website-1.png\",\"width\":201,\"height\":38,\"caption\":\"Amiblu Group\"},\"image\":{\"@id\":\"https:\\\/\\\/www.amiblu.com\\\/fr\\\/#\\\/schema\\\/logo\\\/image\\\/\"},\"sameAs\":[\"https:\\\/\\\/www.facebook.com\\\/amiblupipes\",\"https:\\\/\\\/www.youtube.com\\\/c\\\/Amiblu\",\"https:\\\/\\\/de.wikipedia.org\\\/wiki\\\/Amiblu\",\"https:\\\/\\\/www.linkedin.com\\\/company\\\/amiblupipes\\\/\"]}]}<\/script>\n<!-- \/ Yoast SEO Premium plugin. -->","yoast_head_json":{"title":"Syst\u00e8mes de canalisations durables en PRV pour l'hydro\u00e9lectricit\u00e9","description":"Les solutions Amiblu en PRV sont faciles \u00e0 installer et adaptables \u00e0 chaque terrain. Elles aident \u00e0 la production de plus de kWh avec un meilleur rendement et moins de coup de b\u00e9lier qu'avec un autre mat\u00e9riau.","robots":{"index":"index","follow":"follow","max-snippet":"max-snippet:-1","max-image-preview":"max-image-preview:large","max-video-preview":"max-video-preview:-1"},"canonical":"https:\/\/www.amiblu.com\/fr\/hydroelectricite\/","og_locale":"fr_FR","og_type":"article","og_title":"Hydro\u00e9lectricit\u00e9","og_description":"Les solutions Amiblu en PRV sont faciles \u00e0 installer et adaptables \u00e0 chaque terrain. Elles aident \u00e0 la production de plus de kWh avec un meilleur rendement et moins de coup de b\u00e9lier qu'avec un autre mat\u00e9riau.","og_url":"https:\/\/www.amiblu.com\/fr\/hydroelectricite\/","og_site_name":"Amiblu","article_publisher":"https:\/\/www.facebook.com\/amiblupipes","article_modified_time":"2026-01-14T10:46:54+00:00","og_image":[{"width":552,"height":312,"url":"https:\/\/www.amiblu.com\/wp-content\/uploads\/Hydropower-pipeline-Vangpollen-penstock.jpg","type":"image\/jpeg"}],"twitter_card":"summary_large_image","twitter_misc":{"Dur\u00e9e de lecture estim\u00e9e":"2 minutes"},"schema":{"@context":"https:\/\/schema.org","@graph":[{"@type":"WebPage","@id":"https:\/\/www.amiblu.com\/fr\/hydroelectricite\/","url":"https:\/\/www.amiblu.com\/fr\/hydroelectricite\/","name":"Syst\u00e8mes de canalisations durables en PRV pour l'hydro\u00e9lectricit\u00e9","isPartOf":{"@id":"https:\/\/www.amiblu.com\/fr\/#website"},"primaryImageOfPage":{"@id":"https:\/\/www.amiblu.com\/fr\/hydroelectricite\/#primaryimage"},"image":{"@id":"https:\/\/www.amiblu.com\/fr\/hydroelectricite\/#primaryimage"},"thumbnailUrl":"https:\/\/www.amiblu.com\/wp-content\/uploads\/Hydropower-pipeline-Vangpollen-penstock.jpg","datePublished":"2021-09-06T13:21:45+00:00","dateModified":"2026-01-14T10:46:54+00:00","description":"Les solutions Amiblu en PRV sont faciles \u00e0 installer et adaptables \u00e0 chaque terrain. Elles aident \u00e0 la production de plus de kWh avec un meilleur rendement et moins de coup de b\u00e9lier qu'avec un autre mat\u00e9riau.","inLanguage":"fr-FR","potentialAction":[{"@type":"ReadAction","target":["https:\/\/www.amiblu.com\/fr\/hydroelectricite\/"]}]},{"@type":"ImageObject","inLanguage":"fr-FR","@id":"https:\/\/www.amiblu.com\/fr\/hydroelectricite\/#primaryimage","url":"https:\/\/www.amiblu.com\/wp-content\/uploads\/Hydropower-pipeline-Vangpollen-penstock.jpg","contentUrl":"https:\/\/www.amiblu.com\/wp-content\/uploads\/Hydropower-pipeline-Vangpollen-penstock.jpg","width":552,"height":312,"caption":"GRP penstock for hydropower pipe project Vangpollen"},{"@type":"WebSite","@id":"https:\/\/www.amiblu.com\/fr\/#website","url":"https:\/\/www.amiblu.com\/fr\/","name":"Amiblu","description":"GFK-Rohrsysteme f\u00fcr Generationen","publisher":{"@id":"https:\/\/www.amiblu.com\/fr\/#organization"},"potentialAction":[{"@type":"SearchAction","target":{"@type":"EntryPoint","urlTemplate":"https:\/\/www.amiblu.com\/fr\/?s={search_term_string}"},"query-input":{"@type":"PropertyValueSpecification","valueRequired":true,"valueName":"search_term_string"}}],"inLanguage":"fr-FR"},{"@type":"Organization","@id":"https:\/\/www.amiblu.com\/fr\/#organization","name":"Amiblu Group","url":"https:\/\/www.amiblu.com\/fr\/","logo":{"@type":"ImageObject","inLanguage":"fr-FR","@id":"https:\/\/www.amiblu.com\/fr\/#\/schema\/logo\/image\/","url":"https:\/\/www.amiblu.com\/wp-content\/uploads\/2021\/01\/Amiblu-logo-website-1.png","contentUrl":"https:\/\/www.amiblu.com\/wp-content\/uploads\/2021\/01\/Amiblu-logo-website-1.png","width":201,"height":38,"caption":"Amiblu Group"},"image":{"@id":"https:\/\/www.amiblu.com\/fr\/#\/schema\/logo\/image\/"},"sameAs":["https:\/\/www.facebook.com\/amiblupipes","https:\/\/www.youtube.com\/c\/Amiblu","https:\/\/de.wikipedia.org\/wiki\/Amiblu","https:\/\/www.linkedin.com\/company\/amiblupipes\/"]}]}},"_links":{"self":[{"href":"https:\/\/www.amiblu.com\/fr\/wp-json\/wp\/v2\/pages\/39316","targetHints":{"allow":["GET"]}}],"collection":[{"href":"https:\/\/www.amiblu.com\/fr\/wp-json\/wp\/v2\/pages"}],"about":[{"href":"https:\/\/www.amiblu.com\/fr\/wp-json\/wp\/v2\/types\/page"}],"author":[{"embeddable":true,"href":"https:\/\/www.amiblu.com\/fr\/wp-json\/wp\/v2\/users\/8"}],"replies":[{"embeddable":true,"href":"https:\/\/www.amiblu.com\/fr\/wp-json\/wp\/v2\/comments?post=39316"}],"version-history":[{"count":16,"href":"https:\/\/www.amiblu.com\/fr\/wp-json\/wp\/v2\/pages\/39316\/revisions"}],"predecessor-version":[{"id":76503,"href":"https:\/\/www.amiblu.com\/fr\/wp-json\/wp\/v2\/pages\/39316\/revisions\/76503"}],"wp:featuredmedia":[{"embeddable":true,"href":"https:\/\/www.amiblu.com\/fr\/wp-json\/wp\/v2\/media\/47357"}],"wp:attachment":[{"href":"https:\/\/www.amiblu.com\/fr\/wp-json\/wp\/v2\/media?parent=39316"}],"curies":[{"name":"wp","href":"https:\/\/api.w.org\/{rel}","templated":true}]}}