{"id":39333,"date":"2021-07-22T12:10:06","date_gmt":"2021-07-22T10:10:06","guid":{"rendered":"https:\/\/www.amiblu.com\/?page_id=39333"},"modified":"2022-07-19T12:49:37","modified_gmt":"2022-07-19T10:49:37","slug":"tuyaux-speciaux","status":"publish","type":"page","link":"https:\/\/www.amiblu.com\/fr\/tuyaux-speciaux\/","title":{"rendered":"Tuyaux sp\u00e9ciaux"},"content":{"rendered":"\n<style type=\"text\/css\" data-created_by=\"avia_inline_auto\" id=\"style-css-av-5t7kdz9-b8ca745b36cb9af5c1800a01bb57f8b6\">\n.avia-section.av-5t7kdz9-b8ca745b36cb9af5c1800a01bb57f8b6 .av-parallax .av-parallax-inner{\nbackground-repeat:no-repeat;\nbackground-image:url(https:\/\/www.amiblu.com\/wp-content\/uploads\/Hobas-PU-Line-pipes-on-site-for-Roztoki-Bystrzyckie-Reservoir.jpg);\nbackground-position:50% 50%;\nbackground-attachment:scroll;\n}\n.avia-section.av-5t7kdz9-b8ca745b36cb9af5c1800a01bb57f8b6 .av-section-color-overlay{\nopacity:0.5;\nbackground-color:#0a0a0a;\n}\n<\/style>\n<div id='av_section_1'  class='avia-section av-5t7kdz9-b8ca745b36cb9af5c1800a01bb57f8b6 main_color avia-section-default avia-no-border-styling  avia-builder-el-0  el_before_av_section  avia-builder-el-first  amiblu-content amiblu-page-hero av-parallax-section avia-bg-style-parallax av-section-color-overlay-active container_wrap fullsize'  data-section-bg-repeat='no-repeat'><div class='av-parallax' data-avia-parallax-ratio='0.3' ><div class='av-parallax-inner main_color avia-full-stretch'><\/div><\/div><div class=\"av-section-color-overlay-wrap\"><div class=\"av-section-color-overlay\"><\/div><div class='container av-section-cont-open' ><main  role=\"main\" itemprop=\"mainContentOfPage\"  class='template-page content  av-content-full alpha units'><div class='post-entry post-entry-type-page post-entry-39333'><div class='entry-content-wrapper clearfix'>\n\n<style type=\"text\/css\" data-created_by=\"avia_inline_auto\" id=\"style-css-av-5ftjumd-4a93a12996cd10707fdada23af863146\">\n.flex_column.av-5ftjumd-4a93a12996cd10707fdada23af863146{\nborder-radius:0px 0px 0px 0px;\npadding:0 0 0 0;\n}\n<\/style>\n<div  class='flex_column av-5ftjumd-4a93a12996cd10707fdada23af863146 av_three_fourth  avia-builder-el-1  avia-builder-el-no-sibling  white-content first flex_column_div av-zero-column-padding  '     ><section  class='av_textblock_section av-l2sv3kz0-b3542b319b896589c384ac4c1d5c3736 '   itemscope=\"itemscope\" itemtype=\"https:\/\/schema.org\/CreativeWork\" ><div class='avia_textblock'  itemprop=\"text\" ><h1>Corrosion, usure, abrasion, impacts: Les tuyaux Amiblu en PRV pour les applications les plus exigeantes<\/h1>\n<\/div><\/section><br \/>\n\n<style type=\"text\/css\" data-created_by=\"avia_inline_auto\" id=\"style-css-av-l2sv46jj-c529aba1636d01e2d92d3c7c056dcbaf\">\n#top .av_textblock_section.av-l2sv46jj-c529aba1636d01e2d92d3c7c056dcbaf .avia_textblock{\nfont-size:20px;\n}\n<\/style>\n<section  class='av_textblock_section av-l2sv46jj-c529aba1636d01e2d92d3c7c056dcbaf '   itemscope=\"itemscope\" itemtype=\"https:\/\/schema.org\/CreativeWork\" ><div class='avia_textblock sub-heading'  itemprop=\"text\" ><p>Notre engagement: une solution hautement durable pour des projets hors du commun.<\/p>\n<\/div><\/section><\/p><\/div>\n\n<\/div><\/div><\/main><!-- close content main element --><\/div><\/div><\/div><div id='av_section_2'  class='avia-section av-4zse8sl-9dadf28f339402febf212972cf999a9b main_color avia-section-default avia-no-border-styling  avia-builder-el-4  el_after_av_section  el_before_av_section  amiblu-bw-pr amiblu-jk-pp avia-bg-style-scroll container_wrap fullsize'  ><div class='container av-section-cont-open' ><div class='template-page content  av-content-full alpha units'><div class='post-entry post-entry-type-page post-entry-39333'><div class='entry-content-wrapper clearfix'>\n\n<style type=\"text\/css\" data-created_by=\"avia_inline_auto\" id=\"style-css-av-48iolet-e1a6e4eb548514d409880db70ac6ce9b\">\n.flex_column.av-48iolet-e1a6e4eb548514d409880db70ac6ce9b{\nborder-radius:0px 0px 0px 0px;\npadding:0px 0px 0px 0px;\n}\n<\/style>\n<div  class='flex_column av-48iolet-e1a6e4eb548514d409880db70ac6ce9b av_two_third  avia-builder-el-5  avia-builder-el-no-sibling  first flex_column_div av-zero-column-padding  '     ><p>\n<style type=\"text\/css\" data-created_by=\"avia_inline_auto\" id=\"style-css-av-l5s1zxc4-5d5340f8269fda3547418593f54606ce\">\n#top .av-special-heading.av-l5s1zxc4-5d5340f8269fda3547418593f54606ce{\npadding-bottom:10px;\n}\nbody .av-special-heading.av-l5s1zxc4-5d5340f8269fda3547418593f54606ce .av-special-heading-tag .heading-char{\nfont-size:25px;\n}\n.av-special-heading.av-l5s1zxc4-5d5340f8269fda3547418593f54606ce .av-subheading{\nfont-size:15px;\n}\n<\/style>\n<div  class='av-special-heading av-l5s1zxc4-5d5340f8269fda3547418593f54606ce av-special-heading-h5 blockquote modern-quote  avia-builder-el-6  el_before_av_textblock  avia-builder-el-first  h1'><h5 class='av-special-heading-tag '  itemprop=\"headline\"  >Tuyaux sp\u00e9ciaux<\/h5><div class=\"special-heading-border\"><div class=\"special-heading-inner-border\"><\/div><\/div><\/div><br \/>\n\n<style type=\"text\/css\" data-created_by=\"avia_inline_auto\" id=\"style-css-av-l2svdxlm-3a3c545e52c04deae496a4f3da1448d2\">\n#top .av_textblock_section.av-l2svdxlm-3a3c545e52c04deae496a4f3da1448d2 .avia_textblock{\nfont-size:20px;\n}\n\n@media only screen and (min-width: 480px) and (max-width: 767px){ \n#top .av_textblock_section.av-l2svdxlm-3a3c545e52c04deae496a4f3da1448d2 .avia_textblock{\nfont-size:18px;\n}\n}\n\n@media only screen and (max-width: 479px){ \n#top .av_textblock_section.av-l2svdxlm-3a3c545e52c04deae496a4f3da1448d2 .avia_textblock{\nfont-size:16px;\n}\n}\n<\/style>\n<section  class='av_textblock_section av-l2svdxlm-3a3c545e52c04deae496a4f3da1448d2 '   itemscope=\"itemscope\" itemtype=\"https:\/\/schema.org\/CreativeWork\" ><div class='avia_textblock'  itemprop=\"text\" ><p>Le transport de d\u00e9brits abrasifs dans les conduites peut fortement d\u00e9t\u00e9riorer leur couche int\u00e9rieure. Selon les cas, les tuyaux doivent \u00eatre r\u00e9par\u00e9s ou remplac\u00e9s relativement frequemment, g\u00e9n\u00e9rant des co\u00fbts importants. Or, des solutions existent: chez Amiblu, nous avons d\u00e9velopp\u00e9 des <strong>tuyaux en PRV pour r\u00e9pondre aux conditions les plus exigeantes<\/strong>.<\/p>\n<p>Nos <strong>tuyaux PRV r\u00e9sistants aux impacts et \u00e0 une usure extr\u00eame<\/strong> sont dot\u00e9s d\u2019une <strong>couche interne de protection exceptionnellement durable<\/strong> et sont <strong>con\u00e7us sur mesure<\/strong> pour chaque projet. Ils se montrent <strong>extr\u00eamement durables<\/strong> face \u00e0 l\u2019abrasion et aux impacts et sont <strong>ultra-performants lors des tests d\u2019ovalisation et de r\u00e9sistance \u00e0 la corrosion<\/strong>.<\/p>\n<\/div><\/section><br \/>\n<div  class='avia-button-wrap av-l2sve532-f4e52fa759c1eed7b930fa206d5c6922-wrap avia-button-left  avia-builder-el-8  el_after_av_textblock  avia-builder-el-last  amiblu-outline-button'><a href='https:\/\/www.amiblu.com\/references\/'  class='avia-button av-l2sve532-f4e52fa759c1eed7b930fa206d5c6922 av-link-btn avia-icon_select-yes-right-icon avia-size-small avia-position-left av-desktop-hide av-medium-hide av-small-hide av-mini-hide avia-color-theme-color'   aria-label=\"Discover products by application\"><span class='avia_iconbox_title' >Discover products by application<\/span><span class='avia_button_icon avia_button_icon_right avia-iconfont avia-font-amiblu-icons' data-av_icon='\ue800' data-av_iconfont='amiblu-icons' ><\/span><\/a><\/div><\/p><\/div><\/div><\/div><\/div><!-- close content main div --><\/div><\/div>\n<style type=\"text\/css\" data-created_by=\"avia_inline_auto\" id=\"style-css-av-3ym68dh-42046d1332ea7491bb4775df0ec93b8f\">\n.avia-section.av-3ym68dh-42046d1332ea7491bb4775df0ec93b8f{\nbackground-color:#f2f4f8;\nbackground-image:unset;\n}\n<\/style>\n<div id='av_section_3'  class='avia-section av-3ym68dh-42046d1332ea7491bb4775df0ec93b8f main_color avia-section-default avia-no-border-styling  avia-builder-el-9  el_after_av_section  el_before_av_section  home-info amiblu-jk-inf avia-bg-style-scroll container_wrap fullsize'  ><div class='container av-section-cont-open' ><div class='template-page content  av-content-full alpha units'><div class='post-entry post-entry-type-page post-entry-39333'><div class='entry-content-wrapper clearfix'>\n\n<style type=\"text\/css\" data-created_by=\"avia_inline_auto\" id=\"style-css-av-3izjlph-546823d72383ac99b4c5d40a44ae47db\">\n.flex_column.av-3izjlph-546823d72383ac99b4c5d40a44ae47db{\nborder-radius:0px 0px 0px 0px;\npadding:0px 0px 0px 0px;\n}\n<\/style>\n<div  class='flex_column av-3izjlph-546823d72383ac99b4c5d40a44ae47db av_one_half  avia-builder-el-10  el_before_av_one_half  avia-builder-el-first  home-info-img first flex_column_div av-zero-column-padding  '     ><style type=\"text\/css\" data-created_by=\"avia_inline_auto\" id=\"style-css-av-2yrzwh1-f04ec38373ae210a17b78c600010d56a\">\n.avia-image-container.av-2yrzwh1-f04ec38373ae210a17b78c600010d56a img.avia_image{\nbox-shadow:none;\n}\n.avia-image-container.av-2yrzwh1-f04ec38373ae210a17b78c600010d56a .av-image-caption-overlay-center{\ncolor:#ffffff;\n}\n<\/style>\n<div  class='avia-image-container av-2yrzwh1-f04ec38373ae210a17b78c600010d56a av-styling- avia-align-right  avia-builder-el-11  avia-builder-el-no-sibling '   itemprop=\"image\" itemscope=\"itemscope\" itemtype=\"https:\/\/schema.org\/ImageObject\" ><div class=\"avia-image-container-inner\"><div class=\"avia-image-overlay-wrap\"><img fetchpriority=\"high\" decoding=\"async\" fetchpriority=\"high\" fetchpriority=\"high\" class='wp-image-48070 avia-img-lazy-loading-not-48070 avia_image ' src=\"https:\/\/www.amiblu.com\/wp-content\/uploads\/Flowtite-Orange-pipes-on-forklift.jpg\" alt='Flowtite Orange pipes on forklift for stream culvert project in Eschenbach, Switzerland' title='Flowtite-Orange-pipes-on-forklift'  height=\"543\" width=\"960\"  itemprop=\"thumbnailUrl\" srcset=\"https:\/\/www.amiblu.com\/wp-content\/uploads\/Flowtite-Orange-pipes-on-forklift.jpg 960w, https:\/\/www.amiblu.com\/wp-content\/uploads\/Flowtite-Orange-pipes-on-forklift-300x170.jpg 300w, https:\/\/www.amiblu.com\/wp-content\/uploads\/Flowtite-Orange-pipes-on-forklift-768x434.jpg 768w, https:\/\/www.amiblu.com\/wp-content\/uploads\/Flowtite-Orange-pipes-on-forklift-705x399.jpg 705w\" sizes=\"(max-width: 960px) 100vw, 960px\" \/><\/div><\/div><\/div><\/div>\n<style type=\"text\/css\" data-created_by=\"avia_inline_auto\" id=\"style-css-av-2qyzaxx-dbec19f4f85685475c1703d33b7e66aa\">\n.flex_column.av-2qyzaxx-dbec19f4f85685475c1703d33b7e66aa{\nborder-radius:11px 11px 11px 11px;\npadding:0px 0px 0px 0px;\n}\n<\/style>\n<div  class='flex_column av-2qyzaxx-dbec19f4f85685475c1703d33b7e66aa av_one_half  avia-builder-el-12  el_after_av_one_half  avia-builder-el-last  home-info-text white-content flex_column_div av-zero-column-padding  '     ><section  class='av_textblock_section av-l2sveuec-5f9354615135cd4b7388537573e5521d '   itemscope=\"itemscope\" itemtype=\"https:\/\/schema.org\/CreativeWork\" ><div class='avia_textblock'  itemprop=\"text\" ><p><strong>D\u2019autres b\u00e9n\u00e9fices viennent s\u2019ajouter:<\/strong><\/p>\n<ul>\n<li><strong>surface int\u00e9rieure extr\u00eamement lisse<\/strong> emp\u00eachant la s\u00e9dimentation et garantissant des propri\u00e9t\u00e9s hydrauliques optimales<\/li>\n<li>tr\u00e8s bonne <strong>r\u00e9sistance \u00e0 la corrosion<\/strong> m\u00eame lorsque les eaux us\u00e9es domestiques sont particuli\u00e8rement aggressives<\/li>\n<li>tr\u00e8s haute <strong>r\u00e9sistance \u00e0 l\u2019abrasion<\/strong> permettant de transporter en toute s\u00e9curit\u00e9 les effluents m\u00eame les plus aggressifs<\/li>\n<li>tr\u00e8s haute <strong>r\u00e9sistance aux impacts<\/strong> convenant aux conditions d\u2019exploitation les plus s\u00e9v\u00e8res<\/li>\n<li>couche de <strong>protection interne tr\u00e8s r\u00e9sistante<\/strong> aux tests d\u2019ovalisation<\/li>\n<li><strong>tr\u00e8s bonne dur\u00e9e de vie<\/strong><\/li>\n<\/ul>\n<\/div><\/section><\/div>\n<\/p>\n<\/div><\/div><\/div><!-- close content main div --><\/div><\/div>\n<style type=\"text\/css\" data-created_by=\"avia_inline_auto\" id=\"style-css-av-7cwldx-20f2b5937a146e7ad4e205be394c2217\">\n.avia-section.av-7cwldx-20f2b5937a146e7ad4e205be394c2217{\nbackground-color:#f2f4f8;\nbackground-image:unset;\n}\n<\/style>\n<div id='av_section_4'  class='avia-section av-7cwldx-20f2b5937a146e7ad4e205be394c2217 main_color avia-section-default avia-no-border-styling  avia-builder-el-14  el_after_av_section  avia-builder-el-last  home-info info-reversed amiblu-jk-inf-2 avia-bg-style-scroll container_wrap fullsize'  ><div class='container av-section-cont-open' ><div class='template-page content  av-content-full alpha units'><div class='post-entry post-entry-type-page post-entry-39333'><div class='entry-content-wrapper clearfix'>\n\n<style type=\"text\/css\" data-created_by=\"avia_inline_auto\" id=\"style-css-av-1s7mfol-a3d9fd2a8240b74b9e0e8fb1cad5c699\">\n.flex_column.av-1s7mfol-a3d9fd2a8240b74b9e0e8fb1cad5c699{\nborder-radius:11px 11px 11px 11px;\npadding:0px 0px 0px 0px;\n}\n<\/style>\n<div  class='flex_column av-1s7mfol-a3d9fd2a8240b74b9e0e8fb1cad5c699 av_one_half  avia-builder-el-15  el_before_av_one_half  avia-builder-el-first  home-info-text white-content first flex_column_div av-zero-column-padding  '     ><section  class='av_textblock_section av-l2svfkwn-13e655eb5f89e3e35f34de28c72c09b6 '   itemscope=\"itemscope\" itemtype=\"https:\/\/schema.org\/CreativeWork\" ><div class='avia_textblock'  itemprop=\"text\" ><p><strong>Nos tuyaux conviennent donc parfaitement \u00e0 une grande diversit\u00e9 d\u2019applications exigeantes:<\/strong><\/p>\n<ul>\n<li><strong>collecteurs d\u2019eaux us\u00e9es<\/strong> (excellente r\u00e9sistance \u00e0 l\u2019abrasion et \u00e0 la corrosion)<\/li>\n<li><strong>r\u00e9seaux d\u2019assainissement avec fonction de r\u00e9tention<\/strong> (auto-nettoyage)<\/li>\n<li><strong>conduites de drainage<\/strong> avec forte pente et dont les effluents contiennent des d\u00e9brits abrasifs<\/li>\n<li><strong>aqueducs<\/strong> (r\u00e9sistance aux impacts de roches et d\u00e9brits abrasifs lors de flux importants)<\/li>\n<li><strong>conduites pression efficientes<\/strong> (surface int\u00e9rieure extr\u00eamement lisse et durable)<\/li>\n<li><strong>applications industrielles<\/strong> (transport de flux aggressifs tels que de les boues dans l\u2019industrie mini\u00e8re)<\/li>\n<li><strong>conduites forc\u00e9es<\/strong> (r\u00e9sistance aux d\u00e9brits extr\u00eamement abrasifs et \u00e9rosifs)<\/li>\n<\/ul>\n<\/div><\/section><\/div>\n<style type=\"text\/css\" data-created_by=\"avia_inline_auto\" id=\"style-css-av-17mbmdh-a5691a064a425474e9976dc6ff30a710\">\n.flex_column.av-17mbmdh-a5691a064a425474e9976dc6ff30a710{\nborder-radius:0px 0px 0px 0px;\npadding:0px 0px 0px 0px;\n}\n<\/style>\n<div  class='flex_column av-17mbmdh-a5691a064a425474e9976dc6ff30a710 av_one_half  avia-builder-el-17  el_after_av_one_half  avia-builder-el-last  home-info-img flex_column_div av-zero-column-padding  '     ><style type=\"text\/css\" data-created_by=\"avia_inline_auto\" id=\"style-css-av-j0l1ph-152c472e72defbb25558047bf26a3803\">\n.avia-image-container.av-j0l1ph-152c472e72defbb25558047bf26a3803 img.avia_image{\nbox-shadow:none;\n}\n.avia-image-container.av-j0l1ph-152c472e72defbb25558047bf26a3803 .av-image-caption-overlay-center{\ncolor:#ffffff;\n}\n<\/style>\n<div  class='avia-image-container av-j0l1ph-152c472e72defbb25558047bf26a3803 av-styling- avia-align-left  avia-builder-el-18  avia-builder-el-no-sibling '   itemprop=\"image\" itemscope=\"itemscope\" itemtype=\"https:\/\/schema.org\/ImageObject\" ><div class=\"avia-image-container-inner\"><div class=\"avia-image-overlay-wrap\"><img fetchpriority=\"high\" decoding=\"async\" fetchpriority=\"high\" fetchpriority=\"high\" class='wp-image-48071 avia-img-lazy-loading-not-48071 avia_image ' src=\"https:\/\/www.amiblu.com\/wp-content\/uploads\/Hobas-PU-Line-pipes-Roztoki-Bystrzyckie-Reservoir.jpg\" alt='Hobas PU Line pipes for Roztoki Bystrzyckie Reservoir, Poland' title='Hobas-PU-Line-pipes-Roztoki-Bystrzyckie-Reservoir'  height=\"543\" width=\"960\"  itemprop=\"thumbnailUrl\" srcset=\"https:\/\/www.amiblu.com\/wp-content\/uploads\/Hobas-PU-Line-pipes-Roztoki-Bystrzyckie-Reservoir.jpg 960w, https:\/\/www.amiblu.com\/wp-content\/uploads\/Hobas-PU-Line-pipes-Roztoki-Bystrzyckie-Reservoir-300x170.jpg 300w, https:\/\/www.amiblu.com\/wp-content\/uploads\/Hobas-PU-Line-pipes-Roztoki-Bystrzyckie-Reservoir-768x434.jpg 768w, https:\/\/www.amiblu.com\/wp-content\/uploads\/Hobas-PU-Line-pipes-Roztoki-Bystrzyckie-Reservoir-705x399.jpg 705w\" sizes=\"(max-width: 960px) 100vw, 960px\" \/><\/div><\/div><\/div><\/div>\n\n","protected":false},"excerpt":{"rendered":"","protected":false},"author":8,"featured_media":47364,"parent":0,"menu_order":50,"comment_status":"closed","ping_status":"closed","template":"","meta":{"_acf_changed":false,"footnotes":""},"class_list":["post-39333","page","type-page","status-publish","has-post-thumbnail","hentry"],"acf":[],"yoast_head":"<!-- This site is optimized with the Yoast SEO Premium plugin v27.3 (Yoast SEO v27.4) - https:\/\/yoast.com\/product\/yoast-seo-premium-wordpress\/ -->\n<title>Les tuyaux Amiblu en PRV pour les applications les plus exigeantes.<\/title>\n<meta name=\"description\" content=\"Les tuyaux sp\u00e9ciaux Amiblu sont extr\u00eamement durables face \u00e0 l&#039;abrasion et aux impacts et sont ultra-performants lors des tests d&#039;ovalisation et de r\u00e9sistance \u00e0 la corrosion.\" \/>\n<meta name=\"robots\" content=\"index, follow, max-snippet:-1, max-image-preview:large, max-video-preview:-1\" \/>\n<link rel=\"canonical\" href=\"https:\/\/www.amiblu.com\/fr\/tuyaux-speciaux\/\" \/>\n<meta property=\"og:locale\" content=\"fr_FR\" \/>\n<meta property=\"og:type\" content=\"article\" \/>\n<meta property=\"og:title\" content=\"Tuyaux sp\u00e9ciaux\" \/>\n<meta property=\"og:description\" content=\"Les tuyaux sp\u00e9ciaux Amiblu sont extr\u00eamement durables face \u00e0 l&#039;abrasion et aux impacts et sont ultra-performants lors des tests d&#039;ovalisation et de r\u00e9sistance \u00e0 la corrosion.\" \/>\n<meta property=\"og:url\" content=\"https:\/\/www.amiblu.com\/fr\/tuyaux-speciaux\/\" \/>\n<meta property=\"og:site_name\" content=\"Amiblu\" \/>\n<meta property=\"article:publisher\" content=\"https:\/\/www.facebook.com\/amiblupipes\" \/>\n<meta property=\"article:modified_time\" content=\"2022-07-19T10:49:37+00:00\" \/>\n<meta property=\"og:image\" content=\"https:\/\/www.amiblu.com\/wp-content\/uploads\/Hobas-PU-line-special-pipes-Schoenbuehel.jpg\" \/>\n\t<meta property=\"og:image:width\" content=\"552\" \/>\n\t<meta property=\"og:image:height\" content=\"312\" \/>\n\t<meta property=\"og:image:type\" content=\"image\/jpeg\" \/>\n<meta name=\"twitter:card\" content=\"summary_large_image\" \/>\n<meta name=\"twitter:label1\" content=\"Dur\u00e9e de lecture estim\u00e9e\" \/>\n\t<meta name=\"twitter:data1\" content=\"5 minutes\" \/>\n<script type=\"application\/ld+json\" class=\"yoast-schema-graph\">{\"@context\":\"https:\\\/\\\/schema.org\",\"@graph\":[{\"@type\":\"WebPage\",\"@id\":\"https:\\\/\\\/www.amiblu.com\\\/fr\\\/tuyaux-speciaux\\\/\",\"url\":\"https:\\\/\\\/www.amiblu.com\\\/fr\\\/tuyaux-speciaux\\\/\",\"name\":\"Les tuyaux Amiblu en PRV pour les applications les plus exigeantes.\",\"isPartOf\":{\"@id\":\"https:\\\/\\\/www.amiblu.com\\\/fr\\\/#website\"},\"primaryImageOfPage\":{\"@id\":\"https:\\\/\\\/www.amiblu.com\\\/fr\\\/tuyaux-speciaux\\\/#primaryimage\"},\"image\":{\"@id\":\"https:\\\/\\\/www.amiblu.com\\\/fr\\\/tuyaux-speciaux\\\/#primaryimage\"},\"thumbnailUrl\":\"https:\\\/\\\/www.amiblu.com\\\/wp-content\\\/uploads\\\/Hobas-PU-line-special-pipes-Schoenbuehel.jpg\",\"datePublished\":\"2021-07-22T10:10:06+00:00\",\"dateModified\":\"2022-07-19T10:49:37+00:00\",\"description\":\"Les tuyaux sp\u00e9ciaux Amiblu sont extr\u00eamement durables face \u00e0 l'abrasion et aux impacts et sont ultra-performants lors des tests d'ovalisation et de r\u00e9sistance \u00e0 la corrosion.\",\"inLanguage\":\"fr-FR\",\"potentialAction\":[{\"@type\":\"ReadAction\",\"target\":[\"https:\\\/\\\/www.amiblu.com\\\/fr\\\/tuyaux-speciaux\\\/\"]}]},{\"@type\":\"ImageObject\",\"inLanguage\":\"fr-FR\",\"@id\":\"https:\\\/\\\/www.amiblu.com\\\/fr\\\/tuyaux-speciaux\\\/#primaryimage\",\"url\":\"https:\\\/\\\/www.amiblu.com\\\/wp-content\\\/uploads\\\/Hobas-PU-line-special-pipes-Schoenbuehel.jpg\",\"contentUrl\":\"https:\\\/\\\/www.amiblu.com\\\/wp-content\\\/uploads\\\/Hobas-PU-line-special-pipes-Schoenbuehel.jpg\",\"width\":552,\"height\":312,\"caption\":\"PU Line\"},{\"@type\":\"WebSite\",\"@id\":\"https:\\\/\\\/www.amiblu.com\\\/fr\\\/#website\",\"url\":\"https:\\\/\\\/www.amiblu.com\\\/fr\\\/\",\"name\":\"Amiblu\",\"description\":\"GFK-Rohrsysteme f\u00fcr Generationen\",\"publisher\":{\"@id\":\"https:\\\/\\\/www.amiblu.com\\\/fr\\\/#organization\"},\"potentialAction\":[{\"@type\":\"SearchAction\",\"target\":{\"@type\":\"EntryPoint\",\"urlTemplate\":\"https:\\\/\\\/www.amiblu.com\\\/fr\\\/?s={search_term_string}\"},\"query-input\":{\"@type\":\"PropertyValueSpecification\",\"valueRequired\":true,\"valueName\":\"search_term_string\"}}],\"inLanguage\":\"fr-FR\"},{\"@type\":\"Organization\",\"@id\":\"https:\\\/\\\/www.amiblu.com\\\/fr\\\/#organization\",\"name\":\"Amiblu Group\",\"url\":\"https:\\\/\\\/www.amiblu.com\\\/fr\\\/\",\"logo\":{\"@type\":\"ImageObject\",\"inLanguage\":\"fr-FR\",\"@id\":\"https:\\\/\\\/www.amiblu.com\\\/fr\\\/#\\\/schema\\\/logo\\\/image\\\/\",\"url\":\"https:\\\/\\\/www.amiblu.com\\\/wp-content\\\/uploads\\\/2021\\\/01\\\/Amiblu-logo-website-1.png\",\"contentUrl\":\"https:\\\/\\\/www.amiblu.com\\\/wp-content\\\/uploads\\\/2021\\\/01\\\/Amiblu-logo-website-1.png\",\"width\":201,\"height\":38,\"caption\":\"Amiblu Group\"},\"image\":{\"@id\":\"https:\\\/\\\/www.amiblu.com\\\/fr\\\/#\\\/schema\\\/logo\\\/image\\\/\"},\"sameAs\":[\"https:\\\/\\\/www.facebook.com\\\/amiblupipes\",\"https:\\\/\\\/www.youtube.com\\\/c\\\/Amiblu\",\"https:\\\/\\\/de.wikipedia.org\\\/wiki\\\/Amiblu\",\"https:\\\/\\\/www.linkedin.com\\\/company\\\/amiblupipes\\\/\"]}]}<\/script>\n<!-- \/ Yoast SEO Premium plugin. -->","yoast_head_json":{"title":"Les tuyaux Amiblu en PRV pour les applications les plus exigeantes.","description":"Les tuyaux sp\u00e9ciaux Amiblu sont extr\u00eamement durables face \u00e0 l'abrasion et aux impacts et sont ultra-performants lors des tests d'ovalisation et de r\u00e9sistance \u00e0 la corrosion.","robots":{"index":"index","follow":"follow","max-snippet":"max-snippet:-1","max-image-preview":"max-image-preview:large","max-video-preview":"max-video-preview:-1"},"canonical":"https:\/\/www.amiblu.com\/fr\/tuyaux-speciaux\/","og_locale":"fr_FR","og_type":"article","og_title":"Tuyaux sp\u00e9ciaux","og_description":"Les tuyaux sp\u00e9ciaux Amiblu sont extr\u00eamement durables face \u00e0 l'abrasion et aux impacts et sont ultra-performants lors des tests d'ovalisation et de r\u00e9sistance \u00e0 la corrosion.","og_url":"https:\/\/www.amiblu.com\/fr\/tuyaux-speciaux\/","og_site_name":"Amiblu","article_publisher":"https:\/\/www.facebook.com\/amiblupipes","article_modified_time":"2022-07-19T10:49:37+00:00","og_image":[{"width":552,"height":312,"url":"https:\/\/www.amiblu.com\/wp-content\/uploads\/Hobas-PU-line-special-pipes-Schoenbuehel.jpg","type":"image\/jpeg"}],"twitter_card":"summary_large_image","twitter_misc":{"Dur\u00e9e de lecture estim\u00e9e":"5 minutes"},"schema":{"@context":"https:\/\/schema.org","@graph":[{"@type":"WebPage","@id":"https:\/\/www.amiblu.com\/fr\/tuyaux-speciaux\/","url":"https:\/\/www.amiblu.com\/fr\/tuyaux-speciaux\/","name":"Les tuyaux Amiblu en PRV pour les applications les plus exigeantes.","isPartOf":{"@id":"https:\/\/www.amiblu.com\/fr\/#website"},"primaryImageOfPage":{"@id":"https:\/\/www.amiblu.com\/fr\/tuyaux-speciaux\/#primaryimage"},"image":{"@id":"https:\/\/www.amiblu.com\/fr\/tuyaux-speciaux\/#primaryimage"},"thumbnailUrl":"https:\/\/www.amiblu.com\/wp-content\/uploads\/Hobas-PU-line-special-pipes-Schoenbuehel.jpg","datePublished":"2021-07-22T10:10:06+00:00","dateModified":"2022-07-19T10:49:37+00:00","description":"Les tuyaux sp\u00e9ciaux Amiblu sont extr\u00eamement durables face \u00e0 l'abrasion et aux impacts et sont ultra-performants lors des tests d'ovalisation et de r\u00e9sistance \u00e0 la corrosion.","inLanguage":"fr-FR","potentialAction":[{"@type":"ReadAction","target":["https:\/\/www.amiblu.com\/fr\/tuyaux-speciaux\/"]}]},{"@type":"ImageObject","inLanguage":"fr-FR","@id":"https:\/\/www.amiblu.com\/fr\/tuyaux-speciaux\/#primaryimage","url":"https:\/\/www.amiblu.com\/wp-content\/uploads\/Hobas-PU-line-special-pipes-Schoenbuehel.jpg","contentUrl":"https:\/\/www.amiblu.com\/wp-content\/uploads\/Hobas-PU-line-special-pipes-Schoenbuehel.jpg","width":552,"height":312,"caption":"PU Line"},{"@type":"WebSite","@id":"https:\/\/www.amiblu.com\/fr\/#website","url":"https:\/\/www.amiblu.com\/fr\/","name":"Amiblu","description":"GFK-Rohrsysteme f\u00fcr Generationen","publisher":{"@id":"https:\/\/www.amiblu.com\/fr\/#organization"},"potentialAction":[{"@type":"SearchAction","target":{"@type":"EntryPoint","urlTemplate":"https:\/\/www.amiblu.com\/fr\/?s={search_term_string}"},"query-input":{"@type":"PropertyValueSpecification","valueRequired":true,"valueName":"search_term_string"}}],"inLanguage":"fr-FR"},{"@type":"Organization","@id":"https:\/\/www.amiblu.com\/fr\/#organization","name":"Amiblu Group","url":"https:\/\/www.amiblu.com\/fr\/","logo":{"@type":"ImageObject","inLanguage":"fr-FR","@id":"https:\/\/www.amiblu.com\/fr\/#\/schema\/logo\/image\/","url":"https:\/\/www.amiblu.com\/wp-content\/uploads\/2021\/01\/Amiblu-logo-website-1.png","contentUrl":"https:\/\/www.amiblu.com\/wp-content\/uploads\/2021\/01\/Amiblu-logo-website-1.png","width":201,"height":38,"caption":"Amiblu Group"},"image":{"@id":"https:\/\/www.amiblu.com\/fr\/#\/schema\/logo\/image\/"},"sameAs":["https:\/\/www.facebook.com\/amiblupipes","https:\/\/www.youtube.com\/c\/Amiblu","https:\/\/de.wikipedia.org\/wiki\/Amiblu","https:\/\/www.linkedin.com\/company\/amiblupipes\/"]}]}},"_links":{"self":[{"href":"https:\/\/www.amiblu.com\/fr\/wp-json\/wp\/v2\/pages\/39333","targetHints":{"allow":["GET"]}}],"collection":[{"href":"https:\/\/www.amiblu.com\/fr\/wp-json\/wp\/v2\/pages"}],"about":[{"href":"https:\/\/www.amiblu.com\/fr\/wp-json\/wp\/v2\/types\/page"}],"author":[{"embeddable":true,"href":"https:\/\/www.amiblu.com\/fr\/wp-json\/wp\/v2\/users\/8"}],"replies":[{"embeddable":true,"href":"https:\/\/www.amiblu.com\/fr\/wp-json\/wp\/v2\/comments?post=39333"}],"version-history":[{"count":10,"href":"https:\/\/www.amiblu.com\/fr\/wp-json\/wp\/v2\/pages\/39333\/revisions"}],"predecessor-version":[{"id":51402,"href":"https:\/\/www.amiblu.com\/fr\/wp-json\/wp\/v2\/pages\/39333\/revisions\/51402"}],"wp:featuredmedia":[{"embeddable":true,"href":"https:\/\/www.amiblu.com\/fr\/wp-json\/wp\/v2\/media\/47364"}],"wp:attachment":[{"href":"https:\/\/www.amiblu.com\/fr\/wp-json\/wp\/v2\/media?parent=39333"}],"curies":[{"name":"wp","href":"https:\/\/api.w.org\/{rel}","templated":true}]}}