{"id":39342,"date":"2021-07-22T12:19:28","date_gmt":"2021-07-22T10:19:28","guid":{"rendered":"https:\/\/www.amiblu.com\/?page_id=39342"},"modified":"2026-01-14T11:56:56","modified_gmt":"2026-01-14T10:56:56","slug":"industrie","status":"publish","type":"page","link":"https:\/\/www.amiblu.com\/fr\/industrie\/","title":{"rendered":"Industrie"},"content":{"rendered":"<\/p>\n\n<style type=\"text\/css\" data-created_by=\"avia_inline_auto\" id=\"style-css-av-dnolpq-974eda1109651d941cf113e4b45c59c9\">\n.avia-section.av-dnolpq-974eda1109651d941cf113e4b45c59c9 .av-parallax .av-parallax-inner{\nbackground-repeat:no-repeat;\nbackground-image:url(https:\/\/www.amiblu.com\/wp-content\/uploads\/Flowtite-pipes-worlds-largest-desalination-plant-Ras-Al-Khair.jpg);\nbackground-position:50% 50%;\nbackground-attachment:scroll;\n}\n.avia-section.av-dnolpq-974eda1109651d941cf113e4b45c59c9 .av-section-color-overlay{\nopacity:0.5;\nbackground-color:#0a0a0a;\n}\n<\/style>\n<div id='av_section_1'  class='avia-section av-dnolpq-974eda1109651d941cf113e4b45c59c9 main_color avia-section-default avia-no-border-styling  avia-builder-el-0  el_before_av_section  avia-builder-el-first  amiblu-content amiblu-page-hero av-parallax-section avia-bg-style-parallax av-section-color-overlay-active container_wrap fullsize'  data-section-bg-repeat='no-repeat'><div class='av-parallax' data-avia-parallax-ratio='0.3' ><div class='av-parallax-inner main_color avia-full-stretch'><\/div><\/div><div class=\"av-section-color-overlay-wrap\"><div class=\"av-section-color-overlay\"><\/div><div class='container av-section-cont-open' ><main  role=\"main\" itemprop=\"mainContentOfPage\"  class='template-page content  av-content-full alpha units'><div class='post-entry post-entry-type-page post-entry-39342'><div class='entry-content-wrapper clearfix'>\n\n<style type=\"text\/css\" data-created_by=\"avia_inline_auto\" id=\"style-css-av-39r35im-deb8af3408ba35272aa9aca5c66a21e3\">\n.flex_column.av-39r35im-deb8af3408ba35272aa9aca5c66a21e3{\nborder-radius:0px 0px 0px 0px;\npadding:0 0 0 0;\n}\n<\/style>\n<div  class='flex_column av-39r35im-deb8af3408ba35272aa9aca5c66a21e3 av_three_fourth  avia-builder-el-1  avia-builder-el-no-sibling  white-content first flex_column_div av-zero-column-padding  '     ><section  class='av_textblock_section av-l2ydiis3-322526f514266ee0bf2bccd4bfe5d12f '   itemscope=\"itemscope\" itemtype=\"https:\/\/schema.org\/CreativeWork\" ><div class='avia_textblock'  itemprop=\"text\" ><h1>Solutions de canalisations en PRV Amiblu pour l\u2019industrie<\/h1>\n<\/div><\/section><br \/>\n\n<style type=\"text\/css\" data-created_by=\"avia_inline_auto\" id=\"style-css-av-l2ydjoqr-3d9e08f7020b18be908b755ad156ef30\">\n#top .av_textblock_section.av-l2ydjoqr-3d9e08f7020b18be908b755ad156ef30 .avia_textblock{\nfont-size:20px;\n}\n<\/style>\n<section  class='av_textblock_section av-l2ydjoqr-3d9e08f7020b18be908b755ad156ef30 '   itemscope=\"itemscope\" itemtype=\"https:\/\/schema.org\/CreativeWork\" ><div class='avia_textblock sub-heading'  itemprop=\"text\" ><p>Projets cl\u00e9 en main pour applications industrielles.<\/p>\n<\/div><\/section><\/p><\/div>\n\n<\/div><\/div><\/main><!-- close content main element --><\/div><\/div><\/div><div id='av_section_2'  class='avia-section av-3618wq6-7eda08a9589c7dc30f81537719193646 main_color avia-section-default avia-no-border-styling  avia-builder-el-4  el_after_av_section  el_before_av_section  amiblu-bw-pr amiblu-jk-pp avia-bg-style-scroll container_wrap fullsize'  ><div class='container av-section-cont-open' ><div class='template-page content  av-content-full alpha units'><div class='post-entry post-entry-type-page post-entry-39342'><div class='entry-content-wrapper clearfix'>\n\n<style type=\"text\/css\" data-created_by=\"avia_inline_auto\" id=\"style-css-av-2q1glla-f0d205ab145975569b5e94578840b223\">\n.flex_column.av-2q1glla-f0d205ab145975569b5e94578840b223{\nborder-radius:0px 0px 0px 0px;\npadding:0px 0px 0px 0px;\n}\n<\/style>\n<div  class='flex_column av-2q1glla-f0d205ab145975569b5e94578840b223 av_two_third  avia-builder-el-5  avia-builder-el-no-sibling  first flex_column_div av-zero-column-padding  '     ><p>\n<style type=\"text\/css\" data-created_by=\"avia_inline_auto\" id=\"style-css-av-l5s2zpep-5b129580d7301430009efd1a09d0f2f0\">\n#top .av-special-heading.av-l5s2zpep-5b129580d7301430009efd1a09d0f2f0{\npadding-bottom:10px;\n}\nbody .av-special-heading.av-l5s2zpep-5b129580d7301430009efd1a09d0f2f0 .av-special-heading-tag .heading-char{\nfont-size:25px;\n}\n.av-special-heading.av-l5s2zpep-5b129580d7301430009efd1a09d0f2f0 .av-subheading{\nfont-size:15px;\n}\n<\/style>\n<div  class='av-special-heading av-l5s2zpep-5b129580d7301430009efd1a09d0f2f0 av-special-heading-h5 blockquote modern-quote  avia-builder-el-6  el_before_av_textblock  avia-builder-el-first  h1'><h5 class='av-special-heading-tag '  itemprop=\"headline\"  >Solutions industrielles<\/h5><div class=\"special-heading-border\"><div class=\"special-heading-inner-border\"><\/div><\/div><\/div><br \/>\n\n<style type=\"text\/css\" data-created_by=\"avia_inline_auto\" id=\"style-css-av-l2ydljpj-12bf6ce03cbff8652d9db4c38330b9a8\">\n#top .av_textblock_section.av-l2ydljpj-12bf6ce03cbff8652d9db4c38330b9a8 .avia_textblock{\nfont-size:20px;\n}\n\n@media only screen and (min-width: 480px) and (max-width: 767px){ \n#top .av_textblock_section.av-l2ydljpj-12bf6ce03cbff8652d9db4c38330b9a8 .avia_textblock{\nfont-size:18px;\n}\n}\n\n@media only screen and (max-width: 479px){ \n#top .av_textblock_section.av-l2ydljpj-12bf6ce03cbff8652d9db4c38330b9a8 .avia_textblock{\nfont-size:16px;\n}\n}\n<\/style>\n<section  class='av_textblock_section av-l2ydljpj-12bf6ce03cbff8652d9db4c38330b9a8 '   itemscope=\"itemscope\" itemtype=\"https:\/\/schema.org\/CreativeWork\" ><div class='avia_textblock'  itemprop=\"text\" ><p>Amiblu est le fournisseur de divers secteurs industriels o\u00f9 les conditions d\u2019exploitation exigent l\u2019utilisation de syst\u00e8mes de canalisations m\u00e9caniquement, thermiquement et chimiquement r\u00e9sistants. Les produits Amiblu destin\u00e9s \u00e0 l\u2019industrie sont fabriqu\u00e9s en PRV (Polyester Renforc\u00e9 de Fibres de verre).<\/p>\n<p>Amiblu ne fournit pas seulement des syst\u00e8mes de canalisations pour projets industriels mais cr\u00e9\u00e9 \u00e9galement des partenariats avec des consortiums d\u2019entreprises d\u2019installation de toutes tailles et les accompagne tout au long du projet. Nous travaillons avec eux partout dans le monde et leur faisons b\u00e9n\u00e9ficier de notre r\u00e9seau, bureaux commerciaux, bureaux d\u2019\u00e9tudes et \u00e9quipes d\u00e9di\u00e9es aux m\u00e9tiers de la construction afin de livrer des projets de r\u00e9seaux industriels cl\u00e9 en main.<\/p>\n<\/div><\/section><br \/>\n<div  class='avia-button-wrap av-l2ydmxjf-1beaef0e5021b2ffaebc462875058a06-wrap avia-button-left  avia-builder-el-8  el_after_av_textblock  avia-builder-el-last  amiblu-outline-button'><a href='https:\/\/www.amiblu.com\/references\/'  class='avia-button av-l2ydmxjf-1beaef0e5021b2ffaebc462875058a06 av-link-btn avia-icon_select-yes-right-icon avia-size-small avia-position-left avia-color-theme-color'  target=\"_blank\"  rel=\"noopener noreferrer\"  aria-label=\"D\u00e9couvrez nos projets industriels\"><span class='avia_iconbox_title' >D\u00e9couvrez nos projets industriels<\/span><span class='avia_button_icon avia_button_icon_right avia-iconfont avia-font-amiblu-icons' data-av_icon='\ue800' data-av_iconfont='amiblu-icons' ><\/span><\/a><\/div><\/p><\/div>\n\n<\/div><\/div><\/div><!-- close content main div --><\/div><\/div>\n<style type=\"text\/css\" data-created_by=\"avia_inline_auto\" id=\"style-css-av-1yus9e6-8d3fc44e7b094f03d320033d31b3f4ae\">\n.avia-section.av-1yus9e6-8d3fc44e7b094f03d320033d31b3f4ae{\nbackground-color:#f2f4f8;\nbackground-image:unset;\n}\n<\/style>\n<div id='av_section_3'  class='avia-section av-1yus9e6-8d3fc44e7b094f03d320033d31b3f4ae main_color avia-section-default avia-no-border-styling  avia-builder-el-9  el_after_av_section  avia-builder-el-last  home-info amiblu-jk-inf avia-bg-style-scroll container_wrap fullsize'  ><div class='container av-section-cont-open' ><div class='template-page content  av-content-full alpha units'><div class='post-entry post-entry-type-page post-entry-39342'><div class='entry-content-wrapper clearfix'>\n\n<style type=\"text\/css\" data-created_by=\"avia_inline_auto\" id=\"style-css-av-6auzu6-371fded831a879572d99697858142f09\">\n.flex_column.av-6auzu6-371fded831a879572d99697858142f09{\nborder-radius:0px 0px 0px 0px;\npadding:0px 0px 0px 0px;\n}\n<\/style>\n<div  class='flex_column av-6auzu6-371fded831a879572d99697858142f09 av_one_half  avia-builder-el-10  el_before_av_one_half  avia-builder-el-first  home-info-img first flex_column_div av-zero-column-padding  '     ><style type=\"text\/css\" data-created_by=\"avia_inline_auto\" id=\"style-css-av-1bhgmge-aed5afad907670bdc4a587e914398f3b\">\n.avia-image-container.av-1bhgmge-aed5afad907670bdc4a587e914398f3b img.avia_image{\nbox-shadow:none;\n}\n.avia-image-container.av-1bhgmge-aed5afad907670bdc4a587e914398f3b .av-image-caption-overlay-center{\ncolor:#ffffff;\n}\n<\/style>\n<div  class='avia-image-container av-1bhgmge-aed5afad907670bdc4a587e914398f3b av-styling- avia-align-right  avia-builder-el-11  avia-builder-el-no-sibling '   itemprop=\"image\" itemscope=\"itemscope\" itemtype=\"https:\/\/schema.org\/ImageObject\" ><div class=\"avia-image-container-inner\"><div class=\"avia-image-overlay-wrap\"><img fetchpriority=\"high\" decoding=\"async\" fetchpriority=\"high\" fetchpriority=\"high\" class='wp-image-48085 avia-img-lazy-loading-not-48085 avia_image ' src=\"https:\/\/www.amiblu.com\/wp-content\/uploads\/Amiblu-industrial-pipes-1.jpg\" alt='Amiblu biaxial GRP pipes for industrial solution, Industrie Irsching' title='Amiblu-industrial-pipes'  height=\"543\" width=\"960\"  itemprop=\"thumbnailUrl\" srcset=\"https:\/\/www.amiblu.com\/wp-content\/uploads\/Amiblu-industrial-pipes-1.jpg 960w, https:\/\/www.amiblu.com\/wp-content\/uploads\/Amiblu-industrial-pipes-1-300x170.jpg 300w, https:\/\/www.amiblu.com\/wp-content\/uploads\/Amiblu-industrial-pipes-1-768x434.jpg 768w, https:\/\/www.amiblu.com\/wp-content\/uploads\/Amiblu-industrial-pipes-1-705x399.jpg 705w\" sizes=\"(max-width: 960px) 100vw, 960px\" \/><\/div><\/div><\/div><\/div>\n<style type=\"text\/css\" data-created_by=\"avia_inline_auto\" id=\"style-css-av-2iray6-f122582d371e2838a7b0c8cf3c6648d1\">\n.flex_column.av-2iray6-f122582d371e2838a7b0c8cf3c6648d1{\nborder-radius:11px 11px 11px 11px;\npadding:0px 0px 0px 0px;\n}\n<\/style>\n<div  class='flex_column av-2iray6-f122582d371e2838a7b0c8cf3c6648d1 av_one_half  avia-builder-el-12  el_after_av_one_half  avia-builder-el-last  home-info-text white-content flex_column_div av-zero-column-padding  '     ><section  class='av_textblock_section av-l2ydnlpa-71c21aa88513fc5e41f26bf1be87a944 '   itemscope=\"itemscope\" itemtype=\"https:\/\/schema.org\/CreativeWork\" ><div class='avia_textblock'  itemprop=\"text\" ><p><strong>Avantages des syst\u00e8mes de canalisations industriels Amiblu:<\/strong><\/p>\n<ul>\n<li><strong>Excellente rigidit\u00e9 \u00e0 long terme: <\/strong>Conserve sa forme, ann\u00e9e apr\u00e8s ann\u00e9e, contrairement \u00e0 d\u2019autres canalisations en PRV<\/li>\n<li><strong>Surface int\u00e9rieure lisse<\/strong>: L\u2019hydraulicit\u00e9 des tuyaux Amiblu est sans \u00e9gal sur le march\u00e9 du PRV<\/li>\n<li><strong>Excellente r\u00e9sistance \u00e0 l\u2019abrasion<\/strong>: La r\u00e9sistance \u00e0 l\u2019abrasion prot\u00e8ge la surface int\u00e9rieure du tuyau et augmente sa dur\u00e9e de vie en service<\/li>\n<\/ul>\n<\/div><\/section><\/div>\n","protected":false},"excerpt":{"rendered":"","protected":false},"author":8,"featured_media":47361,"parent":0,"menu_order":60,"comment_status":"closed","ping_status":"closed","template":"","meta":{"_acf_changed":false,"footnotes":""},"class_list":["post-39342","page","type-page","status-publish","has-post-thumbnail","hentry"],"acf":[],"yoast_head":"<!-- This site is optimized with the Yoast SEO Premium plugin v27.3 (Yoast SEO v27.4) - https:\/\/yoast.com\/product\/yoast-seo-premium-wordpress\/ -->\n<title>Solutions de canalisations en PRV Amiblu pour l&#039;industrie<\/title>\n<meta name=\"description\" content=\"Amiblu est le fournisseur de divers sites industriels ou les conditions d&#039;exploitation exigent l&#039;utilisation de syst\u00e8mes de canalisations m\u00e9caniquement, thermiquement et chimiquement r\u00e9sistants.\" \/>\n<meta name=\"robots\" content=\"index, follow, max-snippet:-1, max-image-preview:large, max-video-preview:-1\" \/>\n<link rel=\"canonical\" href=\"https:\/\/www.amiblu.com\/fr\/industrie\/\" \/>\n<meta property=\"og:locale\" content=\"fr_FR\" \/>\n<meta property=\"og:type\" content=\"article\" \/>\n<meta property=\"og:title\" content=\"Industrie\" \/>\n<meta property=\"og:description\" content=\"Amiblu est le fournisseur de divers sites industriels ou les conditions d&#039;exploitation exigent l&#039;utilisation de syst\u00e8mes de canalisations m\u00e9caniquement, thermiquement et chimiquement r\u00e9sistants.\" \/>\n<meta property=\"og:url\" content=\"https:\/\/www.amiblu.com\/fr\/industrie\/\" \/>\n<meta property=\"og:site_name\" content=\"Amiblu\" \/>\n<meta property=\"article:publisher\" content=\"https:\/\/www.facebook.com\/amiblupipes\" \/>\n<meta property=\"article:modified_time\" content=\"2026-01-14T10:56:56+00:00\" \/>\n<meta property=\"og:image\" content=\"https:\/\/www.amiblu.com\/wp-content\/uploads\/Amiblu-industrial-pipes-Ras-Al-Khair.jpg\" \/>\n\t<meta property=\"og:image:width\" content=\"552\" \/>\n\t<meta property=\"og:image:height\" content=\"312\" \/>\n\t<meta property=\"og:image:type\" content=\"image\/jpeg\" \/>\n<meta name=\"twitter:card\" content=\"summary_large_image\" \/>\n<meta name=\"twitter:label1\" content=\"Dur\u00e9e de lecture estim\u00e9e\" \/>\n\t<meta name=\"twitter:data1\" content=\"2 minutes\" \/>\n<script type=\"application\/ld+json\" class=\"yoast-schema-graph\">{\"@context\":\"https:\\\/\\\/schema.org\",\"@graph\":[{\"@type\":\"WebPage\",\"@id\":\"https:\\\/\\\/www.amiblu.com\\\/fr\\\/industrie\\\/\",\"url\":\"https:\\\/\\\/www.amiblu.com\\\/fr\\\/industrie\\\/\",\"name\":\"Solutions de canalisations en PRV Amiblu pour l'industrie\",\"isPartOf\":{\"@id\":\"https:\\\/\\\/www.amiblu.com\\\/fr\\\/#website\"},\"primaryImageOfPage\":{\"@id\":\"https:\\\/\\\/www.amiblu.com\\\/fr\\\/industrie\\\/#primaryimage\"},\"image\":{\"@id\":\"https:\\\/\\\/www.amiblu.com\\\/fr\\\/industrie\\\/#primaryimage\"},\"thumbnailUrl\":\"https:\\\/\\\/www.amiblu.com\\\/wp-content\\\/uploads\\\/Amiblu-industrial-pipes-Ras-Al-Khair.jpg\",\"datePublished\":\"2021-07-22T10:19:28+00:00\",\"dateModified\":\"2026-01-14T10:56:56+00:00\",\"description\":\"Amiblu est le fournisseur de divers sites industriels ou les conditions d'exploitation exigent l'utilisation de syst\u00e8mes de canalisations m\u00e9caniquement, thermiquement et chimiquement r\u00e9sistants.\",\"inLanguage\":\"fr-FR\",\"potentialAction\":[{\"@type\":\"ReadAction\",\"target\":[\"https:\\\/\\\/www.amiblu.com\\\/fr\\\/industrie\\\/\"]}]},{\"@type\":\"ImageObject\",\"inLanguage\":\"fr-FR\",\"@id\":\"https:\\\/\\\/www.amiblu.com\\\/fr\\\/industrie\\\/#primaryimage\",\"url\":\"https:\\\/\\\/www.amiblu.com\\\/wp-content\\\/uploads\\\/Amiblu-industrial-pipes-Ras-Al-Khair.jpg\",\"contentUrl\":\"https:\\\/\\\/www.amiblu.com\\\/wp-content\\\/uploads\\\/Amiblu-industrial-pipes-Ras-Al-Khair.jpg\",\"width\":552,\"height\":312,\"caption\":\"Amiblu industrial pipes for Ras-Al-Khair\"},{\"@type\":\"WebSite\",\"@id\":\"https:\\\/\\\/www.amiblu.com\\\/fr\\\/#website\",\"url\":\"https:\\\/\\\/www.amiblu.com\\\/fr\\\/\",\"name\":\"Amiblu\",\"description\":\"GFK-Rohrsysteme f\u00fcr Generationen\",\"publisher\":{\"@id\":\"https:\\\/\\\/www.amiblu.com\\\/fr\\\/#organization\"},\"potentialAction\":[{\"@type\":\"SearchAction\",\"target\":{\"@type\":\"EntryPoint\",\"urlTemplate\":\"https:\\\/\\\/www.amiblu.com\\\/fr\\\/?s={search_term_string}\"},\"query-input\":{\"@type\":\"PropertyValueSpecification\",\"valueRequired\":true,\"valueName\":\"search_term_string\"}}],\"inLanguage\":\"fr-FR\"},{\"@type\":\"Organization\",\"@id\":\"https:\\\/\\\/www.amiblu.com\\\/fr\\\/#organization\",\"name\":\"Amiblu Group\",\"url\":\"https:\\\/\\\/www.amiblu.com\\\/fr\\\/\",\"logo\":{\"@type\":\"ImageObject\",\"inLanguage\":\"fr-FR\",\"@id\":\"https:\\\/\\\/www.amiblu.com\\\/fr\\\/#\\\/schema\\\/logo\\\/image\\\/\",\"url\":\"https:\\\/\\\/www.amiblu.com\\\/wp-content\\\/uploads\\\/2021\\\/01\\\/Amiblu-logo-website-1.png\",\"contentUrl\":\"https:\\\/\\\/www.amiblu.com\\\/wp-content\\\/uploads\\\/2021\\\/01\\\/Amiblu-logo-website-1.png\",\"width\":201,\"height\":38,\"caption\":\"Amiblu Group\"},\"image\":{\"@id\":\"https:\\\/\\\/www.amiblu.com\\\/fr\\\/#\\\/schema\\\/logo\\\/image\\\/\"},\"sameAs\":[\"https:\\\/\\\/www.facebook.com\\\/amiblupipes\",\"https:\\\/\\\/www.youtube.com\\\/c\\\/Amiblu\",\"https:\\\/\\\/de.wikipedia.org\\\/wiki\\\/Amiblu\",\"https:\\\/\\\/www.linkedin.com\\\/company\\\/amiblupipes\\\/\"]}]}<\/script>\n<!-- \/ Yoast SEO Premium plugin. -->","yoast_head_json":{"title":"Solutions de canalisations en PRV Amiblu pour l'industrie","description":"Amiblu est le fournisseur de divers sites industriels ou les conditions d'exploitation exigent l'utilisation de syst\u00e8mes de canalisations m\u00e9caniquement, thermiquement et chimiquement r\u00e9sistants.","robots":{"index":"index","follow":"follow","max-snippet":"max-snippet:-1","max-image-preview":"max-image-preview:large","max-video-preview":"max-video-preview:-1"},"canonical":"https:\/\/www.amiblu.com\/fr\/industrie\/","og_locale":"fr_FR","og_type":"article","og_title":"Industrie","og_description":"Amiblu est le fournisseur de divers sites industriels ou les conditions d'exploitation exigent l'utilisation de syst\u00e8mes de canalisations m\u00e9caniquement, thermiquement et chimiquement r\u00e9sistants.","og_url":"https:\/\/www.amiblu.com\/fr\/industrie\/","og_site_name":"Amiblu","article_publisher":"https:\/\/www.facebook.com\/amiblupipes","article_modified_time":"2026-01-14T10:56:56+00:00","og_image":[{"width":552,"height":312,"url":"https:\/\/www.amiblu.com\/wp-content\/uploads\/Amiblu-industrial-pipes-Ras-Al-Khair.jpg","type":"image\/jpeg"}],"twitter_card":"summary_large_image","twitter_misc":{"Dur\u00e9e de lecture estim\u00e9e":"2 minutes"},"schema":{"@context":"https:\/\/schema.org","@graph":[{"@type":"WebPage","@id":"https:\/\/www.amiblu.com\/fr\/industrie\/","url":"https:\/\/www.amiblu.com\/fr\/industrie\/","name":"Solutions de canalisations en PRV Amiblu pour l'industrie","isPartOf":{"@id":"https:\/\/www.amiblu.com\/fr\/#website"},"primaryImageOfPage":{"@id":"https:\/\/www.amiblu.com\/fr\/industrie\/#primaryimage"},"image":{"@id":"https:\/\/www.amiblu.com\/fr\/industrie\/#primaryimage"},"thumbnailUrl":"https:\/\/www.amiblu.com\/wp-content\/uploads\/Amiblu-industrial-pipes-Ras-Al-Khair.jpg","datePublished":"2021-07-22T10:19:28+00:00","dateModified":"2026-01-14T10:56:56+00:00","description":"Amiblu est le fournisseur de divers sites industriels ou les conditions d'exploitation exigent l'utilisation de syst\u00e8mes de canalisations m\u00e9caniquement, thermiquement et chimiquement r\u00e9sistants.","inLanguage":"fr-FR","potentialAction":[{"@type":"ReadAction","target":["https:\/\/www.amiblu.com\/fr\/industrie\/"]}]},{"@type":"ImageObject","inLanguage":"fr-FR","@id":"https:\/\/www.amiblu.com\/fr\/industrie\/#primaryimage","url":"https:\/\/www.amiblu.com\/wp-content\/uploads\/Amiblu-industrial-pipes-Ras-Al-Khair.jpg","contentUrl":"https:\/\/www.amiblu.com\/wp-content\/uploads\/Amiblu-industrial-pipes-Ras-Al-Khair.jpg","width":552,"height":312,"caption":"Amiblu industrial pipes for Ras-Al-Khair"},{"@type":"WebSite","@id":"https:\/\/www.amiblu.com\/fr\/#website","url":"https:\/\/www.amiblu.com\/fr\/","name":"Amiblu","description":"GFK-Rohrsysteme f\u00fcr Generationen","publisher":{"@id":"https:\/\/www.amiblu.com\/fr\/#organization"},"potentialAction":[{"@type":"SearchAction","target":{"@type":"EntryPoint","urlTemplate":"https:\/\/www.amiblu.com\/fr\/?s={search_term_string}"},"query-input":{"@type":"PropertyValueSpecification","valueRequired":true,"valueName":"search_term_string"}}],"inLanguage":"fr-FR"},{"@type":"Organization","@id":"https:\/\/www.amiblu.com\/fr\/#organization","name":"Amiblu Group","url":"https:\/\/www.amiblu.com\/fr\/","logo":{"@type":"ImageObject","inLanguage":"fr-FR","@id":"https:\/\/www.amiblu.com\/fr\/#\/schema\/logo\/image\/","url":"https:\/\/www.amiblu.com\/wp-content\/uploads\/2021\/01\/Amiblu-logo-website-1.png","contentUrl":"https:\/\/www.amiblu.com\/wp-content\/uploads\/2021\/01\/Amiblu-logo-website-1.png","width":201,"height":38,"caption":"Amiblu Group"},"image":{"@id":"https:\/\/www.amiblu.com\/fr\/#\/schema\/logo\/image\/"},"sameAs":["https:\/\/www.facebook.com\/amiblupipes","https:\/\/www.youtube.com\/c\/Amiblu","https:\/\/de.wikipedia.org\/wiki\/Amiblu","https:\/\/www.linkedin.com\/company\/amiblupipes\/"]}]}},"_links":{"self":[{"href":"https:\/\/www.amiblu.com\/fr\/wp-json\/wp\/v2\/pages\/39342","targetHints":{"allow":["GET"]}}],"collection":[{"href":"https:\/\/www.amiblu.com\/fr\/wp-json\/wp\/v2\/pages"}],"about":[{"href":"https:\/\/www.amiblu.com\/fr\/wp-json\/wp\/v2\/types\/page"}],"author":[{"embeddable":true,"href":"https:\/\/www.amiblu.com\/fr\/wp-json\/wp\/v2\/users\/8"}],"replies":[{"embeddable":true,"href":"https:\/\/www.amiblu.com\/fr\/wp-json\/wp\/v2\/comments?post=39342"}],"version-history":[{"count":20,"href":"https:\/\/www.amiblu.com\/fr\/wp-json\/wp\/v2\/pages\/39342\/revisions"}],"predecessor-version":[{"id":76556,"href":"https:\/\/www.amiblu.com\/fr\/wp-json\/wp\/v2\/pages\/39342\/revisions\/76556"}],"wp:featuredmedia":[{"embeddable":true,"href":"https:\/\/www.amiblu.com\/fr\/wp-json\/wp\/v2\/media\/47361"}],"wp:attachment":[{"href":"https:\/\/www.amiblu.com\/fr\/wp-json\/wp\/v2\/media?parent=39342"}],"curies":[{"name":"wp","href":"https:\/\/api.w.org\/{rel}","templated":true}]}}