{"id":39456,"date":"2021-07-23T10:46:23","date_gmt":"2021-07-23T08:46:23","guid":{"rendered":"https:\/\/www.amiblu.com\/?page_id=39456"},"modified":"2022-02-10T11:06:39","modified_gmt":"2022-02-10T10:06:39","slug":"mentions-legales","status":"publish","type":"page","link":"https:\/\/www.amiblu.com\/fr\/mentions-legales\/","title":{"rendered":"Mentions l\u00e9gales"},"content":{"rendered":"\n<style type=\"text\/css\" data-created_by=\"avia_inline_auto\" id=\"style-css-av-krg3ker7-a4439952e4d262c58472e65a83bdbc51\">\n#top .av-special-heading.av-krg3ker7-a4439952e4d262c58472e65a83bdbc51{\npadding-bottom:10px;\n}\nbody .av-special-heading.av-krg3ker7-a4439952e4d262c58472e65a83bdbc51 .av-special-heading-tag .heading-char{\nfont-size:25px;\n}\n.av-special-heading.av-krg3ker7-a4439952e4d262c58472e65a83bdbc51 .av-subheading{\nfont-size:15px;\n}\n<\/style>\n<div  class='av-special-heading av-krg3ker7-a4439952e4d262c58472e65a83bdbc51 av-special-heading-h1 blockquote modern-quote  avia-builder-el-0  el_before_av_textblock  avia-builder-el-first '><h1 class='av-special-heading-tag '  itemprop=\"headline\"  > Mentions l\u00e9gales<\/h1><div class=\"special-heading-border\"><div class=\"special-heading-inner-border\"><\/div><\/div><\/div>\n<section  class='av_textblock_section av-kkxz0h4p-358fa2509075fbbd14f15a08561f9a3a '   itemscope=\"itemscope\" itemtype=\"https:\/\/schema.org\/CreativeWork\" ><div class='avia_textblock'  itemprop=\"text\" ><p><strong>Amiblu Holding GmbH<\/strong><br \/>\nSterneckstra\u00dfe 19<br \/>\n9020 Klagenfurt<br \/>\nAustria<\/p>\n<p>+43.463.48 24 24<br \/>\n<a href=\"mailto:info@amiblu.com\">info@amiblu.com<\/a><\/p>\n<p>Comp. Reg. No.: FN 105310 v<br \/>\nCourt: Landesgericht Klagenfurt<br \/>\nVAT No.: ATU25771304<\/p>\n<p>Pour en savoir plus sur Amiblu Holding GmbH:\u00a0<a href=\"https:\/\/firmen.wko.at\/Web\/DetailsKontakt.aspx?FirmaID=e546ad47-e808-4dd4-b150-fb0d6599b9c9&amp;StandortID=0&amp;Suchbegriff=amiblu&amp;Page=1\" target=\"_blank\" rel=\"noopener noreferrer\">https:\/\/firmen.wko.at\/<\/a>.<\/p>\n<p>Les mentions l\u00e9gales s\u2019appliquent \u00e9galement aux m\u00e9dias sociaux ci-dessous::<\/p>\n<ul>\n<li><a href=\"http:\/\/www.facebook.com\/amiblupipes\" target=\"_blank\" rel=\"noopener noreferrer\">www.facebook.com\/amiblupipes<\/a><\/li>\n<li><a href=\"http:\/\/www.twitter.com\/Amiblupipes\" target=\"_blank\" rel=\"noopener noreferrer\">www.twitter.com\/Amiblupipes<\/a><\/li>\n<li><a href=\"https:\/\/www.linkedin.com\/company\/amiblupipes\/\" target=\"_blank\" rel=\"noopener noreferrer\">www.linkedin.com\/company\/amiblupipes<\/a><\/li>\n<li><a href=\"https:\/\/www.youtube.com\/channel\/UCqRDAF0I87MFEAM3nkcOdEw\" target=\"_blank\" rel=\"noopener noreferrer\">www.youtube.com\/channel\/UCqRDAF0I87MFEAM3nkcOdEw<\/a><\/li>\n<\/ul>\n<\/div><\/section>\n<div  class='hr av-483n-f97b05a5d99e9c417089a6b49247222b hr-default  avia-builder-el-2  el_after_av_textblock  el_before_av_heading '><span class='hr-inner '><span class=\"hr-inner-style\"><\/span><\/span><\/div>\n\n<style type=\"text\/css\" data-created_by=\"avia_inline_auto\" id=\"style-css-av-krg3l71s-725379882540a721e536d9a303768b1a\">\n#top .av-special-heading.av-krg3l71s-725379882540a721e536d9a303768b1a{\npadding-bottom:10px;\n}\nbody .av-special-heading.av-krg3l71s-725379882540a721e536d9a303768b1a .av-special-heading-tag .heading-char{\nfont-size:25px;\n}\n.av-special-heading.av-krg3l71s-725379882540a721e536d9a303768b1a .av-subheading{\nfont-size:15px;\n}\n<\/style>\n<div  class='av-special-heading av-krg3l71s-725379882540a721e536d9a303768b1a av-special-heading-h1 blockquote modern-quote  avia-builder-el-3  el_after_av_hr  el_before_av_textblock '><h1 class='av-special-heading-tag '  itemprop=\"headline\"  >Clause de non-responsabilit\u00e9<\/h1><div class=\"special-heading-border\"><div class=\"special-heading-inner-border\"><\/div><\/div><\/div>\n<section  class='av_textblock_section av-kkxz29by-df0ed34865734db890a5c143f6e694b2 '   itemscope=\"itemscope\" itemtype=\"https:\/\/schema.org\/CreativeWork\" ><div class='avia_textblock'  itemprop=\"text\" ><p><strong>Dispositions concernant les donn\u00e9es g\u00e9n\u00e9rales et les informations<\/strong><\/p>\n<p>Amiblu fait en sorte de publier des informations et des donn\u00e9es fiables. Amiblu se r\u00e9serve le droit de modifier ou d\u2019ajouter des informations ou donn\u00e9es sans pr\u00e9avis.<\/p>\n<p><strong>Responsabilit\u00e9s<\/strong><\/p>\n<p>Les informations contenues sur les sites internet Amiblu ont \u00e9t\u00e9 \u00e9tudi\u00e9es avec la plus grande attention et sont continuellement mises \u00e0 jour. Cependant, malgr\u00e9 tous nos efforts, nous ne pouvons garantir l\u2019absence d\u2019erreurs. Nous d\u00e9clinons toute responsabilit\u00e9 et ne garantissons pas la totale fiabilit\u00e9, l\u2019exactitude ou l\u2019exhaustivit\u00e9 des informations et donn\u00e9es mises \u00e0 disposition.<\/p>\n<p><strong>Droits d\u2019auteur<\/strong><\/p>\n<p>Le contenu des siteweb Amiblu est prot\u00e9g\u00e9 par le droit d\u2019auteur. La copie, la diffusion, le stockage,<br \/>\nla reproduction et le transfert de toutes les informations ou donn\u00e9es, en particulier l\u2019utilisation des textes, parties de textes ou images, ou autres documents publi\u00e9s sur les sites internet, est express\u00e9ment interdit sans l\u2019accord \u00e9crit pr\u00e9alable de Amiblu Holding GmbH.<\/p>\n<p><strong>Droit applicable<\/strong><\/p>\n<p>Toute information ou donn\u00e9e, leur utilisation, la connexion aux sites internet Amiblu ainsi que toute action\u00a0associ\u00e9e, inaction ou omission sont soumis exclusivement \u00e0 la l\u00e9gislation autrichienne. Le tribunal comp\u00e9tent est celui de Klagenfurt.<\/p>\n<\/div><\/section>\n","protected":false},"excerpt":{"rendered":"","protected":false},"author":8,"featured_media":0,"parent":0,"menu_order":200,"comment_status":"closed","ping_status":"closed","template":"","meta":{"_acf_changed":false,"footnotes":""},"class_list":["post-39456","page","type-page","status-publish","hentry"],"acf":[],"yoast_head":"<!-- This site is optimized with the Yoast SEO Premium plugin v27.3 (Yoast SEO v27.4) - https:\/\/yoast.com\/product\/yoast-seo-premium-wordpress\/ -->\n<title>Mentions l\u00e9gales - Amiblu<\/title>\n<meta name=\"description\" content=\"Mentions l\u00e9gales et Clause de non-responsabilit\u00e9.\" \/>\n<meta name=\"robots\" content=\"noindex, follow\" \/>\n<meta property=\"og:locale\" content=\"fr_FR\" \/>\n<meta property=\"og:type\" content=\"article\" \/>\n<meta property=\"og:title\" content=\"Mentions l\u00e9gales\" \/>\n<meta property=\"og:description\" content=\"Mentions l\u00e9gales et Clause de non-responsabilit\u00e9.\" \/>\n<meta property=\"og:url\" content=\"https:\/\/www.amiblu.com\/fr\/mentions-legales\/\" \/>\n<meta property=\"og:site_name\" content=\"Amiblu\" \/>\n<meta property=\"article:publisher\" content=\"https:\/\/www.facebook.com\/amiblupipes\" \/>\n<meta property=\"article:modified_time\" content=\"2022-02-10T10:06:39+00:00\" \/>\n<meta name=\"twitter:card\" content=\"summary_large_image\" \/>\n<meta name=\"twitter:label1\" content=\"Dur\u00e9e de lecture estim\u00e9e\" \/>\n\t<meta name=\"twitter:data1\" content=\"2 minutes\" \/>\n<script type=\"application\/ld+json\" class=\"yoast-schema-graph\">{\"@context\":\"https:\\\/\\\/schema.org\",\"@graph\":[{\"@type\":\"WebPage\",\"@id\":\"https:\\\/\\\/www.amiblu.com\\\/fr\\\/mentions-legales\\\/\",\"url\":\"https:\\\/\\\/www.amiblu.com\\\/fr\\\/mentions-legales\\\/\",\"name\":\"Mentions l\u00e9gales - Amiblu\",\"isPartOf\":{\"@id\":\"https:\\\/\\\/www.amiblu.com\\\/fr\\\/#website\"},\"datePublished\":\"2021-07-23T08:46:23+00:00\",\"dateModified\":\"2022-02-10T10:06:39+00:00\",\"description\":\"Mentions l\u00e9gales et Clause de non-responsabilit\u00e9.\",\"inLanguage\":\"fr-FR\",\"potentialAction\":[{\"@type\":\"ReadAction\",\"target\":[\"https:\\\/\\\/www.amiblu.com\\\/fr\\\/mentions-legales\\\/\"]}]},{\"@type\":\"WebSite\",\"@id\":\"https:\\\/\\\/www.amiblu.com\\\/fr\\\/#website\",\"url\":\"https:\\\/\\\/www.amiblu.com\\\/fr\\\/\",\"name\":\"Amiblu\",\"description\":\"GFK-Rohrsysteme f\u00fcr Generationen\",\"publisher\":{\"@id\":\"https:\\\/\\\/www.amiblu.com\\\/fr\\\/#organization\"},\"potentialAction\":[{\"@type\":\"SearchAction\",\"target\":{\"@type\":\"EntryPoint\",\"urlTemplate\":\"https:\\\/\\\/www.amiblu.com\\\/fr\\\/?s={search_term_string}\"},\"query-input\":{\"@type\":\"PropertyValueSpecification\",\"valueRequired\":true,\"valueName\":\"search_term_string\"}}],\"inLanguage\":\"fr-FR\"},{\"@type\":\"Organization\",\"@id\":\"https:\\\/\\\/www.amiblu.com\\\/fr\\\/#organization\",\"name\":\"Amiblu Group\",\"url\":\"https:\\\/\\\/www.amiblu.com\\\/fr\\\/\",\"logo\":{\"@type\":\"ImageObject\",\"inLanguage\":\"fr-FR\",\"@id\":\"https:\\\/\\\/www.amiblu.com\\\/fr\\\/#\\\/schema\\\/logo\\\/image\\\/\",\"url\":\"https:\\\/\\\/www.amiblu.com\\\/wp-content\\\/uploads\\\/2021\\\/01\\\/Amiblu-logo-website-1.png\",\"contentUrl\":\"https:\\\/\\\/www.amiblu.com\\\/wp-content\\\/uploads\\\/2021\\\/01\\\/Amiblu-logo-website-1.png\",\"width\":201,\"height\":38,\"caption\":\"Amiblu Group\"},\"image\":{\"@id\":\"https:\\\/\\\/www.amiblu.com\\\/fr\\\/#\\\/schema\\\/logo\\\/image\\\/\"},\"sameAs\":[\"https:\\\/\\\/www.facebook.com\\\/amiblupipes\",\"https:\\\/\\\/www.youtube.com\\\/c\\\/Amiblu\",\"https:\\\/\\\/de.wikipedia.org\\\/wiki\\\/Amiblu\",\"https:\\\/\\\/www.linkedin.com\\\/company\\\/amiblupipes\\\/\"]}]}<\/script>\n<!-- \/ Yoast SEO Premium plugin. -->","yoast_head_json":{"title":"Mentions l\u00e9gales - Amiblu","description":"Mentions l\u00e9gales et Clause de non-responsabilit\u00e9.","robots":{"index":"noindex","follow":"follow"},"og_locale":"fr_FR","og_type":"article","og_title":"Mentions l\u00e9gales","og_description":"Mentions l\u00e9gales et Clause de non-responsabilit\u00e9.","og_url":"https:\/\/www.amiblu.com\/fr\/mentions-legales\/","og_site_name":"Amiblu","article_publisher":"https:\/\/www.facebook.com\/amiblupipes","article_modified_time":"2022-02-10T10:06:39+00:00","twitter_card":"summary_large_image","twitter_misc":{"Dur\u00e9e de lecture estim\u00e9e":"2 minutes"},"schema":{"@context":"https:\/\/schema.org","@graph":[{"@type":"WebPage","@id":"https:\/\/www.amiblu.com\/fr\/mentions-legales\/","url":"https:\/\/www.amiblu.com\/fr\/mentions-legales\/","name":"Mentions l\u00e9gales - Amiblu","isPartOf":{"@id":"https:\/\/www.amiblu.com\/fr\/#website"},"datePublished":"2021-07-23T08:46:23+00:00","dateModified":"2022-02-10T10:06:39+00:00","description":"Mentions l\u00e9gales et Clause de non-responsabilit\u00e9.","inLanguage":"fr-FR","potentialAction":[{"@type":"ReadAction","target":["https:\/\/www.amiblu.com\/fr\/mentions-legales\/"]}]},{"@type":"WebSite","@id":"https:\/\/www.amiblu.com\/fr\/#website","url":"https:\/\/www.amiblu.com\/fr\/","name":"Amiblu","description":"GFK-Rohrsysteme f\u00fcr Generationen","publisher":{"@id":"https:\/\/www.amiblu.com\/fr\/#organization"},"potentialAction":[{"@type":"SearchAction","target":{"@type":"EntryPoint","urlTemplate":"https:\/\/www.amiblu.com\/fr\/?s={search_term_string}"},"query-input":{"@type":"PropertyValueSpecification","valueRequired":true,"valueName":"search_term_string"}}],"inLanguage":"fr-FR"},{"@type":"Organization","@id":"https:\/\/www.amiblu.com\/fr\/#organization","name":"Amiblu Group","url":"https:\/\/www.amiblu.com\/fr\/","logo":{"@type":"ImageObject","inLanguage":"fr-FR","@id":"https:\/\/www.amiblu.com\/fr\/#\/schema\/logo\/image\/","url":"https:\/\/www.amiblu.com\/wp-content\/uploads\/2021\/01\/Amiblu-logo-website-1.png","contentUrl":"https:\/\/www.amiblu.com\/wp-content\/uploads\/2021\/01\/Amiblu-logo-website-1.png","width":201,"height":38,"caption":"Amiblu Group"},"image":{"@id":"https:\/\/www.amiblu.com\/fr\/#\/schema\/logo\/image\/"},"sameAs":["https:\/\/www.facebook.com\/amiblupipes","https:\/\/www.youtube.com\/c\/Amiblu","https:\/\/de.wikipedia.org\/wiki\/Amiblu","https:\/\/www.linkedin.com\/company\/amiblupipes\/"]}]}},"_links":{"self":[{"href":"https:\/\/www.amiblu.com\/fr\/wp-json\/wp\/v2\/pages\/39456","targetHints":{"allow":["GET"]}}],"collection":[{"href":"https:\/\/www.amiblu.com\/fr\/wp-json\/wp\/v2\/pages"}],"about":[{"href":"https:\/\/www.amiblu.com\/fr\/wp-json\/wp\/v2\/types\/page"}],"author":[{"embeddable":true,"href":"https:\/\/www.amiblu.com\/fr\/wp-json\/wp\/v2\/users\/8"}],"replies":[{"embeddable":true,"href":"https:\/\/www.amiblu.com\/fr\/wp-json\/wp\/v2\/comments?post=39456"}],"version-history":[{"count":2,"href":"https:\/\/www.amiblu.com\/fr\/wp-json\/wp\/v2\/pages\/39456\/revisions"}],"predecessor-version":[{"id":39458,"href":"https:\/\/www.amiblu.com\/fr\/wp-json\/wp\/v2\/pages\/39456\/revisions\/39458"}],"wp:attachment":[{"href":"https:\/\/www.amiblu.com\/fr\/wp-json\/wp\/v2\/media?parent=39456"}],"curies":[{"name":"wp","href":"https:\/\/api.w.org\/{rel}","templated":true}]}}