{"id":61415,"date":"2024-02-12T12:17:47","date_gmt":"2024-02-12T11:17:47","guid":{"rendered":"https:\/\/www.amiblu.com\/?page_id=61415"},"modified":"2024-02-12T12:24:35","modified_gmt":"2024-02-12T11:24:35","slug":"entreprise","status":"publish","type":"page","link":"https:\/\/www.amiblu.com\/fr\/entreprise\/","title":{"rendered":"Entreprise"},"content":{"rendered":"\n<style type=\"text\/css\" data-created_by=\"avia_inline_auto\" id=\"style-css-av-3sw6q3r-83d519805f959e22225b75ba2230764a\">\n.avia-section.av-3sw6q3r-83d519805f959e22225b75ba2230764a{\nbackground-repeat:no-repeat;\nbackground-image:url(https:\/\/www.amiblu.com\/wp-content\/uploads\/hand-catches-water-stream-outside.webp);\nbackground-position:50% 50%;\nbackground-attachment:scroll;\n}\n.avia-section.av-3sw6q3r-83d519805f959e22225b75ba2230764a .av-section-color-overlay{\nopacity:0.3;\nbackground-color:#0a0a0a;\n}\n<\/style>\n<div id='av_section_1'  class='avia-section av-3sw6q3r-83d519805f959e22225b75ba2230764a main_color avia-section-default avia-no-border-styling  avia-builder-el-0  el_before_av_section  avia-builder-el-first  amiblu-content amiblu-page-hero avia-bg-style-scroll av-section-color-overlay-active container_wrap fullsize'  data-section-bg-repeat='no-repeat'><div class=\"av-section-color-overlay-wrap\"><div class=\"av-section-color-overlay\"><\/div><div class='container av-section-cont-open' ><main  role=\"main\" itemprop=\"mainContentOfPage\"  class='template-page content  av-content-full alpha units'><div class='post-entry post-entry-type-page post-entry-61415'><div class='entry-content-wrapper clearfix'>\n\n<style type=\"text\/css\" data-created_by=\"avia_inline_auto\" id=\"style-css-av-3ij084n-8b97d876c0317e7d4b6846ab14e739b7\">\n.flex_column.av-3ij084n-8b97d876c0317e7d4b6846ab14e739b7{\nborder-radius:0px 0px 0px 0px;\npadding:0 0 0 0;\n}\n<\/style>\n<div  class='flex_column av-3ij084n-8b97d876c0317e7d4b6846ab14e739b7 av_three_fourth  avia-builder-el-1  avia-builder-el-no-sibling  white-content first flex_column_div av-zero-column-padding  '     ><section  class='av_textblock_section av-lsiu3wgr-41e6d229ce8e5836384278acbb554d9e '   itemscope=\"itemscope\" itemtype=\"https:\/\/schema.org\/CreativeWork\" ><div class='avia_textblock'  itemprop=\"text\" ><h1>Nous valorisons l&rsquo;eau comme il se doit<\/h1>\n<\/div><\/section><br \/>\n\n<style type=\"text\/css\" data-created_by=\"avia_inline_auto\" id=\"style-css-av-lsiu44bw-06cc8514f0f5a91548475d0d0d15e6f2\">\n#top .av_textblock_section.av-lsiu44bw-06cc8514f0f5a91548475d0d0d15e6f2 .avia_textblock{\nfont-size:20px;\n}\n<\/style>\n<section  class='av_textblock_section av-lsiu44bw-06cc8514f0f5a91548475d0d0d15e6f2 '   itemscope=\"itemscope\" itemtype=\"https:\/\/schema.org\/CreativeWork\" ><div class='avia_textblock sub-heading'  itemprop=\"text\" ><p>A l&rsquo;aide de tuyaux et pi\u00e8ces de raccord en PRV con\u00e7us pour les g\u00e9n\u00e9rations futures.<\/p>\n<\/div><\/section><\/p><\/div>\n\n<\/div><\/div><\/main><!-- close content main element --><\/div><\/div><\/div><div id='av_section_2'  class='avia-section av-30me7gn-9d6f9a3840e52aadb9d787d4d268306f main_color avia-section-default avia-no-border-styling  avia-builder-el-4  el_after_av_section  el_before_av_section  amiblu-bw-pr amiblu-jk-pp avia-bg-style-scroll container_wrap fullsize'  ><div class='container av-section-cont-open' ><div class='template-page content  av-content-full alpha units'><div class='post-entry post-entry-type-page post-entry-61415'><div class='entry-content-wrapper clearfix'>\n\n<style type=\"text\/css\" data-created_by=\"avia_inline_auto\" id=\"style-css-av-2jl5qdj-3988981adb62bca0bd8568768601bf68\">\n.flex_column.av-2jl5qdj-3988981adb62bca0bd8568768601bf68{\nborder-radius:0px 0px 0px 0px;\npadding:0px 0px 0px 0px;\n}\n<\/style>\n<div  class='flex_column av-2jl5qdj-3988981adb62bca0bd8568768601bf68 av_two_third  avia-builder-el-5  avia-builder-el-no-sibling  first flex_column_div av-zero-column-padding  '     ><style type=\"text\/css\" data-created_by=\"avia_inline_auto\" id=\"style-css-av-lsiu7qaa-b69bf9fa212e771ad8eb258e01087749\">\n#top .av_textblock_section.av-lsiu7qaa-b69bf9fa212e771ad8eb258e01087749 .avia_textblock{\nfont-size:20px;\n}\n\n@media only screen and (min-width: 480px) and (max-width: 767px){ \n#top .av_textblock_section.av-lsiu7qaa-b69bf9fa212e771ad8eb258e01087749 .avia_textblock{\nfont-size:18px;\n}\n}\n\n@media only screen and (max-width: 479px){ \n#top .av_textblock_section.av-lsiu7qaa-b69bf9fa212e771ad8eb258e01087749 .avia_textblock{\nfont-size:16px;\n}\n}\n<\/style>\n<section  class='av_textblock_section av-lsiu7qaa-b69bf9fa212e771ad8eb258e01087749 '   itemscope=\"itemscope\" itemtype=\"https:\/\/schema.org\/CreativeWork\" ><div class='avia_textblock'  itemprop=\"text\" ><p>Chez Amiblu, nous avons \u00e0 c\u0153ur de <strong>relever les d\u00e9fis en mati\u00e8re d&rsquo;eau et d&rsquo;\u00e9nergie<\/strong> tout en respectant l&rsquo;environnement et en regardant vers l&rsquo;avenir. Nous concevons des <strong>tuyaux et des pi\u00e8ces de raccords PRV de grande qualit\u00e9 et p\u00e9rennes<\/strong> pour <a href=\"https:\/\/www.amiblu.com\/fr\/assainissement-eu\/\">l&rsquo;assainissement<\/a>, <a href=\"https:\/\/www.amiblu.com\/fr\/eaux-pluviales\/\">les eaux pluviales<\/a>, <a href=\"https:\/\/www.amiblu.com\/fr\/eau-potable\/\">l&rsquo;eau potable<\/a>, <a href=\"https:\/\/www.amiblu.com\/fr\/irrigation\/\">l&rsquo;irrigation<\/a>, <a href=\"https:\/\/www.amiblu.com\/fr\/hydroelectricite\/\">l&rsquo;hydro\u00e9lectricit\u00e9<\/a> et <a href=\"https:\/\/www.amiblu.com\/fr\/industrie\/\">l&rsquo;industrie<\/a>.<\/p>\n<p>Nous nous sommes donn\u00e9 pour mission de valoriser l&rsquo;eau et de nous engager. Pour cr\u00e9er de la valeur, il faut une ouverture d&rsquo;esprit, un esprit d&rsquo;\u00e9quipe sans faille et l&rsquo;envie d&rsquo;atteindre le meilleur.<\/p>\n<p>O\u00f9 nous trouver? Comment faire partie d&rsquo;Amiblu? Pour en savoir plus, consultez les rubriques ci-dessous.<\/p>\n<\/div><\/section><\/div>\n\n<\/div><\/div><\/div><!-- close content main div --><\/div><\/div>\n<style type=\"text\/css\" data-created_by=\"avia_inline_auto\" id=\"style-css-av-1y8gz8n-05b9b8e4d71a84dae86436c916a2be43\">\n.avia-section.av-1y8gz8n-05b9b8e4d71a84dae86436c916a2be43{\nbackground-color:#f2f4f8;\nbackground-image:unset;\n}\n<\/style>\n<div id='av_section_3'  class='avia-section av-1y8gz8n-05b9b8e4d71a84dae86436c916a2be43 main_color avia-section-default avia-no-border-styling  avia-builder-el-7  el_after_av_section  avia-builder-el-last  amiblu-bn-rl minheight100 avia-bg-style-scroll container_wrap fullsize'  ><div class='container av-section-cont-open' ><div class='template-page content  av-content-full alpha units'><div class='post-entry post-entry-type-page post-entry-61415'><div class='entry-content-wrapper clearfix'>\n<div class='flex_column_table av-1psrrk7-a927d6177708e072b6d73c002f900891 sc-av_one_third av-equal-height-column-flextable'>\n<style type=\"text\/css\" data-created_by=\"avia_inline_auto\" id=\"style-css-av-1psrrk7-a927d6177708e072b6d73c002f900891\">\n.flex_column.av-1psrrk7-a927d6177708e072b6d73c002f900891{\nwidth:32%;\nmargin-left:0;\n}\n#top .flex_column_table.av-equal-height-column-flextable.av-1psrrk7-a927d6177708e072b6d73c002f900891 .av-flex-placeholder{\nwidth:2%;\n}\n<\/style>\n<div  class='flex_column av-1psrrk7-a927d6177708e072b6d73c002f900891 av_one_third  avia-builder-el-8  el_before_av_one_third  avia-builder-el-first  first flex_column_table_cell av-equal-height-column av-align-top  '     ><p>\n<style type=\"text\/css\" data-created_by=\"avia_inline_auto\" id=\"style-css-av-lsiu8isd-c54857bd7db3ef128dd87dd8e93bbbc4\">\n.avia-image-container.av-lsiu8isd-c54857bd7db3ef128dd87dd8e93bbbc4 img.avia_image{\nbox-shadow:none;\n}\n.avia-image-container.av-lsiu8isd-c54857bd7db3ef128dd87dd8e93bbbc4 .av-image-caption-overlay-center{\ncolor:#ffffff;\n}\n<\/style>\n<div  class='avia-image-container av-lsiu8isd-c54857bd7db3ef128dd87dd8e93bbbc4 av-styling- av-img-linked avia-align-center  avia-builder-el-9  el_before_av_textblock  avia-builder-el-first '   itemprop=\"image\" itemscope=\"itemscope\" itemtype=\"https:\/\/schema.org\/ImageObject\" ><div class=\"avia-image-container-inner\"><div class=\"avia-image-overlay-wrap\"><a href=\"https:\/\/www.amiblu.com\/fr\/a-propos-de-nous\/\" class='avia_image '  aria-label='People-laughing-kidding-Amiblu-NC-Line-profiles-thumbnail'><img fetchpriority=\"high\" decoding=\"async\" fetchpriority=\"high\" fetchpriority=\"high\" class='wp-image-58389 avia-img-lazy-loading-not-58389 avia_image ' src=\"https:\/\/www.amiblu.com\/wp-content\/uploads\/People-laughing-kidding-Amiblu-NC-Line-profiles-thumbnail.jpg\" alt='people laughing and kidding inside Amiblu NC Line pipes' title='People-laughing-kidding-Amiblu-NC-Line-profiles-thumbnail'  height=\"500\" width=\"500\"  itemprop=\"thumbnailUrl\" srcset=\"https:\/\/www.amiblu.com\/wp-content\/uploads\/People-laughing-kidding-Amiblu-NC-Line-profiles-thumbnail.jpg 500w, https:\/\/www.amiblu.com\/wp-content\/uploads\/People-laughing-kidding-Amiblu-NC-Line-profiles-thumbnail-300x300.jpg 300w, https:\/\/www.amiblu.com\/wp-content\/uploads\/People-laughing-kidding-Amiblu-NC-Line-profiles-thumbnail-80x80.jpg 80w, https:\/\/www.amiblu.com\/wp-content\/uploads\/People-laughing-kidding-Amiblu-NC-Line-profiles-thumbnail-36x36.jpg 36w, https:\/\/www.amiblu.com\/wp-content\/uploads\/People-laughing-kidding-Amiblu-NC-Line-profiles-thumbnail-180x180.jpg 180w\" sizes=\"(max-width: 500px) 100vw, 500px\" \/><\/a><\/div><\/div><\/div><br \/>\n<section  class='av_textblock_section av-lsiu87p1-f297817f97e0595ad70917979728034f '   itemscope=\"itemscope\" itemtype=\"https:\/\/schema.org\/CreativeWork\" ><div class='avia_textblock'  itemprop=\"text\" ><p style=\"margin-top: 15px;\">\n<h2><strong>A propos de Amiblu<\/strong><\/h2>\n<\/div><\/section><\/p><\/div><div class='av-flex-placeholder'><\/div>\n<style type=\"text\/css\" data-created_by=\"avia_inline_auto\" id=\"style-css-av-11eaoh3-b5159e89ad4312880cd434abd44ad948\">\n.flex_column.av-11eaoh3-b5159e89ad4312880cd434abd44ad948{\nwidth:32%;\nmargin-left:0;\n}\n#top .flex_column_table.av-equal-height-column-flextable.av-11eaoh3-b5159e89ad4312880cd434abd44ad948 .av-flex-placeholder{\nwidth:2%;\n}\n<\/style>\n<div  class='flex_column av-11eaoh3-b5159e89ad4312880cd434abd44ad948 av_one_third  avia-builder-el-11  el_after_av_one_third  el_before_av_one_third  flex_column_table_cell av-equal-height-column av-align-top  '     ><p>\n<style type=\"text\/css\" data-created_by=\"avia_inline_auto\" id=\"style-css-av-lsiu919p-7830168f1a277afd7fcd64625b7f058d\">\n.avia-image-container.av-lsiu919p-7830168f1a277afd7fcd64625b7f058d img.avia_image{\nbox-shadow:none;\n}\n.avia-image-container.av-lsiu919p-7830168f1a277afd7fcd64625b7f058d .av-image-caption-overlay-center{\ncolor:#ffffff;\n}\n<\/style>\n<div  class='avia-image-container av-lsiu919p-7830168f1a277afd7fcd64625b7f058d av-styling- av-img-linked avia-align-center  avia-builder-el-12  el_before_av_textblock  avia-builder-el-first '   itemprop=\"image\" itemscope=\"itemscope\" itemtype=\"https:\/\/schema.org\/ImageObject\" ><div class=\"avia-image-container-inner\"><div class=\"avia-image-overlay-wrap\"><a href=\"https:\/\/www.amiblu.com\/fr\/carrieres\/\" class='avia_image '  aria-label='Amiblu-Poland-blue-collar-workers'><img fetchpriority=\"high\" decoding=\"async\" fetchpriority=\"high\" fetchpriority=\"high\" class='wp-image-58009 avia-img-lazy-loading-not-58009 avia_image ' src=\"https:\/\/www.amiblu.com\/wp-content\/uploads\/Amiblu-Poland-blue-collar-workers.jpg\" alt='blue-collar workers sitting inside GRP pipes at Amiblu factory in Poland' title='Amiblu-Poland-blue-collar-workers'  height=\"500\" width=\"500\"  itemprop=\"thumbnailUrl\" srcset=\"https:\/\/www.amiblu.com\/wp-content\/uploads\/Amiblu-Poland-blue-collar-workers.jpg 500w, https:\/\/www.amiblu.com\/wp-content\/uploads\/Amiblu-Poland-blue-collar-workers-300x300.jpg 300w, https:\/\/www.amiblu.com\/wp-content\/uploads\/Amiblu-Poland-blue-collar-workers-80x80.jpg 80w, https:\/\/www.amiblu.com\/wp-content\/uploads\/Amiblu-Poland-blue-collar-workers-36x36.jpg 36w, https:\/\/www.amiblu.com\/wp-content\/uploads\/Amiblu-Poland-blue-collar-workers-180x180.jpg 180w\" sizes=\"(max-width: 500px) 100vw, 500px\" \/><\/a><\/div><\/div><\/div><br \/>\n<section  class='av_textblock_section av-lsiu8soe-2ae7d7da2ba2f38dca10f67366d2eca9 '   itemscope=\"itemscope\" itemtype=\"https:\/\/schema.org\/CreativeWork\" ><div class='avia_textblock'  itemprop=\"text\" ><p style=\"margin-top: 15px;\">\n<h2><strong>Emplois et Carri\u00e8res<\/strong><\/h2>\n<\/div><\/section><\/p><\/div><div class='av-flex-placeholder'><\/div>\n<style type=\"text\/css\" data-created_by=\"avia_inline_auto\" id=\"style-css-av-nydjzb-b71e9f6dc7ea761a10eaee11f6f8c963\">\n.flex_column.av-nydjzb-b71e9f6dc7ea761a10eaee11f6f8c963{\nwidth:32%;\nmargin-left:0;\n}\n#top .flex_column_table.av-equal-height-column-flextable.av-nydjzb-b71e9f6dc7ea761a10eaee11f6f8c963 .av-flex-placeholder{\nwidth:2%;\n}\n<\/style>\n<div  class='flex_column av-nydjzb-b71e9f6dc7ea761a10eaee11f6f8c963 av_one_third  avia-builder-el-14  el_after_av_one_third  avia-builder-el-last  flex_column_table_cell av-equal-height-column av-align-top  '     ><p>\n<style type=\"text\/css\" data-created_by=\"avia_inline_auto\" id=\"style-css-av-lsiu9he0-087600b378e31fde581b8abaa3ffefe0\">\n.avia-image-container.av-lsiu9he0-087600b378e31fde581b8abaa3ffefe0 img.avia_image{\nbox-shadow:none;\n}\n.avia-image-container.av-lsiu9he0-087600b378e31fde581b8abaa3ffefe0 .av-image-caption-overlay-center{\ncolor:#ffffff;\n}\n<\/style>\n<div  class='avia-image-container av-lsiu9he0-087600b378e31fde581b8abaa3ffefe0 av-styling- av-img-linked avia-align-center  avia-builder-el-15  el_before_av_textblock  avia-builder-el-first '   itemprop=\"image\" itemscope=\"itemscope\" itemtype=\"https:\/\/schema.org\/ImageObject\" ><div class=\"avia-image-container-inner\"><div class=\"avia-image-overlay-wrap\"><a href=\"https:\/\/www.amiblu.com\/fr\/contactez-nous\/\" class='avia_image '  aria-label='Amiblu-Production-facility-Germany'><img fetchpriority=\"high\" decoding=\"async\" fetchpriority=\"high\" fetchpriority=\"high\" class='wp-image-60046 avia-img-lazy-loading-not-60046 avia_image ' src=\"https:\/\/www.amiblu.com\/wp-content\/uploads\/Amiblu-Production-facility-Germany.jpg\" alt='Amiblu production facility Trollenhagen, Germany' title='Amiblu-Production-facility-Germany'  height=\"500\" width=\"500\"  itemprop=\"thumbnailUrl\" srcset=\"https:\/\/www.amiblu.com\/wp-content\/uploads\/Amiblu-Production-facility-Germany.jpg 500w, https:\/\/www.amiblu.com\/wp-content\/uploads\/Amiblu-Production-facility-Germany-300x300.jpg 300w, https:\/\/www.amiblu.com\/wp-content\/uploads\/Amiblu-Production-facility-Germany-80x80.jpg 80w, https:\/\/www.amiblu.com\/wp-content\/uploads\/Amiblu-Production-facility-Germany-36x36.jpg 36w, https:\/\/www.amiblu.com\/wp-content\/uploads\/Amiblu-Production-facility-Germany-180x180.jpg 180w\" sizes=\"(max-width: 500px) 100vw, 500px\" \/><\/a><\/div><\/div><\/div><br \/>\n<section  class='av_textblock_section av-lsiu9avx-8c56d5dc0d3103b12d418f7046c96bb6 '   itemscope=\"itemscope\" itemtype=\"https:\/\/schema.org\/CreativeWork\" ><div class='avia_textblock'  itemprop=\"text\" ><p style=\"margin-top: 15px;\">\n<h2><strong>Localisations<\/strong><\/h2>\n<\/div><\/section><\/p><\/div><\/div><!--close column table wrapper. Autoclose: 1 -->\n\n","protected":false},"excerpt":{"rendered":"","protected":false},"author":8,"featured_media":59422,"parent":0,"menu_order":135,"comment_status":"closed","ping_status":"closed","template":"","meta":{"_acf_changed":false,"footnotes":""},"class_list":["post-61415","page","type-page","status-publish","has-post-thumbnail","hentry"],"acf":[],"yoast_head":"<!-- This site is optimized with the Yoast SEO Premium plugin v27.3 (Yoast SEO v27.4) - https:\/\/yoast.com\/product\/yoast-seo-premium-wordpress\/ -->\n<title>Entreprise - Amiblu<\/title>\n<meta name=\"description\" content=\"Amiblu: Nous valorisons l&#039;eau comme il se doit - A l&#039;aide de tuyaux et pi\u00e8ces de raccord en PRV con\u00e7us pour les g\u00e9n\u00e9rations futures.\" \/>\n<meta name=\"robots\" content=\"index, follow, max-snippet:-1, max-image-preview:large, max-video-preview:-1\" \/>\n<link rel=\"canonical\" href=\"https:\/\/www.amiblu.com\/fr\/entreprise\/\" \/>\n<meta property=\"og:locale\" content=\"fr_FR\" \/>\n<meta property=\"og:type\" content=\"article\" \/>\n<meta property=\"og:title\" content=\"Entreprise\" \/>\n<meta property=\"og:description\" content=\"Amiblu: Nous valorisons l&#039;eau comme il se doit - A l&#039;aide de tuyaux et pi\u00e8ces de raccord en PRV con\u00e7us pour les g\u00e9n\u00e9rations futures.\" \/>\n<meta property=\"og:url\" content=\"https:\/\/www.amiblu.com\/fr\/entreprise\/\" \/>\n<meta property=\"og:site_name\" content=\"Amiblu\" \/>\n<meta property=\"article:publisher\" content=\"https:\/\/www.facebook.com\/amiblupipes\" \/>\n<meta property=\"article:modified_time\" content=\"2024-02-12T11:24:35+00:00\" \/>\n<meta property=\"og:image\" content=\"https:\/\/www.amiblu.com\/wp-content\/uploads\/Amiblu-Avatar-cyan.png\" \/>\n\t<meta property=\"og:image:width\" content=\"949\" \/>\n\t<meta property=\"og:image:height\" content=\"844\" \/>\n\t<meta property=\"og:image:type\" content=\"image\/png\" \/>\n<meta name=\"twitter:card\" content=\"summary_large_image\" \/>\n<meta name=\"twitter:label1\" content=\"Dur\u00e9e de lecture estim\u00e9e\" \/>\n\t<meta name=\"twitter:data1\" content=\"2 minutes\" \/>\n<script type=\"application\/ld+json\" class=\"yoast-schema-graph\">{\"@context\":\"https:\\\/\\\/schema.org\",\"@graph\":[{\"@type\":\"WebPage\",\"@id\":\"https:\\\/\\\/www.amiblu.com\\\/fr\\\/entreprise\\\/\",\"url\":\"https:\\\/\\\/www.amiblu.com\\\/fr\\\/entreprise\\\/\",\"name\":\"Entreprise - Amiblu\",\"isPartOf\":{\"@id\":\"https:\\\/\\\/www.amiblu.com\\\/fr\\\/#website\"},\"primaryImageOfPage\":{\"@id\":\"https:\\\/\\\/www.amiblu.com\\\/fr\\\/entreprise\\\/#primaryimage\"},\"image\":{\"@id\":\"https:\\\/\\\/www.amiblu.com\\\/fr\\\/entreprise\\\/#primaryimage\"},\"thumbnailUrl\":\"https:\\\/\\\/www.amiblu.com\\\/wp-content\\\/uploads\\\/Amiblu-Avatar-cyan.png\",\"datePublished\":\"2024-02-12T11:17:47+00:00\",\"dateModified\":\"2024-02-12T11:24:35+00:00\",\"description\":\"Amiblu: Nous valorisons l'eau comme il se doit - A l'aide de tuyaux et pi\u00e8ces de raccord en PRV con\u00e7us pour les g\u00e9n\u00e9rations futures.\",\"inLanguage\":\"fr-FR\",\"potentialAction\":[{\"@type\":\"ReadAction\",\"target\":[\"https:\\\/\\\/www.amiblu.com\\\/fr\\\/entreprise\\\/\"]}]},{\"@type\":\"ImageObject\",\"inLanguage\":\"fr-FR\",\"@id\":\"https:\\\/\\\/www.amiblu.com\\\/fr\\\/entreprise\\\/#primaryimage\",\"url\":\"https:\\\/\\\/www.amiblu.com\\\/wp-content\\\/uploads\\\/Amiblu-Avatar-cyan.png\",\"contentUrl\":\"https:\\\/\\\/www.amiblu.com\\\/wp-content\\\/uploads\\\/Amiblu-Avatar-cyan.png\",\"width\":949,\"height\":844,\"caption\":\"Amiblu Avatar cyan\"},{\"@type\":\"WebSite\",\"@id\":\"https:\\\/\\\/www.amiblu.com\\\/fr\\\/#website\",\"url\":\"https:\\\/\\\/www.amiblu.com\\\/fr\\\/\",\"name\":\"Amiblu\",\"description\":\"GFK-Rohrsysteme f\u00fcr Generationen\",\"publisher\":{\"@id\":\"https:\\\/\\\/www.amiblu.com\\\/fr\\\/#organization\"},\"potentialAction\":[{\"@type\":\"SearchAction\",\"target\":{\"@type\":\"EntryPoint\",\"urlTemplate\":\"https:\\\/\\\/www.amiblu.com\\\/fr\\\/?s={search_term_string}\"},\"query-input\":{\"@type\":\"PropertyValueSpecification\",\"valueRequired\":true,\"valueName\":\"search_term_string\"}}],\"inLanguage\":\"fr-FR\"},{\"@type\":\"Organization\",\"@id\":\"https:\\\/\\\/www.amiblu.com\\\/fr\\\/#organization\",\"name\":\"Amiblu Group\",\"url\":\"https:\\\/\\\/www.amiblu.com\\\/fr\\\/\",\"logo\":{\"@type\":\"ImageObject\",\"inLanguage\":\"fr-FR\",\"@id\":\"https:\\\/\\\/www.amiblu.com\\\/fr\\\/#\\\/schema\\\/logo\\\/image\\\/\",\"url\":\"https:\\\/\\\/www.amiblu.com\\\/wp-content\\\/uploads\\\/2021\\\/01\\\/Amiblu-logo-website-1.png\",\"contentUrl\":\"https:\\\/\\\/www.amiblu.com\\\/wp-content\\\/uploads\\\/2021\\\/01\\\/Amiblu-logo-website-1.png\",\"width\":201,\"height\":38,\"caption\":\"Amiblu Group\"},\"image\":{\"@id\":\"https:\\\/\\\/www.amiblu.com\\\/fr\\\/#\\\/schema\\\/logo\\\/image\\\/\"},\"sameAs\":[\"https:\\\/\\\/www.facebook.com\\\/amiblupipes\",\"https:\\\/\\\/www.youtube.com\\\/c\\\/Amiblu\",\"https:\\\/\\\/de.wikipedia.org\\\/wiki\\\/Amiblu\",\"https:\\\/\\\/www.linkedin.com\\\/company\\\/amiblupipes\\\/\"]}]}<\/script>\n<!-- \/ Yoast SEO Premium plugin. -->","yoast_head_json":{"title":"Entreprise - Amiblu","description":"Amiblu: Nous valorisons l'eau comme il se doit - A l'aide de tuyaux et pi\u00e8ces de raccord en PRV con\u00e7us pour les g\u00e9n\u00e9rations futures.","robots":{"index":"index","follow":"follow","max-snippet":"max-snippet:-1","max-image-preview":"max-image-preview:large","max-video-preview":"max-video-preview:-1"},"canonical":"https:\/\/www.amiblu.com\/fr\/entreprise\/","og_locale":"fr_FR","og_type":"article","og_title":"Entreprise","og_description":"Amiblu: Nous valorisons l'eau comme il se doit - A l'aide de tuyaux et pi\u00e8ces de raccord en PRV con\u00e7us pour les g\u00e9n\u00e9rations futures.","og_url":"https:\/\/www.amiblu.com\/fr\/entreprise\/","og_site_name":"Amiblu","article_publisher":"https:\/\/www.facebook.com\/amiblupipes","article_modified_time":"2024-02-12T11:24:35+00:00","og_image":[{"width":949,"height":844,"url":"https:\/\/www.amiblu.com\/wp-content\/uploads\/Amiblu-Avatar-cyan.png","type":"image\/png"}],"twitter_card":"summary_large_image","twitter_misc":{"Dur\u00e9e de lecture estim\u00e9e":"2 minutes"},"schema":{"@context":"https:\/\/schema.org","@graph":[{"@type":"WebPage","@id":"https:\/\/www.amiblu.com\/fr\/entreprise\/","url":"https:\/\/www.amiblu.com\/fr\/entreprise\/","name":"Entreprise - Amiblu","isPartOf":{"@id":"https:\/\/www.amiblu.com\/fr\/#website"},"primaryImageOfPage":{"@id":"https:\/\/www.amiblu.com\/fr\/entreprise\/#primaryimage"},"image":{"@id":"https:\/\/www.amiblu.com\/fr\/entreprise\/#primaryimage"},"thumbnailUrl":"https:\/\/www.amiblu.com\/wp-content\/uploads\/Amiblu-Avatar-cyan.png","datePublished":"2024-02-12T11:17:47+00:00","dateModified":"2024-02-12T11:24:35+00:00","description":"Amiblu: Nous valorisons l'eau comme il se doit - A l'aide de tuyaux et pi\u00e8ces de raccord en PRV con\u00e7us pour les g\u00e9n\u00e9rations futures.","inLanguage":"fr-FR","potentialAction":[{"@type":"ReadAction","target":["https:\/\/www.amiblu.com\/fr\/entreprise\/"]}]},{"@type":"ImageObject","inLanguage":"fr-FR","@id":"https:\/\/www.amiblu.com\/fr\/entreprise\/#primaryimage","url":"https:\/\/www.amiblu.com\/wp-content\/uploads\/Amiblu-Avatar-cyan.png","contentUrl":"https:\/\/www.amiblu.com\/wp-content\/uploads\/Amiblu-Avatar-cyan.png","width":949,"height":844,"caption":"Amiblu Avatar cyan"},{"@type":"WebSite","@id":"https:\/\/www.amiblu.com\/fr\/#website","url":"https:\/\/www.amiblu.com\/fr\/","name":"Amiblu","description":"GFK-Rohrsysteme f\u00fcr Generationen","publisher":{"@id":"https:\/\/www.amiblu.com\/fr\/#organization"},"potentialAction":[{"@type":"SearchAction","target":{"@type":"EntryPoint","urlTemplate":"https:\/\/www.amiblu.com\/fr\/?s={search_term_string}"},"query-input":{"@type":"PropertyValueSpecification","valueRequired":true,"valueName":"search_term_string"}}],"inLanguage":"fr-FR"},{"@type":"Organization","@id":"https:\/\/www.amiblu.com\/fr\/#organization","name":"Amiblu Group","url":"https:\/\/www.amiblu.com\/fr\/","logo":{"@type":"ImageObject","inLanguage":"fr-FR","@id":"https:\/\/www.amiblu.com\/fr\/#\/schema\/logo\/image\/","url":"https:\/\/www.amiblu.com\/wp-content\/uploads\/2021\/01\/Amiblu-logo-website-1.png","contentUrl":"https:\/\/www.amiblu.com\/wp-content\/uploads\/2021\/01\/Amiblu-logo-website-1.png","width":201,"height":38,"caption":"Amiblu Group"},"image":{"@id":"https:\/\/www.amiblu.com\/fr\/#\/schema\/logo\/image\/"},"sameAs":["https:\/\/www.facebook.com\/amiblupipes","https:\/\/www.youtube.com\/c\/Amiblu","https:\/\/de.wikipedia.org\/wiki\/Amiblu","https:\/\/www.linkedin.com\/company\/amiblupipes\/"]}]}},"_links":{"self":[{"href":"https:\/\/www.amiblu.com\/fr\/wp-json\/wp\/v2\/pages\/61415","targetHints":{"allow":["GET"]}}],"collection":[{"href":"https:\/\/www.amiblu.com\/fr\/wp-json\/wp\/v2\/pages"}],"about":[{"href":"https:\/\/www.amiblu.com\/fr\/wp-json\/wp\/v2\/types\/page"}],"author":[{"embeddable":true,"href":"https:\/\/www.amiblu.com\/fr\/wp-json\/wp\/v2\/users\/8"}],"replies":[{"embeddable":true,"href":"https:\/\/www.amiblu.com\/fr\/wp-json\/wp\/v2\/comments?post=61415"}],"version-history":[{"count":7,"href":"https:\/\/www.amiblu.com\/fr\/wp-json\/wp\/v2\/pages\/61415\/revisions"}],"predecessor-version":[{"id":72367,"href":"https:\/\/www.amiblu.com\/fr\/wp-json\/wp\/v2\/pages\/61415\/revisions\/72367"}],"wp:featuredmedia":[{"embeddable":true,"href":"https:\/\/www.amiblu.com\/fr\/wp-json\/wp\/v2\/media\/59422"}],"wp:attachment":[{"href":"https:\/\/www.amiblu.com\/fr\/wp-json\/wp\/v2\/media?parent=61415"}],"curies":[{"name":"wp","href":"https:\/\/api.w.org\/{rel}","templated":true}]}}