{"id":37848,"date":"2021-07-07T12:32:47","date_gmt":"2021-07-07T10:32:47","guid":{"rendered":"https:\/\/www.amiblu.com\/?page_id=37848"},"modified":"2023-03-06T10:22:09","modified_gmt":"2023-03-06T09:22:09","slug":"sajtolhato-csovek","status":"publish","type":"page","link":"https:\/\/www.amiblu.com\/hu\/sajtolhato-csovek\/","title":{"rendered":"Sajtolhat\u00f3 cs\u00f6vek"},"content":{"rendered":"\n<style type=\"text\/css\" data-created_by=\"avia_inline_auto\" id=\"style-css-av-av_section-ef18253ec296cecbd6df900811a7bcb0\">\n.avia-section.av-av_section-ef18253ec296cecbd6df900811a7bcb0 .av-parallax .av-parallax-inner{\nbackground-repeat:no-repeat;\nbackground-image:url(https:\/\/www.amiblu.com\/wp-content\/uploads\/Amiblu-GRP-pipes-jacking-project-Crescenza-Rome.webp);\nbackground-position:50% 50%;\nbackground-attachment:scroll;\n}\n.avia-section.av-av_section-ef18253ec296cecbd6df900811a7bcb0 .av-section-color-overlay{\nopacity:0.5;\nbackground-color:#0a0a0a;\n}\n<\/style>\n<div id='av_section_1'  class='avia-section av-av_section-ef18253ec296cecbd6df900811a7bcb0 main_color avia-section-default avia-no-border-styling  avia-builder-el-0  el_before_av_section  avia-builder-el-first  amiblu-content amiblu-page-hero av-parallax-section avia-bg-style-parallax av-section-color-overlay-active container_wrap fullsize'  data-section-bg-repeat='no-repeat'><div class='av-parallax' data-avia-parallax-ratio='0.3' ><div class='av-parallax-inner main_color avia-full-stretch'><\/div><\/div><div class=\"av-section-color-overlay-wrap\"><div class=\"av-section-color-overlay\"><\/div><div class='container av-section-cont-open' ><main  role=\"main\" itemprop=\"mainContentOfPage\"  class='template-page content  av-content-full alpha units'><div class='post-entry post-entry-type-page post-entry-37848'><div class='entry-content-wrapper clearfix'>\n\n<style type=\"text\/css\" data-created_by=\"avia_inline_auto\" id=\"style-css-av-av_three_fifth-f03988781a9c3805c203ad72b12e1c74\">\n.flex_column.av-av_three_fifth-f03988781a9c3805c203ad72b12e1c74{\nborder-radius:0px 0px 0px 0px;\npadding:0 0 0 0;\n}\n<\/style>\n<div  class='flex_column av-av_three_fifth-f03988781a9c3805c203ad72b12e1c74 av_three_fifth  avia-builder-el-1  avia-builder-el-no-sibling  white-content first flex_column_div av-zero-column-padding  '     ><p>\n<style type=\"text\/css\" data-created_by=\"avia_inline_auto\" id=\"style-css-av-lewm2gyb-565b835ea3f6f7cc377fbc1077743cad\">\n#top .av-special-heading.av-lewm2gyb-565b835ea3f6f7cc377fbc1077743cad{\npadding-bottom:10px;\n}\nbody .av-special-heading.av-lewm2gyb-565b835ea3f6f7cc377fbc1077743cad .av-special-heading-tag .heading-char{\nfont-size:25px;\n}\n.av-special-heading.av-lewm2gyb-565b835ea3f6f7cc377fbc1077743cad .av-subheading{\nfont-size:15px;\n}\n<\/style>\n<div  class='av-special-heading av-lewm2gyb-565b835ea3f6f7cc377fbc1077743cad av-special-heading-h1  avia-builder-el-2  el_before_av_textblock  avia-builder-el-first '><h1 class='av-special-heading-tag '  itemprop=\"headline\"  >Amiblu sajtolhat\u00f3 cs\u00f6vek<\/h1><div class=\"special-heading-border\"><div class=\"special-heading-inner-border\"><\/div><\/div><\/div><br \/>\n\n<style type=\"text\/css\" data-created_by=\"avia_inline_auto\" id=\"style-css-av-lewm10ms-f0d6e96a7fa1ef39185d431368a75011\">\n#top .av_textblock_section.av-lewm10ms-f0d6e96a7fa1ef39185d431368a75011 .avia_textblock{\nfont-size:20px;\n}\n<\/style>\n<section  class='av_textblock_section av-lewm10ms-f0d6e96a7fa1ef39185d431368a75011 '   itemscope=\"itemscope\" itemtype=\"https:\/\/schema.org\/CreativeWork\" ><div class='avia_textblock sub-heading'  itemprop=\"text\" ><p>Kiv\u00e1l\u00f3 nyom\u00f3szil\u00e1rds\u00e1g\u00fa, a nagy sajtol\u00f3 er\u0151nek ellen\u00e1ll\u00f3 sajtolhat\u00f3 cs\u00f6vek. T\u00f6bbnyire aut\u00f3p\u00e1ly\u00e1k \u00e9s vas\u00fati s\u00ednek alatti sajtol\u00e1shoz, valamint s\u0171r\u0171n lakott v\u00e1rosokban haszn\u00e1lj\u00e1k.<\/p>\n<\/div><\/section><\/p><\/div><\/div><\/div><\/main><!-- close content main element --><\/div><\/div><\/div>\n<style type=\"text\/css\" data-created_by=\"avia_inline_auto\" id=\"style-css-av-av_section-0bb79bef99424ef29f14ab6896ae0f33\">\n.avia-section.av-av_section-0bb79bef99424ef29f14ab6896ae0f33{\nbackground-color:#f2f4f8;\nbackground-image:unset;\n}\n<\/style>\n<div id='av_section_2'  class='avia-section av-av_section-0bb79bef99424ef29f14ab6896ae0f33 main_color avia-section-default avia-no-border-styling  avia-builder-el-4  el_after_av_section  el_before_av_section  avia-bg-style-scroll container_wrap fullsize'  ><div class='container av-section-cont-open' ><div class='template-page content  av-content-full alpha units'><div class='post-entry post-entry-type-page post-entry-37848'><div class='entry-content-wrapper clearfix'>\n\n<style type=\"text\/css\" data-created_by=\"avia_inline_auto\" id=\"style-css-av-av_two_third-79ff81c021393065cee878051452f6a6\">\n.flex_column.av-av_two_third-79ff81c021393065cee878051452f6a6{\nborder-radius:0px 0px 0px 0px;\npadding:0px 0px 0px 0px;\n}\n<\/style>\n<div  class='flex_column av-av_two_third-79ff81c021393065cee878051452f6a6 av_two_third  avia-builder-el-5  avia-builder-el-no-sibling  first flex_column_div av-zero-column-padding  '     ><style type=\"text\/css\" data-created_by=\"avia_inline_auto\" id=\"style-css-av-lewm4bsz-689fa1afb3aaed42961d45347d5bd24c\">\n#top .av_textblock_section.av-lewm4bsz-689fa1afb3aaed42961d45347d5bd24c .avia_textblock{\nfont-size:20px;\n}\n\n@media only screen and (min-width: 480px) and (max-width: 767px){ \n#top .av_textblock_section.av-lewm4bsz-689fa1afb3aaed42961d45347d5bd24c .avia_textblock{\nfont-size:18px;\n}\n}\n\n@media only screen and (max-width: 479px){ \n#top .av_textblock_section.av-lewm4bsz-689fa1afb3aaed42961d45347d5bd24c .avia_textblock{\nfont-size:16px;\n}\n}\n<\/style>\n<section  class='av_textblock_section av-lewm4bsz-689fa1afb3aaed42961d45347d5bd24c '   itemscope=\"itemscope\" itemtype=\"https:\/\/schema.org\/CreativeWork\" ><div class='avia_textblock'  itemprop=\"text\" ><div class=\" full_section_inner clearfix\">\n<div class=\"wpb_column vc_column_container vc_col-sm-8\">\n<div class=\"vc_column-inner vc_custom_1504019517787\">\n<div class=\"wpb_wrapper\">\n<div class=\"wpb_text_column wpb_content_element \">\n<div class=\"wpb_wrapper\">\n<p style=\"text-align: left;\">K\u00f6nny\u0171 t\u00f6meg, statikai terhelhet\u0151s\u00e9g, t\u00f6k\u00e9letesen sima bels\u0151 \u00e9s k\u00fcls\u0151 cs\u0151fel\u00fclet, hossz\u00fa \u00e9lettartam \u2013 ez jellemzi az Amiblu felt\u00e1r\u00e1s n\u00e9lk\u00fcli technol\u00f3gi\u00e1khoz alkalmas\u00a0<strong>sajtolhat\u00f3 \u00e9s b\u00e9lel\u0151 cs\u00f6veket<\/strong>.<\/p>\n<\/div>\n<\/div>\n<\/div>\n<\/div>\n<\/div>\n<\/div>\n<\/div><\/section><\/div><\/div><\/div><\/div><!-- close content main div --><\/div><\/div>\n<style type=\"text\/css\" data-created_by=\"avia_inline_auto\" id=\"style-css-av-av_section-0149349cac7906d31ce7c843a5c475ce\">\n.avia-section.av-av_section-0149349cac7906d31ce7c843a5c475ce{\nbackground-color:#f2f4f8;\nbackground-image:unset;\n}\n<\/style>\n<div id='av_section_3'  class='avia-section av-av_section-0149349cac7906d31ce7c843a5c475ce main_color avia-section-default avia-no-border-styling  avia-builder-el-7  el_after_av_section  el_before_av_section  productpage avia-bg-style-scroll container_wrap fullsize'  ><div class='container av-section-cont-open' ><div class='template-page content  av-content-full alpha units'><div class='post-entry post-entry-type-page post-entry-37848'><div class='entry-content-wrapper clearfix'>\n<div  class='togglecontainer av-lewm3eia-7dabc5de2480f0466ebd0e9e633229ae  avia-builder-el-8  avia-builder-el-no-sibling  downloadliste toggle_close_all' >\n<section class='av_toggle_section av-lewm3ag1-d71b17da6b36ebea143ed76b0c093b75'  itemscope=\"itemscope\" itemtype=\"https:\/\/schema.org\/CreativeWork\" ><div role=\"tablist\" class=\"single_toggle\" data-tags=\"{Mind} \"  ><p id='toggle-sajtolhato-csoevek' data-fake-id='#sajtolhato-csoevek' class='toggler  activeTitle av-title-above '  itemprop=\"headline\"  role='tab' tabindex='0' aria-controls='sajtolhato-csoevek' data-slide-speed=\"200\" data-title=\"Sajtolhat\u00f3 cs\u00f6vek\" data-title-open=\"\" data-aria_collapsed=\"Click to expand: Sajtolhat\u00f3 cs\u00f6vek\" data-aria_expanded=\"Click to collapse: Sajtolhat\u00f3 cs\u00f6vek\">Sajtolhat\u00f3 cs\u00f6vek<span class=\"toggle_icon\"><span class=\"vert_icon\"><\/span><span class=\"hor_icon\"><\/span><\/span><\/p><div id='sajtolhato-csoevek' aria-labelledby='toggle-sajtolhato-csoevek' role='region' class='toggle_wrap  active_tc av-title-above' style='display:block;' ><div class='toggle_content invers-color '  itemprop=\"text\" ><div class=\"nav1\"><\/div>\n<div class=\"eintrag1\"><\/div>\n<\/div><\/div><\/div><\/section>\n<\/div>\n<\/div><\/div><\/div><!-- close content main div --><\/div><\/div><div id='av_section_4' aria-label='HOBAS SAJTOLHAT\u00d3 CS\u0150' class='avia-section av-lewm5bmi-5ba4692bb9774293d33429188c3d253d main_color avia-section-default avia-no-border-styling  avia-builder-el-9  el_after_av_section  avia-builder-el-last  box_element1 avia-bg-style-scroll container_wrap fullsize'  ><div class='container av-section-cont-open' ><div class='template-page content  av-content-full alpha units'><div class='post-entry post-entry-type-page post-entry-37848'><div class='entry-content-wrapper clearfix'>\n\n<style type=\"text\/css\" data-created_by=\"avia_inline_auto\" id=\"style-css-av-av_one_fourth-79ff81c021393065cee878051452f6a6\">\n.flex_column.av-av_one_fourth-79ff81c021393065cee878051452f6a6{\nborder-radius:0px 0px 0px 0px;\npadding:0px 0px 0px 0px;\n}\n<\/style>\n<div  class='flex_column av-av_one_fourth-79ff81c021393065cee878051452f6a6 av_one_fourth  avia-builder-el-10  el_before_av_one_third  avia-builder-el-first  first flex_column_div av-zero-column-padding  '     ><style type=\"text\/css\" data-created_by=\"avia_inline_auto\" id=\"style-css-av-av_image-7a9b474301728250a41c90d35db0cbcb\">\n.avia-image-container.av-av_image-7a9b474301728250a41c90d35db0cbcb img.avia_image{\nbox-shadow:none;\n}\n.avia-image-container.av-av_image-7a9b474301728250a41c90d35db0cbcb .av-image-caption-overlay-center{\ncolor:#ffffff;\n}\n<\/style>\n<div  class='avia-image-container av-av_image-7a9b474301728250a41c90d35db0cbcb av-styling- avia-align-center  avia-builder-el-11  avia-builder-el-no-sibling '   itemprop=\"image\" itemscope=\"itemscope\" itemtype=\"https:\/\/schema.org\/ImageObject\" ><div class=\"avia-image-container-inner\"><div class=\"avia-image-overlay-wrap\"><img fetchpriority=\"high\" decoding=\"async\" fetchpriority=\"high\" fetchpriority=\"high\" class='wp-image-36192 avia-img-lazy-loading-not-36192 avia_image ' src=\"https:\/\/www.amiblu.com\/wp-content\/uploads\/Hobas-jacking-pipe.png\" alt='Hobas jacking pipe' title='Hobas-jacking-pipe'  height=\"250\" width=\"250\"  itemprop=\"thumbnailUrl\" srcset=\"https:\/\/www.amiblu.com\/wp-content\/uploads\/Hobas-jacking-pipe.png 250w, https:\/\/www.amiblu.com\/wp-content\/uploads\/Hobas-jacking-pipe-80x80.png 80w, https:\/\/www.amiblu.com\/wp-content\/uploads\/Hobas-jacking-pipe-36x36.png 36w, https:\/\/www.amiblu.com\/wp-content\/uploads\/Hobas-jacking-pipe-180x180.png 180w\" sizes=\"(max-width: 250px) 100vw, 250px\" \/><\/div><\/div><\/div><\/div>\n<style type=\"text\/css\" data-created_by=\"avia_inline_auto\" id=\"style-css-av-av_one_third-49f6e875884219cf77c24341e550af53\">\n.flex_column.av-av_one_third-49f6e875884219cf77c24341e550af53{\nborder-radius:0px 0px 0px 0px;\npadding:0px 0px 0px 0px;\n}\n<\/style>\n<div  class='flex_column av-av_one_third-49f6e875884219cf77c24341e550af53 av_one_third  avia-builder-el-12  el_after_av_one_fourth  el_before_av_two_fifth  flex_column_div av-zero-column-padding  '     ><section  class='av_textblock_section av-lewm4vm6-28174964e0ffe795df969d911fe37042 '   itemscope=\"itemscope\" itemtype=\"https:\/\/schema.org\/CreativeWork\" ><div class='avia_textblock'  itemprop=\"text\" ><p>A Hobas cs\u00f6vek kiv\u00e1l\u00f3an viselik a sajtol\u00e1sb\u00f3l ered\u0151 ig\u00e9nybev\u00e9teleket. \u00c1ltal\u00e1ban utak, vasutak alatt alkalmazz\u00e1k. A nagynyom\u00e1s\u00fa v\u00edzsug\u00e1rral t\u00f6rt\u00e9n\u0151 tiszt\u00edt\u00e1ssal szemben a DIN 19523 szabv\u00e1nynak megfelel\u0151en ellen\u00e1ll\u00f3.<\/p>\n<\/div><\/section><\/div>\n<style type=\"text\/css\" data-created_by=\"avia_inline_auto\" id=\"style-css-av-av_two_fifth-49f6e875884219cf77c24341e550af53\">\n.flex_column.av-av_two_fifth-49f6e875884219cf77c24341e550af53{\nborder-radius:0px 0px 0px 0px;\npadding:0px 0px 0px 0px;\n}\n<\/style>\n<div  class='flex_column av-av_two_fifth-49f6e875884219cf77c24341e550af53 av_two_fifth  avia-builder-el-14  el_after_av_one_third  avia-builder-el-last  flex_column_div av-zero-column-padding  '     ><div class='avia-data-table-wrap av-1a1a2f-5237cce4737fc47cb2d79b4e154ed111 avia_responsive_table avia-table-1'><table  class='avia-table avia-data-table avia_pricing_default  avia-builder-el-15  avia-builder-el-no-sibling '  itemscope=\"itemscope\" itemtype=\"https:\/\/schema.org\/Table\" ><tbody><tr class=''><td class=''>\u00c1tm\u00e9r\u0151k (de)<\/td><td class=''>272-3600 mm<br \/>\n<\/td><\/tr><tr class=''><td class=''>Nyom\u00e1s (PN)<\/td><td class=''>16 b\u00e1rig<\/td><\/tr><tr class=''><td class=''>N\u00e9vleges hossz<\/td><td class=''>1-6 m<br \/>\n<\/td><\/tr><tr class=''><td class=''>Gy\u0171r\u0171merevs\u00e9g (SN)<\/td><td class=''>32000-1000000 N\/m\u00b2<br \/>\n<\/td><\/tr><\/tbody><\/table><\/div><\/div><\/p>\n","protected":false},"excerpt":{"rendered":"","protected":false},"author":8,"featured_media":55129,"parent":0,"menu_order":14,"comment_status":"closed","ping_status":"closed","template":"","meta":{"_acf_changed":false,"footnotes":""},"class_list":["post-37848","page","type-page","status-publish","has-post-thumbnail","hentry"],"acf":[],"yoast_head":"<!-- This site is optimized with the Yoast SEO Premium plugin v27.3 (Yoast SEO v27.4) - https:\/\/yoast.com\/product\/yoast-seo-premium-wordpress\/ -->\n<title>Amiblu sajtolhat\u00f3 cs\u00f6vek<\/title>\n<meta name=\"description\" content=\"T\u00f6bbnyire aut\u00f3p\u00e1ly\u00e1k \u00e9s vas\u00fati s\u00ednek alatti sajtol\u00e1shoz, valamint s\u0171r\u0171n lakott v\u00e1rosokban haszn\u00e1lj\u00e1k.\" \/>\n<meta name=\"robots\" content=\"index, follow, max-snippet:-1, max-image-preview:large, max-video-preview:-1\" \/>\n<link rel=\"canonical\" href=\"https:\/\/www.amiblu.com\/hu\/sajtolhato-csovek\/\" \/>\n<meta property=\"og:locale\" content=\"hu_HU\" \/>\n<meta property=\"og:type\" content=\"article\" \/>\n<meta property=\"og:title\" content=\"Sajtolhat\u00f3 cs\u00f6vek\" \/>\n<meta property=\"og:description\" content=\"T\u00f6bbnyire aut\u00f3p\u00e1ly\u00e1k \u00e9s vas\u00fati s\u00ednek alatti sajtol\u00e1shoz, valamint s\u0171r\u0171n lakott v\u00e1rosokban haszn\u00e1lj\u00e1k.\" \/>\n<meta property=\"og:url\" content=\"https:\/\/www.amiblu.com\/hu\/sajtolhato-csovek\/\" \/>\n<meta property=\"og:site_name\" content=\"Amiblu\" \/>\n<meta property=\"article:publisher\" content=\"https:\/\/www.facebook.com\/amiblupipes\" \/>\n<meta property=\"article:modified_time\" content=\"2023-03-06T09:22:09+00:00\" \/>\n<meta property=\"og:image\" content=\"https:\/\/www.amiblu.com\/wp-content\/uploads\/Amiblu-GRP-pipes-jacking-project-Crescenza-Rome.webp\" \/>\n\t<meta property=\"og:image:width\" content=\"1920\" \/>\n\t<meta property=\"og:image:height\" content=\"917\" \/>\n\t<meta property=\"og:image:type\" content=\"image\/webp\" \/>\n<meta name=\"twitter:card\" content=\"summary_large_image\" \/>\n<meta name=\"twitter:label1\" content=\"Becs\u00fclt olvas\u00e1si id\u0151\" \/>\n\t<meta name=\"twitter:data1\" content=\"4 perc\" \/>\n<script type=\"application\/ld+json\" class=\"yoast-schema-graph\">{\"@context\":\"https:\\\/\\\/schema.org\",\"@graph\":[{\"@type\":\"WebPage\",\"@id\":\"https:\\\/\\\/www.amiblu.com\\\/hu\\\/sajtolhato-csovek\\\/\",\"url\":\"https:\\\/\\\/www.amiblu.com\\\/hu\\\/sajtolhato-csovek\\\/\",\"name\":\"Amiblu sajtolhat\u00f3 cs\u00f6vek\",\"isPartOf\":{\"@id\":\"https:\\\/\\\/www.amiblu.com\\\/hu\\\/#website\"},\"primaryImageOfPage\":{\"@id\":\"https:\\\/\\\/www.amiblu.com\\\/hu\\\/sajtolhato-csovek\\\/#primaryimage\"},\"image\":{\"@id\":\"https:\\\/\\\/www.amiblu.com\\\/hu\\\/sajtolhato-csovek\\\/#primaryimage\"},\"thumbnailUrl\":\"https:\\\/\\\/www.amiblu.com\\\/wp-content\\\/uploads\\\/Amiblu-GRP-pipes-jacking-project-Crescenza-Rome.webp\",\"datePublished\":\"2021-07-07T10:32:47+00:00\",\"dateModified\":\"2023-03-06T09:22:09+00:00\",\"description\":\"T\u00f6bbnyire aut\u00f3p\u00e1ly\u00e1k \u00e9s vas\u00fati s\u00ednek alatti sajtol\u00e1shoz, valamint s\u0171r\u0171n lakott v\u00e1rosokban haszn\u00e1lj\u00e1k.\",\"inLanguage\":\"hu\",\"potentialAction\":[{\"@type\":\"ReadAction\",\"target\":[\"https:\\\/\\\/www.amiblu.com\\\/hu\\\/sajtolhato-csovek\\\/\"]}]},{\"@type\":\"ImageObject\",\"inLanguage\":\"hu\",\"@id\":\"https:\\\/\\\/www.amiblu.com\\\/hu\\\/sajtolhato-csovek\\\/#primaryimage\",\"url\":\"https:\\\/\\\/www.amiblu.com\\\/wp-content\\\/uploads\\\/Amiblu-GRP-pipes-jacking-project-Crescenza-Rome.webp\",\"contentUrl\":\"https:\\\/\\\/www.amiblu.com\\\/wp-content\\\/uploads\\\/Amiblu-GRP-pipes-jacking-project-Crescenza-Rome.webp\",\"width\":1920,\"height\":917,\"caption\":\"Amiblu GRP pipes for jacking project Crescenza in Rome, Italy\"},{\"@type\":\"WebSite\",\"@id\":\"https:\\\/\\\/www.amiblu.com\\\/hu\\\/#website\",\"url\":\"https:\\\/\\\/www.amiblu.com\\\/hu\\\/\",\"name\":\"Amiblu\",\"description\":\"GFK-Rohrsysteme f\u00fcr Generationen\",\"publisher\":{\"@id\":\"https:\\\/\\\/www.amiblu.com\\\/hu\\\/#organization\"},\"potentialAction\":[{\"@type\":\"SearchAction\",\"target\":{\"@type\":\"EntryPoint\",\"urlTemplate\":\"https:\\\/\\\/www.amiblu.com\\\/hu\\\/?s={search_term_string}\"},\"query-input\":{\"@type\":\"PropertyValueSpecification\",\"valueRequired\":true,\"valueName\":\"search_term_string\"}}],\"inLanguage\":\"hu\"},{\"@type\":\"Organization\",\"@id\":\"https:\\\/\\\/www.amiblu.com\\\/hu\\\/#organization\",\"name\":\"Amiblu Group\",\"url\":\"https:\\\/\\\/www.amiblu.com\\\/hu\\\/\",\"logo\":{\"@type\":\"ImageObject\",\"inLanguage\":\"hu\",\"@id\":\"https:\\\/\\\/www.amiblu.com\\\/hu\\\/#\\\/schema\\\/logo\\\/image\\\/\",\"url\":\"https:\\\/\\\/www.amiblu.com\\\/wp-content\\\/uploads\\\/2021\\\/01\\\/Amiblu-logo-website-1.png\",\"contentUrl\":\"https:\\\/\\\/www.amiblu.com\\\/wp-content\\\/uploads\\\/2021\\\/01\\\/Amiblu-logo-website-1.png\",\"width\":201,\"height\":38,\"caption\":\"Amiblu Group\"},\"image\":{\"@id\":\"https:\\\/\\\/www.amiblu.com\\\/hu\\\/#\\\/schema\\\/logo\\\/image\\\/\"},\"sameAs\":[\"https:\\\/\\\/www.facebook.com\\\/amiblupipes\",\"https:\\\/\\\/www.youtube.com\\\/c\\\/Amiblu\",\"https:\\\/\\\/de.wikipedia.org\\\/wiki\\\/Amiblu\",\"https:\\\/\\\/www.linkedin.com\\\/company\\\/amiblupipes\\\/\"]}]}<\/script>\n<!-- \/ Yoast SEO Premium plugin. -->","yoast_head_json":{"title":"Amiblu sajtolhat\u00f3 cs\u00f6vek","description":"T\u00f6bbnyire aut\u00f3p\u00e1ly\u00e1k \u00e9s vas\u00fati s\u00ednek alatti sajtol\u00e1shoz, valamint s\u0171r\u0171n lakott v\u00e1rosokban haszn\u00e1lj\u00e1k.","robots":{"index":"index","follow":"follow","max-snippet":"max-snippet:-1","max-image-preview":"max-image-preview:large","max-video-preview":"max-video-preview:-1"},"canonical":"https:\/\/www.amiblu.com\/hu\/sajtolhato-csovek\/","og_locale":"hu_HU","og_type":"article","og_title":"Sajtolhat\u00f3 cs\u00f6vek","og_description":"T\u00f6bbnyire aut\u00f3p\u00e1ly\u00e1k \u00e9s vas\u00fati s\u00ednek alatti sajtol\u00e1shoz, valamint s\u0171r\u0171n lakott v\u00e1rosokban haszn\u00e1lj\u00e1k.","og_url":"https:\/\/www.amiblu.com\/hu\/sajtolhato-csovek\/","og_site_name":"Amiblu","article_publisher":"https:\/\/www.facebook.com\/amiblupipes","article_modified_time":"2023-03-06T09:22:09+00:00","og_image":[{"width":1920,"height":917,"url":"https:\/\/www.amiblu.com\/wp-content\/uploads\/Amiblu-GRP-pipes-jacking-project-Crescenza-Rome.webp","type":"image\/webp"}],"twitter_card":"summary_large_image","twitter_misc":{"Becs\u00fclt olvas\u00e1si id\u0151":"4 perc"},"schema":{"@context":"https:\/\/schema.org","@graph":[{"@type":"WebPage","@id":"https:\/\/www.amiblu.com\/hu\/sajtolhato-csovek\/","url":"https:\/\/www.amiblu.com\/hu\/sajtolhato-csovek\/","name":"Amiblu sajtolhat\u00f3 cs\u00f6vek","isPartOf":{"@id":"https:\/\/www.amiblu.com\/hu\/#website"},"primaryImageOfPage":{"@id":"https:\/\/www.amiblu.com\/hu\/sajtolhato-csovek\/#primaryimage"},"image":{"@id":"https:\/\/www.amiblu.com\/hu\/sajtolhato-csovek\/#primaryimage"},"thumbnailUrl":"https:\/\/www.amiblu.com\/wp-content\/uploads\/Amiblu-GRP-pipes-jacking-project-Crescenza-Rome.webp","datePublished":"2021-07-07T10:32:47+00:00","dateModified":"2023-03-06T09:22:09+00:00","description":"T\u00f6bbnyire aut\u00f3p\u00e1ly\u00e1k \u00e9s vas\u00fati s\u00ednek alatti sajtol\u00e1shoz, valamint s\u0171r\u0171n lakott v\u00e1rosokban haszn\u00e1lj\u00e1k.","inLanguage":"hu","potentialAction":[{"@type":"ReadAction","target":["https:\/\/www.amiblu.com\/hu\/sajtolhato-csovek\/"]}]},{"@type":"ImageObject","inLanguage":"hu","@id":"https:\/\/www.amiblu.com\/hu\/sajtolhato-csovek\/#primaryimage","url":"https:\/\/www.amiblu.com\/wp-content\/uploads\/Amiblu-GRP-pipes-jacking-project-Crescenza-Rome.webp","contentUrl":"https:\/\/www.amiblu.com\/wp-content\/uploads\/Amiblu-GRP-pipes-jacking-project-Crescenza-Rome.webp","width":1920,"height":917,"caption":"Amiblu GRP pipes for jacking project Crescenza in Rome, Italy"},{"@type":"WebSite","@id":"https:\/\/www.amiblu.com\/hu\/#website","url":"https:\/\/www.amiblu.com\/hu\/","name":"Amiblu","description":"GFK-Rohrsysteme f\u00fcr Generationen","publisher":{"@id":"https:\/\/www.amiblu.com\/hu\/#organization"},"potentialAction":[{"@type":"SearchAction","target":{"@type":"EntryPoint","urlTemplate":"https:\/\/www.amiblu.com\/hu\/?s={search_term_string}"},"query-input":{"@type":"PropertyValueSpecification","valueRequired":true,"valueName":"search_term_string"}}],"inLanguage":"hu"},{"@type":"Organization","@id":"https:\/\/www.amiblu.com\/hu\/#organization","name":"Amiblu Group","url":"https:\/\/www.amiblu.com\/hu\/","logo":{"@type":"ImageObject","inLanguage":"hu","@id":"https:\/\/www.amiblu.com\/hu\/#\/schema\/logo\/image\/","url":"https:\/\/www.amiblu.com\/wp-content\/uploads\/2021\/01\/Amiblu-logo-website-1.png","contentUrl":"https:\/\/www.amiblu.com\/wp-content\/uploads\/2021\/01\/Amiblu-logo-website-1.png","width":201,"height":38,"caption":"Amiblu Group"},"image":{"@id":"https:\/\/www.amiblu.com\/hu\/#\/schema\/logo\/image\/"},"sameAs":["https:\/\/www.facebook.com\/amiblupipes","https:\/\/www.youtube.com\/c\/Amiblu","https:\/\/de.wikipedia.org\/wiki\/Amiblu","https:\/\/www.linkedin.com\/company\/amiblupipes\/"]}]}},"_links":{"self":[{"href":"https:\/\/www.amiblu.com\/hu\/wp-json\/wp\/v2\/pages\/37848","targetHints":{"allow":["GET"]}}],"collection":[{"href":"https:\/\/www.amiblu.com\/hu\/wp-json\/wp\/v2\/pages"}],"about":[{"href":"https:\/\/www.amiblu.com\/hu\/wp-json\/wp\/v2\/types\/page"}],"author":[{"embeddable":true,"href":"https:\/\/www.amiblu.com\/hu\/wp-json\/wp\/v2\/users\/8"}],"replies":[{"embeddable":true,"href":"https:\/\/www.amiblu.com\/hu\/wp-json\/wp\/v2\/comments?post=37848"}],"version-history":[{"count":12,"href":"https:\/\/www.amiblu.com\/hu\/wp-json\/wp\/v2\/pages\/37848\/revisions"}],"predecessor-version":[{"id":56006,"href":"https:\/\/www.amiblu.com\/hu\/wp-json\/wp\/v2\/pages\/37848\/revisions\/56006"}],"wp:featuredmedia":[{"embeddable":true,"href":"https:\/\/www.amiblu.com\/hu\/wp-json\/wp\/v2\/media\/55129"}],"wp:attachment":[{"href":"https:\/\/www.amiblu.com\/hu\/wp-json\/wp\/v2\/media?parent=37848"}],"curies":[{"name":"wp","href":"https:\/\/api.w.org\/{rel}","templated":true}]}}