{"id":38464,"date":"2021-07-08T14:50:25","date_gmt":"2021-07-08T12:50:25","guid":{"rendered":"https:\/\/www.amiblu.com\/?page_id=38464"},"modified":"2022-02-10T11:06:39","modified_gmt":"2022-02-10T10:06:39","slug":"jogi-nyilatkozat","status":"publish","type":"page","link":"https:\/\/www.amiblu.com\/hu\/jogi-nyilatkozat\/","title":{"rendered":"Jogi nyilatkozat"},"content":{"rendered":"\n<style type=\"text\/css\" data-created_by=\"avia_inline_auto\" id=\"style-css-av-kquwom25-3b1ef6e27b7be31f937ffddb33e8ba14\">\n#top .av-special-heading.av-kquwom25-3b1ef6e27b7be31f937ffddb33e8ba14{\npadding-bottom:10px;\n}\nbody .av-special-heading.av-kquwom25-3b1ef6e27b7be31f937ffddb33e8ba14 .av-special-heading-tag .heading-char{\nfont-size:25px;\n}\n.av-special-heading.av-kquwom25-3b1ef6e27b7be31f937ffddb33e8ba14 .av-subheading{\nfont-size:15px;\n}\n<\/style>\n<div  class='av-special-heading av-kquwom25-3b1ef6e27b7be31f937ffddb33e8ba14 av-special-heading-h1 blockquote modern-quote  avia-builder-el-0  el_before_av_textblock  avia-builder-el-first '><h1 class='av-special-heading-tag '  itemprop=\"headline\"  >Impresszum<\/h1><div class=\"special-heading-border\"><div class=\"special-heading-inner-border\"><\/div><\/div><\/div>\n<section  class='av_textblock_section av-kkxz0h4p-358fa2509075fbbd14f15a08561f9a3a '   itemscope=\"itemscope\" itemtype=\"https:\/\/schema.org\/CreativeWork\" ><div class='avia_textblock'  itemprop=\"text\" ><p><strong>Amiblu Holding GmbH<\/strong><br \/>\nSterneckstra\u00dfe 19<br \/>\n9020 Klagenfurt<br \/>\nAustria<\/p>\n<p>+43.463.48 24 24<br \/>\n<a href=\"mailto:info@amiblu.com\">info@amiblu.com<\/a><\/p>\n<p>C\u00e9gjegyz\u00e9ksz\u00e1m: FN 105310 v<br \/>\nC\u00e9gb\u00edr\u00f3s\u00e1g: Landesgericht Klagenfurt<br \/>\nAd\u00f3sz\u00e1m: ATU25771304<\/p>\n<p>Az Amiblu Holding GmbH az Osztr\u00e1k Kereskedelmi Kamara tagja a vonatkoz\u00f3 jogi k\u00f6vetelm\u00e9nyeknek megfelel\u0151en. A Kerekedelmi Kamara k\u00fcl\u00f6nb\u00f6z\u0151 test\u00fcleteiben a tags\u00e1g n\u00e9vsora az al\u00e1bbi weboldalon tal\u00e1lhat\u00f3 meg:\u00a0<a href=\"https:\/\/firmen.wko.at\/Web\/DetailsKontakt.aspx?FirmaID=e546ad47-e808-4dd4-b150-fb0d6599b9c9&amp;StandortID=0&amp;Suchbegriff=amiblu&amp;Page=1\" target=\"_blank\" rel=\"noopener noreferrer\">https:\/\/firmen.wko.at\/<\/a>.<\/p>\n<p>Ez az impresszum szint\u00e9n \u00e9rv\u00e9nyes az al\u00e1bbi k\u00f6z\u00f6ss\u00e9gi m\u00e9dia oldalakra vonatkoz\u00f3an:<\/p>\n<ul>\n<li style=\"list-style-type: none;\">\n<ul>\n<li><a href=\"http:\/\/www.facebook.com\/amiblupipes\" target=\"_blank\" rel=\"noopener noreferrer\">www.facebook.com\/amiblupipes<\/a><\/li>\n<li><a href=\"http:\/\/www.twitter.com\/Amiblupipes\" target=\"_blank\" rel=\"noopener noreferrer\">www.twitter.com\/Amiblupipes<\/a><\/li>\n<li><a href=\"https:\/\/www.linkedin.com\/company\/amiblupipes\/\" target=\"_blank\" rel=\"noopener noreferrer\">www.linkedin.com\/company\/amiblupipes<\/a><\/li>\n<li><a href=\"https:\/\/www.youtube.com\/channel\/UCqRDAF0I87MFEAM3nkcOdEw\" target=\"_blank\" rel=\"noopener noreferrer\">www.youtube.com\/channel\/UCqRDAF0I87MFEAM3nkcOdEw<\/a><\/li>\n<\/ul>\n<\/li>\n<\/ul>\n<\/div><\/section>\n<div  class='hr av-483n-f97b05a5d99e9c417089a6b49247222b hr-default  avia-builder-el-2  el_after_av_textblock  el_before_av_heading '><span class='hr-inner '><span class=\"hr-inner-style\"><\/span><\/span><\/div>\n\n<style type=\"text\/css\" data-created_by=\"avia_inline_auto\" id=\"style-css-av-kquwp474-19d1ea012720b10193d0cbfd86435f0a\">\n#top .av-special-heading.av-kquwp474-19d1ea012720b10193d0cbfd86435f0a{\npadding-bottom:10px;\n}\nbody .av-special-heading.av-kquwp474-19d1ea012720b10193d0cbfd86435f0a .av-special-heading-tag .heading-char{\nfont-size:25px;\n}\n.av-special-heading.av-kquwp474-19d1ea012720b10193d0cbfd86435f0a .av-subheading{\nfont-size:15px;\n}\n<\/style>\n<div  class='av-special-heading av-kquwp474-19d1ea012720b10193d0cbfd86435f0a av-special-heading-h1 blockquote modern-quote  avia-builder-el-3  el_after_av_hr  el_before_av_textblock '><h1 class='av-special-heading-tag '  itemprop=\"headline\"  >Jogi nyilatkozat<\/h1><div class=\"special-heading-border\"><div class=\"special-heading-inner-border\"><\/div><\/div><\/div>\n<section  class='av_textblock_section av-kkxz29by-df0ed34865734db890a5c143f6e694b2 '   itemscope=\"itemscope\" itemtype=\"https:\/\/schema.org\/CreativeWork\" ><div class='avia_textblock'  itemprop=\"text\" ><p><strong>\u00c1ltal\u00e1nos adatok \u00e9s inform\u00e1ci\u00f3 biztos\u00edt\u00e1sa<br \/>\n<\/strong>Az Amiblu mindent megtesz az\u00e9rt, hogy az ezen weboldalon tal\u00e1lhat\u00f3 inform\u00e1ci\u00f3k helyesek legyenek. Az Amiblu fenntartja a jogot arra, hogy az adatokat el\u0151zetes figyelemfelh\u00edv\u00e1s n\u00e9lk\u00fcl megv\u00e1ltoztassa.<\/p>\n<p><strong>Felel\u0151ss\u00e9g<br \/>\n<\/strong> Az Amiblu oldalon tal\u00e1lhat\u00f3 \u00e1ltalunk k\u00f6z\u00f6lt inform\u00e1ci\u00f3kat a lehet\u0151 legnagyobb odafigyel\u00e9ssel \u00e1ll\u00edtottuk \u00e9s v\u00e1logattuk \u00f6ssze, azokat rendszeresen friss\u00edtj\u00fck. Maxim\u00e1lis igyekezet\u00fcnk ellen\u00e9re azonban nem garant\u00e1lhatjuk, hogy ne forduljanak el\u0151 hib\u00e1k. Nem v\u00e1llalunk felel\u0151ss\u00e9get \u00e9s nem garant\u00e1ljuk a k\u00f6z\u00f6lt inform\u00e1ci\u00f3k id\u0151szer\u0171s\u00e9g\u00e9t, helyess\u00e9g\u00e9t \u00e9s teljess\u00e9g\u00e9t.<\/p>\n<p><strong>Szerz\u0151i jogok<br \/>\n<\/strong>Az Amiblu weboldalon tal\u00e1lhat\u00f3 inform\u00e1ci\u00f3kat nem szabad m\u00e1solni. Adataink \u00e9s minden inform\u00e1ci\u00f3 m\u00e1sol\u00e1sa, terjeszt\u00e9se, t\u00e1rol\u00e1sa, sokszoros\u00edt\u00e1sa \u00e9s tov\u00e1bb\u00edt\u00e1sa, a sz\u00f6veges r\u00e9szekb\u0151l kiragadott r\u00e9szletek, illetve a k\u00e9pek vagy m\u00e1s, a weboldalon k\u00f6z\u00f6lt r\u00e9szletek haszn\u00e1lata az Amiblu GmbH kiz\u00e1r\u00f3lagos \u00edr\u00e1sos enged\u00e9lye n\u00e9lk\u00fcl szigor\u00faan tilos. Azon sz\u00f6veges r\u00e9szek \u00e9s k\u00e9pek amik a \u201eSajt\u00f3\u201d c\u00edmsz\u00f3 alatt megnyithat\u00f3 inform\u00e1ci\u00f3k, melyek kifejezetten terjeszt\u00e9s c\u00e9lj\u00e1b\u00f3l k\u00e9sz\u00fcltek, mentes\u00fclnek e tilalom al\u00f3l.<\/p>\n<p><strong>Ir\u00e1nyad\u00f3 jog<br \/>\n<\/strong>Minden inform\u00e1ci\u00f3 \u00e9s adat, a felhaszn\u00e1l\u00e1suk, az Amiblu weboldalra t\u00f6rt\u00e9n\u0151 bejelentkez\u00e9s, illetve minden ezzel \u00f6sszef\u00fcgg\u0151 tev\u00e9kenys\u00e9g vagy azok elmulaszt\u00e1sa kiz\u00e1r\u00f3lag az osztr\u00e1k jog al\u00e1 tartozik, a joghat\u00f3s\u00e1g helye Klagenfurt.<\/p>\n<\/div><\/section>\n","protected":false},"excerpt":{"rendered":"","protected":false},"author":8,"featured_media":0,"parent":0,"menu_order":200,"comment_status":"closed","ping_status":"closed","template":"","meta":{"_acf_changed":false,"footnotes":""},"class_list":["post-38464","page","type-page","status-publish","hentry"],"acf":[],"yoast_head":"<!-- This site is optimized with the Yoast SEO Premium plugin v27.4 (Yoast SEO v27.4) - https:\/\/yoast.com\/product\/yoast-seo-premium-wordpress\/ -->\n<title>Jogi nyilatkozat<\/title>\n<meta name=\"robots\" content=\"noindex, follow\" \/>\n<meta property=\"og:locale\" content=\"hu_HU\" \/>\n<meta property=\"og:type\" content=\"article\" \/>\n<meta property=\"og:title\" content=\"Jogi nyilatkozat\" \/>\n<meta property=\"og:url\" content=\"https:\/\/www.amiblu.com\/hu\/jogi-nyilatkozat\/\" \/>\n<meta property=\"og:site_name\" content=\"Amiblu\" \/>\n<meta property=\"article:publisher\" content=\"https:\/\/www.facebook.com\/amiblupipes\" \/>\n<meta property=\"article:modified_time\" content=\"2022-02-10T10:06:39+00:00\" \/>\n<meta name=\"twitter:card\" content=\"summary_large_image\" \/>\n<meta name=\"twitter:label1\" content=\"Becs\u00fclt olvas\u00e1si id\u0151\" \/>\n\t<meta name=\"twitter:data1\" content=\"2 perc\" \/>\n<script type=\"application\/ld+json\" class=\"yoast-schema-graph\">{\"@context\":\"https:\\\/\\\/schema.org\",\"@graph\":[{\"@type\":\"WebPage\",\"@id\":\"https:\\\/\\\/www.amiblu.com\\\/hu\\\/jogi-nyilatkozat\\\/\",\"url\":\"https:\\\/\\\/www.amiblu.com\\\/hu\\\/jogi-nyilatkozat\\\/\",\"name\":\"Jogi nyilatkozat\",\"isPartOf\":{\"@id\":\"https:\\\/\\\/www.amiblu.com\\\/hu\\\/#website\"},\"datePublished\":\"2021-07-08T12:50:25+00:00\",\"dateModified\":\"2022-02-10T10:06:39+00:00\",\"inLanguage\":\"hu\",\"potentialAction\":[{\"@type\":\"ReadAction\",\"target\":[\"https:\\\/\\\/www.amiblu.com\\\/hu\\\/jogi-nyilatkozat\\\/\"]}]},{\"@type\":\"WebSite\",\"@id\":\"https:\\\/\\\/www.amiblu.com\\\/hu\\\/#website\",\"url\":\"https:\\\/\\\/www.amiblu.com\\\/hu\\\/\",\"name\":\"Amiblu\",\"description\":\"GFK-Rohrsysteme f\u00fcr Generationen\",\"publisher\":{\"@id\":\"https:\\\/\\\/www.amiblu.com\\\/hu\\\/#organization\"},\"potentialAction\":[{\"@type\":\"SearchAction\",\"target\":{\"@type\":\"EntryPoint\",\"urlTemplate\":\"https:\\\/\\\/www.amiblu.com\\\/hu\\\/?s={search_term_string}\"},\"query-input\":{\"@type\":\"PropertyValueSpecification\",\"valueRequired\":true,\"valueName\":\"search_term_string\"}}],\"inLanguage\":\"hu\"},{\"@type\":\"Organization\",\"@id\":\"https:\\\/\\\/www.amiblu.com\\\/hu\\\/#organization\",\"name\":\"Amiblu Group\",\"url\":\"https:\\\/\\\/www.amiblu.com\\\/hu\\\/\",\"logo\":{\"@type\":\"ImageObject\",\"inLanguage\":\"hu\",\"@id\":\"https:\\\/\\\/www.amiblu.com\\\/hu\\\/#\\\/schema\\\/logo\\\/image\\\/\",\"url\":\"https:\\\/\\\/www.amiblu.com\\\/wp-content\\\/uploads\\\/2021\\\/01\\\/Amiblu-logo-website-1.png\",\"contentUrl\":\"https:\\\/\\\/www.amiblu.com\\\/wp-content\\\/uploads\\\/2021\\\/01\\\/Amiblu-logo-website-1.png\",\"width\":201,\"height\":38,\"caption\":\"Amiblu Group\"},\"image\":{\"@id\":\"https:\\\/\\\/www.amiblu.com\\\/hu\\\/#\\\/schema\\\/logo\\\/image\\\/\"},\"sameAs\":[\"https:\\\/\\\/www.facebook.com\\\/amiblupipes\",\"https:\\\/\\\/www.youtube.com\\\/c\\\/Amiblu\",\"https:\\\/\\\/de.wikipedia.org\\\/wiki\\\/Amiblu\",\"https:\\\/\\\/www.linkedin.com\\\/company\\\/amiblupipes\\\/\"]}]}<\/script>\n<!-- \/ Yoast SEO Premium plugin. -->","yoast_head_json":{"title":"Jogi nyilatkozat","robots":{"index":"noindex","follow":"follow"},"og_locale":"hu_HU","og_type":"article","og_title":"Jogi nyilatkozat","og_url":"https:\/\/www.amiblu.com\/hu\/jogi-nyilatkozat\/","og_site_name":"Amiblu","article_publisher":"https:\/\/www.facebook.com\/amiblupipes","article_modified_time":"2022-02-10T10:06:39+00:00","twitter_card":"summary_large_image","twitter_misc":{"Becs\u00fclt olvas\u00e1si id\u0151":"2 perc"},"schema":{"@context":"https:\/\/schema.org","@graph":[{"@type":"WebPage","@id":"https:\/\/www.amiblu.com\/hu\/jogi-nyilatkozat\/","url":"https:\/\/www.amiblu.com\/hu\/jogi-nyilatkozat\/","name":"Jogi nyilatkozat","isPartOf":{"@id":"https:\/\/www.amiblu.com\/hu\/#website"},"datePublished":"2021-07-08T12:50:25+00:00","dateModified":"2022-02-10T10:06:39+00:00","inLanguage":"hu","potentialAction":[{"@type":"ReadAction","target":["https:\/\/www.amiblu.com\/hu\/jogi-nyilatkozat\/"]}]},{"@type":"WebSite","@id":"https:\/\/www.amiblu.com\/hu\/#website","url":"https:\/\/www.amiblu.com\/hu\/","name":"Amiblu","description":"GFK-Rohrsysteme f\u00fcr Generationen","publisher":{"@id":"https:\/\/www.amiblu.com\/hu\/#organization"},"potentialAction":[{"@type":"SearchAction","target":{"@type":"EntryPoint","urlTemplate":"https:\/\/www.amiblu.com\/hu\/?s={search_term_string}"},"query-input":{"@type":"PropertyValueSpecification","valueRequired":true,"valueName":"search_term_string"}}],"inLanguage":"hu"},{"@type":"Organization","@id":"https:\/\/www.amiblu.com\/hu\/#organization","name":"Amiblu Group","url":"https:\/\/www.amiblu.com\/hu\/","logo":{"@type":"ImageObject","inLanguage":"hu","@id":"https:\/\/www.amiblu.com\/hu\/#\/schema\/logo\/image\/","url":"https:\/\/www.amiblu.com\/wp-content\/uploads\/2021\/01\/Amiblu-logo-website-1.png","contentUrl":"https:\/\/www.amiblu.com\/wp-content\/uploads\/2021\/01\/Amiblu-logo-website-1.png","width":201,"height":38,"caption":"Amiblu Group"},"image":{"@id":"https:\/\/www.amiblu.com\/hu\/#\/schema\/logo\/image\/"},"sameAs":["https:\/\/www.facebook.com\/amiblupipes","https:\/\/www.youtube.com\/c\/Amiblu","https:\/\/de.wikipedia.org\/wiki\/Amiblu","https:\/\/www.linkedin.com\/company\/amiblupipes\/"]}]}},"_links":{"self":[{"href":"https:\/\/www.amiblu.com\/hu\/wp-json\/wp\/v2\/pages\/38464","targetHints":{"allow":["GET"]}}],"collection":[{"href":"https:\/\/www.amiblu.com\/hu\/wp-json\/wp\/v2\/pages"}],"about":[{"href":"https:\/\/www.amiblu.com\/hu\/wp-json\/wp\/v2\/types\/page"}],"author":[{"embeddable":true,"href":"https:\/\/www.amiblu.com\/hu\/wp-json\/wp\/v2\/users\/8"}],"replies":[{"embeddable":true,"href":"https:\/\/www.amiblu.com\/hu\/wp-json\/wp\/v2\/comments?post=38464"}],"version-history":[{"count":8,"href":"https:\/\/www.amiblu.com\/hu\/wp-json\/wp\/v2\/pages\/38464\/revisions"}],"predecessor-version":[{"id":38472,"href":"https:\/\/www.amiblu.com\/hu\/wp-json\/wp\/v2\/pages\/38464\/revisions\/38472"}],"wp:attachment":[{"href":"https:\/\/www.amiblu.com\/hu\/wp-json\/wp\/v2\/media?parent=38464"}],"curies":[{"name":"wp","href":"https:\/\/api.w.org\/{rel}","templated":true}]}}