{"id":38473,"date":"2021-07-08T14:52:34","date_gmt":"2021-07-08T12:52:34","guid":{"rendered":"https:\/\/www.amiblu.com\/?page_id=38473"},"modified":"2022-03-07T11:38:05","modified_gmt":"2022-03-07T10:38:05","slug":"adatvedelmi-iranyelvek","status":"publish","type":"page","link":"https:\/\/www.amiblu.com\/hu\/adatvedelmi-iranyelvek\/","title":{"rendered":"Adatv\u00e9delmi ir\u00e1nyelvek"},"content":{"rendered":"\n<style type=\"text\/css\" data-created_by=\"avia_inline_auto\" id=\"style-css-av-kquwsrzr-903e0d6922a2463c875f0d83edddd769\">\n#top .av-special-heading.av-kquwsrzr-903e0d6922a2463c875f0d83edddd769{\npadding-bottom:10px;\n}\nbody .av-special-heading.av-kquwsrzr-903e0d6922a2463c875f0d83edddd769 .av-special-heading-tag .heading-char{\nfont-size:25px;\n}\n.av-special-heading.av-kquwsrzr-903e0d6922a2463c875f0d83edddd769 .av-subheading{\nfont-size:15px;\n}\n<\/style>\n<div  class='av-special-heading av-kquwsrzr-903e0d6922a2463c875f0d83edddd769 av-special-heading-h1 blockquote modern-quote  avia-builder-el-0  el_before_av_textblock  avia-builder-el-first '><h1 class='av-special-heading-tag '  itemprop=\"headline\"  >Az Amiblu Csoport Adatv\u00e9delmi t\u00e1j\u00e9koztat\u00f3ja<\/h1><div class=\"special-heading-border\"><div class=\"special-heading-inner-border\"><\/div><\/div><\/div>\n<section  class='av_textblock_section av-kkxzxc1l-7f33b4d4b87faa09f279d9f27cda48f1 '   itemscope=\"itemscope\" itemtype=\"https:\/\/schema.org\/CreativeWork\" ><div class='avia_textblock'  itemprop=\"text\" ><div class=\"vc_row wpb_row section vc_row-fluid vc_inner \">\n<div class=\" full_section_inner clearfix\">\n<div class=\"wpb_column vc_column_container vc_col-sm-8\">\n<div class=\"vc_column-inner\">\n<div class=\"wpb_wrapper\">\n<div class=\"wpb_text_column wpb_content_element \">\n<div class=\"wpb_wrapper\">\n<p><strong>1. \u00c1ltal\u00e1nos inform\u00e1ci\u00f3k<\/strong><\/p>\n<p>Az \u00d6n szem\u00e9lyes adatainak v\u00e9delme kulcsfontoss\u00e1g\u00fa sz\u00e1munkra \u00e9s ez\u00e9rt kiemelt szerepet j\u00e1tszik. Ezen okb\u00f3l kifoly\u00f3lag az \u00d6n adatait kiz\u00e1r\u00f3lag a hat\u00e1lyos \u00e9s \u00e9rv\u00e9nyben l\u00e9v\u0151 Eur\u00f3pai \u00dani\u00f3s Adatv\u00e9delmi T\u00f6rv\u00e9ny \u2013 GDPR (General Data Protection) \u2013 \u00e9s az Osztr\u00e1k Adatv\u00e9delmi T\u00f6rv\u00e9ny valamint a Telekommunik\u00e1ci\u00f3s T\u00f6rv\u00e9ny el\u0151\u00edr\u00e1sainak megfelel\u0151en kezelj\u00fck. Ebben az adatv\u00e9delmi nyilatkozatban t\u00e1j\u00e9koztatjuk \u00d6nt a weboldalunk kulcsfontoss\u00e1g\u00fa adatkezel\u00e9si szempontjair\u00f3l.<\/p>\n<p><strong>2. Az \u00d6n adatai<\/strong><\/p>\n<p><strong>2.1 Adatgy\u0171jt\u00e9s \u00e9s kezel\u00e9s<\/strong><\/p>\n<p>Azon szem\u00e9lyes adatok haszn\u00e1lata, melyeket \u00d6n saj\u00e1t elhat\u00e1roz\u00e1s\u00e1b\u00f3l oszt meg vel\u00fcnk speci\u00e1lis szolg\u00e1ltat\u00e1saink \u00e9s port\u00e1ljaink haszn\u00e1lata \u00e9rdek\u00e9ben, hogy k\u00e9rd\u00e9seit, megrendel\u00e9seit vagy alkalmaz\u00e1sait, stb. tov\u00e1bb\u00edtsa annak \u00e9rdek\u00e9ben, hogy szerz\u0151d\u00e9seket k\u00e9sz\u00edts\u00fcnk el\u0151 vagy k\u00f6ss\u00fcnk meg vagy h\u00edrlevelet k\u00fcldj\u00fcnk.<\/p>\n<p><strong>2.2 Adattov\u00e1bb\u00edt\u00e1s<\/strong><\/p>\n<p>Mi csak az Amiblu Csoporton bel\u00fcl tov\u00e1bb\u00edtjuk az \u00d6n adatait, amennyiben ez az \u00d6n k\u00e9r\u00e9seinek teljes\u00edt\u00e9s\u00e9t szog\u00e1lja. A szem\u00e9lyes adataikat bizalmasan kezelj\u00fck \u00e9s nem fogjuk sem \u00e9rt\u00e9kes\u00edteni, b\u00e9rbeadni vagy harmadik f\u00e9l sz\u00e1m\u00e1ra el\u00e9rhet\u0151v\u00e9 tenni.<\/p>\n<p>Az \u00e1llami hivatalok \u00e9s hat\u00f3s\u00e1gok fel\u00e9 val\u00f3 tov\u00e1bb\u00edt\u00e1suk csak a nemzeti jogszab\u00e1lyoknak megfelel\u0151en t\u00f6rt\u00e9nhet.<\/p>\n<p><strong>3. S\u00fctik<\/strong><\/p>\n<p>Az Amiblu minden weboldala s\u00fctiket haszn\u00e1l. A s\u00fctik olyan sz\u00f6veges f\u00e1jlok, melyek az \u00d6n k\u00e9sz\u00fcl\u00e9k\u00e9n t\u00e1rol\u00f3dnak. A s\u00fctik lehet\u0151v\u00e9 teszik, hogy \u00e9szrevehess\u00fck az \u00d6n k\u00e9sz\u00fcl\u00e9k\u00e9n l\u00e9v\u0151 f\u0151bb be\u00e1ll\u00edt\u00e1sokat. P\u00e9ld\u00e1ul a nyelvi be\u00e1ll\u00edt\u00e1sokat. Az \u00d6n be\u00e1ll\u00edt\u00e1sai azonnal el\u00e9rhet\u0151v\u00e9 v\u00e1lnak \u00e9s nem kell \u00fajra be\u00e1ll\u00edtania.<\/p>\n<p>Amennyiben \u00d6n nem akarja, hogy a k\u00e9sz\u00fcl\u00e9k\u00e9t felismerj\u00fck, k\u00e9rj\u00fck hogy internet keres\u0151j\u00e9t \u00fagy \u00e1ll\u00edtsa be, hogy az \u00f6sszes s\u00fctit t\u00f6r\u00f6lje az eszk\u00f6z\u00e9r\u0151l annak \u00e9rdek\u00e9ben, hogy a s\u00fctiket blokkolja, vagy hogy figyelmeztet\u00e9st kapjon m\u00e9g a s\u00fctik ment\u00e9se el\u0151tt.<\/p>\n<p>K\u00e9rj\u00fck vegye tudom\u00e1sul, hogy a weboldalunk bizonyos funkci\u00f3i nem m\u0171k\u00f6dhetnek tov\u00e1bb vagy a megfelel\u0151 m\u00f3don a s\u00fctik n\u00e9lk\u00fcl.<\/p>\n<p><strong>4. Google Analitika<\/strong><\/p>\n<p>Ez a weboldal haszn\u00e1lja a Google Analytics-et, ami webelemz\u0151 szolg\u00e1lat\u00e1s a Google, Inc.-nek (\u201cGoogle\u201d). A Google Analytics s\u00fctiket haszn\u00e1l, melyek az \u00d6n sz\u00e1m\u00edt\u00f3g\u00e9p\u00e9n megtal\u00e1lhat\u00f3 sz\u00f6vegf\u00e1jlok, annak \u00e9rdek\u00e9ben, hogy a felhaszn\u00e1l\u00f3 szok\u00e1sait elemezze. A s\u00fctik \u00e1ltal l\u00e9trehozott inform\u00e1ci\u00f3 a weboldal haszn\u00e1lat\u00e1r\u00f3l sz\u00f3l, bele\u00e9rtve az \u00d6n IP c\u00edm\u00e9t is, tov\u00e1bb\u00edt\u00f3dnak \u00e9s t\u00e1rol\u00f3dnak a Google szerverein az Egyes\u00fclt \u00c1llamokban. A Google a weboldal haszn\u00e1lat\u00e1r\u00f3l gy\u0171jt inform\u00e1ci\u00f3t, hogy azt \u00d6n hogyan haszn\u00e1lja, hogy a weboldalon v\u00e9gzett tev\u00e9kenys\u00e9gekr\u0151l riportokat k\u00e9sz\u00edthessen a weboldal \u00fczemeltet\u0151i r\u00e9sz\u00e9re, \u00e9s hogy m\u00e1s egy\u00e9b olyan szolg\u00e1ltat\u00e1st ny\u00fajthasson ami a weboldalon v\u00e9gzett tev\u00e9kenys\u00e9g vagy az internet haszn\u00e1latnak megfeleljen. A Google ezeket az inform\u00e1ci\u00f3kat szint\u00e9n tov\u00e1bb\u00edtja harmadik f\u00e9l sz\u00e1m\u00e1ra abban az esetben, ha ezt t\u00f6rv\u00e9ny \u00edrja el\u0151 vagy ha ezeket az adatokat harmadik f\u00e9l feldolgozza a Google nev\u00e9ben. A Google nem t\u00e1rs\u00edtja az \u00d6n IP c\u00edm\u00e9t semmilyen m\u00e1s, a Google \u00e1ltal birtokolt adattal.<\/p>\n<p>\u00d6n elutas\u00edthatja a s\u00fctik haszn\u00e1lat\u00e1t a webkeres\u0151kben elv\u00e9gzett megfelel\u0151 be\u00e1ll\u00edt\u00e1ssal. K\u00e9rj\u00fck vegye figyelembe, hogy amennyiben ezt megteszi, akkor nem fogja tudni a weboldal minden funkci\u00f3j\u00e1t haszn\u00e1lni. Hozz\u00e1tessz\u00fck, hogy \u00d6n megakad\u00e1lyozhatja, hogy a weboldal haszn\u00e1lata k\u00f6zben a Google gy\u0171jtse \u00e9s tov\u00e1bb\u00edtsa az adatait, bele\u00e9rtve az IP c\u00edmet is, amennyiben let\u00f6lti \u00e9s telep\u00edti a Google Analytics Opt-out Browser Add-on-t.<\/p>\n<p>Ezen weboldal haszn\u00e1latakor hozz\u00e1j\u00e1rul ahhoz, hogy a Google \u00e1ltal az \u00d6nr\u0151l a fenti okokb\u00f3l kifoly\u00f3lag az el\u0151bbiekben ismertetett m\u00f3don gy\u0171jt\u00f6tt \u00e9s c\u00e9lokra haszn\u00e1lt adatokat gy\u0171jthesse \u00e9s haszn\u00e1lhassa. A Google Analytics haszn\u00e1lat\u00e1nak egyetlen oka az, hog az \u00d6n ig\u00e9nyeinek megfelel\u0151en hozzuk l\u00e9tre \u00e9s m\u0171k\u00f6dtess\u00fck a weboldalunkat. A Google \u00e1ltal haszn\u00e1lt technol\u00f3gia tov\u00e1bbi ismertet\u00e9se az al\u00e1bbi linken tekinthet\u0151 meg:\u00a0<a href=\"https:\/\/marketingplatform.google.com\/about\/analytics\/\" target=\"_blank\" rel=\"noopener noreferrer\">www.google.com\/analytics<\/a>.<\/p>\n<p><strong>5. H\u00edrlev\u00e9l<\/strong><\/p>\n<p>Weboldalunkon kereszt\u00fcl \u00d6nnek lehet\u0151s\u00e9ge van feliratkozni h\u00edrlevel\u00fcnkre. Ehhez sz\u00fcks\u00e9g\u00fcnk van az \u00d6n nev\u00e9re, e-mail c\u00edm\u00e9re, a munkahelye megnevez\u00e9s\u00e9re, annak az orsz\u00e1gnak a nev\u00e9re, ahol \u00e9l, \u00e9s hogy hozz\u00e1j\u00e1ruljon a szem\u00e9lyes adatai kezel\u00e9s\u00e9hez valamint a h\u00edrlev\u00e9lnek az \u00d6n r\u00e9sz\u00e9re t\u00f6rt\u00e9n\u0151 k\u00fcld\u00e9s\u00e9hez.<\/p>\n<p>\u00d6n b\u00e1rmikor leiratkozhat a h\u00edrlev\u00e9lr\u0151l vagy megv\u00e1ltoztathatja a hozz\u00e1j\u00e1rul\u00e1s\u00e1t k\u00fcl\u00f6n \u00e9rtes\u00edt\u00e9s n\u00e9lk\u00fcl a fi\u00f3kj\u00e1ban vagy az info@amiblu.com c\u00edmre k\u00fcld\u00f6tt e-maillel. Azonnal t\u00f6r\u00f6lj\u00fck a h\u00edrlev\u00e9lre val\u00f3 feliratkoz\u00e1skor megadott adatait.<\/p>\n<p><strong>6. Az \u00d6n jogai<\/strong><\/p>\n<p>\u00d6nnek jog\u00e1ban \u00e1ll lek\u00e9rni az Amiblu-t\u00f3l az \u00e1ltalunk t\u00e1rolt szem\u00e9lyes adatait. Tov\u00e1bb\u00e1 joga van az adatokat megv\u00e1ltoztatni, t\u00f6r\u00f6lni, korl\u00e1tozni, megtiltani a felhaszn\u00e1l\u00e1s\u00e1t, vagy hogy \u00d6nnek illetve \u00d6n \u00e1ltal megnevezett harmadik szem\u00e9lynek a t\u00e1rolt adatokat tov\u00e1bb\u00edtsuk a megfelel\u0151 form\u00e1ban.<\/p>\n<p>Ha a k\u00e9r\u00e9se nem volt vagy lesz teljes\u00edtve a k\u00e9r\u00e9s be\u00e9rkez\u00e9s\u00e9t\u0151l sz\u00e1m\u00edtott egy h\u00f3napon bel\u00fcl, \u00d6nnek joga van panasszal \u00e9lni a fel\u00fcgyeleti szervn\u00e9l. A fel\u00fcgyel\u0151 hat\u00f3s\u00e1g az Osztr\u00e1k Adatv\u00e9delmi Hat\u00f3s\u00e1g B\u00e9csben \u2013 Austrian Data Protection Authority Vienna.<\/p>\n<p><strong>7. Az \u00d6n k\u00e9rd\u00e9sei<\/strong><\/p>\n<p>B\u00e1rmely, az adatkezel\u00e9ssel kapcsolatos k\u00e9rd\u00e9ssel vagy a fent ismertetett jogokkal \u00f6sszef\u00fcgg\u0151 k\u00e9r\u00e9st illet\u0151en k\u00e9rem forduljon az Amiblu adatv\u00e9delmi koordin\u00e1tor\u00e1hoz az al\u00e1bbiak szerint:<\/p>\n<p>Amiblu Holding GmbH<strong><br \/>\n<\/strong>Data Protection Coordinator<\/p>\n<p>Sterneckstra\u00dfe 19<br \/>\n9020 Klagenfurt am W\u00f6rthersee<br \/>\nAustria<\/p>\n<p><img decoding=\"async\" class=\"alignnone size-full wp-image-44826\" src=\"https:\/\/www.amiblu.com\/wp-content\/uploads\/privacy@amiblu.com-address.png\" alt=\"privacy@amiblu.com\" width=\"124\" height=\"16\" \/><\/p>\n<p>K\u00e9rj\u00fck, hogy adja meg az el\u00e9rhet\u0151s\u00e9g\u00e9t, a weboldal nev\u00e9t, a szolg\u00e1ltat\u00e1st \u00e9s k\u00e9r\u00e9s\u00e9nek vagy k\u00e9rd\u00e9s\u00e9nek r\u00e9szletes le\u00edr\u00e1s\u00e1t, vagy kifog\u00e1s\u00e1t az adatkezel\u00e9ssel kapcsolatban.<\/p>\n<p>Meg\u00e9rt\u00e9s\u00e9t k\u00e9rj\u00fck, ami\u00e9rt az \u00d6n jogosulatlan harmadik f\u00e9llel szembeni v\u00e9delme \u00e9rdek\u00e9ben csak \u00edr\u00e1sban tudjuk kezelni az ilyen jelleg\u0171 megkeres\u00e9seket, kifog\u00e1sokat, panaszokat az \u00d6n \u00e1ltal megjel\u00f6lt postai c\u00edmre k\u00fcldve v\u00e1laszunkat.<\/p>\n<p><strong>8. V\u00e1ltoz\u00e1sok az adatv\u00e9delmi ir\u00e1nyelvekben<\/strong><\/p>\n<p>Ezeket az adatv\u00e9delmi ir\u00e1nyelvet id\u0151r\u0151l-id\u0151re fel\u00fclvizsg\u00e1ljuk, friss\u00edtj\u00fck. Ez\u00e9rt azt javasoljuk, hogy rendszeresen ellen\u0151rize az adatv\u00e9delmi ir\u00e1nyelveket.<\/p>\n<\/div>\n<\/div>\n<\/div>\n<\/div>\n<\/div>\n<div class=\"wpb_column vc_column_container vc_col-sm-2\">\n<div class=\"vc_column-inner\">\n<div class=\"wpb_wrapper\"><\/div>\n<\/div>\n<\/div>\n<\/div>\n<\/div>\n<\/div><\/section>\n","protected":false},"excerpt":{"rendered":"","protected":false},"author":8,"featured_media":0,"parent":0,"menu_order":210,"comment_status":"closed","ping_status":"closed","template":"","meta":{"_acf_changed":false,"footnotes":""},"class_list":["post-38473","page","type-page","status-publish","hentry"],"acf":[],"yoast_head":"<!-- This site is optimized with the Yoast SEO Premium plugin v27.3 (Yoast SEO v27.4) - https:\/\/yoast.com\/product\/yoast-seo-premium-wordpress\/ -->\n<title>Adatv\u00e9delmi ir\u00e1nyelvek<\/title>\n<meta name=\"description\" content=\"Ebben az adatv\u00e9delmi nyilatkozatban t\u00e1j\u00e9koztatjuk \u00d6nt a weboldalunk kulcsfontoss\u00e1g\u00fa adatkezel\u00e9si szempontjair\u00f3l.\" \/>\n<meta name=\"robots\" content=\"index, follow, max-snippet:-1, max-image-preview:large, max-video-preview:-1\" \/>\n<link rel=\"canonical\" href=\"https:\/\/www.amiblu.com\/hu\/adatvedelmi-iranyelvek\/\" \/>\n<meta property=\"og:locale\" content=\"hu_HU\" \/>\n<meta property=\"og:type\" content=\"article\" \/>\n<meta property=\"og:title\" content=\"Adatv\u00e9delmi ir\u00e1nyelvek\" \/>\n<meta property=\"og:description\" content=\"Ebben az adatv\u00e9delmi nyilatkozatban t\u00e1j\u00e9koztatjuk \u00d6nt a weboldalunk kulcsfontoss\u00e1g\u00fa adatkezel\u00e9si szempontjair\u00f3l.\" \/>\n<meta property=\"og:url\" content=\"https:\/\/www.amiblu.com\/hu\/adatvedelmi-iranyelvek\/\" \/>\n<meta property=\"og:site_name\" content=\"Amiblu\" \/>\n<meta property=\"article:publisher\" content=\"https:\/\/www.facebook.com\/amiblupipes\" \/>\n<meta property=\"article:modified_time\" content=\"2022-03-07T10:38:05+00:00\" \/>\n<meta property=\"og:image\" content=\"https:\/\/www.amiblu.com\/wp-content\/uploads\/privacy@amiblu.com-address.png\" \/>\n<meta name=\"twitter:card\" content=\"summary_large_image\" \/>\n<meta name=\"twitter:label1\" content=\"Becs\u00fclt olvas\u00e1si id\u0151\" \/>\n\t<meta name=\"twitter:data1\" content=\"4 perc\" \/>\n<script type=\"application\/ld+json\" class=\"yoast-schema-graph\">{\"@context\":\"https:\\\/\\\/schema.org\",\"@graph\":[{\"@type\":\"WebPage\",\"@id\":\"https:\\\/\\\/www.amiblu.com\\\/hu\\\/adatvedelmi-iranyelvek\\\/\",\"url\":\"https:\\\/\\\/www.amiblu.com\\\/hu\\\/adatvedelmi-iranyelvek\\\/\",\"name\":\"Adatv\u00e9delmi ir\u00e1nyelvek\",\"isPartOf\":{\"@id\":\"https:\\\/\\\/www.amiblu.com\\\/hu\\\/#website\"},\"primaryImageOfPage\":{\"@id\":\"https:\\\/\\\/www.amiblu.com\\\/hu\\\/adatvedelmi-iranyelvek\\\/#primaryimage\"},\"image\":{\"@id\":\"https:\\\/\\\/www.amiblu.com\\\/hu\\\/adatvedelmi-iranyelvek\\\/#primaryimage\"},\"thumbnailUrl\":\"https:\\\/\\\/www.amiblu.com\\\/wp-content\\\/uploads\\\/privacy@amiblu.com-address.png\",\"datePublished\":\"2021-07-08T12:52:34+00:00\",\"dateModified\":\"2022-03-07T10:38:05+00:00\",\"description\":\"Ebben az adatv\u00e9delmi nyilatkozatban t\u00e1j\u00e9koztatjuk \u00d6nt a weboldalunk kulcsfontoss\u00e1g\u00fa adatkezel\u00e9si szempontjair\u00f3l.\",\"inLanguage\":\"hu\",\"potentialAction\":[{\"@type\":\"ReadAction\",\"target\":[\"https:\\\/\\\/www.amiblu.com\\\/hu\\\/adatvedelmi-iranyelvek\\\/\"]}]},{\"@type\":\"ImageObject\",\"inLanguage\":\"hu\",\"@id\":\"https:\\\/\\\/www.amiblu.com\\\/hu\\\/adatvedelmi-iranyelvek\\\/#primaryimage\",\"url\":\"https:\\\/\\\/www.amiblu.com\\\/wp-content\\\/uploads\\\/privacy@amiblu.com-address.png\",\"contentUrl\":\"https:\\\/\\\/www.amiblu.com\\\/wp-content\\\/uploads\\\/privacy@amiblu.com-address.png\"},{\"@type\":\"WebSite\",\"@id\":\"https:\\\/\\\/www.amiblu.com\\\/hu\\\/#website\",\"url\":\"https:\\\/\\\/www.amiblu.com\\\/hu\\\/\",\"name\":\"Amiblu\",\"description\":\"GFK-Rohrsysteme f\u00fcr Generationen\",\"publisher\":{\"@id\":\"https:\\\/\\\/www.amiblu.com\\\/hu\\\/#organization\"},\"potentialAction\":[{\"@type\":\"SearchAction\",\"target\":{\"@type\":\"EntryPoint\",\"urlTemplate\":\"https:\\\/\\\/www.amiblu.com\\\/hu\\\/?s={search_term_string}\"},\"query-input\":{\"@type\":\"PropertyValueSpecification\",\"valueRequired\":true,\"valueName\":\"search_term_string\"}}],\"inLanguage\":\"hu\"},{\"@type\":\"Organization\",\"@id\":\"https:\\\/\\\/www.amiblu.com\\\/hu\\\/#organization\",\"name\":\"Amiblu Group\",\"url\":\"https:\\\/\\\/www.amiblu.com\\\/hu\\\/\",\"logo\":{\"@type\":\"ImageObject\",\"inLanguage\":\"hu\",\"@id\":\"https:\\\/\\\/www.amiblu.com\\\/hu\\\/#\\\/schema\\\/logo\\\/image\\\/\",\"url\":\"https:\\\/\\\/www.amiblu.com\\\/wp-content\\\/uploads\\\/2021\\\/01\\\/Amiblu-logo-website-1.png\",\"contentUrl\":\"https:\\\/\\\/www.amiblu.com\\\/wp-content\\\/uploads\\\/2021\\\/01\\\/Amiblu-logo-website-1.png\",\"width\":201,\"height\":38,\"caption\":\"Amiblu Group\"},\"image\":{\"@id\":\"https:\\\/\\\/www.amiblu.com\\\/hu\\\/#\\\/schema\\\/logo\\\/image\\\/\"},\"sameAs\":[\"https:\\\/\\\/www.facebook.com\\\/amiblupipes\",\"https:\\\/\\\/www.youtube.com\\\/c\\\/Amiblu\",\"https:\\\/\\\/de.wikipedia.org\\\/wiki\\\/Amiblu\",\"https:\\\/\\\/www.linkedin.com\\\/company\\\/amiblupipes\\\/\"]}]}<\/script>\n<!-- \/ Yoast SEO Premium plugin. -->","yoast_head_json":{"title":"Adatv\u00e9delmi ir\u00e1nyelvek","description":"Ebben az adatv\u00e9delmi nyilatkozatban t\u00e1j\u00e9koztatjuk \u00d6nt a weboldalunk kulcsfontoss\u00e1g\u00fa adatkezel\u00e9si szempontjair\u00f3l.","robots":{"index":"index","follow":"follow","max-snippet":"max-snippet:-1","max-image-preview":"max-image-preview:large","max-video-preview":"max-video-preview:-1"},"canonical":"https:\/\/www.amiblu.com\/hu\/adatvedelmi-iranyelvek\/","og_locale":"hu_HU","og_type":"article","og_title":"Adatv\u00e9delmi ir\u00e1nyelvek","og_description":"Ebben az adatv\u00e9delmi nyilatkozatban t\u00e1j\u00e9koztatjuk \u00d6nt a weboldalunk kulcsfontoss\u00e1g\u00fa adatkezel\u00e9si szempontjair\u00f3l.","og_url":"https:\/\/www.amiblu.com\/hu\/adatvedelmi-iranyelvek\/","og_site_name":"Amiblu","article_publisher":"https:\/\/www.facebook.com\/amiblupipes","article_modified_time":"2022-03-07T10:38:05+00:00","og_image":[{"url":"https:\/\/www.amiblu.com\/wp-content\/uploads\/privacy@amiblu.com-address.png","type":"","width":"","height":""}],"twitter_card":"summary_large_image","twitter_misc":{"Becs\u00fclt olvas\u00e1si id\u0151":"4 perc"},"schema":{"@context":"https:\/\/schema.org","@graph":[{"@type":"WebPage","@id":"https:\/\/www.amiblu.com\/hu\/adatvedelmi-iranyelvek\/","url":"https:\/\/www.amiblu.com\/hu\/adatvedelmi-iranyelvek\/","name":"Adatv\u00e9delmi ir\u00e1nyelvek","isPartOf":{"@id":"https:\/\/www.amiblu.com\/hu\/#website"},"primaryImageOfPage":{"@id":"https:\/\/www.amiblu.com\/hu\/adatvedelmi-iranyelvek\/#primaryimage"},"image":{"@id":"https:\/\/www.amiblu.com\/hu\/adatvedelmi-iranyelvek\/#primaryimage"},"thumbnailUrl":"https:\/\/www.amiblu.com\/wp-content\/uploads\/privacy@amiblu.com-address.png","datePublished":"2021-07-08T12:52:34+00:00","dateModified":"2022-03-07T10:38:05+00:00","description":"Ebben az adatv\u00e9delmi nyilatkozatban t\u00e1j\u00e9koztatjuk \u00d6nt a weboldalunk kulcsfontoss\u00e1g\u00fa adatkezel\u00e9si szempontjair\u00f3l.","inLanguage":"hu","potentialAction":[{"@type":"ReadAction","target":["https:\/\/www.amiblu.com\/hu\/adatvedelmi-iranyelvek\/"]}]},{"@type":"ImageObject","inLanguage":"hu","@id":"https:\/\/www.amiblu.com\/hu\/adatvedelmi-iranyelvek\/#primaryimage","url":"https:\/\/www.amiblu.com\/wp-content\/uploads\/privacy@amiblu.com-address.png","contentUrl":"https:\/\/www.amiblu.com\/wp-content\/uploads\/privacy@amiblu.com-address.png"},{"@type":"WebSite","@id":"https:\/\/www.amiblu.com\/hu\/#website","url":"https:\/\/www.amiblu.com\/hu\/","name":"Amiblu","description":"GFK-Rohrsysteme f\u00fcr Generationen","publisher":{"@id":"https:\/\/www.amiblu.com\/hu\/#organization"},"potentialAction":[{"@type":"SearchAction","target":{"@type":"EntryPoint","urlTemplate":"https:\/\/www.amiblu.com\/hu\/?s={search_term_string}"},"query-input":{"@type":"PropertyValueSpecification","valueRequired":true,"valueName":"search_term_string"}}],"inLanguage":"hu"},{"@type":"Organization","@id":"https:\/\/www.amiblu.com\/hu\/#organization","name":"Amiblu Group","url":"https:\/\/www.amiblu.com\/hu\/","logo":{"@type":"ImageObject","inLanguage":"hu","@id":"https:\/\/www.amiblu.com\/hu\/#\/schema\/logo\/image\/","url":"https:\/\/www.amiblu.com\/wp-content\/uploads\/2021\/01\/Amiblu-logo-website-1.png","contentUrl":"https:\/\/www.amiblu.com\/wp-content\/uploads\/2021\/01\/Amiblu-logo-website-1.png","width":201,"height":38,"caption":"Amiblu Group"},"image":{"@id":"https:\/\/www.amiblu.com\/hu\/#\/schema\/logo\/image\/"},"sameAs":["https:\/\/www.facebook.com\/amiblupipes","https:\/\/www.youtube.com\/c\/Amiblu","https:\/\/de.wikipedia.org\/wiki\/Amiblu","https:\/\/www.linkedin.com\/company\/amiblupipes\/"]}]}},"_links":{"self":[{"href":"https:\/\/www.amiblu.com\/hu\/wp-json\/wp\/v2\/pages\/38473","targetHints":{"allow":["GET"]}}],"collection":[{"href":"https:\/\/www.amiblu.com\/hu\/wp-json\/wp\/v2\/pages"}],"about":[{"href":"https:\/\/www.amiblu.com\/hu\/wp-json\/wp\/v2\/types\/page"}],"author":[{"embeddable":true,"href":"https:\/\/www.amiblu.com\/hu\/wp-json\/wp\/v2\/users\/8"}],"replies":[{"embeddable":true,"href":"https:\/\/www.amiblu.com\/hu\/wp-json\/wp\/v2\/comments?post=38473"}],"version-history":[{"count":12,"href":"https:\/\/www.amiblu.com\/hu\/wp-json\/wp\/v2\/pages\/38473\/revisions"}],"predecessor-version":[{"id":44883,"href":"https:\/\/www.amiblu.com\/hu\/wp-json\/wp\/v2\/pages\/38473\/revisions\/44883"}],"wp:attachment":[{"href":"https:\/\/www.amiblu.com\/hu\/wp-json\/wp\/v2\/media?parent=38473"}],"curies":[{"name":"wp","href":"https:\/\/api.w.org\/{rel}","templated":true}]}}