{"id":49158,"date":"2022-05-30T09:47:12","date_gmt":"2022-05-30T07:47:12","guid":{"rendered":"https:\/\/www.amiblu.com\/?page_id=49158"},"modified":"2022-05-30T09:47:18","modified_gmt":"2022-05-30T07:47:18","slug":"referencia-adatbazis","status":"publish","type":"page","link":"https:\/\/www.amiblu.com\/hu\/referencia-adatbazis\/","title":{"rendered":"Referencia adatb\u00e1zis"},"content":{"rendered":"\n","protected":false},"excerpt":{"rendered":"","protected":false},"author":8,"featured_media":47362,"parent":0,"menu_order":65,"comment_status":"closed","ping_status":"closed","template":"","meta":{"_acf_changed":false,"footnotes":""},"class_list":["post-49158","page","type-page","status-publish","has-post-thumbnail","hentry"],"acf":[],"yoast_head":"<!-- This site is optimized with the Yoast SEO Premium plugin v27.4 (Yoast SEO v27.4) - https:\/\/yoast.com\/product\/yoast-seo-premium-wordpress\/ -->\n<title>Referencia adatb\u00e1zis - Amiblu<\/title>\n<meta name=\"description\" content=\"L\u00e1tv\u00e1nyos \u00e9s technikailag kih\u00edv\u00e1st jelent\u0151 projektekb\u0151l, amelyeket az Amiblu GRP technol\u00f3gi\u00e1ival val\u00f3s\u00edtottunk meg.\" \/>\n<meta name=\"robots\" content=\"index, follow, max-snippet:-1, max-image-preview:large, max-video-preview:-1\" \/>\n<link rel=\"canonical\" href=\"https:\/\/www.amiblu.com\/hu\/referencia-adatbazis\/\" \/>\n<meta property=\"og:locale\" content=\"hu_HU\" \/>\n<meta property=\"og:type\" content=\"article\" \/>\n<meta property=\"og:title\" content=\"Referencia adatb\u00e1zis\" \/>\n<meta property=\"og:description\" content=\"L\u00e1tv\u00e1nyos \u00e9s technikailag kih\u00edv\u00e1st jelent\u0151 projektekb\u0151l, amelyeket az Amiblu GRP technol\u00f3gi\u00e1ival val\u00f3s\u00edtottunk meg.\" \/>\n<meta property=\"og:url\" content=\"https:\/\/www.amiblu.com\/hu\/referencia-adatbazis\/\" \/>\n<meta property=\"og:site_name\" content=\"Amiblu\" \/>\n<meta property=\"article:publisher\" content=\"https:\/\/www.facebook.com\/amiblupipes\" \/>\n<meta property=\"article:modified_time\" content=\"2022-05-30T07:47:18+00:00\" \/>\n<meta property=\"og:image\" content=\"https:\/\/www.amiblu.com\/wp-content\/uploads\/Amiblu-Reference-Database-platform.jpg\" \/>\n\t<meta property=\"og:image:width\" content=\"960\" \/>\n\t<meta property=\"og:image:height\" content=\"543\" \/>\n\t<meta property=\"og:image:type\" content=\"image\/jpeg\" \/>\n<meta name=\"twitter:card\" content=\"summary_large_image\" \/>\n<meta name=\"twitter:label1\" content=\"Becs\u00fclt olvas\u00e1si id\u0151\" \/>\n\t<meta name=\"twitter:data1\" content=\"1 perc\" \/>\n<script type=\"application\/ld+json\" class=\"yoast-schema-graph\">{\"@context\":\"https:\\\/\\\/schema.org\",\"@graph\":[{\"@type\":\"WebPage\",\"@id\":\"https:\\\/\\\/www.amiblu.com\\\/hu\\\/referencia-adatbazis\\\/\",\"url\":\"https:\\\/\\\/www.amiblu.com\\\/hu\\\/referencia-adatbazis\\\/\",\"name\":\"Referencia adatb\u00e1zis - Amiblu\",\"isPartOf\":{\"@id\":\"https:\\\/\\\/www.amiblu.com\\\/hu\\\/#website\"},\"primaryImageOfPage\":{\"@id\":\"https:\\\/\\\/www.amiblu.com\\\/hu\\\/referencia-adatbazis\\\/#primaryimage\"},\"image\":{\"@id\":\"https:\\\/\\\/www.amiblu.com\\\/hu\\\/referencia-adatbazis\\\/#primaryimage\"},\"thumbnailUrl\":\"https:\\\/\\\/www.amiblu.com\\\/wp-content\\\/uploads\\\/Amiblu-Reference-Database-platform.jpg\",\"datePublished\":\"2022-05-30T07:47:12+00:00\",\"dateModified\":\"2022-05-30T07:47:18+00:00\",\"description\":\"L\u00e1tv\u00e1nyos \u00e9s technikailag kih\u00edv\u00e1st jelent\u0151 projektekb\u0151l, amelyeket az Amiblu GRP technol\u00f3gi\u00e1ival val\u00f3s\u00edtottunk meg.\",\"inLanguage\":\"hu\",\"potentialAction\":[{\"@type\":\"ReadAction\",\"target\":[\"https:\\\/\\\/www.amiblu.com\\\/hu\\\/referencia-adatbazis\\\/\"]}]},{\"@type\":\"ImageObject\",\"inLanguage\":\"hu\",\"@id\":\"https:\\\/\\\/www.amiblu.com\\\/hu\\\/referencia-adatbazis\\\/#primaryimage\",\"url\":\"https:\\\/\\\/www.amiblu.com\\\/wp-content\\\/uploads\\\/Amiblu-Reference-Database-platform.jpg\",\"contentUrl\":\"https:\\\/\\\/www.amiblu.com\\\/wp-content\\\/uploads\\\/Amiblu-Reference-Database-platform.jpg\",\"width\":960,\"height\":543,\"caption\":\"Amiblu reference database platform\"},{\"@type\":\"WebSite\",\"@id\":\"https:\\\/\\\/www.amiblu.com\\\/hu\\\/#website\",\"url\":\"https:\\\/\\\/www.amiblu.com\\\/hu\\\/\",\"name\":\"Amiblu\",\"description\":\"GFK-Rohrsysteme f\u00fcr Generationen\",\"publisher\":{\"@id\":\"https:\\\/\\\/www.amiblu.com\\\/hu\\\/#organization\"},\"potentialAction\":[{\"@type\":\"SearchAction\",\"target\":{\"@type\":\"EntryPoint\",\"urlTemplate\":\"https:\\\/\\\/www.amiblu.com\\\/hu\\\/?s={search_term_string}\"},\"query-input\":{\"@type\":\"PropertyValueSpecification\",\"valueRequired\":true,\"valueName\":\"search_term_string\"}}],\"inLanguage\":\"hu\"},{\"@type\":\"Organization\",\"@id\":\"https:\\\/\\\/www.amiblu.com\\\/hu\\\/#organization\",\"name\":\"Amiblu Group\",\"url\":\"https:\\\/\\\/www.amiblu.com\\\/hu\\\/\",\"logo\":{\"@type\":\"ImageObject\",\"inLanguage\":\"hu\",\"@id\":\"https:\\\/\\\/www.amiblu.com\\\/hu\\\/#\\\/schema\\\/logo\\\/image\\\/\",\"url\":\"https:\\\/\\\/www.amiblu.com\\\/wp-content\\\/uploads\\\/2021\\\/01\\\/Amiblu-logo-website-1.png\",\"contentUrl\":\"https:\\\/\\\/www.amiblu.com\\\/wp-content\\\/uploads\\\/2021\\\/01\\\/Amiblu-logo-website-1.png\",\"width\":201,\"height\":38,\"caption\":\"Amiblu Group\"},\"image\":{\"@id\":\"https:\\\/\\\/www.amiblu.com\\\/hu\\\/#\\\/schema\\\/logo\\\/image\\\/\"},\"sameAs\":[\"https:\\\/\\\/www.facebook.com\\\/amiblupipes\",\"https:\\\/\\\/www.youtube.com\\\/c\\\/Amiblu\",\"https:\\\/\\\/de.wikipedia.org\\\/wiki\\\/Amiblu\",\"https:\\\/\\\/www.linkedin.com\\\/company\\\/amiblupipes\\\/\"]}]}<\/script>\n<!-- \/ Yoast SEO Premium plugin. -->","yoast_head_json":{"title":"Referencia adatb\u00e1zis - Amiblu","description":"L\u00e1tv\u00e1nyos \u00e9s technikailag kih\u00edv\u00e1st jelent\u0151 projektekb\u0151l, amelyeket az Amiblu GRP technol\u00f3gi\u00e1ival val\u00f3s\u00edtottunk meg.","robots":{"index":"index","follow":"follow","max-snippet":"max-snippet:-1","max-image-preview":"max-image-preview:large","max-video-preview":"max-video-preview:-1"},"canonical":"https:\/\/www.amiblu.com\/hu\/referencia-adatbazis\/","og_locale":"hu_HU","og_type":"article","og_title":"Referencia adatb\u00e1zis","og_description":"L\u00e1tv\u00e1nyos \u00e9s technikailag kih\u00edv\u00e1st jelent\u0151 projektekb\u0151l, amelyeket az Amiblu GRP technol\u00f3gi\u00e1ival val\u00f3s\u00edtottunk meg.","og_url":"https:\/\/www.amiblu.com\/hu\/referencia-adatbazis\/","og_site_name":"Amiblu","article_publisher":"https:\/\/www.facebook.com\/amiblupipes","article_modified_time":"2022-05-30T07:47:18+00:00","og_image":[{"width":960,"height":543,"url":"https:\/\/www.amiblu.com\/wp-content\/uploads\/Amiblu-Reference-Database-platform.jpg","type":"image\/jpeg"}],"twitter_card":"summary_large_image","twitter_misc":{"Becs\u00fclt olvas\u00e1si id\u0151":"1 perc"},"schema":{"@context":"https:\/\/schema.org","@graph":[{"@type":"WebPage","@id":"https:\/\/www.amiblu.com\/hu\/referencia-adatbazis\/","url":"https:\/\/www.amiblu.com\/hu\/referencia-adatbazis\/","name":"Referencia adatb\u00e1zis - Amiblu","isPartOf":{"@id":"https:\/\/www.amiblu.com\/hu\/#website"},"primaryImageOfPage":{"@id":"https:\/\/www.amiblu.com\/hu\/referencia-adatbazis\/#primaryimage"},"image":{"@id":"https:\/\/www.amiblu.com\/hu\/referencia-adatbazis\/#primaryimage"},"thumbnailUrl":"https:\/\/www.amiblu.com\/wp-content\/uploads\/Amiblu-Reference-Database-platform.jpg","datePublished":"2022-05-30T07:47:12+00:00","dateModified":"2022-05-30T07:47:18+00:00","description":"L\u00e1tv\u00e1nyos \u00e9s technikailag kih\u00edv\u00e1st jelent\u0151 projektekb\u0151l, amelyeket az Amiblu GRP technol\u00f3gi\u00e1ival val\u00f3s\u00edtottunk meg.","inLanguage":"hu","potentialAction":[{"@type":"ReadAction","target":["https:\/\/www.amiblu.com\/hu\/referencia-adatbazis\/"]}]},{"@type":"ImageObject","inLanguage":"hu","@id":"https:\/\/www.amiblu.com\/hu\/referencia-adatbazis\/#primaryimage","url":"https:\/\/www.amiblu.com\/wp-content\/uploads\/Amiblu-Reference-Database-platform.jpg","contentUrl":"https:\/\/www.amiblu.com\/wp-content\/uploads\/Amiblu-Reference-Database-platform.jpg","width":960,"height":543,"caption":"Amiblu reference database platform"},{"@type":"WebSite","@id":"https:\/\/www.amiblu.com\/hu\/#website","url":"https:\/\/www.amiblu.com\/hu\/","name":"Amiblu","description":"GFK-Rohrsysteme f\u00fcr Generationen","publisher":{"@id":"https:\/\/www.amiblu.com\/hu\/#organization"},"potentialAction":[{"@type":"SearchAction","target":{"@type":"EntryPoint","urlTemplate":"https:\/\/www.amiblu.com\/hu\/?s={search_term_string}"},"query-input":{"@type":"PropertyValueSpecification","valueRequired":true,"valueName":"search_term_string"}}],"inLanguage":"hu"},{"@type":"Organization","@id":"https:\/\/www.amiblu.com\/hu\/#organization","name":"Amiblu Group","url":"https:\/\/www.amiblu.com\/hu\/","logo":{"@type":"ImageObject","inLanguage":"hu","@id":"https:\/\/www.amiblu.com\/hu\/#\/schema\/logo\/image\/","url":"https:\/\/www.amiblu.com\/wp-content\/uploads\/2021\/01\/Amiblu-logo-website-1.png","contentUrl":"https:\/\/www.amiblu.com\/wp-content\/uploads\/2021\/01\/Amiblu-logo-website-1.png","width":201,"height":38,"caption":"Amiblu Group"},"image":{"@id":"https:\/\/www.amiblu.com\/hu\/#\/schema\/logo\/image\/"},"sameAs":["https:\/\/www.facebook.com\/amiblupipes","https:\/\/www.youtube.com\/c\/Amiblu","https:\/\/de.wikipedia.org\/wiki\/Amiblu","https:\/\/www.linkedin.com\/company\/amiblupipes\/"]}]}},"_links":{"self":[{"href":"https:\/\/www.amiblu.com\/hu\/wp-json\/wp\/v2\/pages\/49158","targetHints":{"allow":["GET"]}}],"collection":[{"href":"https:\/\/www.amiblu.com\/hu\/wp-json\/wp\/v2\/pages"}],"about":[{"href":"https:\/\/www.amiblu.com\/hu\/wp-json\/wp\/v2\/types\/page"}],"author":[{"embeddable":true,"href":"https:\/\/www.amiblu.com\/hu\/wp-json\/wp\/v2\/users\/8"}],"replies":[{"embeddable":true,"href":"https:\/\/www.amiblu.com\/hu\/wp-json\/wp\/v2\/comments?post=49158"}],"version-history":[{"count":2,"href":"https:\/\/www.amiblu.com\/hu\/wp-json\/wp\/v2\/pages\/49158\/revisions"}],"predecessor-version":[{"id":49160,"href":"https:\/\/www.amiblu.com\/hu\/wp-json\/wp\/v2\/pages\/49158\/revisions\/49160"}],"wp:featuredmedia":[{"embeddable":true,"href":"https:\/\/www.amiblu.com\/hu\/wp-json\/wp\/v2\/media\/47362"}],"wp:attachment":[{"href":"https:\/\/www.amiblu.com\/hu\/wp-json\/wp\/v2\/media?parent=49158"}],"curies":[{"name":"wp","href":"https:\/\/api.w.org\/{rel}","templated":true}]}}