{"id":37950,"date":"2021-07-06T15:22:43","date_gmt":"2021-07-06T13:22:43","guid":{"rendered":"https:\/\/www.amiblu.com\/?page_id=37950"},"modified":"2022-02-10T11:06:40","modified_gmt":"2022-02-10T10:06:40","slug":"note-legali","status":"publish","type":"page","link":"https:\/\/www.amiblu.com\/it\/note-legali\/","title":{"rendered":"Note legali"},"content":{"rendered":"\n<style type=\"text\/css\" data-created_by=\"avia_inline_auto\" id=\"style-css-av-kqs2yr3e-754bc35ee116795cba77fc2f0b78557e\">\n#top .av-special-heading.av-kqs2yr3e-754bc35ee116795cba77fc2f0b78557e{\npadding-bottom:10px;\n}\nbody .av-special-heading.av-kqs2yr3e-754bc35ee116795cba77fc2f0b78557e .av-special-heading-tag .heading-char{\nfont-size:25px;\n}\n.av-special-heading.av-kqs2yr3e-754bc35ee116795cba77fc2f0b78557e .av-subheading{\nfont-size:15px;\n}\n<\/style>\n<div  class='av-special-heading av-kqs2yr3e-754bc35ee116795cba77fc2f0b78557e av-special-heading-h1 blockquote modern-quote  avia-builder-el-0  el_before_av_textblock  avia-builder-el-first '><h1 class='av-special-heading-tag '  itemprop=\"headline\"  >Colophon<\/h1><div class=\"special-heading-border\"><div class=\"special-heading-inner-border\"><\/div><\/div><\/div>\n<section  class='av_textblock_section av-kkxz0h4p-358fa2509075fbbd14f15a08561f9a3a '   itemscope=\"itemscope\" itemtype=\"https:\/\/schema.org\/CreativeWork\" ><div class='avia_textblock'  itemprop=\"text\" ><p><strong>Amiblu Holding GmbH<\/strong><br \/>\nSterneckstra\u00dfe 19<br \/>\n9020 Klagenfurt<br \/>\nAustria<\/p>\n<p>+43.463.48 24 24<br \/>\n<a href=\"mailto:info@amiblu.com\">info@amiblu.com<\/a><\/p>\n<p>Numero di registrazione dell\u2019impresa: FN 105310 v<br \/>\nTribunale: Landesgericht Klagenfurt<br \/>\nPartita I.V.A. n: ATU25771304<\/p>\n<p>Amiblu Holding GmbH \u00e8 iscritta alla Camera di commercio austriaca in conformit\u00e0 alle disposizioni delle leggi in materia. L\u2019appartenenza ai diversi organi della Camera di commercio sono elencate nel sito ufficiale\u00a0 <a href=\"https:\/\/firmen.wko.at\/Web\/DetailsKontakt.aspx?FirmaID=e546ad47-e808-4dd4-b150-fb0d6599b9c9&amp;StandortID=0&amp;Suchbegriff=amiblu&amp;Page=1\" target=\"_blank\" rel=\"noopener noreferrer\">https:\/\/firmen.wko.at\/<\/a>.<\/p>\n<p>Questo colophon vale anche per i seguenti profili sui social media:<\/p>\n<ul>\n<li style=\"list-style-type: none;\">\n<ul>\n<li><a href=\"http:\/\/www.facebook.com\/amiblupipes\" target=\"_blank\" rel=\"noopener noreferrer\">www.facebook.com\/amiblupipes<\/a><\/li>\n<li><a href=\"http:\/\/www.twitter.com\/Amiblupipes\" target=\"_blank\" rel=\"noopener noreferrer\">www.twitter.com\/Amiblupipes<\/a><\/li>\n<li><a href=\"https:\/\/www.linkedin.com\/company\/amiblupipes\/\" target=\"_blank\" rel=\"noopener noreferrer\">www.linkedin.com\/company\/amiblupipes<\/a><\/li>\n<li><a href=\"https:\/\/www.youtube.com\/channel\/UCqRDAF0I87MFEAM3nkcOdEw\" target=\"_blank\" rel=\"noopener noreferrer\">www.youtube.com\/channel\/UCqRDAF0I87MFEAM3nkcOdEw<\/a><\/li>\n<\/ul>\n<\/li>\n<\/ul>\n<\/div><\/section>\n<div  class='hr av-483n-f97b05a5d99e9c417089a6b49247222b hr-default  avia-builder-el-2  el_after_av_textblock  el_before_av_heading '><span class='hr-inner '><span class=\"hr-inner-style\"><\/span><\/span><\/div>\n\n<style type=\"text\/css\" data-created_by=\"avia_inline_auto\" id=\"style-css-av-kqs2zatk-a42cbc9e53b6ddc18b0fb727e44f3f14\">\n#top .av-special-heading.av-kqs2zatk-a42cbc9e53b6ddc18b0fb727e44f3f14{\npadding-bottom:10px;\n}\nbody .av-special-heading.av-kqs2zatk-a42cbc9e53b6ddc18b0fb727e44f3f14 .av-special-heading-tag .heading-char{\nfont-size:25px;\n}\n.av-special-heading.av-kqs2zatk-a42cbc9e53b6ddc18b0fb727e44f3f14 .av-subheading{\nfont-size:15px;\n}\n<\/style>\n<div  class='av-special-heading av-kqs2zatk-a42cbc9e53b6ddc18b0fb727e44f3f14 av-special-heading-h1 blockquote modern-quote  avia-builder-el-3  el_after_av_hr  el_before_av_textblock '><h1 class='av-special-heading-tag '  itemprop=\"headline\"  >Dichiarazione di esclusione di responsabilit\u00e0<\/h1><div class=\"special-heading-border\"><div class=\"special-heading-inner-border\"><\/div><\/div><\/div>\n<section  class='av_textblock_section av-kkxz29by-df0ed34865734db890a5c143f6e694b2 '   itemscope=\"itemscope\" itemtype=\"https:\/\/schema.org\/CreativeWork\" ><div class='avia_textblock'  itemprop=\"text\" ><p><strong>Fornitura di dati e informazioni di carattere generale<br \/>\n<\/strong>Amiblu si adopera costantemente al fine di garantire la correttezza delle informazioni e dei dati contenuti nel presente sito. Amiblu si riserva il diritto di modificare o integrare le informazioni o i dati forniti senza preavviso.<\/p>\n<p><strong>Responsabilit\u00e0<br \/>\n<\/strong>Le informazioni fornite dall\u2019utente attraverso i siti web di Amiblu sono state raccolte con la maggior cura possibile e vengono aggiornate su base continua. Nonostante i nostri sforzi, tuttavia, non \u00e8 possibile garantire l\u2019assenza di errori. Amiblu non si assume alcuna responsabilit\u00e0 n\u00e9 fornisce alcuna garanzia riguardo alla validit\u00e0, completezza e correttezza delle informazioni e dei dati forniti.<\/p>\n<p><strong>Diritto d\u2019autore<br \/>\n<\/strong>Il contenuto dei siti web di Amiblu \u00e8 protetto dal diritto d\u2019autore. La copiatura, diffusione, memorizzazione, riproduzione e trasmissione delle informazioni o dei dati pubblicati sui siti web, e in particolare l\u2019uso di testi o immagini, anche parziali, o altre opere, sono espressamente vietati senza il previo consenso di Amiblu Holding GmbH.<\/p>\n<p><strong>Diritto applicabile<br \/>\n<\/strong>Tutti i dati e le informazioni, ivi compreso l\u2019utilizzo degli stessi, il log-in ai siti web di Amiblu, nonch\u00e9 tutte le azioni, inazioni o omissioni associate a quanto sopra, sono soggetti in via esclusiva al diritto austriaco. Il foro competente \u00e8 Klagenfurt.<\/p>\n<\/div><\/section>\n","protected":false},"excerpt":{"rendered":"","protected":false},"author":8,"featured_media":0,"parent":0,"menu_order":200,"comment_status":"closed","ping_status":"closed","template":"","meta":{"_acf_changed":false,"footnotes":""},"class_list":["post-37950","page","type-page","status-publish","hentry"],"acf":[],"yoast_head":"<!-- This site is optimized with the Yoast SEO Premium plugin v27.3 (Yoast SEO v27.4) - https:\/\/yoast.com\/product\/yoast-seo-premium-wordpress\/ -->\n<title>Note legali<\/title>\n<meta name=\"description\" content=\"Colophon e note legali di Amiblu.\" \/>\n<meta name=\"robots\" content=\"noindex, follow\" \/>\n<meta property=\"og:locale\" content=\"it_IT\" \/>\n<meta property=\"og:type\" content=\"article\" \/>\n<meta property=\"og:title\" content=\"Note legali\" \/>\n<meta property=\"og:description\" content=\"Colophon e note legali di Amiblu.\" \/>\n<meta property=\"og:url\" content=\"https:\/\/www.amiblu.com\/it\/note-legali\/\" \/>\n<meta property=\"og:site_name\" content=\"Amiblu\" \/>\n<meta property=\"article:publisher\" content=\"https:\/\/www.facebook.com\/amiblupipes\" \/>\n<meta property=\"article:modified_time\" content=\"2022-02-10T10:06:40+00:00\" \/>\n<meta name=\"twitter:card\" content=\"summary_large_image\" \/>\n<meta name=\"twitter:label1\" content=\"Tempo di lettura stimato\" \/>\n\t<meta name=\"twitter:data1\" content=\"2 minuti\" \/>\n<script type=\"application\/ld+json\" class=\"yoast-schema-graph\">{\"@context\":\"https:\\\/\\\/schema.org\",\"@graph\":[{\"@type\":\"WebPage\",\"@id\":\"https:\\\/\\\/www.amiblu.com\\\/it\\\/note-legali\\\/\",\"url\":\"https:\\\/\\\/www.amiblu.com\\\/it\\\/note-legali\\\/\",\"name\":\"Note legali\",\"isPartOf\":{\"@id\":\"https:\\\/\\\/www.amiblu.com\\\/it\\\/#website\"},\"datePublished\":\"2021-07-06T13:22:43+00:00\",\"dateModified\":\"2022-02-10T10:06:40+00:00\",\"description\":\"Colophon e note legali di Amiblu.\",\"inLanguage\":\"it-IT\",\"potentialAction\":[{\"@type\":\"ReadAction\",\"target\":[\"https:\\\/\\\/www.amiblu.com\\\/it\\\/note-legali\\\/\"]}]},{\"@type\":\"WebSite\",\"@id\":\"https:\\\/\\\/www.amiblu.com\\\/it\\\/#website\",\"url\":\"https:\\\/\\\/www.amiblu.com\\\/it\\\/\",\"name\":\"Amiblu\",\"description\":\"GFK-Rohrsysteme f\u00fcr Generationen\",\"publisher\":{\"@id\":\"https:\\\/\\\/www.amiblu.com\\\/it\\\/#organization\"},\"potentialAction\":[{\"@type\":\"SearchAction\",\"target\":{\"@type\":\"EntryPoint\",\"urlTemplate\":\"https:\\\/\\\/www.amiblu.com\\\/it\\\/?s={search_term_string}\"},\"query-input\":{\"@type\":\"PropertyValueSpecification\",\"valueRequired\":true,\"valueName\":\"search_term_string\"}}],\"inLanguage\":\"it-IT\"},{\"@type\":\"Organization\",\"@id\":\"https:\\\/\\\/www.amiblu.com\\\/it\\\/#organization\",\"name\":\"Amiblu Group\",\"url\":\"https:\\\/\\\/www.amiblu.com\\\/it\\\/\",\"logo\":{\"@type\":\"ImageObject\",\"inLanguage\":\"it-IT\",\"@id\":\"https:\\\/\\\/www.amiblu.com\\\/it\\\/#\\\/schema\\\/logo\\\/image\\\/\",\"url\":\"https:\\\/\\\/www.amiblu.com\\\/wp-content\\\/uploads\\\/2021\\\/01\\\/Amiblu-logo-website-1.png\",\"contentUrl\":\"https:\\\/\\\/www.amiblu.com\\\/wp-content\\\/uploads\\\/2021\\\/01\\\/Amiblu-logo-website-1.png\",\"width\":201,\"height\":38,\"caption\":\"Amiblu Group\"},\"image\":{\"@id\":\"https:\\\/\\\/www.amiblu.com\\\/it\\\/#\\\/schema\\\/logo\\\/image\\\/\"},\"sameAs\":[\"https:\\\/\\\/www.facebook.com\\\/amiblupipes\",\"https:\\\/\\\/www.youtube.com\\\/c\\\/Amiblu\",\"https:\\\/\\\/de.wikipedia.org\\\/wiki\\\/Amiblu\",\"https:\\\/\\\/www.linkedin.com\\\/company\\\/amiblupipes\\\/\"]}]}<\/script>\n<!-- \/ Yoast SEO Premium plugin. -->","yoast_head_json":{"title":"Note legali","description":"Colophon e note legali di Amiblu.","robots":{"index":"noindex","follow":"follow"},"og_locale":"it_IT","og_type":"article","og_title":"Note legali","og_description":"Colophon e note legali di Amiblu.","og_url":"https:\/\/www.amiblu.com\/it\/note-legali\/","og_site_name":"Amiblu","article_publisher":"https:\/\/www.facebook.com\/amiblupipes","article_modified_time":"2022-02-10T10:06:40+00:00","twitter_card":"summary_large_image","twitter_misc":{"Tempo di lettura stimato":"2 minuti"},"schema":{"@context":"https:\/\/schema.org","@graph":[{"@type":"WebPage","@id":"https:\/\/www.amiblu.com\/it\/note-legali\/","url":"https:\/\/www.amiblu.com\/it\/note-legali\/","name":"Note legali","isPartOf":{"@id":"https:\/\/www.amiblu.com\/it\/#website"},"datePublished":"2021-07-06T13:22:43+00:00","dateModified":"2022-02-10T10:06:40+00:00","description":"Colophon e note legali di Amiblu.","inLanguage":"it-IT","potentialAction":[{"@type":"ReadAction","target":["https:\/\/www.amiblu.com\/it\/note-legali\/"]}]},{"@type":"WebSite","@id":"https:\/\/www.amiblu.com\/it\/#website","url":"https:\/\/www.amiblu.com\/it\/","name":"Amiblu","description":"GFK-Rohrsysteme f\u00fcr Generationen","publisher":{"@id":"https:\/\/www.amiblu.com\/it\/#organization"},"potentialAction":[{"@type":"SearchAction","target":{"@type":"EntryPoint","urlTemplate":"https:\/\/www.amiblu.com\/it\/?s={search_term_string}"},"query-input":{"@type":"PropertyValueSpecification","valueRequired":true,"valueName":"search_term_string"}}],"inLanguage":"it-IT"},{"@type":"Organization","@id":"https:\/\/www.amiblu.com\/it\/#organization","name":"Amiblu Group","url":"https:\/\/www.amiblu.com\/it\/","logo":{"@type":"ImageObject","inLanguage":"it-IT","@id":"https:\/\/www.amiblu.com\/it\/#\/schema\/logo\/image\/","url":"https:\/\/www.amiblu.com\/wp-content\/uploads\/2021\/01\/Amiblu-logo-website-1.png","contentUrl":"https:\/\/www.amiblu.com\/wp-content\/uploads\/2021\/01\/Amiblu-logo-website-1.png","width":201,"height":38,"caption":"Amiblu Group"},"image":{"@id":"https:\/\/www.amiblu.com\/it\/#\/schema\/logo\/image\/"},"sameAs":["https:\/\/www.facebook.com\/amiblupipes","https:\/\/www.youtube.com\/c\/Amiblu","https:\/\/de.wikipedia.org\/wiki\/Amiblu","https:\/\/www.linkedin.com\/company\/amiblupipes\/"]}]}},"_links":{"self":[{"href":"https:\/\/www.amiblu.com\/it\/wp-json\/wp\/v2\/pages\/37950","targetHints":{"allow":["GET"]}}],"collection":[{"href":"https:\/\/www.amiblu.com\/it\/wp-json\/wp\/v2\/pages"}],"about":[{"href":"https:\/\/www.amiblu.com\/it\/wp-json\/wp\/v2\/types\/page"}],"author":[{"embeddable":true,"href":"https:\/\/www.amiblu.com\/it\/wp-json\/wp\/v2\/users\/8"}],"replies":[{"embeddable":true,"href":"https:\/\/www.amiblu.com\/it\/wp-json\/wp\/v2\/comments?post=37950"}],"version-history":[{"count":8,"href":"https:\/\/www.amiblu.com\/it\/wp-json\/wp\/v2\/pages\/37950\/revisions"}],"predecessor-version":[{"id":37958,"href":"https:\/\/www.amiblu.com\/it\/wp-json\/wp\/v2\/pages\/37950\/revisions\/37958"}],"wp:attachment":[{"href":"https:\/\/www.amiblu.com\/it\/wp-json\/wp\/v2\/media?parent=37950"}],"curies":[{"name":"wp","href":"https:\/\/api.w.org\/{rel}","templated":true}]}}