{"id":37959,"date":"2021-07-06T15:25:45","date_gmt":"2021-07-06T13:25:45","guid":{"rendered":"https:\/\/www.amiblu.com\/?page_id=37959"},"modified":"2022-03-07T11:37:02","modified_gmt":"2022-03-07T10:37:02","slug":"informativa-sulla-privacy","status":"publish","type":"page","link":"https:\/\/www.amiblu.com\/it\/informativa-sulla-privacy\/","title":{"rendered":"Informativa sulla privacy"},"content":{"rendered":"\n<style type=\"text\/css\" data-created_by=\"avia_inline_auto\" id=\"style-css-av-kqs32wdk-12253bed44774aa55f81541efd04495b\">\n#top .av-special-heading.av-kqs32wdk-12253bed44774aa55f81541efd04495b{\npadding-bottom:10px;\n}\nbody .av-special-heading.av-kqs32wdk-12253bed44774aa55f81541efd04495b .av-special-heading-tag .heading-char{\nfont-size:25px;\n}\n.av-special-heading.av-kqs32wdk-12253bed44774aa55f81541efd04495b .av-subheading{\nfont-size:15px;\n}\n<\/style>\n<div  class='av-special-heading av-kqs32wdk-12253bed44774aa55f81541efd04495b av-special-heading-h1 blockquote modern-quote  avia-builder-el-0  el_before_av_textblock  avia-builder-el-first '><h1 class='av-special-heading-tag '  itemprop=\"headline\"  > Informativa sulla privacy del Gruppo Amiblu<\/h1><div class=\"special-heading-border\"><div class=\"special-heading-inner-border\"><\/div><\/div><\/div>\n<section  class='av_textblock_section av-kkxzxc1l-7f33b4d4b87faa09f279d9f27cda48f1 '   itemscope=\"itemscope\" itemtype=\"https:\/\/schema.org\/CreativeWork\" ><div class='avia_textblock'  itemprop=\"text\" ><div class=\"vc_row wpb_row section vc_row-fluid vc_inner \">\n<div class=\" full_section_inner clearfix\">\n<div class=\"wpb_column vc_column_container vc_col-sm-8\">\n<div class=\"vc_column-inner\">\n<div class=\"wpb_wrapper\">\n<div class=\"wpb_text_column wpb_content_element \">\n<div class=\"wpb_wrapper\">\n<p><strong>1. Informazioni generali<\/strong><\/p>\n<p>La protezione dei tuoi dati personali \u00e8 per noi motivo di grande preoccupazione e pertanto rappresenta una nostra massima priorit\u00e0. Per questa ragione, trattiamo i tuoi dati esclusivamente nei modi previsti dai regolamenti applicabili in materia di privacy, ponendo particolare attenzione alle disposizioni del regolamento generale sulla protezione dei dati (General Data Protection Regulation, GDPR) dell\u2019Unione europea e delle leggi austriache in materia di protezione dei dati personali e telecomunicazioni. Nella presente informativa, desideriamo informarti sui principali aspetti del trattamento dei dati inerenti il nostro sito web.<\/p>\n<p><strong>2. I dati raccolti<\/strong><\/p>\n<p><strong>2.1 Raccolta e trattamento dei tuoi dati personali<\/strong><\/p>\n<p>Il trattamento dei dati personali che ci fornisci su base volontaria durante l\u2019uso di servizi speciali e portali \u00e8 finalizzato esclusivamente all\u2019elaborazione delle tue richieste di informazioni, dei tuoi ordini, delle tue domande, ecc., alla redazione e stipula di eventuali contratti, nonch\u00e9 all\u2019invio della nostre newsletter.<\/p>\n<p><strong>2.2 Trasferimento dei dati<\/strong><\/p>\n<p>I tuoi dati saranno trasferiti esclusivamente all\u2019interno del Gruppo Amiblu, qualora ci\u00f2 sia utile per l\u2019esecuzione di contratti o la tutela dei tuoi interessi. Manterremo riservati i tuoi dati personali e non li venderemo, affitteremo o renderemo disponibili a terzi.<\/p>\n<p>L\u2019eventuale trasmissione dei tuoi dati a istituzioni e autorit\u00e0 statali avr\u00f2 luogo solamente ai sensi delle normative nazionali obbligatorie.<\/p>\n<p><strong>3. Cookie<\/strong><\/p>\n<p>Tutti i siti web di Amiblu utilizzano cookie. Un cookie \u00e8 un piccolo file di dati che viene memorizzato sul tuo computer e che consente al tuo browser di riconoscerti come utente del sito web, ricordando anche le impostazioni pi\u00f9 recenti da te selezionate (per esempio, la scelta della lingua). Queste impostazioni saranno quindi applicate in automatico, senza che tu debba selezionarle di nuovo.<\/p>\n<p>Se preferisci non essere riconosciuto, ti invitiamo a configurare il browser Internet che utilizzi impostando la cancellazione di tutti i cookie dal tuo dispositivo, il blocco di tutti i cookie o l\u2019invio di un avviso al momento della memorizzazione di un cookie.<\/p>\n<p>Ti ricordiamo tuttavia che, senza i cookie, alcune funzioni del nostro sito web potrebbero non essere pi\u00f9 disponibili o funzionare in modo non corretto.<\/p>\n<p><strong>4. Google Analytics<\/strong><\/p>\n<p>Il presente sito web utilizza Google Analytics, un servizio di analitica web fornito da Google, Inc. (\u201cGoogle\u201d). Google Analytics utilizza i cookie, file di testo memorizzati sul tuo computer, come aiuto per analizzare le modalit\u00e0 di utilizzo del sito web da parte degli utenti. Le informazioni generate dai cookie relativamente al tuo utilizzo del sito web (compreso il tuo indirizzo IP) saranno trasmesse e memorizzate da Google su server situati negli Stati Uniti. Google utilizzer\u00e0 queste informazioni per valutare il modo in cui utilizzi il sito web, per compilare rapporti sull\u2019attivit\u00e0 del sito web destinati agli operatori di quest\u2019utimo, nonch\u00e9 per fornire altri servizi legati all\u2019attivit\u00e0 del sito web e all\u2019utilizzo di Internet. \u00c8 possibile che Google trasferisca queste informazioni a terzi, ove richiesto ai sensi di legge, ovvero nel caso in cui tali parti terze siano state incaricate del trattamento delle informazioni per conto di Google. Google non assocer\u00e0 il tuo indirizzo IP a nessuno dei dati in suo possesso.<\/p>\n<p>Puoi disabilitare l\u2019uso dei cookie modificando le impostazioni del browser che utilizzi. Ricorda per\u00f2 che se lo farai \u00e8 possibile che tu non sia in grado di usare appieno le funzionalit\u00e0 del presente sito web. Inoltre, puoi impedire a Google di raccogliere e trattare i tuoi dati relativi all\u2019uso del presente sito web (compreso il tuo indirizzo IP) scaricando e installando il plugin Google Analytics Opt-out Browser Add-on.<\/p>\n<p>Utilizzando il presente sito web, esprimi il tuo consenso e accordo al trattamento dei dati raccolti da Google nella maniera descritta in precedenza e per gli scopi di cui sopra. Google Analytics viene utilizzata ai soli fini di ottimizzazione e sviluppo adeguato alle esigenze dei nostri siti web. Ulteriori informazioni sulle tecnologie utilizzate da Google, sono disponibili al seguente link: <a href=\"https:\/\/marketingplatform.google.com\/about\/analytics\/\" target=\"_blank\" rel=\"noopener noreferrer\">www.google.com\/analytics<\/a>.<\/p>\n<p><strong>5. Newsletter<\/strong><\/p>\n<p>Attraverso il nostro sito web, se lo desideri, puoi abbonarti alla nostra newsletter. A tale scopo, abbiamo bisogno di conoscere il tuo nome, il tuo indirizzo e-mail, il nome dell\u2019azienda per cui lavori, il Paese in cui vivi, nonch\u00e9 di ricevere il tuo consenso all\u2019invio della newsletter e al trattamento dei tuoi dati personali.<\/p>\n<p>Potrai modificare le tue preferenze riguardanti la newsletter, o cancellarti da quest\u2019ultima senza preavviso, andando nell\u2019area privata del sito o inviando un\u2019e-mail all\u2019indirizzo info@amiblu.com. Cancelleremo immediatamente i tuoi dati relativi alla sottoscrizione alla newsletter.<\/p>\n<p><strong>6. I tuoi diritti<\/strong><\/p>\n<p>Hai il diritto di chiedere ad Amiblu informazioni sui dati personali che ti riguardano memorizzati dall\u2019azienda. Inoltre, hai il diritto di chiedere la rettifica, cancellazione, limitazione di trattamento dei dati che ti riguardano, di opporti al trattamento degli stessi, nonch\u00e9 di chiedere il trasferimento in forma adeguata dei dati memorizzati a te o a una parte terza da te nominata.<\/p>\n<p>Se la tua richiesta non sar\u00e0, o non potr\u00e0 essere, eseguita entro un mese dal ricevimento della stessa, avrai il diritto di presentare un reclamo presso un\u2019autorit\u00e0 di controllo. L\u2019autorit\u00e0 di controllo competente \u00e8 l\u2019Austrian Data Protection Authority con sede a Vienna.<\/p>\n<p><strong>7. Le tue richieste<\/strong><\/p>\n<p>Per eventuali domande relative alla riservatezza dei dati, nonch\u00e9 per esercitare i diritti di cui sopra, ti preghiamo di contattare il coordinatore della protezione dei dati di Amiblu ai seguenti recapiti:<\/p>\n<p>Amiblu Holding GmbH<strong><br \/>\n<\/strong>Data Protection Coordinator<\/p>\n<p>Sterneckstra\u00dfe 19<br \/>\n9020 Klagenfurt am W\u00f6rthersee<br \/>\nAustria<\/p>\n<p><img decoding=\"async\" class=\"alignnone size-full wp-image-44826\" src=\"https:\/\/www.amiblu.com\/wp-content\/uploads\/privacy@amiblu.com-address.png\" alt=\"privacy@amiblu.com\" width=\"124\" height=\"16\" \/><\/p>\n<p>Includendo i tuoi recapiti, il nome del sito web o del servizio in questione e una descrizione dettagliata della tua domanda o richiesta, ovvero della tua preoccupazione in materia di protezione dei dati.<\/p>\n<p>Tuttavia, ti informiamo fin da ora che, allo scopo di tutelarti da eventuali interrogazioni o indagini da parte di terzi non autorizzati, ti forniremo le informazioni richieste esclusivamente in forma scritta, all\u2019indirizzo postale da te indicato nei rispettivi portali.<\/p>\n<p><strong>8. Modifiche all\u2019informativa sulla privacy<\/strong><\/p>\n<p>La presente informativa in materia di protezione dei dati sar\u00e0 sottoposta a regolare revisione. Ti raccomandiamo pertanto di verificarla periodicamente.<\/p>\n<\/div>\n<\/div>\n<\/div>\n<\/div>\n<\/div>\n<\/div>\n<\/div>\n<\/div><\/section>\n","protected":false},"excerpt":{"rendered":"","protected":false},"author":8,"featured_media":0,"parent":0,"menu_order":210,"comment_status":"closed","ping_status":"closed","template":"","meta":{"_acf_changed":false,"footnotes":""},"class_list":["post-37959","page","type-page","status-publish","hentry"],"acf":[],"yoast_head":"<!-- This site is optimized with the Yoast SEO Premium plugin v27.3 (Yoast SEO v27.4) - https:\/\/yoast.com\/product\/yoast-seo-premium-wordpress\/ -->\n<title>Informativa sulla privacy di Amiblu<\/title>\n<meta name=\"description\" content=\"Nella presente informativa, desideriamo informarti sui principali aspetti del trattamento dei dati inerenti il nostro sito web.\" \/>\n<meta name=\"robots\" content=\"index, follow, max-snippet:-1, max-image-preview:large, max-video-preview:-1\" \/>\n<link rel=\"canonical\" href=\"https:\/\/www.amiblu.com\/it\/informativa-sulla-privacy\/\" \/>\n<meta property=\"og:locale\" content=\"it_IT\" \/>\n<meta property=\"og:type\" content=\"article\" \/>\n<meta property=\"og:title\" content=\"Informativa sulla privacy\" \/>\n<meta property=\"og:description\" content=\"Nella presente informativa, desideriamo informarti sui principali aspetti del trattamento dei dati inerenti il nostro sito web.\" \/>\n<meta property=\"og:url\" content=\"https:\/\/www.amiblu.com\/it\/informativa-sulla-privacy\/\" \/>\n<meta property=\"og:site_name\" content=\"Amiblu\" \/>\n<meta property=\"article:publisher\" content=\"https:\/\/www.facebook.com\/amiblupipes\" \/>\n<meta property=\"article:modified_time\" content=\"2022-03-07T10:37:02+00:00\" \/>\n<meta property=\"og:image\" content=\"https:\/\/www.amiblu.com\/wp-content\/uploads\/privacy@amiblu.com-address.png\" \/>\n<meta name=\"twitter:card\" content=\"summary_large_image\" \/>\n<meta name=\"twitter:label1\" content=\"Tempo di lettura stimato\" \/>\n\t<meta name=\"twitter:data1\" content=\"5 minuti\" \/>\n<script type=\"application\/ld+json\" class=\"yoast-schema-graph\">{\"@context\":\"https:\\\/\\\/schema.org\",\"@graph\":[{\"@type\":\"WebPage\",\"@id\":\"https:\\\/\\\/www.amiblu.com\\\/it\\\/informativa-sulla-privacy\\\/\",\"url\":\"https:\\\/\\\/www.amiblu.com\\\/it\\\/informativa-sulla-privacy\\\/\",\"name\":\"Informativa sulla privacy di Amiblu\",\"isPartOf\":{\"@id\":\"https:\\\/\\\/www.amiblu.com\\\/it\\\/#website\"},\"primaryImageOfPage\":{\"@id\":\"https:\\\/\\\/www.amiblu.com\\\/it\\\/informativa-sulla-privacy\\\/#primaryimage\"},\"image\":{\"@id\":\"https:\\\/\\\/www.amiblu.com\\\/it\\\/informativa-sulla-privacy\\\/#primaryimage\"},\"thumbnailUrl\":\"https:\\\/\\\/www.amiblu.com\\\/wp-content\\\/uploads\\\/privacy@amiblu.com-address.png\",\"datePublished\":\"2021-07-06T13:25:45+00:00\",\"dateModified\":\"2022-03-07T10:37:02+00:00\",\"description\":\"Nella presente informativa, desideriamo informarti sui principali aspetti del trattamento dei dati inerenti il nostro sito web.\",\"inLanguage\":\"it-IT\",\"potentialAction\":[{\"@type\":\"ReadAction\",\"target\":[\"https:\\\/\\\/www.amiblu.com\\\/it\\\/informativa-sulla-privacy\\\/\"]}]},{\"@type\":\"ImageObject\",\"inLanguage\":\"it-IT\",\"@id\":\"https:\\\/\\\/www.amiblu.com\\\/it\\\/informativa-sulla-privacy\\\/#primaryimage\",\"url\":\"https:\\\/\\\/www.amiblu.com\\\/wp-content\\\/uploads\\\/privacy@amiblu.com-address.png\",\"contentUrl\":\"https:\\\/\\\/www.amiblu.com\\\/wp-content\\\/uploads\\\/privacy@amiblu.com-address.png\"},{\"@type\":\"WebSite\",\"@id\":\"https:\\\/\\\/www.amiblu.com\\\/it\\\/#website\",\"url\":\"https:\\\/\\\/www.amiblu.com\\\/it\\\/\",\"name\":\"Amiblu\",\"description\":\"GFK-Rohrsysteme f\u00fcr Generationen\",\"publisher\":{\"@id\":\"https:\\\/\\\/www.amiblu.com\\\/it\\\/#organization\"},\"potentialAction\":[{\"@type\":\"SearchAction\",\"target\":{\"@type\":\"EntryPoint\",\"urlTemplate\":\"https:\\\/\\\/www.amiblu.com\\\/it\\\/?s={search_term_string}\"},\"query-input\":{\"@type\":\"PropertyValueSpecification\",\"valueRequired\":true,\"valueName\":\"search_term_string\"}}],\"inLanguage\":\"it-IT\"},{\"@type\":\"Organization\",\"@id\":\"https:\\\/\\\/www.amiblu.com\\\/it\\\/#organization\",\"name\":\"Amiblu Group\",\"url\":\"https:\\\/\\\/www.amiblu.com\\\/it\\\/\",\"logo\":{\"@type\":\"ImageObject\",\"inLanguage\":\"it-IT\",\"@id\":\"https:\\\/\\\/www.amiblu.com\\\/it\\\/#\\\/schema\\\/logo\\\/image\\\/\",\"url\":\"https:\\\/\\\/www.amiblu.com\\\/wp-content\\\/uploads\\\/2021\\\/01\\\/Amiblu-logo-website-1.png\",\"contentUrl\":\"https:\\\/\\\/www.amiblu.com\\\/wp-content\\\/uploads\\\/2021\\\/01\\\/Amiblu-logo-website-1.png\",\"width\":201,\"height\":38,\"caption\":\"Amiblu Group\"},\"image\":{\"@id\":\"https:\\\/\\\/www.amiblu.com\\\/it\\\/#\\\/schema\\\/logo\\\/image\\\/\"},\"sameAs\":[\"https:\\\/\\\/www.facebook.com\\\/amiblupipes\",\"https:\\\/\\\/www.youtube.com\\\/c\\\/Amiblu\",\"https:\\\/\\\/de.wikipedia.org\\\/wiki\\\/Amiblu\",\"https:\\\/\\\/www.linkedin.com\\\/company\\\/amiblupipes\\\/\"]}]}<\/script>\n<!-- \/ Yoast SEO Premium plugin. -->","yoast_head_json":{"title":"Informativa sulla privacy di Amiblu","description":"Nella presente informativa, desideriamo informarti sui principali aspetti del trattamento dei dati inerenti il nostro sito web.","robots":{"index":"index","follow":"follow","max-snippet":"max-snippet:-1","max-image-preview":"max-image-preview:large","max-video-preview":"max-video-preview:-1"},"canonical":"https:\/\/www.amiblu.com\/it\/informativa-sulla-privacy\/","og_locale":"it_IT","og_type":"article","og_title":"Informativa sulla privacy","og_description":"Nella presente informativa, desideriamo informarti sui principali aspetti del trattamento dei dati inerenti il nostro sito web.","og_url":"https:\/\/www.amiblu.com\/it\/informativa-sulla-privacy\/","og_site_name":"Amiblu","article_publisher":"https:\/\/www.facebook.com\/amiblupipes","article_modified_time":"2022-03-07T10:37:02+00:00","og_image":[{"url":"https:\/\/www.amiblu.com\/wp-content\/uploads\/privacy@amiblu.com-address.png","type":"","width":"","height":""}],"twitter_card":"summary_large_image","twitter_misc":{"Tempo di lettura stimato":"5 minuti"},"schema":{"@context":"https:\/\/schema.org","@graph":[{"@type":"WebPage","@id":"https:\/\/www.amiblu.com\/it\/informativa-sulla-privacy\/","url":"https:\/\/www.amiblu.com\/it\/informativa-sulla-privacy\/","name":"Informativa sulla privacy di Amiblu","isPartOf":{"@id":"https:\/\/www.amiblu.com\/it\/#website"},"primaryImageOfPage":{"@id":"https:\/\/www.amiblu.com\/it\/informativa-sulla-privacy\/#primaryimage"},"image":{"@id":"https:\/\/www.amiblu.com\/it\/informativa-sulla-privacy\/#primaryimage"},"thumbnailUrl":"https:\/\/www.amiblu.com\/wp-content\/uploads\/privacy@amiblu.com-address.png","datePublished":"2021-07-06T13:25:45+00:00","dateModified":"2022-03-07T10:37:02+00:00","description":"Nella presente informativa, desideriamo informarti sui principali aspetti del trattamento dei dati inerenti il nostro sito web.","inLanguage":"it-IT","potentialAction":[{"@type":"ReadAction","target":["https:\/\/www.amiblu.com\/it\/informativa-sulla-privacy\/"]}]},{"@type":"ImageObject","inLanguage":"it-IT","@id":"https:\/\/www.amiblu.com\/it\/informativa-sulla-privacy\/#primaryimage","url":"https:\/\/www.amiblu.com\/wp-content\/uploads\/privacy@amiblu.com-address.png","contentUrl":"https:\/\/www.amiblu.com\/wp-content\/uploads\/privacy@amiblu.com-address.png"},{"@type":"WebSite","@id":"https:\/\/www.amiblu.com\/it\/#website","url":"https:\/\/www.amiblu.com\/it\/","name":"Amiblu","description":"GFK-Rohrsysteme f\u00fcr Generationen","publisher":{"@id":"https:\/\/www.amiblu.com\/it\/#organization"},"potentialAction":[{"@type":"SearchAction","target":{"@type":"EntryPoint","urlTemplate":"https:\/\/www.amiblu.com\/it\/?s={search_term_string}"},"query-input":{"@type":"PropertyValueSpecification","valueRequired":true,"valueName":"search_term_string"}}],"inLanguage":"it-IT"},{"@type":"Organization","@id":"https:\/\/www.amiblu.com\/it\/#organization","name":"Amiblu Group","url":"https:\/\/www.amiblu.com\/it\/","logo":{"@type":"ImageObject","inLanguage":"it-IT","@id":"https:\/\/www.amiblu.com\/it\/#\/schema\/logo\/image\/","url":"https:\/\/www.amiblu.com\/wp-content\/uploads\/2021\/01\/Amiblu-logo-website-1.png","contentUrl":"https:\/\/www.amiblu.com\/wp-content\/uploads\/2021\/01\/Amiblu-logo-website-1.png","width":201,"height":38,"caption":"Amiblu Group"},"image":{"@id":"https:\/\/www.amiblu.com\/it\/#\/schema\/logo\/image\/"},"sameAs":["https:\/\/www.facebook.com\/amiblupipes","https:\/\/www.youtube.com\/c\/Amiblu","https:\/\/de.wikipedia.org\/wiki\/Amiblu","https:\/\/www.linkedin.com\/company\/amiblupipes\/"]}]}},"_links":{"self":[{"href":"https:\/\/www.amiblu.com\/it\/wp-json\/wp\/v2\/pages\/37959","targetHints":{"allow":["GET"]}}],"collection":[{"href":"https:\/\/www.amiblu.com\/it\/wp-json\/wp\/v2\/pages"}],"about":[{"href":"https:\/\/www.amiblu.com\/it\/wp-json\/wp\/v2\/types\/page"}],"author":[{"embeddable":true,"href":"https:\/\/www.amiblu.com\/it\/wp-json\/wp\/v2\/users\/8"}],"replies":[{"embeddable":true,"href":"https:\/\/www.amiblu.com\/it\/wp-json\/wp\/v2\/comments?post=37959"}],"version-history":[{"count":10,"href":"https:\/\/www.amiblu.com\/it\/wp-json\/wp\/v2\/pages\/37959\/revisions"}],"predecessor-version":[{"id":44881,"href":"https:\/\/www.amiblu.com\/it\/wp-json\/wp\/v2\/pages\/37959\/revisions\/44881"}],"wp:attachment":[{"href":"https:\/\/www.amiblu.com\/it\/wp-json\/wp\/v2\/media?parent=37959"}],"curies":[{"name":"wp","href":"https:\/\/api.w.org\/{rel}","templated":true}]}}