{"id":74543,"date":"2025-10-15T12:13:41","date_gmt":"2025-10-15T10:13:41","guid":{"rendered":"https:\/\/www.amiblu.com\/?page_id=74543"},"modified":"2026-01-14T11:47:12","modified_gmt":"2026-01-14T10:47:12","slug":"energia-idroelettrica","status":"publish","type":"page","link":"https:\/\/www.amiblu.com\/it\/energia-idroelettrica\/","title":{"rendered":"Energia idroelettrica"},"content":{"rendered":"<\/p>\n\n<style type=\"text\/css\" data-created_by=\"avia_inline_auto\" id=\"style-css-av-3qerp67-173c32aa19dd54bb4327bfb171543e00\">\n.avia-section.av-3qerp67-173c32aa19dd54bb4327bfb171543e00 .av-parallax .av-parallax-inner{\nbackground-repeat:no-repeat;\nbackground-image:url(https:\/\/www.amiblu.com\/wp-content\/uploads\/Hobas-Hydropower-Pipeline-Iceland.jpg);\nbackground-position:50% 50%;\nbackground-attachment:scroll;\n}\n.avia-section.av-3qerp67-173c32aa19dd54bb4327bfb171543e00 .av-section-color-overlay{\nopacity:0.5;\nbackground-color:#0a0a0a;\n}\n<\/style>\n<div id='av_section_1'  class='avia-section av-3qerp67-173c32aa19dd54bb4327bfb171543e00 main_color avia-section-default avia-no-border-styling  avia-builder-el-0  el_before_av_section  avia-builder-el-first  amiblu-content amiblu-page-hero av-parallax-section avia-bg-style-parallax av-section-color-overlay-active container_wrap fullsize'  data-section-bg-repeat='no-repeat'><div class='av-parallax' data-avia-parallax-ratio='0.3' ><div class='av-parallax-inner main_color avia-full-stretch'><\/div><\/div><div class=\"av-section-color-overlay-wrap\"><div class=\"av-section-color-overlay\"><\/div><div class='container av-section-cont-open' ><main  role=\"main\" itemprop=\"mainContentOfPage\"  class='template-page content  av-content-full alpha units'><div class='post-entry post-entry-type-page post-entry-74543'><div class='entry-content-wrapper clearfix'>\n\n<style type=\"text\/css\" data-created_by=\"avia_inline_auto\" id=\"style-css-av-3kqk0of-b0f4c171d0dc1d10361e3d9248cde75c\">\n.flex_column.av-3kqk0of-b0f4c171d0dc1d10361e3d9248cde75c{\nborder-radius:0px 0px 0px 0px;\npadding:0 0 0 0;\n}\n<\/style>\n<div  class='flex_column av-3kqk0of-b0f4c171d0dc1d10361e3d9248cde75c av_three_fourth  avia-builder-el-1  avia-builder-el-no-sibling  white-content first flex_column_div av-zero-column-padding  '     ><section  class='av_textblock_section av-mgrt6rve-1ece7b64e3e1b4416bd713aa2f8bba3a '   itemscope=\"itemscope\" itemtype=\"https:\/\/schema.org\/CreativeWork\" ><div class='avia_textblock'  itemprop=\"text\" ><h1>Tubazioni in PRFV per uso idroelettrico per trasformare l\u2019energia idraulica di un corso d\u2019acqua in energia elettrica, per generazioni.<\/h1>\n<\/div><\/section><br \/>\n\n<style type=\"text\/css\" data-created_by=\"avia_inline_auto\" id=\"style-css-av-mgrt78nm-4b2d40d3470f2e3b3eef4a8247b12063\">\n#top .av_textblock_section.av-mgrt78nm-4b2d40d3470f2e3b3eef4a8247b12063 .avia_textblock{\nfont-size:20px;\n}\n<\/style>\n<section  class='av_textblock_section av-mgrt78nm-4b2d40d3470f2e3b3eef4a8247b12063 '   itemscope=\"itemscope\" itemtype=\"https:\/\/schema.org\/CreativeWork\" ><div class='avia_textblock sub-heading'  itemprop=\"text\" ><p>Produzione di energia con minori emissioni e maggiore rendimento<\/p>\n<\/div><\/section><\/p><\/div><\/div><\/div><\/main><!-- close content main element --><\/div><\/div><\/div><div id='av_section_2'  class='avia-section av-37ar6i7-b9408aa0ca8ddcc201250069b5dee97b main_color avia-section-default avia-no-border-styling  avia-builder-el-4  el_after_av_section  el_before_av_section  amiblu-bw-pr amiblu-jk-pp avia-bg-style-scroll container_wrap fullsize'  ><div class='container av-section-cont-open' ><div class='template-page content  av-content-full alpha units'><div class='post-entry post-entry-type-page post-entry-74543'><div class='entry-content-wrapper clearfix'>\n\n<style type=\"text\/css\" data-created_by=\"avia_inline_auto\" id=\"style-css-av-2mc6een-46aa4ccb4a85fb37c5b198a09ee8b0ca\">\n.flex_column.av-2mc6een-46aa4ccb4a85fb37c5b198a09ee8b0ca{\nborder-radius:0px 0px 0px 0px;\npadding:0px 0px 0px 0px;\n}\n<\/style>\n<div  class='flex_column av-2mc6een-46aa4ccb4a85fb37c5b198a09ee8b0ca av_two_third  avia-builder-el-5  avia-builder-el-no-sibling  first flex_column_div av-zero-column-padding  '     ><p>\n<style type=\"text\/css\" data-created_by=\"avia_inline_auto\" id=\"style-css-av-mgrt7kjq-2c8fa730e32437d34580ee539af364f2\">\n#top .av-special-heading.av-mgrt7kjq-2c8fa730e32437d34580ee539af364f2{\npadding-bottom:10px;\n}\nbody .av-special-heading.av-mgrt7kjq-2c8fa730e32437d34580ee539af364f2 .av-special-heading-tag .heading-char{\nfont-size:25px;\n}\n.av-special-heading.av-mgrt7kjq-2c8fa730e32437d34580ee539af364f2 .av-subheading{\nfont-size:15px;\n}\n<\/style>\n<div  class='av-special-heading av-mgrt7kjq-2c8fa730e32437d34580ee539af364f2 av-special-heading-h5 blockquote modern-quote  avia-builder-el-6  el_before_av_textblock  avia-builder-el-first  h1'><h5 class='av-special-heading-tag '  itemprop=\"headline\"  >Condotte forzate in PRFV<\/h5><div class=\"special-heading-border\"><div class=\"special-heading-inner-border\"><\/div><\/div><\/div><br \/>\n\n<style type=\"text\/css\" data-created_by=\"avia_inline_auto\" id=\"style-css-av-mgrt9e4g-6f55a0c4d37a0ff3d6635f4c650b9565\">\n#top .av_textblock_section.av-mgrt9e4g-6f55a0c4d37a0ff3d6635f4c650b9565 .avia_textblock{\nfont-size:20px;\n}\n\n@media only screen and (min-width: 480px) and (max-width: 767px){ \n#top .av_textblock_section.av-mgrt9e4g-6f55a0c4d37a0ff3d6635f4c650b9565 .avia_textblock{\nfont-size:18px;\n}\n}\n\n@media only screen and (max-width: 479px){ \n#top .av_textblock_section.av-mgrt9e4g-6f55a0c4d37a0ff3d6635f4c650b9565 .avia_textblock{\nfont-size:16px;\n}\n}\n<\/style>\n<section  class='av_textblock_section av-mgrt9e4g-6f55a0c4d37a0ff3d6635f4c650b9565 '   itemscope=\"itemscope\" itemtype=\"https:\/\/schema.org\/CreativeWork\" ><div class='avia_textblock'  itemprop=\"text\" ><p>L&#8217;energia idroelettrica \u00e8 la principale fonte rinnovabile per la generazione di elettricit\u00e0 a livello globale, fornendo oltre il 70% di tutta l&#8217;elettricit\u00e0 rinnovabile. Con l&#8217;esaurimento dei siti facilmente accessibili, gli ingegneri guardano a luoghi pi\u00f9 ripidi e difficili da raggiungere per generare l&#8217;energia di cui abbiamo bisogno per le nostre citt\u00e0 e industrie.<\/p>\n<p>I <strong>sistemi di tubazioni per idroelettrico Amiblu in PRFV<\/strong> sono facili da installare e si adattano a tutti i tipi di terreno. Consentono di ottenere pi\u00f9 kWh con migliori rendimenti e sovrappressioni da colpi d&#8217;ariete inferiori rispetto a qualsiasi altro materiale.\u00a0Grazie all&#8217;utilizzo di materie prime ecocompatibili nella produzione dei tubi (ad esempio resine PET) e alla riduzione delle emissioni di CO2 durante il trasporto e l&#8217;installazione &#8211; grazie alla leggerezza dei tubi &#8211; le <strong>condotte forzate Amiblu in PRFV<\/strong> supportano e accelerano la transizione verso una produzione energetica priva di combustibili fossili.<\/p>\n<\/div><\/section><br \/>\n<div  class='avia-button-wrap av-mgrt9o36-c4674295004a87a22b00bce04f1f28ab-wrap avia-button-left  avia-builder-el-8  el_after_av_textblock  avia-builder-el-last  amiblu-outline-button'><a href='https:\/\/www.amiblu.com\/wp-content\/uploads\/Amiblu-Hydropower-Brochure-ITA.pdf'  class='avia-button av-mgrt9o36-c4674295004a87a22b00bce04f1f28ab av-link-btn avia-icon_select-yes-right-icon avia-size-small avia-position-left avia-color-theme-color'  target=\"_blank\"  rel=\"noopener noreferrer\"  aria-label=\"Scarica la brochure sulle tubazioni per idroelettrico\"><span class='avia_iconbox_title' >Scarica la brochure sulle tubazioni per idroelettrico<\/span><span class='avia_button_icon avia_button_icon_right avia-iconfont avia-font-amiblu-icons' data-av_icon='\ue800' data-av_iconfont='amiblu-icons' ><\/span><\/a><\/div><\/p><\/div><\/div><\/div><\/div><!-- close content main div --><\/div><\/div>\n<style type=\"text\/css\" data-created_by=\"avia_inline_auto\" id=\"style-css-av-28nbru7-d0a3be69a7247c16704e751ee4fba8c5\">\n.avia-section.av-28nbru7-d0a3be69a7247c16704e751ee4fba8c5{\nbackground-color:#f2f4f8;\nbackground-image:unset;\n}\n<\/style>\n<div id='av_section_3'  class='avia-section av-28nbru7-d0a3be69a7247c16704e751ee4fba8c5 main_color avia-section-default avia-no-border-styling  avia-builder-el-9  el_after_av_section  avia-builder-el-last  home-info amiblu-jk-inf avia-bg-style-scroll container_wrap fullsize'  ><div class='container av-section-cont-open' ><div class='template-page content  av-content-full alpha units'><div class='post-entry post-entry-type-page post-entry-74543'><div class='entry-content-wrapper clearfix'>\n\n<style type=\"text\/css\" data-created_by=\"avia_inline_auto\" id=\"style-css-av-1pfoidr-54b88087d4bc3a58c44ec3dc49371562\">\n.flex_column.av-1pfoidr-54b88087d4bc3a58c44ec3dc49371562{\nborder-radius:0px 0px 0px 0px;\npadding:0px 0px 0px 0px;\n}\n<\/style>\n<div  class='flex_column av-1pfoidr-54b88087d4bc3a58c44ec3dc49371562 av_one_half  avia-builder-el-10  el_before_av_one_half  avia-builder-el-first  home-info-img first flex_column_div av-zero-column-padding  '     ><style type=\"text\/css\" data-created_by=\"avia_inline_auto\" id=\"style-css-av-1a5jzf3-d27e98a14558efdf69a68258f3cd750f\">\n.avia-image-container.av-1a5jzf3-d27e98a14558efdf69a68258f3cd750f img.avia_image{\nbox-shadow:none;\n}\n.avia-image-container.av-1a5jzf3-d27e98a14558efdf69a68258f3cd750f .av-image-caption-overlay-center{\ncolor:#ffffff;\n}\n<\/style>\n<div  class='avia-image-container av-1a5jzf3-d27e98a14558efdf69a68258f3cd750f av-styling- avia-align-right  avia-builder-el-11  avia-builder-el-no-sibling '   itemprop=\"image\" itemscope=\"itemscope\" itemtype=\"https:\/\/schema.org\/ImageObject\" ><div class=\"avia-image-container-inner\"><div class=\"avia-image-overlay-wrap\"><img fetchpriority=\"high\" decoding=\"async\" fetchpriority=\"high\" fetchpriority=\"high\" class='wp-image-48047 avia-img-lazy-loading-not-48047 avia_image ' src=\"https:\/\/www.amiblu.com\/wp-content\/uploads\/Flowtite-Hydropower-pipeline-Norway.jpg\" alt='Flowtite Hydropower pipeline in Norway' title='Flowtite-Hydropower-pipeline-Norway'  height=\"543\" width=\"960\"  itemprop=\"thumbnailUrl\" srcset=\"https:\/\/www.amiblu.com\/wp-content\/uploads\/Flowtite-Hydropower-pipeline-Norway.jpg 960w, https:\/\/www.amiblu.com\/wp-content\/uploads\/Flowtite-Hydropower-pipeline-Norway-300x170.jpg 300w, https:\/\/www.amiblu.com\/wp-content\/uploads\/Flowtite-Hydropower-pipeline-Norway-768x434.jpg 768w, https:\/\/www.amiblu.com\/wp-content\/uploads\/Flowtite-Hydropower-pipeline-Norway-705x399.jpg 705w\" sizes=\"(max-width: 960px) 100vw, 960px\" \/><\/div><\/div><\/div><\/div>\n<style type=\"text\/css\" data-created_by=\"avia_inline_auto\" id=\"style-css-av-wgchvz-7715a745cbcbac15f3d173f8df141add\">\n.flex_column.av-wgchvz-7715a745cbcbac15f3d173f8df141add{\nborder-radius:11px 11px 11px 11px;\npadding:0px 0px 0px 0px;\n}\n<\/style>\n<div  class='flex_column av-wgchvz-7715a745cbcbac15f3d173f8df141add av_one_half  avia-builder-el-12  el_after_av_one_half  avia-builder-el-last  home-info-text white-content flex_column_div av-zero-column-padding  '     ><section  class='av_textblock_section av-mgrteg69-52849a3ffc3bce4fdb80f676b59ed309 '   itemscope=\"itemscope\" itemtype=\"https:\/\/schema.org\/CreativeWork\" ><div class='avia_textblock'  itemprop=\"text\" ><p><strong>I vantaggi delle soluzioni per idroelettrico Amiblu:<\/strong><\/p>\n<ul>\n<li><strong>Resistenza completa alla corrosione<\/strong>: non necessitano di protezione catodica o di altre protezioni aggiuntive<\/li>\n<li><strong>Minori perdite di carico e maggiore portata<\/strong>, con conseguente aumento della produzione di energia<\/li>\n<li><strong>Minori sovrappressioni da colpi d&#8217;ariete<\/strong>: 50% rispetto alle tubazioni in acciaio e in ghisa sferoidale<\/li>\n<li><strong>Qualit\u00e0 testata e certificata<\/strong>: approvata per applicazioni idroelettriche in tutto il mondo<\/li>\n<li><strong>Resistenza all&#8217;abrasione<\/strong>: soluzioni speciali contro l&#8217;usura estrema (Flowtite Orange)<\/li>\n<li><strong>Resistenza ai raggi UV<\/strong>: ideale per installazioni fuori terra<\/li>\n<\/ul>\n<\/div><\/section><\/div><\/p>\n","protected":false},"excerpt":{"rendered":"","protected":false},"author":8,"featured_media":73340,"parent":0,"menu_order":40,"comment_status":"closed","ping_status":"closed","template":"","meta":{"_acf_changed":false,"footnotes":""},"class_list":["post-74543","page","type-page","status-publish","has-post-thumbnail","hentry"],"acf":[],"yoast_head":"<!-- This site is optimized with the Yoast SEO Premium plugin v27.4 (Yoast SEO v27.4) - https:\/\/yoast.com\/product\/yoast-seo-premium-wordpress\/ -->\n<title>Energia idroelettrica - Amiblu<\/title>\n<meta name=\"description\" content=\"Le tubazioni PRFV Amiblu per idroelettrico offrono facile posa, adattabilit\u00e0 e migliori rendimenti energetici.\" \/>\n<meta name=\"robots\" content=\"index, follow, max-snippet:-1, max-image-preview:large, max-video-preview:-1\" \/>\n<link rel=\"canonical\" href=\"https:\/\/www.amiblu.com\/it\/energia-idroelettrica\/\" \/>\n<meta property=\"og:locale\" content=\"it_IT\" \/>\n<meta property=\"og:type\" content=\"article\" \/>\n<meta property=\"og:title\" content=\"Energia idroelettrica\" \/>\n<meta property=\"og:description\" content=\"Le tubazioni PRFV Amiblu per idroelettrico offrono facile posa, adattabilit\u00e0 e migliori rendimenti energetici.\" \/>\n<meta property=\"og:url\" content=\"https:\/\/www.amiblu.com\/it\/energia-idroelettrica\/\" \/>\n<meta property=\"og:site_name\" content=\"Amiblu\" \/>\n<meta property=\"article:publisher\" content=\"https:\/\/www.facebook.com\/amiblupipes\" \/>\n<meta property=\"article:modified_time\" content=\"2026-01-14T10:47:12+00:00\" \/>\n<meta property=\"og:image\" content=\"https:\/\/www.amiblu.com\/wp-content\/uploads\/Hydropower-plant-Auwehr-Austria-2023-900x900-1.jpg\" \/>\n\t<meta property=\"og:image:width\" content=\"900\" \/>\n\t<meta property=\"og:image:height\" content=\"900\" \/>\n\t<meta property=\"og:image:type\" content=\"image\/jpeg\" \/>\n<meta name=\"twitter:card\" content=\"summary_large_image\" \/>\n<meta name=\"twitter:label1\" content=\"Tempo di lettura stimato\" \/>\n\t<meta name=\"twitter:data1\" content=\"2 minuti\" \/>\n<script type=\"application\/ld+json\" class=\"yoast-schema-graph\">{\"@context\":\"https:\\\/\\\/schema.org\",\"@graph\":[{\"@type\":\"WebPage\",\"@id\":\"https:\\\/\\\/www.amiblu.com\\\/it\\\/energia-idroelettrica\\\/\",\"url\":\"https:\\\/\\\/www.amiblu.com\\\/it\\\/energia-idroelettrica\\\/\",\"name\":\"Energia idroelettrica - Amiblu\",\"isPartOf\":{\"@id\":\"https:\\\/\\\/www.amiblu.com\\\/it\\\/#website\"},\"primaryImageOfPage\":{\"@id\":\"https:\\\/\\\/www.amiblu.com\\\/it\\\/energia-idroelettrica\\\/#primaryimage\"},\"image\":{\"@id\":\"https:\\\/\\\/www.amiblu.com\\\/it\\\/energia-idroelettrica\\\/#primaryimage\"},\"thumbnailUrl\":\"https:\\\/\\\/www.amiblu.com\\\/wp-content\\\/uploads\\\/Hydropower-plant-Auwehr-Austria-2023-900x900-1.jpg\",\"datePublished\":\"2025-10-15T10:13:41+00:00\",\"dateModified\":\"2026-01-14T10:47:12+00:00\",\"description\":\"Le tubazioni PRFV Amiblu per idroelettrico offrono facile posa, adattabilit\u00e0 e migliori rendimenti energetici.\",\"inLanguage\":\"it-IT\",\"potentialAction\":[{\"@type\":\"ReadAction\",\"target\":[\"https:\\\/\\\/www.amiblu.com\\\/it\\\/energia-idroelettrica\\\/\"]}]},{\"@type\":\"ImageObject\",\"inLanguage\":\"it-IT\",\"@id\":\"https:\\\/\\\/www.amiblu.com\\\/it\\\/energia-idroelettrica\\\/#primaryimage\",\"url\":\"https:\\\/\\\/www.amiblu.com\\\/wp-content\\\/uploads\\\/Hydropower-plant-Auwehr-Austria-2023-900x900-1.jpg\",\"contentUrl\":\"https:\\\/\\\/www.amiblu.com\\\/wp-content\\\/uploads\\\/Hydropower-plant-Auwehr-Austria-2023-900x900-1.jpg\",\"width\":900,\"height\":900,\"caption\":\"Hydropower Pipeline with GRP-Couplings\"},{\"@type\":\"WebSite\",\"@id\":\"https:\\\/\\\/www.amiblu.com\\\/it\\\/#website\",\"url\":\"https:\\\/\\\/www.amiblu.com\\\/it\\\/\",\"name\":\"Amiblu\",\"description\":\"GFK-Rohrsysteme f\u00fcr Generationen\",\"publisher\":{\"@id\":\"https:\\\/\\\/www.amiblu.com\\\/it\\\/#organization\"},\"potentialAction\":[{\"@type\":\"SearchAction\",\"target\":{\"@type\":\"EntryPoint\",\"urlTemplate\":\"https:\\\/\\\/www.amiblu.com\\\/it\\\/?s={search_term_string}\"},\"query-input\":{\"@type\":\"PropertyValueSpecification\",\"valueRequired\":true,\"valueName\":\"search_term_string\"}}],\"inLanguage\":\"it-IT\"},{\"@type\":\"Organization\",\"@id\":\"https:\\\/\\\/www.amiblu.com\\\/it\\\/#organization\",\"name\":\"Amiblu Group\",\"url\":\"https:\\\/\\\/www.amiblu.com\\\/it\\\/\",\"logo\":{\"@type\":\"ImageObject\",\"inLanguage\":\"it-IT\",\"@id\":\"https:\\\/\\\/www.amiblu.com\\\/it\\\/#\\\/schema\\\/logo\\\/image\\\/\",\"url\":\"https:\\\/\\\/www.amiblu.com\\\/wp-content\\\/uploads\\\/2021\\\/01\\\/Amiblu-logo-website-1.png\",\"contentUrl\":\"https:\\\/\\\/www.amiblu.com\\\/wp-content\\\/uploads\\\/2021\\\/01\\\/Amiblu-logo-website-1.png\",\"width\":201,\"height\":38,\"caption\":\"Amiblu Group\"},\"image\":{\"@id\":\"https:\\\/\\\/www.amiblu.com\\\/it\\\/#\\\/schema\\\/logo\\\/image\\\/\"},\"sameAs\":[\"https:\\\/\\\/www.facebook.com\\\/amiblupipes\",\"https:\\\/\\\/www.youtube.com\\\/c\\\/Amiblu\",\"https:\\\/\\\/de.wikipedia.org\\\/wiki\\\/Amiblu\",\"https:\\\/\\\/www.linkedin.com\\\/company\\\/amiblupipes\\\/\"]}]}<\/script>\n<!-- \/ Yoast SEO Premium plugin. -->","yoast_head_json":{"title":"Energia idroelettrica - Amiblu","description":"Le tubazioni PRFV Amiblu per idroelettrico offrono facile posa, adattabilit\u00e0 e migliori rendimenti energetici.","robots":{"index":"index","follow":"follow","max-snippet":"max-snippet:-1","max-image-preview":"max-image-preview:large","max-video-preview":"max-video-preview:-1"},"canonical":"https:\/\/www.amiblu.com\/it\/energia-idroelettrica\/","og_locale":"it_IT","og_type":"article","og_title":"Energia idroelettrica","og_description":"Le tubazioni PRFV Amiblu per idroelettrico offrono facile posa, adattabilit\u00e0 e migliori rendimenti energetici.","og_url":"https:\/\/www.amiblu.com\/it\/energia-idroelettrica\/","og_site_name":"Amiblu","article_publisher":"https:\/\/www.facebook.com\/amiblupipes","article_modified_time":"2026-01-14T10:47:12+00:00","og_image":[{"width":900,"height":900,"url":"https:\/\/www.amiblu.com\/wp-content\/uploads\/Hydropower-plant-Auwehr-Austria-2023-900x900-1.jpg","type":"image\/jpeg"}],"twitter_card":"summary_large_image","twitter_misc":{"Tempo di lettura stimato":"2 minuti"},"schema":{"@context":"https:\/\/schema.org","@graph":[{"@type":"WebPage","@id":"https:\/\/www.amiblu.com\/it\/energia-idroelettrica\/","url":"https:\/\/www.amiblu.com\/it\/energia-idroelettrica\/","name":"Energia idroelettrica - Amiblu","isPartOf":{"@id":"https:\/\/www.amiblu.com\/it\/#website"},"primaryImageOfPage":{"@id":"https:\/\/www.amiblu.com\/it\/energia-idroelettrica\/#primaryimage"},"image":{"@id":"https:\/\/www.amiblu.com\/it\/energia-idroelettrica\/#primaryimage"},"thumbnailUrl":"https:\/\/www.amiblu.com\/wp-content\/uploads\/Hydropower-plant-Auwehr-Austria-2023-900x900-1.jpg","datePublished":"2025-10-15T10:13:41+00:00","dateModified":"2026-01-14T10:47:12+00:00","description":"Le tubazioni PRFV Amiblu per idroelettrico offrono facile posa, adattabilit\u00e0 e migliori rendimenti energetici.","inLanguage":"it-IT","potentialAction":[{"@type":"ReadAction","target":["https:\/\/www.amiblu.com\/it\/energia-idroelettrica\/"]}]},{"@type":"ImageObject","inLanguage":"it-IT","@id":"https:\/\/www.amiblu.com\/it\/energia-idroelettrica\/#primaryimage","url":"https:\/\/www.amiblu.com\/wp-content\/uploads\/Hydropower-plant-Auwehr-Austria-2023-900x900-1.jpg","contentUrl":"https:\/\/www.amiblu.com\/wp-content\/uploads\/Hydropower-plant-Auwehr-Austria-2023-900x900-1.jpg","width":900,"height":900,"caption":"Hydropower Pipeline with GRP-Couplings"},{"@type":"WebSite","@id":"https:\/\/www.amiblu.com\/it\/#website","url":"https:\/\/www.amiblu.com\/it\/","name":"Amiblu","description":"GFK-Rohrsysteme f\u00fcr Generationen","publisher":{"@id":"https:\/\/www.amiblu.com\/it\/#organization"},"potentialAction":[{"@type":"SearchAction","target":{"@type":"EntryPoint","urlTemplate":"https:\/\/www.amiblu.com\/it\/?s={search_term_string}"},"query-input":{"@type":"PropertyValueSpecification","valueRequired":true,"valueName":"search_term_string"}}],"inLanguage":"it-IT"},{"@type":"Organization","@id":"https:\/\/www.amiblu.com\/it\/#organization","name":"Amiblu Group","url":"https:\/\/www.amiblu.com\/it\/","logo":{"@type":"ImageObject","inLanguage":"it-IT","@id":"https:\/\/www.amiblu.com\/it\/#\/schema\/logo\/image\/","url":"https:\/\/www.amiblu.com\/wp-content\/uploads\/2021\/01\/Amiblu-logo-website-1.png","contentUrl":"https:\/\/www.amiblu.com\/wp-content\/uploads\/2021\/01\/Amiblu-logo-website-1.png","width":201,"height":38,"caption":"Amiblu Group"},"image":{"@id":"https:\/\/www.amiblu.com\/it\/#\/schema\/logo\/image\/"},"sameAs":["https:\/\/www.facebook.com\/amiblupipes","https:\/\/www.youtube.com\/c\/Amiblu","https:\/\/de.wikipedia.org\/wiki\/Amiblu","https:\/\/www.linkedin.com\/company\/amiblupipes\/"]}]}},"_links":{"self":[{"href":"https:\/\/www.amiblu.com\/it\/wp-json\/wp\/v2\/pages\/74543","targetHints":{"allow":["GET"]}}],"collection":[{"href":"https:\/\/www.amiblu.com\/it\/wp-json\/wp\/v2\/pages"}],"about":[{"href":"https:\/\/www.amiblu.com\/it\/wp-json\/wp\/v2\/types\/page"}],"author":[{"embeddable":true,"href":"https:\/\/www.amiblu.com\/it\/wp-json\/wp\/v2\/users\/8"}],"replies":[{"embeddable":true,"href":"https:\/\/www.amiblu.com\/it\/wp-json\/wp\/v2\/comments?post=74543"}],"version-history":[{"count":8,"href":"https:\/\/www.amiblu.com\/it\/wp-json\/wp\/v2\/pages\/74543\/revisions"}],"predecessor-version":[{"id":76505,"href":"https:\/\/www.amiblu.com\/it\/wp-json\/wp\/v2\/pages\/74543\/revisions\/76505"}],"wp:featuredmedia":[{"embeddable":true,"href":"https:\/\/www.amiblu.com\/it\/wp-json\/wp\/v2\/media\/73340"}],"wp:attachment":[{"href":"https:\/\/www.amiblu.com\/it\/wp-json\/wp\/v2\/media?parent=74543"}],"curies":[{"name":"wp","href":"https:\/\/api.w.org\/{rel}","templated":true}]}}