{"id":38516,"date":"2021-07-14T11:38:32","date_gmt":"2021-07-14T09:38:32","guid":{"rendered":"https:\/\/www.amiblu.com\/?page_id=38516"},"modified":"2023-03-07T16:01:44","modified_gmt":"2023-03-07T15:01:44","slug":"rorpressingsror","status":"publish","type":"page","link":"https:\/\/www.amiblu.com\/no\/rorpressingsror\/","title":{"rendered":"R\u00f8rpressingsr\u00f8r"},"content":{"rendered":"\n<style type=\"text\/css\" data-created_by=\"avia_inline_auto\" id=\"style-css-av-499ldbo-9a26d2af723f32a8b0ce2c2d7ea29b55\">\n.avia-section.av-499ldbo-9a26d2af723f32a8b0ce2c2d7ea29b55 .av-parallax .av-parallax-inner{\nbackground-repeat:no-repeat;\nbackground-image:url(https:\/\/www.amiblu.com\/wp-content\/uploads\/Amiblu-GRP-pipes-jacking-project-Crescenza-Rome.webp);\nbackground-position:50% 50%;\nbackground-attachment:scroll;\n}\n.avia-section.av-499ldbo-9a26d2af723f32a8b0ce2c2d7ea29b55 .av-section-color-overlay{\nopacity:0.5;\nbackground-color:#0a0a0a;\n}\n<\/style>\n<div id='av_section_1'  class='avia-section av-499ldbo-9a26d2af723f32a8b0ce2c2d7ea29b55 main_color avia-section-default avia-no-border-styling  avia-builder-el-0  el_before_av_section  avia-builder-el-first  amiblu-content amiblu-page-hero av-parallax-section avia-bg-style-parallax av-section-color-overlay-active container_wrap fullsize'  data-section-bg-repeat='no-repeat'><div class='av-parallax' data-avia-parallax-ratio='0.3' ><div class='av-parallax-inner main_color avia-full-stretch'><\/div><\/div><div class=\"av-section-color-overlay-wrap\"><div class=\"av-section-color-overlay\"><\/div><div class='container av-section-cont-open' ><main  role=\"main\" itemprop=\"mainContentOfPage\"  class='template-page content  av-content-full alpha units'><div class='post-entry post-entry-type-page post-entry-38516'><div class='entry-content-wrapper clearfix'>\n\n<style type=\"text\/css\" data-created_by=\"avia_inline_auto\" id=\"style-css-av-44ilodw-5d8a4c0220a253e766674a7ed8caa6fe\">\n.flex_column.av-44ilodw-5d8a4c0220a253e766674a7ed8caa6fe{\nborder-radius:0px 0px 0px 0px;\npadding:0 0 0 0;\n}\n<\/style>\n<div  class='flex_column av-44ilodw-5d8a4c0220a253e766674a7ed8caa6fe av_three_fifth  avia-builder-el-1  avia-builder-el-no-sibling  white-content first flex_column_div av-zero-column-padding  '     ><p>\n<style type=\"text\/css\" data-created_by=\"avia_inline_auto\" id=\"style-css-av-leyabfsw-d4d620f2d283e692e84824ecac7a5b36\">\n#top .av-special-heading.av-leyabfsw-d4d620f2d283e692e84824ecac7a5b36{\npadding-bottom:10px;\n}\nbody .av-special-heading.av-leyabfsw-d4d620f2d283e692e84824ecac7a5b36 .av-special-heading-tag .heading-char{\nfont-size:25px;\n}\n.av-special-heading.av-leyabfsw-d4d620f2d283e692e84824ecac7a5b36 .av-subheading{\nfont-size:15px;\n}\n<\/style>\n<div  class='av-special-heading av-leyabfsw-d4d620f2d283e692e84824ecac7a5b36 av-special-heading-h1  avia-builder-el-2  el_before_av_textblock  avia-builder-el-first '><h1 class='av-special-heading-tag '  itemprop=\"headline\"  >Amiblu r\u00f8rpressingsr\u00f8r<\/h1><div class=\"special-heading-border\"><div class=\"special-heading-inner-border\"><\/div><\/div><\/div><br \/>\n\n<style type=\"text\/css\" data-created_by=\"avia_inline_auto\" id=\"style-css-av-leyaf4h0-4b249448e60463aa93231bd4ec592a0b\">\n#top .av_textblock_section.av-leyaf4h0-4b249448e60463aa93231bd4ec592a0b .avia_textblock{\nfont-size:20px;\n}\n<\/style>\n<section  class='av_textblock_section av-leyaf4h0-4b249448e60463aa93231bd4ec592a0b '   itemscope=\"itemscope\" itemtype=\"https:\/\/schema.org\/CreativeWork\" ><div class='avia_textblock sub-heading'  itemprop=\"text\" ><p>GRP-r\u00f8r med utmerket trykkfasthet for \u00e5 motst\u00e5 h\u00f8ye press krefter. Brukes vanligvis til r\u00f8rpressing under motorveier og jernbanespor og i tett befolkede byer.<\/p>\n<\/div><\/section><\/p><\/div>\n\n<\/div><\/div><\/main><!-- close content main element --><\/div><\/div><\/div>\n<style type=\"text\/css\" data-created_by=\"avia_inline_auto\" id=\"style-css-av-chait0-a89de54c2e5c7adf44a50153f163582f\">\n.avia-section.av-chait0-a89de54c2e5c7adf44a50153f163582f{\nbackground-color:#f2f4f8;\nbackground-image:unset;\n}\n<\/style>\n<div id='av_section_2'  class='avia-section av-chait0-a89de54c2e5c7adf44a50153f163582f main_color avia-section-default avia-no-border-styling  avia-builder-el-4  el_after_av_section  el_before_av_section  avia-bg-style-scroll container_wrap fullsize'  ><div class='container av-section-cont-open' ><div class='template-page content  av-content-full alpha units'><div class='post-entry post-entry-type-page post-entry-38516'><div class='entry-content-wrapper clearfix'>\n\n<style type=\"text\/css\" data-created_by=\"avia_inline_auto\" id=\"style-css-av-37khx10-f508b52e7cde0ed64e2fba379c4db47b\">\n.flex_column.av-37khx10-f508b52e7cde0ed64e2fba379c4db47b{\nborder-radius:0px 0px 0px 0px;\npadding:0px 0px 0px 0px;\n}\n<\/style>\n<div  class='flex_column av-37khx10-f508b52e7cde0ed64e2fba379c4db47b av_two_third  avia-builder-el-5  avia-builder-el-no-sibling  first flex_column_div av-zero-column-padding  '     ><style type=\"text\/css\" data-created_by=\"avia_inline_auto\" id=\"style-css-av-leyaccp5-58fa0c8d59836bebaff69184c93d4627\">\n#top .av_textblock_section.av-leyaccp5-58fa0c8d59836bebaff69184c93d4627 .avia_textblock{\nfont-size:20px;\n}\n\n@media only screen and (min-width: 480px) and (max-width: 767px){ \n#top .av_textblock_section.av-leyaccp5-58fa0c8d59836bebaff69184c93d4627 .avia_textblock{\nfont-size:18px;\n}\n}\n\n@media only screen and (max-width: 479px){ \n#top .av_textblock_section.av-leyaccp5-58fa0c8d59836bebaff69184c93d4627 .avia_textblock{\nfont-size:16px;\n}\n}\n<\/style>\n<section  class='av_textblock_section av-leyaccp5-58fa0c8d59836bebaff69184c93d4627 '   itemscope=\"itemscope\" itemtype=\"https:\/\/schema.org\/CreativeWork\" ><div class='avia_textblock'  itemprop=\"text\" ><p>Med sin h\u00f8ye styrke, lette vekt, glatte indre og ytre overflate og lange levetid, er Amiblu r\u00f8r perfekt egnet for\u00a0<strong>gr\u00f8ftel\u00f8se bruksomr\u00e5der som r\u00f8rpressing og relining<\/strong>.<\/p>\n<\/div><\/section><\/div>\n\n<\/div><\/div><\/div><!-- close content main div --><\/div><\/div>\n<style type=\"text\/css\" data-created_by=\"avia_inline_auto\" id=\"style-css-av-2qsb8c4-4469ed93fbcda31b478225c920af5ac5\">\n.avia-section.av-2qsb8c4-4469ed93fbcda31b478225c920af5ac5{\nbackground-color:#f2f4f8;\nbackground-image:unset;\n}\n<\/style>\n<div id='av_section_3'  class='avia-section av-2qsb8c4-4469ed93fbcda31b478225c920af5ac5 main_color avia-section-default avia-no-border-styling  avia-builder-el-7  el_after_av_section  el_before_av_section  productpage avia-bg-style-scroll container_wrap fullsize'  ><div class='container av-section-cont-open' ><div class='template-page content  av-content-full alpha units'><div class='post-entry post-entry-type-page post-entry-38516'><div class='entry-content-wrapper clearfix'>\n<div  class='togglecontainer av-leyabyif-e478b344ffbaefeff010cfe2394ce5e8  avia-builder-el-8  avia-builder-el-no-sibling  downloadliste toggle_close_all' >\n<section class='av_toggle_section av-leyabwmc-e830e27ef11e1fdb4a123215032387b3'  itemscope=\"itemscope\" itemtype=\"https:\/\/schema.org\/CreativeWork\" ><div role=\"tablist\" class=\"single_toggle\" data-tags=\"{Alle} \"  ><p id='toggle-rorpressingsror' data-fake-id='#rorpressingsror' class='toggler  activeTitle av-title-above '  itemprop=\"headline\"  role='tab' tabindex='0' aria-controls='rorpressingsror' data-slide-speed=\"200\" data-title=\"R\u00f8rpressingsr\u00f8r\" data-title-open=\"\" data-aria_collapsed=\"Click to expand: R\u00f8rpressingsr\u00f8r\" data-aria_expanded=\"Click to collapse: R\u00f8rpressingsr\u00f8r\">R\u00f8rpressingsr\u00f8r<span class=\"toggle_icon\"><span class=\"vert_icon\"><\/span><span class=\"hor_icon\"><\/span><\/span><\/p><div id='rorpressingsror' aria-labelledby='toggle-rorpressingsror' role='region' class='toggle_wrap  active_tc av-title-above' style='display:block;' ><div class='toggle_content invers-color '  itemprop=\"text\" ><div class=\"nav1\"><\/div>\n<div class=\"eintrag1\"><\/div>\n<\/div><\/div><\/div><\/section>\n<\/div>\n<\/div><\/div><\/div><!-- close content main div --><\/div><\/div><div id='av_section_4' aria-label='HOBAS R\u00d8RPRESSINGSR\u00d8R' class='avia-section av-leyafxvb-4ca80cec3c4303e496cce690e7f0ae70 main_color avia-section-default avia-no-border-styling  avia-builder-el-9  el_after_av_section  avia-builder-el-last  box_element1 avia-bg-style-scroll container_wrap fullsize'  ><div class='container av-section-cont-open' ><div class='template-page content  av-content-full alpha units'><div class='post-entry post-entry-type-page post-entry-38516'><div class='entry-content-wrapper clearfix'>\n\n<style type=\"text\/css\" data-created_by=\"avia_inline_auto\" id=\"style-css-av-29h93ro-b5b4ee8e82a0d69f31307cf01f397d3e\">\n.flex_column.av-29h93ro-b5b4ee8e82a0d69f31307cf01f397d3e{\nborder-radius:0px 0px 0px 0px;\npadding:0px 0px 0px 0px;\n}\n<\/style>\n<div  class='flex_column av-29h93ro-b5b4ee8e82a0d69f31307cf01f397d3e av_one_fourth  avia-builder-el-10  el_before_av_one_third  avia-builder-el-first  first flex_column_div av-zero-column-padding  '     ><style type=\"text\/css\" data-created_by=\"avia_inline_auto\" id=\"style-css-av-1jevt84-521dc330156b0b63cfff1fa18b08adad\">\n.avia-image-container.av-1jevt84-521dc330156b0b63cfff1fa18b08adad img.avia_image{\nbox-shadow:none;\n}\n.avia-image-container.av-1jevt84-521dc330156b0b63cfff1fa18b08adad .av-image-caption-overlay-center{\ncolor:#ffffff;\n}\n<\/style>\n<div  class='avia-image-container av-1jevt84-521dc330156b0b63cfff1fa18b08adad av-styling- avia-align-center  avia-builder-el-11  avia-builder-el-no-sibling '   itemprop=\"image\" itemscope=\"itemscope\" itemtype=\"https:\/\/schema.org\/ImageObject\" ><div class=\"avia-image-container-inner\"><div class=\"avia-image-overlay-wrap\"><img fetchpriority=\"high\" decoding=\"async\" fetchpriority=\"high\" fetchpriority=\"high\" class='wp-image-36192 avia-img-lazy-loading-not-36192 avia_image ' src=\"https:\/\/www.amiblu.com\/wp-content\/uploads\/Hobas-jacking-pipe.png\" alt='Hobas jacking pipe' title='Hobas-jacking-pipe'  height=\"250\" width=\"250\"  itemprop=\"thumbnailUrl\" srcset=\"https:\/\/www.amiblu.com\/wp-content\/uploads\/Hobas-jacking-pipe.png 250w, https:\/\/www.amiblu.com\/wp-content\/uploads\/Hobas-jacking-pipe-80x80.png 80w, https:\/\/www.amiblu.com\/wp-content\/uploads\/Hobas-jacking-pipe-36x36.png 36w, https:\/\/www.amiblu.com\/wp-content\/uploads\/Hobas-jacking-pipe-180x180.png 180w\" sizes=\"(max-width: 250px) 100vw, 250px\" \/><\/div><\/div><\/div><\/div>\n<style type=\"text\/css\" data-created_by=\"avia_inline_auto\" id=\"style-css-av-ywmb3o-46a0fedff5d87b244a035f1f4aead3c8\">\n.flex_column.av-ywmb3o-46a0fedff5d87b244a035f1f4aead3c8{\nborder-radius:0px 0px 0px 0px;\npadding:0px 0px 0px 0px;\n}\n<\/style>\n<div  class='flex_column av-ywmb3o-46a0fedff5d87b244a035f1f4aead3c8 av_one_third  avia-builder-el-12  el_after_av_one_fourth  el_before_av_two_fifth  flex_column_div av-zero-column-padding  '     ><section  class='av_textblock_section av-leyag9di-acec12cff7116ee4b4567df9438bbe1d '   itemscope=\"itemscope\" itemtype=\"https:\/\/schema.org\/CreativeWork\" ><div class='avia_textblock'  itemprop=\"text\" ><p>Hobas r\u00f8r designet for \u00e5 motst\u00e5 h\u00f8ye press krefter. Brukes vanligvis til r\u00f8rpressing under konstruksjoner som veier og jernbaner. Holdbarhet mot h\u00f8ytrykksspyling er i henhold til DIN 19523.<\/p>\n<\/div><\/section><\/div>\n<style type=\"text\/css\" data-created_by=\"avia_inline_auto\" id=\"style-css-av-vszj6c-18573e62fcc002d37f06ecd1cbc64c39\">\n.flex_column.av-vszj6c-18573e62fcc002d37f06ecd1cbc64c39{\nborder-radius:0px 0px 0px 0px;\npadding:0px 0px 0px 0px;\n}\n<\/style>\n<div  class='flex_column av-vszj6c-18573e62fcc002d37f06ecd1cbc64c39 av_two_fifth  avia-builder-el-14  el_after_av_one_third  avia-builder-el-last  flex_column_div av-zero-column-padding  '     ><div class='avia-data-table-wrap av-1a1a2f-5237cce4737fc47cb2d79b4e154ed111 avia_responsive_table avia-table-1'><table  class='avia-table avia-data-table avia_pricing_default  avia-builder-el-15  avia-builder-el-no-sibling '  itemscope=\"itemscope\" itemtype=\"https:\/\/schema.org\/Table\" ><tbody><tr class=''><td class=''>Diameteromr\u00e5de (de)<\/td><td class=''>272-3600 mm<br \/>\n<\/td><\/tr><tr class=''><td class=''>Trykk (PN)<\/td><td class=''>opp til 16 bar<\/td><\/tr><tr class=''><td class=''>Nominelle lengder<\/td><td class=''>1, 1,5, 2, 3, 6 m<\/td><\/tr><tr class=''><td class=''>Stivhet (SN)<\/td><td class=''>32000 opp til 1000000 N\/m\u00b2<\/td><\/tr><\/tbody><\/table><\/div><\/div>\n<\/p>\n","protected":false},"excerpt":{"rendered":"","protected":false},"author":8,"featured_media":55129,"parent":0,"menu_order":14,"comment_status":"closed","ping_status":"closed","template":"","meta":{"_acf_changed":false,"footnotes":""},"class_list":["post-38516","page","type-page","status-publish","has-post-thumbnail","hentry"],"acf":[],"yoast_head":"<!-- This site is optimized with the Yoast SEO Premium plugin v27.3 (Yoast SEO v27.4) - https:\/\/yoast.com\/product\/yoast-seo-premium-wordpress\/ -->\n<title>Amiblu r\u00f8rpressingsr\u00f8r<\/title>\n<meta name=\"description\" content=\"Med sin h\u00f8ye styrke, lette vekt, glatte indre og ytre overflate og lange levetid, er Amiblu r\u00f8r perfekt egnet for gr\u00f8ftel\u00f8se bruksomr\u00e5der som r\u00f8rpressing og relining.\" \/>\n<meta name=\"robots\" content=\"index, follow, max-snippet:-1, max-image-preview:large, max-video-preview:-1\" \/>\n<link rel=\"canonical\" href=\"https:\/\/www.amiblu.com\/no\/rorpressingsror\/\" \/>\n<meta property=\"og:locale\" content=\"nb_NO\" \/>\n<meta property=\"og:type\" content=\"article\" \/>\n<meta property=\"og:title\" content=\"R\u00f8rpressingsr\u00f8r\" \/>\n<meta property=\"og:description\" content=\"Med sin h\u00f8ye styrke, lette vekt, glatte indre og ytre overflate og lange levetid, er Amiblu r\u00f8r perfekt egnet for gr\u00f8ftel\u00f8se bruksomr\u00e5der som r\u00f8rpressing og relining.\" \/>\n<meta property=\"og:url\" content=\"https:\/\/www.amiblu.com\/no\/rorpressingsror\/\" \/>\n<meta property=\"og:site_name\" content=\"Amiblu\" \/>\n<meta property=\"article:publisher\" content=\"https:\/\/www.facebook.com\/amiblupipes\" \/>\n<meta property=\"article:modified_time\" content=\"2023-03-07T15:01:44+00:00\" \/>\n<meta property=\"og:image\" content=\"https:\/\/www.amiblu.com\/wp-content\/uploads\/Amiblu-GRP-pipes-jacking-project-Crescenza-Rome.webp\" \/>\n\t<meta property=\"og:image:width\" content=\"1920\" \/>\n\t<meta property=\"og:image:height\" content=\"917\" \/>\n\t<meta property=\"og:image:type\" content=\"image\/webp\" \/>\n<meta name=\"twitter:card\" content=\"summary_large_image\" \/>\n<meta name=\"twitter:label1\" content=\"Ansl. lesetid\" \/>\n\t<meta name=\"twitter:data1\" content=\"4 minutter\" \/>\n<script type=\"application\/ld+json\" class=\"yoast-schema-graph\">{\"@context\":\"https:\\\/\\\/schema.org\",\"@graph\":[{\"@type\":\"WebPage\",\"@id\":\"https:\\\/\\\/www.amiblu.com\\\/no\\\/rorpressingsror\\\/\",\"url\":\"https:\\\/\\\/www.amiblu.com\\\/no\\\/rorpressingsror\\\/\",\"name\":\"Amiblu r\u00f8rpressingsr\u00f8r\",\"isPartOf\":{\"@id\":\"https:\\\/\\\/www.amiblu.com\\\/no\\\/#website\"},\"primaryImageOfPage\":{\"@id\":\"https:\\\/\\\/www.amiblu.com\\\/no\\\/rorpressingsror\\\/#primaryimage\"},\"image\":{\"@id\":\"https:\\\/\\\/www.amiblu.com\\\/no\\\/rorpressingsror\\\/#primaryimage\"},\"thumbnailUrl\":\"https:\\\/\\\/www.amiblu.com\\\/wp-content\\\/uploads\\\/Amiblu-GRP-pipes-jacking-project-Crescenza-Rome.webp\",\"datePublished\":\"2021-07-14T09:38:32+00:00\",\"dateModified\":\"2023-03-07T15:01:44+00:00\",\"description\":\"Med sin h\u00f8ye styrke, lette vekt, glatte indre og ytre overflate og lange levetid, er Amiblu r\u00f8r perfekt egnet for gr\u00f8ftel\u00f8se bruksomr\u00e5der som r\u00f8rpressing og relining.\",\"inLanguage\":\"nb-NO\",\"potentialAction\":[{\"@type\":\"ReadAction\",\"target\":[\"https:\\\/\\\/www.amiblu.com\\\/no\\\/rorpressingsror\\\/\"]}]},{\"@type\":\"ImageObject\",\"inLanguage\":\"nb-NO\",\"@id\":\"https:\\\/\\\/www.amiblu.com\\\/no\\\/rorpressingsror\\\/#primaryimage\",\"url\":\"https:\\\/\\\/www.amiblu.com\\\/wp-content\\\/uploads\\\/Amiblu-GRP-pipes-jacking-project-Crescenza-Rome.webp\",\"contentUrl\":\"https:\\\/\\\/www.amiblu.com\\\/wp-content\\\/uploads\\\/Amiblu-GRP-pipes-jacking-project-Crescenza-Rome.webp\",\"width\":1920,\"height\":917,\"caption\":\"Amiblu GRP pipes for jacking project Crescenza in Rome, Italy\"},{\"@type\":\"WebSite\",\"@id\":\"https:\\\/\\\/www.amiblu.com\\\/no\\\/#website\",\"url\":\"https:\\\/\\\/www.amiblu.com\\\/no\\\/\",\"name\":\"Amiblu\",\"description\":\"GFK-Rohrsysteme f\u00fcr Generationen\",\"publisher\":{\"@id\":\"https:\\\/\\\/www.amiblu.com\\\/no\\\/#organization\"},\"potentialAction\":[{\"@type\":\"SearchAction\",\"target\":{\"@type\":\"EntryPoint\",\"urlTemplate\":\"https:\\\/\\\/www.amiblu.com\\\/no\\\/?s={search_term_string}\"},\"query-input\":{\"@type\":\"PropertyValueSpecification\",\"valueRequired\":true,\"valueName\":\"search_term_string\"}}],\"inLanguage\":\"nb-NO\"},{\"@type\":\"Organization\",\"@id\":\"https:\\\/\\\/www.amiblu.com\\\/no\\\/#organization\",\"name\":\"Amiblu Group\",\"url\":\"https:\\\/\\\/www.amiblu.com\\\/no\\\/\",\"logo\":{\"@type\":\"ImageObject\",\"inLanguage\":\"nb-NO\",\"@id\":\"https:\\\/\\\/www.amiblu.com\\\/no\\\/#\\\/schema\\\/logo\\\/image\\\/\",\"url\":\"https:\\\/\\\/www.amiblu.com\\\/wp-content\\\/uploads\\\/2021\\\/01\\\/Amiblu-logo-website-1.png\",\"contentUrl\":\"https:\\\/\\\/www.amiblu.com\\\/wp-content\\\/uploads\\\/2021\\\/01\\\/Amiblu-logo-website-1.png\",\"width\":201,\"height\":38,\"caption\":\"Amiblu Group\"},\"image\":{\"@id\":\"https:\\\/\\\/www.amiblu.com\\\/no\\\/#\\\/schema\\\/logo\\\/image\\\/\"},\"sameAs\":[\"https:\\\/\\\/www.facebook.com\\\/amiblupipes\",\"https:\\\/\\\/www.youtube.com\\\/c\\\/Amiblu\",\"https:\\\/\\\/de.wikipedia.org\\\/wiki\\\/Amiblu\",\"https:\\\/\\\/www.linkedin.com\\\/company\\\/amiblupipes\\\/\"]}]}<\/script>\n<!-- \/ Yoast SEO Premium plugin. -->","yoast_head_json":{"title":"Amiblu r\u00f8rpressingsr\u00f8r","description":"Med sin h\u00f8ye styrke, lette vekt, glatte indre og ytre overflate og lange levetid, er Amiblu r\u00f8r perfekt egnet for gr\u00f8ftel\u00f8se bruksomr\u00e5der som r\u00f8rpressing og relining.","robots":{"index":"index","follow":"follow","max-snippet":"max-snippet:-1","max-image-preview":"max-image-preview:large","max-video-preview":"max-video-preview:-1"},"canonical":"https:\/\/www.amiblu.com\/no\/rorpressingsror\/","og_locale":"nb_NO","og_type":"article","og_title":"R\u00f8rpressingsr\u00f8r","og_description":"Med sin h\u00f8ye styrke, lette vekt, glatte indre og ytre overflate og lange levetid, er Amiblu r\u00f8r perfekt egnet for gr\u00f8ftel\u00f8se bruksomr\u00e5der som r\u00f8rpressing og relining.","og_url":"https:\/\/www.amiblu.com\/no\/rorpressingsror\/","og_site_name":"Amiblu","article_publisher":"https:\/\/www.facebook.com\/amiblupipes","article_modified_time":"2023-03-07T15:01:44+00:00","og_image":[{"width":1920,"height":917,"url":"https:\/\/www.amiblu.com\/wp-content\/uploads\/Amiblu-GRP-pipes-jacking-project-Crescenza-Rome.webp","type":"image\/webp"}],"twitter_card":"summary_large_image","twitter_misc":{"Ansl. lesetid":"4 minutter"},"schema":{"@context":"https:\/\/schema.org","@graph":[{"@type":"WebPage","@id":"https:\/\/www.amiblu.com\/no\/rorpressingsror\/","url":"https:\/\/www.amiblu.com\/no\/rorpressingsror\/","name":"Amiblu r\u00f8rpressingsr\u00f8r","isPartOf":{"@id":"https:\/\/www.amiblu.com\/no\/#website"},"primaryImageOfPage":{"@id":"https:\/\/www.amiblu.com\/no\/rorpressingsror\/#primaryimage"},"image":{"@id":"https:\/\/www.amiblu.com\/no\/rorpressingsror\/#primaryimage"},"thumbnailUrl":"https:\/\/www.amiblu.com\/wp-content\/uploads\/Amiblu-GRP-pipes-jacking-project-Crescenza-Rome.webp","datePublished":"2021-07-14T09:38:32+00:00","dateModified":"2023-03-07T15:01:44+00:00","description":"Med sin h\u00f8ye styrke, lette vekt, glatte indre og ytre overflate og lange levetid, er Amiblu r\u00f8r perfekt egnet for gr\u00f8ftel\u00f8se bruksomr\u00e5der som r\u00f8rpressing og relining.","inLanguage":"nb-NO","potentialAction":[{"@type":"ReadAction","target":["https:\/\/www.amiblu.com\/no\/rorpressingsror\/"]}]},{"@type":"ImageObject","inLanguage":"nb-NO","@id":"https:\/\/www.amiblu.com\/no\/rorpressingsror\/#primaryimage","url":"https:\/\/www.amiblu.com\/wp-content\/uploads\/Amiblu-GRP-pipes-jacking-project-Crescenza-Rome.webp","contentUrl":"https:\/\/www.amiblu.com\/wp-content\/uploads\/Amiblu-GRP-pipes-jacking-project-Crescenza-Rome.webp","width":1920,"height":917,"caption":"Amiblu GRP pipes for jacking project Crescenza in Rome, Italy"},{"@type":"WebSite","@id":"https:\/\/www.amiblu.com\/no\/#website","url":"https:\/\/www.amiblu.com\/no\/","name":"Amiblu","description":"GFK-Rohrsysteme f\u00fcr Generationen","publisher":{"@id":"https:\/\/www.amiblu.com\/no\/#organization"},"potentialAction":[{"@type":"SearchAction","target":{"@type":"EntryPoint","urlTemplate":"https:\/\/www.amiblu.com\/no\/?s={search_term_string}"},"query-input":{"@type":"PropertyValueSpecification","valueRequired":true,"valueName":"search_term_string"}}],"inLanguage":"nb-NO"},{"@type":"Organization","@id":"https:\/\/www.amiblu.com\/no\/#organization","name":"Amiblu Group","url":"https:\/\/www.amiblu.com\/no\/","logo":{"@type":"ImageObject","inLanguage":"nb-NO","@id":"https:\/\/www.amiblu.com\/no\/#\/schema\/logo\/image\/","url":"https:\/\/www.amiblu.com\/wp-content\/uploads\/2021\/01\/Amiblu-logo-website-1.png","contentUrl":"https:\/\/www.amiblu.com\/wp-content\/uploads\/2021\/01\/Amiblu-logo-website-1.png","width":201,"height":38,"caption":"Amiblu Group"},"image":{"@id":"https:\/\/www.amiblu.com\/no\/#\/schema\/logo\/image\/"},"sameAs":["https:\/\/www.facebook.com\/amiblupipes","https:\/\/www.youtube.com\/c\/Amiblu","https:\/\/de.wikipedia.org\/wiki\/Amiblu","https:\/\/www.linkedin.com\/company\/amiblupipes\/"]}]}},"_links":{"self":[{"href":"https:\/\/www.amiblu.com\/no\/wp-json\/wp\/v2\/pages\/38516","targetHints":{"allow":["GET"]}}],"collection":[{"href":"https:\/\/www.amiblu.com\/no\/wp-json\/wp\/v2\/pages"}],"about":[{"href":"https:\/\/www.amiblu.com\/no\/wp-json\/wp\/v2\/types\/page"}],"author":[{"embeddable":true,"href":"https:\/\/www.amiblu.com\/no\/wp-json\/wp\/v2\/users\/8"}],"replies":[{"embeddable":true,"href":"https:\/\/www.amiblu.com\/no\/wp-json\/wp\/v2\/comments?post=38516"}],"version-history":[{"count":8,"href":"https:\/\/www.amiblu.com\/no\/wp-json\/wp\/v2\/pages\/38516\/revisions"}],"predecessor-version":[{"id":56069,"href":"https:\/\/www.amiblu.com\/no\/wp-json\/wp\/v2\/pages\/38516\/revisions\/56069"}],"wp:featuredmedia":[{"embeddable":true,"href":"https:\/\/www.amiblu.com\/no\/wp-json\/wp\/v2\/media\/55129"}],"wp:attachment":[{"href":"https:\/\/www.amiblu.com\/no\/wp-json\/wp\/v2\/media?parent=38516"}],"curies":[{"name":"wp","href":"https:\/\/api.w.org\/{rel}","templated":true}]}}