{"id":58816,"date":"2023-06-26T09:09:25","date_gmt":"2023-06-26T07:09:25","guid":{"rendered":"https:\/\/www.amiblu.com\/?page_id=58816"},"modified":"2023-06-26T09:31:08","modified_gmt":"2023-06-26T07:31:08","slug":"apenhetsloven","status":"publish","type":"page","link":"https:\/\/www.amiblu.com\/no\/apenhetsloven\/","title":{"rendered":"\u00c5penhetsloven"},"content":{"rendered":"\n<style type=\"text\/css\" data-created_by=\"avia_inline_auto\" id=\"style-css-av-157ggou-40b811c935205336245f5766b1d4ce60\">\n#top .av-special-heading.av-157ggou-40b811c935205336245f5766b1d4ce60{\npadding-bottom:10px;\n}\nbody .av-special-heading.av-157ggou-40b811c935205336245f5766b1d4ce60 .av-special-heading-tag .heading-char{\nfont-size:25px;\n}\n.av-special-heading.av-157ggou-40b811c935205336245f5766b1d4ce60 .av-subheading{\nfont-size:15px;\n}\n<\/style>\n<div  class='av-special-heading av-157ggou-40b811c935205336245f5766b1d4ce60 av-special-heading-h1 blockquote modern-quote  avia-builder-el-0  el_before_av_hr  avia-builder-el-first '><h1 class='av-special-heading-tag '  itemprop=\"headline\"  >Redegj\u00f8relse om \u00c5penhetsloven<\/h1><div class=\"special-heading-border\"><div class=\"special-heading-inner-border\"><\/div><\/div><\/div>\n\n<style type=\"text\/css\" data-created_by=\"avia_inline_auto\" id=\"style-css-av-ljcj4plq-f5dad52c2a5a0f2716d16f83137b4132\">\n#top .hr.hr-invisible.av-ljcj4plq-f5dad52c2a5a0f2716d16f83137b4132{\nheight:20px;\n}\n<\/style>\n<div  class='hr av-ljcj4plq-f5dad52c2a5a0f2716d16f83137b4132 hr-invisible  avia-builder-el-1  el_after_av_heading  el_before_av_textblock '><span class='hr-inner '><span class=\"hr-inner-style\"><\/span><\/span><\/div>\n\n<style type=\"text\/css\" data-created_by=\"avia_inline_auto\" id=\"style-css-av-kkxz0h4p-ee93963d1b78d84a3119655abf7ac652\">\n#top .av_textblock_section.av-kkxz0h4p-ee93963d1b78d84a3119655abf7ac652 .avia_textblock{\nfont-size:20px;\n}\n<\/style>\n<section  class='av_textblock_section av-kkxz0h4p-ee93963d1b78d84a3119655abf7ac652 '   itemscope=\"itemscope\" itemtype=\"https:\/\/schema.org\/CreativeWork\" ><div class='avia_textblock'  itemprop=\"text\" ><ul>\n<li>Amiblu Technology AS\u00a0\u00a0<i class=\"qode_icon_font_awesome fa fa-download qode_icon_element\"><\/i> <a href=\"https:\/\/www.amiblu.com\/wp-content\/uploads\/Amiblu-Technology-AS-Redegjorelse-Apenhetsloven.pdf\" target=\"_blank\" rel=\"noopener\">Mer informasjon<\/a><\/li>\n<li>Amiblu Norway AS\u00a0\u00a0<i class=\"qode_icon_font_awesome fa fa-download qode_icon_element\"><\/i> <a href=\"https:\/\/www.amiblu.com\/wp-content\/uploads\/Amiblu-Norway-AS-Redegjorelse-Apenhetsloven.pdf\" target=\"_blank\" rel=\"noopener\">Mer informasjon<\/a><\/li>\n<\/ul>\n<\/div><\/section>\n","protected":false},"excerpt":{"rendered":"","protected":false},"author":8,"featured_media":0,"parent":0,"menu_order":200,"comment_status":"closed","ping_status":"closed","template":"","meta":{"_acf_changed":false,"footnotes":""},"class_list":["post-58816","page","type-page","status-publish","hentry"],"acf":[],"yoast_head":"<!-- This site is optimized with the Yoast SEO Premium plugin v27.3 (Yoast SEO v27.4) - https:\/\/yoast.com\/product\/yoast-seo-premium-wordpress\/ -->\n<title>\u00c5penhetsloven - Amiblu<\/title>\n<meta name=\"description\" content=\"Redegj\u00f8relse om \u00c5penhetsloven Amiblu Norway AS &amp; Amiblu Technology AS\" \/>\n<meta name=\"robots\" content=\"index, follow, max-snippet:-1, max-image-preview:large, max-video-preview:-1\" \/>\n<link rel=\"canonical\" href=\"https:\/\/www.amiblu.com\/no\/apenhetsloven\/\" \/>\n<meta property=\"og:locale\" content=\"nb_NO\" \/>\n<meta property=\"og:type\" content=\"article\" \/>\n<meta property=\"og:title\" content=\"\u00c5penhetsloven\" \/>\n<meta property=\"og:description\" content=\"Redegj\u00f8relse om \u00c5penhetsloven Amiblu Norway AS &amp; Amiblu Technology AS\" \/>\n<meta property=\"og:url\" content=\"https:\/\/www.amiblu.com\/no\/apenhetsloven\/\" \/>\n<meta property=\"og:site_name\" content=\"Amiblu\" \/>\n<meta property=\"article:publisher\" content=\"https:\/\/www.facebook.com\/amiblupipes\" \/>\n<meta property=\"article:modified_time\" content=\"2023-06-26T07:31:08+00:00\" \/>\n<meta name=\"twitter:card\" content=\"summary_large_image\" \/>\n<meta name=\"twitter:label1\" content=\"Ansl. lesetid\" \/>\n\t<meta name=\"twitter:data1\" content=\"1 minutt\" \/>\n<script type=\"application\/ld+json\" class=\"yoast-schema-graph\">{\"@context\":\"https:\\\/\\\/schema.org\",\"@graph\":[{\"@type\":\"WebPage\",\"@id\":\"https:\\\/\\\/www.amiblu.com\\\/no\\\/apenhetsloven\\\/\",\"url\":\"https:\\\/\\\/www.amiblu.com\\\/no\\\/apenhetsloven\\\/\",\"name\":\"\u00c5penhetsloven - Amiblu\",\"isPartOf\":{\"@id\":\"https:\\\/\\\/www.amiblu.com\\\/no\\\/#website\"},\"datePublished\":\"2023-06-26T07:09:25+00:00\",\"dateModified\":\"2023-06-26T07:31:08+00:00\",\"description\":\"Redegj\u00f8relse om \u00c5penhetsloven Amiblu Norway AS & Amiblu Technology AS\",\"inLanguage\":\"nb-NO\",\"potentialAction\":[{\"@type\":\"ReadAction\",\"target\":[\"https:\\\/\\\/www.amiblu.com\\\/no\\\/apenhetsloven\\\/\"]}]},{\"@type\":\"WebSite\",\"@id\":\"https:\\\/\\\/www.amiblu.com\\\/no\\\/#website\",\"url\":\"https:\\\/\\\/www.amiblu.com\\\/no\\\/\",\"name\":\"Amiblu\",\"description\":\"GFK-Rohrsysteme f\u00fcr Generationen\",\"publisher\":{\"@id\":\"https:\\\/\\\/www.amiblu.com\\\/no\\\/#organization\"},\"potentialAction\":[{\"@type\":\"SearchAction\",\"target\":{\"@type\":\"EntryPoint\",\"urlTemplate\":\"https:\\\/\\\/www.amiblu.com\\\/no\\\/?s={search_term_string}\"},\"query-input\":{\"@type\":\"PropertyValueSpecification\",\"valueRequired\":true,\"valueName\":\"search_term_string\"}}],\"inLanguage\":\"nb-NO\"},{\"@type\":\"Organization\",\"@id\":\"https:\\\/\\\/www.amiblu.com\\\/no\\\/#organization\",\"name\":\"Amiblu Group\",\"url\":\"https:\\\/\\\/www.amiblu.com\\\/no\\\/\",\"logo\":{\"@type\":\"ImageObject\",\"inLanguage\":\"nb-NO\",\"@id\":\"https:\\\/\\\/www.amiblu.com\\\/no\\\/#\\\/schema\\\/logo\\\/image\\\/\",\"url\":\"https:\\\/\\\/www.amiblu.com\\\/wp-content\\\/uploads\\\/2021\\\/01\\\/Amiblu-logo-website-1.png\",\"contentUrl\":\"https:\\\/\\\/www.amiblu.com\\\/wp-content\\\/uploads\\\/2021\\\/01\\\/Amiblu-logo-website-1.png\",\"width\":201,\"height\":38,\"caption\":\"Amiblu Group\"},\"image\":{\"@id\":\"https:\\\/\\\/www.amiblu.com\\\/no\\\/#\\\/schema\\\/logo\\\/image\\\/\"},\"sameAs\":[\"https:\\\/\\\/www.facebook.com\\\/amiblupipes\",\"https:\\\/\\\/www.youtube.com\\\/c\\\/Amiblu\",\"https:\\\/\\\/de.wikipedia.org\\\/wiki\\\/Amiblu\",\"https:\\\/\\\/www.linkedin.com\\\/company\\\/amiblupipes\\\/\"]}]}<\/script>\n<!-- \/ Yoast SEO Premium plugin. -->","yoast_head_json":{"title":"\u00c5penhetsloven - Amiblu","description":"Redegj\u00f8relse om \u00c5penhetsloven Amiblu Norway AS & Amiblu Technology AS","robots":{"index":"index","follow":"follow","max-snippet":"max-snippet:-1","max-image-preview":"max-image-preview:large","max-video-preview":"max-video-preview:-1"},"canonical":"https:\/\/www.amiblu.com\/no\/apenhetsloven\/","og_locale":"nb_NO","og_type":"article","og_title":"\u00c5penhetsloven","og_description":"Redegj\u00f8relse om \u00c5penhetsloven Amiblu Norway AS & Amiblu Technology AS","og_url":"https:\/\/www.amiblu.com\/no\/apenhetsloven\/","og_site_name":"Amiblu","article_publisher":"https:\/\/www.facebook.com\/amiblupipes","article_modified_time":"2023-06-26T07:31:08+00:00","twitter_card":"summary_large_image","twitter_misc":{"Ansl. lesetid":"1 minutt"},"schema":{"@context":"https:\/\/schema.org","@graph":[{"@type":"WebPage","@id":"https:\/\/www.amiblu.com\/no\/apenhetsloven\/","url":"https:\/\/www.amiblu.com\/no\/apenhetsloven\/","name":"\u00c5penhetsloven - Amiblu","isPartOf":{"@id":"https:\/\/www.amiblu.com\/no\/#website"},"datePublished":"2023-06-26T07:09:25+00:00","dateModified":"2023-06-26T07:31:08+00:00","description":"Redegj\u00f8relse om \u00c5penhetsloven Amiblu Norway AS & Amiblu Technology AS","inLanguage":"nb-NO","potentialAction":[{"@type":"ReadAction","target":["https:\/\/www.amiblu.com\/no\/apenhetsloven\/"]}]},{"@type":"WebSite","@id":"https:\/\/www.amiblu.com\/no\/#website","url":"https:\/\/www.amiblu.com\/no\/","name":"Amiblu","description":"GFK-Rohrsysteme f\u00fcr Generationen","publisher":{"@id":"https:\/\/www.amiblu.com\/no\/#organization"},"potentialAction":[{"@type":"SearchAction","target":{"@type":"EntryPoint","urlTemplate":"https:\/\/www.amiblu.com\/no\/?s={search_term_string}"},"query-input":{"@type":"PropertyValueSpecification","valueRequired":true,"valueName":"search_term_string"}}],"inLanguage":"nb-NO"},{"@type":"Organization","@id":"https:\/\/www.amiblu.com\/no\/#organization","name":"Amiblu Group","url":"https:\/\/www.amiblu.com\/no\/","logo":{"@type":"ImageObject","inLanguage":"nb-NO","@id":"https:\/\/www.amiblu.com\/no\/#\/schema\/logo\/image\/","url":"https:\/\/www.amiblu.com\/wp-content\/uploads\/2021\/01\/Amiblu-logo-website-1.png","contentUrl":"https:\/\/www.amiblu.com\/wp-content\/uploads\/2021\/01\/Amiblu-logo-website-1.png","width":201,"height":38,"caption":"Amiblu Group"},"image":{"@id":"https:\/\/www.amiblu.com\/no\/#\/schema\/logo\/image\/"},"sameAs":["https:\/\/www.facebook.com\/amiblupipes","https:\/\/www.youtube.com\/c\/Amiblu","https:\/\/de.wikipedia.org\/wiki\/Amiblu","https:\/\/www.linkedin.com\/company\/amiblupipes\/"]}]}},"_links":{"self":[{"href":"https:\/\/www.amiblu.com\/no\/wp-json\/wp\/v2\/pages\/58816","targetHints":{"allow":["GET"]}}],"collection":[{"href":"https:\/\/www.amiblu.com\/no\/wp-json\/wp\/v2\/pages"}],"about":[{"href":"https:\/\/www.amiblu.com\/no\/wp-json\/wp\/v2\/types\/page"}],"author":[{"embeddable":true,"href":"https:\/\/www.amiblu.com\/no\/wp-json\/wp\/v2\/users\/8"}],"replies":[{"embeddable":true,"href":"https:\/\/www.amiblu.com\/no\/wp-json\/wp\/v2\/comments?post=58816"}],"version-history":[{"count":9,"href":"https:\/\/www.amiblu.com\/no\/wp-json\/wp\/v2\/pages\/58816\/revisions"}],"predecessor-version":[{"id":58827,"href":"https:\/\/www.amiblu.com\/no\/wp-json\/wp\/v2\/pages\/58816\/revisions\/58827"}],"wp:attachment":[{"href":"https:\/\/www.amiblu.com\/no\/wp-json\/wp\/v2\/media?parent=58816"}],"curies":[{"name":"wp","href":"https:\/\/api.w.org\/{rel}","templated":true}]}}