{"id":39633,"date":"2021-08-09T08:02:52","date_gmt":"2021-08-09T06:02:52","guid":{"rendered":"https:\/\/www.amiblu.com\/?page_id=39633"},"modified":"2023-02-23T11:35:36","modified_gmt":"2023-02-23T10:35:36","slug":"rury-przeciskowe","status":"publish","type":"page","link":"https:\/\/www.amiblu.com\/pl\/rury-przeciskowe\/","title":{"rendered":"Rury przeciskowe"},"content":{"rendered":"\n<style type=\"text\/css\" data-created_by=\"avia_inline_auto\" id=\"style-css-av-4e6f4up-d7b2b3f9f5f5a4e81a4110155fbc16fd\">\n.avia-section.av-4e6f4up-d7b2b3f9f5f5a4e81a4110155fbc16fd .av-parallax .av-parallax-inner{\nbackground-repeat:no-repeat;\nbackground-image:url(https:\/\/www.amiblu.com\/wp-content\/uploads\/Amiblu-GRP-pipes-jacking-project-Crescenza-Rome.webp);\nbackground-position:50% 50%;\nbackground-attachment:scroll;\n}\n.avia-section.av-4e6f4up-d7b2b3f9f5f5a4e81a4110155fbc16fd .av-section-color-overlay{\nopacity:0.5;\nbackground-color:#0a0a0a;\n}\n<\/style>\n<div id='av_section_1'  class='avia-section av-4e6f4up-d7b2b3f9f5f5a4e81a4110155fbc16fd main_color avia-section-default avia-no-border-styling  avia-builder-el-0  el_before_av_section  avia-builder-el-first  amiblu-content amiblu-page-hero av-parallax-section avia-bg-style-parallax av-section-color-overlay-active container_wrap fullsize'  data-section-bg-repeat='no-repeat'><div class='av-parallax' data-avia-parallax-ratio='0.3' ><div class='av-parallax-inner main_color avia-full-stretch'><\/div><\/div><div class=\"av-section-color-overlay-wrap\"><div class=\"av-section-color-overlay\"><\/div><div class='container av-section-cont-open' ><main  role=\"main\" itemprop=\"mainContentOfPage\"  class='template-page content  av-content-full alpha units'><div class='post-entry post-entry-type-page post-entry-39633'><div class='entry-content-wrapper clearfix'>\n\n<style type=\"text\/css\" data-created_by=\"avia_inline_auto\" id=\"style-css-av-3tkgqs1-dd694446b46f38596e7af984890effdb\">\n.flex_column.av-3tkgqs1-dd694446b46f38596e7af984890effdb{\nborder-radius:0px 0px 0px 0px;\npadding:0 0 0 0;\n}\n<\/style>\n<div  class='flex_column av-3tkgqs1-dd694446b46f38596e7af984890effdb av_three_fifth  avia-builder-el-1  avia-builder-el-no-sibling  white-content first flex_column_div av-zero-column-padding  '     ><p>\n<style type=\"text\/css\" data-created_by=\"avia_inline_auto\" id=\"style-css-av-le6urv2l-56a9be64d5bb93ed0eee731e8406d9b7\">\n#top .av-special-heading.av-le6urv2l-56a9be64d5bb93ed0eee731e8406d9b7{\npadding-bottom:10px;\n}\nbody .av-special-heading.av-le6urv2l-56a9be64d5bb93ed0eee731e8406d9b7 .av-special-heading-tag .heading-char{\nfont-size:25px;\n}\n.av-special-heading.av-le6urv2l-56a9be64d5bb93ed0eee731e8406d9b7 .av-subheading{\nfont-size:15px;\n}\n<\/style>\n<div  class='av-special-heading av-le6urv2l-56a9be64d5bb93ed0eee731e8406d9b7 av-special-heading-h1  avia-builder-el-2  el_before_av_textblock  avia-builder-el-first '><h1 class='av-special-heading-tag '  itemprop=\"headline\"  >Rury przeciskowe Amiblu<\/h1><div class=\"special-heading-border\"><div class=\"special-heading-inner-border\"><\/div><\/div><\/div><br \/>\n\n<style type=\"text\/css\" data-created_by=\"avia_inline_auto\" id=\"style-css-av-le6uzti8-6460273d3389166c07a9b313bf5f6e90\">\n#top .av_textblock_section.av-le6uzti8-6460273d3389166c07a9b313bf5f6e90 .avia_textblock{\nfont-size:20px;\n}\n<\/style>\n<section  class='av_textblock_section av-le6uzti8-6460273d3389166c07a9b313bf5f6e90 '   itemscope=\"itemscope\" itemtype=\"https:\/\/schema.org\/CreativeWork\" ><div class='avia_textblock sub-heading'  itemprop=\"text\" ><p>Rury przeciskowe GRP Amiblu charakteryzuj\u0105 si\u0119 wytrzyma\u0142o\u015bci\u0105 na \u015bciskanie zapewniaj\u0105c\u0105 odporno\u015b\u0107 na znaczne si\u0142y przeciskowe. Zastosowanie znajduj\u0105 zazwyczaj do instalacji bezwykopowych pod mocno ucz\u0119szczanymi drogami i liniami kolejowymi oraz w g\u0119sto zaludnionych miastach.<\/p>\n<\/div><\/section><\/p><\/div><\/div><\/div><\/main><!-- close content main element --><\/div><\/div><\/div>\n<style type=\"text\/css\" data-created_by=\"avia_inline_auto\" id=\"style-css-av-3ijy1w1-7d3663af739349143e7a4d97e856dcd4\">\n.avia-section.av-3ijy1w1-7d3663af739349143e7a4d97e856dcd4{\nbackground-color:#f2f4f8;\nbackground-image:unset;\n}\n<\/style>\n<div id='av_section_2'  class='avia-section av-3ijy1w1-7d3663af739349143e7a4d97e856dcd4 main_color avia-section-default avia-no-border-styling  avia-builder-el-4  el_after_av_section  el_before_av_section  avia-bg-style-scroll container_wrap fullsize'  ><div class='container av-section-cont-open' ><div class='template-page content  av-content-full alpha units'><div class='post-entry post-entry-type-page post-entry-39633'><div class='entry-content-wrapper clearfix'>\n\n<style type=\"text\/css\" data-created_by=\"avia_inline_auto\" id=\"style-css-av-30zyf8x-b6135011bc101ae443708c8a380407c8\">\n.flex_column.av-30zyf8x-b6135011bc101ae443708c8a380407c8{\nborder-radius:0px 0px 0px 0px;\npadding:0px 0px 0px 0px;\n}\n<\/style>\n<div  class='flex_column av-30zyf8x-b6135011bc101ae443708c8a380407c8 av_two_third  avia-builder-el-5  avia-builder-el-no-sibling  first flex_column_div av-zero-column-padding  '     ><style type=\"text\/css\" data-created_by=\"avia_inline_auto\" id=\"style-css-av-le6urach-b62fe94a7ee6863abf13100e6afb1f8d\">\n#top .av_textblock_section.av-le6urach-b62fe94a7ee6863abf13100e6afb1f8d .avia_textblock{\nfont-size:20px;\n}\n\n@media only screen and (min-width: 480px) and (max-width: 767px){ \n#top .av_textblock_section.av-le6urach-b62fe94a7ee6863abf13100e6afb1f8d .avia_textblock{\nfont-size:18px;\n}\n}\n\n@media only screen and (max-width: 479px){ \n#top .av_textblock_section.av-le6urach-b62fe94a7ee6863abf13100e6afb1f8d .avia_textblock{\nfont-size:16px;\n}\n}\n<\/style>\n<section  class='av_textblock_section av-le6urach-b62fe94a7ee6863abf13100e6afb1f8d '   itemscope=\"itemscope\" itemtype=\"https:\/\/schema.org\/CreativeWork\" ><div class='avia_textblock'  itemprop=\"text\" ><p>Z ich wysok\u0105 wytrzyma\u0142o\u015bci\u0105\u00a0<strong>rury przeciskowe Amiblu<\/strong>\u00a0doskonale nadaj\u0105 si\u0119 do\u00a0<a href=\"https:\/\/www.amiblu.com\/pl\/instalacje-bezwykopowe\/\">instalacji bezwykopowych<\/a>. Rury Amiblu zaprojektowane do przeciskania i mikrotunelowania przejmuj\u0105 zalety niekoroduj\u0105cych materia\u0142\u00f3w. G\u0142adka powierzchni zewn\u0119trzna i wodoodporno\u015b\u0107 skutkuj\u0105 niskimi si\u0142ami tarcia podczas przeciskania.<\/p>\n<\/div><\/section><\/div>\n<\/p>\n<\/div><\/div><\/div><!-- close content main div --><\/div><\/div>\n<style type=\"text\/css\" data-created_by=\"avia_inline_auto\" id=\"style-css-av-2ik68wh-5f740529d6d52dbd51e072b62b8d31ac\">\n.avia-section.av-2ik68wh-5f740529d6d52dbd51e072b62b8d31ac{\nbackground-color:#f2f4f8;\nbackground-image:unset;\n}\n<\/style>\n<div id='av_section_3'  class='avia-section av-2ik68wh-5f740529d6d52dbd51e072b62b8d31ac main_color avia-section-default avia-no-border-styling  avia-builder-el-7  el_after_av_section  el_before_av_section  productpage avia-bg-style-scroll container_wrap fullsize'  ><div class='container av-section-cont-open' ><div class='template-page content  av-content-full alpha units'><div class='post-entry post-entry-type-page post-entry-39633'><div class='entry-content-wrapper clearfix'>\n<div  class='togglecontainer av-le6v0lv5-6e50d147b9b601bcdea7d9342fbf3415  avia-builder-el-8  avia-builder-el-no-sibling  downloadliste toggle_close_all' >\n<section class='av_toggle_section av-le6v0jg1-65b87b447b5729501a26dfc4d554ff89'  itemscope=\"itemscope\" itemtype=\"https:\/\/schema.org\/CreativeWork\" ><div role=\"tablist\" class=\"single_toggle\" data-tags=\"{Wszystko} \"  ><p id='toggle-rury-przeciskowe' data-fake-id='#rury-przeciskowe' class='toggler  activeTitle av-title-above '  itemprop=\"headline\"  role='tab' tabindex='0' aria-controls='rury-przeciskowe' data-slide-speed=\"200\" data-title=\"Rury przeciskowe\" data-title-open=\"\" data-aria_collapsed=\"Click to expand: Rury przeciskowe\" data-aria_expanded=\"Click to collapse: Rury przeciskowe\">Rury przeciskowe<span class=\"toggle_icon\"><span class=\"vert_icon\"><\/span><span class=\"hor_icon\"><\/span><\/span><\/p><div id='rury-przeciskowe' aria-labelledby='toggle-rury-przeciskowe' role='region' class='toggle_wrap  active_tc av-title-above' style='display:block;' ><div class='toggle_content invers-color '  itemprop=\"text\" ><div class=\"nav1\"><\/div>\n<div class=\"eintrag1\"><\/div>\n<\/div><\/div><\/div><\/section>\n<\/div>\n\n<\/div><\/div><\/div><!-- close content main div --><\/div><\/div><div id='av_section_4' aria-label='RURA PRZECISKOWA HOBAS' class='avia-section av-le6v3h5h-c5fdc6fbfba8d5803618722d04a18487 main_color avia-section-default avia-no-border-styling  avia-builder-el-9  el_after_av_section  avia-builder-el-last  box_element1 avia-bg-style-scroll container_wrap fullsize'  ><div class='container av-section-cont-open' ><div class='template-page content  av-content-full alpha units'><div class='post-entry post-entry-type-page post-entry-39633'><div class='entry-content-wrapper clearfix'>\n\n<style type=\"text\/css\" data-created_by=\"avia_inline_auto\" id=\"style-css-av-1w5sr69-b960ad39ef72e354a7eee5acc93832e8\">\n.flex_column.av-1w5sr69-b960ad39ef72e354a7eee5acc93832e8{\nborder-radius:0px 0px 0px 0px;\npadding:0px 0px 0px 0px;\n}\n<\/style>\n<div  class='flex_column av-1w5sr69-b960ad39ef72e354a7eee5acc93832e8 av_one_fourth  avia-builder-el-10  el_before_av_one_third  avia-builder-el-first  first flex_column_div av-zero-column-padding  '     ><style type=\"text\/css\" data-created_by=\"avia_inline_auto\" id=\"style-css-av-1sn7zyp-033bf74a7f329b180f4dba59b794a3b3\">\n.avia-image-container.av-1sn7zyp-033bf74a7f329b180f4dba59b794a3b3 img.avia_image{\nbox-shadow:none;\n}\n.avia-image-container.av-1sn7zyp-033bf74a7f329b180f4dba59b794a3b3 .av-image-caption-overlay-center{\ncolor:#ffffff;\n}\n<\/style>\n<div  class='avia-image-container av-1sn7zyp-033bf74a7f329b180f4dba59b794a3b3 av-styling- avia-align-center  avia-builder-el-11  avia-builder-el-no-sibling '   itemprop=\"image\" itemscope=\"itemscope\" itemtype=\"https:\/\/schema.org\/ImageObject\" ><div class=\"avia-image-container-inner\"><div class=\"avia-image-overlay-wrap\"><img fetchpriority=\"high\" decoding=\"async\" fetchpriority=\"high\" fetchpriority=\"high\" class='wp-image-36192 avia-img-lazy-loading-not-36192 avia_image ' src=\"https:\/\/www.amiblu.com\/wp-content\/uploads\/Hobas-jacking-pipe.png\" alt='Hobas jacking pipe' title='Hobas-jacking-pipe'  height=\"250\" width=\"250\"  itemprop=\"thumbnailUrl\" srcset=\"https:\/\/www.amiblu.com\/wp-content\/uploads\/Hobas-jacking-pipe.png 250w, https:\/\/www.amiblu.com\/wp-content\/uploads\/Hobas-jacking-pipe-80x80.png 80w, https:\/\/www.amiblu.com\/wp-content\/uploads\/Hobas-jacking-pipe-36x36.png 36w, https:\/\/www.amiblu.com\/wp-content\/uploads\/Hobas-jacking-pipe-180x180.png 180w\" sizes=\"(max-width: 250px) 100vw, 250px\" \/><\/div><\/div><\/div><\/div>\n<style type=\"text\/css\" data-created_by=\"avia_inline_auto\" id=\"style-css-av-1bjb2nl-e66e93fd1a72d272807007ee2d4e7efd\">\n.flex_column.av-1bjb2nl-e66e93fd1a72d272807007ee2d4e7efd{\nborder-radius:0px 0px 0px 0px;\npadding:0px 0px 0px 0px;\n}\n<\/style>\n<div  class='flex_column av-1bjb2nl-e66e93fd1a72d272807007ee2d4e7efd av_one_third  avia-builder-el-12  el_after_av_one_fourth  el_before_av_two_fifth  flex_column_div av-zero-column-padding  '     ><section  class='av_textblock_section av-le6v1f82-643174caa4d869c6fd7ac3446e033079 '   itemscope=\"itemscope\" itemtype=\"https:\/\/schema.org\/CreativeWork\" ><div class='avia_textblock'  itemprop=\"text\" ><p>Rura zaprojektowana, by wytrzyma\u0107 du\u017ce si\u0142y przeciskania. Zazwyczaj stosowana do przecisk\u00f3w pod drogami, liniami kolejowymi, itp. Odporna na czyszczenie pod wysokim ci\u015bnieniem zgodnie z norm\u0105 DIN 19523.<\/p>\n<\/div><\/section><\/div>\n<style type=\"text\/css\" data-created_by=\"avia_inline_auto\" id=\"style-css-av-urh8xd-238bb57e0a75116abe1a32a49843145e\">\n.flex_column.av-urh8xd-238bb57e0a75116abe1a32a49843145e{\nborder-radius:0px 0px 0px 0px;\npadding:0px 0px 0px 0px;\n}\n<\/style>\n<div  class='flex_column av-urh8xd-238bb57e0a75116abe1a32a49843145e av_two_fifth  avia-builder-el-14  el_after_av_one_third  avia-builder-el-last  flex_column_div av-zero-column-padding  '     ><div class='avia-data-table-wrap av-1a1a2f-5237cce4737fc47cb2d79b4e154ed111 avia_responsive_table avia-table-1'><table  class='avia-table avia-data-table avia_pricing_default  avia-builder-el-15  avia-builder-el-no-sibling '  itemscope=\"itemscope\" itemtype=\"https:\/\/schema.org\/Table\" ><tbody><tr class=''><td class=''>Zakres \u015brednic (de)<\/td><td class=''>272-3600 mm<br \/>\n<\/td><\/tr><tr class=''><td class=''>Ci\u015bnienie (PN)<\/td><td class=''>do 16 bar<\/td><\/tr><tr class=''><td class=''>D\u0142ugo\u015b\u0107 nominalna<\/td><td class=''>1-6 m<br \/>\n<\/td><\/tr><tr class=''><td class=''>Sztywno\u015b\u0107 (SN)<\/td><td class=''>32000 do 1000000 N\/m\u00b2<\/td><\/tr><\/tbody><\/table><\/div><\/div>\n\n","protected":false},"excerpt":{"rendered":"","protected":false},"author":8,"featured_media":55129,"parent":0,"menu_order":14,"comment_status":"closed","ping_status":"closed","template":"","meta":{"_acf_changed":false,"footnotes":""},"class_list":["post-39633","page","type-page","status-publish","has-post-thumbnail","hentry"],"acf":[],"yoast_head":"<!-- This site is optimized with the Yoast SEO Premium plugin v27.3 (Yoast SEO v27.4) - https:\/\/yoast.com\/product\/yoast-seo-premium-wordpress\/ -->\n<title>Rury przeciskowe Amiblu<\/title>\n<meta name=\"description\" content=\"Rury Amiblu zaprojektowane do przeciskania i mikrotunelowania przejmuj\u0105 zalety niekoroduj\u0105cych materia\u0142\u00f3w.\" \/>\n<meta name=\"robots\" content=\"index, follow, max-snippet:-1, max-image-preview:large, max-video-preview:-1\" \/>\n<link rel=\"canonical\" href=\"https:\/\/www.amiblu.com\/pl\/rury-przeciskowe\/\" \/>\n<meta property=\"og:locale\" content=\"pl_PL\" \/>\n<meta property=\"og:type\" content=\"article\" \/>\n<meta property=\"og:title\" content=\"Rury przeciskowe\" \/>\n<meta property=\"og:description\" content=\"Rury Amiblu zaprojektowane do przeciskania i mikrotunelowania przejmuj\u0105 zalety niekoroduj\u0105cych materia\u0142\u00f3w.\" \/>\n<meta property=\"og:url\" content=\"https:\/\/www.amiblu.com\/pl\/rury-przeciskowe\/\" \/>\n<meta property=\"og:site_name\" content=\"Amiblu\" \/>\n<meta property=\"article:publisher\" content=\"https:\/\/www.facebook.com\/amiblupipes\" \/>\n<meta property=\"article:modified_time\" content=\"2023-02-23T10:35:36+00:00\" \/>\n<meta property=\"og:image\" content=\"https:\/\/www.amiblu.com\/wp-content\/uploads\/Amiblu-GRP-pipes-jacking-project-Crescenza-Rome.webp\" \/>\n\t<meta property=\"og:image:width\" content=\"1920\" \/>\n\t<meta property=\"og:image:height\" content=\"917\" \/>\n\t<meta property=\"og:image:type\" content=\"image\/webp\" \/>\n<meta name=\"twitter:card\" content=\"summary_large_image\" \/>\n<meta name=\"twitter:label1\" content=\"Szacowany czas czytania\" \/>\n\t<meta name=\"twitter:data1\" content=\"4 minuty\" \/>\n<script type=\"application\/ld+json\" class=\"yoast-schema-graph\">{\"@context\":\"https:\\\/\\\/schema.org\",\"@graph\":[{\"@type\":\"WebPage\",\"@id\":\"https:\\\/\\\/www.amiblu.com\\\/pl\\\/rury-przeciskowe\\\/\",\"url\":\"https:\\\/\\\/www.amiblu.com\\\/pl\\\/rury-przeciskowe\\\/\",\"name\":\"Rury przeciskowe Amiblu\",\"isPartOf\":{\"@id\":\"https:\\\/\\\/www.amiblu.com\\\/pl\\\/#website\"},\"primaryImageOfPage\":{\"@id\":\"https:\\\/\\\/www.amiblu.com\\\/pl\\\/rury-przeciskowe\\\/#primaryimage\"},\"image\":{\"@id\":\"https:\\\/\\\/www.amiblu.com\\\/pl\\\/rury-przeciskowe\\\/#primaryimage\"},\"thumbnailUrl\":\"https:\\\/\\\/www.amiblu.com\\\/wp-content\\\/uploads\\\/Amiblu-GRP-pipes-jacking-project-Crescenza-Rome.webp\",\"datePublished\":\"2021-08-09T06:02:52+00:00\",\"dateModified\":\"2023-02-23T10:35:36+00:00\",\"description\":\"Rury Amiblu zaprojektowane do przeciskania i mikrotunelowania przejmuj\u0105 zalety niekoroduj\u0105cych materia\u0142\u00f3w.\",\"inLanguage\":\"pl-PL\",\"potentialAction\":[{\"@type\":\"ReadAction\",\"target\":[\"https:\\\/\\\/www.amiblu.com\\\/pl\\\/rury-przeciskowe\\\/\"]}]},{\"@type\":\"ImageObject\",\"inLanguage\":\"pl-PL\",\"@id\":\"https:\\\/\\\/www.amiblu.com\\\/pl\\\/rury-przeciskowe\\\/#primaryimage\",\"url\":\"https:\\\/\\\/www.amiblu.com\\\/wp-content\\\/uploads\\\/Amiblu-GRP-pipes-jacking-project-Crescenza-Rome.webp\",\"contentUrl\":\"https:\\\/\\\/www.amiblu.com\\\/wp-content\\\/uploads\\\/Amiblu-GRP-pipes-jacking-project-Crescenza-Rome.webp\",\"width\":1920,\"height\":917,\"caption\":\"Amiblu GRP pipes for jacking project Crescenza in Rome, Italy\"},{\"@type\":\"WebSite\",\"@id\":\"https:\\\/\\\/www.amiblu.com\\\/pl\\\/#website\",\"url\":\"https:\\\/\\\/www.amiblu.com\\\/pl\\\/\",\"name\":\"Amiblu\",\"description\":\"GFK-Rohrsysteme f\u00fcr Generationen\",\"publisher\":{\"@id\":\"https:\\\/\\\/www.amiblu.com\\\/pl\\\/#organization\"},\"potentialAction\":[{\"@type\":\"SearchAction\",\"target\":{\"@type\":\"EntryPoint\",\"urlTemplate\":\"https:\\\/\\\/www.amiblu.com\\\/pl\\\/?s={search_term_string}\"},\"query-input\":{\"@type\":\"PropertyValueSpecification\",\"valueRequired\":true,\"valueName\":\"search_term_string\"}}],\"inLanguage\":\"pl-PL\"},{\"@type\":\"Organization\",\"@id\":\"https:\\\/\\\/www.amiblu.com\\\/pl\\\/#organization\",\"name\":\"Amiblu Group\",\"url\":\"https:\\\/\\\/www.amiblu.com\\\/pl\\\/\",\"logo\":{\"@type\":\"ImageObject\",\"inLanguage\":\"pl-PL\",\"@id\":\"https:\\\/\\\/www.amiblu.com\\\/pl\\\/#\\\/schema\\\/logo\\\/image\\\/\",\"url\":\"https:\\\/\\\/www.amiblu.com\\\/wp-content\\\/uploads\\\/2021\\\/01\\\/Amiblu-logo-website-1.png\",\"contentUrl\":\"https:\\\/\\\/www.amiblu.com\\\/wp-content\\\/uploads\\\/2021\\\/01\\\/Amiblu-logo-website-1.png\",\"width\":201,\"height\":38,\"caption\":\"Amiblu Group\"},\"image\":{\"@id\":\"https:\\\/\\\/www.amiblu.com\\\/pl\\\/#\\\/schema\\\/logo\\\/image\\\/\"},\"sameAs\":[\"https:\\\/\\\/www.facebook.com\\\/amiblupipes\",\"https:\\\/\\\/www.youtube.com\\\/c\\\/Amiblu\",\"https:\\\/\\\/de.wikipedia.org\\\/wiki\\\/Amiblu\",\"https:\\\/\\\/www.linkedin.com\\\/company\\\/amiblupipes\\\/\"]}]}<\/script>\n<!-- \/ Yoast SEO Premium plugin. -->","yoast_head_json":{"title":"Rury przeciskowe Amiblu","description":"Rury Amiblu zaprojektowane do przeciskania i mikrotunelowania przejmuj\u0105 zalety niekoroduj\u0105cych materia\u0142\u00f3w.","robots":{"index":"index","follow":"follow","max-snippet":"max-snippet:-1","max-image-preview":"max-image-preview:large","max-video-preview":"max-video-preview:-1"},"canonical":"https:\/\/www.amiblu.com\/pl\/rury-przeciskowe\/","og_locale":"pl_PL","og_type":"article","og_title":"Rury przeciskowe","og_description":"Rury Amiblu zaprojektowane do przeciskania i mikrotunelowania przejmuj\u0105 zalety niekoroduj\u0105cych materia\u0142\u00f3w.","og_url":"https:\/\/www.amiblu.com\/pl\/rury-przeciskowe\/","og_site_name":"Amiblu","article_publisher":"https:\/\/www.facebook.com\/amiblupipes","article_modified_time":"2023-02-23T10:35:36+00:00","og_image":[{"width":1920,"height":917,"url":"https:\/\/www.amiblu.com\/wp-content\/uploads\/Amiblu-GRP-pipes-jacking-project-Crescenza-Rome.webp","type":"image\/webp"}],"twitter_card":"summary_large_image","twitter_misc":{"Szacowany czas czytania":"4 minuty"},"schema":{"@context":"https:\/\/schema.org","@graph":[{"@type":"WebPage","@id":"https:\/\/www.amiblu.com\/pl\/rury-przeciskowe\/","url":"https:\/\/www.amiblu.com\/pl\/rury-przeciskowe\/","name":"Rury przeciskowe Amiblu","isPartOf":{"@id":"https:\/\/www.amiblu.com\/pl\/#website"},"primaryImageOfPage":{"@id":"https:\/\/www.amiblu.com\/pl\/rury-przeciskowe\/#primaryimage"},"image":{"@id":"https:\/\/www.amiblu.com\/pl\/rury-przeciskowe\/#primaryimage"},"thumbnailUrl":"https:\/\/www.amiblu.com\/wp-content\/uploads\/Amiblu-GRP-pipes-jacking-project-Crescenza-Rome.webp","datePublished":"2021-08-09T06:02:52+00:00","dateModified":"2023-02-23T10:35:36+00:00","description":"Rury Amiblu zaprojektowane do przeciskania i mikrotunelowania przejmuj\u0105 zalety niekoroduj\u0105cych materia\u0142\u00f3w.","inLanguage":"pl-PL","potentialAction":[{"@type":"ReadAction","target":["https:\/\/www.amiblu.com\/pl\/rury-przeciskowe\/"]}]},{"@type":"ImageObject","inLanguage":"pl-PL","@id":"https:\/\/www.amiblu.com\/pl\/rury-przeciskowe\/#primaryimage","url":"https:\/\/www.amiblu.com\/wp-content\/uploads\/Amiblu-GRP-pipes-jacking-project-Crescenza-Rome.webp","contentUrl":"https:\/\/www.amiblu.com\/wp-content\/uploads\/Amiblu-GRP-pipes-jacking-project-Crescenza-Rome.webp","width":1920,"height":917,"caption":"Amiblu GRP pipes for jacking project Crescenza in Rome, Italy"},{"@type":"WebSite","@id":"https:\/\/www.amiblu.com\/pl\/#website","url":"https:\/\/www.amiblu.com\/pl\/","name":"Amiblu","description":"GFK-Rohrsysteme f\u00fcr Generationen","publisher":{"@id":"https:\/\/www.amiblu.com\/pl\/#organization"},"potentialAction":[{"@type":"SearchAction","target":{"@type":"EntryPoint","urlTemplate":"https:\/\/www.amiblu.com\/pl\/?s={search_term_string}"},"query-input":{"@type":"PropertyValueSpecification","valueRequired":true,"valueName":"search_term_string"}}],"inLanguage":"pl-PL"},{"@type":"Organization","@id":"https:\/\/www.amiblu.com\/pl\/#organization","name":"Amiblu Group","url":"https:\/\/www.amiblu.com\/pl\/","logo":{"@type":"ImageObject","inLanguage":"pl-PL","@id":"https:\/\/www.amiblu.com\/pl\/#\/schema\/logo\/image\/","url":"https:\/\/www.amiblu.com\/wp-content\/uploads\/2021\/01\/Amiblu-logo-website-1.png","contentUrl":"https:\/\/www.amiblu.com\/wp-content\/uploads\/2021\/01\/Amiblu-logo-website-1.png","width":201,"height":38,"caption":"Amiblu Group"},"image":{"@id":"https:\/\/www.amiblu.com\/pl\/#\/schema\/logo\/image\/"},"sameAs":["https:\/\/www.facebook.com\/amiblupipes","https:\/\/www.youtube.com\/c\/Amiblu","https:\/\/de.wikipedia.org\/wiki\/Amiblu","https:\/\/www.linkedin.com\/company\/amiblupipes\/"]}]}},"_links":{"self":[{"href":"https:\/\/www.amiblu.com\/pl\/wp-json\/wp\/v2\/pages\/39633","targetHints":{"allow":["GET"]}}],"collection":[{"href":"https:\/\/www.amiblu.com\/pl\/wp-json\/wp\/v2\/pages"}],"about":[{"href":"https:\/\/www.amiblu.com\/pl\/wp-json\/wp\/v2\/types\/page"}],"author":[{"embeddable":true,"href":"https:\/\/www.amiblu.com\/pl\/wp-json\/wp\/v2\/users\/8"}],"replies":[{"embeddable":true,"href":"https:\/\/www.amiblu.com\/pl\/wp-json\/wp\/v2\/comments?post=39633"}],"version-history":[{"count":10,"href":"https:\/\/www.amiblu.com\/pl\/wp-json\/wp\/v2\/pages\/39633\/revisions"}],"predecessor-version":[{"id":55832,"href":"https:\/\/www.amiblu.com\/pl\/wp-json\/wp\/v2\/pages\/39633\/revisions\/55832"}],"wp:featuredmedia":[{"embeddable":true,"href":"https:\/\/www.amiblu.com\/pl\/wp-json\/wp\/v2\/media\/55129"}],"wp:attachment":[{"href":"https:\/\/www.amiblu.com\/pl\/wp-json\/wp\/v2\/media?parent=39633"}],"curies":[{"name":"wp","href":"https:\/\/api.w.org\/{rel}","templated":true}]}}