{"id":39948,"date":"2021-08-02T14:48:32","date_gmt":"2021-08-02T12:48:32","guid":{"rendered":"https:\/\/www.amiblu.com\/?page_id=39948"},"modified":"2023-05-23T13:24:52","modified_gmt":"2023-05-23T11:24:52","slug":"nota-prawna","status":"publish","type":"page","link":"https:\/\/www.amiblu.com\/pl\/nota-prawna\/","title":{"rendered":"Nota prawna"},"content":{"rendered":"\n<style type=\"text\/css\" data-created_by=\"avia_inline_auto\" id=\"style-css-av-vn5ijw-98fcf95651441360c25043dd8a9f4a61\">\n#top .av-special-heading.av-vn5ijw-98fcf95651441360c25043dd8a9f4a61{\npadding-bottom:10px;\n}\nbody .av-special-heading.av-vn5ijw-98fcf95651441360c25043dd8a9f4a61 .av-special-heading-tag .heading-char{\nfont-size:25px;\n}\n.av-special-heading.av-vn5ijw-98fcf95651441360c25043dd8a9f4a61 .av-subheading{\nfont-size:15px;\n}\n<\/style>\n<div  class='av-special-heading av-vn5ijw-98fcf95651441360c25043dd8a9f4a61 av-special-heading-h1 blockquote modern-quote  avia-builder-el-0  el_before_av_textblock  avia-builder-el-first '><h1 class='av-special-heading-tag '  itemprop=\"headline\"  >Imprint<\/h1><div class=\"special-heading-border\"><div class=\"special-heading-inner-border\"><\/div><\/div><\/div>\n\n<style type=\"text\/css\" data-created_by=\"avia_inline_auto\" id=\"style-css-av-kkxz0h4p-b27a5afdd39a1ffd30e701b5b8147869\">\n#top .av_textblock_section.av-kkxz0h4p-b27a5afdd39a1ffd30e701b5b8147869 .avia_textblock{\nfont-size:18px;\n}\n<\/style>\n<section  class='av_textblock_section av-kkxz0h4p-b27a5afdd39a1ffd30e701b5b8147869 '   itemscope=\"itemscope\" itemtype=\"https:\/\/schema.org\/CreativeWork\" ><div class='avia_textblock'  itemprop=\"text\" ><p><strong>Amiblu Holding GmbH<\/strong><br \/>\nSterneckstra\u00dfe 19<br \/>\n9020 Klagenfurt<br \/>\nAustria<\/p>\n<p>+43.463.48 24 24<br \/>\n<a href=\"mailto:info@amiblu.com\">info@amiblu.com<\/a><\/p>\n<p>Comp. Reg. No.: FN 105310 v<br \/>\nCourt: Landesgericht Klagenfurt<br \/>\nVAT No.: ATU25771304<\/p>\n<p>Amiblu Holding GmbH is member of the Austrian Chamber of Commerce in accordance with the respective legal provisions. Memberships in the various bodies of the Chamber of Commerce are listed on the official website found at\u00a0<a href=\"https:\/\/firmen.wko.at\/Web\/DetailsKontakt.aspx?FirmaID=e546ad47-e808-4dd4-b150-fb0d6599b9c9&amp;StandortID=0&amp;Suchbegriff=amiblu&amp;Page=1\" target=\"_blank\" rel=\"noopener noreferrer\">https:\/\/firmen.wko.at\/<\/a>.<\/p>\n<p>This imprint also applies to the following social media profiles:<\/p>\n<ul>\n<li><a href=\"http:\/\/www.facebook.com\/amiblupipes\" target=\"_blank\" rel=\"noopener noreferrer\">www.facebook.com\/amiblupipes<\/a><\/li>\n<li><a href=\"http:\/\/www.twitter.com\/Amiblupipes\" target=\"_blank\" rel=\"noopener noreferrer\">www.twitter.com\/Amiblupipes<\/a><\/li>\n<li><a href=\"https:\/\/www.linkedin.com\/company\/amiblupipes\/\" target=\"_blank\" rel=\"noopener noreferrer\">www.linkedin.com\/company\/amiblupipes<\/a><\/li>\n<li><a href=\"https:\/\/www.youtube.com\/c\/amiblu\/\" target=\"_blank\" rel=\"noopener noreferrer\">www.youtube.com\/c\/amiblu<\/a><\/li>\n<\/ul>\n<\/div><\/section>\n<div  class='hr av-483n-f97b05a5d99e9c417089a6b49247222b hr-default  avia-builder-el-2  el_after_av_textblock  el_before_av_heading '><span class='hr-inner '><span class=\"hr-inner-style\"><\/span><\/span><\/div>\n\n<style type=\"text\/css\" data-created_by=\"avia_inline_auto\" id=\"style-css-av-krumobvw-7da954d36da93fe39ec2a809b08dde0a\">\n#top .av-special-heading.av-krumobvw-7da954d36da93fe39ec2a809b08dde0a{\npadding-bottom:10px;\n}\nbody .av-special-heading.av-krumobvw-7da954d36da93fe39ec2a809b08dde0a .av-special-heading-tag .heading-char{\nfont-size:25px;\n}\n.av-special-heading.av-krumobvw-7da954d36da93fe39ec2a809b08dde0a .av-subheading{\nfont-size:15px;\n}\n<\/style>\n<div  class='av-special-heading av-krumobvw-7da954d36da93fe39ec2a809b08dde0a av-special-heading-h1 blockquote modern-quote  avia-builder-el-3  el_after_av_hr  el_before_av_textblock '><h1 class='av-special-heading-tag '  itemprop=\"headline\"  >Nota prawna<\/h1><div class=\"special-heading-border\"><div class=\"special-heading-inner-border\"><\/div><\/div><\/div>\n\n<style type=\"text\/css\" data-created_by=\"avia_inline_auto\" id=\"style-css-av-kkxz29by-9167b7ab55020b3585e5b590c4d69b0c\">\n#top .av_textblock_section.av-kkxz29by-9167b7ab55020b3585e5b590c4d69b0c .avia_textblock{\nfont-size:18px;\n}\n<\/style>\n<section  class='av_textblock_section av-kkxz29by-9167b7ab55020b3585e5b590c4d69b0c '   itemscope=\"itemscope\" itemtype=\"https:\/\/schema.org\/CreativeWork\" ><div class='avia_textblock'  itemprop=\"text\" ><p><strong>Zapewnianie og\u00f3lnych danych i informacji<br \/>\n<\/strong>Amiblu dok\u0142ada wszelkich stara\u0144, by informacje i dane zawarte na tej stronie by\u0142y prawid\u0142owe. Amiblu zastrzega sobie prawo do modyfikowania lub uzupe\u0142niania podanych informacji i danych bez wcze\u015bniejszego powiadomienia.<\/p>\n<p><strong>Odpowiedzialno\u015b\u0107<br \/>\n<\/strong>Informacje zawarte na stronach internetowych Amiblu zosta\u0142y sprawdzone z zachowaniem najwy\u017cszej staranno\u015bci i s\u0105 na bie\u017c\u0105co aktualizowane. Nie mo\u017cemy jednak zagwarantowa\u0107, \u017ce nie zawieraj\u0105 one b\u0142\u0119d\u00f3w. Nie ponosimy odpowiedzialno\u015bci ani nie udzielamy \u017cadnych gwarancji z zwi\u0105zku z aktualno\u015bci\u0105, poparwno\u015bci\u0105 czy kompletno\u015bci\u0105 tych danych i informacji.<\/p>\n<p><strong>Prawa autorskie<br \/>\n<\/strong>Zawarto\u015b\u0107 stron internetowych Amiblu jest chroniona prawami autorskimi. Kopiowanie, rozprowadzanie, przechowywanie, powielanie i przesy\u0142anie wszelkich informacji i danych, w szczeg\u00f3lno\u015bci wykorzystywanie tekst\u00f3w, cz\u0119\u015bci tekst\u00f3w lub obraz\u00f3w, b\u0105d\u017a te\u017c innych dzie\u0142 publikowanych na stronach internetowych, jest wyra\u017anie zabronione bez wcze\u015bniejszej pisemnej zgody Amiblu GmbH. Teksty i obrazy zawarte w zak\u0142adce \u201ePrasa\u201d, kt\u00f3re s\u0105 publikowane wyra\u017anie w celu ich dystrybucji, s\u0105 wy\u0142\u0105czone spod powy\u017cszego zakazu.<\/p>\n<p><strong>Prawo w\u0142a\u015bciwe<br \/>\n<\/strong>Wszelkie informacje lub dane, ich wykorzystanie, logowanie do stron Amiblu, a tak\u017ce wszelkie powi\u0105zane dzia\u0142ania, brak dzia\u0142a\u0144 lub zaniechania podlegaj\u0105 wy\u0142\u0105cznie prawu austriackiemu. S\u0105dem w\u0142a\u015bciwym jest s\u0105d w Klagenfurcie.<\/p>\n<\/div><\/section>\n","protected":false},"excerpt":{"rendered":"","protected":false},"author":5,"featured_media":0,"parent":0,"menu_order":200,"comment_status":"closed","ping_status":"closed","template":"","meta":{"_acf_changed":false,"footnotes":""},"class_list":["post-39948","page","type-page","status-publish","hentry"],"acf":[],"yoast_head":"<!-- This site is optimized with the Yoast SEO Premium plugin v27.4 (Yoast SEO v27.5) - https:\/\/yoast.com\/product\/yoast-seo-premium-wordpress\/ -->\n<title>Nota prawna Amiblu<\/title>\n<meta name=\"description\" content=\"Informacje zawarte na stronach internetowych Amiblu zosta\u0142y sprawdzone z zachowaniem najwy\u017cszej staranno\u015bci i s\u0105 na bie\u017c\u0105co aktualizowane.\" \/>\n<meta name=\"robots\" content=\"noindex, follow\" \/>\n<meta property=\"og:locale\" content=\"pl_PL\" \/>\n<meta property=\"og:type\" content=\"article\" \/>\n<meta property=\"og:title\" content=\"Nota prawna\" \/>\n<meta property=\"og:description\" content=\"Informacje zawarte na stronach internetowych Amiblu zosta\u0142y sprawdzone z zachowaniem najwy\u017cszej staranno\u015bci i s\u0105 na bie\u017c\u0105co aktualizowane.\" \/>\n<meta property=\"og:url\" content=\"https:\/\/www.amiblu.com\/pl\/nota-prawna\/\" \/>\n<meta property=\"og:site_name\" content=\"Amiblu\" \/>\n<meta property=\"article:publisher\" content=\"https:\/\/www.facebook.com\/amiblupipes\" \/>\n<meta property=\"article:modified_time\" content=\"2023-05-23T11:24:52+00:00\" \/>\n<meta name=\"twitter:card\" content=\"summary_large_image\" \/>\n<meta name=\"twitter:label1\" content=\"Szacowany czas czytania\" \/>\n\t<meta name=\"twitter:data1\" content=\"2 minuty\" \/>\n<script type=\"application\/ld+json\" class=\"yoast-schema-graph\">{\"@context\":\"https:\\\/\\\/schema.org\",\"@graph\":[{\"@type\":\"WebPage\",\"@id\":\"https:\\\/\\\/www.amiblu.com\\\/pl\\\/nota-prawna\\\/\",\"url\":\"https:\\\/\\\/www.amiblu.com\\\/pl\\\/nota-prawna\\\/\",\"name\":\"Nota prawna Amiblu\",\"isPartOf\":{\"@id\":\"https:\\\/\\\/www.amiblu.com\\\/pl\\\/#website\"},\"datePublished\":\"2021-08-02T12:48:32+00:00\",\"dateModified\":\"2023-05-23T11:24:52+00:00\",\"description\":\"Informacje zawarte na stronach internetowych Amiblu zosta\u0142y sprawdzone z zachowaniem najwy\u017cszej staranno\u015bci i s\u0105 na bie\u017c\u0105co aktualizowane.\",\"inLanguage\":\"pl-PL\",\"potentialAction\":[{\"@type\":\"ReadAction\",\"target\":[\"https:\\\/\\\/www.amiblu.com\\\/pl\\\/nota-prawna\\\/\"]}]},{\"@type\":\"WebSite\",\"@id\":\"https:\\\/\\\/www.amiblu.com\\\/pl\\\/#website\",\"url\":\"https:\\\/\\\/www.amiblu.com\\\/pl\\\/\",\"name\":\"Amiblu\",\"description\":\"GFK-Rohrsysteme f\u00fcr Generationen\",\"publisher\":{\"@id\":\"https:\\\/\\\/www.amiblu.com\\\/pl\\\/#organization\"},\"potentialAction\":[{\"@type\":\"SearchAction\",\"target\":{\"@type\":\"EntryPoint\",\"urlTemplate\":\"https:\\\/\\\/www.amiblu.com\\\/pl\\\/?s={search_term_string}\"},\"query-input\":{\"@type\":\"PropertyValueSpecification\",\"valueRequired\":true,\"valueName\":\"search_term_string\"}}],\"inLanguage\":\"pl-PL\"},{\"@type\":\"Organization\",\"@id\":\"https:\\\/\\\/www.amiblu.com\\\/pl\\\/#organization\",\"name\":\"Amiblu Group\",\"url\":\"https:\\\/\\\/www.amiblu.com\\\/pl\\\/\",\"logo\":{\"@type\":\"ImageObject\",\"inLanguage\":\"pl-PL\",\"@id\":\"https:\\\/\\\/www.amiblu.com\\\/pl\\\/#\\\/schema\\\/logo\\\/image\\\/\",\"url\":\"https:\\\/\\\/www.amiblu.com\\\/wp-content\\\/uploads\\\/2021\\\/01\\\/Amiblu-logo-website-1.png\",\"contentUrl\":\"https:\\\/\\\/www.amiblu.com\\\/wp-content\\\/uploads\\\/2021\\\/01\\\/Amiblu-logo-website-1.png\",\"width\":201,\"height\":38,\"caption\":\"Amiblu Group\"},\"image\":{\"@id\":\"https:\\\/\\\/www.amiblu.com\\\/pl\\\/#\\\/schema\\\/logo\\\/image\\\/\"},\"sameAs\":[\"https:\\\/\\\/www.facebook.com\\\/amiblupipes\",\"https:\\\/\\\/www.youtube.com\\\/c\\\/Amiblu\",\"https:\\\/\\\/de.wikipedia.org\\\/wiki\\\/Amiblu\",\"https:\\\/\\\/www.linkedin.com\\\/company\\\/amiblupipes\\\/\"]}]}<\/script>\n<!-- \/ Yoast SEO Premium plugin. -->","yoast_head_json":{"title":"Nota prawna Amiblu","description":"Informacje zawarte na stronach internetowych Amiblu zosta\u0142y sprawdzone z zachowaniem najwy\u017cszej staranno\u015bci i s\u0105 na bie\u017c\u0105co aktualizowane.","robots":{"index":"noindex","follow":"follow"},"og_locale":"pl_PL","og_type":"article","og_title":"Nota prawna","og_description":"Informacje zawarte na stronach internetowych Amiblu zosta\u0142y sprawdzone z zachowaniem najwy\u017cszej staranno\u015bci i s\u0105 na bie\u017c\u0105co aktualizowane.","og_url":"https:\/\/www.amiblu.com\/pl\/nota-prawna\/","og_site_name":"Amiblu","article_publisher":"https:\/\/www.facebook.com\/amiblupipes","article_modified_time":"2023-05-23T11:24:52+00:00","twitter_card":"summary_large_image","twitter_misc":{"Szacowany czas czytania":"2 minuty"},"schema":{"@context":"https:\/\/schema.org","@graph":[{"@type":"WebPage","@id":"https:\/\/www.amiblu.com\/pl\/nota-prawna\/","url":"https:\/\/www.amiblu.com\/pl\/nota-prawna\/","name":"Nota prawna Amiblu","isPartOf":{"@id":"https:\/\/www.amiblu.com\/pl\/#website"},"datePublished":"2021-08-02T12:48:32+00:00","dateModified":"2023-05-23T11:24:52+00:00","description":"Informacje zawarte na stronach internetowych Amiblu zosta\u0142y sprawdzone z zachowaniem najwy\u017cszej staranno\u015bci i s\u0105 na bie\u017c\u0105co aktualizowane.","inLanguage":"pl-PL","potentialAction":[{"@type":"ReadAction","target":["https:\/\/www.amiblu.com\/pl\/nota-prawna\/"]}]},{"@type":"WebSite","@id":"https:\/\/www.amiblu.com\/pl\/#website","url":"https:\/\/www.amiblu.com\/pl\/","name":"Amiblu","description":"GFK-Rohrsysteme f\u00fcr Generationen","publisher":{"@id":"https:\/\/www.amiblu.com\/pl\/#organization"},"potentialAction":[{"@type":"SearchAction","target":{"@type":"EntryPoint","urlTemplate":"https:\/\/www.amiblu.com\/pl\/?s={search_term_string}"},"query-input":{"@type":"PropertyValueSpecification","valueRequired":true,"valueName":"search_term_string"}}],"inLanguage":"pl-PL"},{"@type":"Organization","@id":"https:\/\/www.amiblu.com\/pl\/#organization","name":"Amiblu Group","url":"https:\/\/www.amiblu.com\/pl\/","logo":{"@type":"ImageObject","inLanguage":"pl-PL","@id":"https:\/\/www.amiblu.com\/pl\/#\/schema\/logo\/image\/","url":"https:\/\/www.amiblu.com\/wp-content\/uploads\/2021\/01\/Amiblu-logo-website-1.png","contentUrl":"https:\/\/www.amiblu.com\/wp-content\/uploads\/2021\/01\/Amiblu-logo-website-1.png","width":201,"height":38,"caption":"Amiblu Group"},"image":{"@id":"https:\/\/www.amiblu.com\/pl\/#\/schema\/logo\/image\/"},"sameAs":["https:\/\/www.facebook.com\/amiblupipes","https:\/\/www.youtube.com\/c\/Amiblu","https:\/\/de.wikipedia.org\/wiki\/Amiblu","https:\/\/www.linkedin.com\/company\/amiblupipes\/"]}]}},"_links":{"self":[{"href":"https:\/\/www.amiblu.com\/pl\/wp-json\/wp\/v2\/pages\/39948","targetHints":{"allow":["GET"]}}],"collection":[{"href":"https:\/\/www.amiblu.com\/pl\/wp-json\/wp\/v2\/pages"}],"about":[{"href":"https:\/\/www.amiblu.com\/pl\/wp-json\/wp\/v2\/types\/page"}],"author":[{"embeddable":true,"href":"https:\/\/www.amiblu.com\/pl\/wp-json\/wp\/v2\/users\/5"}],"replies":[{"embeddable":true,"href":"https:\/\/www.amiblu.com\/pl\/wp-json\/wp\/v2\/comments?post=39948"}],"version-history":[{"count":11,"href":"https:\/\/www.amiblu.com\/pl\/wp-json\/wp\/v2\/pages\/39948\/revisions"}],"predecessor-version":[{"id":58293,"href":"https:\/\/www.amiblu.com\/pl\/wp-json\/wp\/v2\/pages\/39948\/revisions\/58293"}],"wp:attachment":[{"href":"https:\/\/www.amiblu.com\/pl\/wp-json\/wp\/v2\/media?parent=39948"}],"curies":[{"name":"wp","href":"https:\/\/api.w.org\/{rel}","templated":true}]}}