{"id":40073,"date":"2021-08-04T09:41:14","date_gmt":"2021-08-04T07:41:14","guid":{"rendered":"https:\/\/www.amiblu.com\/?page_id=40073"},"modified":"2025-12-10T10:16:29","modified_gmt":"2025-12-10T09:16:29","slug":"kanalizacja","status":"publish","type":"page","link":"https:\/\/www.amiblu.com\/pl\/kanalizacja\/","title":{"rendered":"Kanalizacja"},"content":{"rendered":"\n<style type=\"text\/css\" data-created_by=\"avia_inline_auto\" id=\"style-css-av-3rqfs4p-5a5409588feb080371de49d5e9c3b1c1\">\n.avia-section.av-3rqfs4p-5a5409588feb080371de49d5e9c3b1c1 .av-parallax .av-parallax-inner{\nbackground-repeat:no-repeat;\nbackground-image:url(https:\/\/www.amiblu.com\/wp-content\/uploads\/Hobas-sewer-pipes-Czajka-Poland-at-night.jpg);\nbackground-position:50% 50%;\nbackground-attachment:scroll;\n}\n.avia-section.av-3rqfs4p-5a5409588feb080371de49d5e9c3b1c1 .av-section-color-overlay{\nopacity:0.5;\nbackground-color:#0a0a0a;\n}\n<\/style>\n<div id='av_section_1'  class='avia-section av-3rqfs4p-5a5409588feb080371de49d5e9c3b1c1 main_color avia-section-default avia-no-border-styling  avia-builder-el-0  el_before_av_section  avia-builder-el-first  amiblu-content amiblu-page-hero av-parallax-section avia-bg-style-parallax av-section-color-overlay-active container_wrap fullsize'  data-section-bg-repeat='no-repeat'><div class='av-parallax' data-avia-parallax-ratio='0.3' ><div class='av-parallax-inner main_color avia-full-stretch'><\/div><\/div><div class=\"av-section-color-overlay-wrap\"><div class=\"av-section-color-overlay\"><\/div><div class='container av-section-cont-open' ><main  role=\"main\" itemprop=\"mainContentOfPage\"  class='template-page content  av-content-full alpha units'><div class='post-entry post-entry-type-page post-entry-40073'><div class='entry-content-wrapper clearfix'>\n\n<style type=\"text\/css\" data-created_by=\"avia_inline_auto\" id=\"style-css-av-c7gwix-b847a87bb69fdd05f696060b83674b35\">\n.flex_column.av-c7gwix-b847a87bb69fdd05f696060b83674b35{\nborder-radius:0px 0px 0px 0px;\npadding:0 0 0 0;\n}\n<\/style>\n<div  class='flex_column av-c7gwix-b847a87bb69fdd05f696060b83674b35 av_three_fourth  avia-builder-el-1  avia-builder-el-no-sibling  white-content first flex_column_div av-zero-column-padding  '     ><section  class='av_textblock_section av-l2q4avrj-16a1e406e2f2f4414370fe23c379fe9f '   itemscope=\"itemscope\" itemtype=\"https:\/\/schema.org\/CreativeWork\" ><div class='avia_textblock'  itemprop=\"text\" ><h1 class=\"av-special-heading-tag\">Zr\u00f3wnowa\u017cone systemy kanalizacyjne GRP Amiblu<\/h1>\n<\/div><\/section><br \/>\n\n<style type=\"text\/css\" data-created_by=\"avia_inline_auto\" id=\"style-css-av-l2q4byd7-8007debf08c370cacc692dc396def527\">\n#top .av_textblock_section.av-l2q4byd7-8007debf08c370cacc692dc396def527 .avia_textblock{\nfont-size:20px;\n}\n<\/style>\n<section  class='av_textblock_section av-l2q4byd7-8007debf08c370cacc692dc396def527 '   itemscope=\"itemscope\" itemtype=\"https:\/\/schema.org\/CreativeWork\" ><div class='avia_textblock sub-heading'  itemprop=\"text\" ><p>Nasza obietnica: systemy kanalizacyjne i odwadniaj\u0105ce, kt\u00f3re nigdy nie ulegn\u0105 korozji!<\/p>\n<\/div><\/section><\/p><\/div>\n\n<\/div><\/div><\/main><!-- close content main element --><\/div><\/div><\/div><div id='av_section_2'  class='avia-section av-2tjz87d-3507deee026a895ba696a46abd4b82f9 main_color avia-section-default avia-no-border-styling  avia-builder-el-4  el_after_av_section  el_before_av_section  amiblu-bw-pr amiblu-jk-pp avia-bg-style-scroll container_wrap fullsize'  ><div class='container av-section-cont-open' ><div class='template-page content  av-content-full alpha units'><div class='post-entry post-entry-type-page post-entry-40073'><div class='entry-content-wrapper clearfix'>\n\n<style type=\"text\/css\" data-created_by=\"avia_inline_auto\" id=\"style-css-av-2q4sn55-a232acfe1c06cc9ad390386d583ba068\">\n.flex_column.av-2q4sn55-a232acfe1c06cc9ad390386d583ba068{\nborder-radius:0px 0px 0px 0px;\npadding:0px 0px 0px 0px;\n}\n<\/style>\n<div  class='flex_column av-2q4sn55-a232acfe1c06cc9ad390386d583ba068 av_two_third  avia-builder-el-5  avia-builder-el-no-sibling  first flex_column_div av-zero-column-padding  '     ><p>\n<style type=\"text\/css\" data-created_by=\"avia_inline_auto\" id=\"style-css-av-l5qpz6k7-78dab618d85f696c86d894592e56ae31\">\n#top .av-special-heading.av-l5qpz6k7-78dab618d85f696c86d894592e56ae31{\npadding-bottom:10px;\n}\nbody .av-special-heading.av-l5qpz6k7-78dab618d85f696c86d894592e56ae31 .av-special-heading-tag .heading-char{\nfont-size:25px;\n}\n.av-special-heading.av-l5qpz6k7-78dab618d85f696c86d894592e56ae31 .av-subheading{\nfont-size:15px;\n}\n<\/style>\n<div  class='av-special-heading av-l5qpz6k7-78dab618d85f696c86d894592e56ae31 av-special-heading-h5 blockquote modern-quote  avia-builder-el-6  el_before_av_textblock  avia-builder-el-first  h1'><h5 class='av-special-heading-tag '  itemprop=\"headline\"  >Rury kanalizacyjne i odwadniaj\u0105ce<\/h5><div class=\"special-heading-border\"><div class=\"special-heading-inner-border\"><\/div><\/div><\/div><br \/>\n\n<style type=\"text\/css\" data-created_by=\"avia_inline_auto\" id=\"style-css-av-l2q4khxk-5f02daf057b249ebc3208b599c57ab16\">\n#top .av_textblock_section.av-l2q4khxk-5f02daf057b249ebc3208b599c57ab16 .avia_textblock{\nfont-size:20px;\n}\n\n@media only screen and (min-width: 480px) and (max-width: 767px){ \n#top .av_textblock_section.av-l2q4khxk-5f02daf057b249ebc3208b599c57ab16 .avia_textblock{\nfont-size:18px;\n}\n}\n\n@media only screen and (max-width: 479px){ \n#top .av_textblock_section.av-l2q4khxk-5f02daf057b249ebc3208b599c57ab16 .avia_textblock{\nfont-size:16px;\n}\n}\n<\/style>\n<section  class='av_textblock_section av-l2q4khxk-5f02daf057b249ebc3208b599c57ab16 '   itemscope=\"itemscope\" itemtype=\"https:\/\/schema.org\/CreativeWork\" ><div class='avia_textblock'  itemprop=\"text\" ><p>Systemy GRP Amiblu zast\u0119puj\u0105 tradycyjne wra\u017cliwe na korozj\u0119 materia\u0142y jak beton, stal i \u017celiwo, kt\u00f3re zawodz\u0105 w kwa\u015bnym \u015brodowisku kanalizacji. Rury GRP Amiblu zaprojektowano tak, by by\u0142y wytrzyma\u0142e w \u015brodowisku miejskim. Wzmocnienie w\u0142\u00f3knem szklanym zapobiega pe\u0142zaniu i w po\u0142\u0105czniu z g\u0142adk\u0105 antyporostow\u0105 powierzchni\u0105 wewn\u0119trzn\u0105 umo\u017cliwia bezpieczn\u0105 prac\u0119 w trybie niskiego nachylenia, bez konieczno\u015bci prowadzenia regularnej konserwacji. Asortyment kszta\u0142tek i akcesori\u00f3w wspiera nowoczesne sieci kanalizacyjne i odwadniaj\u0105ce z t<a href=\"https:\/\/www.amiblu.com\/pl\/cso-i-amiscreen\/\">echnologi\u0105 magazynowania i separacji w\u00f3d deszczowych<\/a> oraz technologi\u0119 inteligentnych studzienek.<\/p>\n<\/div><\/section><br \/>\n<div  class='avia-button-wrap av-l2q4wscu-3b9cd45c1ad2930563cfa43a9dca78df-wrap avia-button-left  avia-builder-el-8  el_after_av_textblock  avia-builder-el-last  amiblu-outline-button'><a href='https:\/\/www.amiblu.com\/wp-content\/uploads\/Amiblu-Systemy-rur-kanalizacyjnych.pdf'  class='avia-button av-l2q4wscu-3b9cd45c1ad2930563cfa43a9dca78df av-link-btn avia-icon_select-yes-right-icon avia-size-small avia-position-left avia-color-theme-color'  target=\"_blank\"  rel=\"noopener noreferrer\"  aria-label=\"\u015aci\u0105gnij nasz\u0105 broszur\u0119 &quot;Systemy rur kanalizacyjnych&quot;\"><span class='avia_iconbox_title' >\u015aci\u0105gnij nasz\u0105 broszur\u0119 \"Systemy rur kanalizacyjnych\"<\/span><span class='avia_button_icon avia_button_icon_right avia-iconfont avia-font-amiblu-icons' data-av_icon='\ue800' data-av_iconfont='amiblu-icons' ><\/span><\/a><\/div><\/p><\/div>\n\n<\/div><\/div><\/div><!-- close content main div --><\/div><\/div>\n<style type=\"text\/css\" data-created_by=\"avia_inline_auto\" id=\"style-css-av-2366euh-203fe425e10765e19b0f9845e97084d6\">\n.avia-section.av-2366euh-203fe425e10765e19b0f9845e97084d6{\nbackground-color:#f2f4f8;\nbackground-image:unset;\n}\n<\/style>\n<div id='av_section_3'  class='avia-section av-2366euh-203fe425e10765e19b0f9845e97084d6 main_color avia-section-default avia-no-border-styling  avia-builder-el-9  el_after_av_section  avia-builder-el-last  home-info amiblu-jk-inf avia-bg-style-scroll container_wrap fullsize'  ><div class='container av-section-cont-open' ><div class='template-page content  av-content-full alpha units'><div class='post-entry post-entry-type-page post-entry-40073'><div class='entry-content-wrapper clearfix'>\n\n<style type=\"text\/css\" data-created_by=\"avia_inline_auto\" id=\"style-css-av-1syldyh-3288525896a6b624e5410d5ef8efd5a7\">\n.flex_column.av-1syldyh-3288525896a6b624e5410d5ef8efd5a7{\nborder-radius:0px 0px 0px 0px;\npadding:0px 0px 0px 0px;\n}\n<\/style>\n<div  class='flex_column av-1syldyh-3288525896a6b624e5410d5ef8efd5a7 av_one_half  avia-builder-el-10  el_before_av_one_half  avia-builder-el-first  home-info-img first flex_column_div av-zero-column-padding  '     ><style type=\"text\/css\" data-created_by=\"avia_inline_auto\" id=\"style-css-av-zq9q89-103b756a1f92729610f13d3e33e95c21\">\n.avia-image-container.av-zq9q89-103b756a1f92729610f13d3e33e95c21 img.avia_image{\nbox-shadow:none;\n}\n.avia-image-container.av-zq9q89-103b756a1f92729610f13d3e33e95c21 .av-image-caption-overlay-center{\ncolor:#ffffff;\n}\n<\/style>\n<div  class='avia-image-container av-zq9q89-103b756a1f92729610f13d3e33e95c21 av-styling- avia-align-right  avia-builder-el-11  avia-builder-el-no-sibling '   itemprop=\"image\" itemscope=\"itemscope\" itemtype=\"https:\/\/schema.org\/ImageObject\" ><div class=\"avia-image-container-inner\"><div class=\"avia-image-overlay-wrap\"><img fetchpriority=\"high\" decoding=\"async\" fetchpriority=\"high\" fetchpriority=\"high\" class='wp-image-48013 avia-img-lazy-loading-not-48013 avia_image ' src=\"https:\/\/www.amiblu.com\/wp-content\/uploads\/Hobas-sewer-pipe-for-Treatment-Plant-in-Chorzow-Poland.jpg\" alt='Hobas sewer pipes direct polluted Rawa water to treatment plant in Chorz\u00f3w, Poland' title='Hobas-sewer-pipe-for-Treatment-Plant-in-Chorzow-Poland'  height=\"543\" width=\"960\"  itemprop=\"thumbnailUrl\" srcset=\"https:\/\/www.amiblu.com\/wp-content\/uploads\/Hobas-sewer-pipe-for-Treatment-Plant-in-Chorzow-Poland.jpg 960w, https:\/\/www.amiblu.com\/wp-content\/uploads\/Hobas-sewer-pipe-for-Treatment-Plant-in-Chorzow-Poland-300x170.jpg 300w, https:\/\/www.amiblu.com\/wp-content\/uploads\/Hobas-sewer-pipe-for-Treatment-Plant-in-Chorzow-Poland-768x434.jpg 768w, https:\/\/www.amiblu.com\/wp-content\/uploads\/Hobas-sewer-pipe-for-Treatment-Plant-in-Chorzow-Poland-705x399.jpg 705w\" sizes=\"(max-width: 960px) 100vw, 960px\" \/><\/div><\/div><\/div><\/div>\n<style type=\"text\/css\" data-created_by=\"avia_inline_auto\" id=\"style-css-av-nsgwmh-095bf9f825d2b3ac088b24c32dc00a4c\">\n.flex_column.av-nsgwmh-095bf9f825d2b3ac088b24c32dc00a4c{\nborder-radius:11px 11px 11px 11px;\npadding:0px 0px 0px 0px;\n}\n<\/style>\n<div  class='flex_column av-nsgwmh-095bf9f825d2b3ac088b24c32dc00a4c av_one_half  avia-builder-el-12  el_after_av_one_half  avia-builder-el-last  home-info-text white-content flex_column_div av-zero-column-padding  '     ><section  class='av_textblock_section av-l2q4xj5o-bf08dc33f66807c98d83ecbaeeaaa536 '   itemscope=\"itemscope\" itemtype=\"https:\/\/schema.org\/CreativeWork\" ><div class='avia_textblock'  itemprop=\"text\" ><p><strong>Zalety system\u00f3w kanalizacyjnych i odwadniaj\u0105cych GRP Amiblu:<\/strong><\/p>\n<ul>\n<li><strong>Doskona\u0142a sztywno\u015b\u0107 d\u0142ugookresowa<\/strong>: Doskona\u0142a sztywno\u015b\u0107 d\u0142ugookresowa: Zachowuj\u0105 kszta\u0142t rok po roku, w przeciwie\u0144stwie do innych rur z niewzmacnianych tworzych sztucznych<\/li>\n<li>chropowato\u015b\u0107 hydrauliczna rur Amiblu jest bezkonkurencyjna w bran\u017cy<\/li>\n<li><strong>Bardzo dobra odporno\u015b\u0107 na czyszczenie pod wysokim ci\u015bnieniem<\/strong>: Rury mog\u0105 by\u0107 czyszczone wod\u0105 pod du\u017cym ci\u015bnieniem bez ryzyka uszkodzenia linera<\/li>\n<li><strong>Doskona\u0142a odporno\u015b\u0107 na \u015bcieranie<\/strong>: Odporno\u015b\u0107 na \u015bcieranie chroni wewn\u0119trzn\u0105 powierzchni\u0119 rury i zwi\u0119ksza jej \u017cywotno\u015b\u0107<\/li>\n<li>Zintegrowane podej\u015bcie do system\u00f3w obejmuje w\u0142azy i\u00a0<strong><a href=\"https:\/\/www.amiblu.com\/pl\/cso-i-amiscreen\/\">przelewy kanalizacyjne<\/a><\/strong><\/li>\n<\/ul>\n<\/div><\/section><\/div>\n","protected":false},"excerpt":{"rendered":"","protected":false},"author":8,"featured_media":47365,"parent":0,"menu_order":26,"comment_status":"closed","ping_status":"closed","template":"","meta":{"_acf_changed":false,"footnotes":""},"class_list":["post-40073","page","type-page","status-publish","has-post-thumbnail","hentry"],"acf":[],"yoast_head":"<!-- This site is optimized with the Yoast SEO Premium plugin v27.3 (Yoast SEO v27.4) - https:\/\/yoast.com\/product\/yoast-seo-premium-wordpress\/ -->\n<title>Zr\u00f3wnowa\u017cone systemy kanalizacyjne GRP Amiblu<\/title>\n<meta name=\"description\" content=\"Systemy GRP Amiblu zast\u0119puj\u0105 tradycyjne wra\u017cliwe na korozj\u0119 materia\u0142y jak beton, stal i \u017celiwo, kt\u00f3re zawodz\u0105 w kwa\u015bnym \u015brodowisku kanalizacji.\" \/>\n<meta name=\"robots\" content=\"index, follow, max-snippet:-1, max-image-preview:large, max-video-preview:-1\" \/>\n<link rel=\"canonical\" href=\"https:\/\/www.amiblu.com\/pl\/kanalizacja\/\" \/>\n<meta property=\"og:locale\" content=\"pl_PL\" \/>\n<meta property=\"og:type\" content=\"article\" \/>\n<meta property=\"og:title\" content=\"Kanalizacja\" \/>\n<meta property=\"og:description\" content=\"Systemy GRP Amiblu zast\u0119puj\u0105 tradycyjne wra\u017cliwe na korozj\u0119 materia\u0142y jak beton, stal i \u017celiwo, kt\u00f3re zawodz\u0105 w kwa\u015bnym \u015brodowisku kanalizacji.\" \/>\n<meta property=\"og:url\" content=\"https:\/\/www.amiblu.com\/pl\/kanalizacja\/\" \/>\n<meta property=\"og:site_name\" content=\"Amiblu\" \/>\n<meta property=\"article:publisher\" content=\"https:\/\/www.facebook.com\/amiblupipes\" \/>\n<meta property=\"article:modified_time\" content=\"2025-12-10T09:16:29+00:00\" \/>\n<meta property=\"og:image\" content=\"https:\/\/www.amiblu.com\/wp-content\/uploads\/Hobas-sewer-pipes-Czajka-Poland-wastewater.jpg\" \/>\n\t<meta property=\"og:image:width\" content=\"552\" \/>\n\t<meta property=\"og:image:height\" content=\"312\" \/>\n\t<meta property=\"og:image:type\" content=\"image\/jpeg\" \/>\n<meta name=\"twitter:card\" content=\"summary_large_image\" \/>\n<meta name=\"twitter:label1\" content=\"Szacowany czas czytania\" \/>\n\t<meta name=\"twitter:data1\" content=\"4 minuty\" \/>\n<script type=\"application\/ld+json\" class=\"yoast-schema-graph\">{\"@context\":\"https:\\\/\\\/schema.org\",\"@graph\":[{\"@type\":\"WebPage\",\"@id\":\"https:\\\/\\\/www.amiblu.com\\\/pl\\\/kanalizacja\\\/\",\"url\":\"https:\\\/\\\/www.amiblu.com\\\/pl\\\/kanalizacja\\\/\",\"name\":\"Zr\u00f3wnowa\u017cone systemy kanalizacyjne GRP Amiblu\",\"isPartOf\":{\"@id\":\"https:\\\/\\\/www.amiblu.com\\\/pl\\\/#website\"},\"primaryImageOfPage\":{\"@id\":\"https:\\\/\\\/www.amiblu.com\\\/pl\\\/kanalizacja\\\/#primaryimage\"},\"image\":{\"@id\":\"https:\\\/\\\/www.amiblu.com\\\/pl\\\/kanalizacja\\\/#primaryimage\"},\"thumbnailUrl\":\"https:\\\/\\\/www.amiblu.com\\\/wp-content\\\/uploads\\\/Hobas-sewer-pipes-Czajka-Poland-wastewater.jpg\",\"datePublished\":\"2021-08-04T07:41:14+00:00\",\"dateModified\":\"2025-12-10T09:16:29+00:00\",\"description\":\"Systemy GRP Amiblu zast\u0119puj\u0105 tradycyjne wra\u017cliwe na korozj\u0119 materia\u0142y jak beton, stal i \u017celiwo, kt\u00f3re zawodz\u0105 w kwa\u015bnym \u015brodowisku kanalizacji.\",\"inLanguage\":\"pl-PL\",\"potentialAction\":[{\"@type\":\"ReadAction\",\"target\":[\"https:\\\/\\\/www.amiblu.com\\\/pl\\\/kanalizacja\\\/\"]}]},{\"@type\":\"ImageObject\",\"inLanguage\":\"pl-PL\",\"@id\":\"https:\\\/\\\/www.amiblu.com\\\/pl\\\/kanalizacja\\\/#primaryimage\",\"url\":\"https:\\\/\\\/www.amiblu.com\\\/wp-content\\\/uploads\\\/Hobas-sewer-pipes-Czajka-Poland-wastewater.jpg\",\"contentUrl\":\"https:\\\/\\\/www.amiblu.com\\\/wp-content\\\/uploads\\\/Hobas-sewer-pipes-Czajka-Poland-wastewater.jpg\",\"width\":552,\"height\":312,\"caption\":\"Hobas sewer pipes installed at night for WWTP Czajka, Poland\"},{\"@type\":\"WebSite\",\"@id\":\"https:\\\/\\\/www.amiblu.com\\\/pl\\\/#website\",\"url\":\"https:\\\/\\\/www.amiblu.com\\\/pl\\\/\",\"name\":\"Amiblu\",\"description\":\"GFK-Rohrsysteme f\u00fcr Generationen\",\"publisher\":{\"@id\":\"https:\\\/\\\/www.amiblu.com\\\/pl\\\/#organization\"},\"potentialAction\":[{\"@type\":\"SearchAction\",\"target\":{\"@type\":\"EntryPoint\",\"urlTemplate\":\"https:\\\/\\\/www.amiblu.com\\\/pl\\\/?s={search_term_string}\"},\"query-input\":{\"@type\":\"PropertyValueSpecification\",\"valueRequired\":true,\"valueName\":\"search_term_string\"}}],\"inLanguage\":\"pl-PL\"},{\"@type\":\"Organization\",\"@id\":\"https:\\\/\\\/www.amiblu.com\\\/pl\\\/#organization\",\"name\":\"Amiblu Group\",\"url\":\"https:\\\/\\\/www.amiblu.com\\\/pl\\\/\",\"logo\":{\"@type\":\"ImageObject\",\"inLanguage\":\"pl-PL\",\"@id\":\"https:\\\/\\\/www.amiblu.com\\\/pl\\\/#\\\/schema\\\/logo\\\/image\\\/\",\"url\":\"https:\\\/\\\/www.amiblu.com\\\/wp-content\\\/uploads\\\/2021\\\/01\\\/Amiblu-logo-website-1.png\",\"contentUrl\":\"https:\\\/\\\/www.amiblu.com\\\/wp-content\\\/uploads\\\/2021\\\/01\\\/Amiblu-logo-website-1.png\",\"width\":201,\"height\":38,\"caption\":\"Amiblu Group\"},\"image\":{\"@id\":\"https:\\\/\\\/www.amiblu.com\\\/pl\\\/#\\\/schema\\\/logo\\\/image\\\/\"},\"sameAs\":[\"https:\\\/\\\/www.facebook.com\\\/amiblupipes\",\"https:\\\/\\\/www.youtube.com\\\/c\\\/Amiblu\",\"https:\\\/\\\/de.wikipedia.org\\\/wiki\\\/Amiblu\",\"https:\\\/\\\/www.linkedin.com\\\/company\\\/amiblupipes\\\/\"]}]}<\/script>\n<!-- \/ Yoast SEO Premium plugin. -->","yoast_head_json":{"title":"Zr\u00f3wnowa\u017cone systemy kanalizacyjne GRP Amiblu","description":"Systemy GRP Amiblu zast\u0119puj\u0105 tradycyjne wra\u017cliwe na korozj\u0119 materia\u0142y jak beton, stal i \u017celiwo, kt\u00f3re zawodz\u0105 w kwa\u015bnym \u015brodowisku kanalizacji.","robots":{"index":"index","follow":"follow","max-snippet":"max-snippet:-1","max-image-preview":"max-image-preview:large","max-video-preview":"max-video-preview:-1"},"canonical":"https:\/\/www.amiblu.com\/pl\/kanalizacja\/","og_locale":"pl_PL","og_type":"article","og_title":"Kanalizacja","og_description":"Systemy GRP Amiblu zast\u0119puj\u0105 tradycyjne wra\u017cliwe na korozj\u0119 materia\u0142y jak beton, stal i \u017celiwo, kt\u00f3re zawodz\u0105 w kwa\u015bnym \u015brodowisku kanalizacji.","og_url":"https:\/\/www.amiblu.com\/pl\/kanalizacja\/","og_site_name":"Amiblu","article_publisher":"https:\/\/www.facebook.com\/amiblupipes","article_modified_time":"2025-12-10T09:16:29+00:00","og_image":[{"width":552,"height":312,"url":"https:\/\/www.amiblu.com\/wp-content\/uploads\/Hobas-sewer-pipes-Czajka-Poland-wastewater.jpg","type":"image\/jpeg"}],"twitter_card":"summary_large_image","twitter_misc":{"Szacowany czas czytania":"4 minuty"},"schema":{"@context":"https:\/\/schema.org","@graph":[{"@type":"WebPage","@id":"https:\/\/www.amiblu.com\/pl\/kanalizacja\/","url":"https:\/\/www.amiblu.com\/pl\/kanalizacja\/","name":"Zr\u00f3wnowa\u017cone systemy kanalizacyjne GRP Amiblu","isPartOf":{"@id":"https:\/\/www.amiblu.com\/pl\/#website"},"primaryImageOfPage":{"@id":"https:\/\/www.amiblu.com\/pl\/kanalizacja\/#primaryimage"},"image":{"@id":"https:\/\/www.amiblu.com\/pl\/kanalizacja\/#primaryimage"},"thumbnailUrl":"https:\/\/www.amiblu.com\/wp-content\/uploads\/Hobas-sewer-pipes-Czajka-Poland-wastewater.jpg","datePublished":"2021-08-04T07:41:14+00:00","dateModified":"2025-12-10T09:16:29+00:00","description":"Systemy GRP Amiblu zast\u0119puj\u0105 tradycyjne wra\u017cliwe na korozj\u0119 materia\u0142y jak beton, stal i \u017celiwo, kt\u00f3re zawodz\u0105 w kwa\u015bnym \u015brodowisku kanalizacji.","inLanguage":"pl-PL","potentialAction":[{"@type":"ReadAction","target":["https:\/\/www.amiblu.com\/pl\/kanalizacja\/"]}]},{"@type":"ImageObject","inLanguage":"pl-PL","@id":"https:\/\/www.amiblu.com\/pl\/kanalizacja\/#primaryimage","url":"https:\/\/www.amiblu.com\/wp-content\/uploads\/Hobas-sewer-pipes-Czajka-Poland-wastewater.jpg","contentUrl":"https:\/\/www.amiblu.com\/wp-content\/uploads\/Hobas-sewer-pipes-Czajka-Poland-wastewater.jpg","width":552,"height":312,"caption":"Hobas sewer pipes installed at night for WWTP Czajka, Poland"},{"@type":"WebSite","@id":"https:\/\/www.amiblu.com\/pl\/#website","url":"https:\/\/www.amiblu.com\/pl\/","name":"Amiblu","description":"GFK-Rohrsysteme f\u00fcr Generationen","publisher":{"@id":"https:\/\/www.amiblu.com\/pl\/#organization"},"potentialAction":[{"@type":"SearchAction","target":{"@type":"EntryPoint","urlTemplate":"https:\/\/www.amiblu.com\/pl\/?s={search_term_string}"},"query-input":{"@type":"PropertyValueSpecification","valueRequired":true,"valueName":"search_term_string"}}],"inLanguage":"pl-PL"},{"@type":"Organization","@id":"https:\/\/www.amiblu.com\/pl\/#organization","name":"Amiblu Group","url":"https:\/\/www.amiblu.com\/pl\/","logo":{"@type":"ImageObject","inLanguage":"pl-PL","@id":"https:\/\/www.amiblu.com\/pl\/#\/schema\/logo\/image\/","url":"https:\/\/www.amiblu.com\/wp-content\/uploads\/2021\/01\/Amiblu-logo-website-1.png","contentUrl":"https:\/\/www.amiblu.com\/wp-content\/uploads\/2021\/01\/Amiblu-logo-website-1.png","width":201,"height":38,"caption":"Amiblu Group"},"image":{"@id":"https:\/\/www.amiblu.com\/pl\/#\/schema\/logo\/image\/"},"sameAs":["https:\/\/www.facebook.com\/amiblupipes","https:\/\/www.youtube.com\/c\/Amiblu","https:\/\/de.wikipedia.org\/wiki\/Amiblu","https:\/\/www.linkedin.com\/company\/amiblupipes\/"]}]}},"_links":{"self":[{"href":"https:\/\/www.amiblu.com\/pl\/wp-json\/wp\/v2\/pages\/40073","targetHints":{"allow":["GET"]}}],"collection":[{"href":"https:\/\/www.amiblu.com\/pl\/wp-json\/wp\/v2\/pages"}],"about":[{"href":"https:\/\/www.amiblu.com\/pl\/wp-json\/wp\/v2\/types\/page"}],"author":[{"embeddable":true,"href":"https:\/\/www.amiblu.com\/pl\/wp-json\/wp\/v2\/users\/8"}],"replies":[{"embeddable":true,"href":"https:\/\/www.amiblu.com\/pl\/wp-json\/wp\/v2\/comments?post=40073"}],"version-history":[{"count":21,"href":"https:\/\/www.amiblu.com\/pl\/wp-json\/wp\/v2\/pages\/40073\/revisions"}],"predecessor-version":[{"id":70149,"href":"https:\/\/www.amiblu.com\/pl\/wp-json\/wp\/v2\/pages\/40073\/revisions\/70149"}],"wp:featuredmedia":[{"embeddable":true,"href":"https:\/\/www.amiblu.com\/pl\/wp-json\/wp\/v2\/media\/47365"}],"wp:attachment":[{"href":"https:\/\/www.amiblu.com\/pl\/wp-json\/wp\/v2\/media?parent=40073"}],"curies":[{"name":"wp","href":"https:\/\/api.w.org\/{rel}","templated":true}]}}