{"id":40080,"date":"2021-08-04T09:49:04","date_gmt":"2021-08-04T07:49:04","guid":{"rendered":"https:\/\/www.amiblu.com\/?page_id=40080"},"modified":"2022-07-20T08:32:27","modified_gmt":"2022-07-20T06:32:27","slug":"cso-i-amiscreen","status":"publish","type":"page","link":"https:\/\/www.amiblu.com\/pl\/cso-i-amiscreen\/","title":{"rendered":"CSO i Amiscreen"},"content":{"rendered":"\n<style type=\"text\/css\" data-created_by=\"avia_inline_auto\" id=\"style-css-av-40p6v68-1ef918e845bf17a91cfb4207d27f7328\">\n.avia-section.av-40p6v68-1ef918e845bf17a91cfb4207d27f7328 .av-parallax .av-parallax-inner{\nbackground-repeat:no-repeat;\nbackground-image:url(https:\/\/www.amiblu.com\/wp-content\/uploads\/Four-line-Amiscreen-Geisa-Germany.jpg);\nbackground-position:50% 50%;\nbackground-attachment:scroll;\n}\n.avia-section.av-40p6v68-1ef918e845bf17a91cfb4207d27f7328 .av-section-color-overlay{\nopacity:0.5;\nbackground-color:#0a0a0a;\n}\n<\/style>\n<div id='av_section_1'  class='avia-section av-40p6v68-1ef918e845bf17a91cfb4207d27f7328 main_color avia-section-default avia-no-border-styling  avia-builder-el-0  el_before_av_section  avia-builder-el-first  amiblu-content amiblu-page-hero av-parallax-section avia-bg-style-parallax av-section-color-overlay-active container_wrap fullsize'  data-section-bg-repeat='no-repeat'><div class='av-parallax' data-avia-parallax-ratio='0.3' ><div class='av-parallax-inner main_color avia-full-stretch'><\/div><\/div><div class=\"av-section-color-overlay-wrap\"><div class=\"av-section-color-overlay\"><\/div><div class='container av-section-cont-open' ><main  role=\"main\" itemprop=\"mainContentOfPage\"  class='template-page content  av-content-full alpha units'><div class='post-entry post-entry-type-page post-entry-40080'><div class='entry-content-wrapper clearfix'>\n\n<style type=\"text\/css\" data-created_by=\"avia_inline_auto\" id=\"style-css-av-3gwaff4-fc4e3aaf4ab655fd75d134c564c9cd41\">\n.flex_column.av-3gwaff4-fc4e3aaf4ab655fd75d134c564c9cd41{\nborder-radius:0px 0px 0px 0px;\npadding:0 0 0 0;\n}\n<\/style>\n<div  class='flex_column av-3gwaff4-fc4e3aaf4ab655fd75d134c564c9cd41 av_three_fourth  avia-builder-el-1  avia-builder-el-no-sibling  white-content first flex_column_div av-zero-column-padding  '     ><section  class='av_textblock_section av-l2q53rtn-e99d82d428167a4bf4b823a41a851799 '   itemscope=\"itemscope\" itemtype=\"https:\/\/schema.org\/CreativeWork\" ><div class='avia_textblock'  itemprop=\"text\" ><h1>Systemy przelewowe dla kanalizacji og\u00f3lnosp\u0142awnej z funkcj\u0105 separacji zanieczyszcze\u0144<\/h1>\n<\/div><\/section><br \/>\n\n<style type=\"text\/css\" data-created_by=\"avia_inline_auto\" id=\"style-css-av-l2q55hvj-0d03bb5a195d4e8a92365344505c18c6\">\n#top .av_textblock_section.av-l2q55hvj-0d03bb5a195d4e8a92365344505c18c6 .avia_textblock{\nfont-size:20px;\n}\n<\/style>\n<section  class='av_textblock_section av-l2q55hvj-0d03bb5a195d4e8a92365344505c18c6 '   itemscope=\"itemscope\" itemtype=\"https:\/\/schema.org\/CreativeWork\" ><div class='avia_textblock sub-heading'  itemprop=\"text\" ><p>Nasza obietnica: solidna modernizacja sieci kanalizacyjnej dla \u015bciek\u00f3w bez cz\u0105stek sta\u0142ych.<\/p>\n<\/div><\/section><\/p><\/div>\n\n<\/div><\/div><\/main><!-- close content main element --><\/div><\/div><\/div><div id='av_section_2'  class='avia-section av-35do5qo-ea00a9c167b23859b4324fad598d36da main_color avia-section-default avia-no-border-styling  avia-builder-el-4  el_after_av_section  el_before_av_section  amiblu-bw-pr amiblu-jk-pp avia-bg-style-scroll container_wrap fullsize'  ><div class='container av-section-cont-open' ><div class='template-page content  av-content-full alpha units'><div class='post-entry post-entry-type-page post-entry-40080'><div class='entry-content-wrapper clearfix'>\n\n<style type=\"text\/css\" data-created_by=\"avia_inline_auto\" id=\"style-css-av-2ohz0kw-0dbe4a1f7e1abc77a9973e9c065c3927\">\n.flex_column.av-2ohz0kw-0dbe4a1f7e1abc77a9973e9c065c3927{\nborder-radius:0px 0px 0px 0px;\npadding:0px 0px 0px 0px;\n}\n<\/style>\n<div  class='flex_column av-2ohz0kw-0dbe4a1f7e1abc77a9973e9c065c3927 av_two_third  avia-builder-el-5  avia-builder-el-no-sibling  first flex_column_div av-zero-column-padding  '     ><p>\n<style type=\"text\/css\" data-created_by=\"avia_inline_auto\" id=\"style-css-av-l5t88xny-2293de58b3cf8e18bfe2a92a29706c31\">\n#top .av-special-heading.av-l5t88xny-2293de58b3cf8e18bfe2a92a29706c31{\npadding-bottom:10px;\n}\nbody .av-special-heading.av-l5t88xny-2293de58b3cf8e18bfe2a92a29706c31 .av-special-heading-tag .heading-char{\nfont-size:25px;\n}\n.av-special-heading.av-l5t88xny-2293de58b3cf8e18bfe2a92a29706c31 .av-subheading{\nfont-size:15px;\n}\n<\/style>\n<div  class='av-special-heading av-l5t88xny-2293de58b3cf8e18bfe2a92a29706c31 av-special-heading-h5 blockquote modern-quote  avia-builder-el-6  el_before_av_textblock  avia-builder-el-first  h1'><h5 class='av-special-heading-tag '  itemprop=\"headline\"  >Amiblu CSO Chamber i Amiscreen<\/h5><div class=\"special-heading-border\"><div class=\"special-heading-inner-border\"><\/div><\/div><\/div><br \/>\n\n<style type=\"text\/css\" data-created_by=\"avia_inline_auto\" id=\"style-css-av-l2q575co-23abd9bedb5f359052c0e8fc82f355d6\">\n#top .av_textblock_section.av-l2q575co-23abd9bedb5f359052c0e8fc82f355d6 .avia_textblock{\nfont-size:20px;\n}\n\n@media only screen and (min-width: 480px) and (max-width: 767px){ \n#top .av_textblock_section.av-l2q575co-23abd9bedb5f359052c0e8fc82f355d6 .avia_textblock{\nfont-size:18px;\n}\n}\n\n@media only screen and (max-width: 479px){ \n#top .av_textblock_section.av-l2q575co-23abd9bedb5f359052c0e8fc82f355d6 .avia_textblock{\nfont-size:16px;\n}\n}\n<\/style>\n<section  class='av_textblock_section av-l2q575co-23abd9bedb5f359052c0e8fc82f355d6 '   itemscope=\"itemscope\" itemtype=\"https:\/\/schema.org\/CreativeWork\" ><div class='avia_textblock'  itemprop=\"text\" ><p>Gdy deszcz, wody opadowe i \u015bcieki komunalne przep\u0142ywaj\u0105 razem w po\u0142\u0105czonym kanale \u015bciekowym, silne opady mog\u0105 prowadzi\u0107 to krytycznych sytuacji: oczyszczalnie \u015bciek\u00f3w s\u0105 przeci\u0105\u017cone i du\u017ce ilo\u015bci zanieczyszczonych w\u00f3d wp\u0142ywaj\u0105 do ekologicznie wra\u017cliwych jezior i rzek. Konstrukcje przep\u0142ywowe oferuj\u0105 rozwi\u0105zanie tego problemu. Amiblu dostarcza dwie szczeg\u00f3lnie niezawodne i wydajne opcje \u2013 <strong>zbiornik przelewowy do kanalizacji og\u00f3lnosp\u0142awnej (CSO) oraz Amiscreen<\/strong>.<\/p>\n<p>Systemy Amiblu do kanalizacji og\u00f3lnosp\u0142awnej stosowane s\u0105 do oddzielenia z wody \u015bciekowej zanieczyszcze\u0144, kt\u00f3re przekazywane s\u0105 do oczyszczalni \u015bciek\u00f3w. Oczyszczona woda natomiast odprowadzana jest bezpo\u015brednio do odbiornika.<\/p>\n<\/div><\/section><br \/>\n<div  class='avia-button-wrap av-l2q57e2d-a3d89e8fc122ed9cb113c70218ccc88e-wrap avia-button-left  avia-builder-el-8  el_after_av_textblock  avia-builder-el-last  amiblu-outline-button'><a href='https:\/\/www.amiblu.com\/wp-content\/uploads\/Amiblu-Amiscreen.pdf'  class='avia-button av-l2q57e2d-a3d89e8fc122ed9cb113c70218ccc88e av-link-btn avia-icon_select-yes-right-icon avia-size-small avia-position-left av-desktop-hide av-medium-hide av-small-hide av-mini-hide avia-color-theme-color'  target=\"_blank\"  rel=\"noopener noreferrer\"  aria-label=\"Download our Amiscreen brochure\"><span class='avia_iconbox_title' >Download our Amiscreen brochure<\/span><span class='avia_button_icon avia_button_icon_right avia-iconfont avia-font-amiblu-icons' data-av_icon='\ue800' data-av_iconfont='amiblu-icons' ><\/span><\/a><\/div><\/p><\/div><\/div><\/div><\/div><!-- close content main div --><\/div><\/div>\n<style type=\"text\/css\" data-created_by=\"avia_inline_auto\" id=\"style-css-av-20m6xw0-58a8875cbb640d569f67a4983a1c8f6f\">\n.avia-section.av-20m6xw0-58a8875cbb640d569f67a4983a1c8f6f{\nbackground-color:#f2f4f8;\nbackground-image:unset;\n}\n<\/style>\n<div id='av_section_3'  class='avia-section av-20m6xw0-58a8875cbb640d569f67a4983a1c8f6f main_color avia-section-default avia-no-border-styling  avia-builder-el-9  el_after_av_section  avia-builder-el-last  home-info amiblu-jk-inf avia-bg-style-scroll container_wrap fullsize'  ><div class='container av-section-cont-open' ><div class='template-page content  av-content-full alpha units'><div class='post-entry post-entry-type-page post-entry-40080'><div class='entry-content-wrapper clearfix'>\n\n<style type=\"text\/css\" data-created_by=\"avia_inline_auto\" id=\"style-css-av-1p6fjww-8a00630ebe45f0cd93dfd6314e794f74\">\n.flex_column.av-1p6fjww-8a00630ebe45f0cd93dfd6314e794f74{\nborder-radius:0px 0px 0px 0px;\npadding:0px 0px 0px 0px;\n}\n<\/style>\n<div  class='flex_column av-1p6fjww-8a00630ebe45f0cd93dfd6314e794f74 av_one_half  avia-builder-el-10  el_before_av_one_half  avia-builder-el-first  home-info-img first flex_column_div av-zero-column-padding  '     ><style type=\"text\/css\" data-created_by=\"avia_inline_auto\" id=\"style-css-av-zvoru8-aca51c672cda4ec434b6c72dd942b801\">\n.avia-image-container.av-zvoru8-aca51c672cda4ec434b6c72dd942b801 img.avia_image{\nbox-shadow:none;\n}\n.avia-image-container.av-zvoru8-aca51c672cda4ec434b6c72dd942b801 .av-image-caption-overlay-center{\ncolor:#ffffff;\n}\n<\/style>\n<div  class='avia-image-container av-zvoru8-aca51c672cda4ec434b6c72dd942b801 av-styling- avia-align-right  avia-builder-el-11  avia-builder-el-no-sibling '   itemprop=\"image\" itemscope=\"itemscope\" itemtype=\"https:\/\/schema.org\/ImageObject\" ><div class=\"avia-image-container-inner\"><div class=\"avia-image-overlay-wrap\"><img fetchpriority=\"high\" decoding=\"async\" fetchpriority=\"high\" fetchpriority=\"high\" class='wp-image-48036 avia-img-lazy-loading-not-48036 avia_image ' src=\"https:\/\/www.amiblu.com\/wp-content\/uploads\/Hobas-CSO-Chamber-Ticino-Switzerland.jpg\" alt='Hobas CSO Chamber in Ticino, Switzerland' title='Hobas-CSO-Chamber-Ticino-Switzerland'  height=\"543\" width=\"960\"  itemprop=\"thumbnailUrl\" srcset=\"https:\/\/www.amiblu.com\/wp-content\/uploads\/Hobas-CSO-Chamber-Ticino-Switzerland.jpg 960w, https:\/\/www.amiblu.com\/wp-content\/uploads\/Hobas-CSO-Chamber-Ticino-Switzerland-300x170.jpg 300w, https:\/\/www.amiblu.com\/wp-content\/uploads\/Hobas-CSO-Chamber-Ticino-Switzerland-768x434.jpg 768w, https:\/\/www.amiblu.com\/wp-content\/uploads\/Hobas-CSO-Chamber-Ticino-Switzerland-705x399.jpg 705w\" sizes=\"(max-width: 960px) 100vw, 960px\" \/><\/div><\/div><\/div><\/div>\n<style type=\"text\/css\" data-created_by=\"avia_inline_auto\" id=\"style-css-av-r6p74g-9a385e8a50fb7d8a241ee8b9249d7d31\">\n.flex_column.av-r6p74g-9a385e8a50fb7d8a241ee8b9249d7d31{\nborder-radius:11px 11px 11px 11px;\npadding:0px 0px 0px 0px;\n}\n<\/style>\n<div  class='flex_column av-r6p74g-9a385e8a50fb7d8a241ee8b9249d7d31 av_one_half  avia-builder-el-12  el_after_av_one_half  avia-builder-el-last  home-info-text white-content flex_column_div av-zero-column-padding  '     ><section  class='av_textblock_section av-l2q58jst-fcec63fec92c018faed85e3fe23828f0 '   itemscope=\"itemscope\" itemtype=\"https:\/\/schema.org\/CreativeWork\" ><div class='avia_textblock'  itemprop=\"text\" ><p><strong>Zalety:<\/strong><\/p>\n<ul>\n<li>niezawodny przelew wody deszczowej<\/li>\n<li>niewymagaj\u0105cy skomplikowanej konserwacji, samoczyszcz\u0105cy si\u0119 system<\/li>\n<li>optymalna separacja zanieczyszcze\u0144 (konstrukcja zwi\u0119ksza efekt przep\u0142ywu wt\u00f3rnego)<\/li>\n<li>dodatkowo mo\u017ce pe\u0142ni\u0107 funkcje zbiornika magazynowania<\/li>\n<li>system modu\u0142owy<\/li>\n<li><span id=\"result_box\" class=\"short_text\" lang=\"pl\"><span class=\"\">pe\u0142na odporno\u015b\u0107 na korozj\u0119<\/span><\/span><\/li>\n<li>szybka instalacja<\/li>\n<li>niewielka powierzchnia i wykop niezb\u0119dny podczas instalacji<\/li>\n<\/ul>\n<\/div><\/section><\/div>\n<\/p>\n","protected":false},"excerpt":{"rendered":"","protected":false},"author":5,"featured_media":47360,"parent":0,"menu_order":30,"comment_status":"closed","ping_status":"closed","template":"","meta":{"_acf_changed":false,"footnotes":""},"class_list":["post-40080","page","type-page","status-publish","has-post-thumbnail","hentry"],"acf":[],"yoast_head":"<!-- This site is optimized with the Yoast SEO Premium plugin v27.3 (Yoast SEO v27.4) - https:\/\/yoast.com\/product\/yoast-seo-premium-wordpress\/ -->\n<title>Systemy przelewowe dla kanalizacji og\u00f3lnosp\u0142awnej oraz Amiscreen<\/title>\n<meta name=\"description\" content=\"Systemy Amiblu do kanalizacji og\u00f3lnosp\u0142awnej stosowane s\u0105 do oddzielenia z wody \u015bciekowej zanieczyszcze\u0144, kt\u00f3re przekazywane s\u0105 do oczyszczalni \u015bciek\u00f3w. Oczyszczona woda natomiast odprowadzana jest bezpo\u015brednio do odbiornika.\" \/>\n<meta name=\"robots\" content=\"index, follow, max-snippet:-1, max-image-preview:large, max-video-preview:-1\" \/>\n<link rel=\"canonical\" href=\"https:\/\/www.amiblu.com\/pl\/cso-i-amiscreen\/\" \/>\n<meta property=\"og:locale\" content=\"pl_PL\" \/>\n<meta property=\"og:type\" content=\"article\" \/>\n<meta property=\"og:title\" content=\"CSO i Amiscreen\" \/>\n<meta property=\"og:description\" content=\"Systemy Amiblu do kanalizacji og\u00f3lnosp\u0142awnej stosowane s\u0105 do oddzielenia z wody \u015bciekowej zanieczyszcze\u0144, kt\u00f3re przekazywane s\u0105 do oczyszczalni \u015bciek\u00f3w. Oczyszczona woda natomiast odprowadzana jest bezpo\u015brednio do odbiornika.\" \/>\n<meta property=\"og:url\" content=\"https:\/\/www.amiblu.com\/pl\/cso-i-amiscreen\/\" \/>\n<meta property=\"og:site_name\" content=\"Amiblu\" \/>\n<meta property=\"article:publisher\" content=\"https:\/\/www.facebook.com\/amiblupipes\" \/>\n<meta property=\"article:modified_time\" content=\"2022-07-20T06:32:27+00:00\" \/>\n<meta property=\"og:image\" content=\"https:\/\/www.amiblu.com\/wp-content\/uploads\/Amiblu-CSO-system-Moehra.jpg\" \/>\n\t<meta property=\"og:image:width\" content=\"552\" \/>\n\t<meta property=\"og:image:height\" content=\"312\" \/>\n\t<meta property=\"og:image:type\" content=\"image\/jpeg\" \/>\n<meta name=\"twitter:card\" content=\"summary_large_image\" \/>\n<meta name=\"twitter:label1\" content=\"Szacowany czas czytania\" \/>\n\t<meta name=\"twitter:data1\" content=\"3 minuty\" \/>\n<script type=\"application\/ld+json\" class=\"yoast-schema-graph\">{\"@context\":\"https:\\\/\\\/schema.org\",\"@graph\":[{\"@type\":\"WebPage\",\"@id\":\"https:\\\/\\\/www.amiblu.com\\\/pl\\\/cso-i-amiscreen\\\/\",\"url\":\"https:\\\/\\\/www.amiblu.com\\\/pl\\\/cso-i-amiscreen\\\/\",\"name\":\"Systemy przelewowe dla kanalizacji og\u00f3lnosp\u0142awnej oraz Amiscreen\",\"isPartOf\":{\"@id\":\"https:\\\/\\\/www.amiblu.com\\\/pl\\\/#website\"},\"primaryImageOfPage\":{\"@id\":\"https:\\\/\\\/www.amiblu.com\\\/pl\\\/cso-i-amiscreen\\\/#primaryimage\"},\"image\":{\"@id\":\"https:\\\/\\\/www.amiblu.com\\\/pl\\\/cso-i-amiscreen\\\/#primaryimage\"},\"thumbnailUrl\":\"https:\\\/\\\/www.amiblu.com\\\/wp-content\\\/uploads\\\/Amiblu-CSO-system-Moehra.jpg\",\"datePublished\":\"2021-08-04T07:49:04+00:00\",\"dateModified\":\"2022-07-20T06:32:27+00:00\",\"description\":\"Systemy Amiblu do kanalizacji og\u00f3lnosp\u0142awnej stosowane s\u0105 do oddzielenia z wody \u015bciekowej zanieczyszcze\u0144, kt\u00f3re przekazywane s\u0105 do oczyszczalni \u015bciek\u00f3w. Oczyszczona woda natomiast odprowadzana jest bezpo\u015brednio do odbiornika.\",\"inLanguage\":\"pl-PL\",\"potentialAction\":[{\"@type\":\"ReadAction\",\"target\":[\"https:\\\/\\\/www.amiblu.com\\\/pl\\\/cso-i-amiscreen\\\/\"]}]},{\"@type\":\"ImageObject\",\"inLanguage\":\"pl-PL\",\"@id\":\"https:\\\/\\\/www.amiblu.com\\\/pl\\\/cso-i-amiscreen\\\/#primaryimage\",\"url\":\"https:\\\/\\\/www.amiblu.com\\\/wp-content\\\/uploads\\\/Amiblu-CSO-system-Moehra.jpg\",\"contentUrl\":\"https:\\\/\\\/www.amiblu.com\\\/wp-content\\\/uploads\\\/Amiblu-CSO-system-Moehra.jpg\",\"width\":552,\"height\":312,\"caption\":\"Amiblu CSO system in M\u00f6hra, Germany\"},{\"@type\":\"WebSite\",\"@id\":\"https:\\\/\\\/www.amiblu.com\\\/pl\\\/#website\",\"url\":\"https:\\\/\\\/www.amiblu.com\\\/pl\\\/\",\"name\":\"Amiblu\",\"description\":\"GFK-Rohrsysteme f\u00fcr Generationen\",\"publisher\":{\"@id\":\"https:\\\/\\\/www.amiblu.com\\\/pl\\\/#organization\"},\"potentialAction\":[{\"@type\":\"SearchAction\",\"target\":{\"@type\":\"EntryPoint\",\"urlTemplate\":\"https:\\\/\\\/www.amiblu.com\\\/pl\\\/?s={search_term_string}\"},\"query-input\":{\"@type\":\"PropertyValueSpecification\",\"valueRequired\":true,\"valueName\":\"search_term_string\"}}],\"inLanguage\":\"pl-PL\"},{\"@type\":\"Organization\",\"@id\":\"https:\\\/\\\/www.amiblu.com\\\/pl\\\/#organization\",\"name\":\"Amiblu Group\",\"url\":\"https:\\\/\\\/www.amiblu.com\\\/pl\\\/\",\"logo\":{\"@type\":\"ImageObject\",\"inLanguage\":\"pl-PL\",\"@id\":\"https:\\\/\\\/www.amiblu.com\\\/pl\\\/#\\\/schema\\\/logo\\\/image\\\/\",\"url\":\"https:\\\/\\\/www.amiblu.com\\\/wp-content\\\/uploads\\\/2021\\\/01\\\/Amiblu-logo-website-1.png\",\"contentUrl\":\"https:\\\/\\\/www.amiblu.com\\\/wp-content\\\/uploads\\\/2021\\\/01\\\/Amiblu-logo-website-1.png\",\"width\":201,\"height\":38,\"caption\":\"Amiblu Group\"},\"image\":{\"@id\":\"https:\\\/\\\/www.amiblu.com\\\/pl\\\/#\\\/schema\\\/logo\\\/image\\\/\"},\"sameAs\":[\"https:\\\/\\\/www.facebook.com\\\/amiblupipes\",\"https:\\\/\\\/www.youtube.com\\\/c\\\/Amiblu\",\"https:\\\/\\\/de.wikipedia.org\\\/wiki\\\/Amiblu\",\"https:\\\/\\\/www.linkedin.com\\\/company\\\/amiblupipes\\\/\"]}]}<\/script>\n<!-- \/ Yoast SEO Premium plugin. -->","yoast_head_json":{"title":"Systemy przelewowe dla kanalizacji og\u00f3lnosp\u0142awnej oraz Amiscreen","description":"Systemy Amiblu do kanalizacji og\u00f3lnosp\u0142awnej stosowane s\u0105 do oddzielenia z wody \u015bciekowej zanieczyszcze\u0144, kt\u00f3re przekazywane s\u0105 do oczyszczalni \u015bciek\u00f3w. Oczyszczona woda natomiast odprowadzana jest bezpo\u015brednio do odbiornika.","robots":{"index":"index","follow":"follow","max-snippet":"max-snippet:-1","max-image-preview":"max-image-preview:large","max-video-preview":"max-video-preview:-1"},"canonical":"https:\/\/www.amiblu.com\/pl\/cso-i-amiscreen\/","og_locale":"pl_PL","og_type":"article","og_title":"CSO i Amiscreen","og_description":"Systemy Amiblu do kanalizacji og\u00f3lnosp\u0142awnej stosowane s\u0105 do oddzielenia z wody \u015bciekowej zanieczyszcze\u0144, kt\u00f3re przekazywane s\u0105 do oczyszczalni \u015bciek\u00f3w. Oczyszczona woda natomiast odprowadzana jest bezpo\u015brednio do odbiornika.","og_url":"https:\/\/www.amiblu.com\/pl\/cso-i-amiscreen\/","og_site_name":"Amiblu","article_publisher":"https:\/\/www.facebook.com\/amiblupipes","article_modified_time":"2022-07-20T06:32:27+00:00","og_image":[{"width":552,"height":312,"url":"https:\/\/www.amiblu.com\/wp-content\/uploads\/Amiblu-CSO-system-Moehra.jpg","type":"image\/jpeg"}],"twitter_card":"summary_large_image","twitter_misc":{"Szacowany czas czytania":"3 minuty"},"schema":{"@context":"https:\/\/schema.org","@graph":[{"@type":"WebPage","@id":"https:\/\/www.amiblu.com\/pl\/cso-i-amiscreen\/","url":"https:\/\/www.amiblu.com\/pl\/cso-i-amiscreen\/","name":"Systemy przelewowe dla kanalizacji og\u00f3lnosp\u0142awnej oraz Amiscreen","isPartOf":{"@id":"https:\/\/www.amiblu.com\/pl\/#website"},"primaryImageOfPage":{"@id":"https:\/\/www.amiblu.com\/pl\/cso-i-amiscreen\/#primaryimage"},"image":{"@id":"https:\/\/www.amiblu.com\/pl\/cso-i-amiscreen\/#primaryimage"},"thumbnailUrl":"https:\/\/www.amiblu.com\/wp-content\/uploads\/Amiblu-CSO-system-Moehra.jpg","datePublished":"2021-08-04T07:49:04+00:00","dateModified":"2022-07-20T06:32:27+00:00","description":"Systemy Amiblu do kanalizacji og\u00f3lnosp\u0142awnej stosowane s\u0105 do oddzielenia z wody \u015bciekowej zanieczyszcze\u0144, kt\u00f3re przekazywane s\u0105 do oczyszczalni \u015bciek\u00f3w. Oczyszczona woda natomiast odprowadzana jest bezpo\u015brednio do odbiornika.","inLanguage":"pl-PL","potentialAction":[{"@type":"ReadAction","target":["https:\/\/www.amiblu.com\/pl\/cso-i-amiscreen\/"]}]},{"@type":"ImageObject","inLanguage":"pl-PL","@id":"https:\/\/www.amiblu.com\/pl\/cso-i-amiscreen\/#primaryimage","url":"https:\/\/www.amiblu.com\/wp-content\/uploads\/Amiblu-CSO-system-Moehra.jpg","contentUrl":"https:\/\/www.amiblu.com\/wp-content\/uploads\/Amiblu-CSO-system-Moehra.jpg","width":552,"height":312,"caption":"Amiblu CSO system in M\u00f6hra, Germany"},{"@type":"WebSite","@id":"https:\/\/www.amiblu.com\/pl\/#website","url":"https:\/\/www.amiblu.com\/pl\/","name":"Amiblu","description":"GFK-Rohrsysteme f\u00fcr Generationen","publisher":{"@id":"https:\/\/www.amiblu.com\/pl\/#organization"},"potentialAction":[{"@type":"SearchAction","target":{"@type":"EntryPoint","urlTemplate":"https:\/\/www.amiblu.com\/pl\/?s={search_term_string}"},"query-input":{"@type":"PropertyValueSpecification","valueRequired":true,"valueName":"search_term_string"}}],"inLanguage":"pl-PL"},{"@type":"Organization","@id":"https:\/\/www.amiblu.com\/pl\/#organization","name":"Amiblu Group","url":"https:\/\/www.amiblu.com\/pl\/","logo":{"@type":"ImageObject","inLanguage":"pl-PL","@id":"https:\/\/www.amiblu.com\/pl\/#\/schema\/logo\/image\/","url":"https:\/\/www.amiblu.com\/wp-content\/uploads\/2021\/01\/Amiblu-logo-website-1.png","contentUrl":"https:\/\/www.amiblu.com\/wp-content\/uploads\/2021\/01\/Amiblu-logo-website-1.png","width":201,"height":38,"caption":"Amiblu Group"},"image":{"@id":"https:\/\/www.amiblu.com\/pl\/#\/schema\/logo\/image\/"},"sameAs":["https:\/\/www.facebook.com\/amiblupipes","https:\/\/www.youtube.com\/c\/Amiblu","https:\/\/de.wikipedia.org\/wiki\/Amiblu","https:\/\/www.linkedin.com\/company\/amiblupipes\/"]}]}},"_links":{"self":[{"href":"https:\/\/www.amiblu.com\/pl\/wp-json\/wp\/v2\/pages\/40080","targetHints":{"allow":["GET"]}}],"collection":[{"href":"https:\/\/www.amiblu.com\/pl\/wp-json\/wp\/v2\/pages"}],"about":[{"href":"https:\/\/www.amiblu.com\/pl\/wp-json\/wp\/v2\/types\/page"}],"author":[{"embeddable":true,"href":"https:\/\/www.amiblu.com\/pl\/wp-json\/wp\/v2\/users\/5"}],"replies":[{"embeddable":true,"href":"https:\/\/www.amiblu.com\/pl\/wp-json\/wp\/v2\/comments?post=40080"}],"version-history":[{"count":14,"href":"https:\/\/www.amiblu.com\/pl\/wp-json\/wp\/v2\/pages\/40080\/revisions"}],"predecessor-version":[{"id":51620,"href":"https:\/\/www.amiblu.com\/pl\/wp-json\/wp\/v2\/pages\/40080\/revisions\/51620"}],"wp:featuredmedia":[{"embeddable":true,"href":"https:\/\/www.amiblu.com\/pl\/wp-json\/wp\/v2\/media\/47360"}],"wp:attachment":[{"href":"https:\/\/www.amiblu.com\/pl\/wp-json\/wp\/v2\/media?parent=40080"}],"curies":[{"name":"wp","href":"https:\/\/api.w.org\/{rel}","templated":true}]}}