{"id":40087,"date":"2021-08-04T09:51:06","date_gmt":"2021-08-04T07:51:06","guid":{"rendered":"https:\/\/www.amiblu.com\/?page_id=40087"},"modified":"2022-07-20T08:38:25","modified_gmt":"2022-07-20T06:38:25","slug":"woda-pitna","status":"publish","type":"page","link":"https:\/\/www.amiblu.com\/pl\/woda-pitna\/","title":{"rendered":"Woda pitna"},"content":{"rendered":"\n<style type=\"text\/css\" data-created_by=\"avia_inline_auto\" id=\"style-css-av-e31lp3-91e8a0c51a63a1694d8f4375dc6c591b\">\n.avia-section.av-e31lp3-91e8a0c51a63a1694d8f4375dc6c591b .av-parallax .av-parallax-inner{\nbackground-repeat:no-repeat;\nbackground-image:url(https:\/\/www.amiblu.com\/wp-content\/uploads\/Hobas-Potable-Water-Pipeline-Targu-Jiu-Romania.jpg);\nbackground-position:50% 50%;\nbackground-attachment:scroll;\n}\n.avia-section.av-e31lp3-91e8a0c51a63a1694d8f4375dc6c591b .av-section-color-overlay{\nopacity:0.5;\nbackground-color:#0a0a0a;\n}\n<\/style>\n<div id='av_section_1'  class='avia-section av-e31lp3-91e8a0c51a63a1694d8f4375dc6c591b main_color avia-section-default avia-no-border-styling  avia-builder-el-0  el_before_av_section  avia-builder-el-first  amiblu-content amiblu-page-hero av-parallax-section avia-bg-style-parallax av-section-color-overlay-active container_wrap fullsize'  data-section-bg-repeat='no-repeat'><div class='av-parallax' data-avia-parallax-ratio='0.3' ><div class='av-parallax-inner main_color avia-full-stretch'><\/div><\/div><div class=\"av-section-color-overlay-wrap\"><div class=\"av-section-color-overlay\"><\/div><div class='container av-section-cont-open' ><main  role=\"main\" itemprop=\"mainContentOfPage\"  class='template-page content  av-content-full alpha units'><div class='post-entry post-entry-type-page post-entry-40087'><div class='entry-content-wrapper clearfix'>\n\n<style type=\"text\/css\" data-created_by=\"avia_inline_auto\" id=\"style-css-av-3arvr9z-cffb9fdb593bdb89d037be3f6f01df7b\">\n.flex_column.av-3arvr9z-cffb9fdb593bdb89d037be3f6f01df7b{\nborder-radius:0px 0px 0px 0px;\npadding:0 0 0 0;\n}\n<\/style>\n<div  class='flex_column av-3arvr9z-cffb9fdb593bdb89d037be3f6f01df7b av_three_fourth  avia-builder-el-1  avia-builder-el-no-sibling  white-content first flex_column_div av-zero-column-padding  '     ><section  class='av_textblock_section av-l2q5m0p9-17367045579e21a85492204a67521f19 '   itemscope=\"itemscope\" itemtype=\"https:\/\/schema.org\/CreativeWork\" ><div class='avia_textblock'  itemprop=\"text\" ><h1>Systemy Amiblu do wody pitnej<\/h1>\n<\/div><\/section><br \/>\n\n<style type=\"text\/css\" data-created_by=\"avia_inline_auto\" id=\"style-css-av-l2q5nojq-423d9ea6a0127b8b32d02f63c7a6f702\">\n#top .av_textblock_section.av-l2q5nojq-423d9ea6a0127b8b32d02f63c7a6f702 .avia_textblock{\nfont-size:20px;\n}\n<\/style>\n<section  class='av_textblock_section av-l2q5nojq-423d9ea6a0127b8b32d02f63c7a6f702 '   itemscope=\"itemscope\" itemtype=\"https:\/\/schema.org\/CreativeWork\" ><div class='avia_textblock sub-heading'  itemprop=\"text\" ><p>Wiemy jak transportowa\u0107 wod\u0119 pitn\u0105 w rozs\u0105dny i zr\u00f3wnowa\u017cony spos\u00f3b.<\/p>\n<\/div><\/section><\/p><\/div>\n\n<\/div><\/div><\/main><!-- close content main element --><\/div><\/div><\/div><div id='av_section_2'  class='avia-section av-30h0uk7-50584d90f2c230fdac17adba6bc32539 main_color avia-section-default avia-no-border-styling  avia-builder-el-4  el_after_av_section  el_before_av_section  amiblu-bw-pr amiblu-jk-pp avia-bg-style-scroll container_wrap fullsize'  ><div class='container av-section-cont-open' ><div class='template-page content  av-content-full alpha units'><div class='post-entry post-entry-type-page post-entry-40087'><div class='entry-content-wrapper clearfix'>\n\n<style type=\"text\/css\" data-created_by=\"avia_inline_auto\" id=\"style-css-av-2opld4n-14c431420d61f31d7207e4b014a81a01\">\n.flex_column.av-2opld4n-14c431420d61f31d7207e4b014a81a01{\nborder-radius:0px 0px 0px 0px;\npadding:0px 0px 0px 0px;\n}\n<\/style>\n<div  class='flex_column av-2opld4n-14c431420d61f31d7207e4b014a81a01 av_two_third  avia-builder-el-5  avia-builder-el-no-sibling  first flex_column_div av-zero-column-padding  '     ><p>\n<style type=\"text\/css\" data-created_by=\"avia_inline_auto\" id=\"style-css-av-l5qpf65i-bd1c8b1a6f75cd70401dfc9957c7c29b\">\n#top .av-special-heading.av-l5qpf65i-bd1c8b1a6f75cd70401dfc9957c7c29b{\npadding-bottom:10px;\n}\nbody .av-special-heading.av-l5qpf65i-bd1c8b1a6f75cd70401dfc9957c7c29b .av-special-heading-tag .heading-char{\nfont-size:25px;\n}\n.av-special-heading.av-l5qpf65i-bd1c8b1a6f75cd70401dfc9957c7c29b .av-subheading{\nfont-size:15px;\n}\n<\/style>\n<div  class='av-special-heading av-l5qpf65i-bd1c8b1a6f75cd70401dfc9957c7c29b av-special-heading-h5 blockquote modern-quote  avia-builder-el-6  el_before_av_textblock  avia-builder-el-first  h1'><h5 class='av-special-heading-tag '  itemprop=\"headline\"  >Rury do wody pitnej<\/h5><div class=\"special-heading-border\"><div class=\"special-heading-inner-border\"><\/div><\/div><\/div><br \/>\n\n<style type=\"text\/css\" data-created_by=\"avia_inline_auto\" id=\"style-css-av-l2q5skq3-63f1dfa09be138afad34216dea1f680c\">\n#top .av_textblock_section.av-l2q5skq3-63f1dfa09be138afad34216dea1f680c .avia_textblock{\nfont-size:20px;\n}\n\n@media only screen and (min-width: 480px) and (max-width: 767px){ \n#top .av_textblock_section.av-l2q5skq3-63f1dfa09be138afad34216dea1f680c .avia_textblock{\nfont-size:18px;\n}\n}\n\n@media only screen and (max-width: 479px){ \n#top .av_textblock_section.av-l2q5skq3-63f1dfa09be138afad34216dea1f680c .avia_textblock{\nfont-size:16px;\n}\n}\n<\/style>\n<section  class='av_textblock_section av-l2q5skq3-63f1dfa09be138afad34216dea1f680c '   itemscope=\"itemscope\" itemtype=\"https:\/\/schema.org\/CreativeWork\" ><div class='avia_textblock'  itemprop=\"text\" ><p>Dost\u0119pno\u015b\u0107 i bezpieczne dostawy wysokiej jako\u015bci wody pitnej s\u0105 niezb\u0119dne dla naszego codziennego \u017cycia. Niezawodne sieci wodoci\u0105gowe odgrywaj\u0105 w tym kluczow\u0105 rol\u0119. <strong>Rury GRP Amiblu<\/strong> charakteryzuj\u0105 si\u0119 g\u0142adk\u0105 powierzchni\u0105 wewn\u0119trzn\u0105, jak r\u00f3wnie\u017c doskona\u0142ymi w\u0142a\u015bciwo\u015bciami przep\u0142ywu hydraulicznego ze znacznie ni\u017cszymi stratami wywo\u0142anymi tarciem ni\u017c inne produkty o podobnej \u015brednicy. Optymalny wsp\u00f3\u0142czynniki przep\u0142ywu minimalizuje wielko\u015b\u0107 energii potrzebnej do dystrybucji wody pitnej do miast i teren\u00f3w podmiejskich. Systemy Rur GRP Amiblu s\u0105 testowane i posiadaj\u0105 certyfikat do wody pitnej w wielu krajach na \u015bwiecie.<\/p>\n<\/div><\/section><br \/>\n<div  class='avia-button-wrap av-l2q5thzx-852f046875e92d03f18e4594f6530329-wrap avia-button-left  avia-builder-el-8  el_after_av_textblock  el_before_av_button  amiblu-outline-button'><a href='https:\/\/www.amiblu.com\/wp-content\/uploads\/Amiblu-Potable-Water-Pipe-Systems.pdf'  class='avia-button av-l2q5thzx-852f046875e92d03f18e4594f6530329 av-link-btn avia-icon_select-yes-right-icon avia-size-small avia-position-left av-desktop-hide av-medium-hide av-small-hide av-mini-hide avia-color-theme-color'  target=\"_blank\"  rel=\"noopener noreferrer\"  aria-label=\"Pobierz broszur\u0119 &quot;Systemy do wody pitnej&quot;\"><span class='avia_iconbox_title' >Pobierz broszur\u0119 \"Systemy do wody pitnej\"<\/span><span class='avia_button_icon avia_button_icon_right avia-iconfont avia-font-amiblu-icons' data-av_icon='\ue800' data-av_iconfont='amiblu-icons' ><\/span><\/a><\/div><br \/>\n<div  class='avia-button-wrap av-l2q5uuh8-6bc27166ce68dc7827cf5d1b0e02b86a-wrap avia-button-left  avia-builder-el-9  el_after_av_button  avia-builder-el-last  amiblu-outline-button'><a href='https:\/\/www.amiblu.com\/wp-content\/uploads\/Amiblu-Potable-Water-Tanks.pdf'  class='avia-button av-l2q5uuh8-6bc27166ce68dc7827cf5d1b0e02b86a av-link-btn avia-icon_select-yes-right-icon avia-size-small avia-position-left av-desktop-hide av-medium-hide av-small-hide av-mini-hide avia-color-theme-color'  target=\"_blank\"  rel=\"noopener noreferrer\"  aria-label=\"Download our Potable Water Tanks brochure\"><span class='avia_iconbox_title' >Download our Potable Water Tanks brochure<\/span><span class='avia_button_icon avia_button_icon_right avia-iconfont avia-font-amiblu-icons' data-av_icon='\ue800' data-av_iconfont='amiblu-icons' ><\/span><\/a><\/div><\/p><\/div><\/div><\/div><\/div><!-- close content main div --><\/div><\/div>\n<style type=\"text\/css\" data-created_by=\"avia_inline_auto\" id=\"style-css-av-1y10lpz-57598303f85c07ad9a516c40fcd19f7e\">\n.avia-section.av-1y10lpz-57598303f85c07ad9a516c40fcd19f7e{\nbackground-color:#f2f4f8;\nbackground-image:unset;\n}\n<\/style>\n<div id='av_section_3'  class='avia-section av-1y10lpz-57598303f85c07ad9a516c40fcd19f7e main_color avia-section-default avia-no-border-styling  avia-builder-el-10  el_after_av_section  avia-builder-el-last  home-info amiblu-jk-inf avia-bg-style-scroll container_wrap fullsize'  ><div class='container av-section-cont-open' ><div class='template-page content  av-content-full alpha units'><div class='post-entry post-entry-type-page post-entry-40087'><div class='entry-content-wrapper clearfix'>\n\n<style type=\"text\/css\" data-created_by=\"avia_inline_auto\" id=\"style-css-av-1sqm6gn-29e51f3000383b5194a839aed95b60c6\">\n.flex_column.av-1sqm6gn-29e51f3000383b5194a839aed95b60c6{\nborder-radius:0px 0px 0px 0px;\npadding:0px 0px 0px 0px;\n}\n<\/style>\n<div  class='flex_column av-1sqm6gn-29e51f3000383b5194a839aed95b60c6 av_one_half  avia-builder-el-11  el_before_av_one_half  avia-builder-el-first  home-info-img first flex_column_div av-zero-column-padding  '     ><style type=\"text\/css\" data-created_by=\"avia_inline_auto\" id=\"style-css-av-15qbxo7-27ebe87b7e6dfa1bb26549a625eab3c7\">\n.avia-image-container.av-15qbxo7-27ebe87b7e6dfa1bb26549a625eab3c7 img.avia_image{\nbox-shadow:none;\n}\n.avia-image-container.av-15qbxo7-27ebe87b7e6dfa1bb26549a625eab3c7 .av-image-caption-overlay-center{\ncolor:#ffffff;\n}\n<\/style>\n<div  class='avia-image-container av-15qbxo7-27ebe87b7e6dfa1bb26549a625eab3c7 av-styling- avia-align-right  avia-builder-el-12  avia-builder-el-no-sibling '   itemprop=\"image\" itemscope=\"itemscope\" itemtype=\"https:\/\/schema.org\/ImageObject\" ><div class=\"avia-image-container-inner\"><div class=\"avia-image-overlay-wrap\"><img fetchpriority=\"high\" decoding=\"async\" fetchpriority=\"high\" fetchpriority=\"high\" class='wp-image-48043 avia-img-lazy-loading-not-48043 avia_image ' src=\"https:\/\/www.amiblu.com\/wp-content\/uploads\/Hobas-Potable-Water-Storage-Tank.jpg\" alt='Hobas Potable Water Storage Tank' title='Hobas-Potable-Water-Storage-Tank'  height=\"543\" width=\"960\"  itemprop=\"thumbnailUrl\" srcset=\"https:\/\/www.amiblu.com\/wp-content\/uploads\/Hobas-Potable-Water-Storage-Tank.jpg 960w, https:\/\/www.amiblu.com\/wp-content\/uploads\/Hobas-Potable-Water-Storage-Tank-300x170.jpg 300w, https:\/\/www.amiblu.com\/wp-content\/uploads\/Hobas-Potable-Water-Storage-Tank-768x434.jpg 768w, https:\/\/www.amiblu.com\/wp-content\/uploads\/Hobas-Potable-Water-Storage-Tank-705x399.jpg 705w\" sizes=\"(max-width: 960px) 100vw, 960px\" \/><\/div><\/div><\/div><\/div>\n<style type=\"text\/css\" data-created_by=\"avia_inline_auto\" id=\"style-css-av-tf2psn-f711f1d0e11cefac51ebc242a53fc55b\">\n.flex_column.av-tf2psn-f711f1d0e11cefac51ebc242a53fc55b{\nborder-radius:11px 11px 11px 11px;\npadding:0px 0px 0px 0px;\n}\n<\/style>\n<div  class='flex_column av-tf2psn-f711f1d0e11cefac51ebc242a53fc55b av_one_half  avia-builder-el-13  el_after_av_one_half  avia-builder-el-last  home-info-text white-content flex_column_div av-zero-column-padding  '     ><section  class='av_textblock_section av-l2q5vlsl-e2fb43e16584eba686505acf89458d0f '   itemscope=\"itemscope\" itemtype=\"https:\/\/schema.org\/CreativeWork\" ><div class='avia_textblock'  itemprop=\"text\" ><p><strong>Zalety system\u00f3w rur Amiblu do wody pitnej:<\/strong><\/p>\n<ul>\n<li><strong>Szczelna \u015bcianka rury i \u0142\u0105cznik<\/strong>\u00a0zapobiegaj\u0105 infiltracji i eksfiltracji.<\/li>\n<li><strong>Doskona\u0142e w\u0142a\u015bciwo\u015bci przep\u0142ywu<\/strong>\u00a0wp\u0142ywaj\u0105 na ograniczenie koszt\u00f3w pompowania.<\/li>\n<li><strong>Odporno\u015b\u0107 na obci\u0105\u017cenia gruntowe,<\/strong>\u00a0obci\u0105\u017cenia powierzchniowe i aktywno\u015b\u0107 sejsmiczn\u0105.<\/li>\n<li><strong>Testowana i certyfikowana jako\u015b\u0107<\/strong>\u00a0dla wody pitnej w wielu krajach na ca\u0142ym \u015bwiecie.<\/li>\n<li><strong>Mo\u017cliwo\u015b\u0107 u\u017cycia w wykopie zasypki<\/strong>\u00a0o wi\u0119kszym rozmiarze cz\u0105stek i wykorzystania rodzimych grunt\u00f3w wp\u0142ywa na redukcj\u0119 koszt\u00f3w instalacji.<\/li>\n<\/ul>\n<\/div><\/section><\/div>\n<\/p>\n","protected":false},"excerpt":{"rendered":"","protected":false},"author":5,"featured_media":47358,"parent":0,"menu_order":35,"comment_status":"closed","ping_status":"closed","template":"","meta":{"_acf_changed":false,"footnotes":""},"class_list":["post-40087","page","type-page","status-publish","has-post-thumbnail","hentry"],"acf":[],"yoast_head":"<!-- This site is optimized with the Yoast SEO Premium plugin v27.3 (Yoast SEO v27.4) - https:\/\/yoast.com\/product\/yoast-seo-premium-wordpress\/ -->\n<title>Systemy Amiblu do wody pitnej<\/title>\n<meta name=\"description\" content=\"Dost\u0119pno\u015b\u0107 i bezpieczne dostawy wysokiej jako\u015bci wody pitnej s\u0105 niezb\u0119dne dla naszego codziennego \u017cycia. Niezawodne sieci wodoci\u0105gowe odgrywaj\u0105 w tym kluczow\u0105 rol\u0119.\" \/>\n<meta name=\"robots\" content=\"index, follow, max-snippet:-1, max-image-preview:large, max-video-preview:-1\" \/>\n<link rel=\"canonical\" href=\"https:\/\/www.amiblu.com\/pl\/woda-pitna\/\" \/>\n<meta property=\"og:locale\" content=\"pl_PL\" \/>\n<meta property=\"og:type\" content=\"article\" \/>\n<meta property=\"og:title\" content=\"Woda pitna\" \/>\n<meta property=\"og:description\" content=\"Dost\u0119pno\u015b\u0107 i bezpieczne dostawy wysokiej jako\u015bci wody pitnej s\u0105 niezb\u0119dne dla naszego codziennego \u017cycia. Niezawodne sieci wodoci\u0105gowe odgrywaj\u0105 w tym kluczow\u0105 rol\u0119.\" \/>\n<meta property=\"og:url\" content=\"https:\/\/www.amiblu.com\/pl\/woda-pitna\/\" \/>\n<meta property=\"og:site_name\" content=\"Amiblu\" \/>\n<meta property=\"article:publisher\" content=\"https:\/\/www.facebook.com\/amiblupipes\" \/>\n<meta property=\"article:modified_time\" content=\"2022-07-20T06:38:25+00:00\" \/>\n<meta property=\"og:image\" content=\"https:\/\/www.amiblu.com\/wp-content\/uploads\/Potable-water-tank-Pitomaca.jpg\" \/>\n\t<meta property=\"og:image:width\" content=\"552\" \/>\n\t<meta property=\"og:image:height\" content=\"312\" \/>\n\t<meta property=\"og:image:type\" content=\"image\/jpeg\" \/>\n<meta name=\"twitter:card\" content=\"summary_large_image\" \/>\n<meta name=\"twitter:label1\" content=\"Szacowany czas czytania\" \/>\n\t<meta name=\"twitter:data1\" content=\"4 minuty\" \/>\n<script type=\"application\/ld+json\" class=\"yoast-schema-graph\">{\"@context\":\"https:\\\/\\\/schema.org\",\"@graph\":[{\"@type\":\"WebPage\",\"@id\":\"https:\\\/\\\/www.amiblu.com\\\/pl\\\/woda-pitna\\\/\",\"url\":\"https:\\\/\\\/www.amiblu.com\\\/pl\\\/woda-pitna\\\/\",\"name\":\"Systemy Amiblu do wody pitnej\",\"isPartOf\":{\"@id\":\"https:\\\/\\\/www.amiblu.com\\\/pl\\\/#website\"},\"primaryImageOfPage\":{\"@id\":\"https:\\\/\\\/www.amiblu.com\\\/pl\\\/woda-pitna\\\/#primaryimage\"},\"image\":{\"@id\":\"https:\\\/\\\/www.amiblu.com\\\/pl\\\/woda-pitna\\\/#primaryimage\"},\"thumbnailUrl\":\"https:\\\/\\\/www.amiblu.com\\\/wp-content\\\/uploads\\\/Potable-water-tank-Pitomaca.jpg\",\"datePublished\":\"2021-08-04T07:51:06+00:00\",\"dateModified\":\"2022-07-20T06:38:25+00:00\",\"description\":\"Dost\u0119pno\u015b\u0107 i bezpieczne dostawy wysokiej jako\u015bci wody pitnej s\u0105 niezb\u0119dne dla naszego codziennego \u017cycia. Niezawodne sieci wodoci\u0105gowe odgrywaj\u0105 w tym kluczow\u0105 rol\u0119.\",\"inLanguage\":\"pl-PL\",\"potentialAction\":[{\"@type\":\"ReadAction\",\"target\":[\"https:\\\/\\\/www.amiblu.com\\\/pl\\\/woda-pitna\\\/\"]}]},{\"@type\":\"ImageObject\",\"inLanguage\":\"pl-PL\",\"@id\":\"https:\\\/\\\/www.amiblu.com\\\/pl\\\/woda-pitna\\\/#primaryimage\",\"url\":\"https:\\\/\\\/www.amiblu.com\\\/wp-content\\\/uploads\\\/Potable-water-tank-Pitomaca.jpg\",\"contentUrl\":\"https:\\\/\\\/www.amiblu.com\\\/wp-content\\\/uploads\\\/Potable-water-tank-Pitomaca.jpg\",\"width\":552,\"height\":312,\"caption\":\"Potable water tank for Pitomaca, Croatia\"},{\"@type\":\"WebSite\",\"@id\":\"https:\\\/\\\/www.amiblu.com\\\/pl\\\/#website\",\"url\":\"https:\\\/\\\/www.amiblu.com\\\/pl\\\/\",\"name\":\"Amiblu\",\"description\":\"GFK-Rohrsysteme f\u00fcr Generationen\",\"publisher\":{\"@id\":\"https:\\\/\\\/www.amiblu.com\\\/pl\\\/#organization\"},\"potentialAction\":[{\"@type\":\"SearchAction\",\"target\":{\"@type\":\"EntryPoint\",\"urlTemplate\":\"https:\\\/\\\/www.amiblu.com\\\/pl\\\/?s={search_term_string}\"},\"query-input\":{\"@type\":\"PropertyValueSpecification\",\"valueRequired\":true,\"valueName\":\"search_term_string\"}}],\"inLanguage\":\"pl-PL\"},{\"@type\":\"Organization\",\"@id\":\"https:\\\/\\\/www.amiblu.com\\\/pl\\\/#organization\",\"name\":\"Amiblu Group\",\"url\":\"https:\\\/\\\/www.amiblu.com\\\/pl\\\/\",\"logo\":{\"@type\":\"ImageObject\",\"inLanguage\":\"pl-PL\",\"@id\":\"https:\\\/\\\/www.amiblu.com\\\/pl\\\/#\\\/schema\\\/logo\\\/image\\\/\",\"url\":\"https:\\\/\\\/www.amiblu.com\\\/wp-content\\\/uploads\\\/2021\\\/01\\\/Amiblu-logo-website-1.png\",\"contentUrl\":\"https:\\\/\\\/www.amiblu.com\\\/wp-content\\\/uploads\\\/2021\\\/01\\\/Amiblu-logo-website-1.png\",\"width\":201,\"height\":38,\"caption\":\"Amiblu Group\"},\"image\":{\"@id\":\"https:\\\/\\\/www.amiblu.com\\\/pl\\\/#\\\/schema\\\/logo\\\/image\\\/\"},\"sameAs\":[\"https:\\\/\\\/www.facebook.com\\\/amiblupipes\",\"https:\\\/\\\/www.youtube.com\\\/c\\\/Amiblu\",\"https:\\\/\\\/de.wikipedia.org\\\/wiki\\\/Amiblu\",\"https:\\\/\\\/www.linkedin.com\\\/company\\\/amiblupipes\\\/\"]}]}<\/script>\n<!-- \/ Yoast SEO Premium plugin. -->","yoast_head_json":{"title":"Systemy Amiblu do wody pitnej","description":"Dost\u0119pno\u015b\u0107 i bezpieczne dostawy wysokiej jako\u015bci wody pitnej s\u0105 niezb\u0119dne dla naszego codziennego \u017cycia. Niezawodne sieci wodoci\u0105gowe odgrywaj\u0105 w tym kluczow\u0105 rol\u0119.","robots":{"index":"index","follow":"follow","max-snippet":"max-snippet:-1","max-image-preview":"max-image-preview:large","max-video-preview":"max-video-preview:-1"},"canonical":"https:\/\/www.amiblu.com\/pl\/woda-pitna\/","og_locale":"pl_PL","og_type":"article","og_title":"Woda pitna","og_description":"Dost\u0119pno\u015b\u0107 i bezpieczne dostawy wysokiej jako\u015bci wody pitnej s\u0105 niezb\u0119dne dla naszego codziennego \u017cycia. Niezawodne sieci wodoci\u0105gowe odgrywaj\u0105 w tym kluczow\u0105 rol\u0119.","og_url":"https:\/\/www.amiblu.com\/pl\/woda-pitna\/","og_site_name":"Amiblu","article_publisher":"https:\/\/www.facebook.com\/amiblupipes","article_modified_time":"2022-07-20T06:38:25+00:00","og_image":[{"width":552,"height":312,"url":"https:\/\/www.amiblu.com\/wp-content\/uploads\/Potable-water-tank-Pitomaca.jpg","type":"image\/jpeg"}],"twitter_card":"summary_large_image","twitter_misc":{"Szacowany czas czytania":"4 minuty"},"schema":{"@context":"https:\/\/schema.org","@graph":[{"@type":"WebPage","@id":"https:\/\/www.amiblu.com\/pl\/woda-pitna\/","url":"https:\/\/www.amiblu.com\/pl\/woda-pitna\/","name":"Systemy Amiblu do wody pitnej","isPartOf":{"@id":"https:\/\/www.amiblu.com\/pl\/#website"},"primaryImageOfPage":{"@id":"https:\/\/www.amiblu.com\/pl\/woda-pitna\/#primaryimage"},"image":{"@id":"https:\/\/www.amiblu.com\/pl\/woda-pitna\/#primaryimage"},"thumbnailUrl":"https:\/\/www.amiblu.com\/wp-content\/uploads\/Potable-water-tank-Pitomaca.jpg","datePublished":"2021-08-04T07:51:06+00:00","dateModified":"2022-07-20T06:38:25+00:00","description":"Dost\u0119pno\u015b\u0107 i bezpieczne dostawy wysokiej jako\u015bci wody pitnej s\u0105 niezb\u0119dne dla naszego codziennego \u017cycia. Niezawodne sieci wodoci\u0105gowe odgrywaj\u0105 w tym kluczow\u0105 rol\u0119.","inLanguage":"pl-PL","potentialAction":[{"@type":"ReadAction","target":["https:\/\/www.amiblu.com\/pl\/woda-pitna\/"]}]},{"@type":"ImageObject","inLanguage":"pl-PL","@id":"https:\/\/www.amiblu.com\/pl\/woda-pitna\/#primaryimage","url":"https:\/\/www.amiblu.com\/wp-content\/uploads\/Potable-water-tank-Pitomaca.jpg","contentUrl":"https:\/\/www.amiblu.com\/wp-content\/uploads\/Potable-water-tank-Pitomaca.jpg","width":552,"height":312,"caption":"Potable water tank for Pitomaca, Croatia"},{"@type":"WebSite","@id":"https:\/\/www.amiblu.com\/pl\/#website","url":"https:\/\/www.amiblu.com\/pl\/","name":"Amiblu","description":"GFK-Rohrsysteme f\u00fcr Generationen","publisher":{"@id":"https:\/\/www.amiblu.com\/pl\/#organization"},"potentialAction":[{"@type":"SearchAction","target":{"@type":"EntryPoint","urlTemplate":"https:\/\/www.amiblu.com\/pl\/?s={search_term_string}"},"query-input":{"@type":"PropertyValueSpecification","valueRequired":true,"valueName":"search_term_string"}}],"inLanguage":"pl-PL"},{"@type":"Organization","@id":"https:\/\/www.amiblu.com\/pl\/#organization","name":"Amiblu Group","url":"https:\/\/www.amiblu.com\/pl\/","logo":{"@type":"ImageObject","inLanguage":"pl-PL","@id":"https:\/\/www.amiblu.com\/pl\/#\/schema\/logo\/image\/","url":"https:\/\/www.amiblu.com\/wp-content\/uploads\/2021\/01\/Amiblu-logo-website-1.png","contentUrl":"https:\/\/www.amiblu.com\/wp-content\/uploads\/2021\/01\/Amiblu-logo-website-1.png","width":201,"height":38,"caption":"Amiblu Group"},"image":{"@id":"https:\/\/www.amiblu.com\/pl\/#\/schema\/logo\/image\/"},"sameAs":["https:\/\/www.facebook.com\/amiblupipes","https:\/\/www.youtube.com\/c\/Amiblu","https:\/\/de.wikipedia.org\/wiki\/Amiblu","https:\/\/www.linkedin.com\/company\/amiblupipes\/"]}]}},"_links":{"self":[{"href":"https:\/\/www.amiblu.com\/pl\/wp-json\/wp\/v2\/pages\/40087","targetHints":{"allow":["GET"]}}],"collection":[{"href":"https:\/\/www.amiblu.com\/pl\/wp-json\/wp\/v2\/pages"}],"about":[{"href":"https:\/\/www.amiblu.com\/pl\/wp-json\/wp\/v2\/types\/page"}],"author":[{"embeddable":true,"href":"https:\/\/www.amiblu.com\/pl\/wp-json\/wp\/v2\/users\/5"}],"replies":[{"embeddable":true,"href":"https:\/\/www.amiblu.com\/pl\/wp-json\/wp\/v2\/comments?post=40087"}],"version-history":[{"count":17,"href":"https:\/\/www.amiblu.com\/pl\/wp-json\/wp\/v2\/pages\/40087\/revisions"}],"predecessor-version":[{"id":74942,"href":"https:\/\/www.amiblu.com\/pl\/wp-json\/wp\/v2\/pages\/40087\/revisions\/74942"}],"wp:featuredmedia":[{"embeddable":true,"href":"https:\/\/www.amiblu.com\/pl\/wp-json\/wp\/v2\/media\/47358"}],"wp:attachment":[{"href":"https:\/\/www.amiblu.com\/pl\/wp-json\/wp\/v2\/media?parent=40087"}],"curies":[{"name":"wp","href":"https:\/\/api.w.org\/{rel}","templated":true}]}}