{"id":40094,"date":"2021-08-04T09:56:27","date_gmt":"2021-08-04T07:56:27","guid":{"rendered":"https:\/\/www.amiblu.com\/?page_id=40094"},"modified":"2026-01-14T11:47:33","modified_gmt":"2026-01-14T10:47:33","slug":"elektrownie-wodne","status":"publish","type":"page","link":"https:\/\/www.amiblu.com\/pl\/elektrownie-wodne\/","title":{"rendered":"Elektrownie wodne"},"content":{"rendered":"<\/p>\n\n<style type=\"text\/css\" data-created_by=\"avia_inline_auto\" id=\"style-css-av-43jnke6-049aad038c5612668cb92462ad2c6c94\">\n.avia-section.av-43jnke6-049aad038c5612668cb92462ad2c6c94 .av-parallax .av-parallax-inner{\nbackground-repeat:no-repeat;\nbackground-image:url(https:\/\/www.amiblu.com\/wp-content\/uploads\/Hobas-Hydropower-Pipeline-Iceland.jpg);\nbackground-position:50% 50%;\nbackground-attachment:scroll;\n}\n.avia-section.av-43jnke6-049aad038c5612668cb92462ad2c6c94 .av-section-color-overlay{\nopacity:0.5;\nbackground-color:#0a0a0a;\n}\n<\/style>\n<div id='av_section_1'  class='avia-section av-43jnke6-049aad038c5612668cb92462ad2c6c94 main_color avia-section-default avia-no-border-styling  avia-builder-el-0  el_before_av_section  avia-builder-el-first  amiblu-content amiblu-page-hero av-parallax-section avia-bg-style-parallax av-section-color-overlay-active container_wrap fullsize'  data-section-bg-repeat='no-repeat'><div class='av-parallax' data-avia-parallax-ratio='0.3' ><div class='av-parallax-inner main_color avia-full-stretch'><\/div><\/div><div class=\"av-section-color-overlay-wrap\"><div class=\"av-section-color-overlay\"><\/div><div class='container av-section-cont-open' ><main  role=\"main\" itemprop=\"mainContentOfPage\"  class='template-page content  av-content-full alpha units'><div class='post-entry post-entry-type-page post-entry-40094'><div class='entry-content-wrapper clearfix'>\n\n<style type=\"text\/css\" data-created_by=\"avia_inline_auto\" id=\"style-css-av-3lwg732-25864aac26b79b65f35cc3853ece1158\">\n.flex_column.av-3lwg732-25864aac26b79b65f35cc3853ece1158{\nborder-radius:0px 0px 0px 0px;\npadding:0 0 0 0;\n}\n<\/style>\n<div  class='flex_column av-3lwg732-25864aac26b79b65f35cc3853ece1158 av_three_fourth  avia-builder-el-1  avia-builder-el-no-sibling  white-content first flex_column_div av-zero-column-padding  '     ><section  class='av_textblock_section av-l2q63qdn-765fb283d90acd856ed5fc257de941d0 '   itemscope=\"itemscope\" itemtype=\"https:\/\/schema.org\/CreativeWork\" ><div class='avia_textblock'  itemprop=\"text\" ><h1><span dir=\"ltr\" role=\"presentation\">Zr\u00f3wnowa\u017cone systemy rur GRP dla elektrowni wodnych<\/span><\/h1>\n<\/div><\/section><br \/>\n\n<style type=\"text\/css\" data-created_by=\"avia_inline_auto\" id=\"style-css-av-l2q66nv3-67d77c8e7aeec803203b4804b1e7598b\">\n#top .av_textblock_section.av-l2q66nv3-67d77c8e7aeec803203b4804b1e7598b .avia_textblock{\nfont-size:20px;\n}\n<\/style>\n<section  class='av_textblock_section av-l2q66nv3-67d77c8e7aeec803203b4804b1e7598b '   itemscope=\"itemscope\" itemtype=\"https:\/\/schema.org\/CreativeWork\" ><div class='avia_textblock sub-heading'  itemprop=\"text\" ><p>Pomagamy przekszta\u0142ci\u0107 s\u0142odk\u0105 wod\u0119 w odnawialn\u0105 energi\u0119 dla pokole\u0144.<\/p>\n<\/div><\/section><\/p><\/div>\n\n<\/div><\/div><\/main><!-- close content main element --><\/div><\/div><\/div><div id='av_section_2'  class='avia-section av-32o12ji-5a5c31037d4b3cf1e42362f98ed2b082 main_color avia-section-default avia-no-border-styling  avia-builder-el-4  el_after_av_section  el_before_av_section  amiblu-bw-pr amiblu-jk-pp avia-bg-style-scroll container_wrap fullsize'  ><div class='container av-section-cont-open' ><div class='template-page content  av-content-full alpha units'><div class='post-entry post-entry-type-page post-entry-40094'><div class='entry-content-wrapper clearfix'>\n\n<style type=\"text\/css\" data-created_by=\"avia_inline_auto\" id=\"style-css-av-2kxq8vy-260fa3f8839c2924a370ab6223db053f\">\n.flex_column.av-2kxq8vy-260fa3f8839c2924a370ab6223db053f{\nborder-radius:0px 0px 0px 0px;\npadding:0px 0px 0px 0px;\n}\n<\/style>\n<div  class='flex_column av-2kxq8vy-260fa3f8839c2924a370ab6223db053f av_two_third  avia-builder-el-5  avia-builder-el-no-sibling  first flex_column_div av-zero-column-padding  '     ><p>\n<style type=\"text\/css\" data-created_by=\"avia_inline_auto\" id=\"style-css-av-l5rslu3p-2791fc3159bae884071e41228f4cb298\">\n#top .av-special-heading.av-l5rslu3p-2791fc3159bae884071e41228f4cb298{\npadding-bottom:10px;\n}\nbody .av-special-heading.av-l5rslu3p-2791fc3159bae884071e41228f4cb298 .av-special-heading-tag .heading-char{\nfont-size:25px;\n}\n.av-special-heading.av-l5rslu3p-2791fc3159bae884071e41228f4cb298 .av-subheading{\nfont-size:15px;\n}\n<\/style>\n<div  class='av-special-heading av-l5rslu3p-2791fc3159bae884071e41228f4cb298 av-special-heading-h5 blockquote modern-quote  avia-builder-el-6  el_before_av_textblock  avia-builder-el-first  h1'><h5 class='av-special-heading-tag '  itemprop=\"headline\"  >Rury dla elektrowni wodnych<\/h5><div class=\"special-heading-border\"><div class=\"special-heading-inner-border\"><\/div><\/div><\/div><br \/>\n\n<style type=\"text\/css\" data-created_by=\"avia_inline_auto\" id=\"style-css-av-l2q6hvrp-7c283f90a6268febdf58710052a82184\">\n#top .av_textblock_section.av-l2q6hvrp-7c283f90a6268febdf58710052a82184 .avia_textblock{\nfont-size:20px;\n}\n\n@media only screen and (min-width: 480px) and (max-width: 767px){ \n#top .av_textblock_section.av-l2q6hvrp-7c283f90a6268febdf58710052a82184 .avia_textblock{\nfont-size:18px;\n}\n}\n\n@media only screen and (max-width: 479px){ \n#top .av_textblock_section.av-l2q6hvrp-7c283f90a6268febdf58710052a82184 .avia_textblock{\nfont-size:16px;\n}\n}\n<\/style>\n<section  class='av_textblock_section av-l2q6hvrp-7c283f90a6268febdf58710052a82184 '   itemscope=\"itemscope\" itemtype=\"https:\/\/schema.org\/CreativeWork\" ><div class='avia_textblock'  itemprop=\"text\" ><p>Prawie 70% \u015bwiatowej energii odnawialnej jest wytwarzane przez elektrownie wodne. Poniewa\u017c \u0142atwo dost\u0119pne lokalizacje s\u0105 ju\u017c wykorzystane, by generowa\u0107 energi\u0119 potrzebn\u0105 dla miast i przemys\u0142u, in\u017cynierowie zajmuj\u0105cy si\u0119 budow\u0105 elektrowni wodnych kieruj\u0105 si\u0119 do odleglejszych i trudniej dost\u0119pnych pod k\u0105tem geologicznym rejon\u00f3w. <strong>Rozwi\u0105zania GRP Amiblu dla elektrowni wodnych<\/strong> s\u0105 \u0142atwe w instalacji i adaptacji we wszystkich rodzajach terenu. Pomagaj\u0105 wytworzy\u0107 wi\u0119cej kWh i osi\u0105gn\u0105\u0107 wy\u017csze zwroty z inwestycji oraz ni\u017csze uderzenia hydrauliczne ni\u017c jakakolwiek inna rura. Przyjazne dla \u015brodowiska materia\u0142y wykorzystywane przy produkcji (np. \u017cywica PET), jak r\u00f3wnie\u017c ograniczenie emisji CO2 podczas transportu i instalacji dzi\u0119ki niewielkiemu ci\u0119\u017carowi rur sprawia, \u017ce rozwi\u0105zania GRP Amiblu dla elektrowni wodnych wspieraj\u0105 i przy\u015bpieszaj\u0105 przej\u015bcie do produkcji energii bez wykorzystania paliw kopalnianych.<\/p>\n<\/div><\/section><br \/>\n<div  class='avia-button-wrap av-l2q6grjc-23dfca9a385d519afaac05d4e6bdbfac-wrap avia-button-left  avia-builder-el-8  el_after_av_textblock  avia-builder-el-last  amiblu-outline-button'><a href='https:\/\/www.amiblu.com\/wp-content\/uploads\/Amiblu-Systemy-rur-dla-elektrowni-wodnych.pdf'  class='avia-button av-l2q6grjc-23dfca9a385d519afaac05d4e6bdbfac av-link-btn avia-icon_select-yes-right-icon avia-size-small avia-position-left avia-color-theme-color'  target=\"_blank\"  rel=\"noopener noreferrer\"  aria-label=\"\u015aci\u0105gnij nasz\u0105 broszur\u0119 &quot;Systemy rur dla elektrowni wodnych&quot;\"><span class='avia_iconbox_title' >\u015aci\u0105gnij nasz\u0105 broszur\u0119 \"Systemy rur dla elektrowni wodnych\"<\/span><span class='avia_button_icon avia_button_icon_right avia-iconfont avia-font-amiblu-icons' data-av_icon='\ue800' data-av_iconfont='amiblu-icons' ><\/span><\/a><\/div><\/p><\/div><\/div><\/div><\/div><!-- close content main div --><\/div><\/div>\n<style type=\"text\/css\" data-created_by=\"avia_inline_auto\" id=\"style-css-av-23egc66-03e5e563bf48dcbc26c9afdf9a588288\">\n.avia-section.av-23egc66-03e5e563bf48dcbc26c9afdf9a588288{\nbackground-color:#f2f4f8;\nbackground-image:unset;\n}\n<\/style>\n<div id='av_section_3'  class='avia-section av-23egc66-03e5e563bf48dcbc26c9afdf9a588288 main_color avia-section-default avia-no-border-styling  avia-builder-el-9  el_after_av_section  avia-builder-el-last  home-info amiblu-jk-inf avia-bg-style-scroll container_wrap fullsize'  ><div class='container av-section-cont-open' ><div class='template-page content  av-content-full alpha units'><div class='post-entry post-entry-type-page post-entry-40094'><div class='entry-content-wrapper clearfix'>\n\n<style type=\"text\/css\" data-created_by=\"avia_inline_auto\" id=\"style-css-av-1rvas1q-1503cc9cc4a401a3bc2509cedc44f5a4\">\n.flex_column.av-1rvas1q-1503cc9cc4a401a3bc2509cedc44f5a4{\nborder-radius:0px 0px 0px 0px;\npadding:0px 0px 0px 0px;\n}\n<\/style>\n<div  class='flex_column av-1rvas1q-1503cc9cc4a401a3bc2509cedc44f5a4 av_one_half  avia-builder-el-10  el_before_av_one_half  avia-builder-el-first  home-info-img first flex_column_div av-zero-column-padding  '     ><style type=\"text\/css\" data-created_by=\"avia_inline_auto\" id=\"style-css-av-12t6s8u-b9c42b378665bace99157f2a2f8c237e\">\n.avia-image-container.av-12t6s8u-b9c42b378665bace99157f2a2f8c237e img.avia_image{\nbox-shadow:none;\n}\n.avia-image-container.av-12t6s8u-b9c42b378665bace99157f2a2f8c237e .av-image-caption-overlay-center{\ncolor:#ffffff;\n}\n<\/style>\n<div  class='avia-image-container av-12t6s8u-b9c42b378665bace99157f2a2f8c237e av-styling- avia-align-right  avia-builder-el-11  avia-builder-el-no-sibling '   itemprop=\"image\" itemscope=\"itemscope\" itemtype=\"https:\/\/schema.org\/ImageObject\" ><div class=\"avia-image-container-inner\"><div class=\"avia-image-overlay-wrap\"><img fetchpriority=\"high\" decoding=\"async\" fetchpriority=\"high\" fetchpriority=\"high\" class='wp-image-48047 avia-img-lazy-loading-not-48047 avia_image ' src=\"https:\/\/www.amiblu.com\/wp-content\/uploads\/Flowtite-Hydropower-pipeline-Norway.jpg\" alt='Flowtite Hydropower pipeline in Norway' title='Flowtite-Hydropower-pipeline-Norway'  height=\"543\" width=\"960\"  itemprop=\"thumbnailUrl\" srcset=\"https:\/\/www.amiblu.com\/wp-content\/uploads\/Flowtite-Hydropower-pipeline-Norway.jpg 960w, https:\/\/www.amiblu.com\/wp-content\/uploads\/Flowtite-Hydropower-pipeline-Norway-300x170.jpg 300w, https:\/\/www.amiblu.com\/wp-content\/uploads\/Flowtite-Hydropower-pipeline-Norway-768x434.jpg 768w, https:\/\/www.amiblu.com\/wp-content\/uploads\/Flowtite-Hydropower-pipeline-Norway-705x399.jpg 705w\" sizes=\"(max-width: 960px) 100vw, 960px\" \/><\/div><\/div><\/div><\/div>\n<style type=\"text\/css\" data-created_by=\"avia_inline_auto\" id=\"style-css-av-joc9by-bf616922503964dc2b32d19088e3c7bc\">\n.flex_column.av-joc9by-bf616922503964dc2b32d19088e3c7bc{\nborder-radius:11px 11px 11px 11px;\npadding:0px 0px 0px 0px;\n}\n<\/style>\n<div  class='flex_column av-joc9by-bf616922503964dc2b32d19088e3c7bc av_one_half  avia-builder-el-12  el_after_av_one_half  avia-builder-el-last  home-info-text white-content flex_column_div av-zero-column-padding  '     ><section  class='av_textblock_section av-l2q6im5s-1f5bb733b43723291df1b672c88a2087 '   itemscope=\"itemscope\" itemtype=\"https:\/\/schema.org\/CreativeWork\" ><div class='avia_textblock'  itemprop=\"text\" ><p><strong>Zalety Systemu rur Amiblu dla elektrowni wodnych:<\/strong><\/p>\n<ul>\n<li><strong>Odporno\u015b\u0107 na korozj\u0119:<\/strong>\u00a0nie wymagaj\u0105 specjalnych pow\u0142ok ani ochrony katodowej.<\/li>\n<li><strong>Niskie tarcie i straty ci\u015bnienia<\/strong>\u00a0dla maksymalnej wydajno\u015bci energetycznej.<\/li>\n<li><strong>Ni\u017csze uderzenia hydrauliczne:<\/strong>\u00a050 % stali i \u017celiwa sferoidalnego.<\/li>\n<li><strong>Testowana i certyfikowana jako\u015b\u0107:<\/strong>\u00a0Zatwierdzone do zastosowa\u0144 w elektrowniach wodnych na ca\u0142ym \u015bwiecie.<\/li>\n<li><strong>Odporno\u015b\u0107 na \u015bcieranie:<\/strong>\u00a0<a href=\"https:\/\/www.amiblu.com\/pl\/rury-specjalne\/\">Specjalne rozwi\u0105zania dla zastosowa\u0144 nara\u017conych na ekstremalne zu\u017cycie<\/a>\u00a0(Flowtite Orange)<\/li>\n<li><strong>Odporno\u015b\u0107 na promienie UV:<\/strong>\u00a0idealne dla instalacji naziemnych.<\/li>\n<\/ul>\n<\/div><\/section><\/div>\n<\/p>\n","protected":false},"excerpt":{"rendered":"","protected":false},"author":8,"featured_media":47357,"parent":0,"menu_order":40,"comment_status":"closed","ping_status":"closed","template":"","meta":{"_acf_changed":false,"footnotes":""},"class_list":["post-40094","page","type-page","status-publish","has-post-thumbnail","hentry"],"acf":[],"yoast_head":"<!-- This site is optimized with the Yoast SEO Premium plugin v27.5 (Yoast SEO v27.5) - https:\/\/yoast.com\/product\/yoast-seo-premium-wordpress\/ -->\n<title>Zr\u00f3wnowa\u017cone systemy rur GRP dla elektrowni wodnych<\/title>\n<meta name=\"description\" content=\"Rozwi\u0105zania GRP Amiblu dla elektrowni wodnych s\u0105 \u0142atwe w instalacji i adaptacji we wszystkich rodzajach terenu.\" \/>\n<meta name=\"robots\" content=\"index, follow, max-snippet:-1, max-image-preview:large, max-video-preview:-1\" \/>\n<link rel=\"canonical\" href=\"https:\/\/www.amiblu.com\/pl\/elektrownie-wodne\/\" \/>\n<meta property=\"og:locale\" content=\"pl_PL\" \/>\n<meta property=\"og:type\" content=\"article\" \/>\n<meta property=\"og:title\" content=\"Elektrownie wodne\" \/>\n<meta property=\"og:description\" content=\"Rozwi\u0105zania GRP Amiblu dla elektrowni wodnych s\u0105 \u0142atwe w instalacji i adaptacji we wszystkich rodzajach terenu.\" \/>\n<meta property=\"og:url\" content=\"https:\/\/www.amiblu.com\/pl\/elektrownie-wodne\/\" \/>\n<meta property=\"og:site_name\" content=\"Amiblu\" \/>\n<meta property=\"article:publisher\" content=\"https:\/\/www.facebook.com\/amiblupipes\" \/>\n<meta property=\"article:modified_time\" content=\"2026-01-14T10:47:33+00:00\" \/>\n<meta property=\"og:image\" content=\"https:\/\/www.amiblu.com\/wp-content\/uploads\/Hydropower-pipeline-Vangpollen-penstock.jpg\" \/>\n\t<meta property=\"og:image:width\" content=\"552\" \/>\n\t<meta property=\"og:image:height\" content=\"312\" \/>\n\t<meta property=\"og:image:type\" content=\"image\/jpeg\" \/>\n<meta name=\"twitter:card\" content=\"summary_large_image\" \/>\n<meta name=\"twitter:label1\" content=\"Szacowany czas czytania\" \/>\n\t<meta name=\"twitter:data1\" content=\"2 minuty\" \/>\n<script type=\"application\/ld+json\" class=\"yoast-schema-graph\">{\"@context\":\"https:\\\/\\\/schema.org\",\"@graph\":[{\"@type\":\"WebPage\",\"@id\":\"https:\\\/\\\/www.amiblu.com\\\/pl\\\/elektrownie-wodne\\\/\",\"url\":\"https:\\\/\\\/www.amiblu.com\\\/pl\\\/elektrownie-wodne\\\/\",\"name\":\"Zr\u00f3wnowa\u017cone systemy rur GRP dla elektrowni wodnych\",\"isPartOf\":{\"@id\":\"https:\\\/\\\/www.amiblu.com\\\/pl\\\/#website\"},\"primaryImageOfPage\":{\"@id\":\"https:\\\/\\\/www.amiblu.com\\\/pl\\\/elektrownie-wodne\\\/#primaryimage\"},\"image\":{\"@id\":\"https:\\\/\\\/www.amiblu.com\\\/pl\\\/elektrownie-wodne\\\/#primaryimage\"},\"thumbnailUrl\":\"https:\\\/\\\/www.amiblu.com\\\/wp-content\\\/uploads\\\/Hydropower-pipeline-Vangpollen-penstock.jpg\",\"datePublished\":\"2021-08-04T07:56:27+00:00\",\"dateModified\":\"2026-01-14T10:47:33+00:00\",\"description\":\"Rozwi\u0105zania GRP Amiblu dla elektrowni wodnych s\u0105 \u0142atwe w instalacji i adaptacji we wszystkich rodzajach terenu.\",\"inLanguage\":\"pl-PL\",\"potentialAction\":[{\"@type\":\"ReadAction\",\"target\":[\"https:\\\/\\\/www.amiblu.com\\\/pl\\\/elektrownie-wodne\\\/\"]}]},{\"@type\":\"ImageObject\",\"inLanguage\":\"pl-PL\",\"@id\":\"https:\\\/\\\/www.amiblu.com\\\/pl\\\/elektrownie-wodne\\\/#primaryimage\",\"url\":\"https:\\\/\\\/www.amiblu.com\\\/wp-content\\\/uploads\\\/Hydropower-pipeline-Vangpollen-penstock.jpg\",\"contentUrl\":\"https:\\\/\\\/www.amiblu.com\\\/wp-content\\\/uploads\\\/Hydropower-pipeline-Vangpollen-penstock.jpg\",\"width\":552,\"height\":312,\"caption\":\"GRP penstock for hydropower pipe project Vangpollen\"},{\"@type\":\"WebSite\",\"@id\":\"https:\\\/\\\/www.amiblu.com\\\/pl\\\/#website\",\"url\":\"https:\\\/\\\/www.amiblu.com\\\/pl\\\/\",\"name\":\"Amiblu\",\"description\":\"GFK-Rohrsysteme f\u00fcr Generationen\",\"publisher\":{\"@id\":\"https:\\\/\\\/www.amiblu.com\\\/pl\\\/#organization\"},\"potentialAction\":[{\"@type\":\"SearchAction\",\"target\":{\"@type\":\"EntryPoint\",\"urlTemplate\":\"https:\\\/\\\/www.amiblu.com\\\/pl\\\/?s={search_term_string}\"},\"query-input\":{\"@type\":\"PropertyValueSpecification\",\"valueRequired\":true,\"valueName\":\"search_term_string\"}}],\"inLanguage\":\"pl-PL\"},{\"@type\":\"Organization\",\"@id\":\"https:\\\/\\\/www.amiblu.com\\\/pl\\\/#organization\",\"name\":\"Amiblu Group\",\"url\":\"https:\\\/\\\/www.amiblu.com\\\/pl\\\/\",\"logo\":{\"@type\":\"ImageObject\",\"inLanguage\":\"pl-PL\",\"@id\":\"https:\\\/\\\/www.amiblu.com\\\/pl\\\/#\\\/schema\\\/logo\\\/image\\\/\",\"url\":\"https:\\\/\\\/www.amiblu.com\\\/wp-content\\\/uploads\\\/2021\\\/01\\\/Amiblu-logo-website-1.png\",\"contentUrl\":\"https:\\\/\\\/www.amiblu.com\\\/wp-content\\\/uploads\\\/2021\\\/01\\\/Amiblu-logo-website-1.png\",\"width\":201,\"height\":38,\"caption\":\"Amiblu Group\"},\"image\":{\"@id\":\"https:\\\/\\\/www.amiblu.com\\\/pl\\\/#\\\/schema\\\/logo\\\/image\\\/\"},\"sameAs\":[\"https:\\\/\\\/www.facebook.com\\\/amiblupipes\",\"https:\\\/\\\/www.youtube.com\\\/c\\\/Amiblu\",\"https:\\\/\\\/de.wikipedia.org\\\/wiki\\\/Amiblu\",\"https:\\\/\\\/www.linkedin.com\\\/company\\\/amiblupipes\\\/\"]}]}<\/script>\n<!-- \/ Yoast SEO Premium plugin. -->","yoast_head_json":{"title":"Zr\u00f3wnowa\u017cone systemy rur GRP dla elektrowni wodnych","description":"Rozwi\u0105zania GRP Amiblu dla elektrowni wodnych s\u0105 \u0142atwe w instalacji i adaptacji we wszystkich rodzajach terenu.","robots":{"index":"index","follow":"follow","max-snippet":"max-snippet:-1","max-image-preview":"max-image-preview:large","max-video-preview":"max-video-preview:-1"},"canonical":"https:\/\/www.amiblu.com\/pl\/elektrownie-wodne\/","og_locale":"pl_PL","og_type":"article","og_title":"Elektrownie wodne","og_description":"Rozwi\u0105zania GRP Amiblu dla elektrowni wodnych s\u0105 \u0142atwe w instalacji i adaptacji we wszystkich rodzajach terenu.","og_url":"https:\/\/www.amiblu.com\/pl\/elektrownie-wodne\/","og_site_name":"Amiblu","article_publisher":"https:\/\/www.facebook.com\/amiblupipes","article_modified_time":"2026-01-14T10:47:33+00:00","og_image":[{"width":552,"height":312,"url":"https:\/\/www.amiblu.com\/wp-content\/uploads\/Hydropower-pipeline-Vangpollen-penstock.jpg","type":"image\/jpeg"}],"twitter_card":"summary_large_image","twitter_misc":{"Szacowany czas czytania":"2 minuty"},"schema":{"@context":"https:\/\/schema.org","@graph":[{"@type":"WebPage","@id":"https:\/\/www.amiblu.com\/pl\/elektrownie-wodne\/","url":"https:\/\/www.amiblu.com\/pl\/elektrownie-wodne\/","name":"Zr\u00f3wnowa\u017cone systemy rur GRP dla elektrowni wodnych","isPartOf":{"@id":"https:\/\/www.amiblu.com\/pl\/#website"},"primaryImageOfPage":{"@id":"https:\/\/www.amiblu.com\/pl\/elektrownie-wodne\/#primaryimage"},"image":{"@id":"https:\/\/www.amiblu.com\/pl\/elektrownie-wodne\/#primaryimage"},"thumbnailUrl":"https:\/\/www.amiblu.com\/wp-content\/uploads\/Hydropower-pipeline-Vangpollen-penstock.jpg","datePublished":"2021-08-04T07:56:27+00:00","dateModified":"2026-01-14T10:47:33+00:00","description":"Rozwi\u0105zania GRP Amiblu dla elektrowni wodnych s\u0105 \u0142atwe w instalacji i adaptacji we wszystkich rodzajach terenu.","inLanguage":"pl-PL","potentialAction":[{"@type":"ReadAction","target":["https:\/\/www.amiblu.com\/pl\/elektrownie-wodne\/"]}]},{"@type":"ImageObject","inLanguage":"pl-PL","@id":"https:\/\/www.amiblu.com\/pl\/elektrownie-wodne\/#primaryimage","url":"https:\/\/www.amiblu.com\/wp-content\/uploads\/Hydropower-pipeline-Vangpollen-penstock.jpg","contentUrl":"https:\/\/www.amiblu.com\/wp-content\/uploads\/Hydropower-pipeline-Vangpollen-penstock.jpg","width":552,"height":312,"caption":"GRP penstock for hydropower pipe project Vangpollen"},{"@type":"WebSite","@id":"https:\/\/www.amiblu.com\/pl\/#website","url":"https:\/\/www.amiblu.com\/pl\/","name":"Amiblu","description":"GFK-Rohrsysteme f\u00fcr Generationen","publisher":{"@id":"https:\/\/www.amiblu.com\/pl\/#organization"},"potentialAction":[{"@type":"SearchAction","target":{"@type":"EntryPoint","urlTemplate":"https:\/\/www.amiblu.com\/pl\/?s={search_term_string}"},"query-input":{"@type":"PropertyValueSpecification","valueRequired":true,"valueName":"search_term_string"}}],"inLanguage":"pl-PL"},{"@type":"Organization","@id":"https:\/\/www.amiblu.com\/pl\/#organization","name":"Amiblu Group","url":"https:\/\/www.amiblu.com\/pl\/","logo":{"@type":"ImageObject","inLanguage":"pl-PL","@id":"https:\/\/www.amiblu.com\/pl\/#\/schema\/logo\/image\/","url":"https:\/\/www.amiblu.com\/wp-content\/uploads\/2021\/01\/Amiblu-logo-website-1.png","contentUrl":"https:\/\/www.amiblu.com\/wp-content\/uploads\/2021\/01\/Amiblu-logo-website-1.png","width":201,"height":38,"caption":"Amiblu Group"},"image":{"@id":"https:\/\/www.amiblu.com\/pl\/#\/schema\/logo\/image\/"},"sameAs":["https:\/\/www.facebook.com\/amiblupipes","https:\/\/www.youtube.com\/c\/Amiblu","https:\/\/de.wikipedia.org\/wiki\/Amiblu","https:\/\/www.linkedin.com\/company\/amiblupipes\/"]}]}},"_links":{"self":[{"href":"https:\/\/www.amiblu.com\/pl\/wp-json\/wp\/v2\/pages\/40094","targetHints":{"allow":["GET"]}}],"collection":[{"href":"https:\/\/www.amiblu.com\/pl\/wp-json\/wp\/v2\/pages"}],"about":[{"href":"https:\/\/www.amiblu.com\/pl\/wp-json\/wp\/v2\/types\/page"}],"author":[{"embeddable":true,"href":"https:\/\/www.amiblu.com\/pl\/wp-json\/wp\/v2\/users\/8"}],"replies":[{"embeddable":true,"href":"https:\/\/www.amiblu.com\/pl\/wp-json\/wp\/v2\/comments?post=40094"}],"version-history":[{"count":22,"href":"https:\/\/www.amiblu.com\/pl\/wp-json\/wp\/v2\/pages\/40094\/revisions"}],"predecessor-version":[{"id":76507,"href":"https:\/\/www.amiblu.com\/pl\/wp-json\/wp\/v2\/pages\/40094\/revisions\/76507"}],"wp:featuredmedia":[{"embeddable":true,"href":"https:\/\/www.amiblu.com\/pl\/wp-json\/wp\/v2\/media\/47357"}],"wp:attachment":[{"href":"https:\/\/www.amiblu.com\/pl\/wp-json\/wp\/v2\/media?parent=40094"}],"curies":[{"name":"wp","href":"https:\/\/api.w.org\/{rel}","templated":true}]}}