{"id":40122,"date":"2021-08-04T10:14:55","date_gmt":"2021-08-04T08:14:55","guid":{"rendered":"https:\/\/www.amiblu.com\/?page_id=40122"},"modified":"2026-01-14T12:03:45","modified_gmt":"2026-01-14T11:03:45","slug":"irygacja","status":"publish","type":"page","link":"https:\/\/www.amiblu.com\/pl\/irygacja\/","title":{"rendered":"Irygacja"},"content":{"rendered":"<\/p>\n\n<style type=\"text\/css\" data-created_by=\"avia_inline_auto\" id=\"style-css-av-3t7fd0a-59cb8b6d1f5d762e8e8ab9ae865fab32\">\n.avia-section.av-3t7fd0a-59cb8b6d1f5d762e8e8ab9ae865fab32 .av-parallax .av-parallax-inner{\nbackground-repeat:no-repeat;\nbackground-image:url(https:\/\/www.amiblu.com\/wp-content\/uploads\/Flowtite-GRP-irrigation-pipe-Salamanca.jpg);\nbackground-position:50% 50%;\nbackground-attachment:scroll;\n}\n.avia-section.av-3t7fd0a-59cb8b6d1f5d762e8e8ab9ae865fab32 .av-section-color-overlay{\nopacity:0.5;\nbackground-color:#0a0a0a;\n}\n<\/style>\n<div id='av_section_1'  class='avia-section av-3t7fd0a-59cb8b6d1f5d762e8e8ab9ae865fab32 main_color avia-section-default avia-no-border-styling  avia-builder-el-0  el_before_av_section  avia-builder-el-first  amiblu-content amiblu-page-hero av-parallax-section avia-bg-style-parallax av-section-color-overlay-active container_wrap fullsize'  data-section-bg-repeat='no-repeat'><div class='av-parallax' data-avia-parallax-ratio='0.3' ><div class='av-parallax-inner main_color avia-full-stretch'><\/div><\/div><div class=\"av-section-color-overlay-wrap\"><div class=\"av-section-color-overlay\"><\/div><div class='container av-section-cont-open' ><main  role=\"main\" itemprop=\"mainContentOfPage\"  class='template-page content  av-content-full alpha units'><div class='post-entry post-entry-type-page post-entry-40122'><div class='entry-content-wrapper clearfix'>\n\n<style type=\"text\/css\" data-created_by=\"avia_inline_auto\" id=\"style-css-av-3bh6oii-8a33ad252a8be727f09c1ba0f108dd2b\">\n.flex_column.av-3bh6oii-8a33ad252a8be727f09c1ba0f108dd2b{\nborder-radius:0px 0px 0px 0px;\npadding:0 0 0 0;\n}\n<\/style>\n<div  class='flex_column av-3bh6oii-8a33ad252a8be727f09c1ba0f108dd2b av_three_fourth  avia-builder-el-1  avia-builder-el-no-sibling  white-content first flex_column_div av-zero-column-padding  '     ><section  class='av_textblock_section av-l2q7ps69-7264c50c6bbe6fe0360ee7dd9578e8be '   itemscope=\"itemscope\" itemtype=\"https:\/\/schema.org\/CreativeWork\" ><div class='avia_textblock'  itemprop=\"text\" ><h1>Systemy irygacyjne GRP dla rolnictwa<\/h1>\n<\/div><\/section><br \/>\n\n<style type=\"text\/css\" data-created_by=\"avia_inline_auto\" id=\"style-css-av-l2q7qeii-81f5bd5401ca6da7e7bb8d7a11968b20\">\n#top .av_textblock_section.av-l2q7qeii-81f5bd5401ca6da7e7bb8d7a11968b20 .avia_textblock{\nfont-size:20px;\n}\n<\/style>\n<section  class='av_textblock_section av-l2q7qeii-81f5bd5401ca6da7e7bb8d7a11968b20 '   itemscope=\"itemscope\" itemtype=\"https:\/\/schema.org\/CreativeWork\" ><div class='avia_textblock sub-heading'  itemprop=\"text\" ><p>Nasza oferta: Najbardziej efektywne kosztowo pod k\u0105tem instalacji, eksploatacji i \u017cywotno\u015bci rozwi\u0105zanie.<\/p>\n<\/div><\/section><\/p><\/div>\n\n<\/div><\/div><\/main><!-- close content main element --><\/div><\/div><\/div><div id='av_section_2'  class='avia-section av-35mnt0a-61db2a2532503c771a1a21bd49f625ee main_color avia-section-default avia-no-border-styling  avia-builder-el-4  el_after_av_section  el_before_av_section  amiblu-bw-pr amiblu-jk-pp avia-bg-style-scroll container_wrap fullsize'  ><div class='container av-section-cont-open' ><div class='template-page content  av-content-full alpha units'><div class='post-entry post-entry-type-page post-entry-40122'><div class='entry-content-wrapper clearfix'>\n\n<style type=\"text\/css\" data-created_by=\"avia_inline_auto\" id=\"style-css-av-9tqhga-9f3ccc3ccfa2422832595f42a95b1ab2\">\n.flex_column.av-9tqhga-9f3ccc3ccfa2422832595f42a95b1ab2{\nborder-radius:0px 0px 0px 0px;\npadding:0px 0px 0px 0px;\n}\n<\/style>\n<div  class='flex_column av-9tqhga-9f3ccc3ccfa2422832595f42a95b1ab2 av_two_third  avia-builder-el-5  avia-builder-el-no-sibling  first flex_column_div av-zero-column-padding  '     ><p>\n<style type=\"text\/css\" data-created_by=\"avia_inline_auto\" id=\"style-css-av-l5s2h0rb-6819bc2c1490dfbd1558226af43def89\">\n#top .av-special-heading.av-l5s2h0rb-6819bc2c1490dfbd1558226af43def89{\npadding-bottom:10px;\n}\nbody .av-special-heading.av-l5s2h0rb-6819bc2c1490dfbd1558226af43def89 .av-special-heading-tag .heading-char{\nfont-size:25px;\n}\n.av-special-heading.av-l5s2h0rb-6819bc2c1490dfbd1558226af43def89 .av-subheading{\nfont-size:15px;\n}\n<\/style>\n<div  class='av-special-heading av-l5s2h0rb-6819bc2c1490dfbd1558226af43def89 av-special-heading-h5 blockquote modern-quote  avia-builder-el-6  el_before_av_textblock  avia-builder-el-first  h1'><h5 class='av-special-heading-tag '  itemprop=\"headline\"  >Rury irygacyjne<\/h5><div class=\"special-heading-border\"><div class=\"special-heading-inner-border\"><\/div><\/div><\/div><br \/>\n\n<style type=\"text\/css\" data-created_by=\"avia_inline_auto\" id=\"style-css-av-l2q7r4g9-3be007c44a42b5e5a164db8cca925ae4\">\n#top .av_textblock_section.av-l2q7r4g9-3be007c44a42b5e5a164db8cca925ae4 .avia_textblock{\nfont-size:20px;\n}\n\n@media only screen and (min-width: 480px) and (max-width: 767px){ \n#top .av_textblock_section.av-l2q7r4g9-3be007c44a42b5e5a164db8cca925ae4 .avia_textblock{\nfont-size:18px;\n}\n}\n\n@media only screen and (max-width: 479px){ \n#top .av_textblock_section.av-l2q7r4g9-3be007c44a42b5e5a164db8cca925ae4 .avia_textblock{\nfont-size:16px;\n}\n}\n<\/style>\n<section  class='av_textblock_section av-l2q7r4g9-3be007c44a42b5e5a164db8cca925ae4 '   itemscope=\"itemscope\" itemtype=\"https:\/\/schema.org\/CreativeWork\" ><div class='avia_textblock'  itemprop=\"text\" ><p>Rolnictwo jest najwi\u0119kszym konsumentem \u015bwiatowych zasob\u00f3w \u015bwie\u017cej wody. Wydajne i precyzyjne systemy irygacyjne mog\u0105 pom\u00f3c zaoszcz\u0119dzi\u0107 wod\u0119 i energi\u0119 w przemy\u015ble rolno-spo\u017cywczym i stanowi\u0105 bufor chroni\u0105cy przed zmienno\u015bci\u0105 opad\u00f3w wywo\u0142an\u0105 zmianami klimatu.<\/p>\n<p>W przypadku rur wykorzystywanych w projektach irygacyjnych kluczowym wymogiem jest to, by zapobiega\u0142y utracie wody. Dla inwestora niezwykle istotne s\u0105 r\u00f3wnie\u017c: przewidywany okres u\u017cytkowania rur oraz koszty zwi\u0105zane z eksploatacj\u0105 i instalacj\u0105. Amiblu oferuje rozwi\u0105zania spe\u0142niaj\u0105ce wszystkie te wymogi: lekkie, szczelne i odporne na korozj\u0119 rury ci\u015bnieniowe o d\u0142ugoletniej \u017cywotno\u015bci.<\/p>\n<\/div><\/section><br \/>\n<div  class='avia-button-wrap av-l2q7vmj5-16cef9274f6bc4e6d22ec76cbf1f4aa1-wrap avia-button-left  avia-builder-el-8  el_after_av_textblock  avia-builder-el-last  amiblu-outline-button'><a href='https:\/\/www.amiblu.com\/wp-content\/uploads\/Amiblu-Irrigation-Pipe-Systems.pdf'  class='avia-button av-l2q7vmj5-16cef9274f6bc4e6d22ec76cbf1f4aa1 av-link-btn avia-icon_select-yes-right-icon avia-size-small avia-position-left av-desktop-hide av-medium-hide av-small-hide av-mini-hide avia-color-theme-color'  target=\"_blank\"  rel=\"noopener noreferrer\"  aria-label=\"Download our Irrigation pipes brochure\"><span class='avia_iconbox_title' >Download our Irrigation pipes brochure<\/span><span class='avia_button_icon avia_button_icon_right avia-iconfont avia-font-amiblu-icons' data-av_icon='\ue800' data-av_iconfont='amiblu-icons' ><\/span><\/a><\/div><\/p><\/div><\/div><\/div><\/div><!-- close content main div --><\/div><\/div>\n<style type=\"text\/css\" data-created_by=\"avia_inline_auto\" id=\"style-css-av-1yc14fu-f9389b4097e95eebd4416739fe83e99c\">\n.avia-section.av-1yc14fu-f9389b4097e95eebd4416739fe83e99c{\nbackground-color:#f2f4f8;\nbackground-image:unset;\n}\n<\/style>\n<div id='av_section_3'  class='avia-section av-1yc14fu-f9389b4097e95eebd4416739fe83e99c main_color avia-section-default avia-no-border-styling  avia-builder-el-9  el_after_av_section  avia-builder-el-last  home-info amiblu-jk-inf avia-bg-style-scroll container_wrap fullsize'  ><div class='container av-section-cont-open' ><div class='template-page content  av-content-full alpha units'><div class='post-entry post-entry-type-page post-entry-40122'><div class='entry-content-wrapper clearfix'>\n\n<style type=\"text\/css\" data-created_by=\"avia_inline_auto\" id=\"style-css-av-1oo7ou2-9c114443a158f5cef3d0eefdaa869ed3\">\n.flex_column.av-1oo7ou2-9c114443a158f5cef3d0eefdaa869ed3{\nborder-radius:0px 0px 0px 0px;\npadding:0px 0px 0px 0px;\n}\n<\/style>\n<div  class='flex_column av-1oo7ou2-9c114443a158f5cef3d0eefdaa869ed3 av_one_half  avia-builder-el-10  el_before_av_one_half  avia-builder-el-first  home-info-img first flex_column_div av-zero-column-padding  '     ><style type=\"text\/css\" data-created_by=\"avia_inline_auto\" id=\"style-css-av-14vo41m-e0ba1933a8297b499a9b041f84857384\">\n.avia-image-container.av-14vo41m-e0ba1933a8297b499a9b041f84857384 img.avia_image{\nbox-shadow:none;\n}\n.avia-image-container.av-14vo41m-e0ba1933a8297b499a9b041f84857384 .av-image-caption-overlay-center{\ncolor:#ffffff;\n}\n<\/style>\n<div  class='avia-image-container av-14vo41m-e0ba1933a8297b499a9b041f84857384 av-styling- avia-align-right  avia-builder-el-11  avia-builder-el-no-sibling '   itemprop=\"image\" itemscope=\"itemscope\" itemtype=\"https:\/\/schema.org\/ImageObject\" ><div class=\"avia-image-container-inner\"><div class=\"avia-image-overlay-wrap\"><img fetchpriority=\"high\" decoding=\"async\" fetchpriority=\"high\" fetchpriority=\"high\" class='wp-image-48076 avia-img-lazy-loading-not-48076 avia_image ' src=\"https:\/\/www.amiblu.com\/wp-content\/uploads\/Irrigation-farmland-fields-aerial-view-advantages.jpg\" alt='Irrigation farmland fields aerial view' title='Irrigation-farmland-fields-aerial-view-advantages'  height=\"543\" width=\"960\"  itemprop=\"thumbnailUrl\" srcset=\"https:\/\/www.amiblu.com\/wp-content\/uploads\/Irrigation-farmland-fields-aerial-view-advantages.jpg 960w, https:\/\/www.amiblu.com\/wp-content\/uploads\/Irrigation-farmland-fields-aerial-view-advantages-300x170.jpg 300w, https:\/\/www.amiblu.com\/wp-content\/uploads\/Irrigation-farmland-fields-aerial-view-advantages-768x434.jpg 768w, https:\/\/www.amiblu.com\/wp-content\/uploads\/Irrigation-farmland-fields-aerial-view-advantages-705x399.jpg 705w\" sizes=\"(max-width: 960px) 100vw, 960px\" \/><\/div><\/div><\/div><\/div>\n<style type=\"text\/css\" data-created_by=\"avia_inline_auto\" id=\"style-css-av-k1hxtm-a77117c736b3816aff3baa5d3770d12e\">\n.flex_column.av-k1hxtm-a77117c736b3816aff3baa5d3770d12e{\nborder-radius:11px 11px 11px 11px;\npadding:0px 0px 0px 0px;\n}\n<\/style>\n<div  class='flex_column av-k1hxtm-a77117c736b3816aff3baa5d3770d12e av_one_half  avia-builder-el-12  el_after_av_one_half  avia-builder-el-last  home-info-text white-content flex_column_div av-zero-column-padding  '     ><section  class='av_textblock_section av-l2q7wll3-c4347dc236d6f424fb05046899d54676 '   itemscope=\"itemscope\" itemtype=\"https:\/\/schema.org\/CreativeWork\" ><div class='avia_textblock'  itemprop=\"text\" ><p><strong>Zalety system\u00f3w irygacyjnych Amiblu:<\/strong><\/p>\n<ul>\n<li><strong>Szczelna \u015bcianka rury i \u0142\u0105cznik<\/strong>\u00a0zapobiegaj\u0105 infiltracji i stratom wody.<\/li>\n<li><strong>Doskona\u0142e w\u0142a\u015bciwo\u015bci przep\u0142ywu<\/strong>\u00a0skutkuj\u0105 ni\u017cszym kosztem pompowania.<\/li>\n<li><strong>Do wype\u0142nienia wykopu mo\u017cliwe<\/strong>\u00a0jest u\u017cycie zasypki o wi\u0119kszej granulacji i wykorzystanie rodzimych grunt\u00f3w, co wp\u0142ywa na redukcj\u0119 koszt\u00f3w instalacji.<\/li>\n<li><strong>Niewielkie wymagania dot. konserwacji<\/strong>\u00a0dzi\u0119ki minimalnemu gromadzeniu si\u0119 szlamu i wysokiej odporno\u015bci na \u015bcieranie.<\/li>\n<li><strong>Odporno\u015b\u0107 na obci\u0105\u017cania gruntowe<\/strong>, obci\u0105\u017cania strukturalne i aktywno\u015b\u0107 sejsmiczn\u0105.<\/li>\n<li><strong>Odporno\u015b\u0107 na korozj\u0119<\/strong>\u00a0i promieniowanie UV.<\/li>\n<\/ul>\n<\/div><\/section><\/div>\n<\/p>\n","protected":false},"excerpt":{"rendered":"","protected":false},"author":8,"featured_media":47363,"parent":0,"menu_order":55,"comment_status":"closed","ping_status":"closed","template":"","meta":{"_acf_changed":false,"footnotes":""},"class_list":["post-40122","page","type-page","status-publish","has-post-thumbnail","hentry"],"acf":[],"yoast_head":"<!-- This site is optimized with the Yoast SEO Premium plugin v27.4 (Yoast SEO v27.4) - https:\/\/yoast.com\/product\/yoast-seo-premium-wordpress\/ -->\n<title>Wydajne i precyzyjne systemy irygacyjne Amiblu<\/title>\n<meta name=\"description\" content=\"Wydajne i precyzyjne systemy irygacyjne mog\u0105 pom\u00f3c zaoszcz\u0119dzi\u0107 wod\u0119 i energi\u0119 w przemy\u015ble rolno-spo\u017cywczym i stanowi\u0105 bufor chroni\u0105cy przed zmienno\u015bci\u0105 opad\u00f3w wywo\u0142an\u0105 zmianami klimatu.\" \/>\n<meta name=\"robots\" content=\"index, follow, max-snippet:-1, max-image-preview:large, max-video-preview:-1\" \/>\n<link rel=\"canonical\" href=\"https:\/\/www.amiblu.com\/pl\/irygacja\/\" \/>\n<meta property=\"og:locale\" content=\"pl_PL\" \/>\n<meta property=\"og:type\" content=\"article\" \/>\n<meta property=\"og:title\" content=\"Irygacja\" \/>\n<meta property=\"og:description\" content=\"Wydajne i precyzyjne systemy irygacyjne mog\u0105 pom\u00f3c zaoszcz\u0119dzi\u0107 wod\u0119 i energi\u0119 w przemy\u015ble rolno-spo\u017cywczym i stanowi\u0105 bufor chroni\u0105cy przed zmienno\u015bci\u0105 opad\u00f3w wywo\u0142an\u0105 zmianami klimatu.\" \/>\n<meta property=\"og:url\" content=\"https:\/\/www.amiblu.com\/pl\/irygacja\/\" \/>\n<meta property=\"og:site_name\" content=\"Amiblu\" \/>\n<meta property=\"article:publisher\" content=\"https:\/\/www.facebook.com\/amiblupipes\" \/>\n<meta property=\"article:modified_time\" content=\"2026-01-14T11:03:45+00:00\" \/>\n<meta property=\"og:image\" content=\"https:\/\/www.amiblu.com\/wp-content\/uploads\/Flowtite-irrigation-pipe-Salamanca.jpg\" \/>\n\t<meta property=\"og:image:width\" content=\"552\" \/>\n\t<meta property=\"og:image:height\" content=\"312\" \/>\n\t<meta property=\"og:image:type\" content=\"image\/jpeg\" \/>\n<meta name=\"twitter:card\" content=\"summary_large_image\" \/>\n<meta name=\"twitter:label1\" content=\"Szacowany czas czytania\" \/>\n\t<meta name=\"twitter:data1\" content=\"1 minuta\" \/>\n<script type=\"application\/ld+json\" class=\"yoast-schema-graph\">{\"@context\":\"https:\\\/\\\/schema.org\",\"@graph\":[{\"@type\":\"WebPage\",\"@id\":\"https:\\\/\\\/www.amiblu.com\\\/pl\\\/irygacja\\\/\",\"url\":\"https:\\\/\\\/www.amiblu.com\\\/pl\\\/irygacja\\\/\",\"name\":\"Wydajne i precyzyjne systemy irygacyjne Amiblu\",\"isPartOf\":{\"@id\":\"https:\\\/\\\/www.amiblu.com\\\/pl\\\/#website\"},\"primaryImageOfPage\":{\"@id\":\"https:\\\/\\\/www.amiblu.com\\\/pl\\\/irygacja\\\/#primaryimage\"},\"image\":{\"@id\":\"https:\\\/\\\/www.amiblu.com\\\/pl\\\/irygacja\\\/#primaryimage\"},\"thumbnailUrl\":\"https:\\\/\\\/www.amiblu.com\\\/wp-content\\\/uploads\\\/Flowtite-irrigation-pipe-Salamanca.jpg\",\"datePublished\":\"2021-08-04T08:14:55+00:00\",\"dateModified\":\"2026-01-14T11:03:45+00:00\",\"description\":\"Wydajne i precyzyjne systemy irygacyjne mog\u0105 pom\u00f3c zaoszcz\u0119dzi\u0107 wod\u0119 i energi\u0119 w przemy\u015ble rolno-spo\u017cywczym i stanowi\u0105 bufor chroni\u0105cy przed zmienno\u015bci\u0105 opad\u00f3w wywo\u0142an\u0105 zmianami klimatu.\",\"inLanguage\":\"pl-PL\",\"potentialAction\":[{\"@type\":\"ReadAction\",\"target\":[\"https:\\\/\\\/www.amiblu.com\\\/pl\\\/irygacja\\\/\"]}]},{\"@type\":\"ImageObject\",\"inLanguage\":\"pl-PL\",\"@id\":\"https:\\\/\\\/www.amiblu.com\\\/pl\\\/irygacja\\\/#primaryimage\",\"url\":\"https:\\\/\\\/www.amiblu.com\\\/wp-content\\\/uploads\\\/Flowtite-irrigation-pipe-Salamanca.jpg\",\"contentUrl\":\"https:\\\/\\\/www.amiblu.com\\\/wp-content\\\/uploads\\\/Flowtite-irrigation-pipe-Salamanca.jpg\",\"width\":552,\"height\":312,\"caption\":\"Flowtite irrigation pipes for Salamanca, Spain\"},{\"@type\":\"WebSite\",\"@id\":\"https:\\\/\\\/www.amiblu.com\\\/pl\\\/#website\",\"url\":\"https:\\\/\\\/www.amiblu.com\\\/pl\\\/\",\"name\":\"Amiblu\",\"description\":\"GFK-Rohrsysteme f\u00fcr Generationen\",\"publisher\":{\"@id\":\"https:\\\/\\\/www.amiblu.com\\\/pl\\\/#organization\"},\"potentialAction\":[{\"@type\":\"SearchAction\",\"target\":{\"@type\":\"EntryPoint\",\"urlTemplate\":\"https:\\\/\\\/www.amiblu.com\\\/pl\\\/?s={search_term_string}\"},\"query-input\":{\"@type\":\"PropertyValueSpecification\",\"valueRequired\":true,\"valueName\":\"search_term_string\"}}],\"inLanguage\":\"pl-PL\"},{\"@type\":\"Organization\",\"@id\":\"https:\\\/\\\/www.amiblu.com\\\/pl\\\/#organization\",\"name\":\"Amiblu Group\",\"url\":\"https:\\\/\\\/www.amiblu.com\\\/pl\\\/\",\"logo\":{\"@type\":\"ImageObject\",\"inLanguage\":\"pl-PL\",\"@id\":\"https:\\\/\\\/www.amiblu.com\\\/pl\\\/#\\\/schema\\\/logo\\\/image\\\/\",\"url\":\"https:\\\/\\\/www.amiblu.com\\\/wp-content\\\/uploads\\\/2021\\\/01\\\/Amiblu-logo-website-1.png\",\"contentUrl\":\"https:\\\/\\\/www.amiblu.com\\\/wp-content\\\/uploads\\\/2021\\\/01\\\/Amiblu-logo-website-1.png\",\"width\":201,\"height\":38,\"caption\":\"Amiblu Group\"},\"image\":{\"@id\":\"https:\\\/\\\/www.amiblu.com\\\/pl\\\/#\\\/schema\\\/logo\\\/image\\\/\"},\"sameAs\":[\"https:\\\/\\\/www.facebook.com\\\/amiblupipes\",\"https:\\\/\\\/www.youtube.com\\\/c\\\/Amiblu\",\"https:\\\/\\\/de.wikipedia.org\\\/wiki\\\/Amiblu\",\"https:\\\/\\\/www.linkedin.com\\\/company\\\/amiblupipes\\\/\"]}]}<\/script>\n<!-- \/ Yoast SEO Premium plugin. -->","yoast_head_json":{"title":"Wydajne i precyzyjne systemy irygacyjne Amiblu","description":"Wydajne i precyzyjne systemy irygacyjne mog\u0105 pom\u00f3c zaoszcz\u0119dzi\u0107 wod\u0119 i energi\u0119 w przemy\u015ble rolno-spo\u017cywczym i stanowi\u0105 bufor chroni\u0105cy przed zmienno\u015bci\u0105 opad\u00f3w wywo\u0142an\u0105 zmianami klimatu.","robots":{"index":"index","follow":"follow","max-snippet":"max-snippet:-1","max-image-preview":"max-image-preview:large","max-video-preview":"max-video-preview:-1"},"canonical":"https:\/\/www.amiblu.com\/pl\/irygacja\/","og_locale":"pl_PL","og_type":"article","og_title":"Irygacja","og_description":"Wydajne i precyzyjne systemy irygacyjne mog\u0105 pom\u00f3c zaoszcz\u0119dzi\u0107 wod\u0119 i energi\u0119 w przemy\u015ble rolno-spo\u017cywczym i stanowi\u0105 bufor chroni\u0105cy przed zmienno\u015bci\u0105 opad\u00f3w wywo\u0142an\u0105 zmianami klimatu.","og_url":"https:\/\/www.amiblu.com\/pl\/irygacja\/","og_site_name":"Amiblu","article_publisher":"https:\/\/www.facebook.com\/amiblupipes","article_modified_time":"2026-01-14T11:03:45+00:00","og_image":[{"width":552,"height":312,"url":"https:\/\/www.amiblu.com\/wp-content\/uploads\/Flowtite-irrigation-pipe-Salamanca.jpg","type":"image\/jpeg"}],"twitter_card":"summary_large_image","twitter_misc":{"Szacowany czas czytania":"1 minuta"},"schema":{"@context":"https:\/\/schema.org","@graph":[{"@type":"WebPage","@id":"https:\/\/www.amiblu.com\/pl\/irygacja\/","url":"https:\/\/www.amiblu.com\/pl\/irygacja\/","name":"Wydajne i precyzyjne systemy irygacyjne Amiblu","isPartOf":{"@id":"https:\/\/www.amiblu.com\/pl\/#website"},"primaryImageOfPage":{"@id":"https:\/\/www.amiblu.com\/pl\/irygacja\/#primaryimage"},"image":{"@id":"https:\/\/www.amiblu.com\/pl\/irygacja\/#primaryimage"},"thumbnailUrl":"https:\/\/www.amiblu.com\/wp-content\/uploads\/Flowtite-irrigation-pipe-Salamanca.jpg","datePublished":"2021-08-04T08:14:55+00:00","dateModified":"2026-01-14T11:03:45+00:00","description":"Wydajne i precyzyjne systemy irygacyjne mog\u0105 pom\u00f3c zaoszcz\u0119dzi\u0107 wod\u0119 i energi\u0119 w przemy\u015ble rolno-spo\u017cywczym i stanowi\u0105 bufor chroni\u0105cy przed zmienno\u015bci\u0105 opad\u00f3w wywo\u0142an\u0105 zmianami klimatu.","inLanguage":"pl-PL","potentialAction":[{"@type":"ReadAction","target":["https:\/\/www.amiblu.com\/pl\/irygacja\/"]}]},{"@type":"ImageObject","inLanguage":"pl-PL","@id":"https:\/\/www.amiblu.com\/pl\/irygacja\/#primaryimage","url":"https:\/\/www.amiblu.com\/wp-content\/uploads\/Flowtite-irrigation-pipe-Salamanca.jpg","contentUrl":"https:\/\/www.amiblu.com\/wp-content\/uploads\/Flowtite-irrigation-pipe-Salamanca.jpg","width":552,"height":312,"caption":"Flowtite irrigation pipes for Salamanca, Spain"},{"@type":"WebSite","@id":"https:\/\/www.amiblu.com\/pl\/#website","url":"https:\/\/www.amiblu.com\/pl\/","name":"Amiblu","description":"GFK-Rohrsysteme f\u00fcr Generationen","publisher":{"@id":"https:\/\/www.amiblu.com\/pl\/#organization"},"potentialAction":[{"@type":"SearchAction","target":{"@type":"EntryPoint","urlTemplate":"https:\/\/www.amiblu.com\/pl\/?s={search_term_string}"},"query-input":{"@type":"PropertyValueSpecification","valueRequired":true,"valueName":"search_term_string"}}],"inLanguage":"pl-PL"},{"@type":"Organization","@id":"https:\/\/www.amiblu.com\/pl\/#organization","name":"Amiblu Group","url":"https:\/\/www.amiblu.com\/pl\/","logo":{"@type":"ImageObject","inLanguage":"pl-PL","@id":"https:\/\/www.amiblu.com\/pl\/#\/schema\/logo\/image\/","url":"https:\/\/www.amiblu.com\/wp-content\/uploads\/2021\/01\/Amiblu-logo-website-1.png","contentUrl":"https:\/\/www.amiblu.com\/wp-content\/uploads\/2021\/01\/Amiblu-logo-website-1.png","width":201,"height":38,"caption":"Amiblu Group"},"image":{"@id":"https:\/\/www.amiblu.com\/pl\/#\/schema\/logo\/image\/"},"sameAs":["https:\/\/www.facebook.com\/amiblupipes","https:\/\/www.youtube.com\/c\/Amiblu","https:\/\/de.wikipedia.org\/wiki\/Amiblu","https:\/\/www.linkedin.com\/company\/amiblupipes\/"]}]}},"_links":{"self":[{"href":"https:\/\/www.amiblu.com\/pl\/wp-json\/wp\/v2\/pages\/40122","targetHints":{"allow":["GET"]}}],"collection":[{"href":"https:\/\/www.amiblu.com\/pl\/wp-json\/wp\/v2\/pages"}],"about":[{"href":"https:\/\/www.amiblu.com\/pl\/wp-json\/wp\/v2\/types\/page"}],"author":[{"embeddable":true,"href":"https:\/\/www.amiblu.com\/pl\/wp-json\/wp\/v2\/users\/8"}],"replies":[{"embeddable":true,"href":"https:\/\/www.amiblu.com\/pl\/wp-json\/wp\/v2\/comments?post=40122"}],"version-history":[{"count":30,"href":"https:\/\/www.amiblu.com\/pl\/wp-json\/wp\/v2\/pages\/40122\/revisions"}],"predecessor-version":[{"id":76595,"href":"https:\/\/www.amiblu.com\/pl\/wp-json\/wp\/v2\/pages\/40122\/revisions\/76595"}],"wp:featuredmedia":[{"embeddable":true,"href":"https:\/\/www.amiblu.com\/pl\/wp-json\/wp\/v2\/media\/47363"}],"wp:attachment":[{"href":"https:\/\/www.amiblu.com\/pl\/wp-json\/wp\/v2\/media?parent=40122"}],"curies":[{"name":"wp","href":"https:\/\/api.w.org\/{rel}","templated":true}]}}