{"id":40129,"date":"2021-08-04T10:16:58","date_gmt":"2021-08-04T08:16:58","guid":{"rendered":"https:\/\/www.amiblu.com\/?page_id=40129"},"modified":"2026-01-22T09:44:15","modified_gmt":"2026-01-22T08:44:15","slug":"przemysl","status":"publish","type":"page","link":"https:\/\/www.amiblu.com\/pl\/przemysl\/","title":{"rendered":"Przemys\u0142"},"content":{"rendered":"\n<style type=\"text\/css\" data-created_by=\"avia_inline_auto\" id=\"style-css-av-3vosiwx-4d016eb6bdc40cb79e72af79e373bfd6\">\n.avia-section.av-3vosiwx-4d016eb6bdc40cb79e72af79e373bfd6 .av-parallax .av-parallax-inner{\nbackground-repeat:no-repeat;\nbackground-image:url(https:\/\/www.amiblu.com\/wp-content\/uploads\/Flowtite-pipes-worlds-largest-desalination-plant-Ras-Al-Khair.jpg);\nbackground-position:50% 50%;\nbackground-attachment:scroll;\n}\n.avia-section.av-3vosiwx-4d016eb6bdc40cb79e72af79e373bfd6 .av-section-color-overlay{\nopacity:0.5;\nbackground-color:#0a0a0a;\n}\n<\/style>\n<div id='av_section_1'  class='avia-section av-3vosiwx-4d016eb6bdc40cb79e72af79e373bfd6 main_color avia-section-default avia-no-border-styling  avia-builder-el-0  el_before_av_section  avia-builder-el-first  amiblu-content amiblu-page-hero av-parallax-section avia-bg-style-parallax av-section-color-overlay-active container_wrap fullsize'  data-section-bg-repeat='no-repeat'><div class='av-parallax' data-avia-parallax-ratio='0.3' ><div class='av-parallax-inner main_color avia-full-stretch'><\/div><\/div><div class=\"av-section-color-overlay-wrap\"><div class=\"av-section-color-overlay\"><\/div><div class='container av-section-cont-open' ><main  role=\"main\" itemprop=\"mainContentOfPage\"  class='template-page content  av-content-full alpha units'><div class='post-entry post-entry-type-page post-entry-40129'><div class='entry-content-wrapper clearfix'>\n\n<style type=\"text\/css\" data-created_by=\"avia_inline_auto\" id=\"style-css-av-39xzsqp-78177ead940d2d7ca23a9c1db0a3fca2\">\n.flex_column.av-39xzsqp-78177ead940d2d7ca23a9c1db0a3fca2{\nborder-radius:0px 0px 0px 0px;\npadding:0 0 0 0;\n}\n<\/style>\n<div  class='flex_column av-39xzsqp-78177ead940d2d7ca23a9c1db0a3fca2 av_three_fourth  avia-builder-el-1  avia-builder-el-no-sibling  white-content first flex_column_div av-zero-column-padding  '     ><section  class='av_textblock_section av-l2q84uf6-14e7fe75497d84054c867574195b055d '   itemscope=\"itemscope\" itemtype=\"https:\/\/schema.org\/CreativeWork\" ><div class='avia_textblock'  itemprop=\"text\" ><h1 class=\"av-special-heading-tag\">Rozwi\u0105zania rurowe GRP Amiblu dla przemys\u0142u<\/h1>\n<\/div><\/section><br \/>\n\n<style type=\"text\/css\" data-created_by=\"avia_inline_auto\" id=\"style-css-av-l2q8638j-09e921bdc88788aebff1b1838b587229\">\n#top .av_textblock_section.av-l2q8638j-09e921bdc88788aebff1b1838b587229 .avia_textblock{\nfont-size:20px;\n}\n<\/style>\n<section  class='av_textblock_section av-l2q8638j-09e921bdc88788aebff1b1838b587229 '   itemscope=\"itemscope\" itemtype=\"https:\/\/schema.org\/CreativeWork\" ><div class='avia_textblock sub-heading'  itemprop=\"text\" ><p>Projekty &#8222;pod klucz&#8221; w zastosowaniach przemys\u0142owych na rzecz silnej przysz\u0142o\u015bci.<\/p>\n<\/div><\/section><\/p><\/div>\n\n<\/div><\/div><\/main><!-- close content main element --><\/div><\/div><\/div><div id='av_section_2'  class='avia-section av-33r590h-8a8954f645453dc79f69006584d1da34 main_color avia-section-default avia-no-border-styling  avia-builder-el-4  el_after_av_section  el_before_av_section  amiblu-bw-pr amiblu-jk-pp avia-bg-style-scroll container_wrap fullsize'  ><div class='container av-section-cont-open' ><div class='template-page content  av-content-full alpha units'><div class='post-entry post-entry-type-page post-entry-40129'><div class='entry-content-wrapper clearfix'>\n\n<style type=\"text\/css\" data-created_by=\"avia_inline_auto\" id=\"style-css-av-2kf9t5t-4db2fdf7af9063e3dbff749bf10a8d46\">\n.flex_column.av-2kf9t5t-4db2fdf7af9063e3dbff749bf10a8d46{\nborder-radius:0px 0px 0px 0px;\npadding:0px 0px 0px 0px;\n}\n<\/style>\n<div  class='flex_column av-2kf9t5t-4db2fdf7af9063e3dbff749bf10a8d46 av_two_third  avia-builder-el-5  avia-builder-el-no-sibling  first flex_column_div av-zero-column-padding  '     ><p>\n<style type=\"text\/css\" data-created_by=\"avia_inline_auto\" id=\"style-css-av-l5s34ari-71aa6128f2f20deadf531a923e2c89c7\">\n#top .av-special-heading.av-l5s34ari-71aa6128f2f20deadf531a923e2c89c7{\npadding-bottom:10px;\n}\nbody .av-special-heading.av-l5s34ari-71aa6128f2f20deadf531a923e2c89c7 .av-special-heading-tag .heading-char{\nfont-size:25px;\n}\n.av-special-heading.av-l5s34ari-71aa6128f2f20deadf531a923e2c89c7 .av-subheading{\nfont-size:15px;\n}\n<\/style>\n<div  class='av-special-heading av-l5s34ari-71aa6128f2f20deadf531a923e2c89c7 av-special-heading-h5 blockquote modern-quote  avia-builder-el-6  el_before_av_textblock  avia-builder-el-first  h1'><h5 class='av-special-heading-tag '  itemprop=\"headline\"  >Rozwi\u0105zania przemys\u0142owe<\/h5><div class=\"special-heading-border\"><div class=\"special-heading-inner-border\"><\/div><\/div><\/div><br \/>\n\n<style type=\"text\/css\" data-created_by=\"avia_inline_auto\" id=\"style-css-av-l2q87fiy-263a22baa72cf1db1220af25330f36f6\">\n#top .av_textblock_section.av-l2q87fiy-263a22baa72cf1db1220af25330f36f6 .avia_textblock{\nfont-size:20px;\n}\n\n@media only screen and (min-width: 480px) and (max-width: 767px){ \n#top .av_textblock_section.av-l2q87fiy-263a22baa72cf1db1220af25330f36f6 .avia_textblock{\nfont-size:18px;\n}\n}\n\n@media only screen and (max-width: 479px){ \n#top .av_textblock_section.av-l2q87fiy-263a22baa72cf1db1220af25330f36f6 .avia_textblock{\nfont-size:16px;\n}\n}\n<\/style>\n<section  class='av_textblock_section av-l2q87fiy-263a22baa72cf1db1220af25330f36f6 '   itemscope=\"itemscope\" itemtype=\"https:\/\/schema.org\/CreativeWork\" ><div class='avia_textblock'  itemprop=\"text\" ><p>Amiblu zaopatruje wiele bran\u017c przemys\u0142u, w kt\u00f3rych nadzwyczajne warunki wymagaj\u0105 chemicznie, mechanicznie i termicznie odpornych materia\u0142\u00f3w. Produkty Amiblu do zastosowa\u0144 w przemy\u015ble s\u0105 wykonane z GRP (\u017cywica wzmacniana w\u0142\u00f3knem szklanym).<\/p>\n<p>Amiblu nie tylko dostarcza produkty rurowe do projekt\u00f3w przemys\u0142owych \u2013 jeste\u015bmy tak\u017ce oddanym partnerem dla ma\u0142ych, \u015brednich i du\u017cych wykonawc\u00f3w EPC na ca\u0142ym \u015bwiecie. Pod\u0105\u017camy za naszymi europejskimi klientami EPC w \u015bwiat, gdzie wykorzystujemy nasze rodzime zak\u0142ady produkcyjne, biura handlowe, do\u015bwiadczenie in\u017cynier\u00f3w i pracownik\u00f3w budowlanych, by dostarczy\u0107 projekt przemys\u0142owych instalacji wodnych pod klucz.<\/p>\n<\/div><\/section><br \/>\n<div  class='avia-button-wrap av-l2q88can-22c2501c169a3c7f76662e13becddbae-wrap avia-button-left  avia-builder-el-8  el_after_av_textblock  avia-builder-el-last  amiblu-outline-button'><a href='https:\/\/www.amiblu.com\/wp-content\/uploads\/Przemyslowe-systemy-rurowe-Amiblu.pdf'  class='avia-button av-l2q88can-22c2501c169a3c7f76662e13becddbae av-link-btn avia-icon_select-yes-right-icon avia-size-small avia-position-left avia-color-theme-color'  target=\"_blank\"  rel=\"noopener noreferrer\"  aria-label=\"\u015aci\u0105gnij nasz\u0105 broszur\u0119 \u201eRozwi\u0105zania rurowe GRP Amiblu dla przemys\u0142u\u201d\"><span class='avia_iconbox_title' >\u015aci\u0105gnij nasz\u0105 broszur\u0119 \u201eRozwi\u0105zania rurowe GRP Amiblu dla przemys\u0142u\u201d<\/span><span class='avia_button_icon avia_button_icon_right avia-iconfont avia-font-amiblu-icons' data-av_icon='\ue800' data-av_iconfont='amiblu-icons' ><\/span><\/a><\/div><\/p><\/div><\/div><\/div><\/div><!-- close content main div --><\/div><\/div>\n<style type=\"text\/css\" data-created_by=\"avia_inline_auto\" id=\"style-css-av-1y2i6rl-284b1b5f7b1735e88a4475485ea3bce9\">\n.avia-section.av-1y2i6rl-284b1b5f7b1735e88a4475485ea3bce9{\nbackground-color:#f2f4f8;\nbackground-image:unset;\n}\n<\/style>\n<div id='av_section_3'  class='avia-section av-1y2i6rl-284b1b5f7b1735e88a4475485ea3bce9 main_color avia-section-default avia-no-border-styling  avia-builder-el-9  el_after_av_section  avia-builder-el-last  home-info amiblu-jk-inf avia-bg-style-scroll container_wrap fullsize'  ><div class='container av-section-cont-open' ><div class='template-page content  av-content-full alpha units'><div class='post-entry post-entry-type-page post-entry-40129'><div class='entry-content-wrapper clearfix'>\n\n<style type=\"text\/css\" data-created_by=\"avia_inline_auto\" id=\"style-css-av-1o4g3k1-af20a8fca7d1b479cb9fcbf9bd0791ef\">\n.flex_column.av-1o4g3k1-af20a8fca7d1b479cb9fcbf9bd0791ef{\nborder-radius:0px 0px 0px 0px;\npadding:0px 0px 0px 0px;\n}\n<\/style>\n<div  class='flex_column av-1o4g3k1-af20a8fca7d1b479cb9fcbf9bd0791ef av_one_half  avia-builder-el-10  el_before_av_one_half  avia-builder-el-first  home-info-img first flex_column_div av-zero-column-padding  '     ><style type=\"text\/css\" data-created_by=\"avia_inline_auto\" id=\"style-css-av-1ctbw3l-478ccbe46210bb678f33bdf99331d670\">\n.avia-image-container.av-1ctbw3l-478ccbe46210bb678f33bdf99331d670 img.avia_image{\nbox-shadow:none;\n}\n.avia-image-container.av-1ctbw3l-478ccbe46210bb678f33bdf99331d670 .av-image-caption-overlay-center{\ncolor:#ffffff;\n}\n<\/style>\n<div  class='avia-image-container av-1ctbw3l-478ccbe46210bb678f33bdf99331d670 av-styling- avia-align-right  avia-builder-el-11  avia-builder-el-no-sibling '   itemprop=\"image\" itemscope=\"itemscope\" itemtype=\"https:\/\/schema.org\/ImageObject\" ><div class=\"avia-image-container-inner\"><div class=\"avia-image-overlay-wrap\"><img fetchpriority=\"high\" decoding=\"async\" fetchpriority=\"high\" fetchpriority=\"high\" class='wp-image-48085 avia-img-lazy-loading-not-48085 avia_image ' src=\"https:\/\/www.amiblu.com\/wp-content\/uploads\/Amiblu-industrial-pipes-1.jpg\" alt='Amiblu biaxial GRP pipes for industrial solution, Industrie Irsching' title='Amiblu-industrial-pipes'  height=\"543\" width=\"960\"  itemprop=\"thumbnailUrl\" srcset=\"https:\/\/www.amiblu.com\/wp-content\/uploads\/Amiblu-industrial-pipes-1.jpg 960w, https:\/\/www.amiblu.com\/wp-content\/uploads\/Amiblu-industrial-pipes-1-300x170.jpg 300w, https:\/\/www.amiblu.com\/wp-content\/uploads\/Amiblu-industrial-pipes-1-768x434.jpg 768w, https:\/\/www.amiblu.com\/wp-content\/uploads\/Amiblu-industrial-pipes-1-705x399.jpg 705w\" sizes=\"(max-width: 960px) 100vw, 960px\" \/><\/div><\/div><\/div><\/div>\n<style type=\"text\/css\" data-created_by=\"avia_inline_auto\" id=\"style-css-av-rvaeg1-7af9b1a7dc8af108de91d2e2e58d9f91\">\n.flex_column.av-rvaeg1-7af9b1a7dc8af108de91d2e2e58d9f91{\nborder-radius:11px 11px 11px 11px;\npadding:0px 0px 0px 0px;\n}\n<\/style>\n<div  class='flex_column av-rvaeg1-7af9b1a7dc8af108de91d2e2e58d9f91 av_one_half  avia-builder-el-12  el_after_av_one_half  avia-builder-el-last  home-info-text white-content flex_column_div av-zero-column-padding  '     ><section  class='av_textblock_section av-l2q88118-a8a9053a6deff36d8cda33a79c68ea2c '   itemscope=\"itemscope\" itemtype=\"https:\/\/schema.org\/CreativeWork\" ><div class='avia_textblock'  itemprop=\"text\" ><p><strong>Zalety system\u00f3w rur Amiblu do zastosowa\u0144 w przemy\u015ble:<\/strong><\/p>\n<ul>\n<li><strong>Doskona\u0142a sztywno\u015b\u0107 d\u0142ugookresowa<\/strong>: Rury zachowuj\u0105 sw\u00f3j kszta\u0142t, rok po roku, w przeciwie\u0144stwie do innych niewzmacnianych rur z tworzyw sztucznych<\/li>\n<li><strong>G\u0142adka powierzchnia wewn\u0119trzna<\/strong>: Chropowato\u015b\u0107 hydrauliczna rur Amiblu jest bezkonkurencyjna w bran\u017cy<\/li>\n<li><strong>Doskona\u0142a odporno\u015b\u0107 na \u015bcieranie<\/strong>: Odporno\u015b\u0107 na \u015bcieranie chroni wewn\u0119trzn\u0105 powierzchnie rury i wyd\u0142u\u017ca jej \u017cywotno\u015b\u0107<\/li>\n<\/ul>\n<\/div><\/section><\/div>\n<\/p>\n","protected":false},"excerpt":{"rendered":"","protected":false},"author":8,"featured_media":47361,"parent":0,"menu_order":60,"comment_status":"closed","ping_status":"closed","template":"","meta":{"_acf_changed":false,"footnotes":""},"class_list":["post-40129","page","type-page","status-publish","has-post-thumbnail","hentry"],"acf":[],"yoast_head":"<!-- This site is optimized with the Yoast SEO Premium plugin v27.3 (Yoast SEO v27.4) - https:\/\/yoast.com\/product\/yoast-seo-premium-wordpress\/ -->\n<title>Rozwi\u0105zania rurowe GRP Amiblu dla przemys\u0142u<\/title>\n<meta name=\"description\" content=\"Amiblu zaopatruje wiele bran\u017c przemys\u0142u, w kt\u00f3rych nadzwyczajne warunki wymagaj\u0105 chemicznie, mechanicznie i termicznie odpornych materia\u0142\u00f3w.\" \/>\n<meta name=\"robots\" content=\"index, follow, max-snippet:-1, max-image-preview:large, max-video-preview:-1\" \/>\n<link rel=\"canonical\" href=\"https:\/\/www.amiblu.com\/pl\/przemysl\/\" \/>\n<meta property=\"og:locale\" content=\"pl_PL\" \/>\n<meta property=\"og:type\" content=\"article\" \/>\n<meta property=\"og:title\" content=\"Przemys\u0142\" \/>\n<meta property=\"og:description\" content=\"Amiblu zaopatruje wiele bran\u017c przemys\u0142u, w kt\u00f3rych nadzwyczajne warunki wymagaj\u0105 chemicznie, mechanicznie i termicznie odpornych materia\u0142\u00f3w.\" \/>\n<meta property=\"og:url\" content=\"https:\/\/www.amiblu.com\/pl\/przemysl\/\" \/>\n<meta property=\"og:site_name\" content=\"Amiblu\" \/>\n<meta property=\"article:publisher\" content=\"https:\/\/www.facebook.com\/amiblupipes\" \/>\n<meta property=\"article:modified_time\" content=\"2026-01-22T08:44:15+00:00\" \/>\n<meta property=\"og:image\" content=\"https:\/\/www.amiblu.com\/wp-content\/uploads\/Amiblu-industrial-pipes-Ras-Al-Khair.jpg\" \/>\n\t<meta property=\"og:image:width\" content=\"552\" \/>\n\t<meta property=\"og:image:height\" content=\"312\" \/>\n\t<meta property=\"og:image:type\" content=\"image\/jpeg\" \/>\n<meta name=\"twitter:card\" content=\"summary_large_image\" \/>\n<meta name=\"twitter:label1\" content=\"Szacowany czas czytania\" \/>\n\t<meta name=\"twitter:data1\" content=\"1 minuta\" \/>\n<script type=\"application\/ld+json\" class=\"yoast-schema-graph\">{\"@context\":\"https:\\\/\\\/schema.org\",\"@graph\":[{\"@type\":\"WebPage\",\"@id\":\"https:\\\/\\\/www.amiblu.com\\\/pl\\\/przemysl\\\/\",\"url\":\"https:\\\/\\\/www.amiblu.com\\\/pl\\\/przemysl\\\/\",\"name\":\"Rozwi\u0105zania rurowe GRP Amiblu dla przemys\u0142u\",\"isPartOf\":{\"@id\":\"https:\\\/\\\/www.amiblu.com\\\/pl\\\/#website\"},\"primaryImageOfPage\":{\"@id\":\"https:\\\/\\\/www.amiblu.com\\\/pl\\\/przemysl\\\/#primaryimage\"},\"image\":{\"@id\":\"https:\\\/\\\/www.amiblu.com\\\/pl\\\/przemysl\\\/#primaryimage\"},\"thumbnailUrl\":\"https:\\\/\\\/www.amiblu.com\\\/wp-content\\\/uploads\\\/Amiblu-industrial-pipes-Ras-Al-Khair.jpg\",\"datePublished\":\"2021-08-04T08:16:58+00:00\",\"dateModified\":\"2026-01-22T08:44:15+00:00\",\"description\":\"Amiblu zaopatruje wiele bran\u017c przemys\u0142u, w kt\u00f3rych nadzwyczajne warunki wymagaj\u0105 chemicznie, mechanicznie i termicznie odpornych materia\u0142\u00f3w.\",\"inLanguage\":\"pl-PL\",\"potentialAction\":[{\"@type\":\"ReadAction\",\"target\":[\"https:\\\/\\\/www.amiblu.com\\\/pl\\\/przemysl\\\/\"]}]},{\"@type\":\"ImageObject\",\"inLanguage\":\"pl-PL\",\"@id\":\"https:\\\/\\\/www.amiblu.com\\\/pl\\\/przemysl\\\/#primaryimage\",\"url\":\"https:\\\/\\\/www.amiblu.com\\\/wp-content\\\/uploads\\\/Amiblu-industrial-pipes-Ras-Al-Khair.jpg\",\"contentUrl\":\"https:\\\/\\\/www.amiblu.com\\\/wp-content\\\/uploads\\\/Amiblu-industrial-pipes-Ras-Al-Khair.jpg\",\"width\":552,\"height\":312,\"caption\":\"Amiblu industrial pipes for Ras-Al-Khair\"},{\"@type\":\"WebSite\",\"@id\":\"https:\\\/\\\/www.amiblu.com\\\/pl\\\/#website\",\"url\":\"https:\\\/\\\/www.amiblu.com\\\/pl\\\/\",\"name\":\"Amiblu\",\"description\":\"GFK-Rohrsysteme f\u00fcr Generationen\",\"publisher\":{\"@id\":\"https:\\\/\\\/www.amiblu.com\\\/pl\\\/#organization\"},\"potentialAction\":[{\"@type\":\"SearchAction\",\"target\":{\"@type\":\"EntryPoint\",\"urlTemplate\":\"https:\\\/\\\/www.amiblu.com\\\/pl\\\/?s={search_term_string}\"},\"query-input\":{\"@type\":\"PropertyValueSpecification\",\"valueRequired\":true,\"valueName\":\"search_term_string\"}}],\"inLanguage\":\"pl-PL\"},{\"@type\":\"Organization\",\"@id\":\"https:\\\/\\\/www.amiblu.com\\\/pl\\\/#organization\",\"name\":\"Amiblu Group\",\"url\":\"https:\\\/\\\/www.amiblu.com\\\/pl\\\/\",\"logo\":{\"@type\":\"ImageObject\",\"inLanguage\":\"pl-PL\",\"@id\":\"https:\\\/\\\/www.amiblu.com\\\/pl\\\/#\\\/schema\\\/logo\\\/image\\\/\",\"url\":\"https:\\\/\\\/www.amiblu.com\\\/wp-content\\\/uploads\\\/2021\\\/01\\\/Amiblu-logo-website-1.png\",\"contentUrl\":\"https:\\\/\\\/www.amiblu.com\\\/wp-content\\\/uploads\\\/2021\\\/01\\\/Amiblu-logo-website-1.png\",\"width\":201,\"height\":38,\"caption\":\"Amiblu Group\"},\"image\":{\"@id\":\"https:\\\/\\\/www.amiblu.com\\\/pl\\\/#\\\/schema\\\/logo\\\/image\\\/\"},\"sameAs\":[\"https:\\\/\\\/www.facebook.com\\\/amiblupipes\",\"https:\\\/\\\/www.youtube.com\\\/c\\\/Amiblu\",\"https:\\\/\\\/de.wikipedia.org\\\/wiki\\\/Amiblu\",\"https:\\\/\\\/www.linkedin.com\\\/company\\\/amiblupipes\\\/\"]}]}<\/script>\n<!-- \/ Yoast SEO Premium plugin. -->","yoast_head_json":{"title":"Rozwi\u0105zania rurowe GRP Amiblu dla przemys\u0142u","description":"Amiblu zaopatruje wiele bran\u017c przemys\u0142u, w kt\u00f3rych nadzwyczajne warunki wymagaj\u0105 chemicznie, mechanicznie i termicznie odpornych materia\u0142\u00f3w.","robots":{"index":"index","follow":"follow","max-snippet":"max-snippet:-1","max-image-preview":"max-image-preview:large","max-video-preview":"max-video-preview:-1"},"canonical":"https:\/\/www.amiblu.com\/pl\/przemysl\/","og_locale":"pl_PL","og_type":"article","og_title":"Przemys\u0142","og_description":"Amiblu zaopatruje wiele bran\u017c przemys\u0142u, w kt\u00f3rych nadzwyczajne warunki wymagaj\u0105 chemicznie, mechanicznie i termicznie odpornych materia\u0142\u00f3w.","og_url":"https:\/\/www.amiblu.com\/pl\/przemysl\/","og_site_name":"Amiblu","article_publisher":"https:\/\/www.facebook.com\/amiblupipes","article_modified_time":"2026-01-22T08:44:15+00:00","og_image":[{"width":552,"height":312,"url":"https:\/\/www.amiblu.com\/wp-content\/uploads\/Amiblu-industrial-pipes-Ras-Al-Khair.jpg","type":"image\/jpeg"}],"twitter_card":"summary_large_image","twitter_misc":{"Szacowany czas czytania":"1 minuta"},"schema":{"@context":"https:\/\/schema.org","@graph":[{"@type":"WebPage","@id":"https:\/\/www.amiblu.com\/pl\/przemysl\/","url":"https:\/\/www.amiblu.com\/pl\/przemysl\/","name":"Rozwi\u0105zania rurowe GRP Amiblu dla przemys\u0142u","isPartOf":{"@id":"https:\/\/www.amiblu.com\/pl\/#website"},"primaryImageOfPage":{"@id":"https:\/\/www.amiblu.com\/pl\/przemysl\/#primaryimage"},"image":{"@id":"https:\/\/www.amiblu.com\/pl\/przemysl\/#primaryimage"},"thumbnailUrl":"https:\/\/www.amiblu.com\/wp-content\/uploads\/Amiblu-industrial-pipes-Ras-Al-Khair.jpg","datePublished":"2021-08-04T08:16:58+00:00","dateModified":"2026-01-22T08:44:15+00:00","description":"Amiblu zaopatruje wiele bran\u017c przemys\u0142u, w kt\u00f3rych nadzwyczajne warunki wymagaj\u0105 chemicznie, mechanicznie i termicznie odpornych materia\u0142\u00f3w.","inLanguage":"pl-PL","potentialAction":[{"@type":"ReadAction","target":["https:\/\/www.amiblu.com\/pl\/przemysl\/"]}]},{"@type":"ImageObject","inLanguage":"pl-PL","@id":"https:\/\/www.amiblu.com\/pl\/przemysl\/#primaryimage","url":"https:\/\/www.amiblu.com\/wp-content\/uploads\/Amiblu-industrial-pipes-Ras-Al-Khair.jpg","contentUrl":"https:\/\/www.amiblu.com\/wp-content\/uploads\/Amiblu-industrial-pipes-Ras-Al-Khair.jpg","width":552,"height":312,"caption":"Amiblu industrial pipes for Ras-Al-Khair"},{"@type":"WebSite","@id":"https:\/\/www.amiblu.com\/pl\/#website","url":"https:\/\/www.amiblu.com\/pl\/","name":"Amiblu","description":"GFK-Rohrsysteme f\u00fcr Generationen","publisher":{"@id":"https:\/\/www.amiblu.com\/pl\/#organization"},"potentialAction":[{"@type":"SearchAction","target":{"@type":"EntryPoint","urlTemplate":"https:\/\/www.amiblu.com\/pl\/?s={search_term_string}"},"query-input":{"@type":"PropertyValueSpecification","valueRequired":true,"valueName":"search_term_string"}}],"inLanguage":"pl-PL"},{"@type":"Organization","@id":"https:\/\/www.amiblu.com\/pl\/#organization","name":"Amiblu Group","url":"https:\/\/www.amiblu.com\/pl\/","logo":{"@type":"ImageObject","inLanguage":"pl-PL","@id":"https:\/\/www.amiblu.com\/pl\/#\/schema\/logo\/image\/","url":"https:\/\/www.amiblu.com\/wp-content\/uploads\/2021\/01\/Amiblu-logo-website-1.png","contentUrl":"https:\/\/www.amiblu.com\/wp-content\/uploads\/2021\/01\/Amiblu-logo-website-1.png","width":201,"height":38,"caption":"Amiblu Group"},"image":{"@id":"https:\/\/www.amiblu.com\/pl\/#\/schema\/logo\/image\/"},"sameAs":["https:\/\/www.facebook.com\/amiblupipes","https:\/\/www.youtube.com\/c\/Amiblu","https:\/\/de.wikipedia.org\/wiki\/Amiblu","https:\/\/www.linkedin.com\/company\/amiblupipes\/"]}]}},"_links":{"self":[{"href":"https:\/\/www.amiblu.com\/pl\/wp-json\/wp\/v2\/pages\/40129","targetHints":{"allow":["GET"]}}],"collection":[{"href":"https:\/\/www.amiblu.com\/pl\/wp-json\/wp\/v2\/pages"}],"about":[{"href":"https:\/\/www.amiblu.com\/pl\/wp-json\/wp\/v2\/types\/page"}],"author":[{"embeddable":true,"href":"https:\/\/www.amiblu.com\/pl\/wp-json\/wp\/v2\/users\/8"}],"replies":[{"embeddable":true,"href":"https:\/\/www.amiblu.com\/pl\/wp-json\/wp\/v2\/comments?post=40129"}],"version-history":[{"count":26,"href":"https:\/\/www.amiblu.com\/pl\/wp-json\/wp\/v2\/pages\/40129\/revisions"}],"predecessor-version":[{"id":76964,"href":"https:\/\/www.amiblu.com\/pl\/wp-json\/wp\/v2\/pages\/40129\/revisions\/76964"}],"wp:featuredmedia":[{"embeddable":true,"href":"https:\/\/www.amiblu.com\/pl\/wp-json\/wp\/v2\/media\/47361"}],"wp:attachment":[{"href":"https:\/\/www.amiblu.com\/pl\/wp-json\/wp\/v2\/media?parent=40129"}],"curies":[{"name":"wp","href":"https:\/\/api.w.org\/{rel}","templated":true}]}}