{"id":40338,"date":"2021-08-11T10:48:53","date_gmt":"2021-08-11T08:48:53","guid":{"rendered":"https:\/\/www.amiblu.com\/?page_id=40338"},"modified":"2022-06-09T07:53:00","modified_gmt":"2022-06-09T05:53:00","slug":"copyright","status":"publish","type":"page","link":"https:\/\/www.amiblu.com\/pl\/copyright\/","title":{"rendered":"Copyright PL"},"content":{"rendered":"<section  class='av_textblock_section av-ko8k9xz1-bd71848a7a01e6a951d50ed3148480b8 '   itemscope=\"itemscope\" itemtype=\"https:\/\/schema.org\/CreativeWork\" ><div class='avia_textblock'  itemprop=\"text\" ><div class=\"wpb_column vc_column_container vc_col-sm-8\">\n<div class=\"vc_column-inner\">\n<div class=\"wpb_wrapper\">\n<div class=\"wpb_text_column wpb_content_element \">\n<div class=\"wpb_wrapper\">\n<h2>Opracowania techniczne<br \/>\nOchrona praw autorskich ograniczenie odpowiedzialno\u015bci<\/h2>\n<\/div>\n<\/div>\n<div class=\"wpb_text_column wpb_content_element \">\n<div class=\"wpb_wrapper\">\n<h2>I. Prawa autorskie:<\/h2>\n<p>Ca\u0142a zawarto\u015b\u0107 tej pracy \u2013 zw\u0142aszcza rysunki techniczne, szkice, grafiki i zdj\u0119cia \u2013 jest chroniona prawem autorskim. Prawo do publikacji, rozpowszechniania, edycji i t\u0142umaczenia pozostaje zastrze\u017cone dla wystawcy. Wyj\u0105tkiem od powy\u017cszego s\u0105 dzie\u0142a wyra\u017anie oznaczone, licencjonowane lub stworzone na potrzeby konkretnych projekt\u00f3w lub publicznych przetarg\u00f3w; mog\u0105 one by\u0107 wykorzystywane zgodnie z warunkami u\u017cytkowania, wymienionymi w pkt II. Wykonywanie kopii jest dozwolone bez dalszej zgody (prawo do powielania). Je\u015bli chcesz wykorzysta\u0107 zawarto\u015b\u0107 tej pracy, prosimy o kontakt z autorem dokumentu technicznego.<\/p>\n<p><strong>Wskaz\u00f3wka: Ka\u017cdy, kto naruszy prawo autorskie, podlega odpowiedzialno\u015bci karnej zgodnie z odpowiednimi przepisami prawa, otrzyma r\u00f3wnie\u017c odp\u0142atne upomnieniei b\u0119dzie zobowi\u0105zany do zap\u0142aty odszkodowania.<\/strong><\/p>\n<h2>II. Warunki u\u017cytkowania:<\/h2>\n<p><span dir=\"ltr\"><strong>Wystawca<\/strong> jest sp\u00f3\u0142k\u0105 z grupy Amiblu.<br \/>\n<strong>U\u017cytkownik<\/strong> jest odbiorc\u0105 dzie\u0142a, stworzonego przez Amiblu.<\/span><\/p>\n<p><strong>Preambu\u0142a<\/strong><\/p>\n<p><span dir=\"ltr\">Grupa Amiblu jest najwi\u0119kszym na \u015bwiecie producentem i partnerem technologicznym system\u00f3w rurowych z tworzyw sztucznych, wzmocnionych w\u0142\u00f3knem szklanym (GRP) oraz rozwi\u0105za\u0144 z zakresu GRP. Wystawca dostarcza dzie\u0142a w postaci opracowa\u0144 technicznych dla projekt\u00f3w i przetarg\u00f3w publicznych na wykorzystanie produkt\u00f3w GRP firmy Amiblu.<\/span><\/p>\n<p><strong>1. Stosunek prawny pomi\u0119dzy u\u017cytkownikiem a wystawc\u0105<\/strong><\/p>\n<p>Korzystanie z dzie\u0142a (np. opracowania technicznego) nie oznacza zawarcia umowy konsultacyjnej lub informacyjnej pomi\u0119dzy wystawc\u0105 a u\u017cytkownikiem. W tym zakresie nie istniej\u0105 \u017cadne roszczenia umowne ani quasi umowne u\u017cytkownika wobec wystawcy.<\/p>\n<p><strong>2. Przedmiot<\/strong><\/p>\n<p><span dir=\"ltr\">Wystawca jest w\u0142a\u015bcicielem praw do wykorzystywania opracowa\u0144, rysunk\u00f3w technicznych, szkic\u00f3w, grafik i zdj\u0119\u0107 (zwanych dalej \u201edzie\u0142ami\u201d), wykonanych przez jego pracownik\u00f3w lub na jego zlecenie przez osoby trzecie. Wystawca udost\u0119pnia dzie\u0142a u\u017cytkownikowi zgodnie z poni\u017cszymi warunkami u\u017cytkowania, a u\u017cytkownik przyjmuje je do wiadomo\u015bci i wyra\u017anie zobowi\u0105zuje si\u0119 do ich przestrzegania.<\/span><\/p>\n<p><strong>3. Przyznawanie praw<\/strong><\/p>\n<p>3.1 Wystawca udziela u\u017cytkownikowi niewy\u0142\u0105cznego prawa do wykorzystywania, powielania, rozpowszechniania i udost\u0119pniania uczestnikom projektu dzie\u0142 na potrzeby planowania danego projektu lub przetargu. Ka\u017cde inne wykorzystanie dzie\u0142 wymaga uprzedniej pisemnej zgody Amiblu.<\/p>\n<p>3.2 Edycja lub zmiana dzie\u0142a, np. skracanie, dzielenie, \u0142\u0105czenie z innymi dzie\u0142ami mo\u017ce spowodowa\u0107, \u017ce oczekiwana przez u\u017cytkownika funkcja przestanie by\u0107 dost\u0119pna. W zwi\u0105zku z tym wystawca zaleca, aby u\u017cytkownik konsultowa\u0142 si\u0119 z nim w sprawie wszelkich zmian.<\/p>\n<p>3.3 U\u017cytkownik nie ma prawa wykorzystywa\u0107 dzie\u0142 do planowania innych projekt\u00f3w lub przetarg\u00f3w ni\u017c okre\u015blony dla konkretnego przypadku, a w szczeg\u00f3lno\u015bci nie ma prawa wykorzystywa\u0107 dzie\u0142 w spos\u00f3b faworyzuj\u0105cy konkurencj\u0119 Amiblu (np. wykorzystanie do produkt\u00f3w stron trzecich, tj. produkt\u00f3w GRP niedostarczanych przez Amiblu lub produkt\u00f3w, wykonanych z innych materia\u0142\u00f3w (nie GRP)).<\/p>\n<p><strong>4. Prawa i obowi\u0105zki wystawcy<\/strong><\/p>\n<p><span dir=\"ltr\">4.1 Wystawca przekazuje dzie\u0142a u\u017cytkownikowi w postaci cyfrowej i\/lub fizycznej (wydruk).<\/span><\/p>\n<p><span dir=\"ltr\">4.2 Wystawca jest ponadto uprawniony do przekazywania dzie\u0142 osobom trzecim w dowolnej formie.<\/span><\/p>\n<p><strong>5. Prawa i obowi\u0105zki u\u017cytkownika<\/strong><\/p>\n<p>5.1 U\u017cytkownik nie jest uprawniony do wykorzystywania dzie\u0142 w innym celu ni\u017c uzgodniony z wystawc\u0105 (np. przetarg, okre\u015blony projekt, wykorzystanie dokumentacji technicznej (kart katalogowych, rysunk\u00f3w systemowych) w dokumentacji projektowej).<\/p>\n<p>5.2 U\u017cytkownik nie jest zobowi\u0105zany do korzystania z praw, przyznanych mu w punkcie 2 \u201ePrzedmiot\u201d.<\/p>\n<p>5.3 U\u017cytkownik jest zobowi\u0105zany do pozostawienia lub umieszczenia w widocznym miejscu na ka\u017cdej reprodukcji dzie\u0142a nast\u0119puj\u0105cej informacji o prawach autorskich lub prawach pokrewnych:<\/p>\n<p>\u201e\u00a9 Copyright sierpie\u0144 2020 r. \u2013 Informacja o prawach autorskich. Por. warunki u\u017cytkowania na stronie <a href=\"http:\/\/www.amiblu.com\">www.amiblu.com<\/a>.\u201d<\/p>\n<p><strong>6. Zbywalno\u015b\u0107\/podlicencje<\/strong><\/p>\n<p>6.1 U\u017cytkownik nie jest uprawniony do przenoszenia praw, przyznanych mu w zwi\u0105zku z dzie\u0142ami na osoby trzecie ani do udzielania podlicencji na te dzie\u0142a, chyba \u017ce wystawca uprzednio wyrazi\u0142 na to zgod\u0119 na pi\u015bmie.<\/p>\n<p>6.2 O ile u\u017cytkownik dokonuje w indywidualnych przypadkach rozporz\u0105dze\u0144, o kt\u00f3rych mowa w punkcie 5.1, to opr\u00f3cz nabywcy\/podu\u017cytkownika pozostaje on w pe\u0142nym zakresie odpowiedzialny solidarnie wobec wystawcy za wype\u0142nienie wszystkich obowi\u0105zk\u00f3w, zwi\u0105zanych z dzie\u0142ami oraz za wszelkie szkody, wynikaj\u0105ce z niewype\u0142nienia tych obowi\u0105zk\u00f3w przez nabywc\u0119\/podu\u017cytkownika (wsp\u00f3\u0142udzia\u0142 w d\u0142ugu).<\/p>\n<p><strong>7. Gwarancje wystawcy<\/strong><\/p>\n<p><span dir=\"ltr\">Wystawca o\u015bwiadcza, \u017ce posiada prawa do korzystania z dzie\u0142, a w szczeg\u00f3lno\u015bci jest uprawniony do udzielania osobom trzecim praw do korzystania lub licencji na korzystanie z dzie\u0142.<\/span><\/p>\n<p><strong>8. Ograniczenie odpowiedzialno\u015bci wystawcy<\/strong><\/p>\n<p><span dir=\"ltr\">8.1 \u015awiadczone us\u0142ugi podlegaj\u0105 og\u00f3lnym warunkom sprzeda\u017cy Amiblu, w stosownych przypadkach, dost\u0119pnym na stronie<\/span><a href=\"https:\/\/www.amiblu.com\/wp-content\/uploads\/GTC-Amiblu-EN.pdf\"><span dir=\"ltr\"> https:\/\/www.amiblu.com\/wp<\/span><span dir=\"ltr\">\u2013<\/span><span dir=\"ltr\">content\/uploads\/GTC<\/span><span dir=\"ltr\">\u2013<\/span><span dir=\"ltr\">Amiblu<\/span><span dir=\"ltr\">\u2013<\/span><span dir=\"ltr\">EN.pdf <\/span><\/a><span dir=\"ltr\">.<\/span><\/p>\n<p>8.2 Amiblu wyra\u017anie zaznacza, \u017ce opracowania techniczne maj\u0105 charakter teoretyczny. Rezultaty mog\u0105 by\u0107 osi\u0105gni\u0119te w praktyce tylko wtedy, gdy za\u0142o\u017cenia odpowiadaj\u0105 rzeczywistym warunkom, panuj\u0105cym na placu budowy.<\/p>\n<p>8.3 Dokumenty zosta\u0142y przygotowane rzetelnie i starannie zgodnie z ekspertyz\u0105 firmy Amiblu. Amiblu nie ponosi odpowiedzialno\u015bci za kompletno\u015b\u0107 i dok\u0142adno\u015b\u0107 tre\u015bci technicznych. Dotyczy to w szczeg\u00f3lno\u015bci stosowania produkt\u00f3w innych firm ni\u017c Amiblu lub wykorzystania opracowa\u0144\/dzie\u0142 w innych (nie uzgodnionych) projektach i przetargach.<\/p>\n<p>8.4 Dokumentacja dostarczana przez Amiblu jest us\u0142ug\u0105 w fazie projektowej lub wykonawczej i zazwyczaj staje si\u0119 cz\u0119\u015bci\u0105 dokumentacji projektowej. Amiblu nie ponosi odpowiedzialno\u015bci za mo\u017cliwo\u015b\u0107 zastosowania wynik\u00f3w oblicze\u0144 w przypadku odchyle\u0144 od przyj\u0119tych za\u0142o\u017ce\u0144. W szczeg\u00f3lno\u015bci Amiblu nie ponosi \u017cadnej odpowiedzialno\u015bci, je\u015bli dzie\u0142a zostan\u0105 zastosowane do produkt\u00f3w stron trzecich, tj. produkt\u00f3w GRP, kt\u00f3re nie s\u0105 dostarczane przez Amiblu, lub produkt\u00f3w wykonanych z innych materia\u0142\u00f3w (nie GRP).<\/p>\n<p>8.5 Wystawca tworzy dzie\u0142a w ka\u017cdym przypadku dla konkretnego projektu, konkretnego przetargui zak\u0142ada wy\u0142\u0105cznie u\u017cytkowanie produkt\u00f3w Amiblu\/Flowtite\/Hobas. W przypadku, gdy dzie\u0142a nie s\u0105 wykorzystywane zgodnie z ich przeznaczeniem, wystawca nie ponosi \u017cadnej odpowiedzialno\u015bci.<\/p>\n<p><strong>9. Op\u0142ata za u\u017cytkowanie<\/strong><\/p>\n<p>Do odwo\u0142ania wystawca odst\u0119puje od pobierania op\u0142aty za korzystanie z dzie\u0142. Zastrzega sobie jednak prawo do \u017c\u0105dania od u\u017cytkownika zwrotu wydatk\u00f3w poniesionych w zwi\u0105zku z tworzeniem dzie\u0142, w szczeg\u00f3lno\u015bci je\u017celi zam\u00f3wienie zostanie z\u0142o\u017cone u osoby trzeciej w zwi\u0105zku z korzystaniem przez u\u017cytkownika z dzie\u0142 w spos\u00f3b nieuzgodniony (np. w przypadku produkt\u00f3w innych ni\u017c Amiblu).<\/p>\n<p><strong>10. Czas trwania<\/strong><\/p>\n<p>Niniejsze warunki u\u017cytkowania s\u0105 wa\u017cne bezterminowo do odwo\u0142ania.<\/p>\n<p><strong>11. Inne postanowienia<\/strong><\/p>\n<p>11.1 Miejscem realizacji us\u0142ugi dla wystawcy i u\u017cytkownika jest siedziba wystawcy. Do wszelkich spor\u00f3w wynikaj\u0105cych z niniejszych warunk\u00f3w u\u017cytkowania lub z nimi zwi\u0105zanych zastosowanie ma wy\u0142\u0105czna jurysdykcja s\u0105du w\u0142a\u015bciwego dla przedmiotu sporu w siedzibie wystawcy.<\/p>\n<p>11.2 Niniejsze warunki u\u017cytkowania podlegaj\u0105 wy\u0142\u0105cznie prawu lokalnemu kraju wystawcy, z wy\u0142\u0105czeniem zawartych w nich norm dotycz\u0105cych dalszych instrukcji.<\/p>\n<\/div>\n<\/div>\n<\/div>\n<\/div>\n<\/div>\n<\/div><\/section>\n","protected":false},"excerpt":{"rendered":"","protected":false},"author":8,"featured_media":0,"parent":0,"menu_order":190,"comment_status":"closed","ping_status":"closed","template":"","meta":{"_acf_changed":false,"footnotes":""},"class_list":["post-40338","page","type-page","status-publish","hentry"],"acf":[],"yoast_head":"<!-- This site is optimized with the Yoast SEO Premium plugin v27.3 (Yoast SEO v27.4) - https:\/\/yoast.com\/product\/yoast-seo-premium-wordpress\/ -->\n<title>Copyright PL - Amiblu<\/title>\n<meta name=\"robots\" content=\"noindex, follow\" \/>\n<meta property=\"og:locale\" content=\"pl_PL\" \/>\n<meta property=\"og:type\" content=\"article\" \/>\n<meta property=\"og:title\" content=\"Copyright PL\" \/>\n<meta property=\"og:url\" content=\"https:\/\/www.amiblu.com\/pl\/copyright\/\" \/>\n<meta property=\"og:site_name\" content=\"Amiblu\" \/>\n<meta property=\"article:publisher\" content=\"https:\/\/www.facebook.com\/amiblupipes\" \/>\n<meta property=\"article:modified_time\" content=\"2022-06-09T05:53:00+00:00\" \/>\n<meta name=\"twitter:card\" content=\"summary_large_image\" \/>\n<meta name=\"twitter:label1\" content=\"Szacowany czas czytania\" \/>\n\t<meta name=\"twitter:data1\" content=\"5 minut\" \/>\n<script type=\"application\/ld+json\" class=\"yoast-schema-graph\">{\"@context\":\"https:\\\/\\\/schema.org\",\"@graph\":[{\"@type\":\"WebPage\",\"@id\":\"https:\\\/\\\/www.amiblu.com\\\/pl\\\/copyright\\\/\",\"url\":\"https:\\\/\\\/www.amiblu.com\\\/pl\\\/copyright\\\/\",\"name\":\"Copyright PL - Amiblu\",\"isPartOf\":{\"@id\":\"https:\\\/\\\/www.amiblu.com\\\/pl\\\/#website\"},\"datePublished\":\"2021-08-11T08:48:53+00:00\",\"dateModified\":\"2022-06-09T05:53:00+00:00\",\"inLanguage\":\"pl-PL\",\"potentialAction\":[{\"@type\":\"ReadAction\",\"target\":[\"https:\\\/\\\/www.amiblu.com\\\/pl\\\/copyright\\\/\"]}]},{\"@type\":\"WebSite\",\"@id\":\"https:\\\/\\\/www.amiblu.com\\\/pl\\\/#website\",\"url\":\"https:\\\/\\\/www.amiblu.com\\\/pl\\\/\",\"name\":\"Amiblu\",\"description\":\"GFK-Rohrsysteme f\u00fcr Generationen\",\"publisher\":{\"@id\":\"https:\\\/\\\/www.amiblu.com\\\/pl\\\/#organization\"},\"potentialAction\":[{\"@type\":\"SearchAction\",\"target\":{\"@type\":\"EntryPoint\",\"urlTemplate\":\"https:\\\/\\\/www.amiblu.com\\\/pl\\\/?s={search_term_string}\"},\"query-input\":{\"@type\":\"PropertyValueSpecification\",\"valueRequired\":true,\"valueName\":\"search_term_string\"}}],\"inLanguage\":\"pl-PL\"},{\"@type\":\"Organization\",\"@id\":\"https:\\\/\\\/www.amiblu.com\\\/pl\\\/#organization\",\"name\":\"Amiblu Group\",\"url\":\"https:\\\/\\\/www.amiblu.com\\\/pl\\\/\",\"logo\":{\"@type\":\"ImageObject\",\"inLanguage\":\"pl-PL\",\"@id\":\"https:\\\/\\\/www.amiblu.com\\\/pl\\\/#\\\/schema\\\/logo\\\/image\\\/\",\"url\":\"https:\\\/\\\/www.amiblu.com\\\/wp-content\\\/uploads\\\/2021\\\/01\\\/Amiblu-logo-website-1.png\",\"contentUrl\":\"https:\\\/\\\/www.amiblu.com\\\/wp-content\\\/uploads\\\/2021\\\/01\\\/Amiblu-logo-website-1.png\",\"width\":201,\"height\":38,\"caption\":\"Amiblu Group\"},\"image\":{\"@id\":\"https:\\\/\\\/www.amiblu.com\\\/pl\\\/#\\\/schema\\\/logo\\\/image\\\/\"},\"sameAs\":[\"https:\\\/\\\/www.facebook.com\\\/amiblupipes\",\"https:\\\/\\\/www.youtube.com\\\/c\\\/Amiblu\",\"https:\\\/\\\/de.wikipedia.org\\\/wiki\\\/Amiblu\",\"https:\\\/\\\/www.linkedin.com\\\/company\\\/amiblupipes\\\/\"]}]}<\/script>\n<!-- \/ Yoast SEO Premium plugin. -->","yoast_head_json":{"title":"Copyright PL - Amiblu","robots":{"index":"noindex","follow":"follow"},"og_locale":"pl_PL","og_type":"article","og_title":"Copyright PL","og_url":"https:\/\/www.amiblu.com\/pl\/copyright\/","og_site_name":"Amiblu","article_publisher":"https:\/\/www.facebook.com\/amiblupipes","article_modified_time":"2022-06-09T05:53:00+00:00","twitter_card":"summary_large_image","twitter_misc":{"Szacowany czas czytania":"5 minut"},"schema":{"@context":"https:\/\/schema.org","@graph":[{"@type":"WebPage","@id":"https:\/\/www.amiblu.com\/pl\/copyright\/","url":"https:\/\/www.amiblu.com\/pl\/copyright\/","name":"Copyright PL - Amiblu","isPartOf":{"@id":"https:\/\/www.amiblu.com\/pl\/#website"},"datePublished":"2021-08-11T08:48:53+00:00","dateModified":"2022-06-09T05:53:00+00:00","inLanguage":"pl-PL","potentialAction":[{"@type":"ReadAction","target":["https:\/\/www.amiblu.com\/pl\/copyright\/"]}]},{"@type":"WebSite","@id":"https:\/\/www.amiblu.com\/pl\/#website","url":"https:\/\/www.amiblu.com\/pl\/","name":"Amiblu","description":"GFK-Rohrsysteme f\u00fcr Generationen","publisher":{"@id":"https:\/\/www.amiblu.com\/pl\/#organization"},"potentialAction":[{"@type":"SearchAction","target":{"@type":"EntryPoint","urlTemplate":"https:\/\/www.amiblu.com\/pl\/?s={search_term_string}"},"query-input":{"@type":"PropertyValueSpecification","valueRequired":true,"valueName":"search_term_string"}}],"inLanguage":"pl-PL"},{"@type":"Organization","@id":"https:\/\/www.amiblu.com\/pl\/#organization","name":"Amiblu Group","url":"https:\/\/www.amiblu.com\/pl\/","logo":{"@type":"ImageObject","inLanguage":"pl-PL","@id":"https:\/\/www.amiblu.com\/pl\/#\/schema\/logo\/image\/","url":"https:\/\/www.amiblu.com\/wp-content\/uploads\/2021\/01\/Amiblu-logo-website-1.png","contentUrl":"https:\/\/www.amiblu.com\/wp-content\/uploads\/2021\/01\/Amiblu-logo-website-1.png","width":201,"height":38,"caption":"Amiblu Group"},"image":{"@id":"https:\/\/www.amiblu.com\/pl\/#\/schema\/logo\/image\/"},"sameAs":["https:\/\/www.facebook.com\/amiblupipes","https:\/\/www.youtube.com\/c\/Amiblu","https:\/\/de.wikipedia.org\/wiki\/Amiblu","https:\/\/www.linkedin.com\/company\/amiblupipes\/"]}]}},"_links":{"self":[{"href":"https:\/\/www.amiblu.com\/pl\/wp-json\/wp\/v2\/pages\/40338","targetHints":{"allow":["GET"]}}],"collection":[{"href":"https:\/\/www.amiblu.com\/pl\/wp-json\/wp\/v2\/pages"}],"about":[{"href":"https:\/\/www.amiblu.com\/pl\/wp-json\/wp\/v2\/types\/page"}],"author":[{"embeddable":true,"href":"https:\/\/www.amiblu.com\/pl\/wp-json\/wp\/v2\/users\/8"}],"replies":[{"embeddable":true,"href":"https:\/\/www.amiblu.com\/pl\/wp-json\/wp\/v2\/comments?post=40338"}],"version-history":[{"count":8,"href":"https:\/\/www.amiblu.com\/pl\/wp-json\/wp\/v2\/pages\/40338\/revisions"}],"predecessor-version":[{"id":49396,"href":"https:\/\/www.amiblu.com\/pl\/wp-json\/wp\/v2\/pages\/40338\/revisions\/49396"}],"wp:attachment":[{"href":"https:\/\/www.amiblu.com\/pl\/wp-json\/wp\/v2\/media?parent=40338"}],"curies":[{"name":"wp","href":"https:\/\/api.w.org\/{rel}","templated":true}]}}