{"id":56171,"date":"2023-03-21T10:27:59","date_gmt":"2023-03-21T09:27:59","guid":{"rendered":"https:\/\/www.amiblu.com\/?page_id=56171"},"modified":"2026-03-12T12:59:38","modified_gmt":"2026-03-12T11:59:38","slug":"dzial-obslugi-klienta","status":"publish","type":"page","link":"https:\/\/www.amiblu.com\/pl\/dzial-obslugi-klienta\/","title":{"rendered":"Dzia\u0142 Obs\u0142ugi Klienta"},"content":{"rendered":"\n<style type=\"text\/css\" data-created_by=\"avia_inline_auto\" id=\"style-css-av-lfi2e1dq-76feacf7bd6d9fc2ac59613c9e9b744e\">\n#top .av-special-heading.av-lfi2e1dq-76feacf7bd6d9fc2ac59613c9e9b744e{\npadding-bottom:10px;\n}\nbody .av-special-heading.av-lfi2e1dq-76feacf7bd6d9fc2ac59613c9e9b744e .av-special-heading-tag .heading-char{\nfont-size:25px;\n}\n.av-special-heading.av-lfi2e1dq-76feacf7bd6d9fc2ac59613c9e9b744e .av-subheading{\nfont-size:15px;\n}\n<\/style>\n<div  class='av-special-heading av-lfi2e1dq-76feacf7bd6d9fc2ac59613c9e9b744e av-special-heading-h1  avia-builder-el-0  el_before_av_hr  avia-builder-el-first '><h1 class='av-special-heading-tag '  itemprop=\"headline\"  >Dzia\u0142 Obs\u0142ugi Klienta<\/h1><div class=\"special-heading-border\"><div class=\"special-heading-inner-border\"><\/div><\/div><\/div>\n\n<style type=\"text\/css\" data-created_by=\"avia_inline_auto\" id=\"style-css-av-lfi1xswl-67d4c57f0758244afbce90ebe50a541c\">\n#top .hr.hr-invisible.av-lfi1xswl-67d4c57f0758244afbce90ebe50a541c{\nheight:30px;\n}\n<\/style>\n<div  class='hr av-lfi1xswl-67d4c57f0758244afbce90ebe50a541c hr-invisible  avia-builder-el-1  el_after_av_heading  el_before_av_one_fourth '><span class='hr-inner '><span class=\"hr-inner-style\"><\/span><\/span><\/div>\n\n<style type=\"text\/css\" data-created_by=\"avia_inline_auto\" id=\"style-css-av-7ggwwif-e06dad119d42e0a60319cc24a5c855de\">\n.flex_column.av-7ggwwif-e06dad119d42e0a60319cc24a5c855de{\nborder-radius:0px 0px 0px 0px;\npadding:0px 0px 0px 0px;\n}\n<\/style>\n<div  class='flex_column av-7ggwwif-e06dad119d42e0a60319cc24a5c855de av_one_fourth  avia-builder-el-2  el_after_av_hr  el_before_av_three_fifth  first flex_column_div av-zero-column-padding  '     ><section  class='av_textblock_section av-kyu0hd7c-341e9c6144f3e93083c1bc6c85f6f84b '   itemscope=\"itemscope\" itemtype=\"https:\/\/schema.org\/CreativeWork\" ><div class='avia_textblock'  itemprop=\"text\" ><div class=\"wpb_text_column wpb_content_element \">\n<div class=\"wpb_wrapper\">\n<p><strong>Manager Dzia\u0142u Obs\u0142ugi Klienta<br \/>\n<\/strong><\/p>\n<\/div>\n<\/div>\n<div class=\"vc_empty_space\"><\/div>\n<div class=\"wpb_text_column wpb_content_element \">\n<div class=\"wpb_wrapper\">\n<div class=\" col-md-4 plz3 plzinhalt\">\n<p><strong>Karolina Sankowska<\/strong><\/p>\n<p>tel. kom.: +48 691 960 095<br \/>\n<a href=\"mailto:karolina.sankowska@amiblu.com\" target=\"_blank\" rel=\"noopener\">karolina.sankowska@amiblu.com<\/a><\/p>\n<\/div>\n<\/div>\n<\/div>\n<\/div><\/section><\/div>\n\n<style type=\"text\/css\" data-created_by=\"avia_inline_auto\" id=\"style-css-av-wqim5n-1307bdabba601bc7eb501dc84bcc7f2b\">\n.flex_column.av-wqim5n-1307bdabba601bc7eb501dc84bcc7f2b{\nborder-radius:0px 0px 0px 0px;\npadding:0px 0px 0px 0px;\n}\n<\/style>\n<div  class='flex_column av-wqim5n-1307bdabba601bc7eb501dc84bcc7f2b av_three_fifth  avia-builder-el-4  el_after_av_one_fourth  el_before_av_hr  flex_column_div av-zero-column-padding  '     ><section  class='av_textblock_section av-lf6qfnku-26a338a6c1dc0328d68f06e236e8bb3a '   itemscope=\"itemscope\" itemtype=\"https:\/\/schema.org\/CreativeWork\" ><div class='avia_textblock'  itemprop=\"text\" ><div class=\"wpb_text_column wpb_content_element \">\n<div class=\"wpb_wrapper\">\n<p><strong>Zast\u0119pca Managera Dzia\u0142u Obs\u0142ugi Klienta<br \/>\n<\/strong><strong>Koordynator Projekt\u00f3w<br \/>\n<\/strong><strong>woj.: lubelskie, podkarpackie, \u015bwi\u0119tokrzyskie, ma\u0142opolskie, dolno\u015bl\u0105skie, opolskie<\/strong><\/p>\n<\/div>\n<\/div>\n<div class=\"vc_empty_space\"><\/div>\n<div class=\"wpb_text_column wpb_content_element \">\n<div class=\"wpb_wrapper\">\n<div class=\" col-md-4 plz3 plzinhalt\">\n<p><strong>Joanna Por\u0119bska<\/strong><\/p>\n<p>tel. kom.: +48 691 968 943<br \/>\n<a href=\"mailto:joanna.porebska@amiblu.com\" target=\"_blank\" rel=\"noopener\">joanna.porebska@amiblu.com<\/a><\/p>\n<\/div>\n<\/div>\n<\/div>\n<\/div><\/section><\/div>\n<style type=\"text\/css\" data-created_by=\"avia_inline_auto\" id=\"style-css-av-sj430r-91e77aaba9bb22ddc35df75174195aa9\">\n#top .hr.hr-invisible.av-sj430r-91e77aaba9bb22ddc35df75174195aa9{\nheight:20px;\n}\n<\/style>\n<div  class='hr av-sj430r-91e77aaba9bb22ddc35df75174195aa9 hr-invisible  avia-builder-el-6  el_after_av_three_fifth  el_before_av_one_fourth '><span class='hr-inner '><span class=\"hr-inner-style\"><\/span><\/span><\/div><\/p>\n\n<style type=\"text\/css\" data-created_by=\"avia_inline_auto\" id=\"style-css-av-53xwaif-80a27be0dc6be4b3a7a9a3af11a4b872\">\n.flex_column.av-53xwaif-80a27be0dc6be4b3a7a9a3af11a4b872{\nborder-radius:0px 0px 0px 0px;\npadding:0px 0px 0px 0px;\n}\n<\/style>\n<div  class='flex_column av-53xwaif-80a27be0dc6be4b3a7a9a3af11a4b872 av_one_fourth  avia-builder-el-7  el_after_av_hr  el_before_av_one_fourth  first flex_column_div av-zero-column-padding  '     ><section  class='av_textblock_section av-lf6qph4m-bd70e1589375d26250a5b9d9b6037e34 '   itemscope=\"itemscope\" itemtype=\"https:\/\/schema.org\/CreativeWork\" ><div class='avia_textblock'  itemprop=\"text\" ><div class=\"wpb_text_column wpb_content_element \">\n<div class=\"wpb_wrapper\">\n<p><strong>woj.: podlaskie, warmi\u0144sko-mazurskie, pomorskie, kujawsko-pomorskie, wielkopolskie<br \/>\n<\/strong><\/p>\n<p><strong>Koordynator Projekt\u00f3w<br \/>\n<\/strong><strong>w Dziale Obs\u0142ugi Klienta<\/strong><\/p>\n<\/div>\n<\/div>\n<div class=\"vc_empty_space\"><\/div>\n<div class=\"wpb_text_column wpb_content_element \">\n<div class=\"wpb_wrapper\">\n<div class=\" col-md-4 plz3 plzinhalt\">\n<p><strong>Aleksandra Tarczewska<\/strong><\/p>\n<p>tel. kom.: +48 607 322 088<br \/>\n<a href=\"mailto:aleksandra.tarczewska@amiblu.com\" target=\"_blank\" rel=\"noopener\">aleksandra.tarczewska@amiblu.com<\/a><\/p>\n<\/div>\n<\/div>\n<\/div>\n<\/div><\/section><\/div>\n<style type=\"text\/css\" data-created_by=\"avia_inline_auto\" id=\"style-css-av-4t8t4fr-6fc8c878888eda6e96cd8c8a93f8f86e\">\n.flex_column.av-4t8t4fr-6fc8c878888eda6e96cd8c8a93f8f86e{\nborder-radius:0px 0px 0px 0px;\npadding:0px 0px 0px 0px;\n}\n<\/style>\n<div  class='flex_column av-4t8t4fr-6fc8c878888eda6e96cd8c8a93f8f86e av_one_fourth  avia-builder-el-9  el_after_av_one_fourth  el_before_av_one_fourth  flex_column_div av-zero-column-padding  '     ><section  class='av_textblock_section av-lf6r51n0-0580c9ae790a2d1bb12a2ed8b119c322 '   itemscope=\"itemscope\" itemtype=\"https:\/\/schema.org\/CreativeWork\" ><div class='avia_textblock'  itemprop=\"text\" ><div class=\"wpb_text_column wpb_content_element \">\n<div class=\"wpb_wrapper\">\n<p><strong>woj.: \u0142\u00f3dzkie, mazowieckie, zachodniopomorskie, lubuskie, projekty przemys\u0142owe<\/strong><\/p>\n<p><strong>Koordynator Projekt\u00f3w <\/strong><br \/>\n<strong>w Dziale Obs\u0142ugi Klienta<\/strong><\/p>\n<\/div>\n<\/div>\n<div class=\"vc_empty_space\"><\/div>\n<div class=\"wpb_text_column wpb_content_element \">\n<div class=\"wpb_wrapper\">\n<div class=\" col-md-4 plz3 plzinhalt\">\n<p><strong>Ma\u0142gorzata Krawczyk<\/strong><\/p>\n<p>tel. kom.: +48 665 920 046<br \/>\n<a href=\"mailto:malgorzata.krawczyk@amiblu.com\" target=\"_blank\" rel=\"noopener\">malgorzata.krawczyk@amiblu.com<\/a><\/p>\n<\/div>\n<\/div>\n<\/div>\n<\/div><\/section><\/div>\n<style type=\"text\/css\" data-created_by=\"avia_inline_auto\" id=\"style-css-av-2z95aev-99d29ee9c5c62368dc8d47e130a7682d\">\n.flex_column.av-2z95aev-99d29ee9c5c62368dc8d47e130a7682d{\nborder-radius:0px 0px 0px 0px;\npadding:0px 0px 0px 0px;\n}\n<\/style>\n<div  class='flex_column av-2z95aev-99d29ee9c5c62368dc8d47e130a7682d av_one_fourth  avia-builder-el-11  el_after_av_one_fourth  el_before_av_one_fourth  flex_column_div av-zero-column-padding  '     ><section  class='av_textblock_section av-m5mbrhku-6ad71af10684c9fc263464d325b26ca2 '   itemscope=\"itemscope\" itemtype=\"https:\/\/schema.org\/CreativeWork\" ><div class='avia_textblock'  itemprop=\"text\" ><div class=\"wpb_text_column wpb_content_element \">\n<div class=\"wpb_wrapper\">\n<p><strong>woj. \u015bl\u0105skie<\/strong><\/p>\n<p><strong>Koordynator Projekt\u00f3w<br \/>\n<\/strong><strong>w Dziale Obs\u0142ugi Klienta<\/strong><\/p>\n<\/div>\n<\/div>\n<div class=\"vc_empty_space\"><\/div>\n<div class=\"wpb_text_column wpb_content_element \">\n<div class=\"wpb_wrapper\">\n<div class=\" col-md-4 plz3 plzinhalt\">\n<p><strong>Marta Mateja-Mazur<\/strong><\/p>\n<p>tel. kom.: +48 663 790 200<br \/>\n<a href=\"mailto:marta.mateja-mazur@amiblu.com\" target=\"_blank\" rel=\"noopener\">marta.mateja-mazur@amiblu.com<\/a><\/p>\n<\/div>\n<\/div>\n<\/div>\n<\/div><\/section><\/div>\n<style type=\"text\/css\" data-created_by=\"avia_inline_auto\" id=\"style-css-av-av_one_fourth-49f6e875884219cf77c24341e550af53\">\n.flex_column.av-av_one_fourth-49f6e875884219cf77c24341e550af53{\nborder-radius:0px 0px 0px 0px;\npadding:0px 0px 0px 0px;\n}\n<\/style>\n<div  class='flex_column av-av_one_fourth-49f6e875884219cf77c24341e550af53 av_one_fourth  avia-builder-el-13  el_after_av_one_fourth  el_before_av_one_fourth  flex_column_div av-zero-column-padding  '     ><\/div>\n<style type=\"text\/css\" data-created_by=\"avia_inline_auto\" id=\"style-css-av-3vxueev-6ff34e65884989d016d9b3e36fc73fdc\">\n.flex_column.av-3vxueev-6ff34e65884989d016d9b3e36fc73fdc{\nborder-radius:0px 0px 0px 0px;\npadding:0px 0px 0px 0px;\n}\n<\/style>\n<div  class='flex_column av-3vxueev-6ff34e65884989d016d9b3e36fc73fdc av_one_fourth  avia-builder-el-14  el_after_av_one_fourth  el_before_av_one_fourth  first flex_column_div av-zero-column-padding  column-top-margin'     ><section  class='av_textblock_section av-lf6r6msu-33c5c7b8fc899d658e80f60b45fa1fdb '   itemscope=\"itemscope\" itemtype=\"https:\/\/schema.org\/CreativeWork\" ><div class='avia_textblock'  itemprop=\"text\" ><div class=\"wpb_text_column wpb_content_element \">\n<div class=\"wpb_wrapper\">\n<p><strong>\u0141otwa, Litwa, Estonia, Ukraina<\/strong><\/p>\n<p><strong>Koordynator Projekt\u00f3w <\/strong><br \/>\n<strong>w Dziale Obs\u0142ugi Klienta<\/strong><\/p>\n<\/div>\n<\/div>\n<div class=\"vc_empty_space\"><\/div>\n<div class=\"wpb_text_column wpb_content_element \">\n<div class=\"wpb_wrapper\">\n<div class=\" col-md-4 plz3 plzinhalt\">\n<p><strong>Nataliia Lukashchuk<\/strong><\/p>\n<p>tel. kom.: +48 607 771 869<br \/>\n<a href=\"mailto:nataliya.lukashchuk@amiblu.com\" target=\"_blank\" rel=\"noopener\">nataliya.lukashchuk@amiblu.com<\/a><\/p>\n<\/div>\n<\/div>\n<\/div>\n<\/div><\/section><\/div><\/p>\n\n<style type=\"text\/css\" data-created_by=\"avia_inline_auto\" id=\"style-css-av-3nyebjr-55e77f8f7de9372b48872f58ae3055a1\">\n.flex_column.av-3nyebjr-55e77f8f7de9372b48872f58ae3055a1{\nborder-radius:0px 0px 0px 0px;\npadding:0px 0px 0px 0px;\n}\n<\/style>\n<div  class='flex_column av-3nyebjr-55e77f8f7de9372b48872f58ae3055a1 av_one_fourth  avia-builder-el-16  el_after_av_one_fourth  avia-builder-el-last  flex_column_div av-zero-column-padding  column-top-margin'     ><section  class='av_textblock_section av-lf6rtqeh-432f40fac31dc21645685850d326ff72 '   itemscope=\"itemscope\" itemtype=\"https:\/\/schema.org\/CreativeWork\" ><div class='avia_textblock'  itemprop=\"text\" ><div class=\"wpb_text_column wpb_content_element \">\n<div class=\"wpb_wrapper\">\n<p><strong>PROJEKTY ENERGETYCZNE<\/strong><\/p>\n<p><strong>Koordynator Projekt\u00f3w Przemys\u0142owych<\/strong><\/p>\n<\/div>\n<\/div>\n<div class=\"vc_empty_space\"><\/div>\n<div class=\"wpb_text_column wpb_content_element \">\n<div class=\"wpb_wrapper\">\n<div class=\" col-md-4 plz3 plzinhalt\">\n<p><strong>Ewelina Kuczmierczyk<\/strong><\/p>\n<p>tel. kom.: +48 691 380 684<br \/>\n<a href=\"mailto:ewelina.kuczmierczyk@amiblu.com\" target=\"_blank\" rel=\"noopener\">ewelina.kuczmierczyk@amiblu.com<\/a><\/p>\n<\/div>\n<\/div>\n<\/div>\n<\/div><\/section><\/div>\n","protected":false},"excerpt":{"rendered":"","protected":false},"author":8,"featured_media":0,"parent":0,"menu_order":8,"comment_status":"closed","ping_status":"closed","template":"","meta":{"_acf_changed":false,"footnotes":""},"class_list":["post-56171","page","type-page","status-publish","hentry"],"acf":[],"yoast_head":"<!-- This site is optimized with the Yoast SEO Premium plugin v27.3 (Yoast SEO v27.4) - https:\/\/yoast.com\/product\/yoast-seo-premium-wordpress\/ -->\n<title>Dzia\u0142 Obs\u0142ugi Klienta - Amiblu Poland<\/title>\n<meta name=\"description\" content=\"Dzia\u0142 Obs\u0142ugi Klienta - Amiblu Poland\" \/>\n<meta name=\"robots\" content=\"index, follow, max-snippet:-1, max-image-preview:large, max-video-preview:-1\" \/>\n<link rel=\"canonical\" href=\"https:\/\/www.amiblu.com\/pl\/dzial-obslugi-klienta\/\" \/>\n<meta property=\"og:locale\" content=\"pl_PL\" \/>\n<meta property=\"og:type\" content=\"article\" \/>\n<meta property=\"og:title\" content=\"Dzia\u0142 Obs\u0142ugi Klienta\" \/>\n<meta property=\"og:description\" content=\"Dzia\u0142 Obs\u0142ugi Klienta - Amiblu Poland\" \/>\n<meta property=\"og:url\" content=\"https:\/\/www.amiblu.com\/pl\/dzial-obslugi-klienta\/\" \/>\n<meta property=\"og:site_name\" content=\"Amiblu\" \/>\n<meta property=\"article:publisher\" content=\"https:\/\/www.facebook.com\/amiblupipes\" \/>\n<meta property=\"article:modified_time\" content=\"2026-03-12T11:59:38+00:00\" \/>\n<meta name=\"twitter:card\" content=\"summary_large_image\" \/>\n<meta name=\"twitter:label1\" content=\"Szacowany czas czytania\" \/>\n\t<meta name=\"twitter:data1\" content=\"1 minuta\" \/>\n<script type=\"application\/ld+json\" class=\"yoast-schema-graph\">{\"@context\":\"https:\\\/\\\/schema.org\",\"@graph\":[{\"@type\":\"WebPage\",\"@id\":\"https:\\\/\\\/www.amiblu.com\\\/pl\\\/dzial-obslugi-klienta\\\/\",\"url\":\"https:\\\/\\\/www.amiblu.com\\\/pl\\\/dzial-obslugi-klienta\\\/\",\"name\":\"Dzia\u0142 Obs\u0142ugi Klienta - Amiblu Poland\",\"isPartOf\":{\"@id\":\"https:\\\/\\\/www.amiblu.com\\\/pl\\\/#website\"},\"datePublished\":\"2023-03-21T09:27:59+00:00\",\"dateModified\":\"2026-03-12T11:59:38+00:00\",\"description\":\"Dzia\u0142 Obs\u0142ugi Klienta - Amiblu Poland\",\"inLanguage\":\"pl-PL\",\"potentialAction\":[{\"@type\":\"ReadAction\",\"target\":[\"https:\\\/\\\/www.amiblu.com\\\/pl\\\/dzial-obslugi-klienta\\\/\"]}]},{\"@type\":\"WebSite\",\"@id\":\"https:\\\/\\\/www.amiblu.com\\\/pl\\\/#website\",\"url\":\"https:\\\/\\\/www.amiblu.com\\\/pl\\\/\",\"name\":\"Amiblu\",\"description\":\"GFK-Rohrsysteme f\u00fcr Generationen\",\"publisher\":{\"@id\":\"https:\\\/\\\/www.amiblu.com\\\/pl\\\/#organization\"},\"potentialAction\":[{\"@type\":\"SearchAction\",\"target\":{\"@type\":\"EntryPoint\",\"urlTemplate\":\"https:\\\/\\\/www.amiblu.com\\\/pl\\\/?s={search_term_string}\"},\"query-input\":{\"@type\":\"PropertyValueSpecification\",\"valueRequired\":true,\"valueName\":\"search_term_string\"}}],\"inLanguage\":\"pl-PL\"},{\"@type\":\"Organization\",\"@id\":\"https:\\\/\\\/www.amiblu.com\\\/pl\\\/#organization\",\"name\":\"Amiblu Group\",\"url\":\"https:\\\/\\\/www.amiblu.com\\\/pl\\\/\",\"logo\":{\"@type\":\"ImageObject\",\"inLanguage\":\"pl-PL\",\"@id\":\"https:\\\/\\\/www.amiblu.com\\\/pl\\\/#\\\/schema\\\/logo\\\/image\\\/\",\"url\":\"https:\\\/\\\/www.amiblu.com\\\/wp-content\\\/uploads\\\/2021\\\/01\\\/Amiblu-logo-website-1.png\",\"contentUrl\":\"https:\\\/\\\/www.amiblu.com\\\/wp-content\\\/uploads\\\/2021\\\/01\\\/Amiblu-logo-website-1.png\",\"width\":201,\"height\":38,\"caption\":\"Amiblu Group\"},\"image\":{\"@id\":\"https:\\\/\\\/www.amiblu.com\\\/pl\\\/#\\\/schema\\\/logo\\\/image\\\/\"},\"sameAs\":[\"https:\\\/\\\/www.facebook.com\\\/amiblupipes\",\"https:\\\/\\\/www.youtube.com\\\/c\\\/Amiblu\",\"https:\\\/\\\/de.wikipedia.org\\\/wiki\\\/Amiblu\",\"https:\\\/\\\/www.linkedin.com\\\/company\\\/amiblupipes\\\/\"]}]}<\/script>\n<!-- \/ Yoast SEO Premium plugin. -->","yoast_head_json":{"title":"Dzia\u0142 Obs\u0142ugi Klienta - Amiblu Poland","description":"Dzia\u0142 Obs\u0142ugi Klienta - Amiblu Poland","robots":{"index":"index","follow":"follow","max-snippet":"max-snippet:-1","max-image-preview":"max-image-preview:large","max-video-preview":"max-video-preview:-1"},"canonical":"https:\/\/www.amiblu.com\/pl\/dzial-obslugi-klienta\/","og_locale":"pl_PL","og_type":"article","og_title":"Dzia\u0142 Obs\u0142ugi Klienta","og_description":"Dzia\u0142 Obs\u0142ugi Klienta - Amiblu Poland","og_url":"https:\/\/www.amiblu.com\/pl\/dzial-obslugi-klienta\/","og_site_name":"Amiblu","article_publisher":"https:\/\/www.facebook.com\/amiblupipes","article_modified_time":"2026-03-12T11:59:38+00:00","twitter_card":"summary_large_image","twitter_misc":{"Szacowany czas czytania":"1 minuta"},"schema":{"@context":"https:\/\/schema.org","@graph":[{"@type":"WebPage","@id":"https:\/\/www.amiblu.com\/pl\/dzial-obslugi-klienta\/","url":"https:\/\/www.amiblu.com\/pl\/dzial-obslugi-klienta\/","name":"Dzia\u0142 Obs\u0142ugi Klienta - Amiblu Poland","isPartOf":{"@id":"https:\/\/www.amiblu.com\/pl\/#website"},"datePublished":"2023-03-21T09:27:59+00:00","dateModified":"2026-03-12T11:59:38+00:00","description":"Dzia\u0142 Obs\u0142ugi Klienta - Amiblu Poland","inLanguage":"pl-PL","potentialAction":[{"@type":"ReadAction","target":["https:\/\/www.amiblu.com\/pl\/dzial-obslugi-klienta\/"]}]},{"@type":"WebSite","@id":"https:\/\/www.amiblu.com\/pl\/#website","url":"https:\/\/www.amiblu.com\/pl\/","name":"Amiblu","description":"GFK-Rohrsysteme f\u00fcr Generationen","publisher":{"@id":"https:\/\/www.amiblu.com\/pl\/#organization"},"potentialAction":[{"@type":"SearchAction","target":{"@type":"EntryPoint","urlTemplate":"https:\/\/www.amiblu.com\/pl\/?s={search_term_string}"},"query-input":{"@type":"PropertyValueSpecification","valueRequired":true,"valueName":"search_term_string"}}],"inLanguage":"pl-PL"},{"@type":"Organization","@id":"https:\/\/www.amiblu.com\/pl\/#organization","name":"Amiblu Group","url":"https:\/\/www.amiblu.com\/pl\/","logo":{"@type":"ImageObject","inLanguage":"pl-PL","@id":"https:\/\/www.amiblu.com\/pl\/#\/schema\/logo\/image\/","url":"https:\/\/www.amiblu.com\/wp-content\/uploads\/2021\/01\/Amiblu-logo-website-1.png","contentUrl":"https:\/\/www.amiblu.com\/wp-content\/uploads\/2021\/01\/Amiblu-logo-website-1.png","width":201,"height":38,"caption":"Amiblu Group"},"image":{"@id":"https:\/\/www.amiblu.com\/pl\/#\/schema\/logo\/image\/"},"sameAs":["https:\/\/www.facebook.com\/amiblupipes","https:\/\/www.youtube.com\/c\/Amiblu","https:\/\/de.wikipedia.org\/wiki\/Amiblu","https:\/\/www.linkedin.com\/company\/amiblupipes\/"]}]}},"_links":{"self":[{"href":"https:\/\/www.amiblu.com\/pl\/wp-json\/wp\/v2\/pages\/56171","targetHints":{"allow":["GET"]}}],"collection":[{"href":"https:\/\/www.amiblu.com\/pl\/wp-json\/wp\/v2\/pages"}],"about":[{"href":"https:\/\/www.amiblu.com\/pl\/wp-json\/wp\/v2\/types\/page"}],"author":[{"embeddable":true,"href":"https:\/\/www.amiblu.com\/pl\/wp-json\/wp\/v2\/users\/8"}],"replies":[{"embeddable":true,"href":"https:\/\/www.amiblu.com\/pl\/wp-json\/wp\/v2\/comments?post=56171"}],"version-history":[{"count":34,"href":"https:\/\/www.amiblu.com\/pl\/wp-json\/wp\/v2\/pages\/56171\/revisions"}],"predecessor-version":[{"id":78438,"href":"https:\/\/www.amiblu.com\/pl\/wp-json\/wp\/v2\/pages\/56171\/revisions\/78438"}],"wp:attachment":[{"href":"https:\/\/www.amiblu.com\/pl\/wp-json\/wp\/v2\/media?parent=56171"}],"curies":[{"name":"wp","href":"https:\/\/api.w.org\/{rel}","templated":true}]}}