{"id":56314,"date":"2023-03-21T10:38:09","date_gmt":"2023-03-21T09:38:09","guid":{"rendered":"https:\/\/www.amiblu.com\/?page_id=56314"},"modified":"2026-01-19T11:19:00","modified_gmt":"2026-01-19T10:19:00","slug":"administracja","status":"publish","type":"page","link":"https:\/\/www.amiblu.com\/pl\/administracja\/","title":{"rendered":"Administracja"},"content":{"rendered":"\n<style type=\"text\/css\" data-created_by=\"avia_inline_auto\" id=\"style-css-av-lfi21rrj-53dc2d7e6efb32479bae27ea79ff935a\">\n#top .av-special-heading.av-lfi21rrj-53dc2d7e6efb32479bae27ea79ff935a{\npadding-bottom:10px;\n}\nbody .av-special-heading.av-lfi21rrj-53dc2d7e6efb32479bae27ea79ff935a .av-special-heading-tag .heading-char{\nfont-size:25px;\n}\n.av-special-heading.av-lfi21rrj-53dc2d7e6efb32479bae27ea79ff935a .av-subheading{\nfont-size:15px;\n}\n<\/style>\n<div  class='av-special-heading av-lfi21rrj-53dc2d7e6efb32479bae27ea79ff935a av-special-heading-h1  avia-builder-el-0  el_before_av_hr  avia-builder-el-first '><h1 class='av-special-heading-tag '  itemprop=\"headline\"  >Administracja<\/h1><div class=\"special-heading-border\"><div class=\"special-heading-inner-border\"><\/div><\/div><\/div>\n\n<style type=\"text\/css\" data-created_by=\"avia_inline_auto\" id=\"style-css-av-lfi2b4bu-179f21ad53cf81b0e3cf54a4c3834cc4\">\n#top .hr.hr-invisible.av-lfi2b4bu-179f21ad53cf81b0e3cf54a4c3834cc4{\nheight:30px;\n}\n<\/style>\n<div  class='hr av-lfi2b4bu-179f21ad53cf81b0e3cf54a4c3834cc4 hr-invisible  avia-builder-el-1  el_after_av_heading  el_before_av_one_third '><span class='hr-inner '><span class=\"hr-inner-style\"><\/span><\/span><\/div>\n\n<style type=\"text\/css\" data-created_by=\"avia_inline_auto\" id=\"style-css-av-7ggwwif-e06dad119d42e0a60319cc24a5c855de\">\n.flex_column.av-7ggwwif-e06dad119d42e0a60319cc24a5c855de{\nborder-radius:0px 0px 0px 0px;\npadding:0px 0px 0px 0px;\n}\n<\/style>\n<div  class='flex_column av-7ggwwif-e06dad119d42e0a60319cc24a5c855de av_one_third  avia-builder-el-2  el_after_av_hr  el_before_av_hr  first flex_column_div av-zero-column-padding  '     ><section  class='av_textblock_section av-kyu0hd7c-ab8367850075133c162a5f141692e421 '   itemscope=\"itemscope\" itemtype=\"https:\/\/schema.org\/CreativeWork\" ><div class='avia_textblock'  itemprop=\"text\" ><div class=\"wpb_text_column wpb_content_element \">\n<div class=\"wpb_wrapper\">\n<p><strong>Dzia\u0142 Kadr i P\u0142ac<\/strong><br \/>\n<strong>D\u0105browa G\u00f3rnicza<\/strong><\/p>\n<p>tel. kom.: +48 693 911 180<\/p>\n<\/div>\n<\/div>\n<div class=\"wpb_text_column wpb_content_element \">\n<div class=\"wpb_wrapper\">\n<div class=\" col-md-4 plz3 plzinhalt\"><\/div>\n<\/div>\n<\/div>\n<\/div><\/section><\/div>\n\n<style type=\"text\/css\" data-created_by=\"avia_inline_auto\" id=\"style-css-av-1538nx6-76291ba48dad03da05d9d854247ca107\">\n#top .hr.hr-invisible.av-1538nx6-76291ba48dad03da05d9d854247ca107{\nheight:20px;\n}\n<\/style>\n<div  class='hr av-1538nx6-76291ba48dad03da05d9d854247ca107 hr-invisible  avia-builder-el-4  el_after_av_one_third  el_before_av_one_third '><span class='hr-inner '><span class=\"hr-inner-style\"><\/span><\/span><\/div>\n\n<style type=\"text\/css\" data-created_by=\"avia_inline_auto\" id=\"style-css-av-5tdvopj-4109718fa236f991ba68d70b17f45748\">\n.flex_column.av-5tdvopj-4109718fa236f991ba68d70b17f45748{\nborder-radius:0px 0px 0px 0px;\npadding:0px 0px 0px 0px;\n}\n<\/style>\n<div  class='flex_column av-5tdvopj-4109718fa236f991ba68d70b17f45748 av_one_third  avia-builder-el-5  el_after_av_hr  el_before_av_hr  first flex_column_div av-zero-column-padding  '     ><section  class='av_textblock_section av-kyu0gzuy-4d0540bc26429628deb40321868219b8 '   itemscope=\"itemscope\" itemtype=\"https:\/\/schema.org\/CreativeWork\" ><div class='avia_textblock'  itemprop=\"text\" ><div class=\"wpb_text_column wpb_content_element \">\n<div class=\"wpb_wrapper\">\n<p><strong>Dzia\u0142 Ksi\u0119gowo\u015bci<\/strong><br \/>\n<strong>D\u0105browa G\u00f3rnicza<\/strong><\/p>\n<p>tel. kom.: +48 783 292 052<\/p>\n<\/div>\n<\/div>\n<div class=\"wpb_text_column wpb_content_element \">\n<div class=\"wpb_wrapper\">\n<div class=\" col-md-4 plz3 plzinhalt\"><\/div>\n<\/div>\n<\/div>\n<\/div><\/section><\/div>\n\n<style type=\"text\/css\" data-created_by=\"avia_inline_auto\" id=\"style-css-av-lfi1xswl-c14b5f05b41abeb994b108f06a054043\">\n#top .hr.hr-invisible.av-lfi1xswl-c14b5f05b41abeb994b108f06a054043{\nheight:20px;\n}\n<\/style>\n<div  class='hr av-lfi1xswl-c14b5f05b41abeb994b108f06a054043 hr-invisible  avia-builder-el-7  el_after_av_one_third  el_before_av_one_third '><span class='hr-inner '><span class=\"hr-inner-style\"><\/span><\/span><\/div>\n\n<style type=\"text\/css\" data-created_by=\"avia_inline_auto\" id=\"style-css-av-4t8t4fr-7418089e5480cf7c0da5abefef17173a\">\n.flex_column.av-4t8t4fr-7418089e5480cf7c0da5abefef17173a{\nborder-radius:0px 0px 0px 0px;\npadding:0px 0px 0px 0px;\n}\n<\/style>\n<div  class='flex_column av-4t8t4fr-7418089e5480cf7c0da5abefef17173a av_one_third  avia-builder-el-8  el_after_av_hr  avia-builder-el-last  first flex_column_div av-zero-column-padding  '     ><section  class='av_textblock_section av-lf6qph4m-59f1fc90a8e678f2892c86562339b960 '   itemscope=\"itemscope\" itemtype=\"https:\/\/schema.org\/CreativeWork\" ><div class='avia_textblock'  itemprop=\"text\" ><div class=\"wpb_text_column wpb_content_element \">\n<div class=\"wpb_wrapper\">\n<p><strong>Dzia\u0142 HR<\/strong><br \/>\n<strong>D\u0105browa G\u00f3rnicza<\/strong><\/p>\n<p>tel. kom.: +48 607 688 873<br \/>\ntel. kom.: +48 607 771 256<\/p>\n<\/div>\n<\/div>\n<div class=\"wpb_text_column wpb_content_element \">\n<div class=\"wpb_wrapper\">\n<div class=\" col-md-4 plz3 plzinhalt\"><\/div>\n<\/div>\n<\/div>\n<\/div><\/section><\/div>\n","protected":false},"excerpt":{"rendered":"","protected":false},"author":8,"featured_media":0,"parent":0,"menu_order":8,"comment_status":"closed","ping_status":"closed","template":"","meta":{"_acf_changed":false,"footnotes":""},"class_list":["post-56314","page","type-page","status-publish","hentry"],"acf":[],"yoast_head":"<!-- This site is optimized with the Yoast SEO Premium plugin v27.3 (Yoast SEO v27.4) - https:\/\/yoast.com\/product\/yoast-seo-premium-wordpress\/ -->\n<title>Administracja - Amiblu Poland<\/title>\n<meta name=\"description\" content=\"Administracja Amiblu Poland\" \/>\n<meta name=\"robots\" content=\"index, follow, max-snippet:-1, max-image-preview:large, max-video-preview:-1\" \/>\n<link rel=\"canonical\" href=\"https:\/\/www.amiblu.com\/pl\/administracja\/\" \/>\n<meta property=\"og:locale\" content=\"pl_PL\" \/>\n<meta property=\"og:type\" content=\"article\" \/>\n<meta property=\"og:title\" content=\"Administracja\" \/>\n<meta property=\"og:description\" content=\"Administracja Amiblu Poland\" \/>\n<meta property=\"og:url\" content=\"https:\/\/www.amiblu.com\/pl\/administracja\/\" \/>\n<meta property=\"og:site_name\" content=\"Amiblu\" \/>\n<meta property=\"article:publisher\" content=\"https:\/\/www.facebook.com\/amiblupipes\" \/>\n<meta property=\"article:modified_time\" content=\"2026-01-19T10:19:00+00:00\" \/>\n<meta name=\"twitter:card\" content=\"summary_large_image\" \/>\n<meta name=\"twitter:label1\" content=\"Szacowany czas czytania\" \/>\n\t<meta name=\"twitter:data1\" content=\"1 minuta\" \/>\n<script type=\"application\/ld+json\" class=\"yoast-schema-graph\">{\"@context\":\"https:\\\/\\\/schema.org\",\"@graph\":[{\"@type\":\"WebPage\",\"@id\":\"https:\\\/\\\/www.amiblu.com\\\/pl\\\/administracja\\\/\",\"url\":\"https:\\\/\\\/www.amiblu.com\\\/pl\\\/administracja\\\/\",\"name\":\"Administracja - Amiblu Poland\",\"isPartOf\":{\"@id\":\"https:\\\/\\\/www.amiblu.com\\\/pl\\\/#website\"},\"datePublished\":\"2023-03-21T09:38:09+00:00\",\"dateModified\":\"2026-01-19T10:19:00+00:00\",\"description\":\"Administracja Amiblu Poland\",\"inLanguage\":\"pl-PL\",\"potentialAction\":[{\"@type\":\"ReadAction\",\"target\":[\"https:\\\/\\\/www.amiblu.com\\\/pl\\\/administracja\\\/\"]}]},{\"@type\":\"WebSite\",\"@id\":\"https:\\\/\\\/www.amiblu.com\\\/pl\\\/#website\",\"url\":\"https:\\\/\\\/www.amiblu.com\\\/pl\\\/\",\"name\":\"Amiblu\",\"description\":\"GFK-Rohrsysteme f\u00fcr Generationen\",\"publisher\":{\"@id\":\"https:\\\/\\\/www.amiblu.com\\\/pl\\\/#organization\"},\"potentialAction\":[{\"@type\":\"SearchAction\",\"target\":{\"@type\":\"EntryPoint\",\"urlTemplate\":\"https:\\\/\\\/www.amiblu.com\\\/pl\\\/?s={search_term_string}\"},\"query-input\":{\"@type\":\"PropertyValueSpecification\",\"valueRequired\":true,\"valueName\":\"search_term_string\"}}],\"inLanguage\":\"pl-PL\"},{\"@type\":\"Organization\",\"@id\":\"https:\\\/\\\/www.amiblu.com\\\/pl\\\/#organization\",\"name\":\"Amiblu Group\",\"url\":\"https:\\\/\\\/www.amiblu.com\\\/pl\\\/\",\"logo\":{\"@type\":\"ImageObject\",\"inLanguage\":\"pl-PL\",\"@id\":\"https:\\\/\\\/www.amiblu.com\\\/pl\\\/#\\\/schema\\\/logo\\\/image\\\/\",\"url\":\"https:\\\/\\\/www.amiblu.com\\\/wp-content\\\/uploads\\\/2021\\\/01\\\/Amiblu-logo-website-1.png\",\"contentUrl\":\"https:\\\/\\\/www.amiblu.com\\\/wp-content\\\/uploads\\\/2021\\\/01\\\/Amiblu-logo-website-1.png\",\"width\":201,\"height\":38,\"caption\":\"Amiblu Group\"},\"image\":{\"@id\":\"https:\\\/\\\/www.amiblu.com\\\/pl\\\/#\\\/schema\\\/logo\\\/image\\\/\"},\"sameAs\":[\"https:\\\/\\\/www.facebook.com\\\/amiblupipes\",\"https:\\\/\\\/www.youtube.com\\\/c\\\/Amiblu\",\"https:\\\/\\\/de.wikipedia.org\\\/wiki\\\/Amiblu\",\"https:\\\/\\\/www.linkedin.com\\\/company\\\/amiblupipes\\\/\"]}]}<\/script>\n<!-- \/ Yoast SEO Premium plugin. -->","yoast_head_json":{"title":"Administracja - Amiblu Poland","description":"Administracja Amiblu Poland","robots":{"index":"index","follow":"follow","max-snippet":"max-snippet:-1","max-image-preview":"max-image-preview:large","max-video-preview":"max-video-preview:-1"},"canonical":"https:\/\/www.amiblu.com\/pl\/administracja\/","og_locale":"pl_PL","og_type":"article","og_title":"Administracja","og_description":"Administracja Amiblu Poland","og_url":"https:\/\/www.amiblu.com\/pl\/administracja\/","og_site_name":"Amiblu","article_publisher":"https:\/\/www.facebook.com\/amiblupipes","article_modified_time":"2026-01-19T10:19:00+00:00","twitter_card":"summary_large_image","twitter_misc":{"Szacowany czas czytania":"1 minuta"},"schema":{"@context":"https:\/\/schema.org","@graph":[{"@type":"WebPage","@id":"https:\/\/www.amiblu.com\/pl\/administracja\/","url":"https:\/\/www.amiblu.com\/pl\/administracja\/","name":"Administracja - Amiblu Poland","isPartOf":{"@id":"https:\/\/www.amiblu.com\/pl\/#website"},"datePublished":"2023-03-21T09:38:09+00:00","dateModified":"2026-01-19T10:19:00+00:00","description":"Administracja Amiblu Poland","inLanguage":"pl-PL","potentialAction":[{"@type":"ReadAction","target":["https:\/\/www.amiblu.com\/pl\/administracja\/"]}]},{"@type":"WebSite","@id":"https:\/\/www.amiblu.com\/pl\/#website","url":"https:\/\/www.amiblu.com\/pl\/","name":"Amiblu","description":"GFK-Rohrsysteme f\u00fcr Generationen","publisher":{"@id":"https:\/\/www.amiblu.com\/pl\/#organization"},"potentialAction":[{"@type":"SearchAction","target":{"@type":"EntryPoint","urlTemplate":"https:\/\/www.amiblu.com\/pl\/?s={search_term_string}"},"query-input":{"@type":"PropertyValueSpecification","valueRequired":true,"valueName":"search_term_string"}}],"inLanguage":"pl-PL"},{"@type":"Organization","@id":"https:\/\/www.amiblu.com\/pl\/#organization","name":"Amiblu Group","url":"https:\/\/www.amiblu.com\/pl\/","logo":{"@type":"ImageObject","inLanguage":"pl-PL","@id":"https:\/\/www.amiblu.com\/pl\/#\/schema\/logo\/image\/","url":"https:\/\/www.amiblu.com\/wp-content\/uploads\/2021\/01\/Amiblu-logo-website-1.png","contentUrl":"https:\/\/www.amiblu.com\/wp-content\/uploads\/2021\/01\/Amiblu-logo-website-1.png","width":201,"height":38,"caption":"Amiblu Group"},"image":{"@id":"https:\/\/www.amiblu.com\/pl\/#\/schema\/logo\/image\/"},"sameAs":["https:\/\/www.facebook.com\/amiblupipes","https:\/\/www.youtube.com\/c\/Amiblu","https:\/\/de.wikipedia.org\/wiki\/Amiblu","https:\/\/www.linkedin.com\/company\/amiblupipes\/"]}]}},"_links":{"self":[{"href":"https:\/\/www.amiblu.com\/pl\/wp-json\/wp\/v2\/pages\/56314","targetHints":{"allow":["GET"]}}],"collection":[{"href":"https:\/\/www.amiblu.com\/pl\/wp-json\/wp\/v2\/pages"}],"about":[{"href":"https:\/\/www.amiblu.com\/pl\/wp-json\/wp\/v2\/types\/page"}],"author":[{"embeddable":true,"href":"https:\/\/www.amiblu.com\/pl\/wp-json\/wp\/v2\/users\/8"}],"replies":[{"embeddable":true,"href":"https:\/\/www.amiblu.com\/pl\/wp-json\/wp\/v2\/comments?post=56314"}],"version-history":[{"count":16,"href":"https:\/\/www.amiblu.com\/pl\/wp-json\/wp\/v2\/pages\/56314\/revisions"}],"predecessor-version":[{"id":76851,"href":"https:\/\/www.amiblu.com\/pl\/wp-json\/wp\/v2\/pages\/56314\/revisions\/76851"}],"wp:attachment":[{"href":"https:\/\/www.amiblu.com\/pl\/wp-json\/wp\/v2\/media?parent=56314"}],"curies":[{"name":"wp","href":"https:\/\/api.w.org\/{rel}","templated":true}]}}