{"id":60010,"date":"2023-10-02T10:44:47","date_gmt":"2023-10-02T08:44:47","guid":{"rendered":"https:\/\/www.amiblu.com\/?page_id=60010"},"modified":"2023-10-05T08:02:08","modified_gmt":"2023-10-05T06:02:08","slug":"firma","status":"publish","type":"page","link":"https:\/\/www.amiblu.com\/pl\/firma\/","title":{"rendered":"Firma"},"content":{"rendered":"\n<style type=\"text\/css\" data-created_by=\"avia_inline_auto\" id=\"style-css-av-3adnxai-189bb5f71dfca6d95404b3f99523af83\">\n.avia-section.av-3adnxai-189bb5f71dfca6d95404b3f99523af83{\nbackground-repeat:no-repeat;\nbackground-image:url(https:\/\/www.amiblu.com\/wp-content\/uploads\/hand-catches-water-stream-outside.webp);\nbackground-position:50% 50%;\nbackground-attachment:scroll;\n}\n.avia-section.av-3adnxai-189bb5f71dfca6d95404b3f99523af83 .av-section-color-overlay{\nopacity:0.3;\nbackground-color:#0a0a0a;\n}\n<\/style>\n<div id='av_section_1'  class='avia-section av-3adnxai-189bb5f71dfca6d95404b3f99523af83 main_color avia-section-default avia-no-border-styling  avia-builder-el-0  el_before_av_section  avia-builder-el-first  amiblu-content amiblu-page-hero avia-bg-style-scroll av-section-color-overlay-active container_wrap fullsize'  data-section-bg-repeat='no-repeat'><div class=\"av-section-color-overlay-wrap\"><div class=\"av-section-color-overlay\"><\/div><div class='container av-section-cont-open' ><main  role=\"main\" itemprop=\"mainContentOfPage\"  class='template-page content  av-content-full alpha units'><div class='post-entry post-entry-type-page post-entry-60010'><div class='entry-content-wrapper clearfix'>\n\n<style type=\"text\/css\" data-created_by=\"avia_inline_auto\" id=\"style-css-av-2t6h45m-d7a480239eae7132a1ba1ca14367df68\">\n.flex_column.av-2t6h45m-d7a480239eae7132a1ba1ca14367df68{\nborder-radius:0px 0px 0px 0px;\npadding:0 0 0 0;\n}\n<\/style>\n<div  class='flex_column av-2t6h45m-d7a480239eae7132a1ba1ca14367df68 av_three_fourth  avia-builder-el-1  avia-builder-el-no-sibling  white-content first flex_column_div av-zero-column-padding  '     ><section  class='av_textblock_section av-ln8mx17s-95f6312057c8e8fe94b7700cabf54b21 '   itemscope=\"itemscope\" itemtype=\"https:\/\/schema.org\/CreativeWork\" ><div class='avia_textblock'  itemprop=\"text\" ><h1>Szanujmy wod\u0119 tak, jak na to zas\u0142uguje<\/h1>\n<\/div><\/section><br \/>\n\n<style type=\"text\/css\" data-created_by=\"avia_inline_auto\" id=\"style-css-av-ln8mxegp-82e7b0d7707cf542e518e7e9dd419ecd\">\n#top .av_textblock_section.av-ln8mxegp-82e7b0d7707cf542e518e7e9dd419ecd .avia_textblock{\nfont-size:20px;\n}\n<\/style>\n<section  class='av_textblock_section av-ln8mxegp-82e7b0d7707cf542e518e7e9dd419ecd '   itemscope=\"itemscope\" itemtype=\"https:\/\/schema.org\/CreativeWork\" ><div class='avia_textblock sub-heading'  itemprop=\"text\" ><p>Ze \u015bwiatowej klasy rurami i kszta\u0142tkam GRP zaprojektowanymi dla nast\u0119pnych pokole\u0144.<\/p>\n<\/div><\/section><\/p><\/div>\n\n<\/div><\/div><\/main><!-- close content main element --><\/div><\/div><\/div><div id='av_section_2'  class='avia-section av-2r04gy2-fa04c7a292246dfe70ab3b3bcc89e7c2 main_color avia-section-default avia-no-border-styling  avia-builder-el-4  el_after_av_section  el_before_av_section  amiblu-bw-pr amiblu-jk-pp avia-bg-style-scroll container_wrap fullsize'  ><div class='container av-section-cont-open' ><div class='template-page content  av-content-full alpha units'><div class='post-entry post-entry-type-page post-entry-60010'><div class='entry-content-wrapper clearfix'>\n\n<style type=\"text\/css\" data-created_by=\"avia_inline_auto\" id=\"style-css-av-23t410q-30f81d6d052986e36a7d381c57780e0b\">\n.flex_column.av-23t410q-30f81d6d052986e36a7d381c57780e0b{\nborder-radius:0px 0px 0px 0px;\npadding:0px 0px 0px 0px;\n}\n<\/style>\n<div  class='flex_column av-23t410q-30f81d6d052986e36a7d381c57780e0b av_two_third  avia-builder-el-5  avia-builder-el-no-sibling  first flex_column_div av-zero-column-padding  '     ><style type=\"text\/css\" data-created_by=\"avia_inline_auto\" id=\"style-css-av-ln8mz8tb-4313677e63415a9a7d7cd37d9c7619d4\">\n#top .av_textblock_section.av-ln8mz8tb-4313677e63415a9a7d7cd37d9c7619d4 .avia_textblock{\nfont-size:20px;\n}\n\n@media only screen and (min-width: 480px) and (max-width: 767px){ \n#top .av_textblock_section.av-ln8mz8tb-4313677e63415a9a7d7cd37d9c7619d4 .avia_textblock{\nfont-size:18px;\n}\n}\n\n@media only screen and (max-width: 479px){ \n#top .av_textblock_section.av-ln8mz8tb-4313677e63415a9a7d7cd37d9c7619d4 .avia_textblock{\nfont-size:16px;\n}\n}\n<\/style>\n<section  class='av_textblock_section av-ln8mz8tb-4313677e63415a9a7d7cd37d9c7619d4 '   itemscope=\"itemscope\" itemtype=\"https:\/\/schema.org\/CreativeWork\" ><div class='avia_textblock'  itemprop=\"text\" ><p>W Amiblu chcemy <strong>rozwi\u0105zywa\u0107 \u015bwiatowe wyzwania zwi\u0105zane z wod\u0105 i energi\u0105<\/strong> w spos\u00f3b perspektywiczny i przyjazny dla \u015brodowiska. <strong>Projektujemy \u015bwiatowej klasy rury i kszta\u0142tki GRP o wyj\u0105tkowo d\u0142ugiej \u017cywotno\u015bci<\/strong>, wykorzystywane w sieciach <a href=\"https:\/\/www.amiblu.com\/pl\/kanalizacja\/\">wodno-kanalizacyjnych<\/a>, <a href=\"https:\/\/www.amiblu.com\/pl\/cso-i-amiscreen\/\">retencji wody deszczowej<\/a>, <a href=\"https:\/\/www.amiblu.com\/pl\/woda-pitna\/\">rozwi\u0105zaniach dla wody pitnej<\/a>, <a href=\"https:\/\/www.amiblu.com\/pl\/irygacja\/\">nawadniania<\/a>, <a href=\"https:\/\/www.amiblu.com\/pl\/elektrownie-wodne\/\">energii wodnej<\/a> i <a href=\"https:\/\/www.amiblu.com\/pl\/przemysl\/\">zastosowa\u0144 przemys\u0142owych<\/a>.<\/p>\n<p>Nasz\u0105 misj\u0105 jest maksymalne zwr\u00f3cenie uwagi na warto\u015b\u0107 wody. Realizacja tego wymaga otwartych umys\u0142\u00f3w, ducha pracy zespo\u0142owej i pasji do ulepszania rzeczy.<\/p>\n<p>Gdzie mo\u017cna nas znale\u017a\u0107? Jak mo\u017cesz sta\u0107 si\u0119 cz\u0119\u015bci\u0105 Amiblu? Dowiedz si\u0119 wi\u0119cej w poni\u017cszych sekcjach.<\/p>\n<\/div><\/section><\/div>\n\n<\/div><\/div><\/div><!-- close content main div --><\/div><\/div>\n<style type=\"text\/css\" data-created_by=\"avia_inline_auto\" id=\"style-css-av-ln8n762z-3b0c55552f0c1192a97f99703a0b3383\">\n.avia-section.av-ln8n762z-3b0c55552f0c1192a97f99703a0b3383{\nbackground-color:#f2f4f8;\nbackground-image:unset;\n}\n<\/style>\n<div id='av_section_3'  class='avia-section av-ln8n762z-3b0c55552f0c1192a97f99703a0b3383 main_color avia-section-default avia-no-border-styling  avia-builder-el-7  el_after_av_section  avia-builder-el-last  amiblu-bn-rl minheight100 avia-bg-style-scroll container_wrap fullsize'  ><div class='container av-section-cont-open' ><div class='template-page content  av-content-full alpha units'><div class='post-entry post-entry-type-page post-entry-60010'><div class='entry-content-wrapper clearfix'>\n<div class='flex_column_table av-1t9k6ve-316504ab902a1cc4dfa61bde57e37454 sc-av_one_third av-equal-height-column-flextable'>\n<style type=\"text\/css\" data-created_by=\"avia_inline_auto\" id=\"style-css-av-1t9k6ve-316504ab902a1cc4dfa61bde57e37454\">\n.flex_column.av-1t9k6ve-316504ab902a1cc4dfa61bde57e37454{\nwidth:32%;\nmargin-left:0;\n}\n#top .flex_column_table.av-equal-height-column-flextable.av-1t9k6ve-316504ab902a1cc4dfa61bde57e37454 .av-flex-placeholder{\nwidth:2%;\n}\n<\/style>\n<div  class='flex_column av-1t9k6ve-316504ab902a1cc4dfa61bde57e37454 av_one_third  avia-builder-el-8  el_before_av_one_third  avia-builder-el-first  first flex_column_table_cell av-equal-height-column av-align-top  '     ><p>\n<style type=\"text\/css\" data-created_by=\"avia_inline_auto\" id=\"style-css-av-ln8n5mrt-ad28430030699f6bc96ae5e876e3c868\">\n.avia-image-container.av-ln8n5mrt-ad28430030699f6bc96ae5e876e3c868 img.avia_image{\nbox-shadow:none;\n}\n.avia-image-container.av-ln8n5mrt-ad28430030699f6bc96ae5e876e3c868 .av-image-caption-overlay-center{\ncolor:#ffffff;\n}\n<\/style>\n<div  class='avia-image-container av-ln8n5mrt-ad28430030699f6bc96ae5e876e3c868 av-styling- av-img-linked avia-align-center  avia-builder-el-9  el_before_av_textblock  avia-builder-el-first '   itemprop=\"image\" itemscope=\"itemscope\" itemtype=\"https:\/\/schema.org\/ImageObject\" ><div class=\"avia-image-container-inner\"><div class=\"avia-image-overlay-wrap\"><a href=\"https:\/\/www.amiblu.com\/pl\/o-nas\/\" class='avia_image '  aria-label='People-laughing-kidding-Amiblu-NC-Line-profiles-thumbnail'><img fetchpriority=\"high\" decoding=\"async\" fetchpriority=\"high\" fetchpriority=\"high\" class='wp-image-58389 avia-img-lazy-loading-not-58389 avia_image ' src=\"https:\/\/www.amiblu.com\/wp-content\/uploads\/People-laughing-kidding-Amiblu-NC-Line-profiles-thumbnail.jpg\" alt='people laughing and kidding inside Amiblu NC Line pipes' title='People-laughing-kidding-Amiblu-NC-Line-profiles-thumbnail'  height=\"500\" width=\"500\"  itemprop=\"thumbnailUrl\" srcset=\"https:\/\/www.amiblu.com\/wp-content\/uploads\/People-laughing-kidding-Amiblu-NC-Line-profiles-thumbnail.jpg 500w, https:\/\/www.amiblu.com\/wp-content\/uploads\/People-laughing-kidding-Amiblu-NC-Line-profiles-thumbnail-300x300.jpg 300w, https:\/\/www.amiblu.com\/wp-content\/uploads\/People-laughing-kidding-Amiblu-NC-Line-profiles-thumbnail-80x80.jpg 80w, https:\/\/www.amiblu.com\/wp-content\/uploads\/People-laughing-kidding-Amiblu-NC-Line-profiles-thumbnail-36x36.jpg 36w, https:\/\/www.amiblu.com\/wp-content\/uploads\/People-laughing-kidding-Amiblu-NC-Line-profiles-thumbnail-180x180.jpg 180w\" sizes=\"(max-width: 500px) 100vw, 500px\" \/><\/a><\/div><\/div><\/div><br \/>\n<section  class='av_textblock_section av-ln8n4wcn-f3c755bfa6dce71707a67250952d9ab7 '   itemscope=\"itemscope\" itemtype=\"https:\/\/schema.org\/CreativeWork\" ><div class='avia_textblock'  itemprop=\"text\" ><p style=\"margin-top: 15px;\">\n<h2><strong>O Amiblu<\/strong><\/h2>\n<\/div><\/section><\/p><\/div><div class='av-flex-placeholder'><\/div>\n<style type=\"text\/css\" data-created_by=\"avia_inline_auto\" id=\"style-css-av-zga2ne-3577b49cc87bfcb3a89634d8bc803b6a\">\n.flex_column.av-zga2ne-3577b49cc87bfcb3a89634d8bc803b6a{\nwidth:32%;\nmargin-left:0;\n}\n#top .flex_column_table.av-equal-height-column-flextable.av-zga2ne-3577b49cc87bfcb3a89634d8bc803b6a .av-flex-placeholder{\nwidth:2%;\n}\n<\/style>\n<div  class='flex_column av-zga2ne-3577b49cc87bfcb3a89634d8bc803b6a av_one_third  avia-builder-el-11  el_after_av_one_third  el_before_av_one_third  flex_column_table_cell av-equal-height-column av-align-top  '     ><p>\n<style type=\"text\/css\" data-created_by=\"avia_inline_auto\" id=\"style-css-av-ln8n6g30-a33d5b8460fd4ba8479d19e40ca8f703\">\n.avia-image-container.av-ln8n6g30-a33d5b8460fd4ba8479d19e40ca8f703 img.avia_image{\nbox-shadow:none;\n}\n.avia-image-container.av-ln8n6g30-a33d5b8460fd4ba8479d19e40ca8f703 .av-image-caption-overlay-center{\ncolor:#ffffff;\n}\n<\/style>\n<div  class='avia-image-container av-ln8n6g30-a33d5b8460fd4ba8479d19e40ca8f703 av-styling- av-img-linked avia-align-center  avia-builder-el-12  el_before_av_textblock  avia-builder-el-first '   itemprop=\"image\" itemscope=\"itemscope\" itemtype=\"https:\/\/schema.org\/ImageObject\" ><div class=\"avia-image-container-inner\"><div class=\"avia-image-overlay-wrap\"><a href=\"https:\/\/www.amiblu.com\/pl\/kariera\/\" class='avia_image '  aria-label='Amiblu-Poland-blue-collar-workers'><img fetchpriority=\"high\" decoding=\"async\" fetchpriority=\"high\" fetchpriority=\"high\" class='wp-image-58009 avia-img-lazy-loading-not-58009 avia_image ' src=\"https:\/\/www.amiblu.com\/wp-content\/uploads\/Amiblu-Poland-blue-collar-workers.jpg\" alt='blue-collar workers sitting inside GRP pipes at Amiblu factory in Poland' title='Amiblu-Poland-blue-collar-workers'  height=\"500\" width=\"500\"  itemprop=\"thumbnailUrl\" srcset=\"https:\/\/www.amiblu.com\/wp-content\/uploads\/Amiblu-Poland-blue-collar-workers.jpg 500w, https:\/\/www.amiblu.com\/wp-content\/uploads\/Amiblu-Poland-blue-collar-workers-300x300.jpg 300w, https:\/\/www.amiblu.com\/wp-content\/uploads\/Amiblu-Poland-blue-collar-workers-80x80.jpg 80w, https:\/\/www.amiblu.com\/wp-content\/uploads\/Amiblu-Poland-blue-collar-workers-36x36.jpg 36w, https:\/\/www.amiblu.com\/wp-content\/uploads\/Amiblu-Poland-blue-collar-workers-180x180.jpg 180w\" sizes=\"(max-width: 500px) 100vw, 500px\" \/><\/a><\/div><\/div><\/div><br \/>\n<section  class='av_textblock_section av-ln8n5tt4-bc342f3b237e06f2dd6436aa791de4f3 '   itemscope=\"itemscope\" itemtype=\"https:\/\/schema.org\/CreativeWork\" ><div class='avia_textblock'  itemprop=\"text\" ><p style=\"margin-top: 15px;\">\n<h2><strong>Praca i kariera<\/strong><\/h2>\n<\/div><\/section><\/p><\/div><div class='av-flex-placeholder'><\/div>\n<style type=\"text\/css\" data-created_by=\"avia_inline_auto\" id=\"style-css-av-p6966i-da01de84c2fa7bc1e38e156cfdc9503a\">\n.flex_column.av-p6966i-da01de84c2fa7bc1e38e156cfdc9503a{\nwidth:32%;\nmargin-left:0;\n}\n#top .flex_column_table.av-equal-height-column-flextable.av-p6966i-da01de84c2fa7bc1e38e156cfdc9503a .av-flex-placeholder{\nwidth:2%;\n}\n<\/style>\n<div  class='flex_column av-p6966i-da01de84c2fa7bc1e38e156cfdc9503a av_one_third  avia-builder-el-14  el_after_av_one_third  avia-builder-el-last  flex_column_table_cell av-equal-height-column av-align-top  '     ><p>\n<style type=\"text\/css\" data-created_by=\"avia_inline_auto\" id=\"style-css-av-ln8n6wp5-e0c3aa7e811bbb192e44f1fd8c6808af\">\n.avia-image-container.av-ln8n6wp5-e0c3aa7e811bbb192e44f1fd8c6808af img.avia_image{\nbox-shadow:none;\n}\n.avia-image-container.av-ln8n6wp5-e0c3aa7e811bbb192e44f1fd8c6808af .av-image-caption-overlay-center{\ncolor:#ffffff;\n}\n<\/style>\n<div  class='avia-image-container av-ln8n6wp5-e0c3aa7e811bbb192e44f1fd8c6808af av-styling- av-img-linked avia-align-center  avia-builder-el-15  el_before_av_textblock  avia-builder-el-first '   itemprop=\"image\" itemscope=\"itemscope\" itemtype=\"https:\/\/schema.org\/ImageObject\" ><div class=\"avia-image-container-inner\"><div class=\"avia-image-overlay-wrap\"><a href=\"https:\/\/www.amiblu.com\/pl\/kontakt\/\" class='avia_image '  aria-label='Amiblu-Production-facility-Germany'><img fetchpriority=\"high\" decoding=\"async\" fetchpriority=\"high\" fetchpriority=\"high\" class='wp-image-60046 avia-img-lazy-loading-not-60046 avia_image ' src=\"https:\/\/www.amiblu.com\/wp-content\/uploads\/Amiblu-Production-facility-Germany.jpg\" alt='Amiblu production facility Trollenhagen, Germany' title='Amiblu-Production-facility-Germany'  height=\"500\" width=\"500\"  itemprop=\"thumbnailUrl\" srcset=\"https:\/\/www.amiblu.com\/wp-content\/uploads\/Amiblu-Production-facility-Germany.jpg 500w, https:\/\/www.amiblu.com\/wp-content\/uploads\/Amiblu-Production-facility-Germany-300x300.jpg 300w, https:\/\/www.amiblu.com\/wp-content\/uploads\/Amiblu-Production-facility-Germany-80x80.jpg 80w, https:\/\/www.amiblu.com\/wp-content\/uploads\/Amiblu-Production-facility-Germany-36x36.jpg 36w, https:\/\/www.amiblu.com\/wp-content\/uploads\/Amiblu-Production-facility-Germany-180x180.jpg 180w\" sizes=\"(max-width: 500px) 100vw, 500px\" \/><\/a><\/div><\/div><\/div><br \/>\n<section  class='av_textblock_section av-ln8n6nov-42fcafa2194cf6fe56fee80b3c13658d '   itemscope=\"itemscope\" itemtype=\"https:\/\/schema.org\/CreativeWork\" ><div class='avia_textblock'  itemprop=\"text\" ><p style=\"margin-top: 15px;\">\n<h2><strong>Lokalizacje<\/strong><\/h2>\n<\/div><\/section><\/p><\/div><\/div><!--close column table wrapper. Autoclose: 1 -->\n","protected":false},"excerpt":{"rendered":"","protected":false},"author":8,"featured_media":59422,"parent":0,"menu_order":135,"comment_status":"closed","ping_status":"closed","template":"","meta":{"_acf_changed":false,"footnotes":""},"class_list":["post-60010","page","type-page","status-publish","has-post-thumbnail","hentry"],"acf":[],"yoast_head":"<!-- This site is optimized with the Yoast SEO Premium plugin v27.3 (Yoast SEO v27.4) - https:\/\/yoast.com\/product\/yoast-seo-premium-wordpress\/ -->\n<title>Firma - Amiblu<\/title>\n<meta name=\"description\" content=\"Szanujmy wod\u0119 tak, jak na to zas\u0142uguje. Ze \u015bwiatowej klasy rurami i kszta\u0142tkam GRP zaprojektowanymi dla nast\u0119pnych pokole\u0144.\" \/>\n<meta name=\"robots\" content=\"index, follow, max-snippet:-1, max-image-preview:large, max-video-preview:-1\" \/>\n<link rel=\"canonical\" href=\"https:\/\/www.amiblu.com\/pl\/firma\/\" \/>\n<meta property=\"og:locale\" content=\"pl_PL\" \/>\n<meta property=\"og:type\" content=\"article\" \/>\n<meta property=\"og:title\" content=\"Firma\" \/>\n<meta property=\"og:description\" content=\"Szanujmy wod\u0119 tak, jak na to zas\u0142uguje. Ze \u015bwiatowej klasy rurami i kszta\u0142tkam GRP zaprojektowanymi dla nast\u0119pnych pokole\u0144.\" \/>\n<meta property=\"og:url\" content=\"https:\/\/www.amiblu.com\/pl\/firma\/\" \/>\n<meta property=\"og:site_name\" content=\"Amiblu\" \/>\n<meta property=\"article:publisher\" content=\"https:\/\/www.facebook.com\/amiblupipes\" \/>\n<meta property=\"article:modified_time\" content=\"2023-10-05T06:02:08+00:00\" \/>\n<meta property=\"og:image\" content=\"https:\/\/www.amiblu.com\/wp-content\/uploads\/Amiblu-Avatar-cyan.png\" \/>\n\t<meta property=\"og:image:width\" content=\"949\" \/>\n\t<meta property=\"og:image:height\" content=\"844\" \/>\n\t<meta property=\"og:image:type\" content=\"image\/png\" \/>\n<meta name=\"twitter:card\" content=\"summary_large_image\" \/>\n<meta name=\"twitter:label1\" content=\"Szacowany czas czytania\" \/>\n\t<meta name=\"twitter:data1\" content=\"4 minuty\" \/>\n<script type=\"application\/ld+json\" class=\"yoast-schema-graph\">{\"@context\":\"https:\\\/\\\/schema.org\",\"@graph\":[{\"@type\":\"WebPage\",\"@id\":\"https:\\\/\\\/www.amiblu.com\\\/pl\\\/firma\\\/\",\"url\":\"https:\\\/\\\/www.amiblu.com\\\/pl\\\/firma\\\/\",\"name\":\"Firma - Amiblu\",\"isPartOf\":{\"@id\":\"https:\\\/\\\/www.amiblu.com\\\/pl\\\/#website\"},\"primaryImageOfPage\":{\"@id\":\"https:\\\/\\\/www.amiblu.com\\\/pl\\\/firma\\\/#primaryimage\"},\"image\":{\"@id\":\"https:\\\/\\\/www.amiblu.com\\\/pl\\\/firma\\\/#primaryimage\"},\"thumbnailUrl\":\"https:\\\/\\\/www.amiblu.com\\\/wp-content\\\/uploads\\\/Amiblu-Avatar-cyan.png\",\"datePublished\":\"2023-10-02T08:44:47+00:00\",\"dateModified\":\"2023-10-05T06:02:08+00:00\",\"description\":\"Szanujmy wod\u0119 tak, jak na to zas\u0142uguje. Ze \u015bwiatowej klasy rurami i kszta\u0142tkam GRP zaprojektowanymi dla nast\u0119pnych pokole\u0144.\",\"inLanguage\":\"pl-PL\",\"potentialAction\":[{\"@type\":\"ReadAction\",\"target\":[\"https:\\\/\\\/www.amiblu.com\\\/pl\\\/firma\\\/\"]}]},{\"@type\":\"ImageObject\",\"inLanguage\":\"pl-PL\",\"@id\":\"https:\\\/\\\/www.amiblu.com\\\/pl\\\/firma\\\/#primaryimage\",\"url\":\"https:\\\/\\\/www.amiblu.com\\\/wp-content\\\/uploads\\\/Amiblu-Avatar-cyan.png\",\"contentUrl\":\"https:\\\/\\\/www.amiblu.com\\\/wp-content\\\/uploads\\\/Amiblu-Avatar-cyan.png\",\"width\":949,\"height\":844,\"caption\":\"Amiblu Avatar cyan\"},{\"@type\":\"WebSite\",\"@id\":\"https:\\\/\\\/www.amiblu.com\\\/pl\\\/#website\",\"url\":\"https:\\\/\\\/www.amiblu.com\\\/pl\\\/\",\"name\":\"Amiblu\",\"description\":\"GFK-Rohrsysteme f\u00fcr Generationen\",\"publisher\":{\"@id\":\"https:\\\/\\\/www.amiblu.com\\\/pl\\\/#organization\"},\"potentialAction\":[{\"@type\":\"SearchAction\",\"target\":{\"@type\":\"EntryPoint\",\"urlTemplate\":\"https:\\\/\\\/www.amiblu.com\\\/pl\\\/?s={search_term_string}\"},\"query-input\":{\"@type\":\"PropertyValueSpecification\",\"valueRequired\":true,\"valueName\":\"search_term_string\"}}],\"inLanguage\":\"pl-PL\"},{\"@type\":\"Organization\",\"@id\":\"https:\\\/\\\/www.amiblu.com\\\/pl\\\/#organization\",\"name\":\"Amiblu Group\",\"url\":\"https:\\\/\\\/www.amiblu.com\\\/pl\\\/\",\"logo\":{\"@type\":\"ImageObject\",\"inLanguage\":\"pl-PL\",\"@id\":\"https:\\\/\\\/www.amiblu.com\\\/pl\\\/#\\\/schema\\\/logo\\\/image\\\/\",\"url\":\"https:\\\/\\\/www.amiblu.com\\\/wp-content\\\/uploads\\\/2021\\\/01\\\/Amiblu-logo-website-1.png\",\"contentUrl\":\"https:\\\/\\\/www.amiblu.com\\\/wp-content\\\/uploads\\\/2021\\\/01\\\/Amiblu-logo-website-1.png\",\"width\":201,\"height\":38,\"caption\":\"Amiblu Group\"},\"image\":{\"@id\":\"https:\\\/\\\/www.amiblu.com\\\/pl\\\/#\\\/schema\\\/logo\\\/image\\\/\"},\"sameAs\":[\"https:\\\/\\\/www.facebook.com\\\/amiblupipes\",\"https:\\\/\\\/www.youtube.com\\\/c\\\/Amiblu\",\"https:\\\/\\\/de.wikipedia.org\\\/wiki\\\/Amiblu\",\"https:\\\/\\\/www.linkedin.com\\\/company\\\/amiblupipes\\\/\"]}]}<\/script>\n<!-- \/ Yoast SEO Premium plugin. -->","yoast_head_json":{"title":"Firma - Amiblu","description":"Szanujmy wod\u0119 tak, jak na to zas\u0142uguje. Ze \u015bwiatowej klasy rurami i kszta\u0142tkam GRP zaprojektowanymi dla nast\u0119pnych pokole\u0144.","robots":{"index":"index","follow":"follow","max-snippet":"max-snippet:-1","max-image-preview":"max-image-preview:large","max-video-preview":"max-video-preview:-1"},"canonical":"https:\/\/www.amiblu.com\/pl\/firma\/","og_locale":"pl_PL","og_type":"article","og_title":"Firma","og_description":"Szanujmy wod\u0119 tak, jak na to zas\u0142uguje. Ze \u015bwiatowej klasy rurami i kszta\u0142tkam GRP zaprojektowanymi dla nast\u0119pnych pokole\u0144.","og_url":"https:\/\/www.amiblu.com\/pl\/firma\/","og_site_name":"Amiblu","article_publisher":"https:\/\/www.facebook.com\/amiblupipes","article_modified_time":"2023-10-05T06:02:08+00:00","og_image":[{"width":949,"height":844,"url":"https:\/\/www.amiblu.com\/wp-content\/uploads\/Amiblu-Avatar-cyan.png","type":"image\/png"}],"twitter_card":"summary_large_image","twitter_misc":{"Szacowany czas czytania":"4 minuty"},"schema":{"@context":"https:\/\/schema.org","@graph":[{"@type":"WebPage","@id":"https:\/\/www.amiblu.com\/pl\/firma\/","url":"https:\/\/www.amiblu.com\/pl\/firma\/","name":"Firma - Amiblu","isPartOf":{"@id":"https:\/\/www.amiblu.com\/pl\/#website"},"primaryImageOfPage":{"@id":"https:\/\/www.amiblu.com\/pl\/firma\/#primaryimage"},"image":{"@id":"https:\/\/www.amiblu.com\/pl\/firma\/#primaryimage"},"thumbnailUrl":"https:\/\/www.amiblu.com\/wp-content\/uploads\/Amiblu-Avatar-cyan.png","datePublished":"2023-10-02T08:44:47+00:00","dateModified":"2023-10-05T06:02:08+00:00","description":"Szanujmy wod\u0119 tak, jak na to zas\u0142uguje. Ze \u015bwiatowej klasy rurami i kszta\u0142tkam GRP zaprojektowanymi dla nast\u0119pnych pokole\u0144.","inLanguage":"pl-PL","potentialAction":[{"@type":"ReadAction","target":["https:\/\/www.amiblu.com\/pl\/firma\/"]}]},{"@type":"ImageObject","inLanguage":"pl-PL","@id":"https:\/\/www.amiblu.com\/pl\/firma\/#primaryimage","url":"https:\/\/www.amiblu.com\/wp-content\/uploads\/Amiblu-Avatar-cyan.png","contentUrl":"https:\/\/www.amiblu.com\/wp-content\/uploads\/Amiblu-Avatar-cyan.png","width":949,"height":844,"caption":"Amiblu Avatar cyan"},{"@type":"WebSite","@id":"https:\/\/www.amiblu.com\/pl\/#website","url":"https:\/\/www.amiblu.com\/pl\/","name":"Amiblu","description":"GFK-Rohrsysteme f\u00fcr Generationen","publisher":{"@id":"https:\/\/www.amiblu.com\/pl\/#organization"},"potentialAction":[{"@type":"SearchAction","target":{"@type":"EntryPoint","urlTemplate":"https:\/\/www.amiblu.com\/pl\/?s={search_term_string}"},"query-input":{"@type":"PropertyValueSpecification","valueRequired":true,"valueName":"search_term_string"}}],"inLanguage":"pl-PL"},{"@type":"Organization","@id":"https:\/\/www.amiblu.com\/pl\/#organization","name":"Amiblu Group","url":"https:\/\/www.amiblu.com\/pl\/","logo":{"@type":"ImageObject","inLanguage":"pl-PL","@id":"https:\/\/www.amiblu.com\/pl\/#\/schema\/logo\/image\/","url":"https:\/\/www.amiblu.com\/wp-content\/uploads\/2021\/01\/Amiblu-logo-website-1.png","contentUrl":"https:\/\/www.amiblu.com\/wp-content\/uploads\/2021\/01\/Amiblu-logo-website-1.png","width":201,"height":38,"caption":"Amiblu Group"},"image":{"@id":"https:\/\/www.amiblu.com\/pl\/#\/schema\/logo\/image\/"},"sameAs":["https:\/\/www.facebook.com\/amiblupipes","https:\/\/www.youtube.com\/c\/Amiblu","https:\/\/de.wikipedia.org\/wiki\/Amiblu","https:\/\/www.linkedin.com\/company\/amiblupipes\/"]}]}},"_links":{"self":[{"href":"https:\/\/www.amiblu.com\/pl\/wp-json\/wp\/v2\/pages\/60010","targetHints":{"allow":["GET"]}}],"collection":[{"href":"https:\/\/www.amiblu.com\/pl\/wp-json\/wp\/v2\/pages"}],"about":[{"href":"https:\/\/www.amiblu.com\/pl\/wp-json\/wp\/v2\/types\/page"}],"author":[{"embeddable":true,"href":"https:\/\/www.amiblu.com\/pl\/wp-json\/wp\/v2\/users\/8"}],"replies":[{"embeddable":true,"href":"https:\/\/www.amiblu.com\/pl\/wp-json\/wp\/v2\/comments?post=60010"}],"version-history":[{"count":9,"href":"https:\/\/www.amiblu.com\/pl\/wp-json\/wp\/v2\/pages\/60010\/revisions"}],"predecessor-version":[{"id":61422,"href":"https:\/\/www.amiblu.com\/pl\/wp-json\/wp\/v2\/pages\/60010\/revisions\/61422"}],"wp:featuredmedia":[{"embeddable":true,"href":"https:\/\/www.amiblu.com\/pl\/wp-json\/wp\/v2\/media\/59422"}],"wp:attachment":[{"href":"https:\/\/www.amiblu.com\/pl\/wp-json\/wp\/v2\/media?parent=60010"}],"curies":[{"name":"wp","href":"https:\/\/api.w.org\/{rel}","templated":true}]}}