{"id":60996,"date":"2024-01-11T10:11:25","date_gmt":"2024-01-11T09:11:25","guid":{"rendered":"https:\/\/www.amiblu.com\/?page_id=60996"},"modified":"2024-09-02T10:13:57","modified_gmt":"2024-09-02T08:13:57","slug":"fundusze-europejskie","status":"publish","type":"page","link":"https:\/\/www.amiblu.com\/pl\/fundusze-europejskie\/","title":{"rendered":"Fundusze Europejskie"},"content":{"rendered":"<div  class='flex_column av-srg748-87d626f51c8c1b4c42a803f7c2aa2cb0 av_two_third  avia-builder-el-0  avia-builder-el-no-sibling  first flex_column_div  '     ><p>\n<style type=\"text\/css\" data-created_by=\"avia_inline_auto\" id=\"style-css-av-vn5ijw-a6bd9f309662d18c0c5d1cfce641e901\">\n#top .av-special-heading.av-vn5ijw-a6bd9f309662d18c0c5d1cfce641e901{\npadding-bottom:10px;\n}\nbody .av-special-heading.av-vn5ijw-a6bd9f309662d18c0c5d1cfce641e901 .av-special-heading-tag .heading-char{\nfont-size:25px;\n}\n.av-special-heading.av-vn5ijw-a6bd9f309662d18c0c5d1cfce641e901 .av-subheading{\nfont-size:15px;\n}\n<\/style>\n<div  class='av-special-heading av-vn5ijw-a6bd9f309662d18c0c5d1cfce641e901 av-special-heading-h1 blockquote modern-quote  avia-builder-el-1  el_before_av_partner  avia-builder-el-first '><h1 class='av-special-heading-tag '  itemprop=\"headline\"  >Fundusze Europejskie<\/h1><div class=\"special-heading-border\"><div class=\"special-heading-inner-border\"><\/div><\/div><\/div><br \/>\n<div  class='avia-logo-element-container av-lr8yxqfd-f040924abeb700643f05e15dc81138b7 av-border-deactivate avia-logo-slider avia-content-slider avia-smallarrow-slider avia-content-slider-active noHover avia-content-slider-odd  avia-builder-el-2  el_after_av_heading  el_before_av_textblock  av-slideshow-ui av-control-default av-nav-arrows-visible av-nav-dots-visible av-no-slider-navigation av-slideshow-manual av-loop-once av-loop-manual-endless avia-content-slider1' data-slideshow-options=\"{&quot;animation&quot;:&quot;slide&quot;,&quot;autoplay&quot;:false,&quot;loop_autoplay&quot;:&quot;once&quot;,&quot;interval&quot;:5,&quot;loop_manual&quot;:&quot;manual-endless&quot;,&quot;autoplay_stopper&quot;:false,&quot;noNavigation&quot;:false,&quot;bg_slider&quot;:false,&quot;keep_padding&quot;:&quot;&quot;,&quot;hoverpause&quot;:false,&quot;show_slide_delay&quot;:0}\"><div class='avia-smallarrow-slider-heading  no-logo-slider-heading '><div class='new-special-heading'>&nbsp;<\/div><\/div><div class=\"avia-content-slider-inner\"><div class=\"slide-entry-wrap\"><div  class='slide-entry av-2afuvd0-786a80e3ee941cbdd9cb0ccf1e7a7f80 flex_column no_margin av_one_third real-thumbnail post-entry slide-entry-overview slide-loop-1 slide-parity-odd  first'><span class='av-partner-fake-img' style='padding-bottom:30%; background-image:url(https:\/\/www.amiblu.com\/wp-content\/uploads\/Logo-Fundusze-Europejskie-dla-Nowoczesnej-Gospodarki.png);'><\/span><\/div><div  class='slide-entry av-1k6ky78-ca52a84f8e646dfec8d6767530b6a105 flex_column no_margin av_one_third real-thumbnail post-entry slide-entry-overview slide-loop-2 slide-parity-even  '><span class='av-partner-fake-img' style='padding-bottom:30%; background-image:url(https:\/\/www.amiblu.com\/wp-content\/uploads\/Logo-Rzeczpospolita-Polska.png);'><\/span><\/div><div  class='slide-entry av-1c58a78-0012467ff220eeaeced3b956d4a6c4bc flex_column no_margin av_one_third real-thumbnail post-entry slide-entry-overview slide-loop-3 slide-parity-odd post-entry-last '><span class='av-partner-fake-img' style='padding-bottom:30%; background-image:url(https:\/\/www.amiblu.com\/wp-content\/uploads\/Logo-UE.png);'><\/span><\/div><\/div><\/div><\/div><br \/>\n\n<style type=\"text\/css\" data-created_by=\"avia_inline_auto\" id=\"style-css-av-kkxz29by-8cc0e8c6485504ba9b146aea22da92eb\">\n#top .av_textblock_section.av-kkxz29by-8cc0e8c6485504ba9b146aea22da92eb .avia_textblock{\nfont-size:18px;\n}\n<\/style>\n<section  class='av_textblock_section av-kkxz29by-8cc0e8c6485504ba9b146aea22da92eb '   itemscope=\"itemscope\" itemtype=\"https:\/\/schema.org\/CreativeWork\" ><div class='avia_textblock'  itemprop=\"text\" ><p>Firma Amiblu Poland Sp\u00f3\u0142ka z ograniczon\u0105 odpowiedzialno\u015bci\u0105 realizuje projekt pt. <strong>\u201eOptymalizacja efektywno\u015bci energetycznej zak\u0142adu Amiblu Poland Sp. z o.o. poprzez modernizacj\u0119 infrastruktury technologicznej firmy i monta\u017c instalacji fotowoltaicznej\u201d<\/strong> nr FENG.03.01-IP.03-0130\/23 w ramach Dzia\u0142ania 3.01 Kredyt ekologiczny Programu Fundusze Europejskie dla Nowoczesnej Gospodarki 2021-2027 wsp\u00f3\u0142finansowanego ze \u015brodk\u00f3w Europejskiego Funduszu Rozwoju Regionalnego.<\/p>\n<p><strong>Cel projektu:<\/strong><\/p>\n<p>Amiblu Poland Sp. z o. o. planuje przeprowadzenie inwestycji ekologicznej, celem optymalizacji energetycznej zak\u0142adu produkcyjnego i rozszerzenia mo\u017cliwo\u015bci produkcyjnych firmy o produkcje seryjn\u0105 rozwi\u0105za\u0144 systemowych GPR.<\/p>\n<p><strong>W ramach realizacji projektu zaplanowano dzia\u0142ania inwestycyjne:<\/strong><\/p>\n<ul>\n<li>zakup nowego i wydajnego agregatu wody lodowej i zast\u0105pienie nim przestarza\u0142ego i generuj\u0105cego wysokie zu\u017cycie energii elektrycznej agregatu wody lodowej M.T.A. SRL model TAE 301<\/li>\n<li>zakup nowej i efektywnej energetycznie spr\u0119\u017carki i zast\u0105pienie ni\u0105 nieergonomicznych spr\u0119\u017carek Atlas Copco GA 55 oraz GA 55VSD<\/li>\n<li>monta\u017c instalacji fotowoltaicznej o mocy 96,75 kWp wytwarzaj\u0105cej energi\u0119 elektryczn\u0105 na potrzeby w\u0142asne zak\u0142adu<\/li>\n<\/ul>\n<p>Zakupiona infrastruktura technologiczna zostanie osadzona w ramach dw\u00f3ch obiekt\u00f3w znajduj\u0105cych si\u0119 na terenie zak\u0142adu produkcyjnego Amiblu Poland Sp. z o. o. zlokalizowanego w D\u0105browie G\u00f3rniczej na ul. Koksowniczej 11. Nowy agregat zostanie zainstalowany w obiekcie pe\u0142ni\u0105cym funkcj\u0119 budynku g\u0142\u00f3wnego i rozbudowanego magazynu. Spr\u0119\u017carka zostanie osadzona w nowej hali kszta\u0142tek. Instalacja fotowoltaiczna zlokalizowana zostanie na dachach p\u0142askich obu ww. obiekt\u00f3w.<\/p>\n<p><strong>Planowane efekty i rezultaty:<\/strong><\/p>\n<p>Planowana do przeprowadzenia modernizacja zasob\u00f3w technicznych firmy, zapewni oszcz\u0119dno\u015b\u0107 energii elektrycznej, wynikaj\u0105cej z zast\u0105pienia przestarza\u0142ej technologii, nowymi i wydajnymi rozwi\u0105zaniami technologicznymi. Monta\u017c instalacji fotowoltaicznej o mocy 96,75 kWp, spowoduje zwi\u0119kszenie wydajno\u015bci zak\u0142adu oraz zwi\u0119kszenie jego efektywno\u015bci energetycznej. Rezultatem zaplanowanych dzia\u0142a\u0144 b\u0119dzie r\u00f3wnie\u017c efekt ekologiczny w postaci redukcji CO2. Wnioskodawca ubiega si\u0119 o pomoc inwestycyjn\u0105 na \u015brodki wspieraj\u0105ce efektywno\u015b\u0107 energetyczn\u0105 i pomoc na propagowanie energii ze \u017ar\u00f3de\u0142 odnawialnych.<\/p>\n<p><strong>Warto\u015b\u0107 projektu (ca\u0142kowity koszt projektu): 913 340,97 PLN<\/strong><\/p>\n<p><strong>Wk\u0142ad Funduszy Europejskich: 307 881,07 PLN<\/strong><\/p>\n<p><strong>#FunduszeUE<\/strong><\/p>\n<p><strong>#FunduszeEuropejskie<\/strong><\/p>\n<\/div><\/section><\/p><\/div>\n","protected":false},"excerpt":{"rendered":"","protected":false},"author":8,"featured_media":61007,"parent":0,"menu_order":200,"comment_status":"closed","ping_status":"closed","template":"","meta":{"_acf_changed":false,"footnotes":""},"class_list":["post-60996","page","type-page","status-publish","has-post-thumbnail","hentry"],"acf":[],"yoast_head":"<!-- This site is optimized with the Yoast SEO Premium plugin v27.3 (Yoast SEO v27.4) - https:\/\/yoast.com\/product\/yoast-seo-premium-wordpress\/ -->\n<title>Fundusze Europejskie - Amiblu Poland<\/title>\n<meta name=\"description\" content=\"Przy wsparciu Funduszy Europejskich Amiblu Poland wdro\u017cy projekt oszcz\u0119dno\u015bci energii: modernizacj\u0119 infrastruktury i instalacj\u0119 systemu fotowoltaicznego.\" \/>\n<meta name=\"robots\" content=\"index, follow, max-snippet:-1, max-image-preview:large, max-video-preview:-1\" \/>\n<link rel=\"canonical\" href=\"https:\/\/www.amiblu.com\/pl\/fundusze-europejskie\/\" \/>\n<meta property=\"og:locale\" content=\"pl_PL\" \/>\n<meta property=\"og:type\" content=\"article\" \/>\n<meta property=\"og:title\" content=\"Fundusze Europejskie\" \/>\n<meta property=\"og:description\" content=\"Przy wsparciu Funduszy Europejskich Amiblu Poland wdro\u017cy projekt oszcz\u0119dno\u015bci energii: modernizacj\u0119 infrastruktury i instalacj\u0119 systemu fotowoltaicznego.\" \/>\n<meta property=\"og:url\" content=\"https:\/\/www.amiblu.com\/pl\/fundusze-europejskie\/\" \/>\n<meta property=\"og:site_name\" content=\"Amiblu\" \/>\n<meta property=\"article:publisher\" content=\"https:\/\/www.facebook.com\/amiblupipes\" \/>\n<meta property=\"article:modified_time\" content=\"2024-09-02T08:13:57+00:00\" \/>\n<meta property=\"og:image\" content=\"https:\/\/www.amiblu.com\/wp-content\/uploads\/Logo-UE.png\" \/>\n\t<meta property=\"og:image:width\" content=\"500\" \/>\n\t<meta property=\"og:image:height\" content=\"150\" \/>\n\t<meta property=\"og:image:type\" content=\"image\/png\" \/>\n<meta name=\"twitter:card\" content=\"summary_large_image\" \/>\n<meta name=\"twitter:label1\" content=\"Szacowany czas czytania\" \/>\n\t<meta name=\"twitter:data1\" content=\"2 minuty\" \/>\n<script type=\"application\/ld+json\" class=\"yoast-schema-graph\">{\"@context\":\"https:\\\/\\\/schema.org\",\"@graph\":[{\"@type\":\"WebPage\",\"@id\":\"https:\\\/\\\/www.amiblu.com\\\/pl\\\/fundusze-europejskie\\\/\",\"url\":\"https:\\\/\\\/www.amiblu.com\\\/pl\\\/fundusze-europejskie\\\/\",\"name\":\"Fundusze Europejskie - Amiblu Poland\",\"isPartOf\":{\"@id\":\"https:\\\/\\\/www.amiblu.com\\\/pl\\\/#website\"},\"primaryImageOfPage\":{\"@id\":\"https:\\\/\\\/www.amiblu.com\\\/pl\\\/fundusze-europejskie\\\/#primaryimage\"},\"image\":{\"@id\":\"https:\\\/\\\/www.amiblu.com\\\/pl\\\/fundusze-europejskie\\\/#primaryimage\"},\"thumbnailUrl\":\"https:\\\/\\\/www.amiblu.com\\\/wp-content\\\/uploads\\\/Logo-UE.png\",\"datePublished\":\"2024-01-11T09:11:25+00:00\",\"dateModified\":\"2024-09-02T08:13:57+00:00\",\"description\":\"Przy wsparciu Funduszy Europejskich Amiblu Poland wdro\u017cy projekt oszcz\u0119dno\u015bci energii: modernizacj\u0119 infrastruktury i instalacj\u0119 systemu fotowoltaicznego.\",\"inLanguage\":\"pl-PL\",\"potentialAction\":[{\"@type\":\"ReadAction\",\"target\":[\"https:\\\/\\\/www.amiblu.com\\\/pl\\\/fundusze-europejskie\\\/\"]}]},{\"@type\":\"ImageObject\",\"inLanguage\":\"pl-PL\",\"@id\":\"https:\\\/\\\/www.amiblu.com\\\/pl\\\/fundusze-europejskie\\\/#primaryimage\",\"url\":\"https:\\\/\\\/www.amiblu.com\\\/wp-content\\\/uploads\\\/Logo-UE.png\",\"contentUrl\":\"https:\\\/\\\/www.amiblu.com\\\/wp-content\\\/uploads\\\/Logo-UE.png\",\"width\":500,\"height\":150,\"caption\":\"Logo dofinansowane przez UE\"},{\"@type\":\"WebSite\",\"@id\":\"https:\\\/\\\/www.amiblu.com\\\/pl\\\/#website\",\"url\":\"https:\\\/\\\/www.amiblu.com\\\/pl\\\/\",\"name\":\"Amiblu\",\"description\":\"GFK-Rohrsysteme f\u00fcr Generationen\",\"publisher\":{\"@id\":\"https:\\\/\\\/www.amiblu.com\\\/pl\\\/#organization\"},\"potentialAction\":[{\"@type\":\"SearchAction\",\"target\":{\"@type\":\"EntryPoint\",\"urlTemplate\":\"https:\\\/\\\/www.amiblu.com\\\/pl\\\/?s={search_term_string}\"},\"query-input\":{\"@type\":\"PropertyValueSpecification\",\"valueRequired\":true,\"valueName\":\"search_term_string\"}}],\"inLanguage\":\"pl-PL\"},{\"@type\":\"Organization\",\"@id\":\"https:\\\/\\\/www.amiblu.com\\\/pl\\\/#organization\",\"name\":\"Amiblu Group\",\"url\":\"https:\\\/\\\/www.amiblu.com\\\/pl\\\/\",\"logo\":{\"@type\":\"ImageObject\",\"inLanguage\":\"pl-PL\",\"@id\":\"https:\\\/\\\/www.amiblu.com\\\/pl\\\/#\\\/schema\\\/logo\\\/image\\\/\",\"url\":\"https:\\\/\\\/www.amiblu.com\\\/wp-content\\\/uploads\\\/2021\\\/01\\\/Amiblu-logo-website-1.png\",\"contentUrl\":\"https:\\\/\\\/www.amiblu.com\\\/wp-content\\\/uploads\\\/2021\\\/01\\\/Amiblu-logo-website-1.png\",\"width\":201,\"height\":38,\"caption\":\"Amiblu Group\"},\"image\":{\"@id\":\"https:\\\/\\\/www.amiblu.com\\\/pl\\\/#\\\/schema\\\/logo\\\/image\\\/\"},\"sameAs\":[\"https:\\\/\\\/www.facebook.com\\\/amiblupipes\",\"https:\\\/\\\/www.youtube.com\\\/c\\\/Amiblu\",\"https:\\\/\\\/de.wikipedia.org\\\/wiki\\\/Amiblu\",\"https:\\\/\\\/www.linkedin.com\\\/company\\\/amiblupipes\\\/\"]}]}<\/script>\n<!-- \/ Yoast SEO Premium plugin. -->","yoast_head_json":{"title":"Fundusze Europejskie - Amiblu Poland","description":"Przy wsparciu Funduszy Europejskich Amiblu Poland wdro\u017cy projekt oszcz\u0119dno\u015bci energii: modernizacj\u0119 infrastruktury i instalacj\u0119 systemu fotowoltaicznego.","robots":{"index":"index","follow":"follow","max-snippet":"max-snippet:-1","max-image-preview":"max-image-preview:large","max-video-preview":"max-video-preview:-1"},"canonical":"https:\/\/www.amiblu.com\/pl\/fundusze-europejskie\/","og_locale":"pl_PL","og_type":"article","og_title":"Fundusze Europejskie","og_description":"Przy wsparciu Funduszy Europejskich Amiblu Poland wdro\u017cy projekt oszcz\u0119dno\u015bci energii: modernizacj\u0119 infrastruktury i instalacj\u0119 systemu fotowoltaicznego.","og_url":"https:\/\/www.amiblu.com\/pl\/fundusze-europejskie\/","og_site_name":"Amiblu","article_publisher":"https:\/\/www.facebook.com\/amiblupipes","article_modified_time":"2024-09-02T08:13:57+00:00","og_image":[{"width":500,"height":150,"url":"https:\/\/www.amiblu.com\/wp-content\/uploads\/Logo-UE.png","type":"image\/png"}],"twitter_card":"summary_large_image","twitter_misc":{"Szacowany czas czytania":"2 minuty"},"schema":{"@context":"https:\/\/schema.org","@graph":[{"@type":"WebPage","@id":"https:\/\/www.amiblu.com\/pl\/fundusze-europejskie\/","url":"https:\/\/www.amiblu.com\/pl\/fundusze-europejskie\/","name":"Fundusze Europejskie - Amiblu Poland","isPartOf":{"@id":"https:\/\/www.amiblu.com\/pl\/#website"},"primaryImageOfPage":{"@id":"https:\/\/www.amiblu.com\/pl\/fundusze-europejskie\/#primaryimage"},"image":{"@id":"https:\/\/www.amiblu.com\/pl\/fundusze-europejskie\/#primaryimage"},"thumbnailUrl":"https:\/\/www.amiblu.com\/wp-content\/uploads\/Logo-UE.png","datePublished":"2024-01-11T09:11:25+00:00","dateModified":"2024-09-02T08:13:57+00:00","description":"Przy wsparciu Funduszy Europejskich Amiblu Poland wdro\u017cy projekt oszcz\u0119dno\u015bci energii: modernizacj\u0119 infrastruktury i instalacj\u0119 systemu fotowoltaicznego.","inLanguage":"pl-PL","potentialAction":[{"@type":"ReadAction","target":["https:\/\/www.amiblu.com\/pl\/fundusze-europejskie\/"]}]},{"@type":"ImageObject","inLanguage":"pl-PL","@id":"https:\/\/www.amiblu.com\/pl\/fundusze-europejskie\/#primaryimage","url":"https:\/\/www.amiblu.com\/wp-content\/uploads\/Logo-UE.png","contentUrl":"https:\/\/www.amiblu.com\/wp-content\/uploads\/Logo-UE.png","width":500,"height":150,"caption":"Logo dofinansowane przez UE"},{"@type":"WebSite","@id":"https:\/\/www.amiblu.com\/pl\/#website","url":"https:\/\/www.amiblu.com\/pl\/","name":"Amiblu","description":"GFK-Rohrsysteme f\u00fcr Generationen","publisher":{"@id":"https:\/\/www.amiblu.com\/pl\/#organization"},"potentialAction":[{"@type":"SearchAction","target":{"@type":"EntryPoint","urlTemplate":"https:\/\/www.amiblu.com\/pl\/?s={search_term_string}"},"query-input":{"@type":"PropertyValueSpecification","valueRequired":true,"valueName":"search_term_string"}}],"inLanguage":"pl-PL"},{"@type":"Organization","@id":"https:\/\/www.amiblu.com\/pl\/#organization","name":"Amiblu Group","url":"https:\/\/www.amiblu.com\/pl\/","logo":{"@type":"ImageObject","inLanguage":"pl-PL","@id":"https:\/\/www.amiblu.com\/pl\/#\/schema\/logo\/image\/","url":"https:\/\/www.amiblu.com\/wp-content\/uploads\/2021\/01\/Amiblu-logo-website-1.png","contentUrl":"https:\/\/www.amiblu.com\/wp-content\/uploads\/2021\/01\/Amiblu-logo-website-1.png","width":201,"height":38,"caption":"Amiblu Group"},"image":{"@id":"https:\/\/www.amiblu.com\/pl\/#\/schema\/logo\/image\/"},"sameAs":["https:\/\/www.facebook.com\/amiblupipes","https:\/\/www.youtube.com\/c\/Amiblu","https:\/\/de.wikipedia.org\/wiki\/Amiblu","https:\/\/www.linkedin.com\/company\/amiblupipes\/"]}]}},"_links":{"self":[{"href":"https:\/\/www.amiblu.com\/pl\/wp-json\/wp\/v2\/pages\/60996","targetHints":{"allow":["GET"]}}],"collection":[{"href":"https:\/\/www.amiblu.com\/pl\/wp-json\/wp\/v2\/pages"}],"about":[{"href":"https:\/\/www.amiblu.com\/pl\/wp-json\/wp\/v2\/types\/page"}],"author":[{"embeddable":true,"href":"https:\/\/www.amiblu.com\/pl\/wp-json\/wp\/v2\/users\/8"}],"replies":[{"embeddable":true,"href":"https:\/\/www.amiblu.com\/pl\/wp-json\/wp\/v2\/comments?post=60996"}],"version-history":[{"count":41,"href":"https:\/\/www.amiblu.com\/pl\/wp-json\/wp\/v2\/pages\/60996\/revisions"}],"predecessor-version":[{"id":66128,"href":"https:\/\/www.amiblu.com\/pl\/wp-json\/wp\/v2\/pages\/60996\/revisions\/66128"}],"wp:featuredmedia":[{"embeddable":true,"href":"https:\/\/www.amiblu.com\/pl\/wp-json\/wp\/v2\/media\/61007"}],"wp:attachment":[{"href":"https:\/\/www.amiblu.com\/pl\/wp-json\/wp\/v2\/media?parent=60996"}],"curies":[{"name":"wp","href":"https:\/\/api.w.org\/{rel}","templated":true}]}}